{"id":2971,"date":"2025-04-15T08:46:06","date_gmt":"2025-04-15T08:46:06","guid":{"rendered":"https:\/\/xenonkungen.com\/product\/luxtar-premium-canbus-hb4-lampa-9006\/"},"modified":"2026-04-24T16:47:19","modified_gmt":"2026-04-24T15:47:19","slug":"luxtar-premium-canbus-hb4-lamppu-9006","status":"publish","type":"product","link":"https:\/\/xenonkungen.com\/fi\/tuote\/luxtar-premium-canbus-hb4-lamppu-9006\/","title":{"rendered":"LUXTAR\u00ae Premium Canbus HB4 -valaisin \/9006"},"content":{"rendered":"<p>Uusi Luxtar Premium Canbus HB4 on t\u00e4\u00e4ll\u00e4!<\/p>\n<p>T\u00e4m\u00e4 on uusin tuotteemme niille, jotka haluavat parantaa ajoneuvonsa l\u00e4hi-\/kaukovaloja. Sopii henkil\u00f6autoihin, moottoripy\u00f6riin ja kuorma-autoihin.<\/p>\n<p>Tehokas LED-siru, jonka suorituskyky on suurempi kuin ksenonlamppujen. Yleens\u00e4 hyv\u00e4 ksenonlamppu tuottaa noin 3200 lumenia, kun taas t\u00e4m\u00e4 lamppu loistaa t\u00e4ydell\u00e4 3400 lumenilla.<\/p>\n<p>K\u00e4sitell\u00e4\u00e4n jopa kaikkein vaikeimpia autoja, joissa on eritt\u00e4in alhaiset toleranssirajat Canbus-j\u00e4rjestelm\u00e4ss\u00e4, Tex, BMW, Mercedes, Volkswagen ja muut. Valaisin on tietenkin monivoltti, sopii useimpiin ajoneuvoihin, joissa on 9-45V j\u00e4rjestelm\u00e4.<\/p>\n<p><strong>Hyv\u00e4 tiet\u00e4\u00e4<\/strong><\/p>\n<p>Toimii napaisuudesta riippumatta sis\u00e4\u00e4nrakennetun ohjaimen ansiosta, joka varmistaa, ett\u00e4 lamppu ei ole herkk\u00e4 virtapiikeille tai vastaaville.<\/p>","protected":false},"excerpt":{"rendered":"<p>LUXTAR\u00ae Premium Canbus HB4 -valaisin \/9006 on kirkas LED-p\u00e4ivitys HB4\/9006-kaukovalaisimiin.<br \/>\n<b>Valon m\u00e4\u00e4r\u00e4:<\/b> 3400 lumenia<br \/>\n<b>Vaikutus (todellinen):<\/b> 52W<br \/>\n<b>Canbus-varma:<\/b> Kyll\u00e4<\/p>\n<p>Lampun kanta: HB4\/9006<\/p>","protected":false},"featured_media":2972,"comment_status":"closed","ping_status":"closed","template":"","meta":{"_acf_changed":false,"_smort_price_nok":"1276","_smort_price_dkk":"811","_smort_price_eur":"108.63","_smort_sale_price_nok":"","_smort_sale_price_dkk":"","_smort_sale_price_eur":"","smort_restorder":"","shipmondo_restorder":"","_kad_blocks_custom_css":"","_kad_blocks_head_custom_js":"","_kad_blocks_body_custom_js":"","_kad_blocks_footer_custom_js":"","smort_custom_pricelist_1":"764.8","smort_custom_pricelist_2":"669.2","smort_custom_pricelist_3":"635.74","smort_custom_pricelist_4":"956","smort_custom_pricelist_5":"669.2"},"anvandningsomrade":[],"bilmarken":[],"product_brand":[103],"product_cat":[2451,2826,733],"product_tag":[],"class_list":{"0":"post-2971","1":"product","2":"type-product","3":"status-publish","4":"has-post-thumbnail","6":"product_brand-luxtar","7":"product_cat-led-konvertering","8":"product_cat-luxtar","9":"product_cat-halvljus-helljus","10":"pa_fargtemperatur-6000k","11":"pa_fuktskydd-varde-ipxx-ip68","12":"pa_godkannande-ip68-rohs-ce","13":"pa_lampsockel-kontakt-hb4-9006","14":"pa_volt-v-12-24","16":"first","17":"instock","18":"taxable","19":"shipping-taxable","20":"purchasable","21":"product-type-simple"},"bundled_by":[],"bundle_stock_status":"instock","bundle_stock_quantity":56,"bundle_virtual":false,"bundle_layout":"","bundle_add_to_cart_form_location":"","bundle_editable_in_cart":false,"bundle_sold_individually_context":"","bundle_item_grouping":"","bundle_min_size":"","bundle_max_size":"","bundle_price":[],"bundled_items":[],"bundle_sell_ids":[],"acf":[],"yoast_head":"<!-- This site is optimized with the Yoast SEO plugin v27.0 - https:\/\/yoast.com\/product\/yoast-seo-wordpress\/ -->\n<title>LUXTAR\u00ae Premium Canbus HB4 Lampa \/9006 - Xenonkungen<\/title>\n<meta name=\"robots\" content=\"index, follow, max-snippet:-1, max-image-preview:large, max-video-preview:-1\" \/>\n<link rel=\"canonical\" href=\"https:\/\/xenonkungen.com\/fi\/tuote\/luxtar-premium-canbus-hb4-lamppu-9006\/\" \/>\n<meta property=\"og:locale\" content=\"fi_FI\" \/>\n<meta property=\"og:type\" content=\"article\" \/>\n<meta property=\"og:title\" content=\"LUXTAR\u00ae Premium Canbus HB4 Lampa \/9006 - Xenonkungen\" \/>\n<meta property=\"og:description\" content=\"LUXTAR\u00ae Premium Canbus HB4 Lampa \/9006 \u00e4r en ljusstark LED uppgradering f\u00f6r HB4\/9006 helljus str\u00e5lkastare. Ljusm\u00e4ngd: 3400 Lumen Effekt(Real): 52W Canbus-s\u00e4ker: Ja  Lampsockel: HB4\/9006\" \/>\n<meta property=\"og:url\" content=\"https:\/\/xenonkungen.com\/fi\/tuote\/luxtar-premium-canbus-hb4-lamppu-9006\/\" \/>\n<meta property=\"og:site_name\" content=\"Xenonkungen\" \/>\n<meta property=\"article:modified_time\" content=\"2026-04-24T15:47:19+00:00\" \/>\n<meta property=\"og:image\" content=\"https:\/\/xenonkungen.com\/wp-content\/uploads\/2025\/04\/209689755-origpic-b847c7.png\" \/>\n\t<meta property=\"og:image:width\" content=\"1000\" \/>\n\t<meta property=\"og:image:height\" content=\"1000\" \/>\n\t<meta property=\"og:image:type\" content=\"image\/png\" \/>\n<meta name=\"twitter:card\" content=\"summary_large_image\" \/>\n<meta name=\"twitter:label1\" content=\"Arvioitu lukuaika\" \/>\n\t<meta name=\"twitter:data1\" content=\"1 minuutti\" \/>\n<script type=\"application\/ld+json\" class=\"yoast-schema-graph\">{\"@context\":\"https:\/\/schema.org\",\"@graph\":[{\"@type\":\"WebPage\",\"@id\":\"https:\/\/xenonkungen.com\/produkt\/luxtar-premium-canbus-hb4-lampa-9006\/\",\"url\":\"https:\/\/xenonkungen.com\/produkt\/luxtar-premium-canbus-hb4-lampa-9006\/\",\"name\":\"LUXTAR\u00ae Premium Canbus HB4 Lampa \/9006 - Xenonkungen\",\"isPartOf\":{\"@id\":\"https:\/\/xenonkungen.com\/#website\"},\"primaryImageOfPage\":{\"@id\":\"https:\/\/xenonkungen.com\/produkt\/luxtar-premium-canbus-hb4-lampa-9006\/#primaryimage\"},\"image\":{\"@id\":\"https:\/\/xenonkungen.com\/produkt\/luxtar-premium-canbus-hb4-lampa-9006\/#primaryimage\"},\"thumbnailUrl\":\"https:\/\/xenonkungen.com\/wp-content\/uploads\/2025\/04\/209689755-origpic-b847c7.png\",\"datePublished\":\"2025-04-15T08:46:06+00:00\",\"dateModified\":\"2026-04-24T15:47:19+00:00\",\"breadcrumb\":{\"@id\":\"https:\/\/xenonkungen.com\/produkt\/luxtar-premium-canbus-hb4-lampa-9006\/#breadcrumb\"},\"inLanguage\":\"fi\",\"potentialAction\":[{\"@type\":\"ReadAction\",\"target\":[\"https:\/\/xenonkungen.com\/produkt\/luxtar-premium-canbus-hb4-lampa-9006\/\"]}]},{\"@type\":\"ImageObject\",\"inLanguage\":\"fi\",\"@id\":\"https:\/\/xenonkungen.com\/produkt\/luxtar-premium-canbus-hb4-lampa-9006\/#primaryimage\",\"url\":\"https:\/\/xenonkungen.com\/wp-content\/uploads\/2025\/04\/209689755-origpic-b847c7.png\",\"contentUrl\":\"https:\/\/xenonkungen.com\/wp-content\/uploads\/2025\/04\/209689755-origpic-b847c7.png\",\"width\":1000,\"height\":1000},{\"@type\":\"BreadcrumbList\",\"@id\":\"https:\/\/xenonkungen.com\/produkt\/luxtar-premium-canbus-hb4-lampa-9006\/#breadcrumb\",\"itemListElement\":[{\"@type\":\"ListItem\",\"position\":1,\"name\":\"Hem\",\"item\":\"https:\/\/xenonkungen.com\/\"},{\"@type\":\"ListItem\",\"position\":2,\"name\":\"Shop\",\"item\":\"https:\/\/xenonkungen.com\/shop\/\"},{\"@type\":\"ListItem\",\"position\":3,\"name\":\"LUXTAR\u00ae Premium Canbus HB4 Lampa \/9006\"}]},{\"@type\":\"WebSite\",\"@id\":\"https:\/\/xenonkungen.com\/#website\",\"url\":\"https:\/\/xenonkungen.com\/\",\"name\":\"Xenonkungen\",\"description\":\"\",\"potentialAction\":[{\"@type\":\"SearchAction\",\"target\":{\"@type\":\"EntryPoint\",\"urlTemplate\":\"https:\/\/xenonkungen.com\/?s={search_term_string}\"},\"query-input\":{\"@type\":\"PropertyValueSpecification\",\"valueRequired\":true,\"valueName\":\"search_term_string\"}}],\"inLanguage\":\"fi\"}]}<\/script>\n<!-- \/ Yoast SEO plugin. -->","yoast_head_json":{"title":"LUXTAR\u00ae Premium Canbus HB4 -lamppu \/9006 - Xenon-kuningas","robots":{"index":"index","follow":"follow","max-snippet":"max-snippet:-1","max-image-preview":"max-image-preview:large","max-video-preview":"max-video-preview:-1"},"canonical":"https:\/\/xenonkungen.com\/fi\/tuote\/luxtar-premium-canbus-hb4-lamppu-9006\/","og_locale":"fi_FI","og_type":"article","og_title":"LUXTAR\u00ae Premium Canbus HB4 Lampa \/9006 - Xenonkungen","og_description":"LUXTAR\u00ae Premium Canbus HB4 Lampa \/9006 \u00e4r en ljusstark LED uppgradering f\u00f6r HB4\/9006 helljus str\u00e5lkastare. Ljusm\u00e4ngd: 3400 Lumen Effekt(Real): 52W Canbus-s\u00e4ker: Ja  Lampsockel: HB4\/9006","og_url":"https:\/\/xenonkungen.com\/fi\/tuote\/luxtar-premium-canbus-hb4-lamppu-9006\/","og_site_name":"Xenonkungen","article_modified_time":"2026-04-24T15:47:19+00:00","og_image":[{"width":1000,"height":1000,"url":"https:\/\/xenonkungen.com\/wp-content\/uploads\/2025\/04\/209689755-origpic-b847c7.png","type":"image\/png"}],"twitter_card":"summary_large_image","twitter_misc":{"Arvioitu lukuaika":"1 minuutti"},"schema":{"@context":"https:\/\/schema.org","@graph":[{"@type":"WebPage","@id":"https:\/\/xenonkungen.com\/produkt\/luxtar-premium-canbus-hb4-lampa-9006\/","url":"https:\/\/xenonkungen.com\/produkt\/luxtar-premium-canbus-hb4-lampa-9006\/","name":"LUXTAR\u00ae Premium Canbus HB4 -lamppu \/9006 - Xenon-kuningas","isPartOf":{"@id":"https:\/\/xenonkungen.com\/#website"},"primaryImageOfPage":{"@id":"https:\/\/xenonkungen.com\/produkt\/luxtar-premium-canbus-hb4-lampa-9006\/#primaryimage"},"image":{"@id":"https:\/\/xenonkungen.com\/produkt\/luxtar-premium-canbus-hb4-lampa-9006\/#primaryimage"},"thumbnailUrl":"https:\/\/xenonkungen.com\/wp-content\/uploads\/2025\/04\/209689755-origpic-b847c7.png","datePublished":"2025-04-15T08:46:06+00:00","dateModified":"2026-04-24T15:47:19+00:00","breadcrumb":{"@id":"https:\/\/xenonkungen.com\/produkt\/luxtar-premium-canbus-hb4-lampa-9006\/#breadcrumb"},"inLanguage":"fi","potentialAction":[{"@type":"ReadAction","target":["https:\/\/xenonkungen.com\/produkt\/luxtar-premium-canbus-hb4-lampa-9006\/"]}]},{"@type":"ImageObject","inLanguage":"fi","@id":"https:\/\/xenonkungen.com\/produkt\/luxtar-premium-canbus-hb4-lampa-9006\/#primaryimage","url":"https:\/\/xenonkungen.com\/wp-content\/uploads\/2025\/04\/209689755-origpic-b847c7.png","contentUrl":"https:\/\/xenonkungen.com\/wp-content\/uploads\/2025\/04\/209689755-origpic-b847c7.png","width":1000,"height":1000},{"@type":"BreadcrumbList","@id":"https:\/\/xenonkungen.com\/produkt\/luxtar-premium-canbus-hb4-lampa-9006\/#breadcrumb","itemListElement":[{"@type":"ListItem","position":1,"name":"Hem","item":"https:\/\/xenonkungen.com\/"},{"@type":"ListItem","position":2,"name":"Shop","item":"https:\/\/xenonkungen.com\/shop\/"},{"@type":"ListItem","position":3,"name":"LUXTAR\u00ae Premium Canbus HB4 Lampa \/9006"}]},{"@type":"WebSite","@id":"https:\/\/xenonkungen.com\/#website","url":"https:\/\/xenonkungen.com\/","name":"Xenonkungen","description":"","potentialAction":[{"@type":"SearchAction","target":{"@type":"EntryPoint","urlTemplate":"https:\/\/xenonkungen.com\/?s={search_term_string}"},"query-input":{"@type":"PropertyValueSpecification","valueRequired":true,"valueName":"search_term_string"}}],"inLanguage":"fi"}]}},"taxonomy_info":{"product_brand":[{"value":103,"label":"LUXTAR"}],"product_cat":[{"value":2451,"label":"Led-konvertering"},{"value":2826,"label":"LUXTAR"},{"value":733,"label":"Halvljus \/ Helljus"}],"pa_fargtemperatur":[{"value":188,"label":"6000K"}],"pa_fuktskydd-varde-ipxx":[{"value":177,"label":"IP68"}],"pa_godkannande":[{"value":975,"label":"IP68 RoHS CE"}],"pa_lampsockel-kontakt":[{"value":328,"label":"HB4 , 9006"}],"pa_volt-v":[{"value":348,"label":"12, 24"}]},"featured_image_src_large":["https:\/\/xenonkungen.com\/wp-content\/uploads\/2025\/04\/209689755-origpic-b847c7.png",1000,1000,false],"author_info":[],"comment_info":0,"_links":{"self":[{"href":"https:\/\/xenonkungen.com\/fi\/wp-json\/wp\/v2\/product\/2971","targetHints":{"allow":["GET"]}}],"collection":[{"href":"https:\/\/xenonkungen.com\/fi\/wp-json\/wp\/v2\/product"}],"about":[{"href":"https:\/\/xenonkungen.com\/fi\/wp-json\/wp\/v2\/types\/product"}],"replies":[{"embeddable":true,"href":"https:\/\/xenonkungen.com\/fi\/wp-json\/wp\/v2\/comments?post=2971"}],"wp:featuredmedia":[{"embeddable":true,"href":"https:\/\/xenonkungen.com\/fi\/wp-json\/wp\/v2\/media\/2972"}],"wp:attachment":[{"href":"https:\/\/xenonkungen.com\/fi\/wp-json\/wp\/v2\/media?parent=2971"}],"wp:term":[{"taxonomy":"anvandningsomrade","embeddable":true,"href":"https:\/\/xenonkungen.com\/fi\/wp-json\/wp\/v2\/anvandningsomrade?post=2971"},{"taxonomy":"bilmarken","embeddable":true,"href":"https:\/\/xenonkungen.com\/fi\/wp-json\/wp\/v2\/bilmarken?post=2971"},{"taxonomy":"product_brand","embeddable":true,"href":"https:\/\/xenonkungen.com\/fi\/wp-json\/wp\/v2\/product_brand?post=2971"},{"taxonomy":"product_cat","embeddable":true,"href":"https:\/\/xenonkungen.com\/fi\/wp-json\/wp\/v2\/product_cat?post=2971"},{"taxonomy":"product_tag","embeddable":true,"href":"https:\/\/xenonkungen.com\/fi\/wp-json\/wp\/v2\/product_tag?post=2971"}],"curies":[{"name":"wp","href":"https:\/\/api.w.org\/{rel}","templated":true}]}}