{"id":3048,"date":"2025-04-15T08:47:55","date_gmt":"2025-04-15T08:47:55","guid":{"rendered":"https:\/\/xenonkungen.com\/product\/extraljusfaste-svart-3-225mm-long-fixpoints\/"},"modified":"2026-03-04T16:39:55","modified_gmt":"2026-03-04T15:39:55","slug":"musta-lisavalaisin-3-225-mm-pitkaa-kiinnityspistetta","status":"publish","type":"product","link":"https:\/\/xenonkungen.com\/fi\/tuote\/musta-lisavalaisin-3-225-mm-pitkaa-kiinnityspistetta\/","title":{"rendered":"Lis\u00e4valokannatin Musta 3 - 225mm | Pitk\u00e4t kiinnityspisteet"},"content":{"rendered":"<section class=\"product-description\">\n<h1>Lis\u00e4valokannatin - sopii kolmelle valolle, joiden halkaisija on enint\u00e4\u00e4n 225 mm.<\/h1>\n<p>T\u00e4m\u00e4 lis\u00e4valojen kiinnike on suunniteltu tarjoamaan autoosi tyylik\u00e4s ja toimiva ratkaisu kolmen lis\u00e4valon kiinnitt\u00e4miseen. Kannattimessa on eritt\u00e4in pitk\u00e4t korvakkeet, joten se sopii erinomaisesti autoihin, joissa on litte\u00e4 etuosa, kuten esim. <strong>VW Transporter<\/strong>.<\/p>\n<p>Valmistettu tukevasta mustaksi pulverimaalatusta ter\u00e4slevyst\u00e4, jonka sein\u00e4m\u00e4n paksuus on 0,5 mm. <strong>3 millimetri\u00e4<\/strong>T\u00e4m\u00e4 kiinnike takaa sek\u00e4 kest\u00e4vyyden ett\u00e4 vakauden kaikissa s\u00e4\u00e4olosuhteissa. Se soveltuu t\u00e4ydellisesti apuvalaisimille, joiden enimm\u00e4ism\u00e4\u00e4r\u00e4 on <strong>halkaisija 225 mm<\/strong>, jonka avulla voit valita useiden eri valaistusvaihtoehtojen v\u00e4lill\u00e4 optimaalista tievalaistusta varten.<\/p>\n<p>K\u00e4ytitp\u00e4 sitten lis\u00e4valoja parempaan n\u00e4kyvyyteen pimeill\u00e4 teill\u00e4 tai antaaksesi autollesi tehokkaamman ilmeen, kiinnikkeemme tarjoaa luotettavan ja ammattimaisen ratkaisun turvalliseen ja helppoon asennukseen.<\/p>\n<\/section>","protected":false},"excerpt":{"rendered":"<p>F\u00e4ste f\u00f6r Extraljus \u2013 Passar f\u00f6r Tre Ljus Upp Till 225mm i Diameter Detta extraljusf\u00e4ste \u00e4r designat f\u00f6r att ge din bil en stilren och funktionell l\u00f6sning f\u00f6r montering av tre extraljus. F\u00e4stet har extra l\u00e5nga \u00f6ron, vilket g\u00f6r det idealiskt f\u00f6r bilar med platt front, s\u00e5som VW Transporter. Tillverkat i robust svart pulverlackad st\u00e5lpl\u00e5t [&hellip;]<\/p>","protected":false},"featured_media":3049,"comment_status":"closed","ping_status":"open","template":"","meta":{"_acf_changed":false,"_smort_price_nok":"422","_smort_price_dkk":"268","_smort_price_eur":"35.91","_smort_sale_price_nok":"","_smort_sale_price_dkk":"","_smort_sale_price_eur":"","smort_restorder":"","shipmondo_restorder":"","_kad_blocks_custom_css":"","_kad_blocks_head_custom_js":"","_kad_blocks_body_custom_js":"","_kad_blocks_footer_custom_js":"","smort_custom_pricelist_1":"252.8","smort_custom_pricelist_2":"221.2","smort_custom_pricelist_3":"205.4","smort_custom_pricelist_4":"316","smort_custom_pricelist_5":"221.2"},"anvandningsomrade":[],"bilmarken":[],"product_brand":[],"product_cat":[2534,2461,2841,2535,2536,390],"product_tag":[],"class_list":{"0":"post-3048","1":"product","2":"type-product","3":"status-publish","4":"has-post-thumbnail","6":"product_cat-extraljusfaste-extraljus","7":"product_cat-fasten-installation","8":"product_cat-installation-extraljus","9":"product_cat-tillbehor-ledramper","10":"product_cat-tillbehor-tillbehor-ledramper","11":"product_cat-installation","13":"first","14":"instock","15":"taxable","16":"shipping-taxable","17":"purchasable","18":"product-type-simple"},"bundled_by":[],"bundle_stock_status":"instock","bundle_stock_quantity":23,"bundle_virtual":false,"bundle_layout":"","bundle_add_to_cart_form_location":"","bundle_editable_in_cart":false,"bundle_sold_individually_context":"","bundle_item_grouping":"","bundle_min_size":"","bundle_max_size":"","bundle_price":[],"bundled_items":[],"bundle_sell_ids":[],"acf":[],"yoast_head":"<!-- This site is optimized with the Yoast SEO plugin v27.0 - https:\/\/yoast.com\/product\/yoast-seo-wordpress\/ -->\n<title>Extraljusf\u00e4ste Svart 3 - 225mm | Long fixpoints - Xenonkungen<\/title>\n<meta name=\"robots\" content=\"index, follow, max-snippet:-1, max-image-preview:large, max-video-preview:-1\" \/>\n<link rel=\"canonical\" href=\"http:\/\/xenonkungen.com\/fi\/tuote\/musta-lisavalaisin-3-225-mm-pitkaa-kiinnityspistetta\/\" \/>\n<meta property=\"og:locale\" content=\"fi_FI\" \/>\n<meta property=\"og:type\" content=\"article\" \/>\n<meta property=\"og:title\" content=\"Extraljusf\u00e4ste Svart 3 - 225mm | Long fixpoints - Xenonkungen\" \/>\n<meta property=\"og:description\" content=\"F\u00e4ste f\u00f6r Extraljus \u2013 Passar f\u00f6r Tre Ljus Upp Till 225mm i Diameter Detta extraljusf\u00e4ste \u00e4r designat f\u00f6r att ge din bil en stilren och funktionell l\u00f6sning f\u00f6r montering av tre extraljus. F\u00e4stet har extra l\u00e5nga \u00f6ron, vilket g\u00f6r det idealiskt f\u00f6r bilar med platt front, s\u00e5som VW Transporter. Tillverkat i robust svart pulverlackad st\u00e5lpl\u00e5t [&hellip;]\" \/>\n<meta property=\"og:url\" content=\"http:\/\/xenonkungen.com\/fi\/tuote\/musta-lisavalaisin-3-225-mm-pitkaa-kiinnityspistetta\/\" \/>\n<meta property=\"og:site_name\" content=\"Xenonkungen\" \/>\n<meta property=\"article:modified_time\" content=\"2026-03-04T15:39:55+00:00\" \/>\n<meta property=\"og:image\" content=\"https:\/\/xenonkungen.com\/wp-content\/uploads\/2025\/04\/217027281-origpic-8011d7.png\" \/>\n\t<meta property=\"og:image:width\" content=\"994\" \/>\n\t<meta property=\"og:image:height\" content=\"317\" \/>\n\t<meta property=\"og:image:type\" content=\"image\/png\" \/>\n<meta name=\"twitter:card\" content=\"summary_large_image\" \/>\n<meta name=\"twitter:label1\" content=\"Arvioitu lukuaika\" \/>\n\t<meta name=\"twitter:data1\" content=\"1 minuutti\" \/>\n<script type=\"application\/ld+json\" class=\"yoast-schema-graph\">{\"@context\":\"https:\/\/schema.org\",\"@graph\":[{\"@type\":\"WebPage\",\"@id\":\"http:\/\/xenonkungen.com\/de\/produkt\/zusatzliche-leuchte-schwarz-3-befestigungspunkte-a-225-mm\/\",\"url\":\"http:\/\/xenonkungen.com\/de\/produkt\/zusatzliche-leuchte-schwarz-3-befestigungspunkte-a-225-mm\/\",\"name\":\"Extraljusf\u00e4ste Svart 3 - 225mm | Long fixpoints - Xenonkungen\",\"isPartOf\":{\"@id\":\"https:\/\/xenonkungen.com\/#website\"},\"primaryImageOfPage\":{\"@id\":\"http:\/\/xenonkungen.com\/de\/produkt\/zusatzliche-leuchte-schwarz-3-befestigungspunkte-a-225-mm\/#primaryimage\"},\"image\":{\"@id\":\"http:\/\/xenonkungen.com\/de\/produkt\/zusatzliche-leuchte-schwarz-3-befestigungspunkte-a-225-mm\/#primaryimage\"},\"thumbnailUrl\":\"https:\/\/xenonkungen.com\/wp-content\/uploads\/2025\/04\/217027281-origpic-8011d7.png\",\"datePublished\":\"2025-04-15T08:47:55+00:00\",\"dateModified\":\"2026-03-04T15:39:55+00:00\",\"breadcrumb\":{\"@id\":\"http:\/\/xenonkungen.com\/de\/produkt\/zusatzliche-leuchte-schwarz-3-befestigungspunkte-a-225-mm\/#breadcrumb\"},\"inLanguage\":\"fi\",\"potentialAction\":[{\"@type\":\"ReadAction\",\"target\":[\"http:\/\/xenonkungen.com\/de\/produkt\/zusatzliche-leuchte-schwarz-3-befestigungspunkte-a-225-mm\/\"]}]},{\"@type\":\"ImageObject\",\"inLanguage\":\"fi\",\"@id\":\"http:\/\/xenonkungen.com\/de\/produkt\/zusatzliche-leuchte-schwarz-3-befestigungspunkte-a-225-mm\/#primaryimage\",\"url\":\"https:\/\/xenonkungen.com\/wp-content\/uploads\/2025\/04\/217027281-origpic-8011d7.png\",\"contentUrl\":\"https:\/\/xenonkungen.com\/wp-content\/uploads\/2025\/04\/217027281-origpic-8011d7.png\",\"width\":994,\"height\":317},{\"@type\":\"BreadcrumbList\",\"@id\":\"http:\/\/xenonkungen.com\/de\/produkt\/zusatzliche-leuchte-schwarz-3-befestigungspunkte-a-225-mm\/#breadcrumb\",\"itemListElement\":[{\"@type\":\"ListItem\",\"position\":1,\"name\":\"Hem\",\"item\":\"https:\/\/xenonkungen.com\/\"},{\"@type\":\"ListItem\",\"position\":2,\"name\":\"Shop\",\"item\":\"https:\/\/xenonkungen.com\/shop\/\"},{\"@type\":\"ListItem\",\"position\":3,\"name\":\"Extraljusf\u00e4ste Svart 3 &#8211; 225mm | Long fixpoints\"}]},{\"@type\":\"WebSite\",\"@id\":\"https:\/\/xenonkungen.com\/#website\",\"url\":\"https:\/\/xenonkungen.com\/\",\"name\":\"Xenonkungen\",\"description\":\"\",\"potentialAction\":[{\"@type\":\"SearchAction\",\"target\":{\"@type\":\"EntryPoint\",\"urlTemplate\":\"https:\/\/xenonkungen.com\/?s={search_term_string}\"},\"query-input\":{\"@type\":\"PropertyValueSpecification\",\"valueRequired\":true,\"valueName\":\"search_term_string\"}}],\"inLanguage\":\"fi\"}]}<\/script>\n<!-- \/ Yoast SEO plugin. -->","yoast_head_json":{"title":"Lis\u00e4valon kiinnike musta 3 - 225 mm | Pitk\u00e4t kiinnityspisteet - Xenonkungen","robots":{"index":"index","follow":"follow","max-snippet":"max-snippet:-1","max-image-preview":"max-image-preview:large","max-video-preview":"max-video-preview:-1"},"canonical":"http:\/\/xenonkungen.com\/fi\/tuote\/musta-lisavalaisin-3-225-mm-pitkaa-kiinnityspistetta\/","og_locale":"fi_FI","og_type":"article","og_title":"Extraljusf\u00e4ste Svart 3 - 225mm | Long fixpoints - Xenonkungen","og_description":"F\u00e4ste f\u00f6r Extraljus \u2013 Passar f\u00f6r Tre Ljus Upp Till 225mm i Diameter Detta extraljusf\u00e4ste \u00e4r designat f\u00f6r att ge din bil en stilren och funktionell l\u00f6sning f\u00f6r montering av tre extraljus. F\u00e4stet har extra l\u00e5nga \u00f6ron, vilket g\u00f6r det idealiskt f\u00f6r bilar med platt front, s\u00e5som VW Transporter. Tillverkat i robust svart pulverlackad st\u00e5lpl\u00e5t [&hellip;]","og_url":"http:\/\/xenonkungen.com\/fi\/tuote\/musta-lisavalaisin-3-225-mm-pitkaa-kiinnityspistetta\/","og_site_name":"Xenonkungen","article_modified_time":"2026-03-04T15:39:55+00:00","og_image":[{"width":994,"height":317,"url":"https:\/\/xenonkungen.com\/wp-content\/uploads\/2025\/04\/217027281-origpic-8011d7.png","type":"image\/png"}],"twitter_card":"summary_large_image","twitter_misc":{"Arvioitu lukuaika":"1 minuutti"},"schema":{"@context":"https:\/\/schema.org","@graph":[{"@type":"WebPage","@id":"http:\/\/xenonkungen.com\/de\/produkt\/zusatzliche-leuchte-schwarz-3-befestigungspunkte-a-225-mm\/","url":"http:\/\/xenonkungen.com\/de\/produkt\/zusatzliche-leuchte-schwarz-3-befestigungspunkte-a-225-mm\/","name":"Lis\u00e4valon kiinnike musta 3 - 225 mm | Pitk\u00e4t kiinnityspisteet - Xenonkungen","isPartOf":{"@id":"https:\/\/xenonkungen.com\/#website"},"primaryImageOfPage":{"@id":"http:\/\/xenonkungen.com\/de\/produkt\/zusatzliche-leuchte-schwarz-3-befestigungspunkte-a-225-mm\/#primaryimage"},"image":{"@id":"http:\/\/xenonkungen.com\/de\/produkt\/zusatzliche-leuchte-schwarz-3-befestigungspunkte-a-225-mm\/#primaryimage"},"thumbnailUrl":"https:\/\/xenonkungen.com\/wp-content\/uploads\/2025\/04\/217027281-origpic-8011d7.png","datePublished":"2025-04-15T08:47:55+00:00","dateModified":"2026-03-04T15:39:55+00:00","breadcrumb":{"@id":"http:\/\/xenonkungen.com\/de\/produkt\/zusatzliche-leuchte-schwarz-3-befestigungspunkte-a-225-mm\/#breadcrumb"},"inLanguage":"fi","potentialAction":[{"@type":"ReadAction","target":["http:\/\/xenonkungen.com\/de\/produkt\/zusatzliche-leuchte-schwarz-3-befestigungspunkte-a-225-mm\/"]}]},{"@type":"ImageObject","inLanguage":"fi","@id":"http:\/\/xenonkungen.com\/de\/produkt\/zusatzliche-leuchte-schwarz-3-befestigungspunkte-a-225-mm\/#primaryimage","url":"https:\/\/xenonkungen.com\/wp-content\/uploads\/2025\/04\/217027281-origpic-8011d7.png","contentUrl":"https:\/\/xenonkungen.com\/wp-content\/uploads\/2025\/04\/217027281-origpic-8011d7.png","width":994,"height":317},{"@type":"BreadcrumbList","@id":"http:\/\/xenonkungen.com\/de\/produkt\/zusatzliche-leuchte-schwarz-3-befestigungspunkte-a-225-mm\/#breadcrumb","itemListElement":[{"@type":"ListItem","position":1,"name":"Hem","item":"https:\/\/xenonkungen.com\/"},{"@type":"ListItem","position":2,"name":"Shop","item":"https:\/\/xenonkungen.com\/shop\/"},{"@type":"ListItem","position":3,"name":"Extraljusf\u00e4ste Svart 3 &#8211; 225mm | Long fixpoints"}]},{"@type":"WebSite","@id":"https:\/\/xenonkungen.com\/#website","url":"https:\/\/xenonkungen.com\/","name":"Xenonkungen","description":"","potentialAction":[{"@type":"SearchAction","target":{"@type":"EntryPoint","urlTemplate":"https:\/\/xenonkungen.com\/?s={search_term_string}"},"query-input":{"@type":"PropertyValueSpecification","valueRequired":true,"valueName":"search_term_string"}}],"inLanguage":"fi"}]}},"taxonomy_info":{"product_cat":[{"value":2534,"label":"Extraljusf\u00e4ste"},{"value":2461,"label":"F\u00e4sten"},{"value":2841,"label":"Installation extraljus"},{"value":2535,"label":"LEDRAMPER"},{"value":2536,"label":"Tillbeh\u00f6r"},{"value":390,"label":"Installation"}]},"featured_image_src_large":["https:\/\/xenonkungen.com\/wp-content\/uploads\/2025\/04\/217027281-origpic-8011d7.png",994,317,false],"author_info":[],"comment_info":0,"_links":{"self":[{"href":"https:\/\/xenonkungen.com\/fi\/wp-json\/wp\/v2\/product\/3048","targetHints":{"allow":["GET"]}}],"collection":[{"href":"https:\/\/xenonkungen.com\/fi\/wp-json\/wp\/v2\/product"}],"about":[{"href":"https:\/\/xenonkungen.com\/fi\/wp-json\/wp\/v2\/types\/product"}],"replies":[{"embeddable":true,"href":"https:\/\/xenonkungen.com\/fi\/wp-json\/wp\/v2\/comments?post=3048"}],"wp:featuredmedia":[{"embeddable":true,"href":"https:\/\/xenonkungen.com\/fi\/wp-json\/wp\/v2\/media\/3049"}],"wp:attachment":[{"href":"https:\/\/xenonkungen.com\/fi\/wp-json\/wp\/v2\/media?parent=3048"}],"wp:term":[{"taxonomy":"anvandningsomrade","embeddable":true,"href":"https:\/\/xenonkungen.com\/fi\/wp-json\/wp\/v2\/anvandningsomrade?post=3048"},{"taxonomy":"bilmarken","embeddable":true,"href":"https:\/\/xenonkungen.com\/fi\/wp-json\/wp\/v2\/bilmarken?post=3048"},{"taxonomy":"product_brand","embeddable":true,"href":"https:\/\/xenonkungen.com\/fi\/wp-json\/wp\/v2\/product_brand?post=3048"},{"taxonomy":"product_cat","embeddable":true,"href":"https:\/\/xenonkungen.com\/fi\/wp-json\/wp\/v2\/product_cat?post=3048"},{"taxonomy":"product_tag","embeddable":true,"href":"https:\/\/xenonkungen.com\/fi\/wp-json\/wp\/v2\/product_tag?post=3048"}],"curies":[{"name":"wp","href":"https:\/\/api.w.org\/{rel}","templated":true}]}}