{"id":3056,"date":"2025-04-15T08:48:03","date_gmt":"2025-04-15T08:48:03","guid":{"rendered":"https:\/\/xenonkungen.com\/product\/extraljus-stag-platta-svart\/"},"modified":"2026-04-10T23:56:12","modified_gmt":"2026-04-10T22:56:12","slug":"lisavalon-kiinnikelevy-musta","status":"publish","type":"product","link":"https:\/\/xenonkungen.com\/fi\/tuote\/lisavalon-kiinnikelevy-musta\/","title":{"rendered":"Lis\u00e4valon pidike Flat Black"},"content":{"rendered":"<h1>Litte\u00e4t lis\u00e4valopalkit<\/h1>\n<div class=\"s t wc hc\">T\u00e4rin\u00e4tt\u00f6m\u00e4n ajovalaisinkuvion aikaansaamiseksi tarvitaan vakauttava tuki. T\u00e4m\u00e4 tyyppi soveltuu parhaiten auton etuosaan asennettaviin lis\u00e4valoihin. Kun etsit t\u00e4ydellist\u00e4 lis\u00e4valojen kannaketta, on t\u00e4rke\u00e4\u00e4 ottaa huomioon sen ominaisuudet ja se, miten se voi parantaa valaistustasi.<\/p>\n<p>T\u00e4m\u00e4 tukivarsi on litte\u00e4 ja sen pituus on s\u00e4\u00e4dett\u00e4viss\u00e4, mik\u00e4 antaa sinulle joustavuutta asennuksessa. Mukana toimitetaan my\u00f6s kiinnitystarvikkeet helppoa ja turvallista asennusta varten. Jos lis\u00e4valaisimestasi puuttuu ruuvinreiki\u00e4 yl\u00e4reunasta, sinun on ehk\u00e4 teht\u00e4v\u00e4 sopiva aukko turvallisen asennuksen varmistamiseksi.<\/p>\n<p>Muista, ett\u00e4 tarvitset tukiraudan jokaista lis\u00e4valoa varten, ja t\u00e4m\u00e4 sarja sis\u00e4lt\u00e4\u00e4 2 kappaletta. Oikeaan lis\u00e4valopalkkiin sijoittaminen on t\u00e4rke\u00e4 askel kohti parempaa valokuviota ja parempaa ajokokemusta.<\/p><\/div>\n<div class=\"s t wc hc\">Kiristysalue 150-250 mm.<\/div>","protected":false},"excerpt":{"rendered":"<p>Vakautusjouset lis\u00e4valojen t\u00e4rin\u00e4tt\u00f6m\u00e4n asennuksen varmistamiseksi<\/p>","protected":false},"featured_media":3057,"comment_status":"closed","ping_status":"open","template":"","meta":{"_acf_changed":false,"_smort_price_nok":"74","_smort_price_dkk":"47","_smort_price_eur":"6.27","_smort_sale_price_nok":"","_smort_sale_price_dkk":"","_smort_sale_price_eur":"","smort_restorder":"","shipmondo_restorder":"","_kad_blocks_custom_css":"","_kad_blocks_head_custom_js":"","_kad_blocks_body_custom_js":"","_kad_blocks_footer_custom_js":"","smort_custom_pricelist_1":"44.16","smort_custom_pricelist_2":"44.16","smort_custom_pricelist_3":"41.95","smort_custom_pricelist_4":"55.2","smort_custom_pricelist_5":"44.16"},"anvandningsomrade":[],"bilmarken":[],"product_brand":[],"product_cat":[2462,2841,390],"product_tag":[],"class_list":{"0":"post-3056","1":"product","2":"type-product","3":"status-publish","4":"has-post-thumbnail","6":"product_cat-extraljusstag","7":"product_cat-installation-extraljus","8":"product_cat-installation","10":"first","11":"instock","12":"taxable","13":"shipping-taxable","14":"purchasable","15":"product-type-simple"},"bundled_by":[],"bundle_stock_status":"instock","bundle_stock_quantity":137,"bundle_virtual":false,"bundle_layout":"","bundle_add_to_cart_form_location":"","bundle_editable_in_cart":false,"bundle_sold_individually_context":"","bundle_item_grouping":"","bundle_min_size":"","bundle_max_size":"","bundle_price":[],"bundled_items":[],"bundle_sell_ids":[],"acf":[],"yoast_head":"<!-- This site is optimized with the Yoast SEO plugin v27.0 - https:\/\/yoast.com\/product\/yoast-seo-wordpress\/ -->\n<title>Extraljus-Stag Platta Svart - Xenonkungen<\/title>\n<meta name=\"robots\" content=\"index, follow, max-snippet:-1, max-image-preview:large, max-video-preview:-1\" \/>\n<link rel=\"canonical\" href=\"https:\/\/xenonkungen.com\/fi\/tuote\/lisavalon-kiinnikelevy-musta\/\" \/>\n<meta property=\"og:locale\" content=\"fi_FI\" \/>\n<meta property=\"og:type\" content=\"article\" \/>\n<meta property=\"og:title\" content=\"Extraljus-Stag Platta Svart - Xenonkungen\" \/>\n<meta property=\"og:description\" content=\"Stabiliseringsstag f\u00f6r vibrationsfri installation av extraljus\" \/>\n<meta property=\"og:url\" content=\"https:\/\/xenonkungen.com\/fi\/tuote\/lisavalon-kiinnikelevy-musta\/\" \/>\n<meta property=\"og:site_name\" content=\"Xenonkungen\" \/>\n<meta property=\"article:modified_time\" content=\"2026-04-10T22:56:12+00:00\" \/>\n<meta property=\"og:image\" content=\"https:\/\/xenonkungen.com\/wp-content\/uploads\/2025\/04\/209746927-origpic-c07b64.webp\" \/>\n\t<meta property=\"og:image:width\" content=\"1800\" \/>\n\t<meta property=\"og:image:height\" content=\"2400\" \/>\n\t<meta property=\"og:image:type\" content=\"image\/webp\" \/>\n<meta name=\"twitter:card\" content=\"summary_large_image\" \/>\n<meta name=\"twitter:label1\" content=\"Arvioitu lukuaika\" \/>\n\t<meta name=\"twitter:data1\" content=\"1 minuutti\" \/>\n<script type=\"application\/ld+json\" class=\"yoast-schema-graph\">{\"@context\":\"https:\/\/schema.org\",\"@graph\":[{\"@type\":\"WebPage\",\"@id\":\"https:\/\/xenonkungen.com\/produkt\/extraljus-stag-platta-svart\/\",\"url\":\"https:\/\/xenonkungen.com\/produkt\/extraljus-stag-platta-svart\/\",\"name\":\"Extraljus-Stag Platta Svart - Xenonkungen\",\"isPartOf\":{\"@id\":\"https:\/\/xenonkungen.com\/#website\"},\"primaryImageOfPage\":{\"@id\":\"https:\/\/xenonkungen.com\/produkt\/extraljus-stag-platta-svart\/#primaryimage\"},\"image\":{\"@id\":\"https:\/\/xenonkungen.com\/produkt\/extraljus-stag-platta-svart\/#primaryimage\"},\"thumbnailUrl\":\"https:\/\/xenonkungen.com\/wp-content\/uploads\/2025\/04\/209746927-origpic-c07b64.webp\",\"datePublished\":\"2025-04-15T08:48:03+00:00\",\"dateModified\":\"2026-04-10T22:56:12+00:00\",\"breadcrumb\":{\"@id\":\"https:\/\/xenonkungen.com\/produkt\/extraljus-stag-platta-svart\/#breadcrumb\"},\"inLanguage\":\"fi\",\"potentialAction\":[{\"@type\":\"ReadAction\",\"target\":[\"https:\/\/xenonkungen.com\/produkt\/extraljus-stag-platta-svart\/\"]}]},{\"@type\":\"ImageObject\",\"inLanguage\":\"fi\",\"@id\":\"https:\/\/xenonkungen.com\/produkt\/extraljus-stag-platta-svart\/#primaryimage\",\"url\":\"https:\/\/xenonkungen.com\/wp-content\/uploads\/2025\/04\/209746927-origpic-c07b64.webp\",\"contentUrl\":\"https:\/\/xenonkungen.com\/wp-content\/uploads\/2025\/04\/209746927-origpic-c07b64.webp\",\"width\":1800,\"height\":2400},{\"@type\":\"BreadcrumbList\",\"@id\":\"https:\/\/xenonkungen.com\/produkt\/extraljus-stag-platta-svart\/#breadcrumb\",\"itemListElement\":[{\"@type\":\"ListItem\",\"position\":1,\"name\":\"Hem\",\"item\":\"https:\/\/xenonkungen.com\/\"},{\"@type\":\"ListItem\",\"position\":2,\"name\":\"Shop\",\"item\":\"https:\/\/xenonkungen.com\/shop\/\"},{\"@type\":\"ListItem\",\"position\":3,\"name\":\"Extraljus-Stag Platta Svart\"}]},{\"@type\":\"WebSite\",\"@id\":\"https:\/\/xenonkungen.com\/#website\",\"url\":\"https:\/\/xenonkungen.com\/\",\"name\":\"Xenonkungen\",\"description\":\"\",\"potentialAction\":[{\"@type\":\"SearchAction\",\"target\":{\"@type\":\"EntryPoint\",\"urlTemplate\":\"https:\/\/xenonkungen.com\/?s={search_term_string}\"},\"query-input\":{\"@type\":\"PropertyValueSpecification\",\"valueRequired\":true,\"valueName\":\"search_term_string\"}}],\"inLanguage\":\"fi\"}]}<\/script>\n<!-- \/ Yoast SEO plugin. -->","yoast_head_json":{"title":"Lis\u00e4valon kiinnike litte\u00e4 musta - Xenonkungen","robots":{"index":"index","follow":"follow","max-snippet":"max-snippet:-1","max-image-preview":"max-image-preview:large","max-video-preview":"max-video-preview:-1"},"canonical":"https:\/\/xenonkungen.com\/fi\/tuote\/lisavalon-kiinnikelevy-musta\/","og_locale":"fi_FI","og_type":"article","og_title":"Extraljus-Stag Platta Svart - Xenonkungen","og_description":"Stabiliseringsstag f\u00f6r vibrationsfri installation av extraljus","og_url":"https:\/\/xenonkungen.com\/fi\/tuote\/lisavalon-kiinnikelevy-musta\/","og_site_name":"Xenonkungen","article_modified_time":"2026-04-10T22:56:12+00:00","og_image":[{"width":1800,"height":2400,"url":"https:\/\/xenonkungen.com\/wp-content\/uploads\/2025\/04\/209746927-origpic-c07b64.webp","type":"image\/webp"}],"twitter_card":"summary_large_image","twitter_misc":{"Arvioitu lukuaika":"1 minuutti"},"schema":{"@context":"https:\/\/schema.org","@graph":[{"@type":"WebPage","@id":"https:\/\/xenonkungen.com\/produkt\/extraljus-stag-platta-svart\/","url":"https:\/\/xenonkungen.com\/produkt\/extraljus-stag-platta-svart\/","name":"Lis\u00e4valon kiinnike litte\u00e4 musta - Xenonkungen","isPartOf":{"@id":"https:\/\/xenonkungen.com\/#website"},"primaryImageOfPage":{"@id":"https:\/\/xenonkungen.com\/produkt\/extraljus-stag-platta-svart\/#primaryimage"},"image":{"@id":"https:\/\/xenonkungen.com\/produkt\/extraljus-stag-platta-svart\/#primaryimage"},"thumbnailUrl":"https:\/\/xenonkungen.com\/wp-content\/uploads\/2025\/04\/209746927-origpic-c07b64.webp","datePublished":"2025-04-15T08:48:03+00:00","dateModified":"2026-04-10T22:56:12+00:00","breadcrumb":{"@id":"https:\/\/xenonkungen.com\/produkt\/extraljus-stag-platta-svart\/#breadcrumb"},"inLanguage":"fi","potentialAction":[{"@type":"ReadAction","target":["https:\/\/xenonkungen.com\/produkt\/extraljus-stag-platta-svart\/"]}]},{"@type":"ImageObject","inLanguage":"fi","@id":"https:\/\/xenonkungen.com\/produkt\/extraljus-stag-platta-svart\/#primaryimage","url":"https:\/\/xenonkungen.com\/wp-content\/uploads\/2025\/04\/209746927-origpic-c07b64.webp","contentUrl":"https:\/\/xenonkungen.com\/wp-content\/uploads\/2025\/04\/209746927-origpic-c07b64.webp","width":1800,"height":2400},{"@type":"BreadcrumbList","@id":"https:\/\/xenonkungen.com\/produkt\/extraljus-stag-platta-svart\/#breadcrumb","itemListElement":[{"@type":"ListItem","position":1,"name":"Hem","item":"https:\/\/xenonkungen.com\/"},{"@type":"ListItem","position":2,"name":"Shop","item":"https:\/\/xenonkungen.com\/shop\/"},{"@type":"ListItem","position":3,"name":"Extraljus-Stag Platta Svart"}]},{"@type":"WebSite","@id":"https:\/\/xenonkungen.com\/#website","url":"https:\/\/xenonkungen.com\/","name":"Xenonkungen","description":"","potentialAction":[{"@type":"SearchAction","target":{"@type":"EntryPoint","urlTemplate":"https:\/\/xenonkungen.com\/?s={search_term_string}"},"query-input":{"@type":"PropertyValueSpecification","valueRequired":true,"valueName":"search_term_string"}}],"inLanguage":"fi"}]}},"taxonomy_info":{"product_cat":[{"value":2462,"label":"Extraljusstag"},{"value":2841,"label":"Installation extraljus"},{"value":390,"label":"Installation"}]},"featured_image_src_large":["https:\/\/xenonkungen.com\/wp-content\/uploads\/2025\/04\/209746927-origpic-c07b64-768x1024.webp",768,1024,true],"author_info":[],"comment_info":0,"_links":{"self":[{"href":"https:\/\/xenonkungen.com\/fi\/wp-json\/wp\/v2\/product\/3056","targetHints":{"allow":["GET"]}}],"collection":[{"href":"https:\/\/xenonkungen.com\/fi\/wp-json\/wp\/v2\/product"}],"about":[{"href":"https:\/\/xenonkungen.com\/fi\/wp-json\/wp\/v2\/types\/product"}],"replies":[{"embeddable":true,"href":"https:\/\/xenonkungen.com\/fi\/wp-json\/wp\/v2\/comments?post=3056"}],"wp:featuredmedia":[{"embeddable":true,"href":"https:\/\/xenonkungen.com\/fi\/wp-json\/wp\/v2\/media\/3057"}],"wp:attachment":[{"href":"https:\/\/xenonkungen.com\/fi\/wp-json\/wp\/v2\/media?parent=3056"}],"wp:term":[{"taxonomy":"anvandningsomrade","embeddable":true,"href":"https:\/\/xenonkungen.com\/fi\/wp-json\/wp\/v2\/anvandningsomrade?post=3056"},{"taxonomy":"bilmarken","embeddable":true,"href":"https:\/\/xenonkungen.com\/fi\/wp-json\/wp\/v2\/bilmarken?post=3056"},{"taxonomy":"product_brand","embeddable":true,"href":"https:\/\/xenonkungen.com\/fi\/wp-json\/wp\/v2\/product_brand?post=3056"},{"taxonomy":"product_cat","embeddable":true,"href":"https:\/\/xenonkungen.com\/fi\/wp-json\/wp\/v2\/product_cat?post=3056"},{"taxonomy":"product_tag","embeddable":true,"href":"https:\/\/xenonkungen.com\/fi\/wp-json\/wp\/v2\/product_tag?post=3056"}],"curies":[{"name":"wp","href":"https:\/\/api.w.org\/{rel}","templated":true}]}}