{"id":3063,"date":"2025-04-15T08:48:03","date_gmt":"2025-04-15T08:48:03","guid":{"rendered":"https:\/\/xenonkungen.com\/product\/extraljussats-60w-24v\/"},"modified":"2026-04-24T21:14:56","modified_gmt":"2026-04-24T20:14:56","slug":"lisavalosarja-60w-24v","status":"publish","type":"product","link":"https:\/\/xenonkungen.com\/fi\/tuote\/lisavalosarja-60w-24v\/","title":{"rendered":"Lis\u00e4valosarja 60W 24V"},"content":{"rendered":"<p>Liit\u00e4nt\u00e4laitteen HNS-6 teho on 60W (tehollinen ~57W) ja lampun tehoalue ja ominaisuudet vastaavat toisiaan.<\/p>\n<p>Tarjoaa jopa noin. <strong>550% lis\u00e4\u00e4 valoa<\/strong> verrattuna 55W halogeeniin. Yleens\u00e4 saat my\u00f6s paljon laajemman ja pidemm\u00e4n valokuvion lampun ominaisuuksista riippuen.<\/p>\n<p>HNS-6:n ainutlaatuisena ominaisuutena on se, ett\u00e4 sill\u00e4 voidaan k\u00e4ytt\u00e4\u00e4 kaikkia ksenonlamppuja, my\u00f6s lyijytt\u00f6mi\u00e4 (D1\/D2\/D3\/D4). T\u00e4t\u00e4 varten tarvitaan kuitenkin erikoiskaapeleita, ja teht\u00e4v\u00e4 annetaan t\u00e4ss\u00e4 HNS-5:n edistyksellisen tekniikan esittelemiseksi.<\/p>\n<p>Otetaan k\u00e4ytt\u00f6\u00f6n syksyll\u00e4 2022. <br \/>HNS-6 korvaa valmistajan erinomaisen, mutta markkinoilta poistuneen HNS-5 24V -liit\u00e4nt\u00e4laitteen, joka on osoittanut luotettavuutensa useiden vuosien ajan.<\/p>\n<p>Painolasti: HNS-6 Supernopea k\u00e4ynnistys<br \/>Teho: 60W (~57W), 42V\/85V AC<br \/>Voltti: 18-32V DC<br \/>K\u00e4ytt\u00f6ymp\u00e4rist\u00f6: -40 - +85<\/p>\n<p><strong>Lis\u00e4valoa lampun jalustalla:<\/strong><br \/>D2H (NBB 225 ja muut) +27:-<br \/>H1<br \/>H3<br \/>H7<\/p>\n<p><strong>Mik\u00e4 tahansa v\u00e4ril\u00e4mp\u00f6tila (K = kelvin):<\/strong><br \/>4300K = 5000\u00b1100 lm, vakiovalkoinen<br \/>5000K = 4700\u00b1100 lm, kirkkaan valkoinen<br \/>6000K = 4100\u00b1100 lm, timantinvalkoinen<br \/>Todelliset arvot spektroanalyysin mukaan.<br \/>- Suosittelemme 4300K.<\/p>\n<p><em>Jos sinulla on ylim\u00e4\u00e4r\u00e4inen valaisin, jossa on sininen lasi, suosittelemme 4300K, jolloin sininen lasi antaa valon v\u00e4riksi noin 4800K.<\/em><\/p>\n<p><strong>Huom!<\/strong> Vakiohalogeenisten lis\u00e4valojen relekaapelit eiv\u00e4t sovellu ksenonvalojen k\u00e4ytt\u00e4miseen. Useimmat tukikysymykset koskevat t\u00e4t\u00e4. Osta siksi yksi meid\u00e4n <em>r\u00e4\u00e4t\u00e4l\u00f6ity<\/em> releen kytkent\u00e4.<br \/>Jos k\u00e4yt\u00e4t omaa johdotusta, k\u00e4yt\u00e4 2,5 mm\u00b2:n kaapelia ja 15A:n sulaketta. <em>by<\/em> painolasti.<\/p>\n<p><strong>Sis\u00e4lt\u00f6\/sarja:<\/strong><br \/>1. liit\u00e4nt\u00e4laite HNS-6 Super fast start 24V<br \/>1st Power xenon-valaisin (erityinen lis\u00e4valo)<br \/>1. virtajohto<\/p>\n<p><strong>Varaston tila<\/strong><br \/>T\u00e4m\u00e4 sarja koostuu kahdesta erillisest\u00e4 tuotteesta. Voit tarkistaa tietyn lampun\/v\u00e4rin ja liit\u00e4nt\u00e4laitteen varastotilanteen kyseisen luokan\/er\u00e4n kohdalta.<\/p>\n<p>Takuu 3 vuotta liit\u00e4nt\u00e4laite | 1 vuosi lamppu<\/p>","protected":false},"excerpt":{"rendered":"<p>Premium-ksenon-sarja yksinomaan Xenonkungenilla. Sek\u00e4 liit\u00e4nt\u00e4laite ett\u00e4 lamput ovat tyyppi\u00e4 Super fast start and High brightness: nopea k\u00e4ynnistyminen ja suurempi kirkkaus.<\/p>","protected":false},"featured_media":3064,"comment_status":"closed","ping_status":"closed","template":"","meta":{"_acf_changed":false,"_smort_price_nok":"742","_smort_price_dkk":"472","_smort_price_eur":"63.18","_smort_sale_price_nok":"","_smort_sale_price_dkk":"","_smort_sale_price_eur":"","smort_restorder":"","shipmondo_restorder":"","_kad_blocks_custom_css":"","_kad_blocks_head_custom_js":"","_kad_blocks_body_custom_js":"","_kad_blocks_footer_custom_js":"","smort_custom_pricelist_1":"444.8","smort_custom_pricelist_2":"361.4","smort_custom_pricelist_3":"343.33","smort_custom_pricelist_4":"556","smort_custom_pricelist_5":"361.4"},"anvandningsomrade":[],"bilmarken":[],"product_brand":[],"product_cat":[2485],"product_tag":[],"class_list":{"0":"post-3063","1":"product","2":"type-product","3":"status-publish","4":"has-post-thumbnail","6":"product_cat-xenonkonventering","7":"pa_fargtemperatur-5000k","8":"pa_fargtemperatur-6000k","9":"pa_fargtemperatur-4300k","10":"pa_fuktskydd-varde-ipxx-ip67","11":"pa_lampsockel-kontakt-h7","12":"pa_lampsockel-kontakt-d2h","13":"pa_lampsockel-kontakt-h1","14":"pa_lampsockel-kontakt-h3","15":"pa_volt-v-160","17":"first","18":"onbackorder","19":"taxable","20":"shipping-taxable","21":"purchasable","22":"product-type-variable"},"bundled_by":[],"bundle_stock_status":"onbackorder","bundle_stock_quantity":-126,"bundle_virtual":false,"bundle_layout":"","bundle_add_to_cart_form_location":"","bundle_editable_in_cart":false,"bundle_sold_individually_context":"","bundle_item_grouping":"","bundle_min_size":"","bundle_max_size":"","bundle_price":[],"bundled_items":[],"bundle_sell_ids":[],"acf":[],"yoast_head":"<!-- This site is optimized with the Yoast SEO plugin v27.0 - https:\/\/yoast.com\/product\/yoast-seo-wordpress\/ -->\n<title>Extraljussats 60W 24V - Xenonkungen<\/title>\n<meta name=\"robots\" content=\"index, follow, max-snippet:-1, max-image-preview:large, max-video-preview:-1\" \/>\n<link rel=\"canonical\" href=\"http:\/\/xenonkungen.com\/fi\/tuote\/lisavalosarja-60w-24v\/\" \/>\n<meta property=\"og:locale\" content=\"fi_FI\" \/>\n<meta property=\"og:type\" content=\"article\" \/>\n<meta property=\"og:title\" content=\"Extraljussats 60W 24V - Xenonkungen\" \/>\n<meta property=\"og:description\" content=\"Premium xenonkit exklusivt hos Xenonkungen. B\u00e5de ballast och lampor \u00e4r av typ Super fast start och High brightness: snabbstartande och med h\u00f6gre ljusstyrka\" \/>\n<meta property=\"og:url\" content=\"http:\/\/xenonkungen.com\/fi\/tuote\/lisavalosarja-60w-24v\/\" \/>\n<meta property=\"og:site_name\" content=\"Xenonkungen\" \/>\n<meta property=\"article:modified_time\" content=\"2026-04-24T20:14:56+00:00\" \/>\n<meta property=\"og:image\" content=\"https:\/\/xenonkungen.com\/wp-content\/uploads\/2025\/04\/77691275-origpic-5e2d69.jpg\" \/>\n\t<meta property=\"og:image:width\" content=\"1000\" \/>\n\t<meta property=\"og:image:height\" content=\"1000\" \/>\n\t<meta property=\"og:image:type\" content=\"image\/jpeg\" \/>\n<meta name=\"twitter:card\" content=\"summary_large_image\" \/>\n<meta name=\"twitter:label1\" content=\"Arvioitu lukuaika\" \/>\n\t<meta name=\"twitter:data1\" content=\"2 minuuttia\" \/>\n<script type=\"application\/ld+json\" class=\"yoast-schema-graph\">{\"@context\":\"https:\/\/schema.org\",\"@graph\":[{\"@type\":\"WebPage\",\"@id\":\"http:\/\/xenonkungen.com\/en\/product\/extra-light-kit-60w-24v\/\",\"url\":\"http:\/\/xenonkungen.com\/en\/product\/extra-light-kit-60w-24v\/\",\"name\":\"Extraljussats 60W 24V - Xenonkungen\",\"isPartOf\":{\"@id\":\"https:\/\/xenonkungen.com\/#website\"},\"primaryImageOfPage\":{\"@id\":\"http:\/\/xenonkungen.com\/en\/product\/extra-light-kit-60w-24v\/#primaryimage\"},\"image\":{\"@id\":\"http:\/\/xenonkungen.com\/en\/product\/extra-light-kit-60w-24v\/#primaryimage\"},\"thumbnailUrl\":\"https:\/\/xenonkungen.com\/wp-content\/uploads\/2025\/04\/77691275-origpic-5e2d69.jpg\",\"datePublished\":\"2025-04-15T08:48:03+00:00\",\"dateModified\":\"2026-04-24T20:14:56+00:00\",\"breadcrumb\":{\"@id\":\"http:\/\/xenonkungen.com\/en\/product\/extra-light-kit-60w-24v\/#breadcrumb\"},\"inLanguage\":\"fi\",\"potentialAction\":[{\"@type\":\"ReadAction\",\"target\":[\"http:\/\/xenonkungen.com\/en\/product\/extra-light-kit-60w-24v\/\"]}]},{\"@type\":\"ImageObject\",\"inLanguage\":\"fi\",\"@id\":\"http:\/\/xenonkungen.com\/en\/product\/extra-light-kit-60w-24v\/#primaryimage\",\"url\":\"https:\/\/xenonkungen.com\/wp-content\/uploads\/2025\/04\/77691275-origpic-5e2d69.jpg\",\"contentUrl\":\"https:\/\/xenonkungen.com\/wp-content\/uploads\/2025\/04\/77691275-origpic-5e2d69.jpg\",\"width\":1000,\"height\":1000},{\"@type\":\"BreadcrumbList\",\"@id\":\"http:\/\/xenonkungen.com\/en\/product\/extra-light-kit-60w-24v\/#breadcrumb\",\"itemListElement\":[{\"@type\":\"ListItem\",\"position\":1,\"name\":\"Hem\",\"item\":\"https:\/\/xenonkungen.com\/\"},{\"@type\":\"ListItem\",\"position\":2,\"name\":\"Shop\",\"item\":\"https:\/\/xenonkungen.com\/shop\/\"},{\"@type\":\"ListItem\",\"position\":3,\"name\":\"Extraljussats 60W 24V\"}]},{\"@type\":\"WebSite\",\"@id\":\"https:\/\/xenonkungen.com\/#website\",\"url\":\"https:\/\/xenonkungen.com\/\",\"name\":\"Xenonkungen\",\"description\":\"\",\"potentialAction\":[{\"@type\":\"SearchAction\",\"target\":{\"@type\":\"EntryPoint\",\"urlTemplate\":\"https:\/\/xenonkungen.com\/?s={search_term_string}\"},\"query-input\":{\"@type\":\"PropertyValueSpecification\",\"valueRequired\":true,\"valueName\":\"search_term_string\"}}],\"inLanguage\":\"fi\"}]}<\/script>\n<!-- \/ Yoast SEO plugin. -->","yoast_head_json":{"title":"Lis\u00e4valosarja 60W 24V - Xenonkungen","robots":{"index":"index","follow":"follow","max-snippet":"max-snippet:-1","max-image-preview":"max-image-preview:large","max-video-preview":"max-video-preview:-1"},"canonical":"http:\/\/xenonkungen.com\/fi\/tuote\/lisavalosarja-60w-24v\/","og_locale":"fi_FI","og_type":"article","og_title":"Extraljussats 60W 24V - Xenonkungen","og_description":"Premium xenonkit exklusivt hos Xenonkungen. B\u00e5de ballast och lampor \u00e4r av typ Super fast start och High brightness: snabbstartande och med h\u00f6gre ljusstyrka","og_url":"http:\/\/xenonkungen.com\/fi\/tuote\/lisavalosarja-60w-24v\/","og_site_name":"Xenonkungen","article_modified_time":"2026-04-24T20:14:56+00:00","og_image":[{"width":1000,"height":1000,"url":"https:\/\/xenonkungen.com\/wp-content\/uploads\/2025\/04\/77691275-origpic-5e2d69.jpg","type":"image\/jpeg"}],"twitter_card":"summary_large_image","twitter_misc":{"Arvioitu lukuaika":"2 minuuttia"},"schema":{"@context":"https:\/\/schema.org","@graph":[{"@type":"WebPage","@id":"http:\/\/xenonkungen.com\/en\/product\/extra-light-kit-60w-24v\/","url":"http:\/\/xenonkungen.com\/en\/product\/extra-light-kit-60w-24v\/","name":"Lis\u00e4valosarja 60W 24V - Xenonkungen","isPartOf":{"@id":"https:\/\/xenonkungen.com\/#website"},"primaryImageOfPage":{"@id":"http:\/\/xenonkungen.com\/en\/product\/extra-light-kit-60w-24v\/#primaryimage"},"image":{"@id":"http:\/\/xenonkungen.com\/en\/product\/extra-light-kit-60w-24v\/#primaryimage"},"thumbnailUrl":"https:\/\/xenonkungen.com\/wp-content\/uploads\/2025\/04\/77691275-origpic-5e2d69.jpg","datePublished":"2025-04-15T08:48:03+00:00","dateModified":"2026-04-24T20:14:56+00:00","breadcrumb":{"@id":"http:\/\/xenonkungen.com\/en\/product\/extra-light-kit-60w-24v\/#breadcrumb"},"inLanguage":"fi","potentialAction":[{"@type":"ReadAction","target":["http:\/\/xenonkungen.com\/en\/product\/extra-light-kit-60w-24v\/"]}]},{"@type":"ImageObject","inLanguage":"fi","@id":"http:\/\/xenonkungen.com\/en\/product\/extra-light-kit-60w-24v\/#primaryimage","url":"https:\/\/xenonkungen.com\/wp-content\/uploads\/2025\/04\/77691275-origpic-5e2d69.jpg","contentUrl":"https:\/\/xenonkungen.com\/wp-content\/uploads\/2025\/04\/77691275-origpic-5e2d69.jpg","width":1000,"height":1000},{"@type":"BreadcrumbList","@id":"http:\/\/xenonkungen.com\/en\/product\/extra-light-kit-60w-24v\/#breadcrumb","itemListElement":[{"@type":"ListItem","position":1,"name":"Hem","item":"https:\/\/xenonkungen.com\/"},{"@type":"ListItem","position":2,"name":"Shop","item":"https:\/\/xenonkungen.com\/shop\/"},{"@type":"ListItem","position":3,"name":"Extraljussats 60W 24V"}]},{"@type":"WebSite","@id":"https:\/\/xenonkungen.com\/#website","url":"https:\/\/xenonkungen.com\/","name":"Xenonkungen","description":"","potentialAction":[{"@type":"SearchAction","target":{"@type":"EntryPoint","urlTemplate":"https:\/\/xenonkungen.com\/?s={search_term_string}"},"query-input":{"@type":"PropertyValueSpecification","valueRequired":true,"valueName":"search_term_string"}}],"inLanguage":"fi"}]}},"taxonomy_info":{"product_cat":[{"value":2485,"label":"XENONKONVENTERING"}],"pa_fargtemperatur":[{"value":154,"label":"5000K"},{"value":188,"label":"6000K"},{"value":755,"label":"4300K"}],"pa_fuktskydd-varde-ipxx":[{"value":333,"label":"IP67"}],"pa_lampsockel-kontakt":[{"value":206,"label":"H7"},{"value":1216,"label":"D2H"},{"value":336,"label":"H1"},{"value":339,"label":"H3"}],"pa_volt-v":[{"value":160,"label":"24"}]},"featured_image_src_large":["https:\/\/xenonkungen.com\/wp-content\/uploads\/2025\/04\/77691275-origpic-5e2d69.jpg",1000,1000,false],"author_info":[],"comment_info":0,"_links":{"self":[{"href":"https:\/\/xenonkungen.com\/fi\/wp-json\/wp\/v2\/product\/3063","targetHints":{"allow":["GET"]}}],"collection":[{"href":"https:\/\/xenonkungen.com\/fi\/wp-json\/wp\/v2\/product"}],"about":[{"href":"https:\/\/xenonkungen.com\/fi\/wp-json\/wp\/v2\/types\/product"}],"replies":[{"embeddable":true,"href":"https:\/\/xenonkungen.com\/fi\/wp-json\/wp\/v2\/comments?post=3063"}],"wp:featuredmedia":[{"embeddable":true,"href":"https:\/\/xenonkungen.com\/fi\/wp-json\/wp\/v2\/media\/3064"}],"wp:attachment":[{"href":"https:\/\/xenonkungen.com\/fi\/wp-json\/wp\/v2\/media?parent=3063"}],"wp:term":[{"taxonomy":"anvandningsomrade","embeddable":true,"href":"https:\/\/xenonkungen.com\/fi\/wp-json\/wp\/v2\/anvandningsomrade?post=3063"},{"taxonomy":"bilmarken","embeddable":true,"href":"https:\/\/xenonkungen.com\/fi\/wp-json\/wp\/v2\/bilmarken?post=3063"},{"taxonomy":"product_brand","embeddable":true,"href":"https:\/\/xenonkungen.com\/fi\/wp-json\/wp\/v2\/product_brand?post=3063"},{"taxonomy":"product_cat","embeddable":true,"href":"https:\/\/xenonkungen.com\/fi\/wp-json\/wp\/v2\/product_cat?post=3063"},{"taxonomy":"product_tag","embeddable":true,"href":"https:\/\/xenonkungen.com\/fi\/wp-json\/wp\/v2\/product_tag?post=3063"}],"curies":[{"name":"wp","href":"https:\/\/api.w.org\/{rel}","templated":true}]}}