{"id":3085,"date":"2025-04-15T08:48:13","date_gmt":"2025-04-15T08:48:13","guid":{"rendered":"https:\/\/xenonkungen.com\/product\/nbb-alpha-630-pro-led\/"},"modified":"2026-05-08T13:28:25","modified_gmt":"2026-05-08T12:28:25","slug":"nbb-alpha-630-pro-led-valot","status":"publish","type":"product","link":"https:\/\/xenonkungen.com\/fi\/tuote\/nbb-alpha-630-pro-led-valot\/","title":{"rendered":"NBB Alpha 630 Pro LED"},"content":{"rendered":"<h1>NBB Alpha 630 Pro LED<\/h1>\n<p>Tutustu valaistuksen tulevaisuuteen NBB Alpha 630 Pro LED-lis\u00e4valopalkilla, joka on suunniteltu ylitt\u00e4m\u00e4\u00e4n odotukset huipputeknologiallaan ja tehokkaalla suorituskyvyll\u00e4\u00e4n.<\/p>\n<ul>\n<li>Teoreettiset lumenit: <strong>16250 lm<\/strong> vertaansa vailla oleva kirkkaus<\/li>\n<li>Laajuus: <strong>1 luksi 745 metrin korkeudessa<\/strong> poikkeuksellista valotehoa varten<\/li>\n<li>Virrankulutus: <strong>21,5 A 12V:lla<\/strong> ja <strong>10,8 A 24 V:n j\u00e4nnitteell\u00e4<\/strong> tehokas energiank\u00e4ytt\u00f6<\/li>\n<li>Mitat: <strong>627x92x81 mm<\/strong> tehokkaan mutta kompaktin muodon vuoksi<\/li>\n<li>Lampun talo <strong>musta alumiini<\/strong> optimaalinen kest\u00e4vyys ja l\u00e4mm\u00f6nsiirto<\/li>\n<li>Linssin materiaali: <strong>PC<\/strong> selkeys ja iskunkest\u00e4vyys<\/li>\n<li>V\u00e4ril\u00e4mp\u00f6tila: <strong>5700 K<\/strong> p\u00e4iv\u00e4nvalon kaltainen valaistus<\/li>\n<li>Vesitiiviys: <strong>IP68<\/strong> luokitus t\u00e4ydellist\u00e4 suojaa p\u00f6ly\u00e4 ja vett\u00e4 vastaan<\/li>\n<li>Liit\u00e4nt\u00e4tyyppi: <strong>DT<\/strong> helppo ja turvallinen asennus<\/li>\n<li>Diodien lukum\u00e4\u00e4r\u00e4: <strong>38 tonnia<\/strong> LED maksimaalista valotehoa varten<\/li>\n<li>J\u00e4nnitys: <strong>12-24 V<\/strong>, joustava k\u00e4ytt\u00f6 eri ajoneuvotyypeille<\/li>\n<li>Vaikutus: <strong>260 W<\/strong> f<\/li>\n<\/ul>\n<p>T\u00e4m\u00e4n edistyksellisen NBB-lis\u00e4valopalkin avulla et saa vain tehokkaan valon, vaan vankan, luotettavan ja energiatehokkaan ratkaisun, joka valaisee pimeimm\u00e4tkin tiet. Uusimmalla LED-tekniikalla varustettu NBB Alpha 630 Pro varmistaa, ett\u00e4 sinulla on aina paras mahdollinen n\u00e4kyvyys. Laajan kantamansa ja suuren kirkkautensa ansiosta t\u00e4m\u00e4 lis\u00e4valopalkki on v\u00e4ltt\u00e4m\u00e4t\u00f6n varuste kaikentyyppisille ajoneuvoille ty\u00f6ajoneuvoista seikkailunhaluisiin maastoajoneuvoihin, jotka vaativat parasta n\u00e4kyvyytt\u00e4 kaikissa olosuhteissa.<\/p>\n<p>Takuu: <strong>3 vuotta<\/strong>, todiste laadusta ja luotettavuudesta.<\/p>","protected":false},"excerpt":{"rendered":"<p>Kun valitset NBB Alpha 630 Pro LED -valaisimen, et saa pelkk\u00e4\u00e4 tuotetta, vaan asiantuntemuksella ja tarkkuudella suunnitellun ratkaisun. Alan johtavat insin\u00f6\u00f6rit ovat suunnitelleet ja testanneet jokaisen LED-ramppimme, jotta varmistetaan vertaansa vailla oleva kirkkaus ja kest\u00e4vyys, mik\u00e4 kuvastaa sitoutumistamme huippuosaamiseen ja luotettavuuteen. NBB Alpha 630 Pro LED -rampin avulla investoit laatuun, joka valaisee edess\u00e4 olevan tien arvovallalla ja luotettavuudella.<\/p>","protected":false},"featured_media":3086,"comment_status":"closed","ping_status":"closed","template":"","meta":{"_acf_changed":false,"_smort_price_nok":"5335","_smort_price_dkk":"5425","_smort_price_eur":"726.79","_smort_sale_price_nok":"5335","_smort_sale_price_dkk":"","_smort_sale_price_eur":"579.61","smort_restorder":"","shipmondo_restorder":"","_kad_blocks_custom_css":"","_kad_blocks_head_custom_js":"","_kad_blocks_body_custom_js":"","_kad_blocks_footer_custom_js":"","smort_custom_pricelist_1":"5116.8","smort_custom_pricelist_2":"4477.2","smort_custom_pricelist_3":"4157.4","smort_custom_pricelist_4":"6396","smort_custom_pricelist_5":"4477.2"},"anvandningsomrade":[],"bilmarken":[],"product_brand":[104],"product_cat":[2966,2539,1402],"product_tag":[2788],"class_list":{"0":"post-3085","1":"product","2":"type-product","3":"status-publish","4":"has-post-thumbnail","6":"product_brand-nbb","7":"product_cat-ledramp-rak","8":"product_cat-ledramper","9":"product_cat-outlet","10":"product_tag-black-week-exclude","11":"pa_fargtemperatur-5700k","12":"pa_fuktskydd-varde-ipxx-ip68","13":"pa_lampsockel-kontakt-dt","14":"pa_led-chips-effekt-w-985","15":"pa_ljusbild-flood","16":"pa_storlek-mm-627x92x81","17":"pa_stromforbrukning-108a24v","18":"pa_stromforbrukning-215a12v","19":"pa_volt-v-12-24","21":"first","22":"instock","23":"taxable","24":"shipping-taxable","25":"purchasable","26":"product-type-simple"},"bundled_by":[],"bundle_stock_status":"instock","bundle_stock_quantity":7,"bundle_virtual":false,"bundle_layout":"","bundle_add_to_cart_form_location":"","bundle_editable_in_cart":false,"bundle_sold_individually_context":"","bundle_item_grouping":"","bundle_min_size":"","bundle_max_size":"","bundle_price":[],"bundled_items":[],"bundle_sell_ids":[],"acf":[],"yoast_head":"<!-- This site is optimized with the Yoast SEO plugin v27.0 - https:\/\/yoast.com\/product\/yoast-seo-wordpress\/ -->\n<title>NBB Alpha 630 Pro LED - Xenonkungen<\/title>\n<meta name=\"robots\" content=\"index, follow, max-snippet:-1, max-image-preview:large, max-video-preview:-1\" \/>\n<link rel=\"canonical\" href=\"https:\/\/xenonkungen.com\/fi\/tuote\/nbb-alpha-630-pro-led-valot\/\" \/>\n<meta property=\"og:locale\" content=\"fi_FI\" \/>\n<meta property=\"og:type\" content=\"article\" \/>\n<meta property=\"og:title\" content=\"NBB Alpha 630 Pro LED - Xenonkungen\" \/>\n<meta property=\"og:description\" content=\"N\u00e4r du v\u00e4ljer NBB Alpha 630 Pro LED f\u00e5r du inte bara en produkt, utan en l\u00f6sning framtagen med expertis och precision. Varje Ledramp \u00e4r designad och testad av branschledande ingenj\u00f6rer f\u00f6r att garantera o\u00f6vertr\u00e4ffad ljusstyrka och h\u00e5llbarhet, vilket \u00e5terspeglar v\u00e5r str\u00e4van efter excellence och tillf\u00f6rlitlighet. Med NBB Alpha 630 Pro LED investerar du i kvalitet som lyser upp v\u00e4gen framf\u00f6r dig med auktoritet och p\u00e5litlighet.\" \/>\n<meta property=\"og:url\" content=\"https:\/\/xenonkungen.com\/fi\/tuote\/nbb-alpha-630-pro-led-valot\/\" \/>\n<meta property=\"og:site_name\" content=\"Xenonkungen\" \/>\n<meta property=\"article:modified_time\" content=\"2026-05-08T12:28:25+00:00\" \/>\n<meta property=\"og:image\" content=\"https:\/\/xenonkungen.com\/wp-content\/uploads\/2025\/04\/209690167-origpic-06af4d.png\" \/>\n\t<meta property=\"og:image:width\" content=\"1550\" \/>\n\t<meta property=\"og:image:height\" content=\"862\" \/>\n\t<meta property=\"og:image:type\" content=\"image\/png\" \/>\n<meta name=\"twitter:card\" content=\"summary_large_image\" \/>\n<meta name=\"twitter:label1\" content=\"Arvioitu lukuaika\" \/>\n\t<meta name=\"twitter:data1\" content=\"2 minuuttia\" \/>\n<script type=\"application\/ld+json\" class=\"yoast-schema-graph\">{\"@context\":\"https:\/\/schema.org\",\"@graph\":[{\"@type\":\"WebPage\",\"@id\":\"https:\/\/xenonkungen.com\/produkt\/nbb-alpha-630-pro-led\/\",\"url\":\"https:\/\/xenonkungen.com\/produkt\/nbb-alpha-630-pro-led\/\",\"name\":\"NBB Alpha 630 Pro LED - Xenonkungen\",\"isPartOf\":{\"@id\":\"https:\/\/xenonkungen.com\/#website\"},\"primaryImageOfPage\":{\"@id\":\"https:\/\/xenonkungen.com\/produkt\/nbb-alpha-630-pro-led\/#primaryimage\"},\"image\":{\"@id\":\"https:\/\/xenonkungen.com\/produkt\/nbb-alpha-630-pro-led\/#primaryimage\"},\"thumbnailUrl\":\"https:\/\/xenonkungen.com\/wp-content\/uploads\/2025\/04\/209690167-origpic-06af4d.png\",\"datePublished\":\"2025-04-15T08:48:13+00:00\",\"dateModified\":\"2026-05-08T12:28:25+00:00\",\"breadcrumb\":{\"@id\":\"https:\/\/xenonkungen.com\/produkt\/nbb-alpha-630-pro-led\/#breadcrumb\"},\"inLanguage\":\"fi\",\"potentialAction\":[{\"@type\":\"ReadAction\",\"target\":[\"https:\/\/xenonkungen.com\/produkt\/nbb-alpha-630-pro-led\/\"]}]},{\"@type\":\"ImageObject\",\"inLanguage\":\"fi\",\"@id\":\"https:\/\/xenonkungen.com\/produkt\/nbb-alpha-630-pro-led\/#primaryimage\",\"url\":\"https:\/\/xenonkungen.com\/wp-content\/uploads\/2025\/04\/209690167-origpic-06af4d.png\",\"contentUrl\":\"https:\/\/xenonkungen.com\/wp-content\/uploads\/2025\/04\/209690167-origpic-06af4d.png\",\"width\":1550,\"height\":862},{\"@type\":\"BreadcrumbList\",\"@id\":\"https:\/\/xenonkungen.com\/produkt\/nbb-alpha-630-pro-led\/#breadcrumb\",\"itemListElement\":[{\"@type\":\"ListItem\",\"position\":1,\"name\":\"Hem\",\"item\":\"https:\/\/xenonkungen.com\/\"},{\"@type\":\"ListItem\",\"position\":2,\"name\":\"Shop\",\"item\":\"https:\/\/xenonkungen.com\/shop\/\"},{\"@type\":\"ListItem\",\"position\":3,\"name\":\"NBB Alpha 630 Pro LED\"}]},{\"@type\":\"WebSite\",\"@id\":\"https:\/\/xenonkungen.com\/#website\",\"url\":\"https:\/\/xenonkungen.com\/\",\"name\":\"Xenonkungen\",\"description\":\"\",\"potentialAction\":[{\"@type\":\"SearchAction\",\"target\":{\"@type\":\"EntryPoint\",\"urlTemplate\":\"https:\/\/xenonkungen.com\/?s={search_term_string}\"},\"query-input\":{\"@type\":\"PropertyValueSpecification\",\"valueRequired\":true,\"valueName\":\"search_term_string\"}}],\"inLanguage\":\"fi\"}]}<\/script>\n<!-- \/ Yoast SEO plugin. -->","yoast_head_json":{"title":"NBB Alpha 630 Pro LED - Xenon-kuningas","robots":{"index":"index","follow":"follow","max-snippet":"max-snippet:-1","max-image-preview":"max-image-preview:large","max-video-preview":"max-video-preview:-1"},"canonical":"https:\/\/xenonkungen.com\/fi\/tuote\/nbb-alpha-630-pro-led-valot\/","og_locale":"fi_FI","og_type":"article","og_title":"NBB Alpha 630 Pro LED - Xenonkungen","og_description":"N\u00e4r du v\u00e4ljer NBB Alpha 630 Pro LED f\u00e5r du inte bara en produkt, utan en l\u00f6sning framtagen med expertis och precision. Varje Ledramp \u00e4r designad och testad av branschledande ingenj\u00f6rer f\u00f6r att garantera o\u00f6vertr\u00e4ffad ljusstyrka och h\u00e5llbarhet, vilket \u00e5terspeglar v\u00e5r str\u00e4van efter excellence och tillf\u00f6rlitlighet. Med NBB Alpha 630 Pro LED investerar du i kvalitet som lyser upp v\u00e4gen framf\u00f6r dig med auktoritet och p\u00e5litlighet.","og_url":"https:\/\/xenonkungen.com\/fi\/tuote\/nbb-alpha-630-pro-led-valot\/","og_site_name":"Xenonkungen","article_modified_time":"2026-05-08T12:28:25+00:00","og_image":[{"width":1550,"height":862,"url":"https:\/\/xenonkungen.com\/wp-content\/uploads\/2025\/04\/209690167-origpic-06af4d.png","type":"image\/png"}],"twitter_card":"summary_large_image","twitter_misc":{"Arvioitu lukuaika":"2 minuuttia"},"schema":{"@context":"https:\/\/schema.org","@graph":[{"@type":"WebPage","@id":"https:\/\/xenonkungen.com\/produkt\/nbb-alpha-630-pro-led\/","url":"https:\/\/xenonkungen.com\/produkt\/nbb-alpha-630-pro-led\/","name":"NBB Alpha 630 Pro LED - Xenon-kuningas","isPartOf":{"@id":"https:\/\/xenonkungen.com\/#website"},"primaryImageOfPage":{"@id":"https:\/\/xenonkungen.com\/produkt\/nbb-alpha-630-pro-led\/#primaryimage"},"image":{"@id":"https:\/\/xenonkungen.com\/produkt\/nbb-alpha-630-pro-led\/#primaryimage"},"thumbnailUrl":"https:\/\/xenonkungen.com\/wp-content\/uploads\/2025\/04\/209690167-origpic-06af4d.png","datePublished":"2025-04-15T08:48:13+00:00","dateModified":"2026-05-08T12:28:25+00:00","breadcrumb":{"@id":"https:\/\/xenonkungen.com\/produkt\/nbb-alpha-630-pro-led\/#breadcrumb"},"inLanguage":"fi","potentialAction":[{"@type":"ReadAction","target":["https:\/\/xenonkungen.com\/produkt\/nbb-alpha-630-pro-led\/"]}]},{"@type":"ImageObject","inLanguage":"fi","@id":"https:\/\/xenonkungen.com\/produkt\/nbb-alpha-630-pro-led\/#primaryimage","url":"https:\/\/xenonkungen.com\/wp-content\/uploads\/2025\/04\/209690167-origpic-06af4d.png","contentUrl":"https:\/\/xenonkungen.com\/wp-content\/uploads\/2025\/04\/209690167-origpic-06af4d.png","width":1550,"height":862},{"@type":"BreadcrumbList","@id":"https:\/\/xenonkungen.com\/produkt\/nbb-alpha-630-pro-led\/#breadcrumb","itemListElement":[{"@type":"ListItem","position":1,"name":"Hem","item":"https:\/\/xenonkungen.com\/"},{"@type":"ListItem","position":2,"name":"Shop","item":"https:\/\/xenonkungen.com\/shop\/"},{"@type":"ListItem","position":3,"name":"NBB Alpha 630 Pro LED"}]},{"@type":"WebSite","@id":"https:\/\/xenonkungen.com\/#website","url":"https:\/\/xenonkungen.com\/","name":"Xenonkungen","description":"","potentialAction":[{"@type":"SearchAction","target":{"@type":"EntryPoint","urlTemplate":"https:\/\/xenonkungen.com\/?s={search_term_string}"},"query-input":{"@type":"PropertyValueSpecification","valueRequired":true,"valueName":"search_term_string"}}],"inLanguage":"fi"}]}},"taxonomy_info":{"product_brand":[{"value":104,"label":"NBB"}],"product_cat":[{"value":2966,"label":"Ledramp Rak"},{"value":2539,"label":"LEDRAMPER"},{"value":1402,"label":"Outlet"}],"product_tag":[{"value":2788,"label":"black-week-exclude"}],"pa_fargtemperatur":[{"value":226,"label":"5700K"}],"pa_fuktskydd-varde-ipxx":[{"value":177,"label":"IP68"}],"pa_lampsockel-kontakt":[{"value":329,"label":"DT"}],"pa_led-chips-effekt-w":[{"value":985,"label":"260"}],"pa_ljusbild":[{"value":503,"label":"FLOOD"}],"pa_storlek-mm":[{"value":984,"label":"627x92x81"}],"pa_stromforbrukning":[{"value":987,"label":"10,8A@24V"},{"value":986,"label":"21,5A@12V"}],"pa_volt-v":[{"value":348,"label":"12, 24"}]},"featured_image_src_large":["https:\/\/xenonkungen.com\/wp-content\/uploads\/2025\/04\/209690167-origpic-06af4d-1024x569.png",1024,569,true],"author_info":[],"comment_info":0,"_links":{"self":[{"href":"https:\/\/xenonkungen.com\/fi\/wp-json\/wp\/v2\/product\/3085","targetHints":{"allow":["GET"]}}],"collection":[{"href":"https:\/\/xenonkungen.com\/fi\/wp-json\/wp\/v2\/product"}],"about":[{"href":"https:\/\/xenonkungen.com\/fi\/wp-json\/wp\/v2\/types\/product"}],"replies":[{"embeddable":true,"href":"https:\/\/xenonkungen.com\/fi\/wp-json\/wp\/v2\/comments?post=3085"}],"wp:featuredmedia":[{"embeddable":true,"href":"https:\/\/xenonkungen.com\/fi\/wp-json\/wp\/v2\/media\/3086"}],"wp:attachment":[{"href":"https:\/\/xenonkungen.com\/fi\/wp-json\/wp\/v2\/media?parent=3085"}],"wp:term":[{"taxonomy":"anvandningsomrade","embeddable":true,"href":"https:\/\/xenonkungen.com\/fi\/wp-json\/wp\/v2\/anvandningsomrade?post=3085"},{"taxonomy":"bilmarken","embeddable":true,"href":"https:\/\/xenonkungen.com\/fi\/wp-json\/wp\/v2\/bilmarken?post=3085"},{"taxonomy":"product_brand","embeddable":true,"href":"https:\/\/xenonkungen.com\/fi\/wp-json\/wp\/v2\/product_brand?post=3085"},{"taxonomy":"product_cat","embeddable":true,"href":"https:\/\/xenonkungen.com\/fi\/wp-json\/wp\/v2\/product_cat?post=3085"},{"taxonomy":"product_tag","embeddable":true,"href":"https:\/\/xenonkungen.com\/fi\/wp-json\/wp\/v2\/product_tag?post=3085"}],"curies":[{"name":"wp","href":"https:\/\/api.w.org\/{rel}","templated":true}]}}