{"id":3103,"date":"2025-04-15T08:48:13","date_gmt":"2025-04-15T08:48:13","guid":{"rendered":"https:\/\/xenonkungen.com\/product\/led-extraljus-nbb-alpha-225-fjarr\/"},"modified":"2026-04-24T16:52:58","modified_gmt":"2026-04-24T15:52:58","slug":"led-lisavalo-nbb-alpha-225-fjarriin","status":"publish","type":"product","link":"https:\/\/xenonkungen.com\/fi\/tuote\/led-lisavalo-nbb-alpha-225-fjarriin\/","title":{"rendered":"LED-lis\u00e4valo NBB Alpha 225 | Kaukos\u00e4\u00e4din"},"content":{"rendered":"<h2><strong>NBB Alpha 225 LED - Tehokas lis\u00e4valo optimaaliseen valaistukseen ja turvallisuuteen.<\/strong><\/h2>\n<p>P\u00e4ivit\u00e4 ajoneuvosi valaistus NBB Alpha 225 LED -valaisimella, joka on tehokas lis\u00e4valo, joka ei vain t\u00e4yt\u00e4 vaan ylitt\u00e4\u00e4 odotuksesi. Edistyksellisen tekniikan ja huolellisesti suunnitellun valokuvion ansiosta Alpha 225 LED yhdist\u00e4\u00e4 sek\u00e4 leveyden ett\u00e4 pituuden, mik\u00e4 antaa sinulle poikkeuksellisen hyv\u00e4n n\u00e4kyvyyden ja lis\u00e4\u00e4 turvallisuutta tien p\u00e4\u00e4ll\u00e4.<\/p>\n<p>Integroidut suuritehoiset LEDit yhdess\u00e4 kehittyneen vapaamuotoisen heijastimen kanssa takaavat, ett\u00e4 jokainen ajo on kirkkaampi ja turvallisempi s\u00e4\u00e4olosuhteista riippumatta. Lis\u00e4ksi lis\u00e4valossa on moderni muotoilu ja vankka valaisinkotelo, joka kest\u00e4\u00e4 aikaa, joten se on pitk\u00e4ik\u00e4inen investointi autoosi.<\/p>\n<p>NBB Alpha 225 LED ei ole vain tehokas, vaan my\u00f6s k\u00e4yt\u00e4nn\u00f6llinen. Mukana tuleva 0,5 metrin kaapeli, jossa on 3-nastainen DT-liitin, tekee asennuksesta helppoa. Tyyliisi ja tarpeisiisi sopivaksi mukana toimitetaan sek\u00e4 sininen ett\u00e4 musta yl\u00e4korkki sek\u00e4 kivinen laipion suojus lis\u00e4kest\u00e4vyytt\u00e4 varten.<\/p>\n<p>E-hyv\u00e4ksynn\u00e4ll\u00e4 ja paikannusvalolla varustettu Alpha 225 LED on valmis tien p\u00e4\u00e4lle. Ja mielenrauhan lis\u00e4\u00e4miseksi tarjoamme 3 vuoden toimintatakuun - joka tosin raukeaa, jos tuotetta muutetaan.<\/p>\n<p>Anna ajoneuvollesi sen ansaitsema valaistus NBB Alpha 225 LED -valaisimella!<\/p>\n<p><strong>Tekniset tiedot<\/strong><\/p>\n<p>LED: -<\/p>\n<p>Teoreettiset lumenit: <span>&#8211;<\/span><\/p>\n<p>Raakalumenit: -<\/p>\n<p>Todellinen valovoima: 6 200 lm<\/p>\n<p>Kantama: 1 luksi @ 470<\/p>\n<p>Voltti: 10-30V<\/p>\n<p>Teho: 50W<\/p>\n<p>Todellinen virrankulutus: -<\/p>\n<p>Virrankulutus: -<\/p>\n<p>V\u00e4ril\u00e4mp\u00f6tila: 6000K<\/p>\n<p>Diaesitys: Ajaminen<\/p>\n<p>Todistus: E-hyv\u00e4ksytty<\/p>\n<p>Kosteussuojaus: IP68<\/p>\n<p>Liit\u00e4nt\u00e4: 3-nastainen DT-liitin 0,5 m:n kaapelilla.<\/p>\n<p>Mitat ja paino: \u00d8 225 \/ 2,5 kg<\/p>\n<p>Takuu: 3 vuoden toimintatakuu<\/p>","protected":false},"excerpt":{"rendered":"<p>Tutustu NBB Alpha 225 LED - tehokkaaseen lis\u00e4valaisimeen, jossa yhdistyv\u00e4t moderni muotoilu ja tehokas valaistus. Paranna n\u00e4kyvyytt\u00e4 ja turvallisuutta tiell\u00e4 edistyksellisen LED-tekniikan ja kest\u00e4v\u00e4n valaisinkotelon avulla. T\u00e4ydellinen ratkaisu vaativiin ajo-olosuhteisiin.<\/p>","protected":false},"featured_media":3104,"comment_status":"closed","ping_status":"closed","template":"","meta":{"_acf_changed":false,"_smort_price_nok":"4486","_smort_price_dkk":"2850","_smort_price_eur":"381.8","_smort_sale_price_nok":"","_smort_sale_price_dkk":"","_smort_sale_price_eur":"","smort_restorder":"","shipmondo_restorder":"","_kad_blocks_custom_css":"","_kad_blocks_head_custom_js":"","_kad_blocks_body_custom_js":"","_kad_blocks_footer_custom_js":"","smort_custom_pricelist_1":"2688","smort_custom_pricelist_2":"2520","smort_custom_pricelist_3":"2520","smort_custom_pricelist_4":"3360","smort_custom_pricelist_5":"2520"},"anvandningsomrade":[],"bilmarken":[],"product_brand":[],"product_cat":[2840,2544,142],"product_tag":[],"class_list":{"0":"post-3103","1":"product","2":"type-product","3":"status-publish","4":"has-post-thumbnail","6":"product_cat-extraljus-ovriga-storlekar","7":"product_cat-nbb-xenon-led","8":"product_cat-extraljus","10":"first","11":"onbackorder","12":"taxable","13":"shipping-taxable","14":"purchasable","15":"product-type-simple"},"bundled_by":[],"bundle_stock_status":"onbackorder","bundle_stock_quantity":0,"bundle_virtual":false,"bundle_layout":"","bundle_add_to_cart_form_location":"","bundle_editable_in_cart":false,"bundle_sold_individually_context":"","bundle_item_grouping":"","bundle_min_size":"","bundle_max_size":"","bundle_price":[],"bundled_items":[],"bundle_sell_ids":[],"acf":[],"yoast_head":"<!-- This site is optimized with the Yoast SEO plugin v27.0 - https:\/\/yoast.com\/product\/yoast-seo-wordpress\/ -->\n<title>LED Extraljus NBB Alpha 225 | Fj\u00e4rr - Xenonkungen<\/title>\n<meta name=\"robots\" content=\"index, follow, max-snippet:-1, max-image-preview:large, max-video-preview:-1\" \/>\n<link rel=\"canonical\" href=\"https:\/\/xenonkungen.com\/fi\/tuote\/led-lisavalo-nbb-alpha-225-fjarriin\/\" \/>\n<meta property=\"og:locale\" content=\"fi_FI\" \/>\n<meta property=\"og:type\" content=\"article\" \/>\n<meta property=\"og:title\" content=\"LED Extraljus NBB Alpha 225 | Fj\u00e4rr - Xenonkungen\" \/>\n<meta property=\"og:description\" content=\"Uppt\u00e4ck NBB Alpha 225 LED \u2013 ett h\u00f6gpresterande extraljus som kombinerar modern design med kraftfull belysning. F\u00f6rb\u00e4ttra din sikt och s\u00e4kerhet p\u00e5 v\u00e4gen med avancerad LED-teknik och h\u00e5llbart lamphus. En perfekt l\u00f6sning f\u00f6r kr\u00e4vande k\u00f6rf\u00f6rh\u00e5llanden.\" \/>\n<meta property=\"og:url\" content=\"https:\/\/xenonkungen.com\/fi\/tuote\/led-lisavalo-nbb-alpha-225-fjarriin\/\" \/>\n<meta property=\"og:site_name\" content=\"Xenonkungen\" \/>\n<meta property=\"article:modified_time\" content=\"2026-04-24T15:52:58+00:00\" \/>\n<meta property=\"og:image\" content=\"https:\/\/xenonkungen.com\/wp-content\/uploads\/2025\/04\/215238409-origpic-19a477.jpg\" \/>\n\t<meta property=\"og:image:width\" content=\"856\" \/>\n\t<meta property=\"og:image:height\" content=\"710\" \/>\n\t<meta property=\"og:image:type\" content=\"image\/jpeg\" \/>\n<meta name=\"twitter:card\" content=\"summary_large_image\" \/>\n<meta name=\"twitter:label1\" content=\"Arvioitu lukuaika\" \/>\n\t<meta name=\"twitter:data1\" content=\"1 minuutti\" \/>\n<script type=\"application\/ld+json\" class=\"yoast-schema-graph\">{\"@context\":\"https:\/\/schema.org\",\"@graph\":[{\"@type\":\"WebPage\",\"@id\":\"https:\/\/xenonkungen.com\/produkt\/led-extraljus-nbb-alpha-225-fjarr\/\",\"url\":\"https:\/\/xenonkungen.com\/produkt\/led-extraljus-nbb-alpha-225-fjarr\/\",\"name\":\"LED Extraljus NBB Alpha 225 | Fj\u00e4rr - Xenonkungen\",\"isPartOf\":{\"@id\":\"https:\/\/xenonkungen.com\/#website\"},\"primaryImageOfPage\":{\"@id\":\"https:\/\/xenonkungen.com\/produkt\/led-extraljus-nbb-alpha-225-fjarr\/#primaryimage\"},\"image\":{\"@id\":\"https:\/\/xenonkungen.com\/produkt\/led-extraljus-nbb-alpha-225-fjarr\/#primaryimage\"},\"thumbnailUrl\":\"https:\/\/xenonkungen.com\/wp-content\/uploads\/2025\/04\/215238409-origpic-19a477.jpg\",\"datePublished\":\"2025-04-15T08:48:13+00:00\",\"dateModified\":\"2026-04-24T15:52:58+00:00\",\"breadcrumb\":{\"@id\":\"https:\/\/xenonkungen.com\/produkt\/led-extraljus-nbb-alpha-225-fjarr\/#breadcrumb\"},\"inLanguage\":\"fi\",\"potentialAction\":[{\"@type\":\"ReadAction\",\"target\":[\"https:\/\/xenonkungen.com\/produkt\/led-extraljus-nbb-alpha-225-fjarr\/\"]}]},{\"@type\":\"ImageObject\",\"inLanguage\":\"fi\",\"@id\":\"https:\/\/xenonkungen.com\/produkt\/led-extraljus-nbb-alpha-225-fjarr\/#primaryimage\",\"url\":\"https:\/\/xenonkungen.com\/wp-content\/uploads\/2025\/04\/215238409-origpic-19a477.jpg\",\"contentUrl\":\"https:\/\/xenonkungen.com\/wp-content\/uploads\/2025\/04\/215238409-origpic-19a477.jpg\",\"width\":856,\"height\":710},{\"@type\":\"BreadcrumbList\",\"@id\":\"https:\/\/xenonkungen.com\/produkt\/led-extraljus-nbb-alpha-225-fjarr\/#breadcrumb\",\"itemListElement\":[{\"@type\":\"ListItem\",\"position\":1,\"name\":\"Hem\",\"item\":\"https:\/\/xenonkungen.com\/\"},{\"@type\":\"ListItem\",\"position\":2,\"name\":\"Shop\",\"item\":\"https:\/\/xenonkungen.com\/shop\/\"},{\"@type\":\"ListItem\",\"position\":3,\"name\":\"LED Extraljus NBB Alpha 225 | Fj\u00e4rr\"}]},{\"@type\":\"WebSite\",\"@id\":\"https:\/\/xenonkungen.com\/#website\",\"url\":\"https:\/\/xenonkungen.com\/\",\"name\":\"Xenonkungen\",\"description\":\"\",\"potentialAction\":[{\"@type\":\"SearchAction\",\"target\":{\"@type\":\"EntryPoint\",\"urlTemplate\":\"https:\/\/xenonkungen.com\/?s={search_term_string}\"},\"query-input\":{\"@type\":\"PropertyValueSpecification\",\"valueRequired\":true,\"valueName\":\"search_term_string\"}}],\"inLanguage\":\"fi\"}]}<\/script>\n<!-- \/ Yoast SEO plugin. -->","yoast_head_json":{"title":"LED-lis\u00e4valo NBB Alpha 225 | Kauko-ohjaus - Xenonkungen","robots":{"index":"index","follow":"follow","max-snippet":"max-snippet:-1","max-image-preview":"max-image-preview:large","max-video-preview":"max-video-preview:-1"},"canonical":"https:\/\/xenonkungen.com\/fi\/tuote\/led-lisavalo-nbb-alpha-225-fjarriin\/","og_locale":"fi_FI","og_type":"article","og_title":"LED Extraljus NBB Alpha 225 | Fj\u00e4rr - Xenonkungen","og_description":"Uppt\u00e4ck NBB Alpha 225 LED \u2013 ett h\u00f6gpresterande extraljus som kombinerar modern design med kraftfull belysning. F\u00f6rb\u00e4ttra din sikt och s\u00e4kerhet p\u00e5 v\u00e4gen med avancerad LED-teknik och h\u00e5llbart lamphus. En perfekt l\u00f6sning f\u00f6r kr\u00e4vande k\u00f6rf\u00f6rh\u00e5llanden.","og_url":"https:\/\/xenonkungen.com\/fi\/tuote\/led-lisavalo-nbb-alpha-225-fjarriin\/","og_site_name":"Xenonkungen","article_modified_time":"2026-04-24T15:52:58+00:00","og_image":[{"width":856,"height":710,"url":"https:\/\/xenonkungen.com\/wp-content\/uploads\/2025\/04\/215238409-origpic-19a477.jpg","type":"image\/jpeg"}],"twitter_card":"summary_large_image","twitter_misc":{"Arvioitu lukuaika":"1 minuutti"},"schema":{"@context":"https:\/\/schema.org","@graph":[{"@type":"WebPage","@id":"https:\/\/xenonkungen.com\/produkt\/led-extraljus-nbb-alpha-225-fjarr\/","url":"https:\/\/xenonkungen.com\/produkt\/led-extraljus-nbb-alpha-225-fjarr\/","name":"LED-lis\u00e4valo NBB Alpha 225 | Kauko-ohjaus - Xenonkungen","isPartOf":{"@id":"https:\/\/xenonkungen.com\/#website"},"primaryImageOfPage":{"@id":"https:\/\/xenonkungen.com\/produkt\/led-extraljus-nbb-alpha-225-fjarr\/#primaryimage"},"image":{"@id":"https:\/\/xenonkungen.com\/produkt\/led-extraljus-nbb-alpha-225-fjarr\/#primaryimage"},"thumbnailUrl":"https:\/\/xenonkungen.com\/wp-content\/uploads\/2025\/04\/215238409-origpic-19a477.jpg","datePublished":"2025-04-15T08:48:13+00:00","dateModified":"2026-04-24T15:52:58+00:00","breadcrumb":{"@id":"https:\/\/xenonkungen.com\/produkt\/led-extraljus-nbb-alpha-225-fjarr\/#breadcrumb"},"inLanguage":"fi","potentialAction":[{"@type":"ReadAction","target":["https:\/\/xenonkungen.com\/produkt\/led-extraljus-nbb-alpha-225-fjarr\/"]}]},{"@type":"ImageObject","inLanguage":"fi","@id":"https:\/\/xenonkungen.com\/produkt\/led-extraljus-nbb-alpha-225-fjarr\/#primaryimage","url":"https:\/\/xenonkungen.com\/wp-content\/uploads\/2025\/04\/215238409-origpic-19a477.jpg","contentUrl":"https:\/\/xenonkungen.com\/wp-content\/uploads\/2025\/04\/215238409-origpic-19a477.jpg","width":856,"height":710},{"@type":"BreadcrumbList","@id":"https:\/\/xenonkungen.com\/produkt\/led-extraljus-nbb-alpha-225-fjarr\/#breadcrumb","itemListElement":[{"@type":"ListItem","position":1,"name":"Hem","item":"https:\/\/xenonkungen.com\/"},{"@type":"ListItem","position":2,"name":"Shop","item":"https:\/\/xenonkungen.com\/shop\/"},{"@type":"ListItem","position":3,"name":"LED Extraljus NBB Alpha 225 | Fj\u00e4rr"}]},{"@type":"WebSite","@id":"https:\/\/xenonkungen.com\/#website","url":"https:\/\/xenonkungen.com\/","name":"Xenonkungen","description":"","potentialAction":[{"@type":"SearchAction","target":{"@type":"EntryPoint","urlTemplate":"https:\/\/xenonkungen.com\/?s={search_term_string}"},"query-input":{"@type":"PropertyValueSpecification","valueRequired":true,"valueName":"search_term_string"}}],"inLanguage":"fi"}]}},"taxonomy_info":{"product_cat":[{"value":2840,"label":"Extraljus \u00d6vriga storlekar"},{"value":2544,"label":"NBB Xenon\/LED"},{"value":142,"label":"Extraljus"}]},"featured_image_src_large":["https:\/\/xenonkungen.com\/wp-content\/uploads\/2025\/04\/215238409-origpic-19a477.jpg",856,710,false],"author_info":[],"comment_info":0,"_links":{"self":[{"href":"https:\/\/xenonkungen.com\/fi\/wp-json\/wp\/v2\/product\/3103","targetHints":{"allow":["GET"]}}],"collection":[{"href":"https:\/\/xenonkungen.com\/fi\/wp-json\/wp\/v2\/product"}],"about":[{"href":"https:\/\/xenonkungen.com\/fi\/wp-json\/wp\/v2\/types\/product"}],"replies":[{"embeddable":true,"href":"https:\/\/xenonkungen.com\/fi\/wp-json\/wp\/v2\/comments?post=3103"}],"wp:featuredmedia":[{"embeddable":true,"href":"https:\/\/xenonkungen.com\/fi\/wp-json\/wp\/v2\/media\/3104"}],"wp:attachment":[{"href":"https:\/\/xenonkungen.com\/fi\/wp-json\/wp\/v2\/media?parent=3103"}],"wp:term":[{"taxonomy":"anvandningsomrade","embeddable":true,"href":"https:\/\/xenonkungen.com\/fi\/wp-json\/wp\/v2\/anvandningsomrade?post=3103"},{"taxonomy":"bilmarken","embeddable":true,"href":"https:\/\/xenonkungen.com\/fi\/wp-json\/wp\/v2\/bilmarken?post=3103"},{"taxonomy":"product_brand","embeddable":true,"href":"https:\/\/xenonkungen.com\/fi\/wp-json\/wp\/v2\/product_brand?post=3103"},{"taxonomy":"product_cat","embeddable":true,"href":"https:\/\/xenonkungen.com\/fi\/wp-json\/wp\/v2\/product_cat?post=3103"},{"taxonomy":"product_tag","embeddable":true,"href":"https:\/\/xenonkungen.com\/fi\/wp-json\/wp\/v2\/product_tag?post=3103"}],"curies":[{"name":"wp","href":"https:\/\/api.w.org\/{rel}","templated":true}]}}