{"id":3119,"date":"2025-04-15T08:49:00","date_gmt":"2025-04-15T08:49:00","guid":{"rendered":"https:\/\/xenonkungen.com\/product\/truck-led-ljus-6w-spot-bla\/"},"modified":"2025-12-25T21:08:34","modified_gmt":"2025-12-25T20:08:34","slug":"kuorma-auton-led-kohdevalo-6-w-sininen","status":"publish","type":"product","link":"https:\/\/xenonkungen.com\/fi\/tuote\/kuorma-auton-led-kohdevalo-6-w-sininen\/","title":{"rendered":"Kuorma-auton LED-valo 6W Spot, sininen"},"content":{"rendered":"<section class=\"product-copy\">\n<h1>Sinisen kuorma-auton varoituspiste - turvallisuutta, johon voit luottaa<\/h1>\n<p>\n    Anna ty\u00f6paikalle lis\u00e4turvaa sinisell\u00e4 varoituspisteell\u00e4mme, joka on erityisesti suunniteltu trukkeja ja muita ty\u00f6ajoneuvoja varten.<br \/>\n    Se heijastaa lattiaan kirkkaan sinisen valopisteen, joka varoittaa jalankulkijoita ja ty\u00f6tovereita ajoissa \u2013 jopa meluisissa ymp\u00e4rist\u00f6iss\u00e4.<br \/>\n    tai huonosti n\u00e4kyviss\u00e4 ymp\u00e4rist\u00f6iss\u00e4.\n  <\/p>\n<p>\n    Kest\u00e4v\u00e4n alumiinikotelon ja kest\u00e4v\u00e4n polykarbonaattilinssin sek\u00e4 heijastimen ansiosta se on rakennettu kest\u00e4m\u00e4\u00e4n iskuja ja t\u00e4rin\u00e4\u00e4.<br \/>\n    ja p\u00f6lyisiin teollisuusymp\u00e4rist\u00f6ihin. Se tuottaa 6 W:n kirkkauden ja jopa 400 lumenin valotehon (raaka), mik\u00e4 takaa selke\u00e4n ja n\u00e4kyv\u00e4n valokuvan.\n  <\/p>\n<p>\n    Kompaktit mitat 144 mm (leveys) x 75 mm (syvyys) x 130 mm mahdollistavat helpon asennuksen useimpiin kuorma-automalleihin viem\u00e4tt\u00e4 turhaa tilaa.\n  <\/p>\n<p>\n    Pienell\u00e4 investoinnilla voi olla suuri merkitys turvallisuudelle varastoissa, teollisuustiloissa ja muissa ty\u00f6paikoissa, joissa ihmiset ja koneet kohtaavat.\n  <\/p>\n<\/section>","protected":false},"excerpt":{"rendered":"<p>Bl\u00e5 varningsspot f\u00f6r truck \u2013 s\u00e4kerhet du kan lita p\u00e5 Ge arbetsplatsen en extra trygghet med v\u00e5r bl\u00e5 varningsspot, speciellt framtagen f\u00f6r truckar och andra arbetsfordon. Den projicerar en tydlig bl\u00e5 ljuspunkt p\u00e5 golvet som varnar fotg\u00e4ngare och kollegor i god tid \u2013 \u00e4ven i bullriga eller d\u00e5ligt \u00f6versk\u00e5dliga milj\u00f6er. Med ett robust aluminiumhus och [&hellip;]<\/p>","protected":false},"featured_media":3120,"comment_status":"closed","ping_status":"closed","template":"","meta":{"_acf_changed":false,"_smort_price_nok":"370","_smort_price_dkk":"336","_smort_price_eur":"45","_smort_sale_price_nok":"370","_smort_sale_price_dkk":"","_smort_sale_price_eur":"31.5","smort_restorder":"","shipmondo_restorder":"","_kad_blocks_custom_css":"","_kad_blocks_head_custom_js":"","_kad_blocks_body_custom_js":"","_kad_blocks_footer_custom_js":"","smort_custom_pricelist_1":"316.8","smort_custom_pricelist_2":"277.2","smort_custom_pricelist_3":"257.4","smort_custom_pricelist_4":"396","smort_custom_pricelist_5":"277.2"},"anvandningsomrade":[],"bilmarken":[],"product_brand":[2793],"product_cat":[16],"product_tag":[],"class_list":{"0":"post-3119","1":"product","2":"type-product","3":"status-publish","4":"has-post-thumbnail","6":"product_brand-ovrigt","7":"product_cat-uncategorized","8":"pa_godkannande-ece-r10","9":"pa_led-chips-effekt-w-992","10":"pa_volt-v-12-24-multivolt","12":"first","13":"onbackorder","14":"sale","15":"taxable","16":"shipping-taxable","17":"purchasable","18":"product-type-simple"},"bundled_by":[],"bundle_stock_status":"onbackorder","bundle_stock_quantity":0,"bundle_virtual":false,"bundle_layout":"","bundle_add_to_cart_form_location":"","bundle_editable_in_cart":false,"bundle_sold_individually_context":"","bundle_item_grouping":"","bundle_min_size":"","bundle_max_size":"","bundle_price":[],"bundled_items":[],"bundle_sell_ids":[],"acf":[],"yoast_head":"<!-- This site is optimized with the Yoast SEO plugin v27.0 - https:\/\/yoast.com\/product\/yoast-seo-wordpress\/ -->\n<title>Truck LED ljus 6W Spot, Bl\u00e5 - Xenonkungen<\/title>\n<meta name=\"robots\" content=\"index, follow, max-snippet:-1, max-image-preview:large, max-video-preview:-1\" \/>\n<link rel=\"canonical\" href=\"https:\/\/xenonkungen.com\/fi\/tuote\/kuorma-auton-led-kohdevalo-6-w-sininen\/\" \/>\n<meta property=\"og:locale\" content=\"fi_FI\" \/>\n<meta property=\"og:type\" content=\"article\" \/>\n<meta property=\"og:title\" content=\"Truck LED ljus 6W Spot, Bl\u00e5 - Xenonkungen\" \/>\n<meta property=\"og:description\" content=\"Bl\u00e5 varningsspot f\u00f6r truck \u2013 s\u00e4kerhet du kan lita p\u00e5 Ge arbetsplatsen en extra trygghet med v\u00e5r bl\u00e5 varningsspot, speciellt framtagen f\u00f6r truckar och andra arbetsfordon. Den projicerar en tydlig bl\u00e5 ljuspunkt p\u00e5 golvet som varnar fotg\u00e4ngare och kollegor i god tid \u2013 \u00e4ven i bullriga eller d\u00e5ligt \u00f6versk\u00e5dliga milj\u00f6er. Med ett robust aluminiumhus och [&hellip;]\" \/>\n<meta property=\"og:url\" content=\"https:\/\/xenonkungen.com\/fi\/tuote\/kuorma-auton-led-kohdevalo-6-w-sininen\/\" \/>\n<meta property=\"og:site_name\" content=\"Xenonkungen\" \/>\n<meta property=\"article:modified_time\" content=\"2025-12-25T20:08:34+00:00\" \/>\n<meta property=\"og:image\" content=\"https:\/\/xenonkungen.com\/wp-content\/uploads\/2025\/04\/164624199-origpic-ed5383.png\" \/>\n\t<meta property=\"og:image:width\" content=\"1000\" \/>\n\t<meta property=\"og:image:height\" content=\"1000\" \/>\n\t<meta property=\"og:image:type\" content=\"image\/png\" \/>\n<meta name=\"twitter:card\" content=\"summary_large_image\" \/>\n<meta name=\"twitter:label1\" content=\"Arvioitu lukuaika\" \/>\n\t<meta name=\"twitter:data1\" content=\"1 minuutti\" \/>\n<script type=\"application\/ld+json\" class=\"yoast-schema-graph\">{\"@context\":\"https:\/\/schema.org\",\"@graph\":[{\"@type\":\"WebPage\",\"@id\":\"https:\/\/xenonkungen.com\/en\/product\/truck-led-light-6w-spot-blue\/\",\"url\":\"https:\/\/xenonkungen.com\/en\/product\/truck-led-light-6w-spot-blue\/\",\"name\":\"Truck LED ljus 6W Spot, Bl\u00e5 - Xenonkungen\",\"isPartOf\":{\"@id\":\"https:\/\/xenonkungen.com\/#website\"},\"primaryImageOfPage\":{\"@id\":\"https:\/\/xenonkungen.com\/en\/product\/truck-led-light-6w-spot-blue\/#primaryimage\"},\"image\":{\"@id\":\"https:\/\/xenonkungen.com\/en\/product\/truck-led-light-6w-spot-blue\/#primaryimage\"},\"thumbnailUrl\":\"https:\/\/xenonkungen.com\/wp-content\/uploads\/2025\/04\/164624199-origpic-ed5383.png\",\"datePublished\":\"2025-04-15T08:49:00+00:00\",\"dateModified\":\"2025-12-25T20:08:34+00:00\",\"breadcrumb\":{\"@id\":\"https:\/\/xenonkungen.com\/en\/product\/truck-led-light-6w-spot-blue\/#breadcrumb\"},\"inLanguage\":\"fi\",\"potentialAction\":[{\"@type\":\"ReadAction\",\"target\":[\"https:\/\/xenonkungen.com\/en\/product\/truck-led-light-6w-spot-blue\/\"]}]},{\"@type\":\"ImageObject\",\"inLanguage\":\"fi\",\"@id\":\"https:\/\/xenonkungen.com\/en\/product\/truck-led-light-6w-spot-blue\/#primaryimage\",\"url\":\"https:\/\/xenonkungen.com\/wp-content\/uploads\/2025\/04\/164624199-origpic-ed5383.png\",\"contentUrl\":\"https:\/\/xenonkungen.com\/wp-content\/uploads\/2025\/04\/164624199-origpic-ed5383.png\",\"width\":1000,\"height\":1000},{\"@type\":\"BreadcrumbList\",\"@id\":\"https:\/\/xenonkungen.com\/en\/product\/truck-led-light-6w-spot-blue\/#breadcrumb\",\"itemListElement\":[{\"@type\":\"ListItem\",\"position\":1,\"name\":\"Hem\",\"item\":\"https:\/\/xenonkungen.com\/\"},{\"@type\":\"ListItem\",\"position\":2,\"name\":\"Shop\",\"item\":\"https:\/\/xenonkungen.com\/shop\/\"},{\"@type\":\"ListItem\",\"position\":3,\"name\":\"Truck LED ljus 6W Spot, Bl\u00e5\"}]},{\"@type\":\"WebSite\",\"@id\":\"https:\/\/xenonkungen.com\/#website\",\"url\":\"https:\/\/xenonkungen.com\/\",\"name\":\"Xenonkungen\",\"description\":\"\",\"potentialAction\":[{\"@type\":\"SearchAction\",\"target\":{\"@type\":\"EntryPoint\",\"urlTemplate\":\"https:\/\/xenonkungen.com\/?s={search_term_string}\"},\"query-input\":{\"@type\":\"PropertyValueSpecification\",\"valueRequired\":true,\"valueName\":\"search_term_string\"}}],\"inLanguage\":\"fi\"}]}<\/script>\n<!-- \/ Yoast SEO plugin. -->","yoast_head_json":{"title":"Kuorma-auton LED-kohdevalo 6W, sininen - Xenonkungen","robots":{"index":"index","follow":"follow","max-snippet":"max-snippet:-1","max-image-preview":"max-image-preview:large","max-video-preview":"max-video-preview:-1"},"canonical":"https:\/\/xenonkungen.com\/fi\/tuote\/kuorma-auton-led-kohdevalo-6-w-sininen\/","og_locale":"fi_FI","og_type":"article","og_title":"Truck LED ljus 6W Spot, Bl\u00e5 - Xenonkungen","og_description":"Bl\u00e5 varningsspot f\u00f6r truck \u2013 s\u00e4kerhet du kan lita p\u00e5 Ge arbetsplatsen en extra trygghet med v\u00e5r bl\u00e5 varningsspot, speciellt framtagen f\u00f6r truckar och andra arbetsfordon. Den projicerar en tydlig bl\u00e5 ljuspunkt p\u00e5 golvet som varnar fotg\u00e4ngare och kollegor i god tid \u2013 \u00e4ven i bullriga eller d\u00e5ligt \u00f6versk\u00e5dliga milj\u00f6er. Med ett robust aluminiumhus och [&hellip;]","og_url":"https:\/\/xenonkungen.com\/fi\/tuote\/kuorma-auton-led-kohdevalo-6-w-sininen\/","og_site_name":"Xenonkungen","article_modified_time":"2025-12-25T20:08:34+00:00","og_image":[{"width":1000,"height":1000,"url":"https:\/\/xenonkungen.com\/wp-content\/uploads\/2025\/04\/164624199-origpic-ed5383.png","type":"image\/png"}],"twitter_card":"summary_large_image","twitter_misc":{"Arvioitu lukuaika":"1 minuutti"},"schema":{"@context":"https:\/\/schema.org","@graph":[{"@type":"WebPage","@id":"https:\/\/xenonkungen.com\/en\/product\/truck-led-light-6w-spot-blue\/","url":"https:\/\/xenonkungen.com\/en\/product\/truck-led-light-6w-spot-blue\/","name":"Kuorma-auton LED-kohdevalo 6W, sininen - Xenonkungen","isPartOf":{"@id":"https:\/\/xenonkungen.com\/#website"},"primaryImageOfPage":{"@id":"https:\/\/xenonkungen.com\/en\/product\/truck-led-light-6w-spot-blue\/#primaryimage"},"image":{"@id":"https:\/\/xenonkungen.com\/en\/product\/truck-led-light-6w-spot-blue\/#primaryimage"},"thumbnailUrl":"https:\/\/xenonkungen.com\/wp-content\/uploads\/2025\/04\/164624199-origpic-ed5383.png","datePublished":"2025-04-15T08:49:00+00:00","dateModified":"2025-12-25T20:08:34+00:00","breadcrumb":{"@id":"https:\/\/xenonkungen.com\/en\/product\/truck-led-light-6w-spot-blue\/#breadcrumb"},"inLanguage":"fi","potentialAction":[{"@type":"ReadAction","target":["https:\/\/xenonkungen.com\/en\/product\/truck-led-light-6w-spot-blue\/"]}]},{"@type":"ImageObject","inLanguage":"fi","@id":"https:\/\/xenonkungen.com\/en\/product\/truck-led-light-6w-spot-blue\/#primaryimage","url":"https:\/\/xenonkungen.com\/wp-content\/uploads\/2025\/04\/164624199-origpic-ed5383.png","contentUrl":"https:\/\/xenonkungen.com\/wp-content\/uploads\/2025\/04\/164624199-origpic-ed5383.png","width":1000,"height":1000},{"@type":"BreadcrumbList","@id":"https:\/\/xenonkungen.com\/en\/product\/truck-led-light-6w-spot-blue\/#breadcrumb","itemListElement":[{"@type":"ListItem","position":1,"name":"Hem","item":"https:\/\/xenonkungen.com\/"},{"@type":"ListItem","position":2,"name":"Shop","item":"https:\/\/xenonkungen.com\/shop\/"},{"@type":"ListItem","position":3,"name":"Truck LED ljus 6W Spot, Bl\u00e5"}]},{"@type":"WebSite","@id":"https:\/\/xenonkungen.com\/#website","url":"https:\/\/xenonkungen.com\/","name":"Xenonkungen","description":"","potentialAction":[{"@type":"SearchAction","target":{"@type":"EntryPoint","urlTemplate":"https:\/\/xenonkungen.com\/?s={search_term_string}"},"query-input":{"@type":"PropertyValueSpecification","valueRequired":true,"valueName":"search_term_string"}}],"inLanguage":"fi"}]}},"taxonomy_info":{"product_brand":[{"value":2793,"label":"\u00d6VRIGT"}],"product_cat":[{"value":16,"label":"Uncategorized"}],"pa_godkannande":[{"value":966,"label":"ECE, R10"}],"pa_led-chips-effekt-w":[{"value":992,"label":"6"}],"pa_volt-v":[{"value":367,"label":"12, 24, Multivolt"}]},"featured_image_src_large":["https:\/\/xenonkungen.com\/wp-content\/uploads\/2025\/04\/164624199-origpic-ed5383.png",1000,1000,false],"author_info":[],"comment_info":0,"_links":{"self":[{"href":"https:\/\/xenonkungen.com\/fi\/wp-json\/wp\/v2\/product\/3119","targetHints":{"allow":["GET"]}}],"collection":[{"href":"https:\/\/xenonkungen.com\/fi\/wp-json\/wp\/v2\/product"}],"about":[{"href":"https:\/\/xenonkungen.com\/fi\/wp-json\/wp\/v2\/types\/product"}],"replies":[{"embeddable":true,"href":"https:\/\/xenonkungen.com\/fi\/wp-json\/wp\/v2\/comments?post=3119"}],"wp:featuredmedia":[{"embeddable":true,"href":"https:\/\/xenonkungen.com\/fi\/wp-json\/wp\/v2\/media\/3120"}],"wp:attachment":[{"href":"https:\/\/xenonkungen.com\/fi\/wp-json\/wp\/v2\/media?parent=3119"}],"wp:term":[{"taxonomy":"anvandningsomrade","embeddable":true,"href":"https:\/\/xenonkungen.com\/fi\/wp-json\/wp\/v2\/anvandningsomrade?post=3119"},{"taxonomy":"bilmarken","embeddable":true,"href":"https:\/\/xenonkungen.com\/fi\/wp-json\/wp\/v2\/bilmarken?post=3119"},{"taxonomy":"product_brand","embeddable":true,"href":"https:\/\/xenonkungen.com\/fi\/wp-json\/wp\/v2\/product_brand?post=3119"},{"taxonomy":"product_cat","embeddable":true,"href":"https:\/\/xenonkungen.com\/fi\/wp-json\/wp\/v2\/product_cat?post=3119"},{"taxonomy":"product_tag","embeddable":true,"href":"https:\/\/xenonkungen.com\/fi\/wp-json\/wp\/v2\/product_tag?post=3119"}],"curies":[{"name":"wp","href":"https:\/\/api.w.org\/{rel}","templated":true}]}}