{"id":3138,"date":"2025-04-15T08:49:31","date_gmt":"2025-04-15T08:49:31","guid":{"rendered":"https:\/\/xenonkungen.com\/product\/briodlights-statum-extraljus-7-180mm\/"},"modified":"2026-04-11T00:02:36","modified_gmt":"2026-04-10T23:02:36","slug":"briodlights-statum-lisavalo-7-180mm","status":"publish","type":"product","link":"https:\/\/xenonkungen.com\/fi\/tuote\/briodlights-statum-lisavalo-7-180mm\/","title":{"rendered":"BriodLights Statum Extra Light 7\u2033\/180mm BriodLights Statum Extra Light 7\u2033\/180mm"},"content":{"rendered":"<h1>BriodLights Statum Extra Light 180 mm (7 tuumaa): Tyylik\u00e4s muotoilu ja suorituskyky t\u00e4ydellisess\u00e4 harmoniassa<\/h1>\n<p>Niille, jotka etsiv\u00e4t sek\u00e4 tyylik\u00e4st\u00e4 muotoilua ett\u00e4 vaikuttavaa suorituskyky\u00e4, BriodLightin Statum-lis\u00e4valo 180 mm (7&quot;) on t\u00e4ydellinen valinta. Combo-valokuvion ansiosta saat laajan ja kauniin valokuvion, joka sopii t\u00e4ydellisesti vaihtelevaan ajoon.<\/p>\n<h2>Ominaisuudet ja edut:<\/h2>\n<ul>\n<li><strong>Yhdistelm\u00e4kelkka:<\/strong> Lis\u00e4valo tarjoaa Combo-valokuvion, jossa yhdistyv\u00e4t sek\u00e4 leveys ett\u00e4 pituus ja joka tarjoaa optimaalisen n\u00e4kyvyyden ja kattavuuden tiell\u00e4.<\/li>\n<li><strong>LED-paikannusvalo:<\/strong> Lis\u00e4valossa on 4 LEDi\u00e4 sijaintivalona ja mahdollisuus valita kelta-oranssi tai ksenonvalkoinen valo, mik\u00e4 antaa sinulle lis\u00e4n\u00e4kyvyytt\u00e4 ja tyyli\u00e4.<\/li>\n<li><strong>Kest\u00e4v\u00e4 alumiinikotelo:<\/strong> Valaisimen kotelo on valmistettu kest\u00e4v\u00e4st\u00e4 alumiinista, joka takaa kest\u00e4vyyden ja suojan lis\u00e4valolle.<\/li>\n<li><strong>Suojaava polykarbonaattilinssi:<\/strong> Linssi on valmistettu suojaavasta polykarbonaattimateriaalista, joka tarjoaa ylim\u00e4\u00e4r\u00e4ist\u00e4 kest\u00e4vyytt\u00e4 ja kest\u00e4vyytt\u00e4 iskuja ja rasitusta vastaan.<\/li>\n<li><strong>IP68\/IP69K-luokitus ja ECE-yhteensopiva:<\/strong> Lis\u00e4valaisimella on korkein suojausluokitus veden- ja p\u00f6lynkest\u00e4vyyden osalta, ja se t\u00e4ytt\u00e4\u00e4 eurooppalaiset turvallisuus- ja yhteensopivuusstandardit.<\/li>\n<li><strong>S\u00e4\u00e4dett\u00e4v\u00e4 kiinnike:<\/strong> Lis\u00e4valon mukana tulee s\u00e4\u00e4dett\u00e4v\u00e4 kiinnike, jonka avulla valo on helppo asentaa ja mukauttaa tarpeisiisi.<\/li>\n<li><strong>EMC-turvallinen:<\/strong> Lis\u00e4valo on EMC-turvallinen, mik\u00e4 minimoi h\u00e4iri\u00f6t ja takaa vakaan ja luotettavan toiminnan my\u00f6s elektronisten laitteiden l\u00e4heisyydess\u00e4.<\/li>\n<li><strong>Automaattinen paineen tasaus:<\/strong> Lis\u00e4valaisimessa on automaattinen paineen tasaustoiminto, joka varmistaa, ettei lamppukotelon sis\u00e4lle muodostu kondenssivett\u00e4.<\/li>\n<li><strong>Sis\u00e4inen kokonaisheijastus (TIR):<\/strong> TIR-tekniikka minimoi valonvalon ja keskitt\u00e4\u00e4 valon tielle n\u00e4kyvyyden maksimoimiseksi ja h\u00e4ik\u00e4isyn minimoimiseksi.<\/li>\n<li><strong>Elektroninen l\u00e4mm\u00f6nhallinta:<\/strong> Lis\u00e4valaisimessa on edistyksellinen elektroninen l\u00e4mm\u00f6nhallintaj\u00e4rjestelm\u00e4, joka varmistaa optimaalisen suorituskyvyn ja suojaa lamppua ylikuumenemiselta.<\/li>\n<\/ul>\n<p>BriodLightin Statum-lis\u00e4valo 180 mm (7&quot;) yhdist\u00e4\u00e4 tyylikk\u00e4\u00e4n muotoilun ja vaikuttavan suorituskyvyn. Yhdistelm\u00e4valokuvion, LED-seisontavalon, kest\u00e4v\u00e4n rakenteen ja edistyneiden ominaisuuksien ansiosta voit olla varma erinomaisesta n\u00e4kyvyydest\u00e4 ja luotettavuudesta ajotyylist\u00e4 riippumatta.<\/p>","protected":false},"excerpt":{"rendered":"<p>BriodLights Statum Extraljus 180 mm (7&#8243;): Stilren Design och Prestanda i Perfekt Harmoni F\u00f6r dig som s\u00f6ker b\u00e5de stilren design och imponerande prestanda \u00e4r BriodLights Statum extraljus 180 mm (7&#8243;) det ultimata valet. Med en Combo-ljusbild f\u00e5r du en bred och fin ljusbild som passar perfekt f\u00f6r varierad k\u00f6rning. Funktioner och F\u00f6rdelar: Combo-ljusbild: Extraljuset erbjuder [&hellip;]<\/p>","protected":false},"featured_media":3139,"comment_status":"closed","ping_status":"closed","template":"","meta":{"_acf_changed":false,"_smort_price_nok":"2521","_smort_price_dkk":"1425","_smort_price_eur":"190.9","_smort_sale_price_nok":"","_smort_sale_price_dkk":"","_smort_sale_price_eur":"","smort_restorder":"","shipmondo_restorder":"","_kad_blocks_custom_css":"","_kad_blocks_head_custom_js":"","_kad_blocks_body_custom_js":"","_kad_blocks_footer_custom_js":"","smort_custom_pricelist_1":"1510.4","smort_custom_pricelist_2":"1321.6","smort_custom_pricelist_3":"1321.6","smort_custom_pricelist_4":"1888","smort_custom_pricelist_5":"1321.6"},"anvandningsomrade":[],"bilmarken":[],"product_brand":[92],"product_cat":[2838,142],"product_tag":[2788],"class_list":{"0":"post-3138","1":"product","2":"type-product","3":"status-publish","4":"has-post-thumbnail","6":"product_brand-briodlights","7":"product_cat-extraljus-7","8":"product_cat-extraljus","9":"product_tag-black-week-exclude","10":"pa_fargtemperatur-5700k","11":"pa_fuktskydd-varde-ipxx-ip68-ip69","12":"pa_godkannande-emc-ece-r112-r10-r7","13":"pa_lampsockel-kontakt-dt","14":"pa_led-chips-effekt-w-694","15":"pa_ljusbild-combo","16":"pa_storlek-mm-180x192x68","17":"pa_stromforbrukning-2a24v","18":"pa_stromforbrukning-4a137v","19":"pa_volt-v-multivolt-9-12-16-18-24-28-30-32-36","21":"first","22":"onbackorder","23":"taxable","24":"shipping-taxable","25":"purchasable","26":"product-type-simple"},"bundled_by":[],"bundle_stock_status":"onbackorder","bundle_stock_quantity":0,"bundle_virtual":false,"bundle_layout":"","bundle_add_to_cart_form_location":"","bundle_editable_in_cart":false,"bundle_sold_individually_context":"","bundle_item_grouping":"","bundle_min_size":"","bundle_max_size":"","bundle_price":[],"bundled_items":[],"bundle_sell_ids":[],"acf":[],"yoast_head":"<!-- This site is optimized with the Yoast SEO plugin v27.0 - https:\/\/yoast.com\/product\/yoast-seo-wordpress\/ -->\n<title>BriodLights Statum Extraljus 7&quot;\/180mm - Xenonkungen<\/title>\n<meta name=\"robots\" content=\"index, follow, max-snippet:-1, max-image-preview:large, max-video-preview:-1\" \/>\n<link rel=\"canonical\" href=\"https:\/\/xenonkungen.com\/fi\/tuote\/briodlights-statum-lisavalo-7-180mm\/\" \/>\n<meta property=\"og:locale\" content=\"fi_FI\" \/>\n<meta property=\"og:type\" content=\"article\" \/>\n<meta property=\"og:title\" content=\"BriodLights Statum Extraljus 7&quot;\/180mm - Xenonkungen\" \/>\n<meta property=\"og:description\" content=\"BriodLights Statum Extraljus 180 mm (7&#8243;): Stilren Design och Prestanda i Perfekt Harmoni F\u00f6r dig som s\u00f6ker b\u00e5de stilren design och imponerande prestanda \u00e4r BriodLights Statum extraljus 180 mm (7&#8243;) det ultimata valet. Med en Combo-ljusbild f\u00e5r du en bred och fin ljusbild som passar perfekt f\u00f6r varierad k\u00f6rning. Funktioner och F\u00f6rdelar: Combo-ljusbild: Extraljuset erbjuder [&hellip;]\" \/>\n<meta property=\"og:url\" content=\"https:\/\/xenonkungen.com\/fi\/tuote\/briodlights-statum-lisavalo-7-180mm\/\" \/>\n<meta property=\"og:site_name\" content=\"Xenonkungen\" \/>\n<meta property=\"article:modified_time\" content=\"2026-04-10T23:02:36+00:00\" \/>\n<meta property=\"og:image\" content=\"https:\/\/xenonkungen.com\/wp-content\/uploads\/2025\/04\/15224_itemimage_mainfront.jpg\" \/>\n\t<meta property=\"og:image:width\" content=\"2048\" \/>\n\t<meta property=\"og:image:height\" content=\"1536\" \/>\n\t<meta property=\"og:image:type\" content=\"image\/jpeg\" \/>\n<meta name=\"twitter:card\" content=\"summary_large_image\" \/>\n<meta name=\"twitter:label1\" content=\"Arvioitu lukuaika\" \/>\n\t<meta name=\"twitter:data1\" content=\"2 minuuttia\" \/>\n<script type=\"application\/ld+json\" class=\"yoast-schema-graph\">{\"@context\":\"https:\/\/schema.org\",\"@graph\":[{\"@type\":\"WebPage\",\"@id\":\"https:\/\/xenonkungen.com\/produkt\/briodlights-statum-extraljus-7-180mm\/\",\"url\":\"https:\/\/xenonkungen.com\/produkt\/briodlights-statum-extraljus-7-180mm\/\",\"name\":\"BriodLights Statum Extraljus 7\\\"\/180mm - Xenonkungen\",\"isPartOf\":{\"@id\":\"https:\/\/xenonkungen.com\/#website\"},\"primaryImageOfPage\":{\"@id\":\"https:\/\/xenonkungen.com\/produkt\/briodlights-statum-extraljus-7-180mm\/#primaryimage\"},\"image\":{\"@id\":\"https:\/\/xenonkungen.com\/produkt\/briodlights-statum-extraljus-7-180mm\/#primaryimage\"},\"thumbnailUrl\":\"https:\/\/xenonkungen.com\/wp-content\/uploads\/2025\/04\/15224_itemimage_mainfront.jpg\",\"datePublished\":\"2025-04-15T08:49:31+00:00\",\"dateModified\":\"2026-04-10T23:02:36+00:00\",\"breadcrumb\":{\"@id\":\"https:\/\/xenonkungen.com\/produkt\/briodlights-statum-extraljus-7-180mm\/#breadcrumb\"},\"inLanguage\":\"fi\",\"potentialAction\":[{\"@type\":\"ReadAction\",\"target\":[\"https:\/\/xenonkungen.com\/produkt\/briodlights-statum-extraljus-7-180mm\/\"]}]},{\"@type\":\"ImageObject\",\"inLanguage\":\"fi\",\"@id\":\"https:\/\/xenonkungen.com\/produkt\/briodlights-statum-extraljus-7-180mm\/#primaryimage\",\"url\":\"https:\/\/xenonkungen.com\/wp-content\/uploads\/2025\/04\/15224_itemimage_mainfront.jpg\",\"contentUrl\":\"https:\/\/xenonkungen.com\/wp-content\/uploads\/2025\/04\/15224_itemimage_mainfront.jpg\",\"width\":2048,\"height\":1536},{\"@type\":\"BreadcrumbList\",\"@id\":\"https:\/\/xenonkungen.com\/produkt\/briodlights-statum-extraljus-7-180mm\/#breadcrumb\",\"itemListElement\":[{\"@type\":\"ListItem\",\"position\":1,\"name\":\"Hem\",\"item\":\"https:\/\/xenonkungen.com\/\"},{\"@type\":\"ListItem\",\"position\":2,\"name\":\"Shop\",\"item\":\"https:\/\/xenonkungen.com\/shop\/\"},{\"@type\":\"ListItem\",\"position\":3,\"name\":\"BriodLights Statum Extraljus 7&#8243;\/180mm\"}]},{\"@type\":\"WebSite\",\"@id\":\"https:\/\/xenonkungen.com\/#website\",\"url\":\"https:\/\/xenonkungen.com\/\",\"name\":\"Xenonkungen\",\"description\":\"\",\"potentialAction\":[{\"@type\":\"SearchAction\",\"target\":{\"@type\":\"EntryPoint\",\"urlTemplate\":\"https:\/\/xenonkungen.com\/?s={search_term_string}\"},\"query-input\":{\"@type\":\"PropertyValueSpecification\",\"valueRequired\":true,\"valueName\":\"search_term_string\"}}],\"inLanguage\":\"fi\"}]}<\/script>\n<!-- \/ Yoast SEO plugin. -->","yoast_head_json":{"title":"BriodLights Statum Extra Light 7&quot;\/180mm - Xenonkungen","robots":{"index":"index","follow":"follow","max-snippet":"max-snippet:-1","max-image-preview":"max-image-preview:large","max-video-preview":"max-video-preview:-1"},"canonical":"https:\/\/xenonkungen.com\/fi\/tuote\/briodlights-statum-lisavalo-7-180mm\/","og_locale":"fi_FI","og_type":"article","og_title":"BriodLights Statum Extraljus 7\"\/180mm - Xenonkungen","og_description":"BriodLights Statum Extraljus 180 mm (7&#8243;): Stilren Design och Prestanda i Perfekt Harmoni F\u00f6r dig som s\u00f6ker b\u00e5de stilren design och imponerande prestanda \u00e4r BriodLights Statum extraljus 180 mm (7&#8243;) det ultimata valet. Med en Combo-ljusbild f\u00e5r du en bred och fin ljusbild som passar perfekt f\u00f6r varierad k\u00f6rning. Funktioner och F\u00f6rdelar: Combo-ljusbild: Extraljuset erbjuder [&hellip;]","og_url":"https:\/\/xenonkungen.com\/fi\/tuote\/briodlights-statum-lisavalo-7-180mm\/","og_site_name":"Xenonkungen","article_modified_time":"2026-04-10T23:02:36+00:00","og_image":[{"width":2048,"height":1536,"url":"https:\/\/xenonkungen.com\/wp-content\/uploads\/2025\/04\/15224_itemimage_mainfront.jpg","type":"image\/jpeg"}],"twitter_card":"summary_large_image","twitter_misc":{"Arvioitu lukuaika":"2 minuuttia"},"schema":{"@context":"https:\/\/schema.org","@graph":[{"@type":"WebPage","@id":"https:\/\/xenonkungen.com\/produkt\/briodlights-statum-extraljus-7-180mm\/","url":"https:\/\/xenonkungen.com\/produkt\/briodlights-statum-extraljus-7-180mm\/","name":"BriodLights Statum Extra Light 7&quot;\/180mm - Xenonkungen","isPartOf":{"@id":"https:\/\/xenonkungen.com\/#website"},"primaryImageOfPage":{"@id":"https:\/\/xenonkungen.com\/produkt\/briodlights-statum-extraljus-7-180mm\/#primaryimage"},"image":{"@id":"https:\/\/xenonkungen.com\/produkt\/briodlights-statum-extraljus-7-180mm\/#primaryimage"},"thumbnailUrl":"https:\/\/xenonkungen.com\/wp-content\/uploads\/2025\/04\/15224_itemimage_mainfront.jpg","datePublished":"2025-04-15T08:49:31+00:00","dateModified":"2026-04-10T23:02:36+00:00","breadcrumb":{"@id":"https:\/\/xenonkungen.com\/produkt\/briodlights-statum-extraljus-7-180mm\/#breadcrumb"},"inLanguage":"fi","potentialAction":[{"@type":"ReadAction","target":["https:\/\/xenonkungen.com\/produkt\/briodlights-statum-extraljus-7-180mm\/"]}]},{"@type":"ImageObject","inLanguage":"fi","@id":"https:\/\/xenonkungen.com\/produkt\/briodlights-statum-extraljus-7-180mm\/#primaryimage","url":"https:\/\/xenonkungen.com\/wp-content\/uploads\/2025\/04\/15224_itemimage_mainfront.jpg","contentUrl":"https:\/\/xenonkungen.com\/wp-content\/uploads\/2025\/04\/15224_itemimage_mainfront.jpg","width":2048,"height":1536},{"@type":"BreadcrumbList","@id":"https:\/\/xenonkungen.com\/produkt\/briodlights-statum-extraljus-7-180mm\/#breadcrumb","itemListElement":[{"@type":"ListItem","position":1,"name":"Hem","item":"https:\/\/xenonkungen.com\/"},{"@type":"ListItem","position":2,"name":"Shop","item":"https:\/\/xenonkungen.com\/shop\/"},{"@type":"ListItem","position":3,"name":"BriodLights Statum Extraljus 7&#8243;\/180mm"}]},{"@type":"WebSite","@id":"https:\/\/xenonkungen.com\/#website","url":"https:\/\/xenonkungen.com\/","name":"Xenonkungen","description":"","potentialAction":[{"@type":"SearchAction","target":{"@type":"EntryPoint","urlTemplate":"https:\/\/xenonkungen.com\/?s={search_term_string}"},"query-input":{"@type":"PropertyValueSpecification","valueRequired":true,"valueName":"search_term_string"}}],"inLanguage":"fi"}]}},"taxonomy_info":{"product_brand":[{"value":92,"label":"Briodlights"}],"product_cat":[{"value":2838,"label":"Extraljus 7\""},{"value":142,"label":"Extraljus"}],"product_tag":[{"value":2788,"label":"black-week-exclude"}],"pa_fargtemperatur":[{"value":226,"label":"5700K"}],"pa_fuktskydd-varde-ipxx":[{"value":1002,"label":"IP68, IP69"}],"pa_godkannande":[{"value":963,"label":"EMC, ECE, R112, R10, R7"}],"pa_lampsockel-kontakt":[{"value":329,"label":"DT"}],"pa_led-chips-effekt-w":[{"value":694,"label":"60"}],"pa_ljusbild":[{"value":804,"label":"Combo"}],"pa_storlek-mm":[{"value":959,"label":"180x192x68"}],"pa_stromforbrukning":[{"value":813,"label":"2A@24V"},{"value":1003,"label":"4A@13,7V"}],"pa_volt-v":[{"value":504,"label":"Multivolt, 9, 12, 16, 18, 24, 28, 30, 32, 36"}]},"featured_image_src_large":["https:\/\/xenonkungen.com\/wp-content\/uploads\/2025\/04\/15224_itemimage_mainfront-1024x768.jpg",1024,768,true],"author_info":[],"comment_info":0,"_links":{"self":[{"href":"https:\/\/xenonkungen.com\/fi\/wp-json\/wp\/v2\/product\/3138","targetHints":{"allow":["GET"]}}],"collection":[{"href":"https:\/\/xenonkungen.com\/fi\/wp-json\/wp\/v2\/product"}],"about":[{"href":"https:\/\/xenonkungen.com\/fi\/wp-json\/wp\/v2\/types\/product"}],"replies":[{"embeddable":true,"href":"https:\/\/xenonkungen.com\/fi\/wp-json\/wp\/v2\/comments?post=3138"}],"wp:featuredmedia":[{"embeddable":true,"href":"https:\/\/xenonkungen.com\/fi\/wp-json\/wp\/v2\/media\/3139"}],"wp:attachment":[{"href":"https:\/\/xenonkungen.com\/fi\/wp-json\/wp\/v2\/media?parent=3138"}],"wp:term":[{"taxonomy":"anvandningsomrade","embeddable":true,"href":"https:\/\/xenonkungen.com\/fi\/wp-json\/wp\/v2\/anvandningsomrade?post=3138"},{"taxonomy":"bilmarken","embeddable":true,"href":"https:\/\/xenonkungen.com\/fi\/wp-json\/wp\/v2\/bilmarken?post=3138"},{"taxonomy":"product_brand","embeddable":true,"href":"https:\/\/xenonkungen.com\/fi\/wp-json\/wp\/v2\/product_brand?post=3138"},{"taxonomy":"product_cat","embeddable":true,"href":"https:\/\/xenonkungen.com\/fi\/wp-json\/wp\/v2\/product_cat?post=3138"},{"taxonomy":"product_tag","embeddable":true,"href":"https:\/\/xenonkungen.com\/fi\/wp-json\/wp\/v2\/product_tag?post=3138"}],"curies":[{"name":"wp","href":"https:\/\/api.w.org\/{rel}","templated":true}]}}