{"id":3142,"date":"2025-04-15T08:49:31","date_gmt":"2025-04-15T08:49:31","guid":{"rendered":"https:\/\/xenonkungen.com\/product\/briodlights-ice-x-led-extraljus-9-218mm\/"},"modified":"2026-04-24T16:49:06","modified_gmt":"2026-04-24T15:49:06","slug":"bridolights-ice-x-led-lisavalo-9-218-mm","status":"publish","type":"product","link":"https:\/\/xenonkungen.com\/fi\/tuote\/bridolights-ice-x-led-lisavalo-9-218-mm\/","title":{"rendered":"BriodLights ICE-X LED lis\u00e4valo 9\u2033\/218mm"},"content":{"rendered":"<h1>BriodLights ICE X 218 mm: Ultimaattinen lis\u00e4valo pohjoismaisiin olosuhteisiin<\/h1>\n<p>BriodLights ICE X 218 mm on t\u00e4ydellinen lis\u00e4valo niille, joilla on korkeat vaatimukset valon, suorituskyvyn ja muotoilun suhteen. Se on kehitetty erityisesti kest\u00e4m\u00e4\u00e4n Pohjoismaiden ankarat ilmasto-olosuhteet, ja se on markkinoiden ensimm\u00e4inen lis\u00e4valaisin, jossa on integroitu j\u00e4\u00e4npoisto-l\u00e4mmitystoiminto, joka est\u00e4\u00e4 lumen ja j\u00e4\u00e4n tarttumisen lasiin.<\/p>\n<h2>Ominaisuudet ja edut:<\/h2>\n<ul>\n<li><strong>J\u00e4\u00e4npoiston l\u00e4mmitystoiminto:<\/strong> ICE X -lis\u00e4valaisimessa on innovatiivinen j\u00e4\u00e4npoisto-l\u00e4mmitystoiminto, joka est\u00e4\u00e4 lumen ja j\u00e4\u00e4n ker\u00e4\u00e4ntymisen lasille. T\u00e4m\u00e4 takaa kirkkaan ja esteett\u00f6m\u00e4n valon kuvan my\u00f6s \u00e4\u00e4rimm\u00e4isiss\u00e4 s\u00e4\u00e4olosuhteissa.<\/li>\n<li><strong>LED-tekniikka:<\/strong> Lis\u00e4valossa k\u00e4ytet\u00e4\u00e4n korkealaatuisia LED-valoja, jotka tarjoavat vaikuttavan kirkkauden ja pitk\u00e4n k\u00e4ytt\u00f6i\u00e4n. Se tarjoaa 10500 mitatun lumenin ansiosta erinomaisen valaistuksen ja n\u00e4kyvyyden tiell\u00e4.<\/li>\n<li><strong>Ajopalkin liukum\u00e4ki:<\/strong> Lis\u00e4valo tuottaa ajovalokuvion, jossa yhdistyv\u00e4t leveys ja pituus, jotta n\u00e4kyvyys olisi optimaalinen erilaisissa ajo-olosuhteissa.<\/li>\n<li><strong>Integroitu sijaintivalo:<\/strong> ICE X -lis\u00e4valaisimessa on tyylik\u00e4s integroitu paikannusvalo, joka lis\u00e4\u00e4 n\u00e4kyvyytt\u00e4 ja tyyli\u00e4. Voit valita valkoisen tai oranssin valon valinnan mukaan.<\/li>\n<li><strong>Kest\u00e4v\u00e4 rakenne:<\/strong> Lis\u00e4valo on valmistettu korkealaatuisista materiaaleista, ja sen kest\u00e4v\u00e4 rakenne kest\u00e4\u00e4 ankarat pohjoismaiset olosuhteet.<\/li>\n<li><strong>3 vuoden toimintatakuu:<\/strong> Lis\u00e4valolla on 3 vuoden toimintatakuu, joka antaa sinulle mielenrauhan ja luottamuksen sen luotettavuuteen ja laatuun.<\/li>\n<\/ul>\n<p>BriodLights ICE X 218 mm on markkinoiden ensimm\u00e4inen lis\u00e4valo, jossa on integroitu j\u00e4\u00e4npoiston l\u00e4mmitystoiminto, mik\u00e4 tekee siit\u00e4 ainutlaatuisen ja korvaamattoman arvokkaan, sill\u00e4 se takaa erinomaisen n\u00e4kyvyyden ja valotehon my\u00f6s ankarimmissa talviolosuhteissa. Vaikuttavan kirkkautensa, kaukovalokuvionsa ja tyylikk\u00e4\u00e4n muotoilunsa ansiosta t\u00e4m\u00e4 lis\u00e4valo t\u00e4ytt\u00e4\u00e4 korkeimmat suorituskyky\u00e4 ja estetiikkaa koskevat vaatimukset.<\/p>","protected":false},"excerpt":{"rendered":"<p>BriodLights ICE X 218 mm: Det Ultimata Extraljuset f\u00f6r Nordiska F\u00f6rh\u00e5llanden BriodLights ICE X 218 mm \u00e4r det perfekta extraljuset f\u00f6r dig som st\u00e4ller h\u00f6ga krav p\u00e5 ljus, prestanda och design. Det \u00e4r speciellt utvecklat f\u00f6r att klara av de tuffa nordiska klimatf\u00f6rh\u00e5llandena och \u00e4r det f\u00f6rsta extraljuset p\u00e5 marknaden med en integrerad de-icing v\u00e4rmefunktion [&hellip;]<\/p>","protected":false},"featured_media":3143,"comment_status":"closed","ping_status":"open","template":"","meta":{"_acf_changed":false,"_smort_price_nok":"3845","_smort_price_dkk":"2443","_smort_price_eur":"327.26","_smort_sale_price_nok":"","_smort_sale_price_dkk":"","_smort_sale_price_eur":"","smort_restorder":"","shipmondo_restorder":"","_kad_blocks_custom_css":"","_kad_blocks_head_custom_js":"","_kad_blocks_body_custom_js":"","_kad_blocks_footer_custom_js":"","smort_custom_pricelist_1":"1859.2","smort_custom_pricelist_2":"1859.2","smort_custom_pricelist_3":"1859.2","smort_custom_pricelist_4":"2324","smort_custom_pricelist_5":"1859.2"},"anvandningsomrade":[],"bilmarken":[],"product_brand":[92],"product_cat":[142],"product_tag":[2788],"class_list":{"0":"post-3142","1":"product","2":"type-product","3":"status-publish","4":"has-post-thumbnail","6":"product_brand-briodlights","7":"product_cat-extraljus","8":"product_tag-black-week-exclude","9":"pa_fargtemperatur-6000k","10":"pa_fuktskydd-varde-ipxx-ip69k","11":"pa_godkannande-e-godkand-ce-r10-r7-r149","12":"pa_lampsockel-kontakt-dt","13":"pa_led-chips-effekt-w-1004","14":"pa_ljusbild-driving","15":"pa_stromforbrukning-42a24v","16":"pa_stromforbrukning-88a12v","17":"pa_volt-v-multivolt-9-12-16-18-24-28-30-32-36","19":"first","20":"onbackorder","21":"taxable","22":"shipping-taxable","23":"purchasable","24":"product-type-simple"},"bundled_by":[],"bundle_stock_status":"onbackorder","bundle_stock_quantity":0,"bundle_virtual":false,"bundle_layout":"","bundle_add_to_cart_form_location":"","bundle_editable_in_cart":false,"bundle_sold_individually_context":"","bundle_item_grouping":"","bundle_min_size":"","bundle_max_size":"","bundle_price":[],"bundled_items":[],"bundle_sell_ids":[],"acf":[],"yoast_head":"<!-- This site is optimized with the Yoast SEO plugin v27.0 - https:\/\/yoast.com\/product\/yoast-seo-wordpress\/ -->\n<title>BriodLights ICE-X LED extraljus 9&quot;\/218mm - Xenonkungen<\/title>\n<meta name=\"robots\" content=\"index, follow, max-snippet:-1, max-image-preview:large, max-video-preview:-1\" \/>\n<link rel=\"canonical\" href=\"https:\/\/xenonkungen.com\/fi\/tuote\/bridolights-ice-x-led-lisavalo-9-218-mm\/\" \/>\n<meta property=\"og:locale\" content=\"fi_FI\" \/>\n<meta property=\"og:type\" content=\"article\" \/>\n<meta property=\"og:title\" content=\"BriodLights ICE-X LED extraljus 9&quot;\/218mm - Xenonkungen\" \/>\n<meta property=\"og:description\" content=\"BriodLights ICE X 218 mm: Det Ultimata Extraljuset f\u00f6r Nordiska F\u00f6rh\u00e5llanden BriodLights ICE X 218 mm \u00e4r det perfekta extraljuset f\u00f6r dig som st\u00e4ller h\u00f6ga krav p\u00e5 ljus, prestanda och design. Det \u00e4r speciellt utvecklat f\u00f6r att klara av de tuffa nordiska klimatf\u00f6rh\u00e5llandena och \u00e4r det f\u00f6rsta extraljuset p\u00e5 marknaden med en integrerad de-icing v\u00e4rmefunktion [&hellip;]\" \/>\n<meta property=\"og:url\" content=\"https:\/\/xenonkungen.com\/fi\/tuote\/bridolights-ice-x-led-lisavalo-9-218-mm\/\" \/>\n<meta property=\"og:site_name\" content=\"Xenonkungen\" \/>\n<meta property=\"article:modified_time\" content=\"2026-04-24T15:49:06+00:00\" \/>\n<meta property=\"og:image\" content=\"https:\/\/xenonkungen.com\/wp-content\/uploads\/2025\/04\/15225_itemimage_2.jpg\" \/>\n\t<meta property=\"og:image:width\" content=\"2048\" \/>\n\t<meta property=\"og:image:height\" content=\"1535\" \/>\n\t<meta property=\"og:image:type\" content=\"image\/jpeg\" \/>\n<meta name=\"twitter:card\" content=\"summary_large_image\" \/>\n<meta name=\"twitter:label1\" content=\"Arvioitu lukuaika\" \/>\n\t<meta name=\"twitter:data1\" content=\"2 minuuttia\" \/>\n<script type=\"application\/ld+json\" class=\"yoast-schema-graph\">{\"@context\":\"https:\/\/schema.org\",\"@graph\":[{\"@type\":\"WebPage\",\"@id\":\"https:\/\/xenonkungen.com\/produkt\/briodlights-ice-x-led-extraljus-9-218mm\/\",\"url\":\"https:\/\/xenonkungen.com\/produkt\/briodlights-ice-x-led-extraljus-9-218mm\/\",\"name\":\"BriodLights ICE-X LED extraljus 9\\\"\/218mm - Xenonkungen\",\"isPartOf\":{\"@id\":\"https:\/\/xenonkungen.com\/#website\"},\"primaryImageOfPage\":{\"@id\":\"https:\/\/xenonkungen.com\/produkt\/briodlights-ice-x-led-extraljus-9-218mm\/#primaryimage\"},\"image\":{\"@id\":\"https:\/\/xenonkungen.com\/produkt\/briodlights-ice-x-led-extraljus-9-218mm\/#primaryimage\"},\"thumbnailUrl\":\"https:\/\/xenonkungen.com\/wp-content\/uploads\/2025\/04\/15225_itemimage_2.jpg\",\"datePublished\":\"2025-04-15T08:49:31+00:00\",\"dateModified\":\"2026-04-24T15:49:06+00:00\",\"breadcrumb\":{\"@id\":\"https:\/\/xenonkungen.com\/produkt\/briodlights-ice-x-led-extraljus-9-218mm\/#breadcrumb\"},\"inLanguage\":\"fi\",\"potentialAction\":[{\"@type\":\"ReadAction\",\"target\":[\"https:\/\/xenonkungen.com\/produkt\/briodlights-ice-x-led-extraljus-9-218mm\/\"]}]},{\"@type\":\"ImageObject\",\"inLanguage\":\"fi\",\"@id\":\"https:\/\/xenonkungen.com\/produkt\/briodlights-ice-x-led-extraljus-9-218mm\/#primaryimage\",\"url\":\"https:\/\/xenonkungen.com\/wp-content\/uploads\/2025\/04\/15225_itemimage_2.jpg\",\"contentUrl\":\"https:\/\/xenonkungen.com\/wp-content\/uploads\/2025\/04\/15225_itemimage_2.jpg\",\"width\":2048,\"height\":1535},{\"@type\":\"BreadcrumbList\",\"@id\":\"https:\/\/xenonkungen.com\/produkt\/briodlights-ice-x-led-extraljus-9-218mm\/#breadcrumb\",\"itemListElement\":[{\"@type\":\"ListItem\",\"position\":1,\"name\":\"Hem\",\"item\":\"https:\/\/xenonkungen.com\/\"},{\"@type\":\"ListItem\",\"position\":2,\"name\":\"Shop\",\"item\":\"https:\/\/xenonkungen.com\/shop\/\"},{\"@type\":\"ListItem\",\"position\":3,\"name\":\"BriodLights ICE-X LED extraljus 9&#8243;\/218mm\"}]},{\"@type\":\"WebSite\",\"@id\":\"https:\/\/xenonkungen.com\/#website\",\"url\":\"https:\/\/xenonkungen.com\/\",\"name\":\"Xenonkungen\",\"description\":\"\",\"potentialAction\":[{\"@type\":\"SearchAction\",\"target\":{\"@type\":\"EntryPoint\",\"urlTemplate\":\"https:\/\/xenonkungen.com\/?s={search_term_string}\"},\"query-input\":{\"@type\":\"PropertyValueSpecification\",\"valueRequired\":true,\"valueName\":\"search_term_string\"}}],\"inLanguage\":\"fi\"}]}<\/script>\n<!-- \/ Yoast SEO plugin. -->","yoast_head_json":{"title":"BriodLights ICE-X LED-lis\u00e4valo 9&quot;\/218mm - Xenonkungen","robots":{"index":"index","follow":"follow","max-snippet":"max-snippet:-1","max-image-preview":"max-image-preview:large","max-video-preview":"max-video-preview:-1"},"canonical":"https:\/\/xenonkungen.com\/fi\/tuote\/bridolights-ice-x-led-lisavalo-9-218-mm\/","og_locale":"fi_FI","og_type":"article","og_title":"BriodLights ICE-X LED extraljus 9\"\/218mm - Xenonkungen","og_description":"BriodLights ICE X 218 mm: Det Ultimata Extraljuset f\u00f6r Nordiska F\u00f6rh\u00e5llanden BriodLights ICE X 218 mm \u00e4r det perfekta extraljuset f\u00f6r dig som st\u00e4ller h\u00f6ga krav p\u00e5 ljus, prestanda och design. Det \u00e4r speciellt utvecklat f\u00f6r att klara av de tuffa nordiska klimatf\u00f6rh\u00e5llandena och \u00e4r det f\u00f6rsta extraljuset p\u00e5 marknaden med en integrerad de-icing v\u00e4rmefunktion [&hellip;]","og_url":"https:\/\/xenonkungen.com\/fi\/tuote\/bridolights-ice-x-led-lisavalo-9-218-mm\/","og_site_name":"Xenonkungen","article_modified_time":"2026-04-24T15:49:06+00:00","og_image":[{"width":2048,"height":1535,"url":"https:\/\/xenonkungen.com\/wp-content\/uploads\/2025\/04\/15225_itemimage_2.jpg","type":"image\/jpeg"}],"twitter_card":"summary_large_image","twitter_misc":{"Arvioitu lukuaika":"2 minuuttia"},"schema":{"@context":"https:\/\/schema.org","@graph":[{"@type":"WebPage","@id":"https:\/\/xenonkungen.com\/produkt\/briodlights-ice-x-led-extraljus-9-218mm\/","url":"https:\/\/xenonkungen.com\/produkt\/briodlights-ice-x-led-extraljus-9-218mm\/","name":"BriodLights ICE-X LED-lis\u00e4valo 9&quot;\/218mm - Xenonkungen","isPartOf":{"@id":"https:\/\/xenonkungen.com\/#website"},"primaryImageOfPage":{"@id":"https:\/\/xenonkungen.com\/produkt\/briodlights-ice-x-led-extraljus-9-218mm\/#primaryimage"},"image":{"@id":"https:\/\/xenonkungen.com\/produkt\/briodlights-ice-x-led-extraljus-9-218mm\/#primaryimage"},"thumbnailUrl":"https:\/\/xenonkungen.com\/wp-content\/uploads\/2025\/04\/15225_itemimage_2.jpg","datePublished":"2025-04-15T08:49:31+00:00","dateModified":"2026-04-24T15:49:06+00:00","breadcrumb":{"@id":"https:\/\/xenonkungen.com\/produkt\/briodlights-ice-x-led-extraljus-9-218mm\/#breadcrumb"},"inLanguage":"fi","potentialAction":[{"@type":"ReadAction","target":["https:\/\/xenonkungen.com\/produkt\/briodlights-ice-x-led-extraljus-9-218mm\/"]}]},{"@type":"ImageObject","inLanguage":"fi","@id":"https:\/\/xenonkungen.com\/produkt\/briodlights-ice-x-led-extraljus-9-218mm\/#primaryimage","url":"https:\/\/xenonkungen.com\/wp-content\/uploads\/2025\/04\/15225_itemimage_2.jpg","contentUrl":"https:\/\/xenonkungen.com\/wp-content\/uploads\/2025\/04\/15225_itemimage_2.jpg","width":2048,"height":1535},{"@type":"BreadcrumbList","@id":"https:\/\/xenonkungen.com\/produkt\/briodlights-ice-x-led-extraljus-9-218mm\/#breadcrumb","itemListElement":[{"@type":"ListItem","position":1,"name":"Hem","item":"https:\/\/xenonkungen.com\/"},{"@type":"ListItem","position":2,"name":"Shop","item":"https:\/\/xenonkungen.com\/shop\/"},{"@type":"ListItem","position":3,"name":"BriodLights ICE-X LED extraljus 9&#8243;\/218mm"}]},{"@type":"WebSite","@id":"https:\/\/xenonkungen.com\/#website","url":"https:\/\/xenonkungen.com\/","name":"Xenonkungen","description":"","potentialAction":[{"@type":"SearchAction","target":{"@type":"EntryPoint","urlTemplate":"https:\/\/xenonkungen.com\/?s={search_term_string}"},"query-input":{"@type":"PropertyValueSpecification","valueRequired":true,"valueName":"search_term_string"}}],"inLanguage":"fi"}]}},"taxonomy_info":{"product_brand":[{"value":92,"label":"Briodlights"}],"product_cat":[{"value":142,"label":"Extraljus"}],"product_tag":[{"value":2788,"label":"black-week-exclude"}],"pa_fargtemperatur":[{"value":188,"label":"6000K"}],"pa_fuktskydd-varde-ipxx":[{"value":155,"label":"IP69K"}],"pa_godkannande":[{"value":1007,"label":"E-Godk\u00e4nd, CE, R10, R7, R149"}],"pa_lampsockel-kontakt":[{"value":329,"label":"DT"}],"pa_led-chips-effekt-w":[{"value":1004,"label":"150"}],"pa_ljusbild":[{"value":178,"label":"Driving"}],"pa_stromforbrukning":[{"value":1006,"label":"4,2A@24V"},{"value":1005,"label":"8,8A@12V"}],"pa_volt-v":[{"value":504,"label":"Multivolt, 9, 12, 16, 18, 24, 28, 30, 32, 36"}]},"featured_image_src_large":["https:\/\/xenonkungen.com\/wp-content\/uploads\/2025\/04\/15225_itemimage_2-1024x768.jpg",1024,768,true],"author_info":[],"comment_info":0,"_links":{"self":[{"href":"https:\/\/xenonkungen.com\/fi\/wp-json\/wp\/v2\/product\/3142","targetHints":{"allow":["GET"]}}],"collection":[{"href":"https:\/\/xenonkungen.com\/fi\/wp-json\/wp\/v2\/product"}],"about":[{"href":"https:\/\/xenonkungen.com\/fi\/wp-json\/wp\/v2\/types\/product"}],"replies":[{"embeddable":true,"href":"https:\/\/xenonkungen.com\/fi\/wp-json\/wp\/v2\/comments?post=3142"}],"wp:featuredmedia":[{"embeddable":true,"href":"https:\/\/xenonkungen.com\/fi\/wp-json\/wp\/v2\/media\/3143"}],"wp:attachment":[{"href":"https:\/\/xenonkungen.com\/fi\/wp-json\/wp\/v2\/media?parent=3142"}],"wp:term":[{"taxonomy":"anvandningsomrade","embeddable":true,"href":"https:\/\/xenonkungen.com\/fi\/wp-json\/wp\/v2\/anvandningsomrade?post=3142"},{"taxonomy":"bilmarken","embeddable":true,"href":"https:\/\/xenonkungen.com\/fi\/wp-json\/wp\/v2\/bilmarken?post=3142"},{"taxonomy":"product_brand","embeddable":true,"href":"https:\/\/xenonkungen.com\/fi\/wp-json\/wp\/v2\/product_brand?post=3142"},{"taxonomy":"product_cat","embeddable":true,"href":"https:\/\/xenonkungen.com\/fi\/wp-json\/wp\/v2\/product_cat?post=3142"},{"taxonomy":"product_tag","embeddable":true,"href":"https:\/\/xenonkungen.com\/fi\/wp-json\/wp\/v2\/product_tag?post=3142"}],"curies":[{"name":"wp","href":"https:\/\/api.w.org\/{rel}","templated":true}]}}