{"id":3155,"date":"2025-04-15T08:49:55","date_gmt":"2025-04-15T08:49:55","guid":{"rendered":"https:\/\/xenonkungen.com\/product\/briodlights-arbetslampa-157mm-2000lm\/"},"modified":"2026-04-11T00:02:52","modified_gmt":"2026-04-10T23:02:52","slug":"briodlights-tyovalo-157-mm-2000-lm","status":"publish","type":"product","link":"https:\/\/xenonkungen.com\/fi\/tuote\/briodlights-tyovalo-157-mm-2000-lm\/","title":{"rendered":"BriodLights Ty\u00f6valo 157mm 2000lm"},"content":{"rendered":"<h1>BriodLights ty\u00f6valo: Tehokas valaistus tehokkaaseen ty\u00f6h\u00f6n<\/h1>\n<p>Suorita ty\u00f6si luottavaisesti valaistusolosuhteista riippumatta BriodLights-ty\u00f6valon avulla. T\u00e4m\u00e4 laadukas ty\u00f6valaisin tarjoaa tehokkaan valaistuksen ja lis\u00e4\u00e4 tuottavuutta ja turvallisuutta ty\u00f6ymp\u00e4rist\u00f6ss\u00e4si.<\/p>\n<h2>Ominaisuudet ja edut:<\/h2>\n<ol>\n<li><strong>Musta lampputalo:<\/strong> BriodLightin ty\u00f6valaisimessa on kest\u00e4v\u00e4 musta lamppukotelo, joka suojaa erinomaisesti s\u00e4\u00e4lt\u00e4 ja pit\u00e4\u00e4 valonl\u00e4hteen turvallisena.<\/li>\n<li><strong>Ruostumattomasta ter\u00e4ksest\u00e4 valmistettu kiinnike:<\/strong> Mukana toimitettu kiinnike on valmistettu ruostumattomasta ter\u00e4ksest\u00e4, joka takaa maksimaalisen kest\u00e4vyyden ja pitk\u00e4n k\u00e4ytt\u00f6i\u00e4n vaativimmissakin ty\u00f6olosuhteissa.<\/li>\n<li><strong>Mukana kumitiiviste:<\/strong> Jokainen lamppu toimitetaan kumitiivisteell\u00e4, joka varmistaa tiukan ja turvallisen istuvuuden, suojaa t\u00e4rin\u00e4lt\u00e4 ja pident\u00e4\u00e4 lampun k\u00e4ytt\u00f6ik\u00e4\u00e4.<\/li>\n<\/ol>\n<p>BriodLight-ty\u00f6valaisimelta voit odottaa erinomaista suorituskyky\u00e4 ja kest\u00e4vyytt\u00e4. Olipa ty\u00f6ymp\u00e4rist\u00f6si mik\u00e4 tahansa, voit luottaa siihen, ett\u00e4 t\u00e4m\u00e4 valaisin tarjoaa tehokkaan ja luotettavan valaistuksen.<\/p>","protected":false},"excerpt":{"rendered":"<p>BriodLights Arbetslampa: Kraftfull Belysning f\u00f6r Effektiv Arbete Utf\u00f6r ditt arbete med sj\u00e4lvf\u00f6rtroende, oavsett ljusf\u00f6rh\u00e5llanden, med hj\u00e4lp av BriodLights arbetslampa. Denna h\u00f6gkvalitativa arbetslampa levererar kraftfull belysning och \u00f6kar produktiviteten och s\u00e4kerheten i din arbetsmilj\u00f6. Funktioner och F\u00f6rdelar: Svart Lamphus: BriodLights arbetslampa kommer med ett h\u00e5llbart svart lamphus som ger utm\u00e4rkt skydd mot elementen och h\u00e5ller ljusk\u00e4llan [&hellip;]<\/p>","protected":false},"featured_media":3156,"comment_status":"closed","ping_status":"open","template":"","meta":{"_acf_changed":false,"_smort_price_nok":"662","_smort_price_dkk":"421","_smort_price_eur":"56.36","_smort_sale_price_nok":"","_smort_sale_price_dkk":"","_smort_sale_price_eur":"","smort_restorder":"","shipmondo_restorder":"","_kad_blocks_custom_css":"","_kad_blocks_head_custom_js":"","_kad_blocks_body_custom_js":"","_kad_blocks_footer_custom_js":"","smort_custom_pricelist_1":"396.8","smort_custom_pricelist_2":"347.2","smort_custom_pricelist_3":"329.84","smort_custom_pricelist_4":"496","smort_custom_pricelist_5":"347.2"},"anvandningsomrade":[],"bilmarken":[],"product_brand":[92],"product_cat":[508],"product_tag":[2788],"class_list":{"0":"post-3155","1":"product","2":"type-product","3":"status-publish","4":"has-post-thumbnail","6":"product_brand-briodlights","7":"product_cat-arbetsbelysning","8":"product_tag-black-week-exclude","9":"pa_fargtemperatur-5700k","10":"pa_fuktskydd-varde-ipxx-ip69k","11":"pa_godkannande-r10-r65","12":"pa_lampsockel-kontakt-dt","13":"pa_led-chips-effekt-w-526","14":"pa_ljusbild-flood","15":"pa_storlek-mm-157x497x60","16":"pa_stromforbrukning-133a24v","17":"pa_stromforbrukning-264a12v","18":"pa_volt-v-multivolt-10-12-16-18-24-28-30","20":"first","21":"onbackorder","22":"taxable","23":"shipping-taxable","24":"purchasable","25":"product-type-simple"},"bundled_by":[],"bundle_stock_status":"onbackorder","bundle_stock_quantity":0,"bundle_virtual":false,"bundle_layout":"","bundle_add_to_cart_form_location":"","bundle_editable_in_cart":false,"bundle_sold_individually_context":"","bundle_item_grouping":"","bundle_min_size":"","bundle_max_size":"","bundle_price":[],"bundled_items":[],"bundle_sell_ids":[],"acf":[],"yoast_head":"<!-- This site is optimized with the Yoast SEO plugin v27.0 - https:\/\/yoast.com\/product\/yoast-seo-wordpress\/ -->\n<title>BriodLights Arbetslampa 157mm 2000lm - Xenonkungen<\/title>\n<meta name=\"robots\" content=\"index, follow, max-snippet:-1, max-image-preview:large, max-video-preview:-1\" \/>\n<link rel=\"canonical\" href=\"https:\/\/xenonkungen.com\/fi\/tuote\/briodlights-tyovalo-157-mm-2000-lm\/\" \/>\n<meta property=\"og:locale\" content=\"fi_FI\" \/>\n<meta property=\"og:type\" content=\"article\" \/>\n<meta property=\"og:title\" content=\"BriodLights Arbetslampa 157mm 2000lm - Xenonkungen\" \/>\n<meta property=\"og:description\" content=\"BriodLights Arbetslampa: Kraftfull Belysning f\u00f6r Effektiv Arbete Utf\u00f6r ditt arbete med sj\u00e4lvf\u00f6rtroende, oavsett ljusf\u00f6rh\u00e5llanden, med hj\u00e4lp av BriodLights arbetslampa. Denna h\u00f6gkvalitativa arbetslampa levererar kraftfull belysning och \u00f6kar produktiviteten och s\u00e4kerheten i din arbetsmilj\u00f6. Funktioner och F\u00f6rdelar: Svart Lamphus: BriodLights arbetslampa kommer med ett h\u00e5llbart svart lamphus som ger utm\u00e4rkt skydd mot elementen och h\u00e5ller ljusk\u00e4llan [&hellip;]\" \/>\n<meta property=\"og:url\" content=\"https:\/\/xenonkungen.com\/fi\/tuote\/briodlights-tyovalo-157-mm-2000-lm\/\" \/>\n<meta property=\"og:site_name\" content=\"Xenonkungen\" \/>\n<meta property=\"article:modified_time\" content=\"2026-04-10T23:02:52+00:00\" \/>\n<meta property=\"og:image\" content=\"https:\/\/xenonkungen.com\/wp-content\/uploads\/2025\/04\/15232_itemimage_mainfront.jpg\" \/>\n\t<meta property=\"og:image:width\" content=\"2048\" \/>\n\t<meta property=\"og:image:height\" content=\"1536\" \/>\n\t<meta property=\"og:image:type\" content=\"image\/jpeg\" \/>\n<meta name=\"twitter:card\" content=\"summary_large_image\" \/>\n<meta name=\"twitter:label1\" content=\"Arvioitu lukuaika\" \/>\n\t<meta name=\"twitter:data1\" content=\"1 minuutti\" \/>\n<script type=\"application\/ld+json\" class=\"yoast-schema-graph\">{\"@context\":\"https:\/\/schema.org\",\"@graph\":[{\"@type\":\"WebPage\",\"@id\":\"https:\/\/xenonkungen.com\/produkt\/briodlights-arbetslampa-157mm-2000lm\/\",\"url\":\"https:\/\/xenonkungen.com\/produkt\/briodlights-arbetslampa-157mm-2000lm\/\",\"name\":\"BriodLights Arbetslampa 157mm 2000lm - Xenonkungen\",\"isPartOf\":{\"@id\":\"https:\/\/xenonkungen.com\/#website\"},\"primaryImageOfPage\":{\"@id\":\"https:\/\/xenonkungen.com\/produkt\/briodlights-arbetslampa-157mm-2000lm\/#primaryimage\"},\"image\":{\"@id\":\"https:\/\/xenonkungen.com\/produkt\/briodlights-arbetslampa-157mm-2000lm\/#primaryimage\"},\"thumbnailUrl\":\"https:\/\/xenonkungen.com\/wp-content\/uploads\/2025\/04\/15232_itemimage_mainfront.jpg\",\"datePublished\":\"2025-04-15T08:49:55+00:00\",\"dateModified\":\"2026-04-10T23:02:52+00:00\",\"breadcrumb\":{\"@id\":\"https:\/\/xenonkungen.com\/produkt\/briodlights-arbetslampa-157mm-2000lm\/#breadcrumb\"},\"inLanguage\":\"fi\",\"potentialAction\":[{\"@type\":\"ReadAction\",\"target\":[\"https:\/\/xenonkungen.com\/produkt\/briodlights-arbetslampa-157mm-2000lm\/\"]}]},{\"@type\":\"ImageObject\",\"inLanguage\":\"fi\",\"@id\":\"https:\/\/xenonkungen.com\/produkt\/briodlights-arbetslampa-157mm-2000lm\/#primaryimage\",\"url\":\"https:\/\/xenonkungen.com\/wp-content\/uploads\/2025\/04\/15232_itemimage_mainfront.jpg\",\"contentUrl\":\"https:\/\/xenonkungen.com\/wp-content\/uploads\/2025\/04\/15232_itemimage_mainfront.jpg\",\"width\":2048,\"height\":1536},{\"@type\":\"BreadcrumbList\",\"@id\":\"https:\/\/xenonkungen.com\/produkt\/briodlights-arbetslampa-157mm-2000lm\/#breadcrumb\",\"itemListElement\":[{\"@type\":\"ListItem\",\"position\":1,\"name\":\"Hem\",\"item\":\"https:\/\/xenonkungen.com\/\"},{\"@type\":\"ListItem\",\"position\":2,\"name\":\"Shop\",\"item\":\"https:\/\/xenonkungen.com\/shop\/\"},{\"@type\":\"ListItem\",\"position\":3,\"name\":\"BriodLights Arbetslampa 157mm 2000lm\"}]},{\"@type\":\"WebSite\",\"@id\":\"https:\/\/xenonkungen.com\/#website\",\"url\":\"https:\/\/xenonkungen.com\/\",\"name\":\"Xenonkungen\",\"description\":\"\",\"potentialAction\":[{\"@type\":\"SearchAction\",\"target\":{\"@type\":\"EntryPoint\",\"urlTemplate\":\"https:\/\/xenonkungen.com\/?s={search_term_string}\"},\"query-input\":{\"@type\":\"PropertyValueSpecification\",\"valueRequired\":true,\"valueName\":\"search_term_string\"}}],\"inLanguage\":\"fi\"}]}<\/script>\n<!-- \/ Yoast SEO plugin. -->","yoast_head_json":{"title":"BriodLights Ty\u00f6valo 157mm 2000lm - Ksenonvalo","robots":{"index":"index","follow":"follow","max-snippet":"max-snippet:-1","max-image-preview":"max-image-preview:large","max-video-preview":"max-video-preview:-1"},"canonical":"https:\/\/xenonkungen.com\/fi\/tuote\/briodlights-tyovalo-157-mm-2000-lm\/","og_locale":"fi_FI","og_type":"article","og_title":"BriodLights Arbetslampa 157mm 2000lm - Xenonkungen","og_description":"BriodLights Arbetslampa: Kraftfull Belysning f\u00f6r Effektiv Arbete Utf\u00f6r ditt arbete med sj\u00e4lvf\u00f6rtroende, oavsett ljusf\u00f6rh\u00e5llanden, med hj\u00e4lp av BriodLights arbetslampa. Denna h\u00f6gkvalitativa arbetslampa levererar kraftfull belysning och \u00f6kar produktiviteten och s\u00e4kerheten i din arbetsmilj\u00f6. Funktioner och F\u00f6rdelar: Svart Lamphus: BriodLights arbetslampa kommer med ett h\u00e5llbart svart lamphus som ger utm\u00e4rkt skydd mot elementen och h\u00e5ller ljusk\u00e4llan [&hellip;]","og_url":"https:\/\/xenonkungen.com\/fi\/tuote\/briodlights-tyovalo-157-mm-2000-lm\/","og_site_name":"Xenonkungen","article_modified_time":"2026-04-10T23:02:52+00:00","og_image":[{"width":2048,"height":1536,"url":"https:\/\/xenonkungen.com\/wp-content\/uploads\/2025\/04\/15232_itemimage_mainfront.jpg","type":"image\/jpeg"}],"twitter_card":"summary_large_image","twitter_misc":{"Arvioitu lukuaika":"1 minuutti"},"schema":{"@context":"https:\/\/schema.org","@graph":[{"@type":"WebPage","@id":"https:\/\/xenonkungen.com\/produkt\/briodlights-arbetslampa-157mm-2000lm\/","url":"https:\/\/xenonkungen.com\/produkt\/briodlights-arbetslampa-157mm-2000lm\/","name":"BriodLights Ty\u00f6valo 157mm 2000lm - Ksenonvalo","isPartOf":{"@id":"https:\/\/xenonkungen.com\/#website"},"primaryImageOfPage":{"@id":"https:\/\/xenonkungen.com\/produkt\/briodlights-arbetslampa-157mm-2000lm\/#primaryimage"},"image":{"@id":"https:\/\/xenonkungen.com\/produkt\/briodlights-arbetslampa-157mm-2000lm\/#primaryimage"},"thumbnailUrl":"https:\/\/xenonkungen.com\/wp-content\/uploads\/2025\/04\/15232_itemimage_mainfront.jpg","datePublished":"2025-04-15T08:49:55+00:00","dateModified":"2026-04-10T23:02:52+00:00","breadcrumb":{"@id":"https:\/\/xenonkungen.com\/produkt\/briodlights-arbetslampa-157mm-2000lm\/#breadcrumb"},"inLanguage":"fi","potentialAction":[{"@type":"ReadAction","target":["https:\/\/xenonkungen.com\/produkt\/briodlights-arbetslampa-157mm-2000lm\/"]}]},{"@type":"ImageObject","inLanguage":"fi","@id":"https:\/\/xenonkungen.com\/produkt\/briodlights-arbetslampa-157mm-2000lm\/#primaryimage","url":"https:\/\/xenonkungen.com\/wp-content\/uploads\/2025\/04\/15232_itemimage_mainfront.jpg","contentUrl":"https:\/\/xenonkungen.com\/wp-content\/uploads\/2025\/04\/15232_itemimage_mainfront.jpg","width":2048,"height":1536},{"@type":"BreadcrumbList","@id":"https:\/\/xenonkungen.com\/produkt\/briodlights-arbetslampa-157mm-2000lm\/#breadcrumb","itemListElement":[{"@type":"ListItem","position":1,"name":"Hem","item":"https:\/\/xenonkungen.com\/"},{"@type":"ListItem","position":2,"name":"Shop","item":"https:\/\/xenonkungen.com\/shop\/"},{"@type":"ListItem","position":3,"name":"BriodLights Arbetslampa 157mm 2000lm"}]},{"@type":"WebSite","@id":"https:\/\/xenonkungen.com\/#website","url":"https:\/\/xenonkungen.com\/","name":"Xenonkungen","description":"","potentialAction":[{"@type":"SearchAction","target":{"@type":"EntryPoint","urlTemplate":"https:\/\/xenonkungen.com\/?s={search_term_string}"},"query-input":{"@type":"PropertyValueSpecification","valueRequired":true,"valueName":"search_term_string"}}],"inLanguage":"fi"}]}},"taxonomy_info":{"product_brand":[{"value":92,"label":"Briodlights"}],"product_cat":[{"value":508,"label":"Arbetsbelysning"}],"product_tag":[{"value":2788,"label":"black-week-exclude"}],"pa_fargtemperatur":[{"value":226,"label":"5700K"}],"pa_fuktskydd-varde-ipxx":[{"value":155,"label":"IP69K"}],"pa_godkannande":[{"value":958,"label":"R10, R65"}],"pa_lampsockel-kontakt":[{"value":329,"label":"DT"}],"pa_led-chips-effekt-w":[{"value":526,"label":"30"}],"pa_ljusbild":[{"value":503,"label":"FLOOD"}],"pa_storlek-mm":[{"value":1018,"label":"157x49,7x60"}],"pa_stromforbrukning":[{"value":1020,"label":"1,33A@24V"},{"value":1019,"label":"2,64A@12V"}],"pa_volt-v":[{"value":773,"label":"Multivolt, 10, 12, 16, 18, 24, 28, 30"}]},"featured_image_src_large":["https:\/\/xenonkungen.com\/wp-content\/uploads\/2025\/04\/15232_itemimage_mainfront-1024x768.jpg",1024,768,true],"author_info":[],"comment_info":0,"_links":{"self":[{"href":"https:\/\/xenonkungen.com\/fi\/wp-json\/wp\/v2\/product\/3155","targetHints":{"allow":["GET"]}}],"collection":[{"href":"https:\/\/xenonkungen.com\/fi\/wp-json\/wp\/v2\/product"}],"about":[{"href":"https:\/\/xenonkungen.com\/fi\/wp-json\/wp\/v2\/types\/product"}],"replies":[{"embeddable":true,"href":"https:\/\/xenonkungen.com\/fi\/wp-json\/wp\/v2\/comments?post=3155"}],"wp:featuredmedia":[{"embeddable":true,"href":"https:\/\/xenonkungen.com\/fi\/wp-json\/wp\/v2\/media\/3156"}],"wp:attachment":[{"href":"https:\/\/xenonkungen.com\/fi\/wp-json\/wp\/v2\/media?parent=3155"}],"wp:term":[{"taxonomy":"anvandningsomrade","embeddable":true,"href":"https:\/\/xenonkungen.com\/fi\/wp-json\/wp\/v2\/anvandningsomrade?post=3155"},{"taxonomy":"bilmarken","embeddable":true,"href":"https:\/\/xenonkungen.com\/fi\/wp-json\/wp\/v2\/bilmarken?post=3155"},{"taxonomy":"product_brand","embeddable":true,"href":"https:\/\/xenonkungen.com\/fi\/wp-json\/wp\/v2\/product_brand?post=3155"},{"taxonomy":"product_cat","embeddable":true,"href":"https:\/\/xenonkungen.com\/fi\/wp-json\/wp\/v2\/product_cat?post=3155"},{"taxonomy":"product_tag","embeddable":true,"href":"https:\/\/xenonkungen.com\/fi\/wp-json\/wp\/v2\/product_tag?post=3155"}],"curies":[{"name":"wp","href":"https:\/\/api.w.org\/{rel}","templated":true}]}}