{"id":3159,"date":"2025-04-15T08:49:55","date_gmt":"2025-04-15T08:49:55","guid":{"rendered":"https:\/\/xenonkungen.com\/product\/briodlights-arbetslampa-med-varningsljus-157-mm-1727-lm\/"},"modified":"2026-05-08T13:28:21","modified_gmt":"2026-05-08T12:28:21","slug":"briodlights-tyovalo-varoitusvalolla-157-mm-1727-lm","status":"publish","type":"product","link":"https:\/\/xenonkungen.com\/fi\/tuote\/briodlights-tyovalo-varoitusvalolla-157-mm-1727-lm\/","title":{"rendered":"BriodLights Ty\u00f6valo varoitusvalolla 157 mm 1727 lm"},"content":{"rendered":"<h1>BriodLights ty\u00f6valo varoitusvalolla - Tehokas, ohut ja luotettava<\/h1>\n<p>Maksimoi molemmat <strong>n\u00e4kyvyys ja turvallisuus<\/strong> kanssa <strong>BriodLights Ty\u00f6valo, jossa on varoitusvalo<\/strong> - ja <strong>kompakti ja tehokas<\/strong> valaistusratkaisu, jossa yhdistyv\u00e4t <strong>voimakas ty\u00f6valo<\/strong> a:lla <strong>selke\u00e4 varoitustoiminto<\/strong>. Ihanteellinen <strong>rakennusty\u00f6mailla, huoltoajoneuvoissa ja muissa ymp\u00e4rist\u00f6iss\u00e4, joissa n\u00e4kyvyys on ratkaisevan t\u00e4rke\u00e4\u00e4.<\/strong>.<\/p>\n<h2>Ominaisuudet ja edut<\/h2>\n<ul>\n<li><strong>Kaksitoiminen<\/strong> - Valaise ty\u00f6tilasi ja varoita samalla ymp\u00e4rist\u00f6\u00e4si.<\/li>\n<li><strong>Korkea kirkkaus<\/strong> - Kirkas ja voimakas valo ty\u00f6skentelyyn pimeiss\u00e4 ymp\u00e4rist\u00f6iss\u00e4.<\/li>\n<li><strong>Tyylik\u00e4s ja moderni muotoilu<\/strong> - Tyylik\u00e4s ulkon\u00e4k\u00f6, joka sopii mihin tahansa ajoneuvoon.<\/li>\n<li><strong>Helppo asennus<\/strong> - Ruostumattomasta ter\u00e4ksest\u00e4 valmistettu kiinnike ja kumitiiviste vakaata asennusta varten.<\/li>\n<\/ul>\n<h2>Rakennettu vaativiin ymp\u00e4rist\u00f6ihin<\/h2>\n<p>Ty\u00f6skentelitp\u00e4 sitten tiell\u00e4 tai maastossa tai tarvitset lis\u00e4turvallisuutta vaativissa ymp\u00e4rist\u00f6iss\u00e4, BriodLights <strong>paras suorituskyky ja luotettavuus<\/strong>. Kanssa <strong>kest\u00e4v\u00e4 rakenne ja k\u00e4ytt\u00e4j\u00e4yst\u00e4v\u00e4llinen kokoonpano<\/strong>, t\u00e4m\u00e4 on <strong>lopullinen ty\u00f6valo<\/strong> niille, jotka tarvitsevat molempia <strong>tehokkuus ja turvallisuus<\/strong>.<\/p>","protected":false},"excerpt":{"rendered":"<p>BriodLights Arbetslampa med Varningsljus \u2013 Kraftfull, Slimmad &amp; P\u00e5litlig Maximera b\u00e5de sikt och s\u00e4kerhet med BriodLights Arbetslampa med Varningsljus \u2013 en kompakt och kraftfull belysningsl\u00f6sning som kombinerar intensivt arbetsljus med en tydlig varningsfunktion. Perfekt f\u00f6r byggarbetsplatser, servicefordon och andra milj\u00f6er d\u00e4r synlighet \u00e4r avg\u00f6rande. Funktioner &amp; F\u00f6rdelar Dubbelfunktion \u2013 Belys din arbetsyta samtidigt som du [&hellip;]<\/p>","protected":false},"featured_media":3160,"comment_status":"closed","ping_status":"closed","template":"","meta":{"_acf_changed":false,"_smort_price_nok":"1063","_smort_price_dkk":"675","_smort_price_eur":"90.45","_smort_sale_price_nok":"","_smort_sale_price_dkk":"","_smort_sale_price_eur":"","smort_restorder":"","shipmondo_restorder":"","_kad_blocks_custom_css":"","_kad_blocks_head_custom_js":"","_kad_blocks_body_custom_js":"","_kad_blocks_footer_custom_js":"","smort_custom_pricelist_1":"636.8","smort_custom_pricelist_2":"557.2","smort_custom_pricelist_3":"529.34","smort_custom_pricelist_4":"796","smort_custom_pricelist_5":"557.2"},"anvandningsomrade":[],"bilmarken":[],"product_brand":[92],"product_cat":[2479,508,1111,934],"product_tag":[2788],"class_list":{"0":"post-3159","1":"product","2":"type-product","3":"status-publish","4":"has-post-thumbnail","6":"product_brand-briodlights","7":"product_cat-backljus-backljus","8":"product_cat-arbetsbelysning","9":"product_cat-backlampa","10":"product_cat-blixtljus","11":"product_tag-black-week-exclude","12":"pa_fargtemperatur-5700k","13":"pa_fuktskydd-varde-ipxx-ip69k","14":"pa_godkannande-r10-r65","15":"pa_lampsockel-kontakt-open-wire","16":"pa_led-chips-effekt-w-526","17":"pa_ljusbild-flood","18":"pa_storlek-mm-157x497x60","19":"pa_stromforbrukning-095a24v","20":"pa_stromforbrukning-186a12v","21":"pa_volt-v-multivolt-10-12-16-18-24-28-30","23":"first","24":"instock","25":"taxable","26":"shipping-taxable","27":"purchasable","28":"product-type-simple"},"bundled_by":[],"bundle_stock_status":"instock","bundle_stock_quantity":2,"bundle_virtual":false,"bundle_layout":"","bundle_add_to_cart_form_location":"","bundle_editable_in_cart":false,"bundle_sold_individually_context":"","bundle_item_grouping":"","bundle_min_size":"","bundle_max_size":"","bundle_price":[],"bundled_items":[],"bundle_sell_ids":[],"acf":[],"yoast_head":"<!-- This site is optimized with the Yoast SEO plugin v27.0 - https:\/\/yoast.com\/product\/yoast-seo-wordpress\/ -->\n<title>BriodLights Arbetslampa med varningsljus 157 mm 1727 lm - Xenonkungen<\/title>\n<meta name=\"robots\" content=\"index, follow, max-snippet:-1, max-image-preview:large, max-video-preview:-1\" \/>\n<link rel=\"canonical\" href=\"https:\/\/xenonkungen.com\/fi\/tuote\/briodlights-tyovalo-varoitusvalolla-157-mm-1727-lm\/\" \/>\n<meta property=\"og:locale\" content=\"fi_FI\" \/>\n<meta property=\"og:type\" content=\"article\" \/>\n<meta property=\"og:title\" content=\"BriodLights Arbetslampa med varningsljus 157 mm 1727 lm - Xenonkungen\" \/>\n<meta property=\"og:description\" content=\"BriodLights Arbetslampa med Varningsljus \u2013 Kraftfull, Slimmad &amp; P\u00e5litlig Maximera b\u00e5de sikt och s\u00e4kerhet med BriodLights Arbetslampa med Varningsljus \u2013 en kompakt och kraftfull belysningsl\u00f6sning som kombinerar intensivt arbetsljus med en tydlig varningsfunktion. Perfekt f\u00f6r byggarbetsplatser, servicefordon och andra milj\u00f6er d\u00e4r synlighet \u00e4r avg\u00f6rande. Funktioner &amp; F\u00f6rdelar Dubbelfunktion \u2013 Belys din arbetsyta samtidigt som du [&hellip;]\" \/>\n<meta property=\"og:url\" content=\"https:\/\/xenonkungen.com\/fi\/tuote\/briodlights-tyovalo-varoitusvalolla-157-mm-1727-lm\/\" \/>\n<meta property=\"og:site_name\" content=\"Xenonkungen\" \/>\n<meta property=\"article:modified_time\" content=\"2026-05-08T12:28:21+00:00\" \/>\n<meta property=\"og:image\" content=\"https:\/\/xenonkungen.com\/wp-content\/uploads\/2025\/04\/15233_itemimage_2.jpg\" \/>\n\t<meta property=\"og:image:width\" content=\"2048\" \/>\n\t<meta property=\"og:image:height\" content=\"1536\" \/>\n\t<meta property=\"og:image:type\" content=\"image\/jpeg\" \/>\n<meta name=\"twitter:card\" content=\"summary_large_image\" \/>\n<meta name=\"twitter:label1\" content=\"Arvioitu lukuaika\" \/>\n\t<meta name=\"twitter:data1\" content=\"1 minuutti\" \/>\n<script type=\"application\/ld+json\" class=\"yoast-schema-graph\">{\"@context\":\"https:\/\/schema.org\",\"@graph\":[{\"@type\":\"WebPage\",\"@id\":\"https:\/\/xenonkungen.com\/produkt\/briodlights-arbetslampa-med-varningsljus-157-mm-1727-lm\/\",\"url\":\"https:\/\/xenonkungen.com\/produkt\/briodlights-arbetslampa-med-varningsljus-157-mm-1727-lm\/\",\"name\":\"BriodLights Arbetslampa med varningsljus 157 mm 1727 lm - Xenonkungen\",\"isPartOf\":{\"@id\":\"https:\/\/xenonkungen.com\/#website\"},\"primaryImageOfPage\":{\"@id\":\"https:\/\/xenonkungen.com\/produkt\/briodlights-arbetslampa-med-varningsljus-157-mm-1727-lm\/#primaryimage\"},\"image\":{\"@id\":\"https:\/\/xenonkungen.com\/produkt\/briodlights-arbetslampa-med-varningsljus-157-mm-1727-lm\/#primaryimage\"},\"thumbnailUrl\":\"https:\/\/xenonkungen.com\/wp-content\/uploads\/2025\/04\/15233_itemimage_2.jpg\",\"datePublished\":\"2025-04-15T08:49:55+00:00\",\"dateModified\":\"2026-05-08T12:28:21+00:00\",\"breadcrumb\":{\"@id\":\"https:\/\/xenonkungen.com\/produkt\/briodlights-arbetslampa-med-varningsljus-157-mm-1727-lm\/#breadcrumb\"},\"inLanguage\":\"fi\",\"potentialAction\":[{\"@type\":\"ReadAction\",\"target\":[\"https:\/\/xenonkungen.com\/produkt\/briodlights-arbetslampa-med-varningsljus-157-mm-1727-lm\/\"]}]},{\"@type\":\"ImageObject\",\"inLanguage\":\"fi\",\"@id\":\"https:\/\/xenonkungen.com\/produkt\/briodlights-arbetslampa-med-varningsljus-157-mm-1727-lm\/#primaryimage\",\"url\":\"https:\/\/xenonkungen.com\/wp-content\/uploads\/2025\/04\/15233_itemimage_2.jpg\",\"contentUrl\":\"https:\/\/xenonkungen.com\/wp-content\/uploads\/2025\/04\/15233_itemimage_2.jpg\",\"width\":2048,\"height\":1536},{\"@type\":\"BreadcrumbList\",\"@id\":\"https:\/\/xenonkungen.com\/produkt\/briodlights-arbetslampa-med-varningsljus-157-mm-1727-lm\/#breadcrumb\",\"itemListElement\":[{\"@type\":\"ListItem\",\"position\":1,\"name\":\"Hem\",\"item\":\"https:\/\/xenonkungen.com\/\"},{\"@type\":\"ListItem\",\"position\":2,\"name\":\"Shop\",\"item\":\"https:\/\/xenonkungen.com\/shop\/\"},{\"@type\":\"ListItem\",\"position\":3,\"name\":\"BriodLights Arbetslampa med varningsljus 157 mm 1727 lm\"}]},{\"@type\":\"WebSite\",\"@id\":\"https:\/\/xenonkungen.com\/#website\",\"url\":\"https:\/\/xenonkungen.com\/\",\"name\":\"Xenonkungen\",\"description\":\"\",\"potentialAction\":[{\"@type\":\"SearchAction\",\"target\":{\"@type\":\"EntryPoint\",\"urlTemplate\":\"https:\/\/xenonkungen.com\/?s={search_term_string}\"},\"query-input\":{\"@type\":\"PropertyValueSpecification\",\"valueRequired\":true,\"valueName\":\"search_term_string\"}}],\"inLanguage\":\"fi\"}]}<\/script>\n<!-- \/ Yoast SEO plugin. -->","yoast_head_json":{"title":"BriodLights Ty\u00f6valo varoitusvalolla 157 mm 1727 lm - Xenonkungen","robots":{"index":"index","follow":"follow","max-snippet":"max-snippet:-1","max-image-preview":"max-image-preview:large","max-video-preview":"max-video-preview:-1"},"canonical":"https:\/\/xenonkungen.com\/fi\/tuote\/briodlights-tyovalo-varoitusvalolla-157-mm-1727-lm\/","og_locale":"fi_FI","og_type":"article","og_title":"BriodLights Arbetslampa med varningsljus 157 mm 1727 lm - Xenonkungen","og_description":"BriodLights Arbetslampa med Varningsljus \u2013 Kraftfull, Slimmad &amp; P\u00e5litlig Maximera b\u00e5de sikt och s\u00e4kerhet med BriodLights Arbetslampa med Varningsljus \u2013 en kompakt och kraftfull belysningsl\u00f6sning som kombinerar intensivt arbetsljus med en tydlig varningsfunktion. Perfekt f\u00f6r byggarbetsplatser, servicefordon och andra milj\u00f6er d\u00e4r synlighet \u00e4r avg\u00f6rande. Funktioner &amp; F\u00f6rdelar Dubbelfunktion \u2013 Belys din arbetsyta samtidigt som du [&hellip;]","og_url":"https:\/\/xenonkungen.com\/fi\/tuote\/briodlights-tyovalo-varoitusvalolla-157-mm-1727-lm\/","og_site_name":"Xenonkungen","article_modified_time":"2026-05-08T12:28:21+00:00","og_image":[{"width":2048,"height":1536,"url":"https:\/\/xenonkungen.com\/wp-content\/uploads\/2025\/04\/15233_itemimage_2.jpg","type":"image\/jpeg"}],"twitter_card":"summary_large_image","twitter_misc":{"Arvioitu lukuaika":"1 minuutti"},"schema":{"@context":"https:\/\/schema.org","@graph":[{"@type":"WebPage","@id":"https:\/\/xenonkungen.com\/produkt\/briodlights-arbetslampa-med-varningsljus-157-mm-1727-lm\/","url":"https:\/\/xenonkungen.com\/produkt\/briodlights-arbetslampa-med-varningsljus-157-mm-1727-lm\/","name":"BriodLights Ty\u00f6valo varoitusvalolla 157 mm 1727 lm - Xenonkungen","isPartOf":{"@id":"https:\/\/xenonkungen.com\/#website"},"primaryImageOfPage":{"@id":"https:\/\/xenonkungen.com\/produkt\/briodlights-arbetslampa-med-varningsljus-157-mm-1727-lm\/#primaryimage"},"image":{"@id":"https:\/\/xenonkungen.com\/produkt\/briodlights-arbetslampa-med-varningsljus-157-mm-1727-lm\/#primaryimage"},"thumbnailUrl":"https:\/\/xenonkungen.com\/wp-content\/uploads\/2025\/04\/15233_itemimage_2.jpg","datePublished":"2025-04-15T08:49:55+00:00","dateModified":"2026-05-08T12:28:21+00:00","breadcrumb":{"@id":"https:\/\/xenonkungen.com\/produkt\/briodlights-arbetslampa-med-varningsljus-157-mm-1727-lm\/#breadcrumb"},"inLanguage":"fi","potentialAction":[{"@type":"ReadAction","target":["https:\/\/xenonkungen.com\/produkt\/briodlights-arbetslampa-med-varningsljus-157-mm-1727-lm\/"]}]},{"@type":"ImageObject","inLanguage":"fi","@id":"https:\/\/xenonkungen.com\/produkt\/briodlights-arbetslampa-med-varningsljus-157-mm-1727-lm\/#primaryimage","url":"https:\/\/xenonkungen.com\/wp-content\/uploads\/2025\/04\/15233_itemimage_2.jpg","contentUrl":"https:\/\/xenonkungen.com\/wp-content\/uploads\/2025\/04\/15233_itemimage_2.jpg","width":2048,"height":1536},{"@type":"BreadcrumbList","@id":"https:\/\/xenonkungen.com\/produkt\/briodlights-arbetslampa-med-varningsljus-157-mm-1727-lm\/#breadcrumb","itemListElement":[{"@type":"ListItem","position":1,"name":"Hem","item":"https:\/\/xenonkungen.com\/"},{"@type":"ListItem","position":2,"name":"Shop","item":"https:\/\/xenonkungen.com\/shop\/"},{"@type":"ListItem","position":3,"name":"BriodLights Arbetslampa med varningsljus 157 mm 1727 lm"}]},{"@type":"WebSite","@id":"https:\/\/xenonkungen.com\/#website","url":"https:\/\/xenonkungen.com\/","name":"Xenonkungen","description":"","potentialAction":[{"@type":"SearchAction","target":{"@type":"EntryPoint","urlTemplate":"https:\/\/xenonkungen.com\/?s={search_term_string}"},"query-input":{"@type":"PropertyValueSpecification","valueRequired":true,"valueName":"search_term_string"}}],"inLanguage":"fi"}]}},"taxonomy_info":{"product_brand":[{"value":92,"label":"Briodlights"}],"product_cat":[{"value":2479,"label":"Backljus"},{"value":508,"label":"Arbetsbelysning"},{"value":1111,"label":"Backlampa"},{"value":934,"label":"Blixtljus"}],"product_tag":[{"value":2788,"label":"black-week-exclude"}],"pa_fargtemperatur":[{"value":226,"label":"5700K"}],"pa_fuktskydd-varde-ipxx":[{"value":155,"label":"IP69K"}],"pa_godkannande":[{"value":958,"label":"R10, R65"}],"pa_lampsockel-kontakt":[{"value":324,"label":"Open Wire"}],"pa_led-chips-effekt-w":[{"value":526,"label":"30"}],"pa_ljusbild":[{"value":503,"label":"FLOOD"}],"pa_storlek-mm":[{"value":1018,"label":"157x49,7x60"}],"pa_stromforbrukning":[{"value":1022,"label":"0,95A@24V"},{"value":1021,"label":"1,86A@12V"}],"pa_volt-v":[{"value":773,"label":"Multivolt, 10, 12, 16, 18, 24, 28, 30"}]},"featured_image_src_large":["https:\/\/xenonkungen.com\/wp-content\/uploads\/2025\/04\/15233_itemimage_2-1024x768.jpg",1024,768,true],"author_info":[],"comment_info":0,"_links":{"self":[{"href":"https:\/\/xenonkungen.com\/fi\/wp-json\/wp\/v2\/product\/3159","targetHints":{"allow":["GET"]}}],"collection":[{"href":"https:\/\/xenonkungen.com\/fi\/wp-json\/wp\/v2\/product"}],"about":[{"href":"https:\/\/xenonkungen.com\/fi\/wp-json\/wp\/v2\/types\/product"}],"replies":[{"embeddable":true,"href":"https:\/\/xenonkungen.com\/fi\/wp-json\/wp\/v2\/comments?post=3159"}],"wp:featuredmedia":[{"embeddable":true,"href":"https:\/\/xenonkungen.com\/fi\/wp-json\/wp\/v2\/media\/3160"}],"wp:attachment":[{"href":"https:\/\/xenonkungen.com\/fi\/wp-json\/wp\/v2\/media?parent=3159"}],"wp:term":[{"taxonomy":"anvandningsomrade","embeddable":true,"href":"https:\/\/xenonkungen.com\/fi\/wp-json\/wp\/v2\/anvandningsomrade?post=3159"},{"taxonomy":"bilmarken","embeddable":true,"href":"https:\/\/xenonkungen.com\/fi\/wp-json\/wp\/v2\/bilmarken?post=3159"},{"taxonomy":"product_brand","embeddable":true,"href":"https:\/\/xenonkungen.com\/fi\/wp-json\/wp\/v2\/product_brand?post=3159"},{"taxonomy":"product_cat","embeddable":true,"href":"https:\/\/xenonkungen.com\/fi\/wp-json\/wp\/v2\/product_cat?post=3159"},{"taxonomy":"product_tag","embeddable":true,"href":"https:\/\/xenonkungen.com\/fi\/wp-json\/wp\/v2\/product_tag?post=3159"}],"curies":[{"name":"wp","href":"https:\/\/api.w.org\/{rel}","templated":true}]}}