{"id":3199,"date":"2025-04-15T08:50:41","date_gmt":"2025-04-15T08:50:41","guid":{"rendered":"https:\/\/xenonkungen.com\/product\/ozz-4-faste-9-vit\/"},"modified":"2026-01-08T17:59:37","modified_gmt":"2026-01-08T16:59:37","slug":"ozz-4-fast-9-white","status":"publish","type":"product","link":"https:\/\/xenonkungen.com\/fi\/tuote\/ozz-4-fast-9-white\/","title":{"rendered":"OZZ 4 - kiinnike 9\u2033 Valkoinen"},"content":{"rendered":"<h1><span>Teline nelj\u00e4lle 9 tuuman OZZ-lampulle<\/span><\/h1>\n<p>T\u00e4m\u00e4 kiinnike on r\u00e4\u00e4t\u00e4l\u00f6ity niin, ett\u00e4 se voidaan integroida saumattomasti erilaisiin komponentteihin, jotka ovat keskeisi\u00e4 ajoneuvon k\u00e4ytt\u00f6kokemuksen kannalta. Se on suunniteltu erityisesti toimimaan t\u00e4ydellisesti 360 asteen kameroiden, dynaamisten vakionopeudens\u00e4\u00e4dinj\u00e4rjestelmien ja tutkien kanssa, ja se on ihanteellinen valinta autosi lis\u00e4valojen kiinnitt\u00e4miseen.<\/p>\n<h2>Saumaton asennusprosessi<\/h2>\n<p>Yksi t\u00e4m\u00e4n asennusj\u00e4rjestelm\u00e4n merkitt\u00e4vimmist\u00e4 eduista on vaivaton asennusprosessi. Kiinnike asennetaan helposti ja turvallisesti suoraan rekisterikilven taakse, jolloin saat huomaamattoman mutta eritt\u00e4in vakaan kiinnitysratkaisun.<\/p>\n<h2>Korkealaatuiset materiaalit ja tekninen suuntautuminen<\/h2>\n<p>Lis\u00e4ksi t\u00e4m\u00e4 asennusj\u00e4rjestelm\u00e4 on valmistettu korkealaatuisista materiaaleista ja teknisest\u00e4 l\u00e4hestymistavasta, joka takaa pitk\u00e4aikaisen kest\u00e4vyyden ja luotettavan suorituskyvyn. Se on suunniteltu ajoneuvon omistajien tarpeet ja vaatimukset huomioon ottaen, ja se on erinomainen valinta niille, jotka arvostavat sek\u00e4 toiminnallisuutta ett\u00e4 esteettisyytt\u00e4.<\/p>\n<p>Yhteenvetona voidaan todeta, ett\u00e4 t\u00e4m\u00e4 kiinnike on teknisesti edistyksellinen ja luotettava ratkaisu lis\u00e4valojen ja muiden laitteiden kiinnitt\u00e4miseen autoosi. Se on yhteensopiva 360 asteen kameroiden, dynaamisten vakionopeudens\u00e4\u00e4dinj\u00e4rjestelmien ja tutkien kanssa, ja asennusprosessi on sujuva, joten t\u00e4m\u00e4 kiinnike parantaa ajoneuvokokemustasi monin tavoin.<\/p>","protected":false},"excerpt":{"rendered":"<p>F\u00e4ste f\u00f6r 4 st OZZ lampor 9&#8243; Denna montering \u00e4r skr\u00e4ddarsydd f\u00f6r att smidigt integreras med en rad olika komponenter som \u00e4r centrala f\u00f6r din fordonsupplevelse. Den \u00e4r s\u00e4rskilt anpassad f\u00f6r att fungera perfekt med 360-graders kameror, dynamiska farth\u00e5llningssystem och radar, och den \u00e4r ett idealiskt val f\u00f6r att montera extraljus p\u00e5 din bil. Problemfri [&hellip;]<\/p>","protected":false},"featured_media":3200,"comment_status":"closed","ping_status":"open","template":"","meta":{"_acf_changed":false,"_smort_price_nok":"1597","_smort_price_dkk":"1014","_smort_price_eur":"135.9","_smort_sale_price_nok":"","_smort_sale_price_dkk":"","_smort_sale_price_eur":"","smort_restorder":"","shipmondo_restorder":"","_kad_blocks_custom_css":"","_kad_blocks_head_custom_js":"","_kad_blocks_body_custom_js":"","_kad_blocks_footer_custom_js":"","smort_custom_pricelist_1":"956.8","smort_custom_pricelist_2":"956.8","smort_custom_pricelist_3":"956.8","smort_custom_pricelist_4":"1196","smort_custom_pricelist_5":"956.8"},"anvandningsomrade":[],"bilmarken":[],"product_brand":[1051],"product_cat":[2534,2461,2841,2535,2536,390],"product_tag":[2788],"class_list":{"0":"post-3199","1":"product","2":"type-product","3":"status-publish","4":"has-post-thumbnail","6":"product_brand-ozz","7":"product_cat-extraljusfaste-extraljus","8":"product_cat-fasten-installation","9":"product_cat-installation-extraljus","10":"product_cat-tillbehor-ledramper","11":"product_cat-tillbehor-tillbehor-ledramper","12":"product_cat-installation","13":"product_tag-black-week-exclude","15":"first","16":"instock","17":"taxable","18":"shipping-taxable","19":"purchasable","20":"product-type-simple"},"bundled_by":["9414"],"bundle_stock_status":"instock","bundle_stock_quantity":1,"bundle_virtual":false,"bundle_layout":"","bundle_add_to_cart_form_location":"","bundle_editable_in_cart":false,"bundle_sold_individually_context":"","bundle_item_grouping":"","bundle_min_size":"","bundle_max_size":"","bundle_price":[],"bundled_items":[],"bundle_sell_ids":[],"acf":[],"yoast_head":"<!-- This site is optimized with the Yoast SEO plugin v27.0 - https:\/\/yoast.com\/product\/yoast-seo-wordpress\/ -->\n<title>OZZ 4 - F\u00e4ste 9&quot; Vit - Xenonkungen<\/title>\n<meta name=\"robots\" content=\"index, follow, max-snippet:-1, max-image-preview:large, max-video-preview:-1\" \/>\n<link rel=\"canonical\" href=\"https:\/\/xenonkungen.com\/fi\/tuote\/ozz-4-fast-9-white\/\" \/>\n<meta property=\"og:locale\" content=\"fi_FI\" \/>\n<meta property=\"og:type\" content=\"article\" \/>\n<meta property=\"og:title\" content=\"OZZ 4 - F\u00e4ste 9&quot; Vit - Xenonkungen\" \/>\n<meta property=\"og:description\" content=\"F\u00e4ste f\u00f6r 4 st OZZ lampor 9&#8243; Denna montering \u00e4r skr\u00e4ddarsydd f\u00f6r att smidigt integreras med en rad olika komponenter som \u00e4r centrala f\u00f6r din fordonsupplevelse. Den \u00e4r s\u00e4rskilt anpassad f\u00f6r att fungera perfekt med 360-graders kameror, dynamiska farth\u00e5llningssystem och radar, och den \u00e4r ett idealiskt val f\u00f6r att montera extraljus p\u00e5 din bil. Problemfri [&hellip;]\" \/>\n<meta property=\"og:url\" content=\"https:\/\/xenonkungen.com\/fi\/tuote\/ozz-4-fast-9-white\/\" \/>\n<meta property=\"og:site_name\" content=\"Xenonkungen\" \/>\n<meta property=\"article:modified_time\" content=\"2026-01-08T16:59:37+00:00\" \/>\n<meta property=\"og:image\" content=\"https:\/\/xenonkungen.com\/wp-content\/uploads\/2025\/04\/Ozz-Extraljusfaste-DSCF5042-VIT-PNNG-Org-skugga-1000px.png\" \/>\n\t<meta property=\"og:image:width\" content=\"1300\" \/>\n\t<meta property=\"og:image:height\" content=\"320\" \/>\n\t<meta property=\"og:image:type\" content=\"image\/png\" \/>\n<meta name=\"twitter:card\" content=\"summary_large_image\" \/>\n<meta name=\"twitter:label1\" content=\"Arvioitu lukuaika\" \/>\n\t<meta name=\"twitter:data1\" content=\"1 minuutti\" \/>\n<script type=\"application\/ld+json\" class=\"yoast-schema-graph\">{\"@context\":\"https:\/\/schema.org\",\"@graph\":[{\"@type\":\"WebPage\",\"@id\":\"https:\/\/xenonkungen.com\/en\/product\/ozz-4-fast-9-white\/\",\"url\":\"https:\/\/xenonkungen.com\/en\/product\/ozz-4-fast-9-white\/\",\"name\":\"OZZ 4 - F\u00e4ste 9\\\" Vit - Xenonkungen\",\"isPartOf\":{\"@id\":\"https:\/\/xenonkungen.com\/#website\"},\"primaryImageOfPage\":{\"@id\":\"https:\/\/xenonkungen.com\/en\/product\/ozz-4-fast-9-white\/#primaryimage\"},\"image\":{\"@id\":\"https:\/\/xenonkungen.com\/en\/product\/ozz-4-fast-9-white\/#primaryimage\"},\"thumbnailUrl\":\"https:\/\/xenonkungen.com\/wp-content\/uploads\/2025\/04\/Ozz-Extraljusfaste-DSCF5042-VIT-PNNG-Org-skugga-1000px.png\",\"datePublished\":\"2025-04-15T08:50:41+00:00\",\"dateModified\":\"2026-01-08T16:59:37+00:00\",\"breadcrumb\":{\"@id\":\"https:\/\/xenonkungen.com\/en\/product\/ozz-4-fast-9-white\/#breadcrumb\"},\"inLanguage\":\"fi\",\"potentialAction\":[{\"@type\":\"ReadAction\",\"target\":[\"https:\/\/xenonkungen.com\/en\/product\/ozz-4-fast-9-white\/\"]}]},{\"@type\":\"ImageObject\",\"inLanguage\":\"fi\",\"@id\":\"https:\/\/xenonkungen.com\/en\/product\/ozz-4-fast-9-white\/#primaryimage\",\"url\":\"https:\/\/xenonkungen.com\/wp-content\/uploads\/2025\/04\/Ozz-Extraljusfaste-DSCF5042-VIT-PNNG-Org-skugga-1000px.png\",\"contentUrl\":\"https:\/\/xenonkungen.com\/wp-content\/uploads\/2025\/04\/Ozz-Extraljusfaste-DSCF5042-VIT-PNNG-Org-skugga-1000px.png\",\"width\":1300,\"height\":320},{\"@type\":\"BreadcrumbList\",\"@id\":\"https:\/\/xenonkungen.com\/en\/product\/ozz-4-fast-9-white\/#breadcrumb\",\"itemListElement\":[{\"@type\":\"ListItem\",\"position\":1,\"name\":\"Hem\",\"item\":\"https:\/\/xenonkungen.com\/\"},{\"@type\":\"ListItem\",\"position\":2,\"name\":\"Shop\",\"item\":\"https:\/\/xenonkungen.com\/shop\/\"},{\"@type\":\"ListItem\",\"position\":3,\"name\":\"OZZ 4 &#8211; F\u00e4ste 9&#8243; Vit\"}]},{\"@type\":\"WebSite\",\"@id\":\"https:\/\/xenonkungen.com\/#website\",\"url\":\"https:\/\/xenonkungen.com\/\",\"name\":\"Xenonkungen\",\"description\":\"\",\"potentialAction\":[{\"@type\":\"SearchAction\",\"target\":{\"@type\":\"EntryPoint\",\"urlTemplate\":\"https:\/\/xenonkungen.com\/?s={search_term_string}\"},\"query-input\":{\"@type\":\"PropertyValueSpecification\",\"valueRequired\":true,\"valueName\":\"search_term_string\"}}],\"inLanguage\":\"fi\"}]}<\/script>\n<!-- \/ Yoast SEO plugin. -->","yoast_head_json":{"title":"OZZ 4 - 9&quot; kiinnike valkoinen - Xenonkungen","robots":{"index":"index","follow":"follow","max-snippet":"max-snippet:-1","max-image-preview":"max-image-preview:large","max-video-preview":"max-video-preview:-1"},"canonical":"https:\/\/xenonkungen.com\/fi\/tuote\/ozz-4-fast-9-white\/","og_locale":"fi_FI","og_type":"article","og_title":"OZZ 4 - F\u00e4ste 9\" Vit - Xenonkungen","og_description":"F\u00e4ste f\u00f6r 4 st OZZ lampor 9&#8243; Denna montering \u00e4r skr\u00e4ddarsydd f\u00f6r att smidigt integreras med en rad olika komponenter som \u00e4r centrala f\u00f6r din fordonsupplevelse. Den \u00e4r s\u00e4rskilt anpassad f\u00f6r att fungera perfekt med 360-graders kameror, dynamiska farth\u00e5llningssystem och radar, och den \u00e4r ett idealiskt val f\u00f6r att montera extraljus p\u00e5 din bil. Problemfri [&hellip;]","og_url":"https:\/\/xenonkungen.com\/fi\/tuote\/ozz-4-fast-9-white\/","og_site_name":"Xenonkungen","article_modified_time":"2026-01-08T16:59:37+00:00","og_image":[{"width":1300,"height":320,"url":"https:\/\/xenonkungen.com\/wp-content\/uploads\/2025\/04\/Ozz-Extraljusfaste-DSCF5042-VIT-PNNG-Org-skugga-1000px.png","type":"image\/png"}],"twitter_card":"summary_large_image","twitter_misc":{"Arvioitu lukuaika":"1 minuutti"},"schema":{"@context":"https:\/\/schema.org","@graph":[{"@type":"WebPage","@id":"https:\/\/xenonkungen.com\/en\/product\/ozz-4-fast-9-white\/","url":"https:\/\/xenonkungen.com\/en\/product\/ozz-4-fast-9-white\/","name":"OZZ 4 - 9&quot; kiinnike valkoinen - Xenonkungen","isPartOf":{"@id":"https:\/\/xenonkungen.com\/#website"},"primaryImageOfPage":{"@id":"https:\/\/xenonkungen.com\/en\/product\/ozz-4-fast-9-white\/#primaryimage"},"image":{"@id":"https:\/\/xenonkungen.com\/en\/product\/ozz-4-fast-9-white\/#primaryimage"},"thumbnailUrl":"https:\/\/xenonkungen.com\/wp-content\/uploads\/2025\/04\/Ozz-Extraljusfaste-DSCF5042-VIT-PNNG-Org-skugga-1000px.png","datePublished":"2025-04-15T08:50:41+00:00","dateModified":"2026-01-08T16:59:37+00:00","breadcrumb":{"@id":"https:\/\/xenonkungen.com\/en\/product\/ozz-4-fast-9-white\/#breadcrumb"},"inLanguage":"fi","potentialAction":[{"@type":"ReadAction","target":["https:\/\/xenonkungen.com\/en\/product\/ozz-4-fast-9-white\/"]}]},{"@type":"ImageObject","inLanguage":"fi","@id":"https:\/\/xenonkungen.com\/en\/product\/ozz-4-fast-9-white\/#primaryimage","url":"https:\/\/xenonkungen.com\/wp-content\/uploads\/2025\/04\/Ozz-Extraljusfaste-DSCF5042-VIT-PNNG-Org-skugga-1000px.png","contentUrl":"https:\/\/xenonkungen.com\/wp-content\/uploads\/2025\/04\/Ozz-Extraljusfaste-DSCF5042-VIT-PNNG-Org-skugga-1000px.png","width":1300,"height":320},{"@type":"BreadcrumbList","@id":"https:\/\/xenonkungen.com\/en\/product\/ozz-4-fast-9-white\/#breadcrumb","itemListElement":[{"@type":"ListItem","position":1,"name":"Hem","item":"https:\/\/xenonkungen.com\/"},{"@type":"ListItem","position":2,"name":"Shop","item":"https:\/\/xenonkungen.com\/shop\/"},{"@type":"ListItem","position":3,"name":"OZZ 4 &#8211; F\u00e4ste 9&#8243; Vit"}]},{"@type":"WebSite","@id":"https:\/\/xenonkungen.com\/#website","url":"https:\/\/xenonkungen.com\/","name":"Xenonkungen","description":"","potentialAction":[{"@type":"SearchAction","target":{"@type":"EntryPoint","urlTemplate":"https:\/\/xenonkungen.com\/?s={search_term_string}"},"query-input":{"@type":"PropertyValueSpecification","valueRequired":true,"valueName":"search_term_string"}}],"inLanguage":"fi"}]}},"taxonomy_info":{"product_brand":[{"value":1051,"label":"OZZ"}],"product_cat":[{"value":2534,"label":"Extraljusf\u00e4ste"},{"value":2461,"label":"F\u00e4sten"},{"value":2841,"label":"Installation extraljus"},{"value":2535,"label":"LEDRAMPER"},{"value":2536,"label":"Tillbeh\u00f6r"},{"value":390,"label":"Installation"}],"product_tag":[{"value":2788,"label":"black-week-exclude"}]},"featured_image_src_large":["https:\/\/xenonkungen.com\/wp-content\/uploads\/2025\/04\/Ozz-Extraljusfaste-DSCF5042-VIT-PNNG-Org-skugga-1000px-1024x252.png",1024,252,true],"author_info":[],"comment_info":0,"_links":{"self":[{"href":"https:\/\/xenonkungen.com\/fi\/wp-json\/wp\/v2\/product\/3199","targetHints":{"allow":["GET"]}}],"collection":[{"href":"https:\/\/xenonkungen.com\/fi\/wp-json\/wp\/v2\/product"}],"about":[{"href":"https:\/\/xenonkungen.com\/fi\/wp-json\/wp\/v2\/types\/product"}],"replies":[{"embeddable":true,"href":"https:\/\/xenonkungen.com\/fi\/wp-json\/wp\/v2\/comments?post=3199"}],"wp:featuredmedia":[{"embeddable":true,"href":"https:\/\/xenonkungen.com\/fi\/wp-json\/wp\/v2\/media\/3200"}],"wp:attachment":[{"href":"https:\/\/xenonkungen.com\/fi\/wp-json\/wp\/v2\/media?parent=3199"}],"wp:term":[{"taxonomy":"anvandningsomrade","embeddable":true,"href":"https:\/\/xenonkungen.com\/fi\/wp-json\/wp\/v2\/anvandningsomrade?post=3199"},{"taxonomy":"bilmarken","embeddable":true,"href":"https:\/\/xenonkungen.com\/fi\/wp-json\/wp\/v2\/bilmarken?post=3199"},{"taxonomy":"product_brand","embeddable":true,"href":"https:\/\/xenonkungen.com\/fi\/wp-json\/wp\/v2\/product_brand?post=3199"},{"taxonomy":"product_cat","embeddable":true,"href":"https:\/\/xenonkungen.com\/fi\/wp-json\/wp\/v2\/product_cat?post=3199"},{"taxonomy":"product_tag","embeddable":true,"href":"https:\/\/xenonkungen.com\/fi\/wp-json\/wp\/v2\/product_tag?post=3199"}],"curies":[{"name":"wp","href":"https:\/\/api.w.org\/{rel}","templated":true}]}}