{"id":3207,"date":"2025-04-15T08:50:54","date_gmt":"2025-04-15T08:50:54","guid":{"rendered":"https:\/\/xenonkungen.com\/product\/relakabelsats-2st-4pol-dt-2m-80a-rela-60a\/"},"modified":"2026-04-29T14:15:59","modified_gmt":"2026-04-29T13:15:59","slug":"relekaapelisarja-2-kpl-4-napainen-dt-2m-80a-rele-60a","status":"publish","type":"product","link":"https:\/\/xenonkungen.com\/fi\/tuote\/relekaapelisarja-2-kpl-4-napainen-dt-2m-80a-rele-60a\/","title":{"rendered":"Relekaapelisarja 2kpl 4pin DT 2m 80A Rele 60A Rele 60A"},"content":{"rendered":"<h1>Relekaapelisarja 2kpl 4pin DT 2m 80A Rele 60A Rele 60A<\/h1>\n<p>P\u00e4ivit\u00e4 ajoneuvosi monipuolisella relejohtosarjalla, joka sopii t\u00e4ydellisesti lis\u00e4valojen asentamiseen valinnaisella paikannusvalolla. Saatavana nyt <a href=\"https:\/\/www.xenonkungen.com\">XenonKings.com<\/a>Kaapelisarjamme on suunniteltu erityisesti tukemaan monimutkaisia valaistusj\u00e4rjestelmi\u00e4 4-napaisilla DT-liittimill\u00e4 ja laajoilla kaapeloinneilla.<\/p>\n<p>T\u00e4m\u00e4 johtosarja sopii erinomaisesti ajoneuvoihin, joissa on lis\u00e4valot, joihin kuuluvat valittavat seisontavalot. Relejohtosarjamme tukee jopa 4 \u00d7 160 W:n tehoa ja varmistaa, ett\u00e4 valaistusj\u00e4rjestelm\u00e4si toimii tehokkaasti ja luotettavasti joustavilla liit\u00e4nt\u00e4vaihtoehdoilla.<\/p>","protected":false},"excerpt":{"rendered":"<p>Rel\u00e4kabelsats 2st 4pol DT 2m 80A Rel\u00e4 60A Uppgradera ditt fordon med v\u00e5r m\u00e5ngsidiga Rel\u00e4kabelsats, perfekt f\u00f6r installation av extraljus med valbart positionsljus. Finns nu p\u00e5 Xenonkungen.com, v\u00e5r kabelsats \u00e4r speciellt utformad f\u00f6r att st\u00f6dja komplexa belysningssystem med dess 4-poliga DT-kontakter och omfattande kablage. Denna kabelsats \u00e4r idealisk f\u00f6r fordon med extraljus som inkluderar valbart [&hellip;]<\/p>","protected":false},"featured_media":3208,"comment_status":"closed","ping_status":"open","template":"","meta":{"_acf_changed":false,"_smort_price_nok":"422","_smort_price_dkk":"268","_smort_price_eur":"35.91","_smort_sale_price_nok":"","_smort_sale_price_dkk":"","_smort_sale_price_eur":"","smort_restorder":"","shipmondo_restorder":"","_kad_blocks_custom_css":"","_kad_blocks_head_custom_js":"","_kad_blocks_body_custom_js":"","_kad_blocks_footer_custom_js":"","smort_custom_pricelist_1":"252.8","smort_custom_pricelist_2":"221.2","smort_custom_pricelist_3":"210.14","smort_custom_pricelist_4":"316","smort_custom_pricelist_5":"221.2"},"anvandningsomrade":[],"bilmarken":[],"product_brand":[117],"product_cat":[2795,2796,2488,2491,2489,2490,390],"product_tag":[2788],"class_list":{"0":"post-3207","1":"product","2":"type-product","3":"status-publish","4":"has-post-thumbnail","6":"product_brand-xenonkungen","7":"product_cat-kablar-rela","8":"product_cat-relakabelsatser","9":"product_cat-relasats-arbetsbelysning","10":"product_cat-relasats","11":"product_cat-relasats-extraljus","12":"product_cat-relasats-2","13":"product_cat-installation","14":"product_tag-black-week-exclude","15":"pa_lampsockel-kontakt-dt4","17":"first","18":"instock","19":"taxable","20":"shipping-taxable","21":"purchasable","22":"product-type-simple"},"bundled_by":["9464","9469","9480","9485"],"bundle_stock_status":"instock","bundle_stock_quantity":1,"bundle_virtual":false,"bundle_layout":"","bundle_add_to_cart_form_location":"","bundle_editable_in_cart":false,"bundle_sold_individually_context":"","bundle_item_grouping":"","bundle_min_size":"","bundle_max_size":"","bundle_price":[],"bundled_items":[],"bundle_sell_ids":[],"acf":[],"yoast_head":"<!-- This site is optimized with the Yoast SEO plugin v27.0 - https:\/\/yoast.com\/product\/yoast-seo-wordpress\/ -->\n<title>Rel\u00e4kabelsats 2st 4pol DT 2m 80A Rel\u00e4 60A - Xenonkungen<\/title>\n<meta name=\"robots\" content=\"index, follow, max-snippet:-1, max-image-preview:large, max-video-preview:-1\" \/>\n<link rel=\"canonical\" href=\"https:\/\/xenonkungen.com\/fi\/tuote\/relekaapelisarja-2-kpl-4-napainen-dt-2m-80a-rele-60a\/\" \/>\n<meta property=\"og:locale\" content=\"fi_FI\" \/>\n<meta property=\"og:type\" content=\"article\" \/>\n<meta property=\"og:title\" content=\"Rel\u00e4kabelsats 2st 4pol DT 2m 80A Rel\u00e4 60A - Xenonkungen\" \/>\n<meta property=\"og:description\" content=\"Rel\u00e4kabelsats 2st 4pol DT 2m 80A Rel\u00e4 60A Uppgradera ditt fordon med v\u00e5r m\u00e5ngsidiga Rel\u00e4kabelsats, perfekt f\u00f6r installation av extraljus med valbart positionsljus. Finns nu p\u00e5 Xenonkungen.com, v\u00e5r kabelsats \u00e4r speciellt utformad f\u00f6r att st\u00f6dja komplexa belysningssystem med dess 4-poliga DT-kontakter och omfattande kablage. Denna kabelsats \u00e4r idealisk f\u00f6r fordon med extraljus som inkluderar valbart [&hellip;]\" \/>\n<meta property=\"og:url\" content=\"https:\/\/xenonkungen.com\/fi\/tuote\/relekaapelisarja-2-kpl-4-napainen-dt-2m-80a-rele-60a\/\" \/>\n<meta property=\"og:site_name\" content=\"Xenonkungen\" \/>\n<meta property=\"article:modified_time\" content=\"2026-04-29T13:15:59+00:00\" \/>\n<meta property=\"og:image\" content=\"https:\/\/xenonkungen.com\/wp-content\/uploads\/2025\/04\/15838_itemimage_mainfront.jpg\" \/>\n\t<meta property=\"og:image:width\" content=\"2048\" \/>\n\t<meta property=\"og:image:height\" content=\"1536\" \/>\n\t<meta property=\"og:image:type\" content=\"image\/jpeg\" \/>\n<meta name=\"twitter:card\" content=\"summary_large_image\" \/>\n<script type=\"application\/ld+json\" class=\"yoast-schema-graph\">{\"@context\":\"https:\/\/schema.org\",\"@graph\":[{\"@type\":\"WebPage\",\"@id\":\"https:\/\/xenonkungen.com\/fi\/tuote\/relekaapelisarja-2-kpl-4-napainen-dt-2m-80a-rele-60a\/\",\"url\":\"https:\/\/xenonkungen.com\/fi\/tuote\/relekaapelisarja-2-kpl-4-napainen-dt-2m-80a-rele-60a\/\",\"name\":\"Rel\u00e4kabelsats 2st 4pol DT 2m 80A Rel\u00e4 60A - Xenonkungen\",\"isPartOf\":{\"@id\":\"https:\/\/xenonkungen.com\/#website\"},\"primaryImageOfPage\":{\"@id\":\"https:\/\/xenonkungen.com\/fi\/tuote\/relekaapelisarja-2-kpl-4-napainen-dt-2m-80a-rele-60a\/#primaryimage\"},\"image\":{\"@id\":\"https:\/\/xenonkungen.com\/fi\/tuote\/relekaapelisarja-2-kpl-4-napainen-dt-2m-80a-rele-60a\/#primaryimage\"},\"thumbnailUrl\":\"https:\/\/xenonkungen.com\/wp-content\/uploads\/2025\/04\/15838_itemimage_mainfront.jpg\",\"datePublished\":\"2025-04-15T08:50:54+00:00\",\"dateModified\":\"2026-04-29T13:15:59+00:00\",\"breadcrumb\":{\"@id\":\"https:\/\/xenonkungen.com\/fi\/tuote\/relekaapelisarja-2-kpl-4-napainen-dt-2m-80a-rele-60a\/#breadcrumb\"},\"inLanguage\":\"fi\",\"potentialAction\":[{\"@type\":\"ReadAction\",\"target\":[\"https:\/\/xenonkungen.com\/fi\/tuote\/relekaapelisarja-2-kpl-4-napainen-dt-2m-80a-rele-60a\/\"]}]},{\"@type\":\"ImageObject\",\"inLanguage\":\"fi\",\"@id\":\"https:\/\/xenonkungen.com\/fi\/tuote\/relekaapelisarja-2-kpl-4-napainen-dt-2m-80a-rele-60a\/#primaryimage\",\"url\":\"https:\/\/xenonkungen.com\/wp-content\/uploads\/2025\/04\/15838_itemimage_mainfront.jpg\",\"contentUrl\":\"https:\/\/xenonkungen.com\/wp-content\/uploads\/2025\/04\/15838_itemimage_mainfront.jpg\",\"width\":2048,\"height\":1536},{\"@type\":\"BreadcrumbList\",\"@id\":\"https:\/\/xenonkungen.com\/fi\/tuote\/relekaapelisarja-2-kpl-4-napainen-dt-2m-80a-rele-60a\/#breadcrumb\",\"itemListElement\":[{\"@type\":\"ListItem\",\"position\":1,\"name\":\"Hem\",\"item\":\"https:\/\/xenonkungen.com\/\"},{\"@type\":\"ListItem\",\"position\":2,\"name\":\"Shop\",\"item\":\"https:\/\/xenonkungen.com\/shop\/\"},{\"@type\":\"ListItem\",\"position\":3,\"name\":\"Rel\u00e4kabelsats 2st 4pol DT 2m 80A Rel\u00e4 60A\"}]},{\"@type\":\"WebSite\",\"@id\":\"https:\/\/xenonkungen.com\/#website\",\"url\":\"https:\/\/xenonkungen.com\/\",\"name\":\"Xenonkungen\",\"description\":\"\",\"potentialAction\":[{\"@type\":\"SearchAction\",\"target\":{\"@type\":\"EntryPoint\",\"urlTemplate\":\"https:\/\/xenonkungen.com\/?s={search_term_string}\"},\"query-input\":{\"@type\":\"PropertyValueSpecification\",\"valueRequired\":true,\"valueName\":\"search_term_string\"}}],\"inLanguage\":\"fi\"}]}<\/script>\n<!-- \/ Yoast SEO plugin. -->","yoast_head_json":{"title":"Relekaapelisarja 2 kpl 4-napainen DT 2m 80A Rele 60A - Xenonkungen","robots":{"index":"index","follow":"follow","max-snippet":"max-snippet:-1","max-image-preview":"max-image-preview:large","max-video-preview":"max-video-preview:-1"},"canonical":"https:\/\/xenonkungen.com\/fi\/tuote\/relekaapelisarja-2-kpl-4-napainen-dt-2m-80a-rele-60a\/","og_locale":"fi_FI","og_type":"article","og_title":"Rel\u00e4kabelsats 2st 4pol DT 2m 80A Rel\u00e4 60A - Xenonkungen","og_description":"Rel\u00e4kabelsats 2st 4pol DT 2m 80A Rel\u00e4 60A Uppgradera ditt fordon med v\u00e5r m\u00e5ngsidiga Rel\u00e4kabelsats, perfekt f\u00f6r installation av extraljus med valbart positionsljus. Finns nu p\u00e5 Xenonkungen.com, v\u00e5r kabelsats \u00e4r speciellt utformad f\u00f6r att st\u00f6dja komplexa belysningssystem med dess 4-poliga DT-kontakter och omfattande kablage. Denna kabelsats \u00e4r idealisk f\u00f6r fordon med extraljus som inkluderar valbart [&hellip;]","og_url":"https:\/\/xenonkungen.com\/fi\/tuote\/relekaapelisarja-2-kpl-4-napainen-dt-2m-80a-rele-60a\/","og_site_name":"Xenonkungen","article_modified_time":"2026-04-29T13:15:59+00:00","og_image":[{"width":2048,"height":1536,"url":"https:\/\/xenonkungen.com\/wp-content\/uploads\/2025\/04\/15838_itemimage_mainfront.jpg","type":"image\/jpeg"}],"twitter_card":"summary_large_image","schema":{"@context":"https:\/\/schema.org","@graph":[{"@type":"WebPage","@id":"https:\/\/xenonkungen.com\/fi\/tuote\/relekaapelisarja-2-kpl-4-napainen-dt-2m-80a-rele-60a\/","url":"https:\/\/xenonkungen.com\/fi\/tuote\/relekaapelisarja-2-kpl-4-napainen-dt-2m-80a-rele-60a\/","name":"Relekaapelisarja 2 kpl 4-napainen DT 2m 80A Rele 60A - Xenonkungen","isPartOf":{"@id":"https:\/\/xenonkungen.com\/#website"},"primaryImageOfPage":{"@id":"https:\/\/xenonkungen.com\/fi\/tuote\/relekaapelisarja-2-kpl-4-napainen-dt-2m-80a-rele-60a\/#primaryimage"},"image":{"@id":"https:\/\/xenonkungen.com\/fi\/tuote\/relekaapelisarja-2-kpl-4-napainen-dt-2m-80a-rele-60a\/#primaryimage"},"thumbnailUrl":"https:\/\/xenonkungen.com\/wp-content\/uploads\/2025\/04\/15838_itemimage_mainfront.jpg","datePublished":"2025-04-15T08:50:54+00:00","dateModified":"2026-04-29T13:15:59+00:00","breadcrumb":{"@id":"https:\/\/xenonkungen.com\/fi\/tuote\/relekaapelisarja-2-kpl-4-napainen-dt-2m-80a-rele-60a\/#breadcrumb"},"inLanguage":"fi","potentialAction":[{"@type":"ReadAction","target":["https:\/\/xenonkungen.com\/fi\/tuote\/relekaapelisarja-2-kpl-4-napainen-dt-2m-80a-rele-60a\/"]}]},{"@type":"ImageObject","inLanguage":"fi","@id":"https:\/\/xenonkungen.com\/fi\/tuote\/relekaapelisarja-2-kpl-4-napainen-dt-2m-80a-rele-60a\/#primaryimage","url":"https:\/\/xenonkungen.com\/wp-content\/uploads\/2025\/04\/15838_itemimage_mainfront.jpg","contentUrl":"https:\/\/xenonkungen.com\/wp-content\/uploads\/2025\/04\/15838_itemimage_mainfront.jpg","width":2048,"height":1536},{"@type":"BreadcrumbList","@id":"https:\/\/xenonkungen.com\/fi\/tuote\/relekaapelisarja-2-kpl-4-napainen-dt-2m-80a-rele-60a\/#breadcrumb","itemListElement":[{"@type":"ListItem","position":1,"name":"Hem","item":"https:\/\/xenonkungen.com\/"},{"@type":"ListItem","position":2,"name":"Shop","item":"https:\/\/xenonkungen.com\/shop\/"},{"@type":"ListItem","position":3,"name":"Rel\u00e4kabelsats 2st 4pol DT 2m 80A Rel\u00e4 60A"}]},{"@type":"WebSite","@id":"https:\/\/xenonkungen.com\/#website","url":"https:\/\/xenonkungen.com\/","name":"Xenonkungen","description":"","potentialAction":[{"@type":"SearchAction","target":{"@type":"EntryPoint","urlTemplate":"https:\/\/xenonkungen.com\/?s={search_term_string}"},"query-input":{"@type":"PropertyValueSpecification","valueRequired":true,"valueName":"search_term_string"}}],"inLanguage":"fi"}]}},"taxonomy_info":{"product_brand":[{"value":117,"label":"Xenonkungen"}],"product_cat":[{"value":2795,"label":"Kablar och Rel\u00e4"},{"value":2796,"label":"Rel\u00e4kabelsatser"},{"value":2488,"label":"Rel\u00e4sats"},{"value":2491,"label":"Rel\u00e4sats"},{"value":2489,"label":"Rel\u00e4satser"},{"value":2490,"label":"Rel\u00e4satser"},{"value":390,"label":"Installation"}],"product_tag":[{"value":2788,"label":"black-week-exclude"}],"pa_lampsockel-kontakt":[{"value":404,"label":"DT4"}]},"featured_image_src_large":["https:\/\/xenonkungen.com\/wp-content\/uploads\/2025\/04\/15838_itemimage_mainfront-1024x768.jpg",1024,768,true],"author_info":[],"comment_info":0,"_links":{"self":[{"href":"https:\/\/xenonkungen.com\/fi\/wp-json\/wp\/v2\/product\/3207","targetHints":{"allow":["GET"]}}],"collection":[{"href":"https:\/\/xenonkungen.com\/fi\/wp-json\/wp\/v2\/product"}],"about":[{"href":"https:\/\/xenonkungen.com\/fi\/wp-json\/wp\/v2\/types\/product"}],"replies":[{"embeddable":true,"href":"https:\/\/xenonkungen.com\/fi\/wp-json\/wp\/v2\/comments?post=3207"}],"wp:featuredmedia":[{"embeddable":true,"href":"https:\/\/xenonkungen.com\/fi\/wp-json\/wp\/v2\/media\/3208"}],"wp:attachment":[{"href":"https:\/\/xenonkungen.com\/fi\/wp-json\/wp\/v2\/media?parent=3207"}],"wp:term":[{"taxonomy":"anvandningsomrade","embeddable":true,"href":"https:\/\/xenonkungen.com\/fi\/wp-json\/wp\/v2\/anvandningsomrade?post=3207"},{"taxonomy":"bilmarken","embeddable":true,"href":"https:\/\/xenonkungen.com\/fi\/wp-json\/wp\/v2\/bilmarken?post=3207"},{"taxonomy":"product_brand","embeddable":true,"href":"https:\/\/xenonkungen.com\/fi\/wp-json\/wp\/v2\/product_brand?post=3207"},{"taxonomy":"product_cat","embeddable":true,"href":"https:\/\/xenonkungen.com\/fi\/wp-json\/wp\/v2\/product_cat?post=3207"},{"taxonomy":"product_tag","embeddable":true,"href":"https:\/\/xenonkungen.com\/fi\/wp-json\/wp\/v2\/product_tag?post=3207"}],"curies":[{"name":"wp","href":"https:\/\/api.w.org\/{rel}","templated":true}]}}