{"id":3218,"date":"2025-04-15T08:51:07","date_gmt":"2025-04-15T08:51:07","guid":{"rendered":"https:\/\/xenonkungen.com\/product\/briodlights-roterande-v-ljus-mini-adr-4m-sync\/"},"modified":"2026-05-14T20:36:28","modified_gmt":"2026-05-14T19:36:28","slug":"briodlights-rotating-v-light-mini-adr-4m-sync","status":"publish","type":"product","link":"https:\/\/xenonkungen.com\/fi\/tuote\/briodlights-rotating-v-light-mini-adr-4m-sync\/","title":{"rendered":"BriodLights Py\u00f6riv\u00e4 V-valo mini ADR 4m Sync"},"content":{"rendered":"<h1>BriodLights LED-py\u00f6riv\u00e4 majakka: Kompakti ja tehokas<\/h1>\n<h2>Kompakti ja joustava rakenne<\/h2>\n<p>Kompaktin kokonsa ansiosta (vain 46,8 mm korkea ja 108 mm halkaisijaltaan) BriodLightin LED-kiertomajakka on erinomainen valinta kaikkiin ajoneuvoihin. Sen joustavuutta korostaa entisest\u00e4\u00e4n se, ett\u00e4 kaapelin ulostuloaukko sijaitsee sek\u00e4 laitteen alaosassa ett\u00e4 sivulla, joten se on helppo asentaa mihin tahansa ajoneuvoon.<\/p>\n<h2>Monipuolinen ja muokattavissa<\/h2>\n<p>Varoitusvalossa on 7 erilaista v\u00e4l\u00e4hdysmallia, mukaan lukien nopeasti py\u00f6riv\u00e4 valo, joten se voidaan mukauttaa vastaamaan erityistarpeitasi. Lis\u00e4ksi valo on suunniteltu synkronoitavaksi muiden laitteiden kanssa n\u00e4kyvyyden ja turvallisuuden lis\u00e4\u00e4miseksi.<\/p>\n<h2>Helppo ja intuitiivinen liit\u00e4nt\u00e4<\/h2>\n<p>Punainen kaapeli positiiviseen liit\u00e4nt\u00e4\u00e4n (+), musta negatiiviseen liit\u00e4nt\u00e4\u00e4n (-) ja keltainen salamakuvion tai synkronoinnin muuttamiseen. T\u00e4m\u00e4 yksinkertainen v\u00e4rikoodaus tekee asennuksesta helppoa.<\/p>\n<h2>Tuotteen ominaisuudet:<\/h2>\n<ul>\n<li>LED-kiertomajakka<\/li>\n<li>4 m ADR-kaapeli<\/li>\n<li>7 erilaista salamakuviota, mukaan lukien nopeasti py\u00f6riv\u00e4 valo<\/li>\n<li>Rakenteiden korkeus on vain 46,8 mm ja halkaisija 108 mm.<\/li>\n<li>Kaapelil\u00e4ht\u00f6 alhaalla tai sivulla<\/li>\n<li>S\u00e4hk\u00f6inen valtuutus<\/li>\n<li>ECER65, EMCR1-sertifioitu<\/li>\n<li>3 vuoden toimintatakuu<\/li>\n<\/ul>","protected":false},"excerpt":{"rendered":"<p>BriodLights LED Roterande Varningsljus: Kompakt och effektivt Kompakt och flexibel design Med sina kompakta m\u00e5tt (endast 46,8 mm p\u00e5 h\u00f6jden och 108 mm i diameter) \u00e4r BriodLights LED roterande varningsljus ett utm\u00e4rkt val f\u00f6r alla fordon. Dess flexibilitet framh\u00e4vs ytterligare med kabelutg\u00e5ng som finns b\u00e5de i botten och sidan av enheten, vilket g\u00f6r den enkel [&hellip;]<\/p>","protected":false},"featured_media":3219,"comment_status":"closed","ping_status":"open","template":"","meta":{"_acf_changed":false,"_smort_price_nok":"801","_smort_price_dkk":"509","_smort_price_eur":"68.18","_smort_sale_price_nok":"","_smort_sale_price_dkk":"","_smort_sale_price_eur":"","smort_restorder":"","shipmondo_restorder":"","_kad_blocks_custom_css":"","_kad_blocks_head_custom_js":"","_kad_blocks_body_custom_js":"","_kad_blocks_footer_custom_js":"","smort_custom_pricelist_1":"480","smort_custom_pricelist_2":"420","smort_custom_pricelist_3":"399","smort_custom_pricelist_4":"600","smort_custom_pricelist_5":"420"},"anvandningsomrade":[],"bilmarken":[],"product_brand":[92],"product_cat":[2558,1061],"product_tag":[2788],"class_list":{"0":"post-3218","1":"product","2":"type-product","3":"status-publish","4":"has-post-thumbnail","6":"product_brand-briodlights","7":"product_cat-saftblandare-roterande-lyktor","8":"product_cat-varningsljus","9":"product_tag-black-week-exclude","10":"pa_fargtemperatur-amber","11":"pa_fuktskydd-varde-ipxx-ip67","12":"pa_godkannande-ece-r65-emc-r10","13":"pa_led-chips-effekt-w-1059","14":"pa_volt-v-776","16":"first","17":"onbackorder","18":"taxable","19":"shipping-taxable","20":"purchasable","21":"product-type-simple"},"bundled_by":[],"bundle_stock_status":"onbackorder","bundle_stock_quantity":0,"bundle_virtual":false,"bundle_layout":"","bundle_add_to_cart_form_location":"","bundle_editable_in_cart":false,"bundle_sold_individually_context":"","bundle_item_grouping":"","bundle_min_size":"","bundle_max_size":"","bundle_price":[],"bundled_items":[],"bundle_sell_ids":[],"acf":[],"yoast_head":"<!-- This site is optimized with the Yoast SEO plugin v27.0 - https:\/\/yoast.com\/product\/yoast-seo-wordpress\/ -->\n<title>BriodLights Roterande V-ljus mini ADR 4m Sync - Xenonkungen<\/title>\n<meta name=\"robots\" content=\"index, follow, max-snippet:-1, max-image-preview:large, max-video-preview:-1\" \/>\n<link rel=\"canonical\" href=\"https:\/\/xenonkungen.com\/fi\/tuote\/briodlights-rotating-v-light-mini-adr-4m-sync\/\" \/>\n<meta property=\"og:locale\" content=\"fi_FI\" \/>\n<meta property=\"og:type\" content=\"article\" \/>\n<meta property=\"og:title\" content=\"BriodLights Roterande V-ljus mini ADR 4m Sync - Xenonkungen\" \/>\n<meta property=\"og:description\" content=\"BriodLights LED Roterande Varningsljus: Kompakt och effektivt Kompakt och flexibel design Med sina kompakta m\u00e5tt (endast 46,8 mm p\u00e5 h\u00f6jden och 108 mm i diameter) \u00e4r BriodLights LED roterande varningsljus ett utm\u00e4rkt val f\u00f6r alla fordon. Dess flexibilitet framh\u00e4vs ytterligare med kabelutg\u00e5ng som finns b\u00e5de i botten och sidan av enheten, vilket g\u00f6r den enkel [&hellip;]\" \/>\n<meta property=\"og:url\" content=\"https:\/\/xenonkungen.com\/fi\/tuote\/briodlights-rotating-v-light-mini-adr-4m-sync\/\" \/>\n<meta property=\"og:site_name\" content=\"Xenonkungen\" \/>\n<meta property=\"article:modified_time\" content=\"2026-05-14T19:36:28+00:00\" \/>\n<meta property=\"og:image\" content=\"https:\/\/xenonkungen.com\/wp-content\/uploads\/2025\/04\/19500_itemimage_mainfront.jpg\" \/>\n\t<meta property=\"og:image:width\" content=\"2048\" \/>\n\t<meta property=\"og:image:height\" content=\"1536\" \/>\n\t<meta property=\"og:image:type\" content=\"image\/jpeg\" \/>\n<meta name=\"twitter:card\" content=\"summary_large_image\" \/>\n<meta name=\"twitter:label1\" content=\"Arvioitu lukuaika\" \/>\n\t<meta name=\"twitter:data1\" content=\"1 minuutti\" \/>\n<script type=\"application\/ld+json\" class=\"yoast-schema-graph\">{\"@context\":\"https:\/\/schema.org\",\"@graph\":[{\"@type\":\"WebPage\",\"@id\":\"https:\/\/xenonkungen.com\/produkt\/briodlights-roterande-v-ljus-mini-adr-4m-sync\/\",\"url\":\"https:\/\/xenonkungen.com\/produkt\/briodlights-roterande-v-ljus-mini-adr-4m-sync\/\",\"name\":\"BriodLights Roterande V-ljus mini ADR 4m Sync - Xenonkungen\",\"isPartOf\":{\"@id\":\"https:\/\/xenonkungen.com\/#website\"},\"primaryImageOfPage\":{\"@id\":\"https:\/\/xenonkungen.com\/produkt\/briodlights-roterande-v-ljus-mini-adr-4m-sync\/#primaryimage\"},\"image\":{\"@id\":\"https:\/\/xenonkungen.com\/produkt\/briodlights-roterande-v-ljus-mini-adr-4m-sync\/#primaryimage\"},\"thumbnailUrl\":\"https:\/\/xenonkungen.com\/wp-content\/uploads\/2025\/04\/19500_itemimage_mainfront.jpg\",\"datePublished\":\"2025-04-15T08:51:07+00:00\",\"dateModified\":\"2026-05-14T19:36:28+00:00\",\"breadcrumb\":{\"@id\":\"https:\/\/xenonkungen.com\/produkt\/briodlights-roterande-v-ljus-mini-adr-4m-sync\/#breadcrumb\"},\"inLanguage\":\"fi\",\"potentialAction\":[{\"@type\":\"ReadAction\",\"target\":[\"https:\/\/xenonkungen.com\/produkt\/briodlights-roterande-v-ljus-mini-adr-4m-sync\/\"]}]},{\"@type\":\"ImageObject\",\"inLanguage\":\"fi\",\"@id\":\"https:\/\/xenonkungen.com\/produkt\/briodlights-roterande-v-ljus-mini-adr-4m-sync\/#primaryimage\",\"url\":\"https:\/\/xenonkungen.com\/wp-content\/uploads\/2025\/04\/19500_itemimage_mainfront.jpg\",\"contentUrl\":\"https:\/\/xenonkungen.com\/wp-content\/uploads\/2025\/04\/19500_itemimage_mainfront.jpg\",\"width\":2048,\"height\":1536},{\"@type\":\"BreadcrumbList\",\"@id\":\"https:\/\/xenonkungen.com\/produkt\/briodlights-roterande-v-ljus-mini-adr-4m-sync\/#breadcrumb\",\"itemListElement\":[{\"@type\":\"ListItem\",\"position\":1,\"name\":\"Hem\",\"item\":\"https:\/\/xenonkungen.com\/\"},{\"@type\":\"ListItem\",\"position\":2,\"name\":\"Shop\",\"item\":\"https:\/\/xenonkungen.com\/shop\/\"},{\"@type\":\"ListItem\",\"position\":3,\"name\":\"BriodLights Roterande V-ljus mini ADR 4m Sync\"}]},{\"@type\":\"WebSite\",\"@id\":\"https:\/\/xenonkungen.com\/#website\",\"url\":\"https:\/\/xenonkungen.com\/\",\"name\":\"Xenonkungen\",\"description\":\"\",\"potentialAction\":[{\"@type\":\"SearchAction\",\"target\":{\"@type\":\"EntryPoint\",\"urlTemplate\":\"https:\/\/xenonkungen.com\/?s={search_term_string}\"},\"query-input\":{\"@type\":\"PropertyValueSpecification\",\"valueRequired\":true,\"valueName\":\"search_term_string\"}}],\"inLanguage\":\"fi\"}]}<\/script>\n<!-- \/ Yoast SEO plugin. -->","yoast_head_json":{"title":"BriodLights py\u00f6riv\u00e4 V-valo mini ADR 4m Sync - Xenonkungen","robots":{"index":"index","follow":"follow","max-snippet":"max-snippet:-1","max-image-preview":"max-image-preview:large","max-video-preview":"max-video-preview:-1"},"canonical":"https:\/\/xenonkungen.com\/fi\/tuote\/briodlights-rotating-v-light-mini-adr-4m-sync\/","og_locale":"fi_FI","og_type":"article","og_title":"BriodLights Roterande V-ljus mini ADR 4m Sync - Xenonkungen","og_description":"BriodLights LED Roterande Varningsljus: Kompakt och effektivt Kompakt och flexibel design Med sina kompakta m\u00e5tt (endast 46,8 mm p\u00e5 h\u00f6jden och 108 mm i diameter) \u00e4r BriodLights LED roterande varningsljus ett utm\u00e4rkt val f\u00f6r alla fordon. Dess flexibilitet framh\u00e4vs ytterligare med kabelutg\u00e5ng som finns b\u00e5de i botten och sidan av enheten, vilket g\u00f6r den enkel [&hellip;]","og_url":"https:\/\/xenonkungen.com\/fi\/tuote\/briodlights-rotating-v-light-mini-adr-4m-sync\/","og_site_name":"Xenonkungen","article_modified_time":"2026-05-14T19:36:28+00:00","og_image":[{"width":2048,"height":1536,"url":"https:\/\/xenonkungen.com\/wp-content\/uploads\/2025\/04\/19500_itemimage_mainfront.jpg","type":"image\/jpeg"}],"twitter_card":"summary_large_image","twitter_misc":{"Arvioitu lukuaika":"1 minuutti"},"schema":{"@context":"https:\/\/schema.org","@graph":[{"@type":"WebPage","@id":"https:\/\/xenonkungen.com\/produkt\/briodlights-roterande-v-ljus-mini-adr-4m-sync\/","url":"https:\/\/xenonkungen.com\/produkt\/briodlights-roterande-v-ljus-mini-adr-4m-sync\/","name":"BriodLights py\u00f6riv\u00e4 V-valo mini ADR 4m Sync - Xenonkungen","isPartOf":{"@id":"https:\/\/xenonkungen.com\/#website"},"primaryImageOfPage":{"@id":"https:\/\/xenonkungen.com\/produkt\/briodlights-roterande-v-ljus-mini-adr-4m-sync\/#primaryimage"},"image":{"@id":"https:\/\/xenonkungen.com\/produkt\/briodlights-roterande-v-ljus-mini-adr-4m-sync\/#primaryimage"},"thumbnailUrl":"https:\/\/xenonkungen.com\/wp-content\/uploads\/2025\/04\/19500_itemimage_mainfront.jpg","datePublished":"2025-04-15T08:51:07+00:00","dateModified":"2026-05-14T19:36:28+00:00","breadcrumb":{"@id":"https:\/\/xenonkungen.com\/produkt\/briodlights-roterande-v-ljus-mini-adr-4m-sync\/#breadcrumb"},"inLanguage":"fi","potentialAction":[{"@type":"ReadAction","target":["https:\/\/xenonkungen.com\/produkt\/briodlights-roterande-v-ljus-mini-adr-4m-sync\/"]}]},{"@type":"ImageObject","inLanguage":"fi","@id":"https:\/\/xenonkungen.com\/produkt\/briodlights-roterande-v-ljus-mini-adr-4m-sync\/#primaryimage","url":"https:\/\/xenonkungen.com\/wp-content\/uploads\/2025\/04\/19500_itemimage_mainfront.jpg","contentUrl":"https:\/\/xenonkungen.com\/wp-content\/uploads\/2025\/04\/19500_itemimage_mainfront.jpg","width":2048,"height":1536},{"@type":"BreadcrumbList","@id":"https:\/\/xenonkungen.com\/produkt\/briodlights-roterande-v-ljus-mini-adr-4m-sync\/#breadcrumb","itemListElement":[{"@type":"ListItem","position":1,"name":"Hem","item":"https:\/\/xenonkungen.com\/"},{"@type":"ListItem","position":2,"name":"Shop","item":"https:\/\/xenonkungen.com\/shop\/"},{"@type":"ListItem","position":3,"name":"BriodLights Roterande V-ljus mini ADR 4m Sync"}]},{"@type":"WebSite","@id":"https:\/\/xenonkungen.com\/#website","url":"https:\/\/xenonkungen.com\/","name":"Xenonkungen","description":"","potentialAction":[{"@type":"SearchAction","target":{"@type":"EntryPoint","urlTemplate":"https:\/\/xenonkungen.com\/?s={search_term_string}"},"query-input":{"@type":"PropertyValueSpecification","valueRequired":true,"valueName":"search_term_string"}}],"inLanguage":"fi"}]}},"taxonomy_info":{"product_brand":[{"value":92,"label":"Briodlights"}],"product_cat":[{"value":2558,"label":"Saftblandare \/ Roterande lyktor"},{"value":1061,"label":"Varningsljus"}],"product_tag":[{"value":2788,"label":"black-week-exclude"}],"pa_fargtemperatur":[{"value":745,"label":"Amber"}],"pa_fuktskydd-varde-ipxx":[{"value":333,"label":"IP67"}],"pa_godkannande":[{"value":1060,"label":"ECE, R65, EMC, R10"}],"pa_led-chips-effekt-w":[{"value":1059,"label":"19"}],"pa_volt-v":[{"value":776,"label":"12,24"}]},"featured_image_src_large":["https:\/\/xenonkungen.com\/wp-content\/uploads\/2025\/04\/19500_itemimage_mainfront-1024x768.jpg",1024,768,true],"author_info":[],"comment_info":0,"_links":{"self":[{"href":"https:\/\/xenonkungen.com\/fi\/wp-json\/wp\/v2\/product\/3218","targetHints":{"allow":["GET"]}}],"collection":[{"href":"https:\/\/xenonkungen.com\/fi\/wp-json\/wp\/v2\/product"}],"about":[{"href":"https:\/\/xenonkungen.com\/fi\/wp-json\/wp\/v2\/types\/product"}],"replies":[{"embeddable":true,"href":"https:\/\/xenonkungen.com\/fi\/wp-json\/wp\/v2\/comments?post=3218"}],"wp:featuredmedia":[{"embeddable":true,"href":"https:\/\/xenonkungen.com\/fi\/wp-json\/wp\/v2\/media\/3219"}],"wp:attachment":[{"href":"https:\/\/xenonkungen.com\/fi\/wp-json\/wp\/v2\/media?parent=3218"}],"wp:term":[{"taxonomy":"anvandningsomrade","embeddable":true,"href":"https:\/\/xenonkungen.com\/fi\/wp-json\/wp\/v2\/anvandningsomrade?post=3218"},{"taxonomy":"bilmarken","embeddable":true,"href":"https:\/\/xenonkungen.com\/fi\/wp-json\/wp\/v2\/bilmarken?post=3218"},{"taxonomy":"product_brand","embeddable":true,"href":"https:\/\/xenonkungen.com\/fi\/wp-json\/wp\/v2\/product_brand?post=3218"},{"taxonomy":"product_cat","embeddable":true,"href":"https:\/\/xenonkungen.com\/fi\/wp-json\/wp\/v2\/product_cat?post=3218"},{"taxonomy":"product_tag","embeddable":true,"href":"https:\/\/xenonkungen.com\/fi\/wp-json\/wp\/v2\/product_tag?post=3218"}],"curies":[{"name":"wp","href":"https:\/\/api.w.org\/{rel}","templated":true}]}}