{"id":3268,"date":"2025-04-15T08:52:23","date_gmt":"2025-04-15T08:52:23","guid":{"rendered":"https:\/\/xenonkungen.com\/product\/ozz-xr2-p7-white\/"},"modified":"2026-04-11T00:09:02","modified_gmt":"2026-04-10T23:09:02","slug":"ozz-xr2-p7-valkoinen","status":"publish","type":"product","link":"https:\/\/xenonkungen.com\/fi\/tuote\/ozz-xr2-p7-valkoinen\/","title":{"rendered":"OZZ XR2 P7\" Valkoinen"},"content":{"rendered":"<h1>OZZ XR2 P7\u2033 Valkoinen 178 mm \u2013 Turvallisuutta, dynamiikkaa, tehoa<\/h1>\n<p>Paranna ajokokemustasi OZZ XR2 P7\" LED-lis\u00e4valolla, joka edustaa paitsi esteettisyytt\u00e4 ja innovatiivista muotoilua my\u00f6s lis\u00e4\u00e4 turvallisuutta tiell\u00e4. Dynaaminen k\u00e4ynnistystoiminto, jossa on sek\u00e4 valkoisen ett\u00e4 oranssin v\u00e4rinen paikannusvalo, varmistaa, ett\u00e4 olet selv\u00e4sti n\u00e4kyviss\u00e4 kaikissa s\u00e4\u00e4olosuhteissa, ja voimakas valons\u00e4de, jonka kantama on 1 luksi 470 metrin et\u00e4isyydell\u00e4, takaa optimaalisen n\u00e4kyvyyden pime\u00e4ss\u00e4.<\/p>\n<ul>\n<li>Kantama: 1 luksi @ 470m<\/li>\n<li>Dynaaminen k\u00e4ynnistysasennon merkkivalo: valkoinen\/oranssi<\/li>\n<li>Mitatut lumenit: 5800 lm<\/li>\n<li>Teoreettinen valovoima: 7200 lm<\/li>\n<li>V\u00e4ril\u00e4mp\u00f6tila: 5000 K<\/li>\n<\/ul>\n<p>Parannus ei rajoitu vain valon kantamaan, vaan turvallisuuden parantuminen koskee my\u00f6s k\u00e4ytettyj\u00e4 materiaaleja. Vankan alumiinirungon ja kest\u00e4v\u00e4st\u00e4 polykarbonaatista valmistetun linssin ansiosta t\u00e4m\u00e4 lamppu on rakennettu kest\u00e4m\u00e4\u00e4n kovia s\u00e4\u00e4olosuhteita ja suojaa sinua varmistamalla jatkuvan ja luotettavan valaistuksen kaikilla matkoillasi.<\/p>\n<p>Vahvistettu suojaus IP69K-luokituksella tarjoaa korkeimman mahdollisen p\u00f6ly- ja vesitiiviyden, mik\u00e4 takaa, ett\u00e4 valaisin toimii moitteettomasti vaativimmissakin olosuhteissa. Lis\u00e4ksi laaja l\u00e4mp\u00f6tila-alue -40 \u00b0C:sta +60 \u00b0C:seen takaa, ett\u00e4 lis\u00e4valo toimii aina parhaalla mahdollisella tavalla ilmastosta riippumatta, mik\u00e4 lis\u00e4\u00e4 ajoturvallisuutta.<\/p>\n<p>T\u00e4ss\u00e4 valaisimessa on 16 diodia, jotka muodostavat tehokkaan ja luotettavan valonl\u00e4hteen, joka on valmis valaisemaan pimeimm\u00e4tkin tiet ja pit\u00e4m\u00e4\u00e4n sinut turvallisesti tiell\u00e4. OZZ XR2 P7\" on paitsi tekninen mestariteos, my\u00f6s tuote, joka ottaa turvallisuutesi vakavasti.<\/p>","protected":false},"excerpt":{"rendered":"<p>Lis\u00e4\u00e4 turvallisuutta tiell\u00e4 OZZ XR2 P7\" LED-lis\u00e4valon avulla. Edistyksellisen tekniikan ja tyylikk\u00e4\u00e4n muotoilun ansiosta t\u00e4m\u00e4 lis\u00e4valo tarjoaa erinomaisen kirkkauden, joka takaa sinulle optimaalisen n\u00e4kyvyyden kaikissa olosuhteissa. Nauti turvallisemmasta ja mukavammasta ajokokemuksesta.<\/p>","protected":false},"featured_media":3269,"comment_status":"closed","ping_status":"closed","template":"","meta":{"_acf_changed":false,"_smort_price_nok":"2991","_smort_price_dkk":"1900","_smort_price_eur":"254.53","_smort_sale_price_nok":"","_smort_sale_price_dkk":"","_smort_sale_price_eur":"","smort_restorder":"","shipmondo_restorder":"","_kad_blocks_custom_css":"","_kad_blocks_head_custom_js":"","_kad_blocks_body_custom_js":"","_kad_blocks_footer_custom_js":"","smort_custom_pricelist_1":"1792","smort_custom_pricelist_2":"1792","smort_custom_pricelist_3":"1792","smort_custom_pricelist_4":"2240","smort_custom_pricelist_5":"1792"},"anvandningsomrade":[],"bilmarken":[],"product_brand":[1051,109],"product_cat":[2838,142],"product_tag":[2788],"class_list":{"0":"post-3268","1":"product","2":"type-product","3":"status-publish","4":"has-post-thumbnail","6":"product_brand-ozz","7":"product_brand-ozz-lights","8":"product_cat-extraljus-7","9":"product_cat-extraljus","10":"product_tag-black-week-exclude","11":"pa_fargtemperatur-5000k","12":"pa_fuktskydd-varde-ipxx-ip69k","13":"pa_godkannande-ece-r112-r7-r10-ce","14":"pa_lampsockel-kontakt-dt4","15":"pa_led-chips-effekt-w-78-756","16":"pa_ljusbild-driving","17":"pa_stromforbrukning-26a24v","18":"pa_stromforbrukning-568a12v","19":"pa_volt-v-multivolt-10-12-16-18-24-28-30-36","21":"first","22":"onbackorder","23":"taxable","24":"shipping-taxable","25":"purchasable","26":"product-type-simple"},"bundled_by":["9426","9451","9485","9500"],"bundle_stock_status":"onbackorder","bundle_stock_quantity":0,"bundle_virtual":false,"bundle_layout":"","bundle_add_to_cart_form_location":"","bundle_editable_in_cart":false,"bundle_sold_individually_context":"","bundle_item_grouping":"","bundle_min_size":"","bundle_max_size":"","bundle_price":[],"bundled_items":[],"bundle_sell_ids":[],"acf":[],"yoast_head":"<!-- This site is optimized with the Yoast SEO plugin v27.0 - https:\/\/yoast.com\/product\/yoast-seo-wordpress\/ -->\n<title>OZZ XR2 P7&quot; White - Xenonkungen<\/title>\n<meta name=\"robots\" content=\"index, follow, max-snippet:-1, max-image-preview:large, max-video-preview:-1\" \/>\n<link rel=\"canonical\" href=\"https:\/\/xenonkungen.com\/fi\/tuote\/ozz-xr2-p7-valkoinen\/\" \/>\n<meta property=\"og:locale\" content=\"fi_FI\" \/>\n<meta property=\"og:type\" content=\"article\" \/>\n<meta property=\"og:title\" content=\"OZZ XR2 P7&quot; White - Xenonkungen\" \/>\n<meta property=\"og:description\" content=\"\u00d6ka din s\u00e4kerhet p\u00e5 v\u00e4gen med OZZ XR2 P7\u201d LED extraljus. Med avancerad teknik och en stilren design, erbjuder detta extraljus en \u00f6verl\u00e4gsen ljusstyrka som garanterar dig optimal sikt under alla f\u00f6rh\u00e5llanden. Upplev en s\u00e4krare och mer behaglig k\u00f6rupplevelse.\" \/>\n<meta property=\"og:url\" content=\"https:\/\/xenonkungen.com\/fi\/tuote\/ozz-xr2-p7-valkoinen\/\" \/>\n<meta property=\"og:site_name\" content=\"Xenonkungen\" \/>\n<meta property=\"article:modified_time\" content=\"2026-04-10T23:09:02+00:00\" \/>\n<meta property=\"og:image\" content=\"https:\/\/xenonkungen.com\/wp-content\/uploads\/2025\/04\/205409019-origpic-705664.png\" \/>\n\t<meta property=\"og:image:width\" content=\"1000\" \/>\n\t<meta property=\"og:image:height\" content=\"1055\" \/>\n\t<meta property=\"og:image:type\" content=\"image\/png\" \/>\n<meta name=\"twitter:card\" content=\"summary_large_image\" \/>\n<meta name=\"twitter:label1\" content=\"Arvioitu lukuaika\" \/>\n\t<meta name=\"twitter:data1\" content=\"2 minuuttia\" \/>\n<script type=\"application\/ld+json\" class=\"yoast-schema-graph\">{\"@context\":\"https:\/\/schema.org\",\"@graph\":[{\"@type\":\"WebPage\",\"@id\":\"https:\/\/xenonkungen.com\/produkt\/ozz-xr2-p7-white\/\",\"url\":\"https:\/\/xenonkungen.com\/produkt\/ozz-xr2-p7-white\/\",\"name\":\"OZZ XR2 P7\\\" White - Xenonkungen\",\"isPartOf\":{\"@id\":\"https:\/\/xenonkungen.com\/#website\"},\"primaryImageOfPage\":{\"@id\":\"https:\/\/xenonkungen.com\/produkt\/ozz-xr2-p7-white\/#primaryimage\"},\"image\":{\"@id\":\"https:\/\/xenonkungen.com\/produkt\/ozz-xr2-p7-white\/#primaryimage\"},\"thumbnailUrl\":\"https:\/\/xenonkungen.com\/wp-content\/uploads\/2025\/04\/205409019-origpic-705664.png\",\"datePublished\":\"2025-04-15T08:52:23+00:00\",\"dateModified\":\"2026-04-10T23:09:02+00:00\",\"breadcrumb\":{\"@id\":\"https:\/\/xenonkungen.com\/produkt\/ozz-xr2-p7-white\/#breadcrumb\"},\"inLanguage\":\"fi\",\"potentialAction\":[{\"@type\":\"ReadAction\",\"target\":[\"https:\/\/xenonkungen.com\/produkt\/ozz-xr2-p7-white\/\"]}]},{\"@type\":\"ImageObject\",\"inLanguage\":\"fi\",\"@id\":\"https:\/\/xenonkungen.com\/produkt\/ozz-xr2-p7-white\/#primaryimage\",\"url\":\"https:\/\/xenonkungen.com\/wp-content\/uploads\/2025\/04\/205409019-origpic-705664.png\",\"contentUrl\":\"https:\/\/xenonkungen.com\/wp-content\/uploads\/2025\/04\/205409019-origpic-705664.png\",\"width\":1000,\"height\":1055},{\"@type\":\"BreadcrumbList\",\"@id\":\"https:\/\/xenonkungen.com\/produkt\/ozz-xr2-p7-white\/#breadcrumb\",\"itemListElement\":[{\"@type\":\"ListItem\",\"position\":1,\"name\":\"Hem\",\"item\":\"https:\/\/xenonkungen.com\/\"},{\"@type\":\"ListItem\",\"position\":2,\"name\":\"Shop\",\"item\":\"https:\/\/xenonkungen.com\/shop\/\"},{\"@type\":\"ListItem\",\"position\":3,\"name\":\"OZZ XR2 P7&#8243; White\"}]},{\"@type\":\"WebSite\",\"@id\":\"https:\/\/xenonkungen.com\/#website\",\"url\":\"https:\/\/xenonkungen.com\/\",\"name\":\"Xenonkungen\",\"description\":\"\",\"potentialAction\":[{\"@type\":\"SearchAction\",\"target\":{\"@type\":\"EntryPoint\",\"urlTemplate\":\"https:\/\/xenonkungen.com\/?s={search_term_string}\"},\"query-input\":{\"@type\":\"PropertyValueSpecification\",\"valueRequired\":true,\"valueName\":\"search_term_string\"}}],\"inLanguage\":\"fi\"}]}<\/script>\n<!-- \/ Yoast SEO plugin. -->","yoast_head_json":{"title":"OZZ XR2 P7&quot; Valkoinen - Xenon-kuningas","robots":{"index":"index","follow":"follow","max-snippet":"max-snippet:-1","max-image-preview":"max-image-preview:large","max-video-preview":"max-video-preview:-1"},"canonical":"https:\/\/xenonkungen.com\/fi\/tuote\/ozz-xr2-p7-valkoinen\/","og_locale":"fi_FI","og_type":"article","og_title":"OZZ XR2 P7\" White - Xenonkungen","og_description":"\u00d6ka din s\u00e4kerhet p\u00e5 v\u00e4gen med OZZ XR2 P7\u201d LED extraljus. Med avancerad teknik och en stilren design, erbjuder detta extraljus en \u00f6verl\u00e4gsen ljusstyrka som garanterar dig optimal sikt under alla f\u00f6rh\u00e5llanden. Upplev en s\u00e4krare och mer behaglig k\u00f6rupplevelse.","og_url":"https:\/\/xenonkungen.com\/fi\/tuote\/ozz-xr2-p7-valkoinen\/","og_site_name":"Xenonkungen","article_modified_time":"2026-04-10T23:09:02+00:00","og_image":[{"width":1000,"height":1055,"url":"https:\/\/xenonkungen.com\/wp-content\/uploads\/2025\/04\/205409019-origpic-705664.png","type":"image\/png"}],"twitter_card":"summary_large_image","twitter_misc":{"Arvioitu lukuaika":"2 minuuttia"},"schema":{"@context":"https:\/\/schema.org","@graph":[{"@type":"WebPage","@id":"https:\/\/xenonkungen.com\/produkt\/ozz-xr2-p7-white\/","url":"https:\/\/xenonkungen.com\/produkt\/ozz-xr2-p7-white\/","name":"OZZ XR2 P7&quot; Valkoinen - Xenon-kuningas","isPartOf":{"@id":"https:\/\/xenonkungen.com\/#website"},"primaryImageOfPage":{"@id":"https:\/\/xenonkungen.com\/produkt\/ozz-xr2-p7-white\/#primaryimage"},"image":{"@id":"https:\/\/xenonkungen.com\/produkt\/ozz-xr2-p7-white\/#primaryimage"},"thumbnailUrl":"https:\/\/xenonkungen.com\/wp-content\/uploads\/2025\/04\/205409019-origpic-705664.png","datePublished":"2025-04-15T08:52:23+00:00","dateModified":"2026-04-10T23:09:02+00:00","breadcrumb":{"@id":"https:\/\/xenonkungen.com\/produkt\/ozz-xr2-p7-white\/#breadcrumb"},"inLanguage":"fi","potentialAction":[{"@type":"ReadAction","target":["https:\/\/xenonkungen.com\/produkt\/ozz-xr2-p7-white\/"]}]},{"@type":"ImageObject","inLanguage":"fi","@id":"https:\/\/xenonkungen.com\/produkt\/ozz-xr2-p7-white\/#primaryimage","url":"https:\/\/xenonkungen.com\/wp-content\/uploads\/2025\/04\/205409019-origpic-705664.png","contentUrl":"https:\/\/xenonkungen.com\/wp-content\/uploads\/2025\/04\/205409019-origpic-705664.png","width":1000,"height":1055},{"@type":"BreadcrumbList","@id":"https:\/\/xenonkungen.com\/produkt\/ozz-xr2-p7-white\/#breadcrumb","itemListElement":[{"@type":"ListItem","position":1,"name":"Hem","item":"https:\/\/xenonkungen.com\/"},{"@type":"ListItem","position":2,"name":"Shop","item":"https:\/\/xenonkungen.com\/shop\/"},{"@type":"ListItem","position":3,"name":"OZZ XR2 P7&#8243; White"}]},{"@type":"WebSite","@id":"https:\/\/xenonkungen.com\/#website","url":"https:\/\/xenonkungen.com\/","name":"Xenonkungen","description":"","potentialAction":[{"@type":"SearchAction","target":{"@type":"EntryPoint","urlTemplate":"https:\/\/xenonkungen.com\/?s={search_term_string}"},"query-input":{"@type":"PropertyValueSpecification","valueRequired":true,"valueName":"search_term_string"}}],"inLanguage":"fi"}]}},"taxonomy_info":{"product_brand":[{"value":1051,"label":"OZZ"},{"value":109,"label":"OZZ LIGHTS"}],"product_cat":[{"value":2838,"label":"Extraljus 7\""},{"value":142,"label":"Extraljus"}],"product_tag":[{"value":2788,"label":"black-week-exclude"}],"pa_fargtemperatur":[{"value":154,"label":"5000K"}],"pa_fuktskydd-varde-ipxx":[{"value":155,"label":"IP69K"}],"pa_godkannande":[{"value":1076,"label":"ECE, R112, R7, R10, CE"}],"pa_lampsockel-kontakt":[{"value":404,"label":"DT4"}],"pa_led-chips-effekt-w":[{"value":1074,"label":"78, 75,6"}],"pa_ljusbild":[{"value":178,"label":"Driving"}],"pa_stromforbrukning":[{"value":995,"label":"2,6A@24V"},{"value":1075,"label":"5,68A@12V"}],"pa_volt-v":[{"value":1071,"label":"Multivolt, 10, 12, 16, 18, 24, 28, 30, 36"}]},"featured_image_src_large":["https:\/\/xenonkungen.com\/wp-content\/uploads\/2025\/04\/205409019-origpic-705664-971x1024.png",971,1024,true],"author_info":[],"comment_info":0,"_links":{"self":[{"href":"https:\/\/xenonkungen.com\/fi\/wp-json\/wp\/v2\/product\/3268","targetHints":{"allow":["GET"]}}],"collection":[{"href":"https:\/\/xenonkungen.com\/fi\/wp-json\/wp\/v2\/product"}],"about":[{"href":"https:\/\/xenonkungen.com\/fi\/wp-json\/wp\/v2\/types\/product"}],"replies":[{"embeddable":true,"href":"https:\/\/xenonkungen.com\/fi\/wp-json\/wp\/v2\/comments?post=3268"}],"wp:featuredmedia":[{"embeddable":true,"href":"https:\/\/xenonkungen.com\/fi\/wp-json\/wp\/v2\/media\/3269"}],"wp:attachment":[{"href":"https:\/\/xenonkungen.com\/fi\/wp-json\/wp\/v2\/media?parent=3268"}],"wp:term":[{"taxonomy":"anvandningsomrade","embeddable":true,"href":"https:\/\/xenonkungen.com\/fi\/wp-json\/wp\/v2\/anvandningsomrade?post=3268"},{"taxonomy":"bilmarken","embeddable":true,"href":"https:\/\/xenonkungen.com\/fi\/wp-json\/wp\/v2\/bilmarken?post=3268"},{"taxonomy":"product_brand","embeddable":true,"href":"https:\/\/xenonkungen.com\/fi\/wp-json\/wp\/v2\/product_brand?post=3268"},{"taxonomy":"product_cat","embeddable":true,"href":"https:\/\/xenonkungen.com\/fi\/wp-json\/wp\/v2\/product_cat?post=3268"},{"taxonomy":"product_tag","embeddable":true,"href":"https:\/\/xenonkungen.com\/fi\/wp-json\/wp\/v2\/product_tag?post=3268"}],"curies":[{"name":"wp","href":"https:\/\/api.w.org\/{rel}","templated":true}]}}