{"id":3306,"date":"2025-04-15T08:53:55","date_gmt":"2025-04-15T08:53:55","guid":{"rendered":"https:\/\/xenonkungen.com\/product\/ozz-xb1-p9-dynamisk-drl\/"},"modified":"2026-05-08T13:28:33","modified_gmt":"2026-05-08T12:28:33","slug":"ozz-xb1-p9-dynaamiset-paivaajovalot","status":"publish","type":"product","link":"https:\/\/xenonkungen.com\/fi\/tuote\/ozz-xb1-p9-dynaamiset-paivaajovalot\/","title":{"rendered":"OZZ XB1 P9\" Dynaaminen Drl dynaaminen Drl"},"content":{"rendered":"<h1>OZZ XB1 Dynamic LED Led Ramp - 228 mm: Tulevaisuuden valaistustekniikka!<\/h1>\n<h2>Yleiskatsaus:<\/h2>\n<p>OZZ XB1 Dynamic LED Led Ramp edustaa edistyksellisen valaistusteknologian uutta aikakautta. T\u00e4m\u00e4 228 mm:n ramppi ei ole pelkk\u00e4 valonl\u00e4hde, vaan muotoiluikoni, joka muuttaa jokaisen ajokokemuksen tekniikan ja tyylin loistavaksi esitykseksi.<\/p>\n<h2>Innovatiivinen muotoilu:<\/h2>\n<p>OZZ XB1 erottuu joukosta ainutlaatuisella dynaamisella l\u00e4ht\u00f6valollaan, joka on sek\u00e4 valkoinen ett\u00e4 oranssi. T\u00e4m\u00e4 ramppi luo vertaansa vailla olevan visuaalisen efektin, joka saa ajoneuvosi hehkumaan pime\u00e4ss\u00e4 ja her\u00e4tt\u00e4\u00e4 huomiota miss\u00e4 tahansa ajatkin.<\/p>\n<h2>Tehokas valaistus:<\/h2>\n<p>Kompaktista koostaan huolimatta OZZ XB1 tarjoaa erinomaisen valotehon 3100 mitatulla lumenilla. Se heijastaa voimakkaan valons\u00e4teen, joka ylt\u00e4\u00e4 jopa 315 metrin p\u00e4\u00e4h\u00e4n ja takaa poikkeuksellisen hyv\u00e4n n\u00e4kyvyyden kaikissa ymp\u00e4rist\u00f6iss\u00e4.<\/p>\n<h2>Optimaalinen mukavuus:<\/h2>\n<p>OZZ XB1 tarjoaa tasapainoisen 5000 K:n v\u00e4ril\u00e4mp\u00f6tilan ansiosta miellytt\u00e4v\u00e4\u00e4 ja luonnollista valoa, joka on hell\u00e4varainen silmille. T\u00e4m\u00e4 takaa optimaalisen mukavuuden ajon aikana, olipa kyseess\u00e4 sitten pime\u00e4 maantie tai vaikeat s\u00e4\u00e4olosuhteet.<\/p>\n<h2>Turvallisuus ja laatu:<\/h2>\n<p>T\u00e4m\u00e4 LED-lediramppi on hyv\u00e4ksytty R112-, R7- ja R10-standardien mukaisesti, mik\u00e4 osoittaa sen korkean laadun ja turvallisuusstandardit. Lis\u00e4ksi sill\u00e4 on 3 vuoden toimintatakuu, joten se on luotettava pitk\u00e4n aikav\u00e4lin investointi.<\/p>\n<h2>Johtop\u00e4\u00e4t\u00f6kset:<\/h2>\n<p>OZZ XB1 on enemm\u00e4n kuin pelkk\u00e4 LED-led-ramppi; se on teknologisen innovaation ja muotoilun huippuosaamisen symboli. T\u00e4ydellinen niille, jotka etsiv\u00e4t toiminnallisuuden, tyylin ja kest\u00e4vyyden yhdistelm\u00e4\u00e4. Muunna ajokokemuksesi OZZ XB1 Dynamic LED -ramppien avulla ja valaise edess\u00e4 oleva tie kuin koskaan ennen!<\/p>","protected":false},"excerpt":{"rendered":"<p>Tutustu 228 mm:n OZZ XB1 LED-LED-nauhaan: tehokas, kest\u00e4v\u00e4 ja luotettava valonl\u00e4hde. Se tuottaa 3100 lm:n valovirran, on IP67-luokiteltu ja sen optimaalinen v\u00e4ril\u00e4mp\u00f6tila on 5000 K.<\/p>","protected":false},"featured_media":3307,"comment_status":"closed","ping_status":"closed","template":"","meta":{"_acf_changed":false,"_smort_price_nok":"2382","_smort_price_dkk":"1513","_smort_price_eur":"202.72","_smort_sale_price_nok":"","_smort_sale_price_dkk":"","_smort_sale_price_eur":"","smort_restorder":"","shipmondo_restorder":"","_kad_blocks_custom_css":"","_kad_blocks_head_custom_js":"","_kad_blocks_body_custom_js":"","_kad_blocks_footer_custom_js":"","smort_custom_pricelist_1":"1651.2","smort_custom_pricelist_2":"1651.2","smort_custom_pricelist_3":"1651.2","smort_custom_pricelist_4":"2064","smort_custom_pricelist_5":"1651.2"},"anvandningsomrade":[165,236,237,207,166,234,167,238,235],"bilmarken":[208,240,194,241,242,195,243,209,244,245,246,247,248,210,249,196,250,251,252,253,197,211,254,212,255,256,257,258,259,213,260,261,198,262,263,264,265,266,267,199,268,269,270,271,200,272,273,274,215,275,276,277,278,201,279,202,280,281,216,282,203,283,284,285,286,204,217,218,287,288,289,290,219,205,169,291],"product_brand":[1051],"product_cat":[2966,2539],"product_tag":[2788],"class_list":{"0":"post-3306","1":"product","2":"type-product","3":"status-publish","4":"has-post-thumbnail","6":"anvandningsomrade-atv","7":"anvandningsomrade-entreprenad","8":"anvandningsomrade-fritid","9":"anvandningsomrade-husbil","10":"anvandningsomrade-lastbil","11":"anvandningsomrade-mc","12":"anvandningsomrade-personbil","13":"anvandningsomrade-slap","14":"anvandningsomrade-snoskoter","15":"bilmarken-abarth","16":"bilmarken-acura","17":"bilmarken-alfa-romeo","18":"bilmarken-alpina","19":"bilmarken-aston-martin","20":"bilmarken-audi","21":"bilmarken-bentley","22":"bilmarken-bmw","23":"bilmarken-bugatti","24":"bilmarken-buick","25":"bilmarken-cadillac","26":"bilmarken-chevrolet","27":"bilmarken-chrysler","28":"bilmarken-citroen","29":"bilmarken-cupra","30":"bilmarken-dacia","31":"bilmarken-daewoo","32":"bilmarken-daihatsu","33":"bilmarken-dodge","34":"bilmarken-ds","35":"bilmarken-ferrari","36":"bilmarken-fiat","37":"bilmarken-fisker","38":"bilmarken-ford","39":"bilmarken-geely","40":"bilmarken-genesis","41":"bilmarken-gmc","42":"bilmarken-honda","43":"bilmarken-hummer","44":"bilmarken-hyundai","45":"bilmarken-infiniti","46":"bilmarken-isuzu","47":"bilmarken-iveco","48":"bilmarken-jaguar","49":"bilmarken-jeep","50":"bilmarken-kia","51":"bilmarken-koenigsegg","52":"bilmarken-lada","53":"bilmarken-lamborghini","54":"bilmarken-lancia","55":"bilmarken-land-rover","56":"bilmarken-lexus","57":"bilmarken-lincoln","58":"bilmarken-lotus","59":"bilmarken-maserati","60":"bilmarken-maxus","61":"bilmarken-mazda","62":"bilmarken-mclaren","63":"bilmarken-mercedes-benz","64":"bilmarken-mg","65":"bilmarken-mini","66":"bilmarken-mitsubishi","67":"bilmarken-nissan","68":"bilmarken-opel","69":"bilmarken-pagani","70":"bilmarken-peugeot","71":"bilmarken-polestar","72":"bilmarken-pontiac","73":"bilmarken-porsche","74":"bilmarken-ram","75":"bilmarken-renault","76":"bilmarken-rivian","77":"bilmarken-rolls-royce","78":"bilmarken-rover","79":"bilmarken-saab","80":"bilmarken-seat","81":"bilmarken-skoda","82":"bilmarken-smart","83":"bilmarken-ssangyong","84":"bilmarken-subaru","85":"bilmarken-suzuki","86":"bilmarken-tesla","87":"bilmarken-toyota","88":"bilmarken-volkswagen","89":"bilmarken-volvo","90":"bilmarken-wiesmann","91":"product_brand-ozz","92":"product_cat-ledramp-rak","93":"product_cat-ledramper","94":"product_tag-black-week-exclude","95":"pa_fargtemperatur-5000k","96":"pa_fuktskydd-varde-ipxx-ip67","97":"pa_godkannande-r10-r149-r7","98":"pa_lampsockel-kontakt-dt","99":"pa_led-chips-effekt-w-1092","100":"pa_ljusbild-driving","101":"pa_storlek-mm-228x70x50","102":"pa_stromforbrukning-167a24v","103":"pa_stromforbrukning-334a12v","104":"pa_volt-v-multivolt-10-12-16-18-24-28-30-32","106":"first","107":"onbackorder","108":"taxable","109":"shipping-taxable","110":"purchasable","111":"product-type-simple"},"bundled_by":[],"bundle_stock_status":"onbackorder","bundle_stock_quantity":0,"bundle_virtual":false,"bundle_layout":"","bundle_add_to_cart_form_location":"","bundle_editable_in_cart":false,"bundle_sold_individually_context":"","bundle_item_grouping":"","bundle_min_size":"","bundle_max_size":"","bundle_price":[],"bundled_items":[],"bundle_sell_ids":[],"acf":[],"yoast_head":"<!-- This site is optimized with the Yoast SEO plugin v27.0 - https:\/\/yoast.com\/product\/yoast-seo-wordpress\/ -->\n<title>OZZ XB1 P9&quot; Dynamisk Drl - Xenonkungen<\/title>\n<meta name=\"robots\" content=\"index, follow, max-snippet:-1, max-image-preview:large, max-video-preview:-1\" \/>\n<link rel=\"canonical\" href=\"https:\/\/xenonkungen.com\/fi\/tuote\/ozz-xb1-p9-dynaamiset-paivaajovalot\/\" \/>\n<meta property=\"og:locale\" content=\"fi_FI\" \/>\n<meta property=\"og:type\" content=\"article\" \/>\n<meta property=\"og:title\" content=\"OZZ XB1 P9&quot; Dynamisk Drl - Xenonkungen\" \/>\n<meta property=\"og:description\" content=\"Uppt\u00e4ck OZZ XB1 LED Ledramp p\u00e5 228 mm: en kraftfull, h\u00e5llbar och p\u00e5litlig ljusk\u00e4lla. Den levererar 3100 lm, \u00e4r IP67-klassad och har en optimal f\u00e4rgtemperatur p\u00e5 5000 K.\" \/>\n<meta property=\"og:url\" content=\"https:\/\/xenonkungen.com\/fi\/tuote\/ozz-xb1-p9-dynaamiset-paivaajovalot\/\" \/>\n<meta property=\"og:site_name\" content=\"Xenonkungen\" \/>\n<meta property=\"article:modified_time\" content=\"2026-05-08T12:28:33+00:00\" \/>\n<meta property=\"og:image\" content=\"https:\/\/xenonkungen.com\/wp-content\/uploads\/2025\/04\/207509467-origpic-dcec8f.png\" \/>\n\t<meta property=\"og:image:width\" content=\"1352\" \/>\n\t<meta property=\"og:image:height\" content=\"1000\" \/>\n\t<meta property=\"og:image:type\" content=\"image\/png\" \/>\n<meta name=\"twitter:card\" content=\"summary_large_image\" \/>\n<meta name=\"twitter:label1\" content=\"Arvioitu lukuaika\" \/>\n\t<meta name=\"twitter:data1\" content=\"2 minuuttia\" \/>\n<script type=\"application\/ld+json\" class=\"yoast-schema-graph\">{\"@context\":\"https:\/\/schema.org\",\"@graph\":[{\"@type\":\"WebPage\",\"@id\":\"https:\/\/xenonkungen.com\/no\/produkt\/ozz-xb1-p9-dynamisk-kjorelys\/\",\"url\":\"https:\/\/xenonkungen.com\/no\/produkt\/ozz-xb1-p9-dynamisk-kjorelys\/\",\"name\":\"OZZ XB1 P9\\\" Dynamisk Drl - Xenonkungen\",\"isPartOf\":{\"@id\":\"https:\/\/xenonkungen.com\/#website\"},\"primaryImageOfPage\":{\"@id\":\"https:\/\/xenonkungen.com\/no\/produkt\/ozz-xb1-p9-dynamisk-kjorelys\/#primaryimage\"},\"image\":{\"@id\":\"https:\/\/xenonkungen.com\/no\/produkt\/ozz-xb1-p9-dynamisk-kjorelys\/#primaryimage\"},\"thumbnailUrl\":\"https:\/\/xenonkungen.com\/wp-content\/uploads\/2025\/04\/207509467-origpic-dcec8f.png\",\"datePublished\":\"2025-04-15T08:53:55+00:00\",\"dateModified\":\"2026-05-08T12:28:33+00:00\",\"breadcrumb\":{\"@id\":\"https:\/\/xenonkungen.com\/no\/produkt\/ozz-xb1-p9-dynamisk-kjorelys\/#breadcrumb\"},\"inLanguage\":\"fi\",\"potentialAction\":[{\"@type\":\"ReadAction\",\"target\":[\"https:\/\/xenonkungen.com\/no\/produkt\/ozz-xb1-p9-dynamisk-kjorelys\/\"]}]},{\"@type\":\"ImageObject\",\"inLanguage\":\"fi\",\"@id\":\"https:\/\/xenonkungen.com\/no\/produkt\/ozz-xb1-p9-dynamisk-kjorelys\/#primaryimage\",\"url\":\"https:\/\/xenonkungen.com\/wp-content\/uploads\/2025\/04\/207509467-origpic-dcec8f.png\",\"contentUrl\":\"https:\/\/xenonkungen.com\/wp-content\/uploads\/2025\/04\/207509467-origpic-dcec8f.png\",\"width\":1352,\"height\":1000},{\"@type\":\"BreadcrumbList\",\"@id\":\"https:\/\/xenonkungen.com\/no\/produkt\/ozz-xb1-p9-dynamisk-kjorelys\/#breadcrumb\",\"itemListElement\":[{\"@type\":\"ListItem\",\"position\":1,\"name\":\"Hem\",\"item\":\"https:\/\/xenonkungen.com\/\"},{\"@type\":\"ListItem\",\"position\":2,\"name\":\"Shop\",\"item\":\"https:\/\/xenonkungen.com\/shop\/\"},{\"@type\":\"ListItem\",\"position\":3,\"name\":\"OZZ XB1 P9&#8243; Dynamisk Drl\"}]},{\"@type\":\"WebSite\",\"@id\":\"https:\/\/xenonkungen.com\/#website\",\"url\":\"https:\/\/xenonkungen.com\/\",\"name\":\"Xenonkungen\",\"description\":\"\",\"potentialAction\":[{\"@type\":\"SearchAction\",\"target\":{\"@type\":\"EntryPoint\",\"urlTemplate\":\"https:\/\/xenonkungen.com\/?s={search_term_string}\"},\"query-input\":{\"@type\":\"PropertyValueSpecification\",\"valueRequired\":true,\"valueName\":\"search_term_string\"}}],\"inLanguage\":\"fi\"}]}<\/script>\n<!-- \/ Yoast SEO plugin. -->","yoast_head_json":{"title":"OZZ XB1 P9&quot; dynaamiset p\u00e4iv\u00e4ajovalot - Xenon-kuningas","robots":{"index":"index","follow":"follow","max-snippet":"max-snippet:-1","max-image-preview":"max-image-preview:large","max-video-preview":"max-video-preview:-1"},"canonical":"https:\/\/xenonkungen.com\/fi\/tuote\/ozz-xb1-p9-dynaamiset-paivaajovalot\/","og_locale":"fi_FI","og_type":"article","og_title":"OZZ XB1 P9\" Dynamisk Drl - Xenonkungen","og_description":"Uppt\u00e4ck OZZ XB1 LED Ledramp p\u00e5 228 mm: en kraftfull, h\u00e5llbar och p\u00e5litlig ljusk\u00e4lla. Den levererar 3100 lm, \u00e4r IP67-klassad och har en optimal f\u00e4rgtemperatur p\u00e5 5000 K.","og_url":"https:\/\/xenonkungen.com\/fi\/tuote\/ozz-xb1-p9-dynaamiset-paivaajovalot\/","og_site_name":"Xenonkungen","article_modified_time":"2026-05-08T12:28:33+00:00","og_image":[{"width":1352,"height":1000,"url":"https:\/\/xenonkungen.com\/wp-content\/uploads\/2025\/04\/207509467-origpic-dcec8f.png","type":"image\/png"}],"twitter_card":"summary_large_image","twitter_misc":{"Arvioitu lukuaika":"2 minuuttia"},"schema":{"@context":"https:\/\/schema.org","@graph":[{"@type":"WebPage","@id":"https:\/\/xenonkungen.com\/no\/produkt\/ozz-xb1-p9-dynamisk-kjorelys\/","url":"https:\/\/xenonkungen.com\/no\/produkt\/ozz-xb1-p9-dynamisk-kjorelys\/","name":"OZZ XB1 P9&quot; dynaamiset p\u00e4iv\u00e4ajovalot - Xenon-kuningas","isPartOf":{"@id":"https:\/\/xenonkungen.com\/#website"},"primaryImageOfPage":{"@id":"https:\/\/xenonkungen.com\/no\/produkt\/ozz-xb1-p9-dynamisk-kjorelys\/#primaryimage"},"image":{"@id":"https:\/\/xenonkungen.com\/no\/produkt\/ozz-xb1-p9-dynamisk-kjorelys\/#primaryimage"},"thumbnailUrl":"https:\/\/xenonkungen.com\/wp-content\/uploads\/2025\/04\/207509467-origpic-dcec8f.png","datePublished":"2025-04-15T08:53:55+00:00","dateModified":"2026-05-08T12:28:33+00:00","breadcrumb":{"@id":"https:\/\/xenonkungen.com\/no\/produkt\/ozz-xb1-p9-dynamisk-kjorelys\/#breadcrumb"},"inLanguage":"fi","potentialAction":[{"@type":"ReadAction","target":["https:\/\/xenonkungen.com\/no\/produkt\/ozz-xb1-p9-dynamisk-kjorelys\/"]}]},{"@type":"ImageObject","inLanguage":"fi","@id":"https:\/\/xenonkungen.com\/no\/produkt\/ozz-xb1-p9-dynamisk-kjorelys\/#primaryimage","url":"https:\/\/xenonkungen.com\/wp-content\/uploads\/2025\/04\/207509467-origpic-dcec8f.png","contentUrl":"https:\/\/xenonkungen.com\/wp-content\/uploads\/2025\/04\/207509467-origpic-dcec8f.png","width":1352,"height":1000},{"@type":"BreadcrumbList","@id":"https:\/\/xenonkungen.com\/no\/produkt\/ozz-xb1-p9-dynamisk-kjorelys\/#breadcrumb","itemListElement":[{"@type":"ListItem","position":1,"name":"Hem","item":"https:\/\/xenonkungen.com\/"},{"@type":"ListItem","position":2,"name":"Shop","item":"https:\/\/xenonkungen.com\/shop\/"},{"@type":"ListItem","position":3,"name":"OZZ XB1 P9&#8243; Dynamisk Drl"}]},{"@type":"WebSite","@id":"https:\/\/xenonkungen.com\/#website","url":"https:\/\/xenonkungen.com\/","name":"Xenonkungen","description":"","potentialAction":[{"@type":"SearchAction","target":{"@type":"EntryPoint","urlTemplate":"https:\/\/xenonkungen.com\/?s={search_term_string}"},"query-input":{"@type":"PropertyValueSpecification","valueRequired":true,"valueName":"search_term_string"}}],"inLanguage":"fi"}]}},"taxonomy_info":{"anvandningsomrade":[{"value":165,"label":"ATV"},{"value":236,"label":"Entreprenad"},{"value":237,"label":"Fritid"},{"value":207,"label":"Husbil"},{"value":166,"label":"Lastbil"},{"value":234,"label":"MC"},{"value":167,"label":"PERSONBIL"},{"value":238,"label":"SL\u00c4P"},{"value":235,"label":"SN\u00d6SKOTER"}],"bilmarken":[{"value":208,"label":"Abarth"},{"value":240,"label":"Acura"},{"value":194,"label":"Alfa Romeo"},{"value":241,"label":"Alpina"},{"value":242,"label":"Aston Martin"},{"value":195,"label":"Audi"},{"value":243,"label":"Bentley"},{"value":209,"label":"BMW"},{"value":244,"label":"Bugatti"},{"value":245,"label":"Buick"},{"value":246,"label":"Cadillac"},{"value":247,"label":"Chevrolet"},{"value":248,"label":"Chrysler"},{"value":210,"label":"Citroen"},{"value":249,"label":"Cupra"},{"value":196,"label":"Dacia"},{"value":250,"label":"Daewoo"},{"value":251,"label":"Daihatsu"},{"value":252,"label":"Dodge"},{"value":253,"label":"DS"},{"value":197,"label":"Ferrari"},{"value":211,"label":"Fiat"},{"value":254,"label":"Fisker"},{"value":212,"label":"Ford"},{"value":255,"label":"Geely"},{"value":256,"label":"Genesis"},{"value":257,"label":"GMC"},{"value":258,"label":"Honda"},{"value":259,"label":"Hummer"},{"value":213,"label":"Hyundai"},{"value":260,"label":"Infiniti"},{"value":261,"label":"Isuzu"},{"value":198,"label":"Iveco"},{"value":262,"label":"Jaguar"},{"value":263,"label":"Jeep"},{"value":264,"label":"Kia"},{"value":265,"label":"Koenigsegg"},{"value":266,"label":"Lada"},{"value":267,"label":"Lamborghini"},{"value":199,"label":"Lancia"},{"value":268,"label":"Land Rover"},{"value":269,"label":"Lexus"},{"value":270,"label":"Lincoln"},{"value":271,"label":"Lotus"},{"value":200,"label":"Maserati"},{"value":272,"label":"Maxus"},{"value":273,"label":"Mazda"},{"value":274,"label":"McLaren"},{"value":215,"label":"Mercedes-Benz"},{"value":275,"label":"MG"},{"value":276,"label":"Mini"},{"value":277,"label":"Mitsubishi"},{"value":278,"label":"Nissan"},{"value":201,"label":"Opel"},{"value":279,"label":"Pagani"},{"value":202,"label":"Peugeot"},{"value":280,"label":"Polestar"},{"value":281,"label":"Pontiac"},{"value":216,"label":"Porsche"},{"value":282,"label":"RAM"},{"value":203,"label":"Renault"},{"value":283,"label":"Rivian"},{"value":284,"label":"Rolls-Royce"},{"value":285,"label":"Rover"},{"value":286,"label":"Saab"},{"value":204,"label":"Seat"},{"value":217,"label":"Skoda"},{"value":218,"label":"Smart"},{"value":287,"label":"SsangYong"},{"value":288,"label":"Subaru"},{"value":289,"label":"Suzuki"},{"value":290,"label":"Tesla"},{"value":219,"label":"Toyota"},{"value":205,"label":"Volkswagen"},{"value":169,"label":"volvo"},{"value":291,"label":"Wiesmann"}],"product_brand":[{"value":1051,"label":"OZZ"}],"product_cat":[{"value":2966,"label":"Ledramp Rak"},{"value":2539,"label":"LEDRAMPER"}],"product_tag":[{"value":2788,"label":"black-week-exclude"}],"pa_fargtemperatur":[{"value":154,"label":"5000K"}],"pa_fuktskydd-varde-ipxx":[{"value":333,"label":"IP67"}],"pa_godkannande":[{"value":1095,"label":"R10, R149, R7"}],"pa_lampsockel-kontakt":[{"value":329,"label":"DT"}],"pa_led-chips-effekt-w":[{"value":1092,"label":"42"}],"pa_ljusbild":[{"value":178,"label":"Driving"}],"pa_storlek-mm":[{"value":1091,"label":"228x70x50"}],"pa_stromforbrukning":[{"value":1094,"label":"1,67A@24V"},{"value":1093,"label":"3,34A@12V"}],"pa_volt-v":[{"value":1084,"label":"Multivolt, 10, 12, 16, 18, 24, 28, 30, 32"}]},"featured_image_src_large":["https:\/\/xenonkungen.com\/wp-content\/uploads\/2025\/04\/207509467-origpic-dcec8f-1024x757.png",1024,757,true],"author_info":[],"comment_info":0,"_links":{"self":[{"href":"https:\/\/xenonkungen.com\/fi\/wp-json\/wp\/v2\/product\/3306","targetHints":{"allow":["GET"]}}],"collection":[{"href":"https:\/\/xenonkungen.com\/fi\/wp-json\/wp\/v2\/product"}],"about":[{"href":"https:\/\/xenonkungen.com\/fi\/wp-json\/wp\/v2\/types\/product"}],"replies":[{"embeddable":true,"href":"https:\/\/xenonkungen.com\/fi\/wp-json\/wp\/v2\/comments?post=3306"}],"wp:featuredmedia":[{"embeddable":true,"href":"https:\/\/xenonkungen.com\/fi\/wp-json\/wp\/v2\/media\/3307"}],"wp:attachment":[{"href":"https:\/\/xenonkungen.com\/fi\/wp-json\/wp\/v2\/media?parent=3306"}],"wp:term":[{"taxonomy":"anvandningsomrade","embeddable":true,"href":"https:\/\/xenonkungen.com\/fi\/wp-json\/wp\/v2\/anvandningsomrade?post=3306"},{"taxonomy":"bilmarken","embeddable":true,"href":"https:\/\/xenonkungen.com\/fi\/wp-json\/wp\/v2\/bilmarken?post=3306"},{"taxonomy":"product_brand","embeddable":true,"href":"https:\/\/xenonkungen.com\/fi\/wp-json\/wp\/v2\/product_brand?post=3306"},{"taxonomy":"product_cat","embeddable":true,"href":"https:\/\/xenonkungen.com\/fi\/wp-json\/wp\/v2\/product_cat?post=3306"},{"taxonomy":"product_tag","embeddable":true,"href":"https:\/\/xenonkungen.com\/fi\/wp-json\/wp\/v2\/product_tag?post=3306"}],"curies":[{"name":"wp","href":"https:\/\/api.w.org\/{rel}","templated":true}]}}