{"id":3341,"date":"2025-04-15T08:54:52","date_gmt":"2025-04-15T08:54:52","guid":{"rendered":"https:\/\/xenonkungen.com\/product\/ozz-wr1-backljus\/"},"modified":"2026-04-08T08:48:21","modified_gmt":"2026-04-08T07:48:21","slug":"ozz-wr1-peruutusvalo","status":"publish","type":"product","link":"https:\/\/xenonkungen.com\/fi\/tuote\/ozz-wr1-peruutusvalo\/","title":{"rendered":"OZZ WR1 peruutusvalo"},"content":{"rendered":"<h1>OZZ WR1 taustavalo<\/h1>\n<p>OZZ WR1, n\u00e4kyv\u00e4 peruutusvalo, jolla on ECE R23 -sertifiointi. T\u00e4m\u00e4 valo on suunniteltu parantamaan sinun ja ajoneuvosi turvallisuutta kaikissa olosuhteissa. OZZ WR1 on suunniteltu sopimaan yhteen muun OZZ-valaisinvalikoiman kanssa, ja sen moderni estetiikka t\u00e4ydent\u00e4\u00e4 ajoneuvoasi. Valon 2220 lumenin ja 1 luksia 95 metrin kantamalla se takaa erinomaisen n\u00e4kyvyyden taakse. Lis\u00e4ksi OZZ WR1 on varustettu s\u00e4\u00e4dett\u00e4vill\u00e4 kiinnikkeill\u00e4 helppoa asennusta varten, joten se on optimaalinen valinta kaikkiin ajoneuvotyyppeihin.<\/p>\n<ul>\n<li>2220 lumenia erinomaisen n\u00e4kyvyyden takaosaan<\/li>\n<li>1 luksi 95 metrin et\u00e4isyydell\u00e4<\/li>\n<li>ECE R10- ja R148 (R23) -sertifikaatit.<\/li>\n<\/ul>\n<p>T\u00e4m\u00e4n tuotteen sertifikaatit ovat ECE R10, R148 (R23). Valaisimella on my\u00f6s 3 vuoden toimintatakuu.<\/p>","protected":false},"excerpt":{"rendered":"<p>OZZ WR1 Backlampa OZZ WR1, en framst\u00e5ende backlampa med ECE R23-certifiering. Denna lampa \u00e4r utformad f\u00f6r att f\u00f6rb\u00e4ttra s\u00e4kerheten f\u00f6r dig och ditt fordon under alla f\u00f6rh\u00e5llanden. Designad f\u00f6r att harmoniera med OZZ \u00f6vriga belysningssortiment, har OZZ WR1 en modern estetik som kompletterar ditt fordon. Med 2220 lumen och 1 lux vid 95 meters r\u00e4ckvidd, [&hellip;]<\/p>","protected":false},"featured_media":3342,"comment_status":"closed","ping_status":"closed","template":"","meta":{"_acf_changed":false,"_smort_price_nok":"993","_smort_price_dkk":"577","_smort_price_eur":"77.27","_smort_sale_price_nok":"","_smort_sale_price_dkk":"","_smort_sale_price_eur":"","smort_restorder":"","shipmondo_restorder":"","_kad_blocks_custom_css":"","_kad_blocks_head_custom_js":"","_kad_blocks_body_custom_js":"","_kad_blocks_footer_custom_js":"","smort_custom_pricelist_1":"595.2","smort_custom_pricelist_2":"595.2","smort_custom_pricelist_3":"595.2","smort_custom_pricelist_4":"744","smort_custom_pricelist_5":"595.2"},"anvandningsomrade":[166,238],"bilmarken":[],"product_brand":[1051],"product_cat":[2479,2585,508,516],"product_tag":[2788],"class_list":{"0":"post-3341","1":"product","2":"type-product","3":"status-publish","4":"has-post-thumbnail","6":"anvandningsomrade-lastbil","7":"anvandningsomrade-slap","8":"product_brand-ozz","9":"product_cat-backljus-backljus","10":"product_cat-backljus","11":"product_cat-arbetsbelysning","12":"product_cat-backljus1","13":"product_tag-black-week-exclude","14":"pa_fargtemperatur-5000k","15":"pa_fuktskydd-varde-ipxx-ip68-ip69k","16":"pa_godkannande-ece-r10-r148-r23","17":"pa_lampsockel-kontakt-dt","18":"pa_led-chips-effekt-w-331","19":"pa_ljusbild-driving","20":"pa_storlek-mm-164x45x70","21":"pa_stromforbrukning-15a24v","22":"pa_stromforbrukning-3a12v","23":"pa_volt-v-multivolt-10-12-16-18-24-28-30-32","25":"first","26":"instock","27":"taxable","28":"shipping-taxable","29":"purchasable","30":"product-type-simple"},"bundled_by":[],"bundle_stock_status":"instock","bundle_stock_quantity":2,"bundle_virtual":false,"bundle_layout":"","bundle_add_to_cart_form_location":"","bundle_editable_in_cart":false,"bundle_sold_individually_context":"","bundle_item_grouping":"","bundle_min_size":"","bundle_max_size":"","bundle_price":[],"bundled_items":[],"bundle_sell_ids":[],"acf":[],"yoast_head":"<!-- This site is optimized with the Yoast SEO plugin v27.0 - https:\/\/yoast.com\/product\/yoast-seo-wordpress\/ -->\n<title>OZZ WR1 Backljus - Xenonkungen<\/title>\n<meta name=\"robots\" content=\"index, follow, max-snippet:-1, max-image-preview:large, max-video-preview:-1\" \/>\n<link rel=\"canonical\" href=\"https:\/\/xenonkungen.com\/fi\/tuote\/ozz-wr1-peruutusvalo\/\" \/>\n<meta property=\"og:locale\" content=\"fi_FI\" \/>\n<meta property=\"og:type\" content=\"article\" \/>\n<meta property=\"og:title\" content=\"OZZ WR1 Backljus - Xenonkungen\" \/>\n<meta property=\"og:description\" content=\"OZZ WR1 Backlampa OZZ WR1, en framst\u00e5ende backlampa med ECE R23-certifiering. Denna lampa \u00e4r utformad f\u00f6r att f\u00f6rb\u00e4ttra s\u00e4kerheten f\u00f6r dig och ditt fordon under alla f\u00f6rh\u00e5llanden. Designad f\u00f6r att harmoniera med OZZ \u00f6vriga belysningssortiment, har OZZ WR1 en modern estetik som kompletterar ditt fordon. Med 2220 lumen och 1 lux vid 95 meters r\u00e4ckvidd, [&hellip;]\" \/>\n<meta property=\"og:url\" content=\"https:\/\/xenonkungen.com\/fi\/tuote\/ozz-wr1-peruutusvalo\/\" \/>\n<meta property=\"og:site_name\" content=\"Xenonkungen\" \/>\n<meta property=\"article:modified_time\" content=\"2026-04-08T07:48:21+00:00\" \/>\n<meta property=\"og:image\" content=\"https:\/\/xenonkungen.com\/wp-content\/uploads\/2025\/04\/88502_itemimage_2.jpg\" \/>\n\t<meta property=\"og:image:width\" content=\"2048\" \/>\n\t<meta property=\"og:image:height\" content=\"1536\" \/>\n\t<meta property=\"og:image:type\" content=\"image\/jpeg\" \/>\n<meta name=\"twitter:card\" content=\"summary_large_image\" \/>\n<meta name=\"twitter:label1\" content=\"Arvioitu lukuaika\" \/>\n\t<meta name=\"twitter:data1\" content=\"1 minuutti\" \/>\n<script type=\"application\/ld+json\" class=\"yoast-schema-graph\">{\"@context\":\"https:\/\/schema.org\",\"@graph\":[{\"@type\":\"WebPage\",\"@id\":\"https:\/\/xenonkungen.com\/produkt\/ozz-wr1-backljus\/\",\"url\":\"https:\/\/xenonkungen.com\/produkt\/ozz-wr1-backljus\/\",\"name\":\"OZZ WR1 Backljus - Xenonkungen\",\"isPartOf\":{\"@id\":\"https:\/\/xenonkungen.com\/#website\"},\"primaryImageOfPage\":{\"@id\":\"https:\/\/xenonkungen.com\/produkt\/ozz-wr1-backljus\/#primaryimage\"},\"image\":{\"@id\":\"https:\/\/xenonkungen.com\/produkt\/ozz-wr1-backljus\/#primaryimage\"},\"thumbnailUrl\":\"https:\/\/xenonkungen.com\/wp-content\/uploads\/2025\/04\/88502_itemimage_2.jpg\",\"datePublished\":\"2025-04-15T08:54:52+00:00\",\"dateModified\":\"2026-04-08T07:48:21+00:00\",\"breadcrumb\":{\"@id\":\"https:\/\/xenonkungen.com\/produkt\/ozz-wr1-backljus\/#breadcrumb\"},\"inLanguage\":\"fi\",\"potentialAction\":[{\"@type\":\"ReadAction\",\"target\":[\"https:\/\/xenonkungen.com\/produkt\/ozz-wr1-backljus\/\"]}]},{\"@type\":\"ImageObject\",\"inLanguage\":\"fi\",\"@id\":\"https:\/\/xenonkungen.com\/produkt\/ozz-wr1-backljus\/#primaryimage\",\"url\":\"https:\/\/xenonkungen.com\/wp-content\/uploads\/2025\/04\/88502_itemimage_2.jpg\",\"contentUrl\":\"https:\/\/xenonkungen.com\/wp-content\/uploads\/2025\/04\/88502_itemimage_2.jpg\",\"width\":2048,\"height\":1536},{\"@type\":\"BreadcrumbList\",\"@id\":\"https:\/\/xenonkungen.com\/produkt\/ozz-wr1-backljus\/#breadcrumb\",\"itemListElement\":[{\"@type\":\"ListItem\",\"position\":1,\"name\":\"Hem\",\"item\":\"https:\/\/xenonkungen.com\/\"},{\"@type\":\"ListItem\",\"position\":2,\"name\":\"Shop\",\"item\":\"https:\/\/xenonkungen.com\/shop\/\"},{\"@type\":\"ListItem\",\"position\":3,\"name\":\"OZZ WR1 Backljus\"}]},{\"@type\":\"WebSite\",\"@id\":\"https:\/\/xenonkungen.com\/#website\",\"url\":\"https:\/\/xenonkungen.com\/\",\"name\":\"Xenonkungen\",\"description\":\"\",\"potentialAction\":[{\"@type\":\"SearchAction\",\"target\":{\"@type\":\"EntryPoint\",\"urlTemplate\":\"https:\/\/xenonkungen.com\/?s={search_term_string}\"},\"query-input\":{\"@type\":\"PropertyValueSpecification\",\"valueRequired\":true,\"valueName\":\"search_term_string\"}}],\"inLanguage\":\"fi\"}]}<\/script>\n<!-- \/ Yoast SEO plugin. -->","yoast_head_json":{"title":"OZZ WR1 peruutusvalo - Xenon-kuningas","robots":{"index":"index","follow":"follow","max-snippet":"max-snippet:-1","max-image-preview":"max-image-preview:large","max-video-preview":"max-video-preview:-1"},"canonical":"https:\/\/xenonkungen.com\/fi\/tuote\/ozz-wr1-peruutusvalo\/","og_locale":"fi_FI","og_type":"article","og_title":"OZZ WR1 Backljus - Xenonkungen","og_description":"OZZ WR1 Backlampa OZZ WR1, en framst\u00e5ende backlampa med ECE R23-certifiering. Denna lampa \u00e4r utformad f\u00f6r att f\u00f6rb\u00e4ttra s\u00e4kerheten f\u00f6r dig och ditt fordon under alla f\u00f6rh\u00e5llanden. Designad f\u00f6r att harmoniera med OZZ \u00f6vriga belysningssortiment, har OZZ WR1 en modern estetik som kompletterar ditt fordon. Med 2220 lumen och 1 lux vid 95 meters r\u00e4ckvidd, [&hellip;]","og_url":"https:\/\/xenonkungen.com\/fi\/tuote\/ozz-wr1-peruutusvalo\/","og_site_name":"Xenonkungen","article_modified_time":"2026-04-08T07:48:21+00:00","og_image":[{"width":2048,"height":1536,"url":"https:\/\/xenonkungen.com\/wp-content\/uploads\/2025\/04\/88502_itemimage_2.jpg","type":"image\/jpeg"}],"twitter_card":"summary_large_image","twitter_misc":{"Arvioitu lukuaika":"1 minuutti"},"schema":{"@context":"https:\/\/schema.org","@graph":[{"@type":"WebPage","@id":"https:\/\/xenonkungen.com\/produkt\/ozz-wr1-backljus\/","url":"https:\/\/xenonkungen.com\/produkt\/ozz-wr1-backljus\/","name":"OZZ WR1 peruutusvalo - Xenon-kuningas","isPartOf":{"@id":"https:\/\/xenonkungen.com\/#website"},"primaryImageOfPage":{"@id":"https:\/\/xenonkungen.com\/produkt\/ozz-wr1-backljus\/#primaryimage"},"image":{"@id":"https:\/\/xenonkungen.com\/produkt\/ozz-wr1-backljus\/#primaryimage"},"thumbnailUrl":"https:\/\/xenonkungen.com\/wp-content\/uploads\/2025\/04\/88502_itemimage_2.jpg","datePublished":"2025-04-15T08:54:52+00:00","dateModified":"2026-04-08T07:48:21+00:00","breadcrumb":{"@id":"https:\/\/xenonkungen.com\/produkt\/ozz-wr1-backljus\/#breadcrumb"},"inLanguage":"fi","potentialAction":[{"@type":"ReadAction","target":["https:\/\/xenonkungen.com\/produkt\/ozz-wr1-backljus\/"]}]},{"@type":"ImageObject","inLanguage":"fi","@id":"https:\/\/xenonkungen.com\/produkt\/ozz-wr1-backljus\/#primaryimage","url":"https:\/\/xenonkungen.com\/wp-content\/uploads\/2025\/04\/88502_itemimage_2.jpg","contentUrl":"https:\/\/xenonkungen.com\/wp-content\/uploads\/2025\/04\/88502_itemimage_2.jpg","width":2048,"height":1536},{"@type":"BreadcrumbList","@id":"https:\/\/xenonkungen.com\/produkt\/ozz-wr1-backljus\/#breadcrumb","itemListElement":[{"@type":"ListItem","position":1,"name":"Hem","item":"https:\/\/xenonkungen.com\/"},{"@type":"ListItem","position":2,"name":"Shop","item":"https:\/\/xenonkungen.com\/shop\/"},{"@type":"ListItem","position":3,"name":"OZZ WR1 Backljus"}]},{"@type":"WebSite","@id":"https:\/\/xenonkungen.com\/#website","url":"https:\/\/xenonkungen.com\/","name":"Xenonkungen","description":"","potentialAction":[{"@type":"SearchAction","target":{"@type":"EntryPoint","urlTemplate":"https:\/\/xenonkungen.com\/?s={search_term_string}"},"query-input":{"@type":"PropertyValueSpecification","valueRequired":true,"valueName":"search_term_string"}}],"inLanguage":"fi"}]}},"taxonomy_info":{"anvandningsomrade":[{"value":166,"label":"Lastbil"},{"value":238,"label":"SL\u00c4P"}],"product_brand":[{"value":1051,"label":"OZZ"}],"product_cat":[{"value":2479,"label":"Backljus"},{"value":2585,"label":"Backljus"},{"value":508,"label":"Arbetsbelysning"},{"value":516,"label":"Backljus"}],"product_tag":[{"value":2788,"label":"black-week-exclude"}],"pa_fargtemperatur":[{"value":154,"label":"5000K"}],"pa_fuktskydd-varde-ipxx":[{"value":402,"label":"IP68. IP69K"}],"pa_godkannande":[{"value":1112,"label":"ECE, R10, R148, R23"}],"pa_lampsockel-kontakt":[{"value":329,"label":"DT"}],"pa_led-chips-effekt-w":[{"value":331,"label":"36"}],"pa_ljusbild":[{"value":178,"label":"Driving"}],"pa_storlek-mm":[{"value":1107,"label":"164x45x70"}],"pa_stromforbrukning":[{"value":1109,"label":"1,5A@24V"},{"value":1108,"label":"3A@12V"}],"pa_volt-v":[{"value":1084,"label":"Multivolt, 10, 12, 16, 18, 24, 28, 30, 32"}]},"featured_image_src_large":["https:\/\/xenonkungen.com\/wp-content\/uploads\/2025\/04\/88502_itemimage_2-1024x768.jpg",1024,768,true],"author_info":[],"comment_info":0,"_links":{"self":[{"href":"https:\/\/xenonkungen.com\/fi\/wp-json\/wp\/v2\/product\/3341","targetHints":{"allow":["GET"]}}],"collection":[{"href":"https:\/\/xenonkungen.com\/fi\/wp-json\/wp\/v2\/product"}],"about":[{"href":"https:\/\/xenonkungen.com\/fi\/wp-json\/wp\/v2\/types\/product"}],"replies":[{"embeddable":true,"href":"https:\/\/xenonkungen.com\/fi\/wp-json\/wp\/v2\/comments?post=3341"}],"wp:featuredmedia":[{"embeddable":true,"href":"https:\/\/xenonkungen.com\/fi\/wp-json\/wp\/v2\/media\/3342"}],"wp:attachment":[{"href":"https:\/\/xenonkungen.com\/fi\/wp-json\/wp\/v2\/media?parent=3341"}],"wp:term":[{"taxonomy":"anvandningsomrade","embeddable":true,"href":"https:\/\/xenonkungen.com\/fi\/wp-json\/wp\/v2\/anvandningsomrade?post=3341"},{"taxonomy":"bilmarken","embeddable":true,"href":"https:\/\/xenonkungen.com\/fi\/wp-json\/wp\/v2\/bilmarken?post=3341"},{"taxonomy":"product_brand","embeddable":true,"href":"https:\/\/xenonkungen.com\/fi\/wp-json\/wp\/v2\/product_brand?post=3341"},{"taxonomy":"product_cat","embeddable":true,"href":"https:\/\/xenonkungen.com\/fi\/wp-json\/wp\/v2\/product_cat?post=3341"},{"taxonomy":"product_tag","embeddable":true,"href":"https:\/\/xenonkungen.com\/fi\/wp-json\/wp\/v2\/product_tag?post=3341"}],"curies":[{"name":"wp","href":"https:\/\/api.w.org\/{rel}","templated":true}]}}