{"id":3385,"date":"2025-04-15T08:55:47","date_gmt":"2025-04-15T08:55:47","guid":{"rendered":"https:\/\/xenonkungen.com\/product\/lazer-triple-r-750-elite-86-230mm\/"},"modified":"2026-04-24T16:50:01","modified_gmt":"2026-04-24T15:50:01","slug":"lazer-triple-r-750-elite-86-230-mm","status":"publish","type":"product","link":"https:\/\/xenonkungen.com\/fi\/tuote\/lazer-triple-r-750-elite-86-230-mm\/","title":{"rendered":"Lazer Triple-R 750 Elite 8.6\u2033 (230mm)"},"content":{"rendered":"<h1>Tutustu Triple-R-mallistoon - Ultimaattinen valaistus ammattilaisille ja seikkailunhaluisille kuljettajille.<\/h1>\n<p>Lazersin Triple-R-mallisto kehitettiin alun perin vastaamaan ralli- ja moottoriurheilun tinkim\u00e4tt\u00f6mi\u00e4 vaatimuksia, joissa valaistuksen laatu ja suorituskyky voivat olla menestyksen ja ep\u00e4onnistumisen v\u00e4linen ero. Nyt n\u00e4it\u00e4 laadukkaita valoja on saatavilla my\u00f6s kaikille - henkil\u00f6autoista kevyisiin ja raskaisiin kuorma-autoihin, sek\u00e4 maasto- ett\u00e4 maastoseikkailuihin!<\/p>\n<h2>Elite-sarja: Kehittynyt teknologia optimaaliseen suorituskykyyn<\/h2>\n<p>Triple-R Elite -sarja vie et\u00e4isyysvalaistuksen aivan uudelle tasolle. Uusimman LED-teknologian ja kehittyneen optiikan ansiosta saat uskomattoman kirkkauden ja poikkeuksellisen valovoiman, joka muuttaa pimeyden p\u00e4iv\u00e4nvaloksi ja tekee y\u00f6ajosta turvallisen ja varman kokemuksen. Elite-sarjan laajan valokent\u00e4n ansiosta tien koko leveys ja pituus on t\u00e4ydellisesti valaistu, mik\u00e4 antaa sinulle t\u00e4yden hallinnan ja paremman reagointikyvyn.<\/p>\n<h2>\u00c4lyk\u00e4s E-Boost-toiminto maksimaalista tehoa varten<\/h2>\n<p>Malliston lyhyemm\u00e4t mallit - Triple-R Elite 750, 850 ja 1000 - on varustettu Lazerin innovatiivisella E-boost-tekniikalla. Aktivoimalla E-boostin saat todella voimakkaan valon, kun tarvitset sit\u00e4 eniten, ja voit helposti vaihtaa takaisin E-hyv\u00e4ksyttyyn, tieliikennelains\u00e4\u00e4d\u00e4nn\u00f6n mukaiseen tilaan, kun ajat yleisill\u00e4 teill\u00e4. Napin painalluksella saat k\u00e4ytt\u00f6\u00f6si kirkkauden, joka pit\u00e4\u00e4 sinut turvassa kaikissa tilanteissa.<\/p>\n<h2>Rakennettu kest\u00e4m\u00e4\u00e4n - 5 vuoden toimintatakuu<\/h2>\n<p>Triple-R-sarjaa ei ole rakennettu vain tarjoamaan tehokasta valaistusta, vaan my\u00f6s kest\u00e4m\u00e4\u00e4n. Vankan rakenteen ja vaikuttavan viiden vuoden toimintatakuun ansiosta voit luottaa siihen, ett\u00e4 valot kest\u00e4v\u00e4t kovimmatkin olosuhteet riippumatta siit\u00e4, asennatko ne katolle vai etuosaan.<\/p>\n<h2>Saatavana kuusi kokoa t\u00e4ydellist\u00e4 istuvuutta varten<\/h2>\n<p>Triple-R Elite -mallisto on joustava kaikille ajoneuvotyypeille, sill\u00e4 sen pituudet vaihtelevat 230 mm:st\u00e4 1305 mm:iin ja sen muotoilu on ohut, vain 73 mm korkea ja 105 mm syv\u00e4. N\u00e4m\u00e4 valaisimet soveltuvat erityisen hyvin kattoasennukseen, sill\u00e4 niiden matala pystysuora valonjako est\u00e4\u00e4 h\u00e4ik\u00e4isev\u00e4t heijastukset konepellilt\u00e4 ja takaa mukavan ja turvallisen ajon kaikissa liikennemuodoissa.<\/p>\n<h2>Triple-R - tekee jokaisesta matkasta turvallisemman, varmemman ja valoisamman.<\/h2>\n<p>Olitpa sitten menossa pimeille mets\u00e4poluille, haastavaan maastoon tai pitkin maanteit\u00e4, Lazerin Triple-R Elite -mallisto tarjoaa tinkim\u00e4tt\u00f6m\u00e4n ratkaisun poikkeukselliseen n\u00e4kyvyyteen ja tyyliin. Valitse Triple-R ja koe todellisen ammattilaisvalaistuksen ero!<\/p>","protected":false},"excerpt":{"rendered":"<p>Uppt\u00e4ck Triple-R-serien \u2013 Ultimat Belysning f\u00f6r Professionella och \u00c4ventyrslystna F\u00f6rare Triple-R-serien fr\u00e5n Lazers \u00e4r ursprungligen utvecklad f\u00f6r att m\u00f6ta de kompromissl\u00f6sa kraven inom rally och motorsport, d\u00e4r belysningens kvalitet och prestanda kan vara skillnaden mellan framg\u00e5ng och misslyckande. Nu \u00e4r dessa h\u00f6gkvalitativa ljus \u00e4ven tillg\u00e4ngliga f\u00f6r alla \u2013 fr\u00e5n personbilar till l\u00e4tta och tunga lastbilar, [&hellip;]<\/p>","protected":false},"featured_media":3386,"comment_status":"closed","ping_status":"open","template":"","meta":{"_acf_changed":false,"_smort_price_nok":"5207","_smort_price_dkk":"3308","_smort_price_eur":"443.16","_smort_sale_price_nok":"","_smort_sale_price_dkk":"","_smort_sale_price_eur":"","smort_restorder":"","shipmondo_restorder":"","_kad_blocks_custom_css":"","_kad_blocks_head_custom_js":"","_kad_blocks_body_custom_js":"","_kad_blocks_footer_custom_js":"","smort_custom_pricelist_1":"3280","smort_custom_pricelist_2":"3280","smort_custom_pricelist_3":"3280","smort_custom_pricelist_4":"4100","smort_custom_pricelist_5":"3280"},"anvandningsomrade":[],"bilmarken":[],"product_brand":[1124],"product_cat":[2561,2966,2539],"product_tag":[2788],"class_list":{"0":"post-3385","1":"product","2":"type-product","3":"status-publish","4":"has-post-thumbnail","6":"product_brand-lazer","7":"product_cat-lazer","8":"product_cat-ledramp-rak","9":"product_cat-ledramper","10":"product_tag-black-week-exclude","11":"pa_fargtemperatur-5000k","12":"pa_fuktskydd-varde-ipxx-ip67","13":"pa_lampsockel-kontakt-superseal","14":"pa_led-chips-effekt-w-355","15":"pa_storlek-mm-230x73x105","16":"pa_volt-v-multivolt-10-12-16-18-24-28-30-32","18":"first","19":"instock","20":"taxable","21":"shipping-taxable","22":"purchasable","23":"product-type-simple"},"bundled_by":[],"bundle_stock_status":"instock","bundle_stock_quantity":2,"bundle_virtual":false,"bundle_layout":"","bundle_add_to_cart_form_location":"","bundle_editable_in_cart":false,"bundle_sold_individually_context":"","bundle_item_grouping":"","bundle_min_size":"","bundle_max_size":"","bundle_price":[],"bundled_items":[],"bundle_sell_ids":[],"acf":[],"yoast_head":"<!-- This site is optimized with the Yoast SEO plugin v27.0 - https:\/\/yoast.com\/product\/yoast-seo-wordpress\/ -->\n<title>Lazer Triple-R 750 Elite 8,6&quot; (230mm) - Xenonkungen<\/title>\n<meta name=\"robots\" content=\"index, follow, max-snippet:-1, max-image-preview:large, max-video-preview:-1\" \/>\n<link rel=\"canonical\" href=\"https:\/\/xenonkungen.com\/fi\/tuote\/lazer-triple-r-750-elite-86-230-mm\/\" \/>\n<meta property=\"og:locale\" content=\"fi_FI\" \/>\n<meta property=\"og:type\" content=\"article\" \/>\n<meta property=\"og:title\" content=\"Lazer Triple-R 750 Elite 8,6&quot; (230mm) - Xenonkungen\" \/>\n<meta property=\"og:description\" content=\"Uppt\u00e4ck Triple-R-serien \u2013 Ultimat Belysning f\u00f6r Professionella och \u00c4ventyrslystna F\u00f6rare Triple-R-serien fr\u00e5n Lazers \u00e4r ursprungligen utvecklad f\u00f6r att m\u00f6ta de kompromissl\u00f6sa kraven inom rally och motorsport, d\u00e4r belysningens kvalitet och prestanda kan vara skillnaden mellan framg\u00e5ng och misslyckande. Nu \u00e4r dessa h\u00f6gkvalitativa ljus \u00e4ven tillg\u00e4ngliga f\u00f6r alla \u2013 fr\u00e5n personbilar till l\u00e4tta och tunga lastbilar, [&hellip;]\" \/>\n<meta property=\"og:url\" content=\"https:\/\/xenonkungen.com\/fi\/tuote\/lazer-triple-r-750-elite-86-230-mm\/\" \/>\n<meta property=\"og:site_name\" content=\"Xenonkungen\" \/>\n<meta property=\"article:modified_time\" content=\"2026-04-24T15:50:01+00:00\" \/>\n<meta property=\"og:image\" content=\"https:\/\/xenonkungen.com\/wp-content\/uploads\/2025\/04\/159231_itemimage_mainfront.webp\" \/>\n\t<meta property=\"og:image:width\" content=\"256\" \/>\n\t<meta property=\"og:image:height\" content=\"192\" \/>\n\t<meta property=\"og:image:type\" content=\"image\/webp\" \/>\n<meta name=\"twitter:card\" content=\"summary_large_image\" \/>\n<meta name=\"twitter:label1\" content=\"Arvioitu lukuaika\" \/>\n\t<meta name=\"twitter:data1\" content=\"2 minuuttia\" \/>\n<script type=\"application\/ld+json\" class=\"yoast-schema-graph\">{\"@context\":\"https:\/\/schema.org\",\"@graph\":[{\"@type\":\"WebPage\",\"@id\":\"https:\/\/xenonkungen.com\/en\/product\/lazer-triple-r-750-elite-86-230mm\/\",\"url\":\"https:\/\/xenonkungen.com\/en\/product\/lazer-triple-r-750-elite-86-230mm\/\",\"name\":\"Lazer Triple-R 750 Elite 8,6\\\" (230mm) - Xenonkungen\",\"isPartOf\":{\"@id\":\"https:\/\/xenonkungen.com\/#website\"},\"primaryImageOfPage\":{\"@id\":\"https:\/\/xenonkungen.com\/en\/product\/lazer-triple-r-750-elite-86-230mm\/#primaryimage\"},\"image\":{\"@id\":\"https:\/\/xenonkungen.com\/en\/product\/lazer-triple-r-750-elite-86-230mm\/#primaryimage\"},\"thumbnailUrl\":\"https:\/\/xenonkungen.com\/wp-content\/uploads\/2025\/04\/159231_itemimage_mainfront.webp\",\"datePublished\":\"2025-04-15T08:55:47+00:00\",\"dateModified\":\"2026-04-24T15:50:01+00:00\",\"breadcrumb\":{\"@id\":\"https:\/\/xenonkungen.com\/en\/product\/lazer-triple-r-750-elite-86-230mm\/#breadcrumb\"},\"inLanguage\":\"fi\",\"potentialAction\":[{\"@type\":\"ReadAction\",\"target\":[\"https:\/\/xenonkungen.com\/en\/product\/lazer-triple-r-750-elite-86-230mm\/\"]}]},{\"@type\":\"ImageObject\",\"inLanguage\":\"fi\",\"@id\":\"https:\/\/xenonkungen.com\/en\/product\/lazer-triple-r-750-elite-86-230mm\/#primaryimage\",\"url\":\"https:\/\/xenonkungen.com\/wp-content\/uploads\/2025\/04\/159231_itemimage_mainfront.webp\",\"contentUrl\":\"https:\/\/xenonkungen.com\/wp-content\/uploads\/2025\/04\/159231_itemimage_mainfront.webp\",\"width\":256,\"height\":192},{\"@type\":\"BreadcrumbList\",\"@id\":\"https:\/\/xenonkungen.com\/en\/product\/lazer-triple-r-750-elite-86-230mm\/#breadcrumb\",\"itemListElement\":[{\"@type\":\"ListItem\",\"position\":1,\"name\":\"Hem\",\"item\":\"https:\/\/xenonkungen.com\/\"},{\"@type\":\"ListItem\",\"position\":2,\"name\":\"Shop\",\"item\":\"https:\/\/xenonkungen.com\/shop\/\"},{\"@type\":\"ListItem\",\"position\":3,\"name\":\"Lazer Triple-R 750 Elite 8,6&#8243; (230mm)\"}]},{\"@type\":\"WebSite\",\"@id\":\"https:\/\/xenonkungen.com\/#website\",\"url\":\"https:\/\/xenonkungen.com\/\",\"name\":\"Xenonkungen\",\"description\":\"\",\"potentialAction\":[{\"@type\":\"SearchAction\",\"target\":{\"@type\":\"EntryPoint\",\"urlTemplate\":\"https:\/\/xenonkungen.com\/?s={search_term_string}\"},\"query-input\":{\"@type\":\"PropertyValueSpecification\",\"valueRequired\":true,\"valueName\":\"search_term_string\"}}],\"inLanguage\":\"fi\"}]}<\/script>\n<!-- \/ Yoast SEO plugin. -->","yoast_head_json":{"title":"Lazer Triple-R 750 Elite 8.6&quot; (230 mm) - Xenon-kuningas","robots":{"index":"index","follow":"follow","max-snippet":"max-snippet:-1","max-image-preview":"max-image-preview:large","max-video-preview":"max-video-preview:-1"},"canonical":"https:\/\/xenonkungen.com\/fi\/tuote\/lazer-triple-r-750-elite-86-230-mm\/","og_locale":"fi_FI","og_type":"article","og_title":"Lazer Triple-R 750 Elite 8,6\" (230mm) - Xenonkungen","og_description":"Uppt\u00e4ck Triple-R-serien \u2013 Ultimat Belysning f\u00f6r Professionella och \u00c4ventyrslystna F\u00f6rare Triple-R-serien fr\u00e5n Lazers \u00e4r ursprungligen utvecklad f\u00f6r att m\u00f6ta de kompromissl\u00f6sa kraven inom rally och motorsport, d\u00e4r belysningens kvalitet och prestanda kan vara skillnaden mellan framg\u00e5ng och misslyckande. Nu \u00e4r dessa h\u00f6gkvalitativa ljus \u00e4ven tillg\u00e4ngliga f\u00f6r alla \u2013 fr\u00e5n personbilar till l\u00e4tta och tunga lastbilar, [&hellip;]","og_url":"https:\/\/xenonkungen.com\/fi\/tuote\/lazer-triple-r-750-elite-86-230-mm\/","og_site_name":"Xenonkungen","article_modified_time":"2026-04-24T15:50:01+00:00","og_image":[{"width":256,"height":192,"url":"https:\/\/xenonkungen.com\/wp-content\/uploads\/2025\/04\/159231_itemimage_mainfront.webp","type":"image\/webp"}],"twitter_card":"summary_large_image","twitter_misc":{"Arvioitu lukuaika":"2 minuuttia"},"schema":{"@context":"https:\/\/schema.org","@graph":[{"@type":"WebPage","@id":"https:\/\/xenonkungen.com\/en\/product\/lazer-triple-r-750-elite-86-230mm\/","url":"https:\/\/xenonkungen.com\/en\/product\/lazer-triple-r-750-elite-86-230mm\/","name":"Lazer Triple-R 750 Elite 8.6&quot; (230 mm) - Xenon-kuningas","isPartOf":{"@id":"https:\/\/xenonkungen.com\/#website"},"primaryImageOfPage":{"@id":"https:\/\/xenonkungen.com\/en\/product\/lazer-triple-r-750-elite-86-230mm\/#primaryimage"},"image":{"@id":"https:\/\/xenonkungen.com\/en\/product\/lazer-triple-r-750-elite-86-230mm\/#primaryimage"},"thumbnailUrl":"https:\/\/xenonkungen.com\/wp-content\/uploads\/2025\/04\/159231_itemimage_mainfront.webp","datePublished":"2025-04-15T08:55:47+00:00","dateModified":"2026-04-24T15:50:01+00:00","breadcrumb":{"@id":"https:\/\/xenonkungen.com\/en\/product\/lazer-triple-r-750-elite-86-230mm\/#breadcrumb"},"inLanguage":"fi","potentialAction":[{"@type":"ReadAction","target":["https:\/\/xenonkungen.com\/en\/product\/lazer-triple-r-750-elite-86-230mm\/"]}]},{"@type":"ImageObject","inLanguage":"fi","@id":"https:\/\/xenonkungen.com\/en\/product\/lazer-triple-r-750-elite-86-230mm\/#primaryimage","url":"https:\/\/xenonkungen.com\/wp-content\/uploads\/2025\/04\/159231_itemimage_mainfront.webp","contentUrl":"https:\/\/xenonkungen.com\/wp-content\/uploads\/2025\/04\/159231_itemimage_mainfront.webp","width":256,"height":192},{"@type":"BreadcrumbList","@id":"https:\/\/xenonkungen.com\/en\/product\/lazer-triple-r-750-elite-86-230mm\/#breadcrumb","itemListElement":[{"@type":"ListItem","position":1,"name":"Hem","item":"https:\/\/xenonkungen.com\/"},{"@type":"ListItem","position":2,"name":"Shop","item":"https:\/\/xenonkungen.com\/shop\/"},{"@type":"ListItem","position":3,"name":"Lazer Triple-R 750 Elite 8,6&#8243; (230mm)"}]},{"@type":"WebSite","@id":"https:\/\/xenonkungen.com\/#website","url":"https:\/\/xenonkungen.com\/","name":"Xenonkungen","description":"","potentialAction":[{"@type":"SearchAction","target":{"@type":"EntryPoint","urlTemplate":"https:\/\/xenonkungen.com\/?s={search_term_string}"},"query-input":{"@type":"PropertyValueSpecification","valueRequired":true,"valueName":"search_term_string"}}],"inLanguage":"fi"}]}},"taxonomy_info":{"product_brand":[{"value":1124,"label":"Lazer"}],"product_cat":[{"value":2561,"label":"Lazer"},{"value":2966,"label":"Ledramp Rak"},{"value":2539,"label":"LEDRAMPER"}],"product_tag":[{"value":2788,"label":"black-week-exclude"}],"pa_fargtemperatur":[{"value":154,"label":"5000K"}],"pa_fuktskydd-varde-ipxx":[{"value":333,"label":"IP67"}],"pa_lampsockel-kontakt":[{"value":1122,"label":"Superseal"}],"pa_led-chips-effekt-w":[{"value":355,"label":"50"}],"pa_storlek-mm":[{"value":1125,"label":"230x73x105"}],"pa_volt-v":[{"value":1084,"label":"Multivolt, 10, 12, 16, 18, 24, 28, 30, 32"}]},"featured_image_src_large":["https:\/\/xenonkungen.com\/wp-content\/uploads\/2025\/04\/159231_itemimage_mainfront.webp",256,192,false],"author_info":[],"comment_info":0,"_links":{"self":[{"href":"https:\/\/xenonkungen.com\/fi\/wp-json\/wp\/v2\/product\/3385","targetHints":{"allow":["GET"]}}],"collection":[{"href":"https:\/\/xenonkungen.com\/fi\/wp-json\/wp\/v2\/product"}],"about":[{"href":"https:\/\/xenonkungen.com\/fi\/wp-json\/wp\/v2\/types\/product"}],"replies":[{"embeddable":true,"href":"https:\/\/xenonkungen.com\/fi\/wp-json\/wp\/v2\/comments?post=3385"}],"wp:featuredmedia":[{"embeddable":true,"href":"https:\/\/xenonkungen.com\/fi\/wp-json\/wp\/v2\/media\/3386"}],"wp:attachment":[{"href":"https:\/\/xenonkungen.com\/fi\/wp-json\/wp\/v2\/media?parent=3385"}],"wp:term":[{"taxonomy":"anvandningsomrade","embeddable":true,"href":"https:\/\/xenonkungen.com\/fi\/wp-json\/wp\/v2\/anvandningsomrade?post=3385"},{"taxonomy":"bilmarken","embeddable":true,"href":"https:\/\/xenonkungen.com\/fi\/wp-json\/wp\/v2\/bilmarken?post=3385"},{"taxonomy":"product_brand","embeddable":true,"href":"https:\/\/xenonkungen.com\/fi\/wp-json\/wp\/v2\/product_brand?post=3385"},{"taxonomy":"product_cat","embeddable":true,"href":"https:\/\/xenonkungen.com\/fi\/wp-json\/wp\/v2\/product_cat?post=3385"},{"taxonomy":"product_tag","embeddable":true,"href":"https:\/\/xenonkungen.com\/fi\/wp-json\/wp\/v2\/product_tag?post=3385"}],"curies":[{"name":"wp","href":"https:\/\/api.w.org\/{rel}","templated":true}]}}