{"id":3405,"date":"2025-04-15T08:56:00","date_gmt":"2025-04-15T08:56:00","guid":{"rendered":"https:\/\/xenonkungen.com\/product\/lazer-linear-18-elite\/"},"modified":"2026-04-24T16:50:10","modified_gmt":"2026-04-24T15:50:10","slug":"lazer-linear-18-elite","status":"publish","type":"product","link":"https:\/\/xenonkungen.com\/fi\/tuote\/lazer-linear-18-elite\/","title":{"rendered":"Lazer Linear 18 Elite+"},"content":{"rendered":"<h1>Tuotekuvaus tuotteelle Lazer Linear Elite+ LED-valoramppi<\/h1>\n<p>Lazer Linear Elite+ on enemm\u00e4n kuin pelkk\u00e4 LED-valopalkki; se on ajoneuvojen valaistuksen vallankumous, joka on nyt saatavilla Xenonkungen.se-sivustolta. T\u00e4m\u00e4 valopalkki on suunniteltu erityisesti antamaan kuljettajille \u00e4\u00e4rimm\u00e4inen yhdistelm\u00e4 tehoa ja joustavuutta, ja sen ainutlaatuiset ominaisuudet tekev\u00e4t siit\u00e4 vertaansa vailla olevan investoinnin ajoneuvoosi.<\/p>\n<h2>Laajennettu kuvaus:<\/h2>\n<ul>\n<li><strong>Kaksi v\u00e4rivaihtoehtoa:<\/strong> Elite+-sarjassa on sek\u00e4 valkoiset ett\u00e4 keltaiset LEDit. Valkoinen valo sopii erinomaisesti selke\u00e4\u00e4n n\u00e4kyvyyteen y\u00f6ajossa, kun taas keltainen valo on optimoitu vaikeisiin s\u00e4\u00e4olosuhteisiin, kuten sumuun, lumeen ja p\u00f6lyyn. T\u00e4m\u00e4 ainutlaatuinen yhdistelm\u00e4 takaa, ett\u00e4 sinulla on aina paras mahdollinen valaistus olosuhteista riippumatta.<\/li>\n<li><strong>Sopeutumiskyky:<\/strong> Voit vaihtaa valkoisten ja keltaisten LED-valojen v\u00e4lill\u00e4 tai k\u00e4ytt\u00e4\u00e4 niit\u00e4 yhdess\u00e4, joten voit mukauttaa valaistuksen tarpeidesi mukaan. T\u00e4m\u00e4 tekee Lazer Linear Elite+ -valaisimesta monipuolisen kumppanin kaikenlaiseen ajamiseen ja kaikkiin s\u00e4\u00e4olosuhteisiin.<\/li>\n<li><strong>Lis\u00e4\u00e4ntynyt turvallisuus:<\/strong> Keltainen valaistus on erinomainen lis\u00e4\u00e4m\u00e4\u00e4n kontrastia sumussa, lumessa ja p\u00f6lyss\u00e4, mik\u00e4 v\u00e4hent\u00e4\u00e4 silmien v\u00e4symist\u00e4 ja parantaa kyky\u00e4si n\u00e4hd\u00e4 tie selv\u00e4sti. T\u00e4m\u00e4 lis\u00e4\u00e4 merkitt\u00e4v\u00e4sti turvallisuutta erityisesti pitkill\u00e4 matkoilla tai haastavassa s\u00e4\u00e4ss\u00e4.<\/li>\n<\/ul>\n<p>Lazer Linear Elite+ -valopalkin avulla saat edistyksellisen valopalkin, joka ei ainoastaan paranna ajoneuvosi ulkon\u00e4k\u00f6\u00e4, vaan tarjoaa my\u00f6s seuraavat ominaisuudet.<\/p>","protected":false},"excerpt":{"rendered":"<p>Varmista optimaalinen valaistus kaikissa olosuhteissa Lazer Linear Elite+ LED-valopalkilla, joka on nyt saatavilla Xenonkungen.se-sivustolla. T\u00e4m\u00e4 innovatiivinen valopalkki tarjoaa ainutlaatuisen yhdistelm\u00e4n tehokkaita valkoisia ja keltaisia LED-valoja, jotka on suunniteltu parantamaan n\u00e4kyvyytt\u00e4 ja turvallisuutta kaikissa s\u00e4\u00e4olosuhteissa.<\/p>","protected":false},"featured_media":3406,"comment_status":"closed","ping_status":"open","template":"","meta":{"_acf_changed":false,"_smort_price_nok":"11082","_smort_price_dkk":"7040","_smort_price_eur":"943.14","_smort_sale_price_nok":"","_smort_sale_price_dkk":"","_smort_sale_price_eur":"","smort_restorder":"","shipmondo_restorder":"","_kad_blocks_custom_css":"","_kad_blocks_head_custom_js":"","_kad_blocks_body_custom_js":"","_kad_blocks_footer_custom_js":"","smort_custom_pricelist_1":"6640","smort_custom_pricelist_2":"6640","smort_custom_pricelist_3":"6640","smort_custom_pricelist_4":"8300","smort_custom_pricelist_5":"6640"},"anvandningsomrade":[],"bilmarken":[],"product_brand":[1124],"product_cat":[2561,2966,2539,2166],"product_tag":[2788],"class_list":{"0":"post-3405","1":"product","2":"type-product","3":"status-publish","4":"has-post-thumbnail","6":"product_brand-lazer","7":"product_cat-lazer","8":"product_cat-ledramp-rak","9":"product_cat-ledramper","10":"product_cat-lazer-linear","11":"product_tag-black-week-exclude","12":"pa_fargtemperatur-5000k","13":"pa_fuktskydd-varde-ipxx-ip67","14":"pa_lampsockel-kontakt-superseal","15":"pa_storlek-mm-532x62x40","16":"pa_stromforbrukning-1117a12v","17":"pa_stromforbrukning-558a24v","18":"pa_volt-v-multivolt-10-12-16-18-24-28-30-32","20":"first","21":"instock","22":"taxable","23":"shipping-taxable","24":"purchasable","25":"product-type-simple"},"bundled_by":["9643"],"bundle_stock_status":"instock","bundle_stock_quantity":1,"bundle_virtual":false,"bundle_layout":"","bundle_add_to_cart_form_location":"","bundle_editable_in_cart":false,"bundle_sold_individually_context":"","bundle_item_grouping":"","bundle_min_size":"","bundle_max_size":"","bundle_price":[],"bundled_items":[],"bundle_sell_ids":[],"acf":[],"yoast_head":"<!-- This site is optimized with the Yoast SEO plugin v27.0 - https:\/\/yoast.com\/product\/yoast-seo-wordpress\/ -->\n<title>Lazer Linear 18 Elite+ - Xenonkungen<\/title>\n<meta name=\"robots\" content=\"index, follow, max-snippet:-1, max-image-preview:large, max-video-preview:-1\" \/>\n<link rel=\"canonical\" href=\"https:\/\/xenonkungen.com\/fi\/tuote\/lazer-linear-18-elite\/\" \/>\n<meta property=\"og:locale\" content=\"fi_FI\" \/>\n<meta property=\"og:type\" content=\"article\" \/>\n<meta property=\"og:title\" content=\"Lazer Linear 18 Elite+ - Xenonkungen\" \/>\n<meta property=\"og:description\" content=\"S\u00e4kerst\u00e4ll optimal belysning under alla f\u00f6rh\u00e5llanden med Lazer Linear Elite+ LED-ljusramp, nu tillg\u00e4nglig p\u00e5 Xenonkungen.se. Denna innovativa ljusramp erbjuder en unik kombination av kraftfulla vita och gula lysdioder, designad f\u00f6r att f\u00f6rb\u00e4ttra sikt och s\u00e4kerhet i alla v\u00e4der.\" \/>\n<meta property=\"og:url\" content=\"https:\/\/xenonkungen.com\/fi\/tuote\/lazer-linear-18-elite\/\" \/>\n<meta property=\"og:site_name\" content=\"Xenonkungen\" \/>\n<meta property=\"article:modified_time\" content=\"2026-04-24T15:50:10+00:00\" \/>\n<meta property=\"og:image\" content=\"https:\/\/xenonkungen.com\/wp-content\/uploads\/2025\/04\/159649_itemimage_mainfront.jpg\" \/>\n\t<meta property=\"og:image:width\" content=\"2048\" \/>\n\t<meta property=\"og:image:height\" content=\"1536\" \/>\n\t<meta property=\"og:image:type\" content=\"image\/jpeg\" \/>\n<meta name=\"twitter:card\" content=\"summary_large_image\" \/>\n<meta name=\"twitter:label1\" content=\"Arvioitu lukuaika\" \/>\n\t<meta name=\"twitter:data1\" content=\"1 minuutti\" \/>\n<script type=\"application\/ld+json\" class=\"yoast-schema-graph\">{\"@context\":\"https:\/\/schema.org\",\"@graph\":[{\"@type\":\"WebPage\",\"@id\":\"https:\/\/xenonkungen.com\/produkt\/lazer-linear-18-elite\/\",\"url\":\"https:\/\/xenonkungen.com\/produkt\/lazer-linear-18-elite\/\",\"name\":\"Lazer Linear 18 Elite+ - Xenonkungen\",\"isPartOf\":{\"@id\":\"https:\/\/xenonkungen.com\/#website\"},\"primaryImageOfPage\":{\"@id\":\"https:\/\/xenonkungen.com\/produkt\/lazer-linear-18-elite\/#primaryimage\"},\"image\":{\"@id\":\"https:\/\/xenonkungen.com\/produkt\/lazer-linear-18-elite\/#primaryimage\"},\"thumbnailUrl\":\"https:\/\/xenonkungen.com\/wp-content\/uploads\/2025\/04\/159649_itemimage_mainfront.jpg\",\"datePublished\":\"2025-04-15T08:56:00+00:00\",\"dateModified\":\"2026-04-24T15:50:10+00:00\",\"breadcrumb\":{\"@id\":\"https:\/\/xenonkungen.com\/produkt\/lazer-linear-18-elite\/#breadcrumb\"},\"inLanguage\":\"fi\",\"potentialAction\":[{\"@type\":\"ReadAction\",\"target\":[\"https:\/\/xenonkungen.com\/produkt\/lazer-linear-18-elite\/\"]}]},{\"@type\":\"ImageObject\",\"inLanguage\":\"fi\",\"@id\":\"https:\/\/xenonkungen.com\/produkt\/lazer-linear-18-elite\/#primaryimage\",\"url\":\"https:\/\/xenonkungen.com\/wp-content\/uploads\/2025\/04\/159649_itemimage_mainfront.jpg\",\"contentUrl\":\"https:\/\/xenonkungen.com\/wp-content\/uploads\/2025\/04\/159649_itemimage_mainfront.jpg\",\"width\":2048,\"height\":1536},{\"@type\":\"BreadcrumbList\",\"@id\":\"https:\/\/xenonkungen.com\/produkt\/lazer-linear-18-elite\/#breadcrumb\",\"itemListElement\":[{\"@type\":\"ListItem\",\"position\":1,\"name\":\"Hem\",\"item\":\"https:\/\/xenonkungen.com\/\"},{\"@type\":\"ListItem\",\"position\":2,\"name\":\"Shop\",\"item\":\"https:\/\/xenonkungen.com\/shop\/\"},{\"@type\":\"ListItem\",\"position\":3,\"name\":\"Lazer Linear 18 Elite+\"}]},{\"@type\":\"WebSite\",\"@id\":\"https:\/\/xenonkungen.com\/#website\",\"url\":\"https:\/\/xenonkungen.com\/\",\"name\":\"Xenonkungen\",\"description\":\"\",\"potentialAction\":[{\"@type\":\"SearchAction\",\"target\":{\"@type\":\"EntryPoint\",\"urlTemplate\":\"https:\/\/xenonkungen.com\/?s={search_term_string}\"},\"query-input\":{\"@type\":\"PropertyValueSpecification\",\"valueRequired\":true,\"valueName\":\"search_term_string\"}}],\"inLanguage\":\"fi\"}]}<\/script>\n<!-- \/ Yoast SEO plugin. -->","yoast_head_json":{"title":"Lazer Linear 18 Elite+ - Xenon-kuningas","robots":{"index":"index","follow":"follow","max-snippet":"max-snippet:-1","max-image-preview":"max-image-preview:large","max-video-preview":"max-video-preview:-1"},"canonical":"https:\/\/xenonkungen.com\/fi\/tuote\/lazer-linear-18-elite\/","og_locale":"fi_FI","og_type":"article","og_title":"Lazer Linear 18 Elite+ - Xenonkungen","og_description":"S\u00e4kerst\u00e4ll optimal belysning under alla f\u00f6rh\u00e5llanden med Lazer Linear Elite+ LED-ljusramp, nu tillg\u00e4nglig p\u00e5 Xenonkungen.se. Denna innovativa ljusramp erbjuder en unik kombination av kraftfulla vita och gula lysdioder, designad f\u00f6r att f\u00f6rb\u00e4ttra sikt och s\u00e4kerhet i alla v\u00e4der.","og_url":"https:\/\/xenonkungen.com\/fi\/tuote\/lazer-linear-18-elite\/","og_site_name":"Xenonkungen","article_modified_time":"2026-04-24T15:50:10+00:00","og_image":[{"width":2048,"height":1536,"url":"https:\/\/xenonkungen.com\/wp-content\/uploads\/2025\/04\/159649_itemimage_mainfront.jpg","type":"image\/jpeg"}],"twitter_card":"summary_large_image","twitter_misc":{"Arvioitu lukuaika":"1 minuutti"},"schema":{"@context":"https:\/\/schema.org","@graph":[{"@type":"WebPage","@id":"https:\/\/xenonkungen.com\/produkt\/lazer-linear-18-elite\/","url":"https:\/\/xenonkungen.com\/produkt\/lazer-linear-18-elite\/","name":"Lazer Linear 18 Elite+ - Xenon-kuningas","isPartOf":{"@id":"https:\/\/xenonkungen.com\/#website"},"primaryImageOfPage":{"@id":"https:\/\/xenonkungen.com\/produkt\/lazer-linear-18-elite\/#primaryimage"},"image":{"@id":"https:\/\/xenonkungen.com\/produkt\/lazer-linear-18-elite\/#primaryimage"},"thumbnailUrl":"https:\/\/xenonkungen.com\/wp-content\/uploads\/2025\/04\/159649_itemimage_mainfront.jpg","datePublished":"2025-04-15T08:56:00+00:00","dateModified":"2026-04-24T15:50:10+00:00","breadcrumb":{"@id":"https:\/\/xenonkungen.com\/produkt\/lazer-linear-18-elite\/#breadcrumb"},"inLanguage":"fi","potentialAction":[{"@type":"ReadAction","target":["https:\/\/xenonkungen.com\/produkt\/lazer-linear-18-elite\/"]}]},{"@type":"ImageObject","inLanguage":"fi","@id":"https:\/\/xenonkungen.com\/produkt\/lazer-linear-18-elite\/#primaryimage","url":"https:\/\/xenonkungen.com\/wp-content\/uploads\/2025\/04\/159649_itemimage_mainfront.jpg","contentUrl":"https:\/\/xenonkungen.com\/wp-content\/uploads\/2025\/04\/159649_itemimage_mainfront.jpg","width":2048,"height":1536},{"@type":"BreadcrumbList","@id":"https:\/\/xenonkungen.com\/produkt\/lazer-linear-18-elite\/#breadcrumb","itemListElement":[{"@type":"ListItem","position":1,"name":"Hem","item":"https:\/\/xenonkungen.com\/"},{"@type":"ListItem","position":2,"name":"Shop","item":"https:\/\/xenonkungen.com\/shop\/"},{"@type":"ListItem","position":3,"name":"Lazer Linear 18 Elite+"}]},{"@type":"WebSite","@id":"https:\/\/xenonkungen.com\/#website","url":"https:\/\/xenonkungen.com\/","name":"Xenonkungen","description":"","potentialAction":[{"@type":"SearchAction","target":{"@type":"EntryPoint","urlTemplate":"https:\/\/xenonkungen.com\/?s={search_term_string}"},"query-input":{"@type":"PropertyValueSpecification","valueRequired":true,"valueName":"search_term_string"}}],"inLanguage":"fi"}]}},"taxonomy_info":{"product_brand":[{"value":1124,"label":"Lazer"}],"product_cat":[{"value":2561,"label":"Lazer"},{"value":2966,"label":"Ledramp Rak"},{"value":2539,"label":"LEDRAMPER"},{"value":2166,"label":"LAZER LINEAR"}],"product_tag":[{"value":2788,"label":"black-week-exclude"}],"pa_fargtemperatur":[{"value":154,"label":"5000K"}],"pa_fuktskydd-varde-ipxx":[{"value":333,"label":"IP67"}],"pa_lampsockel-kontakt":[{"value":1122,"label":"Superseal"}],"pa_storlek-mm":[{"value":1132,"label":"532x62x40"}],"pa_stromforbrukning":[{"value":1133,"label":"11,17A@12V"},{"value":1134,"label":"5,58A@24V"}],"pa_volt-v":[{"value":1084,"label":"Multivolt, 10, 12, 16, 18, 24, 28, 30, 32"}]},"featured_image_src_large":["https:\/\/xenonkungen.com\/wp-content\/uploads\/2025\/04\/159649_itemimage_mainfront-1024x768.jpg",1024,768,true],"author_info":[],"comment_info":0,"_links":{"self":[{"href":"https:\/\/xenonkungen.com\/fi\/wp-json\/wp\/v2\/product\/3405","targetHints":{"allow":["GET"]}}],"collection":[{"href":"https:\/\/xenonkungen.com\/fi\/wp-json\/wp\/v2\/product"}],"about":[{"href":"https:\/\/xenonkungen.com\/fi\/wp-json\/wp\/v2\/types\/product"}],"replies":[{"embeddable":true,"href":"https:\/\/xenonkungen.com\/fi\/wp-json\/wp\/v2\/comments?post=3405"}],"wp:featuredmedia":[{"embeddable":true,"href":"https:\/\/xenonkungen.com\/fi\/wp-json\/wp\/v2\/media\/3406"}],"wp:attachment":[{"href":"https:\/\/xenonkungen.com\/fi\/wp-json\/wp\/v2\/media?parent=3405"}],"wp:term":[{"taxonomy":"anvandningsomrade","embeddable":true,"href":"https:\/\/xenonkungen.com\/fi\/wp-json\/wp\/v2\/anvandningsomrade?post=3405"},{"taxonomy":"bilmarken","embeddable":true,"href":"https:\/\/xenonkungen.com\/fi\/wp-json\/wp\/v2\/bilmarken?post=3405"},{"taxonomy":"product_brand","embeddable":true,"href":"https:\/\/xenonkungen.com\/fi\/wp-json\/wp\/v2\/product_brand?post=3405"},{"taxonomy":"product_cat","embeddable":true,"href":"https:\/\/xenonkungen.com\/fi\/wp-json\/wp\/v2\/product_cat?post=3405"},{"taxonomy":"product_tag","embeddable":true,"href":"https:\/\/xenonkungen.com\/fi\/wp-json\/wp\/v2\/product_tag?post=3405"}],"curies":[{"name":"wp","href":"https:\/\/api.w.org\/{rel}","templated":true}]}}