{"id":3500,"date":"2025-04-15T08:57:09","date_gmt":"2025-04-15T08:57:09","guid":{"rendered":"https:\/\/xenonkungen.com\/product\/truck-lite-nyk-77-anti-corrosion-compound\/"},"modified":"2026-04-09T15:21:45","modified_gmt":"2026-04-09T14:21:45","slug":"kuorma-auto-hieman-uusi-77-korroosionestoaine","status":"publish","type":"product","link":"https:\/\/xenonkungen.com\/fi\/tuote\/kuorma-auto-hieman-uusi-77-korroosionestoaine\/","title":{"rendered":"Truck-Lite NYK-77 korroosionestoaine"},"content":{"rendered":"<h1>NYK-77 Korroosionestotahna - tehokas suojaus s\u00e4hk\u00f6kontakteille.<\/h1>\n<p>NYK-77 on erityisesti kehitetty korroosionestopasta, joka suojaa s\u00e4hk\u00f6kontakteja ja kytkimi\u00e4 alttiissa ymp\u00e4rist\u00f6iss\u00e4. Se sopii erinomaisesti ajoneuvoihin, teollisuuskoneisiin ja muihin s\u00e4hk\u00f6j\u00e4rjestelmiin, jotka altistuvat kosteudelle, lialle ja suolalle, esimerkiksi suolasumuttimien takana.<\/p>\n<p>Ainutlaatuinen kaava on <span class=\"highlight\">ei-johtava<\/span> ja muodostaa tehokkaan esteen korroosiota vastaan. Rasvan kaltainen koostumus tiivist\u00e4\u00e4 ja suojaa toimimatta voiteluaineena, mik\u00e4 pident\u00e4\u00e4 s\u00e4hk\u00f6komponenttien k\u00e4ytt\u00f6ik\u00e4\u00e4 ja v\u00e4hent\u00e4\u00e4 huoltotarvetta.<\/p>\n<p>NYK-77 on helppo levitt\u00e4\u00e4, ja se on k\u00e4tev\u00e4ss\u00e4 pullossa, jossa on <span class=\"highlight\">113 grammaa<\/span> Sis\u00e4lt\u00f6. Ihanteellinen s\u00e4hk\u00f6liit\u00e4nn\u00f6ille, kytkimille ja muille herkille osille, jotka vaativat lis\u00e4suojaa.<\/p>\n<p>Suojaa s\u00e4hk\u00f6komponentit ruosteelta ja kosteudelta NYK-77:ll\u00e4 - luotettava valinta \u00e4\u00e4rimm\u00e4isiin olosuhteisiin.<\/p>","protected":false},"excerpt":{"rendered":"<p>S\u00e4hk\u00f6kontaktien korroosionesto<\/p>","protected":false},"featured_media":3501,"comment_status":"closed","ping_status":"open","template":"","meta":{"_acf_changed":false,"_smort_price_nok":"191","_smort_price_dkk":"121","_smort_price_eur":"16.27","_smort_sale_price_nok":"","_smort_sale_price_dkk":"","_smort_sale_price_eur":"","smort_restorder":"","shipmondo_restorder":"","_kad_blocks_custom_css":"","_kad_blocks_head_custom_js":"","_kad_blocks_body_custom_js":"","_kad_blocks_footer_custom_js":"","smort_custom_pricelist_1":"101.76","smort_custom_pricelist_2":"101.76","smort_custom_pricelist_3":"101.76","smort_custom_pricelist_4":"127.2","smort_custom_pricelist_5":"101.76"},"anvandningsomrade":[],"bilmarken":[],"product_brand":[],"product_cat":[2841,390],"product_tag":[2788],"class_list":{"0":"post-3500","1":"product","2":"type-product","3":"status-publish","4":"has-post-thumbnail","6":"product_cat-installation-extraljus","7":"product_cat-installation","8":"product_tag-black-week-exclude","10":"first","11":"instock","12":"taxable","13":"shipping-taxable","14":"purchasable","15":"product-type-simple"},"bundled_by":[],"bundle_stock_status":"instock","bundle_stock_quantity":7,"bundle_virtual":false,"bundle_layout":"","bundle_add_to_cart_form_location":"","bundle_editable_in_cart":false,"bundle_sold_individually_context":"","bundle_item_grouping":"","bundle_min_size":"","bundle_max_size":"","bundle_price":[],"bundled_items":[],"bundle_sell_ids":[],"acf":[],"yoast_head":"<!-- This site is optimized with the Yoast SEO plugin v27.0 - https:\/\/yoast.com\/product\/yoast-seo-wordpress\/ -->\n<title>Truck-Lite NYK-77 Anti Corrosion Compound - Xenonkungen<\/title>\n<meta name=\"robots\" content=\"index, follow, max-snippet:-1, max-image-preview:large, max-video-preview:-1\" \/>\n<link rel=\"canonical\" href=\"https:\/\/xenonkungen.com\/fi\/tuote\/kuorma-auto-hieman-uusi-77-korroosionestoaine\/\" \/>\n<meta property=\"og:locale\" content=\"fi_FI\" \/>\n<meta property=\"og:type\" content=\"article\" \/>\n<meta property=\"og:title\" content=\"Truck-Lite NYK-77 Anti Corrosion Compound - Xenonkungen\" \/>\n<meta property=\"og:description\" content=\"Rostskyddande Antikorrosion f\u00f6r elektriska kontakter\" \/>\n<meta property=\"og:url\" content=\"https:\/\/xenonkungen.com\/fi\/tuote\/kuorma-auto-hieman-uusi-77-korroosionestoaine\/\" \/>\n<meta property=\"og:site_name\" content=\"Xenonkungen\" \/>\n<meta property=\"article:modified_time\" content=\"2026-04-09T14:21:45+00:00\" \/>\n<meta property=\"og:image\" content=\"https:\/\/xenonkungen.com\/wp-content\/uploads\/2025\/04\/31097944_itemimage_mainfront.-1.png\" \/>\n\t<meta property=\"og:image:width\" content=\"2048\" \/>\n\t<meta property=\"og:image:height\" content=\"1536\" \/>\n\t<meta property=\"og:image:type\" content=\"image\/png\" \/>\n<meta name=\"twitter:card\" content=\"summary_large_image\" \/>\n<meta name=\"twitter:label1\" content=\"Arvioitu lukuaika\" \/>\n\t<meta name=\"twitter:data1\" content=\"1 minuutti\" \/>\n<script type=\"application\/ld+json\" class=\"yoast-schema-graph\">{\"@context\":\"https:\/\/schema.org\",\"@graph\":[{\"@type\":\"WebPage\",\"@id\":\"https:\/\/xenonkungen.com\/produkt\/truck-lite-nyk-77-anti-corrosion-compound\/\",\"url\":\"https:\/\/xenonkungen.com\/produkt\/truck-lite-nyk-77-anti-corrosion-compound\/\",\"name\":\"Truck-Lite NYK-77 Anti Corrosion Compound - Xenonkungen\",\"isPartOf\":{\"@id\":\"https:\/\/xenonkungen.com\/#website\"},\"primaryImageOfPage\":{\"@id\":\"https:\/\/xenonkungen.com\/produkt\/truck-lite-nyk-77-anti-corrosion-compound\/#primaryimage\"},\"image\":{\"@id\":\"https:\/\/xenonkungen.com\/produkt\/truck-lite-nyk-77-anti-corrosion-compound\/#primaryimage\"},\"thumbnailUrl\":\"https:\/\/xenonkungen.com\/wp-content\/uploads\/2025\/04\/31097944_itemimage_mainfront.-1.png\",\"datePublished\":\"2025-04-15T08:57:09+00:00\",\"dateModified\":\"2026-04-09T14:21:45+00:00\",\"breadcrumb\":{\"@id\":\"https:\/\/xenonkungen.com\/produkt\/truck-lite-nyk-77-anti-corrosion-compound\/#breadcrumb\"},\"inLanguage\":\"fi\",\"potentialAction\":[{\"@type\":\"ReadAction\",\"target\":[\"https:\/\/xenonkungen.com\/produkt\/truck-lite-nyk-77-anti-corrosion-compound\/\"]}]},{\"@type\":\"ImageObject\",\"inLanguage\":\"fi\",\"@id\":\"https:\/\/xenonkungen.com\/produkt\/truck-lite-nyk-77-anti-corrosion-compound\/#primaryimage\",\"url\":\"https:\/\/xenonkungen.com\/wp-content\/uploads\/2025\/04\/31097944_itemimage_mainfront.-1.png\",\"contentUrl\":\"https:\/\/xenonkungen.com\/wp-content\/uploads\/2025\/04\/31097944_itemimage_mainfront.-1.png\",\"width\":2048,\"height\":1536},{\"@type\":\"BreadcrumbList\",\"@id\":\"https:\/\/xenonkungen.com\/produkt\/truck-lite-nyk-77-anti-corrosion-compound\/#breadcrumb\",\"itemListElement\":[{\"@type\":\"ListItem\",\"position\":1,\"name\":\"Hem\",\"item\":\"https:\/\/xenonkungen.com\/\"},{\"@type\":\"ListItem\",\"position\":2,\"name\":\"Shop\",\"item\":\"https:\/\/xenonkungen.com\/shop\/\"},{\"@type\":\"ListItem\",\"position\":3,\"name\":\"Truck-Lite NYK-77 Anti Corrosion Compound\"}]},{\"@type\":\"WebSite\",\"@id\":\"https:\/\/xenonkungen.com\/#website\",\"url\":\"https:\/\/xenonkungen.com\/\",\"name\":\"Xenonkungen\",\"description\":\"\",\"potentialAction\":[{\"@type\":\"SearchAction\",\"target\":{\"@type\":\"EntryPoint\",\"urlTemplate\":\"https:\/\/xenonkungen.com\/?s={search_term_string}\"},\"query-input\":{\"@type\":\"PropertyValueSpecification\",\"valueRequired\":true,\"valueName\":\"search_term_string\"}}],\"inLanguage\":\"fi\"}]}<\/script>\n<!-- \/ Yoast SEO plugin. -->","yoast_head_json":{"title":"Truck-Lite NYK-77 korroosionestoaine - Xenon-kuningas","robots":{"index":"index","follow":"follow","max-snippet":"max-snippet:-1","max-image-preview":"max-image-preview:large","max-video-preview":"max-video-preview:-1"},"canonical":"https:\/\/xenonkungen.com\/fi\/tuote\/kuorma-auto-hieman-uusi-77-korroosionestoaine\/","og_locale":"fi_FI","og_type":"article","og_title":"Truck-Lite NYK-77 Anti Corrosion Compound - Xenonkungen","og_description":"Rostskyddande Antikorrosion f\u00f6r elektriska kontakter","og_url":"https:\/\/xenonkungen.com\/fi\/tuote\/kuorma-auto-hieman-uusi-77-korroosionestoaine\/","og_site_name":"Xenonkungen","article_modified_time":"2026-04-09T14:21:45+00:00","og_image":[{"width":2048,"height":1536,"url":"https:\/\/xenonkungen.com\/wp-content\/uploads\/2025\/04\/31097944_itemimage_mainfront.-1.png","type":"image\/png"}],"twitter_card":"summary_large_image","twitter_misc":{"Arvioitu lukuaika":"1 minuutti"},"schema":{"@context":"https:\/\/schema.org","@graph":[{"@type":"WebPage","@id":"https:\/\/xenonkungen.com\/produkt\/truck-lite-nyk-77-anti-corrosion-compound\/","url":"https:\/\/xenonkungen.com\/produkt\/truck-lite-nyk-77-anti-corrosion-compound\/","name":"Truck-Lite NYK-77 korroosionestoaine - Xenon-kuningas","isPartOf":{"@id":"https:\/\/xenonkungen.com\/#website"},"primaryImageOfPage":{"@id":"https:\/\/xenonkungen.com\/produkt\/truck-lite-nyk-77-anti-corrosion-compound\/#primaryimage"},"image":{"@id":"https:\/\/xenonkungen.com\/produkt\/truck-lite-nyk-77-anti-corrosion-compound\/#primaryimage"},"thumbnailUrl":"https:\/\/xenonkungen.com\/wp-content\/uploads\/2025\/04\/31097944_itemimage_mainfront.-1.png","datePublished":"2025-04-15T08:57:09+00:00","dateModified":"2026-04-09T14:21:45+00:00","breadcrumb":{"@id":"https:\/\/xenonkungen.com\/produkt\/truck-lite-nyk-77-anti-corrosion-compound\/#breadcrumb"},"inLanguage":"fi","potentialAction":[{"@type":"ReadAction","target":["https:\/\/xenonkungen.com\/produkt\/truck-lite-nyk-77-anti-corrosion-compound\/"]}]},{"@type":"ImageObject","inLanguage":"fi","@id":"https:\/\/xenonkungen.com\/produkt\/truck-lite-nyk-77-anti-corrosion-compound\/#primaryimage","url":"https:\/\/xenonkungen.com\/wp-content\/uploads\/2025\/04\/31097944_itemimage_mainfront.-1.png","contentUrl":"https:\/\/xenonkungen.com\/wp-content\/uploads\/2025\/04\/31097944_itemimage_mainfront.-1.png","width":2048,"height":1536},{"@type":"BreadcrumbList","@id":"https:\/\/xenonkungen.com\/produkt\/truck-lite-nyk-77-anti-corrosion-compound\/#breadcrumb","itemListElement":[{"@type":"ListItem","position":1,"name":"Hem","item":"https:\/\/xenonkungen.com\/"},{"@type":"ListItem","position":2,"name":"Shop","item":"https:\/\/xenonkungen.com\/shop\/"},{"@type":"ListItem","position":3,"name":"Truck-Lite NYK-77 Anti Corrosion Compound"}]},{"@type":"WebSite","@id":"https:\/\/xenonkungen.com\/#website","url":"https:\/\/xenonkungen.com\/","name":"Xenonkungen","description":"","potentialAction":[{"@type":"SearchAction","target":{"@type":"EntryPoint","urlTemplate":"https:\/\/xenonkungen.com\/?s={search_term_string}"},"query-input":{"@type":"PropertyValueSpecification","valueRequired":true,"valueName":"search_term_string"}}],"inLanguage":"fi"}]}},"taxonomy_info":{"product_cat":[{"value":2841,"label":"Installation extraljus"},{"value":390,"label":"Installation"}],"product_tag":[{"value":2788,"label":"black-week-exclude"}]},"featured_image_src_large":["https:\/\/xenonkungen.com\/wp-content\/uploads\/2025\/04\/31097944_itemimage_mainfront.-1-1024x768.png",1024,768,true],"author_info":[],"comment_info":0,"_links":{"self":[{"href":"https:\/\/xenonkungen.com\/fi\/wp-json\/wp\/v2\/product\/3500","targetHints":{"allow":["GET"]}}],"collection":[{"href":"https:\/\/xenonkungen.com\/fi\/wp-json\/wp\/v2\/product"}],"about":[{"href":"https:\/\/xenonkungen.com\/fi\/wp-json\/wp\/v2\/types\/product"}],"replies":[{"embeddable":true,"href":"https:\/\/xenonkungen.com\/fi\/wp-json\/wp\/v2\/comments?post=3500"}],"wp:featuredmedia":[{"embeddable":true,"href":"https:\/\/xenonkungen.com\/fi\/wp-json\/wp\/v2\/media\/3501"}],"wp:attachment":[{"href":"https:\/\/xenonkungen.com\/fi\/wp-json\/wp\/v2\/media?parent=3500"}],"wp:term":[{"taxonomy":"anvandningsomrade","embeddable":true,"href":"https:\/\/xenonkungen.com\/fi\/wp-json\/wp\/v2\/anvandningsomrade?post=3500"},{"taxonomy":"bilmarken","embeddable":true,"href":"https:\/\/xenonkungen.com\/fi\/wp-json\/wp\/v2\/bilmarken?post=3500"},{"taxonomy":"product_brand","embeddable":true,"href":"https:\/\/xenonkungen.com\/fi\/wp-json\/wp\/v2\/product_brand?post=3500"},{"taxonomy":"product_cat","embeddable":true,"href":"https:\/\/xenonkungen.com\/fi\/wp-json\/wp\/v2\/product_cat?post=3500"},{"taxonomy":"product_tag","embeddable":true,"href":"https:\/\/xenonkungen.com\/fi\/wp-json\/wp\/v2\/product_tag?post=3500"}],"curies":[{"name":"wp","href":"https:\/\/api.w.org\/{rel}","templated":true}]}}