{"id":3516,"date":"2025-04-15T08:57:52","date_gmt":"2025-04-15T08:57:52","guid":{"rendered":"https:\/\/xenonkungen.com\/product\/briodlights-dubbelfaste-racke-43-mm\/"},"modified":"2026-04-26T13:32:59","modified_gmt":"2026-04-26T12:32:59","slug":"briodlights-kaksinkertainen-kiintea-teline-43-mm","status":"publish","type":"product","link":"https:\/\/xenonkungen.com\/fi\/tuote\/briodlights-kaksinkertainen-kiintea-teline-43-mm\/","title":{"rendered":"BriodLights Kaksoiskannattimen kaide 43 mm"},"content":{"rendered":"<h1>Kaksoiskannatin 43 mm kaiteelle BriodLightsilta<\/h1>\n<h2>Yksinkertainen ja helppo asennus<\/h2>\n<p>T\u00e4m\u00e4 BriodLightsin kaksoiskannatin tarjoaa yksinkertaisen ja sujuvan kiinnitysratkaisun 43 mm:n kaiteisiin. Vankan ja luotettavan rakenteen ansiosta t\u00e4m\u00e4 kaksoiskannatin on ihanteellinen komponenttien kiinnitt\u00e4miseen vakaalla ja kest\u00e4v\u00e4ll\u00e4 tavalla.<\/p>","protected":false},"excerpt":{"rendered":"<p>BriodLightsin kaksoiskiinnike 43 mm:n kaiteelle Helppo ja sujuva asennus T\u00e4m\u00e4 BriodLightsin kaksoiskiinnike tarjoaa yksinkertaisen ja sujuvan asennusratkaisun 43 mm:n kaiteelle. Kest\u00e4v\u00e4n ja luotettavan rakenteensa ansiosta t\u00e4m\u00e4 kaksoiskiinnike sopii erinomaisesti komponenttiesi kiinnitt\u00e4miseen vakaalla ja kest\u00e4v\u00e4ll\u00e4 tavalla.<\/p>","protected":false},"featured_media":3517,"comment_status":"closed","ping_status":"open","template":"","meta":{"_acf_changed":false,"_smort_price_nok":"844","_smort_price_dkk":"536","_smort_price_eur":"71.81","_smort_sale_price_nok":"","_smort_sale_price_dkk":"","_smort_sale_price_eur":"","smort_restorder":"","shipmondo_restorder":"","_kad_blocks_custom_css":"","_kad_blocks_head_custom_js":"","_kad_blocks_body_custom_js":"","_kad_blocks_footer_custom_js":"","smort_custom_pricelist_1":"380.8","smort_custom_pricelist_2":"380.8","smort_custom_pricelist_3":"380.8","smort_custom_pricelist_4":"476","smort_custom_pricelist_5":"380.8"},"anvandningsomrade":[],"bilmarken":[],"product_brand":[92],"product_cat":[2534,2461,2841,390],"product_tag":[2788],"class_list":{"0":"post-3516","1":"product","2":"type-product","3":"status-publish","4":"has-post-thumbnail","6":"product_brand-briodlights","7":"product_cat-extraljusfaste-extraljus","8":"product_cat-fasten-installation","9":"product_cat-installation-extraljus","10":"product_cat-installation","11":"product_tag-black-week-exclude","13":"first","14":"onbackorder","15":"taxable","16":"shipping-taxable","17":"purchasable","18":"product-type-simple"},"bundled_by":[],"bundle_stock_status":"onbackorder","bundle_stock_quantity":0,"bundle_virtual":false,"bundle_layout":"","bundle_add_to_cart_form_location":"","bundle_editable_in_cart":false,"bundle_sold_individually_context":"","bundle_item_grouping":"","bundle_min_size":"","bundle_max_size":"","bundle_price":[],"bundled_items":[],"bundle_sell_ids":[],"acf":[],"yoast_head":"<!-- This site is optimized with the Yoast SEO plugin v27.0 - https:\/\/yoast.com\/product\/yoast-seo-wordpress\/ -->\n<title>BriodLights Dubbelf\u00e4ste r\u00e4cke 43 mm - Xenonkungen<\/title>\n<meta name=\"robots\" content=\"index, follow, max-snippet:-1, max-image-preview:large, max-video-preview:-1\" \/>\n<link rel=\"canonical\" href=\"https:\/\/xenonkungen.com\/fi\/tuote\/briodlights-kaksinkertainen-kiintea-teline-43-mm\/\" \/>\n<meta property=\"og:locale\" content=\"fi_FI\" \/>\n<meta property=\"og:type\" content=\"article\" \/>\n<meta property=\"og:title\" content=\"BriodLights Dubbelf\u00e4ste r\u00e4cke 43 mm - Xenonkungen\" \/>\n<meta property=\"og:description\" content=\"Dubbelf\u00e4ste f\u00f6r R\u00e4cke p\u00e5 43 mm fr\u00e5n BriodLights Enkel och Smidig Montering Denna dubbelf\u00e4ste fr\u00e5n BriodLights erbjuder en enkel och smidig monteringsl\u00f6sning f\u00f6r r\u00e4cken p\u00e5 43 mm. Med en robust och p\u00e5litlig design, \u00e4r detta dubbelf\u00e4ste idealisk f\u00f6r att s\u00e4kra dina komponenter p\u00e5 ett stabilt och h\u00e5llbart s\u00e4tt.\" \/>\n<meta property=\"og:url\" content=\"https:\/\/xenonkungen.com\/fi\/tuote\/briodlights-kaksinkertainen-kiintea-teline-43-mm\/\" \/>\n<meta property=\"og:site_name\" content=\"Xenonkungen\" \/>\n<meta property=\"article:modified_time\" content=\"2026-04-26T12:32:59+00:00\" \/>\n<meta property=\"og:image\" content=\"https:\/\/xenonkungen.com\/wp-content\/uploads\/2025\/04\/272-081_itemimage_mainfront.jpg\" \/>\n\t<meta property=\"og:image:width\" content=\"2048\" \/>\n\t<meta property=\"og:image:height\" content=\"1536\" \/>\n\t<meta property=\"og:image:type\" content=\"image\/jpeg\" \/>\n<meta name=\"twitter:card\" content=\"summary_large_image\" \/>\n<script type=\"application\/ld+json\" class=\"yoast-schema-graph\">{\"@context\":\"https:\/\/schema.org\",\"@graph\":[{\"@type\":\"WebPage\",\"@id\":\"https:\/\/xenonkungen.com\/produkt\/briodlights-dubbelfaste-racke-43-mm\/\",\"url\":\"https:\/\/xenonkungen.com\/produkt\/briodlights-dubbelfaste-racke-43-mm\/\",\"name\":\"BriodLights Dubbelf\u00e4ste r\u00e4cke 43 mm - Xenonkungen\",\"isPartOf\":{\"@id\":\"https:\/\/xenonkungen.com\/#website\"},\"primaryImageOfPage\":{\"@id\":\"https:\/\/xenonkungen.com\/produkt\/briodlights-dubbelfaste-racke-43-mm\/#primaryimage\"},\"image\":{\"@id\":\"https:\/\/xenonkungen.com\/produkt\/briodlights-dubbelfaste-racke-43-mm\/#primaryimage\"},\"thumbnailUrl\":\"https:\/\/xenonkungen.com\/wp-content\/uploads\/2025\/04\/272-081_itemimage_mainfront.jpg\",\"datePublished\":\"2025-04-15T08:57:52+00:00\",\"dateModified\":\"2026-04-26T12:32:59+00:00\",\"breadcrumb\":{\"@id\":\"https:\/\/xenonkungen.com\/produkt\/briodlights-dubbelfaste-racke-43-mm\/#breadcrumb\"},\"inLanguage\":\"fi\",\"potentialAction\":[{\"@type\":\"ReadAction\",\"target\":[\"https:\/\/xenonkungen.com\/produkt\/briodlights-dubbelfaste-racke-43-mm\/\"]}]},{\"@type\":\"ImageObject\",\"inLanguage\":\"fi\",\"@id\":\"https:\/\/xenonkungen.com\/produkt\/briodlights-dubbelfaste-racke-43-mm\/#primaryimage\",\"url\":\"https:\/\/xenonkungen.com\/wp-content\/uploads\/2025\/04\/272-081_itemimage_mainfront.jpg\",\"contentUrl\":\"https:\/\/xenonkungen.com\/wp-content\/uploads\/2025\/04\/272-081_itemimage_mainfront.jpg\",\"width\":2048,\"height\":1536},{\"@type\":\"BreadcrumbList\",\"@id\":\"https:\/\/xenonkungen.com\/produkt\/briodlights-dubbelfaste-racke-43-mm\/#breadcrumb\",\"itemListElement\":[{\"@type\":\"ListItem\",\"position\":1,\"name\":\"Hem\",\"item\":\"https:\/\/xenonkungen.com\/\"},{\"@type\":\"ListItem\",\"position\":2,\"name\":\"Shop\",\"item\":\"https:\/\/xenonkungen.com\/shop\/\"},{\"@type\":\"ListItem\",\"position\":3,\"name\":\"BriodLights Dubbelf\u00e4ste r\u00e4cke 43 mm\"}]},{\"@type\":\"WebSite\",\"@id\":\"https:\/\/xenonkungen.com\/#website\",\"url\":\"https:\/\/xenonkungen.com\/\",\"name\":\"Xenonkungen\",\"description\":\"\",\"potentialAction\":[{\"@type\":\"SearchAction\",\"target\":{\"@type\":\"EntryPoint\",\"urlTemplate\":\"https:\/\/xenonkungen.com\/?s={search_term_string}\"},\"query-input\":{\"@type\":\"PropertyValueSpecification\",\"valueRequired\":true,\"valueName\":\"search_term_string\"}}],\"inLanguage\":\"fi\"}]}<\/script>\n<!-- \/ Yoast SEO plugin. -->","yoast_head_json":{"title":"BriodLights Tuplakiinnike kaide 43 mm - Xenonkungen","robots":{"index":"index","follow":"follow","max-snippet":"max-snippet:-1","max-image-preview":"max-image-preview:large","max-video-preview":"max-video-preview:-1"},"canonical":"https:\/\/xenonkungen.com\/fi\/tuote\/briodlights-kaksinkertainen-kiintea-teline-43-mm\/","og_locale":"fi_FI","og_type":"article","og_title":"BriodLights Dubbelf\u00e4ste r\u00e4cke 43 mm - Xenonkungen","og_description":"Dubbelf\u00e4ste f\u00f6r R\u00e4cke p\u00e5 43 mm fr\u00e5n BriodLights Enkel och Smidig Montering Denna dubbelf\u00e4ste fr\u00e5n BriodLights erbjuder en enkel och smidig monteringsl\u00f6sning f\u00f6r r\u00e4cken p\u00e5 43 mm. Med en robust och p\u00e5litlig design, \u00e4r detta dubbelf\u00e4ste idealisk f\u00f6r att s\u00e4kra dina komponenter p\u00e5 ett stabilt och h\u00e5llbart s\u00e4tt.","og_url":"https:\/\/xenonkungen.com\/fi\/tuote\/briodlights-kaksinkertainen-kiintea-teline-43-mm\/","og_site_name":"Xenonkungen","article_modified_time":"2026-04-26T12:32:59+00:00","og_image":[{"width":2048,"height":1536,"url":"https:\/\/xenonkungen.com\/wp-content\/uploads\/2025\/04\/272-081_itemimage_mainfront.jpg","type":"image\/jpeg"}],"twitter_card":"summary_large_image","schema":{"@context":"https:\/\/schema.org","@graph":[{"@type":"WebPage","@id":"https:\/\/xenonkungen.com\/produkt\/briodlights-dubbelfaste-racke-43-mm\/","url":"https:\/\/xenonkungen.com\/produkt\/briodlights-dubbelfaste-racke-43-mm\/","name":"BriodLights Tuplakiinnike kaide 43 mm - Xenonkungen","isPartOf":{"@id":"https:\/\/xenonkungen.com\/#website"},"primaryImageOfPage":{"@id":"https:\/\/xenonkungen.com\/produkt\/briodlights-dubbelfaste-racke-43-mm\/#primaryimage"},"image":{"@id":"https:\/\/xenonkungen.com\/produkt\/briodlights-dubbelfaste-racke-43-mm\/#primaryimage"},"thumbnailUrl":"https:\/\/xenonkungen.com\/wp-content\/uploads\/2025\/04\/272-081_itemimage_mainfront.jpg","datePublished":"2025-04-15T08:57:52+00:00","dateModified":"2026-04-26T12:32:59+00:00","breadcrumb":{"@id":"https:\/\/xenonkungen.com\/produkt\/briodlights-dubbelfaste-racke-43-mm\/#breadcrumb"},"inLanguage":"fi","potentialAction":[{"@type":"ReadAction","target":["https:\/\/xenonkungen.com\/produkt\/briodlights-dubbelfaste-racke-43-mm\/"]}]},{"@type":"ImageObject","inLanguage":"fi","@id":"https:\/\/xenonkungen.com\/produkt\/briodlights-dubbelfaste-racke-43-mm\/#primaryimage","url":"https:\/\/xenonkungen.com\/wp-content\/uploads\/2025\/04\/272-081_itemimage_mainfront.jpg","contentUrl":"https:\/\/xenonkungen.com\/wp-content\/uploads\/2025\/04\/272-081_itemimage_mainfront.jpg","width":2048,"height":1536},{"@type":"BreadcrumbList","@id":"https:\/\/xenonkungen.com\/produkt\/briodlights-dubbelfaste-racke-43-mm\/#breadcrumb","itemListElement":[{"@type":"ListItem","position":1,"name":"Hem","item":"https:\/\/xenonkungen.com\/"},{"@type":"ListItem","position":2,"name":"Shop","item":"https:\/\/xenonkungen.com\/shop\/"},{"@type":"ListItem","position":3,"name":"BriodLights Dubbelf\u00e4ste r\u00e4cke 43 mm"}]},{"@type":"WebSite","@id":"https:\/\/xenonkungen.com\/#website","url":"https:\/\/xenonkungen.com\/","name":"Xenonkungen","description":"","potentialAction":[{"@type":"SearchAction","target":{"@type":"EntryPoint","urlTemplate":"https:\/\/xenonkungen.com\/?s={search_term_string}"},"query-input":{"@type":"PropertyValueSpecification","valueRequired":true,"valueName":"search_term_string"}}],"inLanguage":"fi"}]}},"taxonomy_info":{"product_brand":[{"value":92,"label":"Briodlights"}],"product_cat":[{"value":2534,"label":"F\u00e4ste till extraljus"},{"value":2461,"label":"F\u00e4sten"},{"value":2841,"label":"Installation extraljus"},{"value":390,"label":"Installation"}],"product_tag":[{"value":2788,"label":"black-week-exclude"}]},"featured_image_src_large":["https:\/\/xenonkungen.com\/wp-content\/uploads\/2025\/04\/272-081_itemimage_mainfront-1024x768.jpg",1024,768,true],"author_info":[],"comment_info":0,"_links":{"self":[{"href":"https:\/\/xenonkungen.com\/fi\/wp-json\/wp\/v2\/product\/3516","targetHints":{"allow":["GET"]}}],"collection":[{"href":"https:\/\/xenonkungen.com\/fi\/wp-json\/wp\/v2\/product"}],"about":[{"href":"https:\/\/xenonkungen.com\/fi\/wp-json\/wp\/v2\/types\/product"}],"replies":[{"embeddable":true,"href":"https:\/\/xenonkungen.com\/fi\/wp-json\/wp\/v2\/comments?post=3516"}],"wp:featuredmedia":[{"embeddable":true,"href":"https:\/\/xenonkungen.com\/fi\/wp-json\/wp\/v2\/media\/3517"}],"wp:attachment":[{"href":"https:\/\/xenonkungen.com\/fi\/wp-json\/wp\/v2\/media?parent=3516"}],"wp:term":[{"taxonomy":"anvandningsomrade","embeddable":true,"href":"https:\/\/xenonkungen.com\/fi\/wp-json\/wp\/v2\/anvandningsomrade?post=3516"},{"taxonomy":"bilmarken","embeddable":true,"href":"https:\/\/xenonkungen.com\/fi\/wp-json\/wp\/v2\/bilmarken?post=3516"},{"taxonomy":"product_brand","embeddable":true,"href":"https:\/\/xenonkungen.com\/fi\/wp-json\/wp\/v2\/product_brand?post=3516"},{"taxonomy":"product_cat","embeddable":true,"href":"https:\/\/xenonkungen.com\/fi\/wp-json\/wp\/v2\/product_cat?post=3516"},{"taxonomy":"product_tag","embeddable":true,"href":"https:\/\/xenonkungen.com\/fi\/wp-json\/wp\/v2\/product_tag?post=3516"}],"curies":[{"name":"wp","href":"https:\/\/api.w.org\/{rel}","templated":true}]}}