{"id":3525,"date":"2025-04-15T08:58:10","date_gmt":"2025-04-15T08:58:10","guid":{"rendered":"https:\/\/xenonkungen.com\/product\/arbetslampa-abl-led-shd-5000-bred\/"},"modified":"2026-04-24T16:51:02","modified_gmt":"2026-04-24T15:51:02","slug":"tyovalo-abl-led-shd-5000-levea","status":"publish","type":"product","link":"https:\/\/xenonkungen.com\/fi\/tuote\/tyovalo-abl-led-shd-5000-levea\/","title":{"rendered":"Ty\u00f6valo ABL LED SHD 5000 Wide"},"content":{"rendered":"<h1>ABL SHD 5000 \u2013 Ensiluokkainen ja tehokas ty\u00f6valo \u00e4\u00e4rimm\u00e4isiin olosuhteisiin<\/h1>\n<p>Tutustu ABL SHD 5000:een, joka on ensiluokkainen raskaan sarjan ty\u00f6valaisin, joka on suunniteltu ylitt\u00e4m\u00e4\u00e4n kovimmatkin vaatimukset kaikissa sovelluksissa. T\u00e4m\u00e4 ty\u00f6valo on rakennettu kest\u00e4m\u00e4\u00e4n \u00e4\u00e4rimm\u00e4isi\u00e4 olosuhteita ja tarjoamaan erinomaista suorituskyky\u00e4.<\/p>\n<p>Takaamme parhaan mahdollisen tehokkuuden ja kest\u00e4vyyden k\u00e4ytt\u00e4m\u00e4ll\u00e4 tiukkoja teknisi\u00e4 testausmenetelmi\u00e4. Jokainen ABL SHD 5000:n komponentti valmistetaan ja testataan Euroopassa, mik\u00e4 takaa korkeimman laadun ja luotettavuuden.<\/p>\n<p>Ty\u00f6valaisimessa on laaja valokeilakuvio, joka levitt\u00e4\u00e4 valon laajalle alueelle. Linssiss\u00e4 on karkaistua lasia ja vankka alumiinikotelo, jossa on M10-kiinnityspultti turvallista ja vakaata asennusta varten.<\/p>\n<p>Ty\u00f6valon liit\u00e4nt\u00e4 tapahtuu ADR-hyv\u00e4ksytyll\u00e4 DT-liittimell\u00e4, mik\u00e4 tarkoittaa, ett\u00e4 se t\u00e4ytt\u00e4\u00e4 autoteollisuuden korkeat turvallisuusvaatimukset. Ty\u00f6valo on my\u00f6s EMC-sertifioitu ISO 13766, ISO 14982 ja ISO 12985 -standardien mukaisesti, jotta se toimii moitteettomasti my\u00f6s s\u00e4hk\u00f6magneettisesti h\u00e4iriintyneiss\u00e4 ymp\u00e4rist\u00f6iss\u00e4.<\/p>\n<p>Olemme niin varmoja ABL SHD 5000:n laadusta ja luotettavuudesta, ett\u00e4 tarjoamme vaikuttavan 5 vuoden takuun. T\u00e4m\u00e4 antaa sinulle lis\u00e4\u00e4 mielenrauhaa ja luottamusta ostoosi.<\/p>\n<h2>Tuotteen tekniset tiedot:<\/h2>\n<ul>\n<li>Premium raskas ty\u00f6valo<\/li>\n<li>Laaja valokuvio<\/li>\n<li>Karkaistu lasi linssiss\u00e4<\/li>\n<li>Alumiinikotelo, jossa on M10 kiinnityspultti<\/li>\n<li>Liit\u00e4nt\u00e4: DT-liitin (ADR-hyv\u00e4ksytty)<\/li>\n<li>EMC-sertifiointi: ISO 13766, ISO 14982, ISO 12985.<\/li>\n<li>5 vuoden takuu<\/li>\n<\/ul>","protected":false},"excerpt":{"rendered":"<p>ABL SHD 5000 &#8211; Premium Heavy Duty Arbetslampa f\u00f6r Extrema F\u00f6rh\u00e5llanden Uppt\u00e4ck ABL SHD 5000, en premium heavy duty arbetslampa som \u00e4r speciellt utformad f\u00f6r att \u00f6vertr\u00e4ffa de tuffaste kraven inom alla applikationer. Denna arbetslampa \u00e4r byggd f\u00f6r att klara av extrema f\u00f6rh\u00e5llanden och leverera enast\u00e5ende prestanda. Vi garanterar h\u00f6gsta effektivitet och h\u00e5llbarhet genom att [&hellip;]<\/p>","protected":false},"featured_media":3526,"comment_status":"closed","ping_status":"open","template":"","meta":{"_acf_changed":false,"_smort_price_nok":"3199","_smort_price_dkk":"2032","_smort_price_eur":"272.26","_smort_sale_price_nok":"","_smort_sale_price_dkk":"","_smort_sale_price_eur":"","smort_restorder":"","shipmondo_restorder":"","_kad_blocks_custom_css":"","_kad_blocks_head_custom_js":"","_kad_blocks_body_custom_js":"","_kad_blocks_footer_custom_js":"","smort_custom_pricelist_1":"1916.8","smort_custom_pricelist_2":"1677.2","smort_custom_pricelist_3":"1593.34","smort_custom_pricelist_4":"2396","smort_custom_pricelist_5":"1677.2"},"anvandningsomrade":[],"bilmarken":[],"product_brand":[],"product_cat":[508],"product_tag":[2788],"class_list":{"0":"post-3525","1":"product","2":"type-product","3":"status-publish","4":"has-post-thumbnail","6":"product_cat-arbetsbelysning","7":"product_tag-black-week-exclude","8":"pa_fargtemperatur-6000k","9":"pa_fuktskydd-varde-ipxx-ip68-ip69k","10":"pa_godkannande-emc-iso-13766-iso-14982-iso-12985-cispr25-class-5","11":"pa_lampsockel-kontakt-dt","12":"pa_led-chips-effekt-w-712","13":"pa_storlek-mm-102x98x91","14":"pa_stromforbrukning-2a24v","15":"pa_volt-v-12-24","17":"first","18":"onbackorder","19":"taxable","20":"shipping-taxable","21":"purchasable","22":"product-type-simple"},"bundled_by":[],"bundle_stock_status":"onbackorder","bundle_stock_quantity":0,"bundle_virtual":false,"bundle_layout":"","bundle_add_to_cart_form_location":"","bundle_editable_in_cart":false,"bundle_sold_individually_context":"","bundle_item_grouping":"","bundle_min_size":"","bundle_max_size":"","bundle_price":[],"bundled_items":[],"bundle_sell_ids":[],"acf":[],"yoast_head":"<!-- This site is optimized with the Yoast SEO plugin v27.0 - https:\/\/yoast.com\/product\/yoast-seo-wordpress\/ -->\n<title>Arbetslampa ABL LED SHD 5000 Bred - Xenonkungen<\/title>\n<meta name=\"robots\" content=\"index, follow, max-snippet:-1, max-image-preview:large, max-video-preview:-1\" \/>\n<link rel=\"canonical\" href=\"http:\/\/xenonkungen.com\/fi\/tuote\/tyovalo-abl-led-shd-5000-levea\/\" \/>\n<meta property=\"og:locale\" content=\"fi_FI\" \/>\n<meta property=\"og:type\" content=\"article\" \/>\n<meta property=\"og:title\" content=\"Arbetslampa ABL LED SHD 5000 Bred - Xenonkungen\" \/>\n<meta property=\"og:description\" content=\"ABL SHD 5000 &#8211; Premium Heavy Duty Arbetslampa f\u00f6r Extrema F\u00f6rh\u00e5llanden Uppt\u00e4ck ABL SHD 5000, en premium heavy duty arbetslampa som \u00e4r speciellt utformad f\u00f6r att \u00f6vertr\u00e4ffa de tuffaste kraven inom alla applikationer. Denna arbetslampa \u00e4r byggd f\u00f6r att klara av extrema f\u00f6rh\u00e5llanden och leverera enast\u00e5ende prestanda. Vi garanterar h\u00f6gsta effektivitet och h\u00e5llbarhet genom att [&hellip;]\" \/>\n<meta property=\"og:url\" content=\"http:\/\/xenonkungen.com\/fi\/tuote\/tyovalo-abl-led-shd-5000-levea\/\" \/>\n<meta property=\"og:site_name\" content=\"Xenonkungen\" \/>\n<meta property=\"article:modified_time\" content=\"2026-04-24T15:51:02+00:00\" \/>\n<meta property=\"og:image\" content=\"https:\/\/xenonkungen.com\/wp-content\/uploads\/2025\/04\/203993813-origpic-a38d3b.jpg\" \/>\n\t<meta property=\"og:image:width\" content=\"2048\" \/>\n\t<meta property=\"og:image:height\" content=\"1536\" \/>\n\t<meta property=\"og:image:type\" content=\"image\/jpeg\" \/>\n<meta name=\"twitter:card\" content=\"summary_large_image\" \/>\n<meta name=\"twitter:label1\" content=\"Arvioitu lukuaika\" \/>\n\t<meta name=\"twitter:data1\" content=\"1 minuutti\" \/>\n<script type=\"application\/ld+json\" class=\"yoast-schema-graph\">{\"@context\":\"https:\/\/schema.org\",\"@graph\":[{\"@type\":\"WebPage\",\"@id\":\"http:\/\/xenonkungen.com\/en\/product\/work-lamp-abl-led-shd-5000-wide\/\",\"url\":\"http:\/\/xenonkungen.com\/en\/product\/work-lamp-abl-led-shd-5000-wide\/\",\"name\":\"Arbetslampa ABL LED SHD 5000 Bred - Xenonkungen\",\"isPartOf\":{\"@id\":\"https:\/\/xenonkungen.com\/#website\"},\"primaryImageOfPage\":{\"@id\":\"http:\/\/xenonkungen.com\/en\/product\/work-lamp-abl-led-shd-5000-wide\/#primaryimage\"},\"image\":{\"@id\":\"http:\/\/xenonkungen.com\/en\/product\/work-lamp-abl-led-shd-5000-wide\/#primaryimage\"},\"thumbnailUrl\":\"https:\/\/xenonkungen.com\/wp-content\/uploads\/2025\/04\/203993813-origpic-a38d3b.jpg\",\"datePublished\":\"2025-04-15T08:58:10+00:00\",\"dateModified\":\"2026-04-24T15:51:02+00:00\",\"breadcrumb\":{\"@id\":\"http:\/\/xenonkungen.com\/en\/product\/work-lamp-abl-led-shd-5000-wide\/#breadcrumb\"},\"inLanguage\":\"fi\",\"potentialAction\":[{\"@type\":\"ReadAction\",\"target\":[\"http:\/\/xenonkungen.com\/en\/product\/work-lamp-abl-led-shd-5000-wide\/\"]}]},{\"@type\":\"ImageObject\",\"inLanguage\":\"fi\",\"@id\":\"http:\/\/xenonkungen.com\/en\/product\/work-lamp-abl-led-shd-5000-wide\/#primaryimage\",\"url\":\"https:\/\/xenonkungen.com\/wp-content\/uploads\/2025\/04\/203993813-origpic-a38d3b.jpg\",\"contentUrl\":\"https:\/\/xenonkungen.com\/wp-content\/uploads\/2025\/04\/203993813-origpic-a38d3b.jpg\",\"width\":2048,\"height\":1536},{\"@type\":\"BreadcrumbList\",\"@id\":\"http:\/\/xenonkungen.com\/en\/product\/work-lamp-abl-led-shd-5000-wide\/#breadcrumb\",\"itemListElement\":[{\"@type\":\"ListItem\",\"position\":1,\"name\":\"Hem\",\"item\":\"https:\/\/xenonkungen.com\/\"},{\"@type\":\"ListItem\",\"position\":2,\"name\":\"Shop\",\"item\":\"https:\/\/xenonkungen.com\/shop\/\"},{\"@type\":\"ListItem\",\"position\":3,\"name\":\"Arbetslampa ABL LED SHD 5000 Bred\"}]},{\"@type\":\"WebSite\",\"@id\":\"https:\/\/xenonkungen.com\/#website\",\"url\":\"https:\/\/xenonkungen.com\/\",\"name\":\"Xenonkungen\",\"description\":\"\",\"potentialAction\":[{\"@type\":\"SearchAction\",\"target\":{\"@type\":\"EntryPoint\",\"urlTemplate\":\"https:\/\/xenonkungen.com\/?s={search_term_string}\"},\"query-input\":{\"@type\":\"PropertyValueSpecification\",\"valueRequired\":true,\"valueName\":\"search_term_string\"}}],\"inLanguage\":\"fi\"}]}<\/script>\n<!-- \/ Yoast SEO plugin. -->","yoast_head_json":{"title":"Ty\u00f6valo ABL LED SHD 5000 Wide - Xenonkungen","robots":{"index":"index","follow":"follow","max-snippet":"max-snippet:-1","max-image-preview":"max-image-preview:large","max-video-preview":"max-video-preview:-1"},"canonical":"http:\/\/xenonkungen.com\/fi\/tuote\/tyovalo-abl-led-shd-5000-levea\/","og_locale":"fi_FI","og_type":"article","og_title":"Arbetslampa ABL LED SHD 5000 Bred - Xenonkungen","og_description":"ABL SHD 5000 &#8211; Premium Heavy Duty Arbetslampa f\u00f6r Extrema F\u00f6rh\u00e5llanden Uppt\u00e4ck ABL SHD 5000, en premium heavy duty arbetslampa som \u00e4r speciellt utformad f\u00f6r att \u00f6vertr\u00e4ffa de tuffaste kraven inom alla applikationer. Denna arbetslampa \u00e4r byggd f\u00f6r att klara av extrema f\u00f6rh\u00e5llanden och leverera enast\u00e5ende prestanda. Vi garanterar h\u00f6gsta effektivitet och h\u00e5llbarhet genom att [&hellip;]","og_url":"http:\/\/xenonkungen.com\/fi\/tuote\/tyovalo-abl-led-shd-5000-levea\/","og_site_name":"Xenonkungen","article_modified_time":"2026-04-24T15:51:02+00:00","og_image":[{"width":2048,"height":1536,"url":"https:\/\/xenonkungen.com\/wp-content\/uploads\/2025\/04\/203993813-origpic-a38d3b.jpg","type":"image\/jpeg"}],"twitter_card":"summary_large_image","twitter_misc":{"Arvioitu lukuaika":"1 minuutti"},"schema":{"@context":"https:\/\/schema.org","@graph":[{"@type":"WebPage","@id":"http:\/\/xenonkungen.com\/en\/product\/work-lamp-abl-led-shd-5000-wide\/","url":"http:\/\/xenonkungen.com\/en\/product\/work-lamp-abl-led-shd-5000-wide\/","name":"Ty\u00f6valo ABL LED SHD 5000 Wide - Xenonkungen","isPartOf":{"@id":"https:\/\/xenonkungen.com\/#website"},"primaryImageOfPage":{"@id":"http:\/\/xenonkungen.com\/en\/product\/work-lamp-abl-led-shd-5000-wide\/#primaryimage"},"image":{"@id":"http:\/\/xenonkungen.com\/en\/product\/work-lamp-abl-led-shd-5000-wide\/#primaryimage"},"thumbnailUrl":"https:\/\/xenonkungen.com\/wp-content\/uploads\/2025\/04\/203993813-origpic-a38d3b.jpg","datePublished":"2025-04-15T08:58:10+00:00","dateModified":"2026-04-24T15:51:02+00:00","breadcrumb":{"@id":"http:\/\/xenonkungen.com\/en\/product\/work-lamp-abl-led-shd-5000-wide\/#breadcrumb"},"inLanguage":"fi","potentialAction":[{"@type":"ReadAction","target":["http:\/\/xenonkungen.com\/en\/product\/work-lamp-abl-led-shd-5000-wide\/"]}]},{"@type":"ImageObject","inLanguage":"fi","@id":"http:\/\/xenonkungen.com\/en\/product\/work-lamp-abl-led-shd-5000-wide\/#primaryimage","url":"https:\/\/xenonkungen.com\/wp-content\/uploads\/2025\/04\/203993813-origpic-a38d3b.jpg","contentUrl":"https:\/\/xenonkungen.com\/wp-content\/uploads\/2025\/04\/203993813-origpic-a38d3b.jpg","width":2048,"height":1536},{"@type":"BreadcrumbList","@id":"http:\/\/xenonkungen.com\/en\/product\/work-lamp-abl-led-shd-5000-wide\/#breadcrumb","itemListElement":[{"@type":"ListItem","position":1,"name":"Hem","item":"https:\/\/xenonkungen.com\/"},{"@type":"ListItem","position":2,"name":"Shop","item":"https:\/\/xenonkungen.com\/shop\/"},{"@type":"ListItem","position":3,"name":"Arbetslampa ABL LED SHD 5000 Bred"}]},{"@type":"WebSite","@id":"https:\/\/xenonkungen.com\/#website","url":"https:\/\/xenonkungen.com\/","name":"Xenonkungen","description":"","potentialAction":[{"@type":"SearchAction","target":{"@type":"EntryPoint","urlTemplate":"https:\/\/xenonkungen.com\/?s={search_term_string}"},"query-input":{"@type":"PropertyValueSpecification","valueRequired":true,"valueName":"search_term_string"}}],"inLanguage":"fi"}]}},"taxonomy_info":{"product_cat":[{"value":508,"label":"Arbetsbelysning"}],"product_tag":[{"value":2788,"label":"black-week-exclude"}],"pa_fargtemperatur":[{"value":188,"label":"6000K"}],"pa_fuktskydd-varde-ipxx":[{"value":402,"label":"IP68. IP69K"}],"pa_godkannande":[{"value":1165,"label":"EMC: ISO 13766 - ISO 14982 - ISO 12985 - CISPR25 Class 5"}],"pa_lampsockel-kontakt":[{"value":329,"label":"DT"}],"pa_led-chips-effekt-w":[{"value":712,"label":"48"}],"pa_storlek-mm":[{"value":1164,"label":"102x98x91"}],"pa_stromforbrukning":[{"value":813,"label":"2A@24V"}],"pa_volt-v":[{"value":348,"label":"12, 24"}]},"featured_image_src_large":["https:\/\/xenonkungen.com\/wp-content\/uploads\/2025\/04\/203993813-origpic-a38d3b-1024x768.jpg",1024,768,true],"author_info":[],"comment_info":0,"_links":{"self":[{"href":"https:\/\/xenonkungen.com\/fi\/wp-json\/wp\/v2\/product\/3525","targetHints":{"allow":["GET"]}}],"collection":[{"href":"https:\/\/xenonkungen.com\/fi\/wp-json\/wp\/v2\/product"}],"about":[{"href":"https:\/\/xenonkungen.com\/fi\/wp-json\/wp\/v2\/types\/product"}],"replies":[{"embeddable":true,"href":"https:\/\/xenonkungen.com\/fi\/wp-json\/wp\/v2\/comments?post=3525"}],"wp:featuredmedia":[{"embeddable":true,"href":"https:\/\/xenonkungen.com\/fi\/wp-json\/wp\/v2\/media\/3526"}],"wp:attachment":[{"href":"https:\/\/xenonkungen.com\/fi\/wp-json\/wp\/v2\/media?parent=3525"}],"wp:term":[{"taxonomy":"anvandningsomrade","embeddable":true,"href":"https:\/\/xenonkungen.com\/fi\/wp-json\/wp\/v2\/anvandningsomrade?post=3525"},{"taxonomy":"bilmarken","embeddable":true,"href":"https:\/\/xenonkungen.com\/fi\/wp-json\/wp\/v2\/bilmarken?post=3525"},{"taxonomy":"product_brand","embeddable":true,"href":"https:\/\/xenonkungen.com\/fi\/wp-json\/wp\/v2\/product_brand?post=3525"},{"taxonomy":"product_cat","embeddable":true,"href":"https:\/\/xenonkungen.com\/fi\/wp-json\/wp\/v2\/product_cat?post=3525"},{"taxonomy":"product_tag","embeddable":true,"href":"https:\/\/xenonkungen.com\/fi\/wp-json\/wp\/v2\/product_tag?post=3525"}],"curies":[{"name":"wp","href":"https:\/\/api.w.org\/{rel}","templated":true}]}}