{"id":3538,"date":"2025-04-15T08:58:10","date_gmt":"2025-04-15T08:58:10","guid":{"rendered":"https:\/\/xenonkungen.com\/product\/arbetslampa-abl-sl1000-r23-gjutet-faste-bulk-12st-frp\/"},"modified":"2026-04-24T16:51:06","modified_gmt":"2026-04-24T15:51:06","slug":"tyovalo-abl-sl1000-r23-valettu-kiintea-irtotavarana-12-kpl-frp","status":"publish","type":"product","link":"https:\/\/xenonkungen.com\/fi\/tuote\/tyovalo-abl-sl1000-r23-valettu-kiintea-irtotavarana-12-kpl-frp\/","title":{"rendered":"Ty\u00f6valaisin ABL SL1000 R23 valettu kiinnike Bulk 12kpl\/pakkaus"},"content":{"rendered":"<h1>ABL SL 1000 R23: ADR-hyv\u00e4ksytty ty\u00f6- ja peruutusvalo kaikkiin k\u00e4ytt\u00f6tarkoituksiin.<\/h1>\n<p>ABL SL 1000 R23, jossa on valettu kiinnike, on ADR-hyv\u00e4ksytty ty\u00f6- ja peruutusvalaisin, joka on suunniteltu t\u00e4ytt\u00e4m\u00e4\u00e4n ja ylitt\u00e4m\u00e4\u00e4n alan korkeat vaatimukset. T\u00e4m\u00e4 kaikkiin sovelluksiin soveltuva valaisin takaa parhaan mahdollisen tehokkuuden ja kest\u00e4vyyden vaativimmissakin k\u00e4ytt\u00f6olosuhteissa. Toimitetaan irtotavarana 24 kappaletta pakkauksessa.<\/p>\n<h2>Valmistettu ja testattu Euroopassa<\/h2>\n<p>ABL SL 1000 R23 on k\u00e4ynyt l\u00e4pi tiukat tekniset testit suorituskyvyn ja kest\u00e4vyyden varmistamiseksi. Kaikki sen osat valmistetaan ja testataan Euroopassa, mik\u00e4 osaltaan takaa tuotteen korkeat laatuvaatimukset.<\/p>\n<h2>Helppo liit\u00e4nt\u00e4 ja EMC-yhteensopiva<\/h2>\n<p>Sopii helppoon liit\u00e4nt\u00e4\u00e4n sis\u00e4\u00e4nrakennetun 2-napaisen DT-liittimen avulla. Valaisin on my\u00f6s useiden EMC-standardien, kuten ISO 13766, ISO 14982, ISO 12985 ja CISPR25 Class 5, mukainen, joten se on erinomainen ratkaisu ammattik\u00e4ytt\u00f6\u00f6n ja teollisiin sovelluksiin.<\/p>\n<h2>Viiden vuoden takuu<\/h2>\n<p>Luotamme ABL SL 1000 R23:n laatuun ja my\u00f6nn\u00e4mme siksi viiden vuoden takuun. Voit luottaa siihen, ett\u00e4 t\u00e4m\u00e4 vankka ja tehokas valaisin t\u00e4ytt\u00e4\u00e4 tarpeesi pitk\u00e4\u00e4n.<\/p>","protected":false},"excerpt":{"rendered":"<p>ABL SL 1000 R23: ADR-Godk\u00e4nd Arbets- och Backlampa f\u00f6r Alla Applikationer ABL SL 1000 R23 med gjutet f\u00e4ste \u00e4r en ADR-godk\u00e4nd arbets- och backlampa, utformad f\u00f6r att uppfylla och \u00f6vertr\u00e4ffa branschens h\u00f6ga krav. L\u00e4mplig f\u00f6r alla applikationer, denna lampa garanterar h\u00f6gsta effektivitet och h\u00e5llbarhet, \u00e4ven under de mest kr\u00e4vande driftsf\u00f6rh\u00e5llanden. Levereras i bulk om 24 [&hellip;]<\/p>","protected":false},"featured_media":3539,"comment_status":"closed","ping_status":"open","template":"","meta":{"_acf_changed":false,"_smort_price_nok":"860","_smort_price_dkk":"546","_smort_price_eur":"73.18","_smort_sale_price_nok":"","_smort_sale_price_dkk":"","_smort_sale_price_eur":"","smort_restorder":"","shipmondo_restorder":"","_kad_blocks_custom_css":"","_kad_blocks_head_custom_js":"","_kad_blocks_body_custom_js":"","_kad_blocks_footer_custom_js":"","smort_custom_pricelist_1":"515.2","smort_custom_pricelist_2":"450.8","smort_custom_pricelist_3":"428.26","smort_custom_pricelist_4":"644","smort_custom_pricelist_5":"450.8"},"anvandningsomrade":[],"bilmarken":[],"product_brand":[],"product_cat":[508],"product_tag":[2788],"class_list":{"0":"post-3538","1":"product","2":"type-product","3":"status-publish","4":"has-post-thumbnail","6":"product_cat-arbetsbelysning","7":"product_tag-black-week-exclude","8":"pa_fargtemperatur-6000k","9":"pa_fuktskydd-varde-ipxx-ip69k","10":"pa_godkannande-emc-iso-13766-iso-14982-iso-12985-cispr25-class-5","11":"pa_lampsockel-kontakt-dt","12":"pa_led-chips-effekt-w-1167","13":"pa_storlek-mm-101x97x57","14":"pa_stromforbrukning-058a24v","15":"pa_volt-v-12-24","17":"first","18":"onbackorder","19":"taxable","20":"shipping-taxable","21":"purchasable","22":"product-type-simple"},"bundled_by":[],"bundle_stock_status":"onbackorder","bundle_stock_quantity":0,"bundle_virtual":false,"bundle_layout":"","bundle_add_to_cart_form_location":"","bundle_editable_in_cart":false,"bundle_sold_individually_context":"","bundle_item_grouping":"","bundle_min_size":"","bundle_max_size":"","bundle_price":[],"bundled_items":[],"bundle_sell_ids":[],"acf":[],"yoast_head":"<!-- This site is optimized with the Yoast SEO plugin v27.0 - https:\/\/yoast.com\/product\/yoast-seo-wordpress\/ -->\n<title>Arbetslampa ABL SL1000 R23 gjutet f\u00e4ste Bulk 12st\/frp - Xenonkungen<\/title>\n<meta name=\"robots\" content=\"index, follow, max-snippet:-1, max-image-preview:large, max-video-preview:-1\" \/>\n<link rel=\"canonical\" href=\"https:\/\/xenonkungen.com\/fi\/tuote\/tyovalo-abl-sl1000-r23-valettu-kiintea-irtotavarana-12-kpl-frp\/\" \/>\n<meta property=\"og:locale\" content=\"fi_FI\" \/>\n<meta property=\"og:type\" content=\"article\" \/>\n<meta property=\"og:title\" content=\"Arbetslampa ABL SL1000 R23 gjutet f\u00e4ste Bulk 12st\/frp - Xenonkungen\" \/>\n<meta property=\"og:description\" content=\"ABL SL 1000 R23: ADR-Godk\u00e4nd Arbets- och Backlampa f\u00f6r Alla Applikationer ABL SL 1000 R23 med gjutet f\u00e4ste \u00e4r en ADR-godk\u00e4nd arbets- och backlampa, utformad f\u00f6r att uppfylla och \u00f6vertr\u00e4ffa branschens h\u00f6ga krav. L\u00e4mplig f\u00f6r alla applikationer, denna lampa garanterar h\u00f6gsta effektivitet och h\u00e5llbarhet, \u00e4ven under de mest kr\u00e4vande driftsf\u00f6rh\u00e5llanden. Levereras i bulk om 24 [&hellip;]\" \/>\n<meta property=\"og:url\" content=\"https:\/\/xenonkungen.com\/fi\/tuote\/tyovalo-abl-sl1000-r23-valettu-kiintea-irtotavarana-12-kpl-frp\/\" \/>\n<meta property=\"og:site_name\" content=\"Xenonkungen\" \/>\n<meta property=\"article:modified_time\" content=\"2026-04-24T15:51:06+00:00\" \/>\n<meta property=\"og:image\" content=\"https:\/\/xenonkungen.com\/wp-content\/uploads\/2025\/04\/273-611B_itemimage_mainfront.jpg\" \/>\n\t<meta property=\"og:image:width\" content=\"2048\" \/>\n\t<meta property=\"og:image:height\" content=\"1536\" \/>\n\t<meta property=\"og:image:type\" content=\"image\/jpeg\" \/>\n<meta name=\"twitter:card\" content=\"summary_large_image\" \/>\n<meta name=\"twitter:label1\" content=\"Arvioitu lukuaika\" \/>\n\t<meta name=\"twitter:data1\" content=\"1 minuutti\" \/>\n<script type=\"application\/ld+json\" class=\"yoast-schema-graph\">{\"@context\":\"https:\/\/schema.org\",\"@graph\":[{\"@type\":\"WebPage\",\"@id\":\"https:\/\/xenonkungen.com\/dk\/vare\/arbejdslampe-abl-sl1000-r23-stobt-massiv-bulk-12-stk-frp\/\",\"url\":\"https:\/\/xenonkungen.com\/dk\/vare\/arbejdslampe-abl-sl1000-r23-stobt-massiv-bulk-12-stk-frp\/\",\"name\":\"Arbetslampa ABL SL1000 R23 gjutet f\u00e4ste Bulk 12st\/frp - Xenonkungen\",\"isPartOf\":{\"@id\":\"https:\/\/xenonkungen.com\/#website\"},\"primaryImageOfPage\":{\"@id\":\"https:\/\/xenonkungen.com\/dk\/vare\/arbejdslampe-abl-sl1000-r23-stobt-massiv-bulk-12-stk-frp\/#primaryimage\"},\"image\":{\"@id\":\"https:\/\/xenonkungen.com\/dk\/vare\/arbejdslampe-abl-sl1000-r23-stobt-massiv-bulk-12-stk-frp\/#primaryimage\"},\"thumbnailUrl\":\"https:\/\/xenonkungen.com\/wp-content\/uploads\/2025\/04\/273-611B_itemimage_mainfront.jpg\",\"datePublished\":\"2025-04-15T08:58:10+00:00\",\"dateModified\":\"2026-04-24T15:51:06+00:00\",\"breadcrumb\":{\"@id\":\"https:\/\/xenonkungen.com\/dk\/vare\/arbejdslampe-abl-sl1000-r23-stobt-massiv-bulk-12-stk-frp\/#breadcrumb\"},\"inLanguage\":\"fi\",\"potentialAction\":[{\"@type\":\"ReadAction\",\"target\":[\"https:\/\/xenonkungen.com\/dk\/vare\/arbejdslampe-abl-sl1000-r23-stobt-massiv-bulk-12-stk-frp\/\"]}]},{\"@type\":\"ImageObject\",\"inLanguage\":\"fi\",\"@id\":\"https:\/\/xenonkungen.com\/dk\/vare\/arbejdslampe-abl-sl1000-r23-stobt-massiv-bulk-12-stk-frp\/#primaryimage\",\"url\":\"https:\/\/xenonkungen.com\/wp-content\/uploads\/2025\/04\/273-611B_itemimage_mainfront.jpg\",\"contentUrl\":\"https:\/\/xenonkungen.com\/wp-content\/uploads\/2025\/04\/273-611B_itemimage_mainfront.jpg\",\"width\":2048,\"height\":1536},{\"@type\":\"BreadcrumbList\",\"@id\":\"https:\/\/xenonkungen.com\/dk\/vare\/arbejdslampe-abl-sl1000-r23-stobt-massiv-bulk-12-stk-frp\/#breadcrumb\",\"itemListElement\":[{\"@type\":\"ListItem\",\"position\":1,\"name\":\"Hem\",\"item\":\"https:\/\/xenonkungen.com\/\"},{\"@type\":\"ListItem\",\"position\":2,\"name\":\"Shop\",\"item\":\"https:\/\/xenonkungen.com\/shop\/\"},{\"@type\":\"ListItem\",\"position\":3,\"name\":\"Arbetslampa ABL SL1000 R23 gjutet f\u00e4ste Bulk 12st\/frp\"}]},{\"@type\":\"WebSite\",\"@id\":\"https:\/\/xenonkungen.com\/#website\",\"url\":\"https:\/\/xenonkungen.com\/\",\"name\":\"Xenonkungen\",\"description\":\"\",\"potentialAction\":[{\"@type\":\"SearchAction\",\"target\":{\"@type\":\"EntryPoint\",\"urlTemplate\":\"https:\/\/xenonkungen.com\/?s={search_term_string}\"},\"query-input\":{\"@type\":\"PropertyValueSpecification\",\"valueRequired\":true,\"valueName\":\"search_term_string\"}}],\"inLanguage\":\"fi\"}]}<\/script>\n<!-- \/ Yoast SEO plugin. -->","yoast_head_json":{"title":"Ty\u00f6valo ABL SL1000 R23 valettu kiinnike Irtotavarana 12 kpl\/frp - Xenonkungen","robots":{"index":"index","follow":"follow","max-snippet":"max-snippet:-1","max-image-preview":"max-image-preview:large","max-video-preview":"max-video-preview:-1"},"canonical":"https:\/\/xenonkungen.com\/fi\/tuote\/tyovalo-abl-sl1000-r23-valettu-kiintea-irtotavarana-12-kpl-frp\/","og_locale":"fi_FI","og_type":"article","og_title":"Arbetslampa ABL SL1000 R23 gjutet f\u00e4ste Bulk 12st\/frp - Xenonkungen","og_description":"ABL SL 1000 R23: ADR-Godk\u00e4nd Arbets- och Backlampa f\u00f6r Alla Applikationer ABL SL 1000 R23 med gjutet f\u00e4ste \u00e4r en ADR-godk\u00e4nd arbets- och backlampa, utformad f\u00f6r att uppfylla och \u00f6vertr\u00e4ffa branschens h\u00f6ga krav. L\u00e4mplig f\u00f6r alla applikationer, denna lampa garanterar h\u00f6gsta effektivitet och h\u00e5llbarhet, \u00e4ven under de mest kr\u00e4vande driftsf\u00f6rh\u00e5llanden. Levereras i bulk om 24 [&hellip;]","og_url":"https:\/\/xenonkungen.com\/fi\/tuote\/tyovalo-abl-sl1000-r23-valettu-kiintea-irtotavarana-12-kpl-frp\/","og_site_name":"Xenonkungen","article_modified_time":"2026-04-24T15:51:06+00:00","og_image":[{"width":2048,"height":1536,"url":"https:\/\/xenonkungen.com\/wp-content\/uploads\/2025\/04\/273-611B_itemimage_mainfront.jpg","type":"image\/jpeg"}],"twitter_card":"summary_large_image","twitter_misc":{"Arvioitu lukuaika":"1 minuutti"},"schema":{"@context":"https:\/\/schema.org","@graph":[{"@type":"WebPage","@id":"https:\/\/xenonkungen.com\/dk\/vare\/arbejdslampe-abl-sl1000-r23-stobt-massiv-bulk-12-stk-frp\/","url":"https:\/\/xenonkungen.com\/dk\/vare\/arbejdslampe-abl-sl1000-r23-stobt-massiv-bulk-12-stk-frp\/","name":"Ty\u00f6valo ABL SL1000 R23 valettu kiinnike Irtotavarana 12 kpl\/frp - Xenonkungen","isPartOf":{"@id":"https:\/\/xenonkungen.com\/#website"},"primaryImageOfPage":{"@id":"https:\/\/xenonkungen.com\/dk\/vare\/arbejdslampe-abl-sl1000-r23-stobt-massiv-bulk-12-stk-frp\/#primaryimage"},"image":{"@id":"https:\/\/xenonkungen.com\/dk\/vare\/arbejdslampe-abl-sl1000-r23-stobt-massiv-bulk-12-stk-frp\/#primaryimage"},"thumbnailUrl":"https:\/\/xenonkungen.com\/wp-content\/uploads\/2025\/04\/273-611B_itemimage_mainfront.jpg","datePublished":"2025-04-15T08:58:10+00:00","dateModified":"2026-04-24T15:51:06+00:00","breadcrumb":{"@id":"https:\/\/xenonkungen.com\/dk\/vare\/arbejdslampe-abl-sl1000-r23-stobt-massiv-bulk-12-stk-frp\/#breadcrumb"},"inLanguage":"fi","potentialAction":[{"@type":"ReadAction","target":["https:\/\/xenonkungen.com\/dk\/vare\/arbejdslampe-abl-sl1000-r23-stobt-massiv-bulk-12-stk-frp\/"]}]},{"@type":"ImageObject","inLanguage":"fi","@id":"https:\/\/xenonkungen.com\/dk\/vare\/arbejdslampe-abl-sl1000-r23-stobt-massiv-bulk-12-stk-frp\/#primaryimage","url":"https:\/\/xenonkungen.com\/wp-content\/uploads\/2025\/04\/273-611B_itemimage_mainfront.jpg","contentUrl":"https:\/\/xenonkungen.com\/wp-content\/uploads\/2025\/04\/273-611B_itemimage_mainfront.jpg","width":2048,"height":1536},{"@type":"BreadcrumbList","@id":"https:\/\/xenonkungen.com\/dk\/vare\/arbejdslampe-abl-sl1000-r23-stobt-massiv-bulk-12-stk-frp\/#breadcrumb","itemListElement":[{"@type":"ListItem","position":1,"name":"Hem","item":"https:\/\/xenonkungen.com\/"},{"@type":"ListItem","position":2,"name":"Shop","item":"https:\/\/xenonkungen.com\/shop\/"},{"@type":"ListItem","position":3,"name":"Arbetslampa ABL SL1000 R23 gjutet f\u00e4ste Bulk 12st\/frp"}]},{"@type":"WebSite","@id":"https:\/\/xenonkungen.com\/#website","url":"https:\/\/xenonkungen.com\/","name":"Xenonkungen","description":"","potentialAction":[{"@type":"SearchAction","target":{"@type":"EntryPoint","urlTemplate":"https:\/\/xenonkungen.com\/?s={search_term_string}"},"query-input":{"@type":"PropertyValueSpecification","valueRequired":true,"valueName":"search_term_string"}}],"inLanguage":"fi"}]}},"taxonomy_info":{"product_cat":[{"value":508,"label":"Arbetsbelysning"}],"product_tag":[{"value":2788,"label":"black-week-exclude"}],"pa_fargtemperatur":[{"value":188,"label":"6000K"}],"pa_fuktskydd-varde-ipxx":[{"value":155,"label":"IP69K"}],"pa_godkannande":[{"value":1165,"label":"EMC: ISO 13766 - ISO 14982 - ISO 12985 - CISPR25 Class 5"}],"pa_lampsockel-kontakt":[{"value":329,"label":"DT"}],"pa_led-chips-effekt-w":[{"value":1167,"label":"14"}],"pa_storlek-mm":[{"value":1166,"label":"101x97x57"}],"pa_stromforbrukning":[{"value":1168,"label":"0,58A@24V"}],"pa_volt-v":[{"value":348,"label":"12, 24"}]},"featured_image_src_large":["https:\/\/xenonkungen.com\/wp-content\/uploads\/2025\/04\/273-611B_itemimage_mainfront-1024x768.jpg",1024,768,true],"author_info":[],"comment_info":0,"_links":{"self":[{"href":"https:\/\/xenonkungen.com\/fi\/wp-json\/wp\/v2\/product\/3538","targetHints":{"allow":["GET"]}}],"collection":[{"href":"https:\/\/xenonkungen.com\/fi\/wp-json\/wp\/v2\/product"}],"about":[{"href":"https:\/\/xenonkungen.com\/fi\/wp-json\/wp\/v2\/types\/product"}],"replies":[{"embeddable":true,"href":"https:\/\/xenonkungen.com\/fi\/wp-json\/wp\/v2\/comments?post=3538"}],"wp:featuredmedia":[{"embeddable":true,"href":"https:\/\/xenonkungen.com\/fi\/wp-json\/wp\/v2\/media\/3539"}],"wp:attachment":[{"href":"https:\/\/xenonkungen.com\/fi\/wp-json\/wp\/v2\/media?parent=3538"}],"wp:term":[{"taxonomy":"anvandningsomrade","embeddable":true,"href":"https:\/\/xenonkungen.com\/fi\/wp-json\/wp\/v2\/anvandningsomrade?post=3538"},{"taxonomy":"bilmarken","embeddable":true,"href":"https:\/\/xenonkungen.com\/fi\/wp-json\/wp\/v2\/bilmarken?post=3538"},{"taxonomy":"product_brand","embeddable":true,"href":"https:\/\/xenonkungen.com\/fi\/wp-json\/wp\/v2\/product_brand?post=3538"},{"taxonomy":"product_cat","embeddable":true,"href":"https:\/\/xenonkungen.com\/fi\/wp-json\/wp\/v2\/product_cat?post=3538"},{"taxonomy":"product_tag","embeddable":true,"href":"https:\/\/xenonkungen.com\/fi\/wp-json\/wp\/v2\/product_tag?post=3538"}],"curies":[{"name":"wp","href":"https:\/\/api.w.org\/{rel}","templated":true}]}}