{"id":3560,"date":"2025-04-15T08:58:40","date_gmt":"2025-04-15T08:58:40","guid":{"rendered":"https:\/\/xenonkungen.com\/product\/arbetslampa-abl-sla-2000-compact-bred-asymmetrisk\/"},"modified":"2026-04-24T16:51:12","modified_gmt":"2026-04-24T15:51:12","slug":"tyovalo-abl-sla-2000-kompakti-levea-epasymmetrinen","status":"publish","type":"product","link":"https:\/\/xenonkungen.com\/fi\/tuote\/tyovalo-abl-sla-2000-kompakti-levea-epasymmetrinen\/","title":{"rendered":"Ty\u00f6valaisin ABL SLA 2000 kompakti leve\u00e4 ep\u00e4symmetrinen valaisin"},"content":{"rendered":"<h1>ABL SL2000 FL: Ty\u00f6lamppujen puristettu teho<\/h1>\n<p>ABL SL2000 FL -ty\u00f6pistevalaisin tarjoaa tehokkaan ja vakaan valaistuksen kaikkiin tarpeisiisi. T\u00e4m\u00e4 ty\u00f6valo on suunniteltu erityisesti t\u00e4ytt\u00e4m\u00e4\u00e4n ja ylitt\u00e4m\u00e4\u00e4n vaativat teollisuusvaatimukset, joten se on ihanteellinen ratkaisu erilaisiin sovelluksiin. Kompaktista koostaan huolimatta t\u00e4m\u00e4 ty\u00f6valaisin tarjoaa laajan symmetrisen valokuvion tehokasta valaistusta varten.<\/p>\n<h2>Ominaisuudet:<\/h2>\n<ol>\n<li><strong>Kompakti ja tehokas:<\/strong> SL2000 FL -ty\u00f6valaisimessa on kompakti muotoilu, sill\u00e4 sen syvyys on vain 57 mm. Pienest\u00e4 koostaan huolimatta se tarjoaa tehokkaan valaistuksen kaikkiin ty\u00f6teht\u00e4viin.<\/li>\n<li><strong>Korkea laatu:<\/strong> T\u00e4m\u00e4 ty\u00f6valaisin on valmistettu ja testattu Euroopassa korkean laadun ja suorituskyvyn takaamiseksi.<\/li>\n<li><strong>Kest\u00e4\u00e4 kovia olosuhteita:<\/strong> SL2000 FL on l\u00e4pik\u00e4ynyt tiukat tekniset testit, jotta sen kest\u00e4vyys ja tehokkuus voidaan varmistaa my\u00f6s vaikeimmissa olosuhteissa.<\/li>\n<li><strong>Sis\u00e4\u00e4nrakennettu 2-napainen DT-liitin:<\/strong> Sis\u00e4lt\u00e4\u00e4 sis\u00e4\u00e4nrakennetun 2-napaisen DT-liittimen helppoa asennusta ja k\u00e4ytt\u00f6\u00e4 varten.<\/li>\n<li><strong>EMC:<\/strong> T\u00e4ytt\u00e4\u00e4 EMC-standardit ISO 13766, ISO 14982, ISO 12985 ja CISPR25 luokka 5 turvallista ja luotettavaa k\u00e4ytt\u00f6\u00e4 varten.<\/li>\n<li><strong>5 vuoden takuu:<\/strong> Tarjoamme SL2000 FL -ty\u00f6valoille 5 vuoden takuun, joka antaa sinulle lis\u00e4\u00e4 mielenrauhaa ja turvallisuutta.<\/li>\n<\/ol>\n<p>ABL SL2000 FL -ty\u00f6valaisimen avulla voit luottaa vakaaseen ja tehokkaaseen valaistukseen ty\u00f6olosuhteista riippumatta. Investoi t\u00e4h\u00e4n ty\u00f6valaisimeen jo t\u00e4n\u00e4\u00e4n parempaa ty\u00f6kokemusta varten.<\/p>","protected":false},"excerpt":{"rendered":"<p>ABL SL2000 FL: Komprimerad Kraft i Arbetslampor ABL SL2000 FL arbetsbelysning ger en kraftfull och stabil belysning f\u00f6r alla dina behov. Denna arbetsbelysning \u00e4r speciellt utformad f\u00f6r att m\u00f6ta och \u00f6vertr\u00e4ffa kr\u00e4vande branschkrav, vilket g\u00f6r den till en idealisk l\u00f6sning f\u00f6r olika till\u00e4mpningar. Trots sitt kompakta format, ger denna arbetslampa en bred symmetrisk ljusbild f\u00f6r [&hellip;]<\/p>","protected":false},"featured_media":3561,"comment_status":"closed","ping_status":"open","template":"","meta":{"_acf_changed":false,"_smort_price_nok":"1319","_smort_price_dkk":"838","_smort_price_eur":"112.27","_smort_sale_price_nok":"","_smort_sale_price_dkk":"","_smort_sale_price_eur":"","smort_restorder":"","shipmondo_restorder":"","_kad_blocks_custom_css":"","_kad_blocks_head_custom_js":"","_kad_blocks_body_custom_js":"","_kad_blocks_footer_custom_js":"","smort_custom_pricelist_1":"790.4","smort_custom_pricelist_2":"691.6","smort_custom_pricelist_3":"657.02","smort_custom_pricelist_4":"988","smort_custom_pricelist_5":"691.6"},"anvandningsomrade":[],"bilmarken":[],"product_brand":[],"product_cat":[508],"product_tag":[2788],"class_list":{"0":"post-3560","1":"product","2":"type-product","3":"status-publish","4":"has-post-thumbnail","6":"product_cat-arbetsbelysning","7":"product_tag-black-week-exclude","8":"pa_fargtemperatur-6000k","9":"pa_fuktskydd-varde-ipxx-ip69k","10":"pa_godkannande-emc-iso-13766-iso-14982-iso-12985-cispr25-class-5","11":"pa_lampsockel-kontakt-dt","12":"pa_led-chips-effekt-w-1169","13":"pa_storlek-mm-101x97x57","14":"pa_stromforbrukning-12a24v","15":"pa_volt-v-12-24","17":"first","18":"onbackorder","19":"taxable","20":"shipping-taxable","21":"purchasable","22":"product-type-simple"},"bundled_by":[],"bundle_stock_status":"onbackorder","bundle_stock_quantity":0,"bundle_virtual":false,"bundle_layout":"","bundle_add_to_cart_form_location":"","bundle_editable_in_cart":false,"bundle_sold_individually_context":"","bundle_item_grouping":"","bundle_min_size":"","bundle_max_size":"","bundle_price":[],"bundled_items":[],"bundle_sell_ids":[],"acf":[],"yoast_head":"<!-- This site is optimized with the Yoast SEO plugin v27.0 - https:\/\/yoast.com\/product\/yoast-seo-wordpress\/ -->\n<title>Arbetslampa ABL SLA 2000 compact bred asymmetrisk - Xenonkungen<\/title>\n<meta name=\"robots\" content=\"index, follow, max-snippet:-1, max-image-preview:large, max-video-preview:-1\" \/>\n<link rel=\"canonical\" href=\"https:\/\/xenonkungen.com\/fi\/tuote\/tyovalo-abl-sla-2000-kompakti-levea-epasymmetrinen\/\" \/>\n<meta property=\"og:locale\" content=\"fi_FI\" \/>\n<meta property=\"og:type\" content=\"article\" \/>\n<meta property=\"og:title\" content=\"Arbetslampa ABL SLA 2000 compact bred asymmetrisk - Xenonkungen\" \/>\n<meta property=\"og:description\" content=\"ABL SL2000 FL: Komprimerad Kraft i Arbetslampor ABL SL2000 FL arbetsbelysning ger en kraftfull och stabil belysning f\u00f6r alla dina behov. Denna arbetsbelysning \u00e4r speciellt utformad f\u00f6r att m\u00f6ta och \u00f6vertr\u00e4ffa kr\u00e4vande branschkrav, vilket g\u00f6r den till en idealisk l\u00f6sning f\u00f6r olika till\u00e4mpningar. Trots sitt kompakta format, ger denna arbetslampa en bred symmetrisk ljusbild f\u00f6r [&hellip;]\" \/>\n<meta property=\"og:url\" content=\"https:\/\/xenonkungen.com\/fi\/tuote\/tyovalo-abl-sla-2000-kompakti-levea-epasymmetrinen\/\" \/>\n<meta property=\"og:site_name\" content=\"Xenonkungen\" \/>\n<meta property=\"article:modified_time\" content=\"2026-04-24T15:51:12+00:00\" \/>\n<meta property=\"og:image\" content=\"https:\/\/xenonkungen.com\/wp-content\/uploads\/2025\/04\/273-622_itemimage_mainfront.jpg\" \/>\n\t<meta property=\"og:image:width\" content=\"2048\" \/>\n\t<meta property=\"og:image:height\" content=\"1536\" \/>\n\t<meta property=\"og:image:type\" content=\"image\/jpeg\" \/>\n<meta name=\"twitter:card\" content=\"summary_large_image\" \/>\n<meta name=\"twitter:label1\" content=\"Arvioitu lukuaika\" \/>\n\t<meta name=\"twitter:data1\" content=\"1 minuutti\" \/>\n<script type=\"application\/ld+json\" class=\"yoast-schema-graph\">{\"@context\":\"https:\/\/schema.org\",\"@graph\":[{\"@type\":\"WebPage\",\"@id\":\"https:\/\/xenonkungen.com\/no\/produkt\/arbeidslampe-abl-sla-2000-kompakt-bred-asymmetrisk\/\",\"url\":\"https:\/\/xenonkungen.com\/no\/produkt\/arbeidslampe-abl-sla-2000-kompakt-bred-asymmetrisk\/\",\"name\":\"Arbetslampa ABL SLA 2000 compact bred asymmetrisk - Xenonkungen\",\"isPartOf\":{\"@id\":\"https:\/\/xenonkungen.com\/#website\"},\"primaryImageOfPage\":{\"@id\":\"https:\/\/xenonkungen.com\/no\/produkt\/arbeidslampe-abl-sla-2000-kompakt-bred-asymmetrisk\/#primaryimage\"},\"image\":{\"@id\":\"https:\/\/xenonkungen.com\/no\/produkt\/arbeidslampe-abl-sla-2000-kompakt-bred-asymmetrisk\/#primaryimage\"},\"thumbnailUrl\":\"https:\/\/xenonkungen.com\/wp-content\/uploads\/2025\/04\/273-622_itemimage_mainfront.jpg\",\"datePublished\":\"2025-04-15T08:58:40+00:00\",\"dateModified\":\"2026-04-24T15:51:12+00:00\",\"breadcrumb\":{\"@id\":\"https:\/\/xenonkungen.com\/no\/produkt\/arbeidslampe-abl-sla-2000-kompakt-bred-asymmetrisk\/#breadcrumb\"},\"inLanguage\":\"fi\",\"potentialAction\":[{\"@type\":\"ReadAction\",\"target\":[\"https:\/\/xenonkungen.com\/no\/produkt\/arbeidslampe-abl-sla-2000-kompakt-bred-asymmetrisk\/\"]}]},{\"@type\":\"ImageObject\",\"inLanguage\":\"fi\",\"@id\":\"https:\/\/xenonkungen.com\/no\/produkt\/arbeidslampe-abl-sla-2000-kompakt-bred-asymmetrisk\/#primaryimage\",\"url\":\"https:\/\/xenonkungen.com\/wp-content\/uploads\/2025\/04\/273-622_itemimage_mainfront.jpg\",\"contentUrl\":\"https:\/\/xenonkungen.com\/wp-content\/uploads\/2025\/04\/273-622_itemimage_mainfront.jpg\",\"width\":2048,\"height\":1536},{\"@type\":\"BreadcrumbList\",\"@id\":\"https:\/\/xenonkungen.com\/no\/produkt\/arbeidslampe-abl-sla-2000-kompakt-bred-asymmetrisk\/#breadcrumb\",\"itemListElement\":[{\"@type\":\"ListItem\",\"position\":1,\"name\":\"Hem\",\"item\":\"https:\/\/xenonkungen.com\/\"},{\"@type\":\"ListItem\",\"position\":2,\"name\":\"Shop\",\"item\":\"https:\/\/xenonkungen.com\/shop\/\"},{\"@type\":\"ListItem\",\"position\":3,\"name\":\"Arbetslampa ABL SLA 2000 compact bred asymmetrisk\"}]},{\"@type\":\"WebSite\",\"@id\":\"https:\/\/xenonkungen.com\/#website\",\"url\":\"https:\/\/xenonkungen.com\/\",\"name\":\"Xenonkungen\",\"description\":\"\",\"potentialAction\":[{\"@type\":\"SearchAction\",\"target\":{\"@type\":\"EntryPoint\",\"urlTemplate\":\"https:\/\/xenonkungen.com\/?s={search_term_string}\"},\"query-input\":{\"@type\":\"PropertyValueSpecification\",\"valueRequired\":true,\"valueName\":\"search_term_string\"}}],\"inLanguage\":\"fi\"}]}<\/script>\n<!-- \/ Yoast SEO plugin. -->","yoast_head_json":{"title":"Ty\u00f6valo ABL SLA 2000 kompakti leve\u00e4 ep\u00e4symmetrinen - Xenonkungen","robots":{"index":"index","follow":"follow","max-snippet":"max-snippet:-1","max-image-preview":"max-image-preview:large","max-video-preview":"max-video-preview:-1"},"canonical":"https:\/\/xenonkungen.com\/fi\/tuote\/tyovalo-abl-sla-2000-kompakti-levea-epasymmetrinen\/","og_locale":"fi_FI","og_type":"article","og_title":"Arbetslampa ABL SLA 2000 compact bred asymmetrisk - Xenonkungen","og_description":"ABL SL2000 FL: Komprimerad Kraft i Arbetslampor ABL SL2000 FL arbetsbelysning ger en kraftfull och stabil belysning f\u00f6r alla dina behov. Denna arbetsbelysning \u00e4r speciellt utformad f\u00f6r att m\u00f6ta och \u00f6vertr\u00e4ffa kr\u00e4vande branschkrav, vilket g\u00f6r den till en idealisk l\u00f6sning f\u00f6r olika till\u00e4mpningar. Trots sitt kompakta format, ger denna arbetslampa en bred symmetrisk ljusbild f\u00f6r [&hellip;]","og_url":"https:\/\/xenonkungen.com\/fi\/tuote\/tyovalo-abl-sla-2000-kompakti-levea-epasymmetrinen\/","og_site_name":"Xenonkungen","article_modified_time":"2026-04-24T15:51:12+00:00","og_image":[{"width":2048,"height":1536,"url":"https:\/\/xenonkungen.com\/wp-content\/uploads\/2025\/04\/273-622_itemimage_mainfront.jpg","type":"image\/jpeg"}],"twitter_card":"summary_large_image","twitter_misc":{"Arvioitu lukuaika":"1 minuutti"},"schema":{"@context":"https:\/\/schema.org","@graph":[{"@type":"WebPage","@id":"https:\/\/xenonkungen.com\/no\/produkt\/arbeidslampe-abl-sla-2000-kompakt-bred-asymmetrisk\/","url":"https:\/\/xenonkungen.com\/no\/produkt\/arbeidslampe-abl-sla-2000-kompakt-bred-asymmetrisk\/","name":"Ty\u00f6valo ABL SLA 2000 kompakti leve\u00e4 ep\u00e4symmetrinen - Xenonkungen","isPartOf":{"@id":"https:\/\/xenonkungen.com\/#website"},"primaryImageOfPage":{"@id":"https:\/\/xenonkungen.com\/no\/produkt\/arbeidslampe-abl-sla-2000-kompakt-bred-asymmetrisk\/#primaryimage"},"image":{"@id":"https:\/\/xenonkungen.com\/no\/produkt\/arbeidslampe-abl-sla-2000-kompakt-bred-asymmetrisk\/#primaryimage"},"thumbnailUrl":"https:\/\/xenonkungen.com\/wp-content\/uploads\/2025\/04\/273-622_itemimage_mainfront.jpg","datePublished":"2025-04-15T08:58:40+00:00","dateModified":"2026-04-24T15:51:12+00:00","breadcrumb":{"@id":"https:\/\/xenonkungen.com\/no\/produkt\/arbeidslampe-abl-sla-2000-kompakt-bred-asymmetrisk\/#breadcrumb"},"inLanguage":"fi","potentialAction":[{"@type":"ReadAction","target":["https:\/\/xenonkungen.com\/no\/produkt\/arbeidslampe-abl-sla-2000-kompakt-bred-asymmetrisk\/"]}]},{"@type":"ImageObject","inLanguage":"fi","@id":"https:\/\/xenonkungen.com\/no\/produkt\/arbeidslampe-abl-sla-2000-kompakt-bred-asymmetrisk\/#primaryimage","url":"https:\/\/xenonkungen.com\/wp-content\/uploads\/2025\/04\/273-622_itemimage_mainfront.jpg","contentUrl":"https:\/\/xenonkungen.com\/wp-content\/uploads\/2025\/04\/273-622_itemimage_mainfront.jpg","width":2048,"height":1536},{"@type":"BreadcrumbList","@id":"https:\/\/xenonkungen.com\/no\/produkt\/arbeidslampe-abl-sla-2000-kompakt-bred-asymmetrisk\/#breadcrumb","itemListElement":[{"@type":"ListItem","position":1,"name":"Hem","item":"https:\/\/xenonkungen.com\/"},{"@type":"ListItem","position":2,"name":"Shop","item":"https:\/\/xenonkungen.com\/shop\/"},{"@type":"ListItem","position":3,"name":"Arbetslampa ABL SLA 2000 compact bred asymmetrisk"}]},{"@type":"WebSite","@id":"https:\/\/xenonkungen.com\/#website","url":"https:\/\/xenonkungen.com\/","name":"Xenonkungen","description":"","potentialAction":[{"@type":"SearchAction","target":{"@type":"EntryPoint","urlTemplate":"https:\/\/xenonkungen.com\/?s={search_term_string}"},"query-input":{"@type":"PropertyValueSpecification","valueRequired":true,"valueName":"search_term_string"}}],"inLanguage":"fi"}]}},"taxonomy_info":{"product_cat":[{"value":508,"label":"Arbetsbelysning"}],"product_tag":[{"value":2788,"label":"black-week-exclude"}],"pa_fargtemperatur":[{"value":188,"label":"6000K"}],"pa_fuktskydd-varde-ipxx":[{"value":155,"label":"IP69K"}],"pa_godkannande":[{"value":1165,"label":"EMC: ISO 13766 - ISO 14982 - ISO 12985 - CISPR25 Class 5"}],"pa_lampsockel-kontakt":[{"value":329,"label":"DT"}],"pa_led-chips-effekt-w":[{"value":1169,"label":"29"}],"pa_storlek-mm":[{"value":1166,"label":"101x97x57"}],"pa_stromforbrukning":[{"value":535,"label":"1,2A@24V"}],"pa_volt-v":[{"value":348,"label":"12, 24"}]},"featured_image_src_large":["https:\/\/xenonkungen.com\/wp-content\/uploads\/2025\/04\/273-622_itemimage_mainfront-1024x768.jpg",1024,768,true],"author_info":[],"comment_info":0,"_links":{"self":[{"href":"https:\/\/xenonkungen.com\/fi\/wp-json\/wp\/v2\/product\/3560","targetHints":{"allow":["GET"]}}],"collection":[{"href":"https:\/\/xenonkungen.com\/fi\/wp-json\/wp\/v2\/product"}],"about":[{"href":"https:\/\/xenonkungen.com\/fi\/wp-json\/wp\/v2\/types\/product"}],"replies":[{"embeddable":true,"href":"https:\/\/xenonkungen.com\/fi\/wp-json\/wp\/v2\/comments?post=3560"}],"wp:featuredmedia":[{"embeddable":true,"href":"https:\/\/xenonkungen.com\/fi\/wp-json\/wp\/v2\/media\/3561"}],"wp:attachment":[{"href":"https:\/\/xenonkungen.com\/fi\/wp-json\/wp\/v2\/media?parent=3560"}],"wp:term":[{"taxonomy":"anvandningsomrade","embeddable":true,"href":"https:\/\/xenonkungen.com\/fi\/wp-json\/wp\/v2\/anvandningsomrade?post=3560"},{"taxonomy":"bilmarken","embeddable":true,"href":"https:\/\/xenonkungen.com\/fi\/wp-json\/wp\/v2\/bilmarken?post=3560"},{"taxonomy":"product_brand","embeddable":true,"href":"https:\/\/xenonkungen.com\/fi\/wp-json\/wp\/v2\/product_brand?post=3560"},{"taxonomy":"product_cat","embeddable":true,"href":"https:\/\/xenonkungen.com\/fi\/wp-json\/wp\/v2\/product_cat?post=3560"},{"taxonomy":"product_tag","embeddable":true,"href":"https:\/\/xenonkungen.com\/fi\/wp-json\/wp\/v2\/product_tag?post=3560"}],"curies":[{"name":"wp","href":"https:\/\/api.w.org\/{rel}","templated":true}]}}