{"id":3569,"date":"2025-04-15T08:59:14","date_gmt":"2025-04-15T08:59:14","guid":{"rendered":"https:\/\/xenonkungen.com\/product\/arbetslampa-abl-sla-2000-fl-volvo-bracket-switched-polarity\/"},"modified":"2026-04-24T16:51:15","modified_gmt":"2026-04-24T15:51:15","slug":"tyovalo-abl-sla-2000-fl-volvo-kiinnike-vaihdettava-napaisuus","status":"publish","type":"product","link":"https:\/\/xenonkungen.com\/fi\/tuote\/tyovalo-abl-sla-2000-fl-volvo-kiinnike-vaihdettava-napaisuus\/","title":{"rendered":"Ty\u00f6valo ABL SLA 2000 FL Volvo kiinnike Kytketty napaisuus"},"content":{"rendered":"<h1>ABL SL 2000: Tehokas ty\u00f6pistevalaistus kaikkiin sovelluksiin<\/h1>\n<p>ABL SL 2000 on valikoima ADR-hyv\u00e4ksyttyj\u00e4 ty\u00f6valoja, jotka on suunniteltu kaikenlaisiin ty\u00f6olosuhteisiin. N\u00e4m\u00e4 ty\u00f6valot on suunniteltu t\u00e4ytt\u00e4m\u00e4\u00e4n ja ylitt\u00e4m\u00e4\u00e4n tiukat teollisuusvaatimukset, ja ne ovat erinomainen valinta niille, jotka etsiv\u00e4t tehokasta valaistusratkaisua kompaktissa muodossa.<\/p>\n<h2>Ominaisuudet:<\/h2>\n<ol>\n<li><strong>Kompakti mutta tehokas:<\/strong> Vaikka ABL SL 2000 -ty\u00f6valaisimet ovat vain 57 mm:n syvyisi\u00e4, ne tuottavat voimakkaan valotehon, mik\u00e4 tekee niist\u00e4 pienikokoisen voimanl\u00e4hteen.<\/li>\n<li><strong>Laadukkaat komponentit:<\/strong> Kaikki ABL SL 2000 -sarjan komponentit valmistetaan ja testataan Euroopassa, mik\u00e4 takaa niiden laadun ja luotettavuuden.<\/li>\n<li><strong>Joustavat valinnat:<\/strong> Voit valita karkaistun lasi- tai PC-linssin sek\u00e4 leve\u00e4n tai ep\u00e4symmetrisen valokuvion erityistarpeidesi mukaan.<\/li>\n<li><strong>Kest\u00e4\u00e4 ankaria olosuhteita:<\/strong> ABL SL 2000 -ty\u00f6valot on testattu tiukasti, jotta niiden tehokkuus ja kest\u00e4vyys voidaan varmistaa vaativimmissakin ty\u00f6olosuhteissa.<\/li>\n<li><strong>Sis\u00e4\u00e4nrakennettu 2-napainen DT-liitin:<\/strong> Jokaisessa sarjan valaisimessa on sis\u00e4\u00e4nrakennettu 2-nastainen DT-liitin, joka helpottaa asennusta ja k\u00e4ytt\u00f6\u00e4.<\/li>\n<li><strong>EMC:<\/strong> Ty\u00f6valaisimet t\u00e4ytt\u00e4v\u00e4t EMC-standardit ISO 13766, ISO 14982, ISO 12985 ja CISPR25 Class 5, mik\u00e4 takaa niiden turvallisen ja luotettavan k\u00e4yt\u00f6n.<\/li>\n<li><strong>5 vuoden takuu:<\/strong> Tarjoamme 5 vuoden takuun kaikille ABL SL 2000 -ty\u00f6valoille, jotta saat lis\u00e4\u00e4 mielenrauhaa ja turvallisuutta.<\/li>\n<\/ol>\n<p>Investoi ABL SL 2000 -ty\u00f6valoihin, sill\u00e4 ne tarjoavat vakaata ja tehokasta valaistusta ty\u00f6olosuhteista riippumatta.<\/p>","protected":false},"excerpt":{"rendered":"<p>ABL SL 2000: Kraftfull Arbetsbelysning f\u00f6r Alla Applikationer ABL SL 2000 \u00e4r en serie ADR-godk\u00e4nda arbetslampor designade f\u00f6r att hantera alla typer av arbetsf\u00f6rh\u00e5llanden. Utformade f\u00f6r att m\u00f6ta och \u00f6vertr\u00e4ffa h\u00f6gt st\u00e4llda branschkrav, dessa arbetslampor \u00e4r ett utm\u00e4rkt val f\u00f6r dig som s\u00f6ker en kraftfull belysningsl\u00f6sning i ett kompakt format. Egenskaper: Kompakt men Kraftfull: Trots [&hellip;]<\/p>","protected":false},"featured_media":3570,"comment_status":"closed","ping_status":"open","template":"","meta":{"_acf_changed":false,"_smort_price_nok":"1565","_smort_price_dkk":"994","_smort_price_eur":"133.18","_smort_sale_price_nok":"","_smort_sale_price_dkk":"","_smort_sale_price_eur":"","smort_restorder":"","shipmondo_restorder":"","_kad_blocks_custom_css":"","_kad_blocks_head_custom_js":"","_kad_blocks_body_custom_js":"","_kad_blocks_footer_custom_js":"","smort_custom_pricelist_1":"937.6","smort_custom_pricelist_2":"820.4","smort_custom_pricelist_3":"779.38","smort_custom_pricelist_4":"1172","smort_custom_pricelist_5":"820.4"},"anvandningsomrade":[],"bilmarken":[],"product_brand":[],"product_cat":[508],"product_tag":[2788],"class_list":{"0":"post-3569","1":"product","2":"type-product","3":"status-publish","4":"has-post-thumbnail","6":"product_cat-arbetsbelysning","7":"product_tag-black-week-exclude","8":"pa_fargtemperatur-6000k","9":"pa_fuktskydd-varde-ipxx-ip69k","10":"pa_godkannande-emc-iso-13766-iso-14982-iso-12985-cispr25-class-5","11":"pa_lampsockel-kontakt-dt","12":"pa_led-chips-effekt-w-1169","13":"pa_storlek-mm-101x97x57","14":"pa_stromforbrukning-12a24v","15":"pa_volt-v-12-24","17":"first","18":"onbackorder","19":"taxable","20":"shipping-taxable","21":"purchasable","22":"product-type-simple"},"bundled_by":[],"bundle_stock_status":"onbackorder","bundle_stock_quantity":0,"bundle_virtual":false,"bundle_layout":"","bundle_add_to_cart_form_location":"","bundle_editable_in_cart":false,"bundle_sold_individually_context":"","bundle_item_grouping":"","bundle_min_size":"","bundle_max_size":"","bundle_price":[],"bundled_items":[],"bundle_sell_ids":[],"acf":[],"yoast_head":"<!-- This site is optimized with the Yoast SEO plugin v27.0 - https:\/\/yoast.com\/product\/yoast-seo-wordpress\/ -->\n<title>Arbetslampa ABL SLA 2000 FL Volvo Bracket Switched Polarity - Xenonkungen<\/title>\n<meta name=\"robots\" content=\"index, follow, max-snippet:-1, max-image-preview:large, max-video-preview:-1\" \/>\n<link rel=\"canonical\" href=\"https:\/\/xenonkungen.com\/fi\/tuote\/tyovalo-abl-sla-2000-fl-volvo-kiinnike-vaihdettava-napaisuus\/\" \/>\n<meta property=\"og:locale\" content=\"fi_FI\" \/>\n<meta property=\"og:type\" content=\"article\" \/>\n<meta property=\"og:title\" content=\"Arbetslampa ABL SLA 2000 FL Volvo Bracket Switched Polarity - Xenonkungen\" \/>\n<meta property=\"og:description\" content=\"ABL SL 2000: Kraftfull Arbetsbelysning f\u00f6r Alla Applikationer ABL SL 2000 \u00e4r en serie ADR-godk\u00e4nda arbetslampor designade f\u00f6r att hantera alla typer av arbetsf\u00f6rh\u00e5llanden. Utformade f\u00f6r att m\u00f6ta och \u00f6vertr\u00e4ffa h\u00f6gt st\u00e4llda branschkrav, dessa arbetslampor \u00e4r ett utm\u00e4rkt val f\u00f6r dig som s\u00f6ker en kraftfull belysningsl\u00f6sning i ett kompakt format. Egenskaper: Kompakt men Kraftfull: Trots [&hellip;]\" \/>\n<meta property=\"og:url\" content=\"https:\/\/xenonkungen.com\/fi\/tuote\/tyovalo-abl-sla-2000-fl-volvo-kiinnike-vaihdettava-napaisuus\/\" \/>\n<meta property=\"og:site_name\" content=\"Xenonkungen\" \/>\n<meta property=\"article:modified_time\" content=\"2026-04-24T15:51:15+00:00\" \/>\n<meta property=\"og:image\" content=\"https:\/\/xenonkungen.com\/wp-content\/uploads\/2025\/04\/203993833-origpic-a09943.jpg\" \/>\n\t<meta property=\"og:image:width\" content=\"2048\" \/>\n\t<meta property=\"og:image:height\" content=\"1536\" \/>\n\t<meta property=\"og:image:type\" content=\"image\/jpeg\" \/>\n<meta name=\"twitter:card\" content=\"summary_large_image\" \/>\n<meta name=\"twitter:label1\" content=\"Arvioitu lukuaika\" \/>\n\t<meta name=\"twitter:data1\" content=\"1 minuutti\" \/>\n<script type=\"application\/ld+json\" class=\"yoast-schema-graph\">{\"@context\":\"https:\/\/schema.org\",\"@graph\":[{\"@type\":\"WebPage\",\"@id\":\"https:\/\/xenonkungen.com\/produkt\/arbetslampa-abl-sla-2000-fl-volvo-bracket-switched-polarity\/\",\"url\":\"https:\/\/xenonkungen.com\/produkt\/arbetslampa-abl-sla-2000-fl-volvo-bracket-switched-polarity\/\",\"name\":\"Arbetslampa ABL SLA 2000 FL Volvo Bracket Switched Polarity - Xenonkungen\",\"isPartOf\":{\"@id\":\"https:\/\/xenonkungen.com\/#website\"},\"primaryImageOfPage\":{\"@id\":\"https:\/\/xenonkungen.com\/produkt\/arbetslampa-abl-sla-2000-fl-volvo-bracket-switched-polarity\/#primaryimage\"},\"image\":{\"@id\":\"https:\/\/xenonkungen.com\/produkt\/arbetslampa-abl-sla-2000-fl-volvo-bracket-switched-polarity\/#primaryimage\"},\"thumbnailUrl\":\"https:\/\/xenonkungen.com\/wp-content\/uploads\/2025\/04\/203993833-origpic-a09943.jpg\",\"datePublished\":\"2025-04-15T08:59:14+00:00\",\"dateModified\":\"2026-04-24T15:51:15+00:00\",\"breadcrumb\":{\"@id\":\"https:\/\/xenonkungen.com\/produkt\/arbetslampa-abl-sla-2000-fl-volvo-bracket-switched-polarity\/#breadcrumb\"},\"inLanguage\":\"fi\",\"potentialAction\":[{\"@type\":\"ReadAction\",\"target\":[\"https:\/\/xenonkungen.com\/produkt\/arbetslampa-abl-sla-2000-fl-volvo-bracket-switched-polarity\/\"]}]},{\"@type\":\"ImageObject\",\"inLanguage\":\"fi\",\"@id\":\"https:\/\/xenonkungen.com\/produkt\/arbetslampa-abl-sla-2000-fl-volvo-bracket-switched-polarity\/#primaryimage\",\"url\":\"https:\/\/xenonkungen.com\/wp-content\/uploads\/2025\/04\/203993833-origpic-a09943.jpg\",\"contentUrl\":\"https:\/\/xenonkungen.com\/wp-content\/uploads\/2025\/04\/203993833-origpic-a09943.jpg\",\"width\":2048,\"height\":1536},{\"@type\":\"BreadcrumbList\",\"@id\":\"https:\/\/xenonkungen.com\/produkt\/arbetslampa-abl-sla-2000-fl-volvo-bracket-switched-polarity\/#breadcrumb\",\"itemListElement\":[{\"@type\":\"ListItem\",\"position\":1,\"name\":\"Hem\",\"item\":\"https:\/\/xenonkungen.com\/\"},{\"@type\":\"ListItem\",\"position\":2,\"name\":\"Shop\",\"item\":\"https:\/\/xenonkungen.com\/shop\/\"},{\"@type\":\"ListItem\",\"position\":3,\"name\":\"Arbetslampa ABL SLA 2000 FL Volvo Bracket Switched Polarity\"}]},{\"@type\":\"WebSite\",\"@id\":\"https:\/\/xenonkungen.com\/#website\",\"url\":\"https:\/\/xenonkungen.com\/\",\"name\":\"Xenonkungen\",\"description\":\"\",\"potentialAction\":[{\"@type\":\"SearchAction\",\"target\":{\"@type\":\"EntryPoint\",\"urlTemplate\":\"https:\/\/xenonkungen.com\/?s={search_term_string}\"},\"query-input\":{\"@type\":\"PropertyValueSpecification\",\"valueRequired\":true,\"valueName\":\"search_term_string\"}}],\"inLanguage\":\"fi\"}]}<\/script>\n<!-- \/ Yoast SEO plugin. -->","yoast_head_json":{"title":"Ty\u00f6valo ABL SLA 2000 FL Volvon kiinnike, napaisuus vaihdettavissa - Xenonkungen","robots":{"index":"index","follow":"follow","max-snippet":"max-snippet:-1","max-image-preview":"max-image-preview:large","max-video-preview":"max-video-preview:-1"},"canonical":"https:\/\/xenonkungen.com\/fi\/tuote\/tyovalo-abl-sla-2000-fl-volvo-kiinnike-vaihdettava-napaisuus\/","og_locale":"fi_FI","og_type":"article","og_title":"Arbetslampa ABL SLA 2000 FL Volvo Bracket Switched Polarity - Xenonkungen","og_description":"ABL SL 2000: Kraftfull Arbetsbelysning f\u00f6r Alla Applikationer ABL SL 2000 \u00e4r en serie ADR-godk\u00e4nda arbetslampor designade f\u00f6r att hantera alla typer av arbetsf\u00f6rh\u00e5llanden. Utformade f\u00f6r att m\u00f6ta och \u00f6vertr\u00e4ffa h\u00f6gt st\u00e4llda branschkrav, dessa arbetslampor \u00e4r ett utm\u00e4rkt val f\u00f6r dig som s\u00f6ker en kraftfull belysningsl\u00f6sning i ett kompakt format. Egenskaper: Kompakt men Kraftfull: Trots [&hellip;]","og_url":"https:\/\/xenonkungen.com\/fi\/tuote\/tyovalo-abl-sla-2000-fl-volvo-kiinnike-vaihdettava-napaisuus\/","og_site_name":"Xenonkungen","article_modified_time":"2026-04-24T15:51:15+00:00","og_image":[{"width":2048,"height":1536,"url":"https:\/\/xenonkungen.com\/wp-content\/uploads\/2025\/04\/203993833-origpic-a09943.jpg","type":"image\/jpeg"}],"twitter_card":"summary_large_image","twitter_misc":{"Arvioitu lukuaika":"1 minuutti"},"schema":{"@context":"https:\/\/schema.org","@graph":[{"@type":"WebPage","@id":"https:\/\/xenonkungen.com\/produkt\/arbetslampa-abl-sla-2000-fl-volvo-bracket-switched-polarity\/","url":"https:\/\/xenonkungen.com\/produkt\/arbetslampa-abl-sla-2000-fl-volvo-bracket-switched-polarity\/","name":"Ty\u00f6valo ABL SLA 2000 FL Volvon kiinnike, napaisuus vaihdettavissa - Xenonkungen","isPartOf":{"@id":"https:\/\/xenonkungen.com\/#website"},"primaryImageOfPage":{"@id":"https:\/\/xenonkungen.com\/produkt\/arbetslampa-abl-sla-2000-fl-volvo-bracket-switched-polarity\/#primaryimage"},"image":{"@id":"https:\/\/xenonkungen.com\/produkt\/arbetslampa-abl-sla-2000-fl-volvo-bracket-switched-polarity\/#primaryimage"},"thumbnailUrl":"https:\/\/xenonkungen.com\/wp-content\/uploads\/2025\/04\/203993833-origpic-a09943.jpg","datePublished":"2025-04-15T08:59:14+00:00","dateModified":"2026-04-24T15:51:15+00:00","breadcrumb":{"@id":"https:\/\/xenonkungen.com\/produkt\/arbetslampa-abl-sla-2000-fl-volvo-bracket-switched-polarity\/#breadcrumb"},"inLanguage":"fi","potentialAction":[{"@type":"ReadAction","target":["https:\/\/xenonkungen.com\/produkt\/arbetslampa-abl-sla-2000-fl-volvo-bracket-switched-polarity\/"]}]},{"@type":"ImageObject","inLanguage":"fi","@id":"https:\/\/xenonkungen.com\/produkt\/arbetslampa-abl-sla-2000-fl-volvo-bracket-switched-polarity\/#primaryimage","url":"https:\/\/xenonkungen.com\/wp-content\/uploads\/2025\/04\/203993833-origpic-a09943.jpg","contentUrl":"https:\/\/xenonkungen.com\/wp-content\/uploads\/2025\/04\/203993833-origpic-a09943.jpg","width":2048,"height":1536},{"@type":"BreadcrumbList","@id":"https:\/\/xenonkungen.com\/produkt\/arbetslampa-abl-sla-2000-fl-volvo-bracket-switched-polarity\/#breadcrumb","itemListElement":[{"@type":"ListItem","position":1,"name":"Hem","item":"https:\/\/xenonkungen.com\/"},{"@type":"ListItem","position":2,"name":"Shop","item":"https:\/\/xenonkungen.com\/shop\/"},{"@type":"ListItem","position":3,"name":"Arbetslampa ABL SLA 2000 FL Volvo Bracket Switched Polarity"}]},{"@type":"WebSite","@id":"https:\/\/xenonkungen.com\/#website","url":"https:\/\/xenonkungen.com\/","name":"Xenonkungen","description":"","potentialAction":[{"@type":"SearchAction","target":{"@type":"EntryPoint","urlTemplate":"https:\/\/xenonkungen.com\/?s={search_term_string}"},"query-input":{"@type":"PropertyValueSpecification","valueRequired":true,"valueName":"search_term_string"}}],"inLanguage":"fi"}]}},"taxonomy_info":{"product_cat":[{"value":508,"label":"Arbetsbelysning"}],"product_tag":[{"value":2788,"label":"black-week-exclude"}],"pa_fargtemperatur":[{"value":188,"label":"6000K"}],"pa_fuktskydd-varde-ipxx":[{"value":155,"label":"IP69K"}],"pa_godkannande":[{"value":1165,"label":"EMC: ISO 13766 - ISO 14982 - ISO 12985 - CISPR25 Class 5"}],"pa_lampsockel-kontakt":[{"value":329,"label":"DT"}],"pa_led-chips-effekt-w":[{"value":1169,"label":"29"}],"pa_storlek-mm":[{"value":1166,"label":"101x97x57"}],"pa_stromforbrukning":[{"value":535,"label":"1,2A@24V"}],"pa_volt-v":[{"value":348,"label":"12, 24"}]},"featured_image_src_large":["https:\/\/xenonkungen.com\/wp-content\/uploads\/2025\/04\/203993833-origpic-a09943-1024x768.jpg",1024,768,true],"author_info":[],"comment_info":0,"_links":{"self":[{"href":"https:\/\/xenonkungen.com\/fi\/wp-json\/wp\/v2\/product\/3569","targetHints":{"allow":["GET"]}}],"collection":[{"href":"https:\/\/xenonkungen.com\/fi\/wp-json\/wp\/v2\/product"}],"about":[{"href":"https:\/\/xenonkungen.com\/fi\/wp-json\/wp\/v2\/types\/product"}],"replies":[{"embeddable":true,"href":"https:\/\/xenonkungen.com\/fi\/wp-json\/wp\/v2\/comments?post=3569"}],"wp:featuredmedia":[{"embeddable":true,"href":"https:\/\/xenonkungen.com\/fi\/wp-json\/wp\/v2\/media\/3570"}],"wp:attachment":[{"href":"https:\/\/xenonkungen.com\/fi\/wp-json\/wp\/v2\/media?parent=3569"}],"wp:term":[{"taxonomy":"anvandningsomrade","embeddable":true,"href":"https:\/\/xenonkungen.com\/fi\/wp-json\/wp\/v2\/anvandningsomrade?post=3569"},{"taxonomy":"bilmarken","embeddable":true,"href":"https:\/\/xenonkungen.com\/fi\/wp-json\/wp\/v2\/bilmarken?post=3569"},{"taxonomy":"product_brand","embeddable":true,"href":"https:\/\/xenonkungen.com\/fi\/wp-json\/wp\/v2\/product_brand?post=3569"},{"taxonomy":"product_cat","embeddable":true,"href":"https:\/\/xenonkungen.com\/fi\/wp-json\/wp\/v2\/product_cat?post=3569"},{"taxonomy":"product_tag","embeddable":true,"href":"https:\/\/xenonkungen.com\/fi\/wp-json\/wp\/v2\/product_tag?post=3569"}],"curies":[{"name":"wp","href":"https:\/\/api.w.org\/{rel}","templated":true}]}}