{"id":3573,"date":"2025-04-15T08:59:14","date_gmt":"2025-04-15T08:59:14","guid":{"rendered":"https:\/\/xenonkungen.com\/product\/briodlights-arbetslampa-led-6x3-w-osram-flood\/"},"modified":"2026-04-11T00:06:59","modified_gmt":"2026-04-10T23:06:59","slug":"briodlights-tyovalo-led-6x3-w-osram-flood","status":"publish","type":"product","link":"https:\/\/xenonkungen.com\/fi\/tuote\/briodlights-tyovalo-led-6x3-w-osram-flood\/","title":{"rendered":"BriodLights LED-ty\u00f6valo 6\u00d73 W Osram Flood -valaisin"},"content":{"rendered":"<h1>Kompakti ja tehokas LED-ty\u00f6valo BriodLightsilta<\/h1>\n<h2>Tyylik\u00e4s muotoilu, hyv\u00e4 suorituskyky<\/h2>\n<p>BriodLightsin LED-ty\u00f6valo tarjoaa suuren suorituskyvyn pieness\u00e4 paketissa. Kompaktin rakenteensa ja kuuden korkealaatuisen Osram-diodin ansiosta t\u00e4m\u00e4 valaisin tuottaa poikkeuksellista valoa, joka valaisee tehokkaasti ty\u00f6alueesi.<\/p>\n<h2>Poikkeuksellinen kirkkaus<\/h2>\n<p>T\u00e4m\u00e4 ty\u00f6valo tarjoaa 1 luksia 45 metrin et\u00e4isyydell\u00e4, mik\u00e4 on eritt\u00e4in tehokas valo. Olivatpa tarpeesi mitk\u00e4 tahansa, t\u00e4m\u00e4 valaisin antaa sinulle valaistuksen, jota tarvitset ty\u00f6si suorittamiseen tehokkaasti ja turvallisesti.<\/p>\n<h2>Sertifioitu luotettavuus<\/h2>\n<p>Pyrimme aina tarjoamaan tuotteita, joihin voit luottaa. Siksi LED-ty\u00f6valomme on sertifioitu IP69K, CE, ECE R10 ja RoHS. Voit olla varma, ett\u00e4 saat lampun, joka on rakennettu kest\u00e4m\u00e4\u00e4n ja tarjoamaan luotettavaa suorituskyky\u00e4.<\/p>","protected":false},"excerpt":{"rendered":"<p>Kompakt och Effektiv LED Arbetslampa fr\u00e5n BriodLights Smidig Design, Stor Prestanda V\u00e5r LED arbetslampa fr\u00e5n BriodLights ger stor prestanda i ett litet paket. Med sin kompakta design och sex h\u00f6gkvalitativa dioder fr\u00e5n Osram, levererar denna lampa exceptionellt ljus som effektivt kan upplysa ditt arbetsomr\u00e5de. Exceptionell Ljusstyrka Denna arbetslampa erbjuder 1 lux p\u00e5 45 meter, vilket [&hellip;]<\/p>","protected":false},"featured_media":3574,"comment_status":"closed","ping_status":"open","template":"","meta":{"_acf_changed":false,"_smort_price_nok":"753","_smort_price_dkk":"478","_smort_price_eur":"64.09","_smort_sale_price_nok":"","_smort_sale_price_dkk":"","_smort_sale_price_eur":"","smort_restorder":"","shipmondo_restorder":"","_kad_blocks_custom_css":"","_kad_blocks_head_custom_js":"","_kad_blocks_body_custom_js":"","_kad_blocks_footer_custom_js":"","smort_custom_pricelist_1":"396.16","smort_custom_pricelist_2":"396.16","smort_custom_pricelist_3":"396.16","smort_custom_pricelist_4":"495.2","smort_custom_pricelist_5":"396.16"},"anvandningsomrade":[],"bilmarken":[],"product_brand":[92],"product_cat":[508],"product_tag":[2788],"class_list":{"0":"post-3573","1":"product","2":"type-product","3":"status-publish","4":"has-post-thumbnail","6":"product_brand-briodlights","7":"product_cat-arbetsbelysning","8":"product_tag-black-week-exclude","9":"pa_fargtemperatur-6000k","10":"pa_fuktskydd-varde-ipxx-ip69k","11":"pa_godkannande-ce-ece-r10-rohs","12":"pa_lampsockel-kontakt-dt","13":"pa_led-chips-effekt-w-1062","14":"pa_storlek-mm-160x45x63","15":"pa_stromforbrukning-07a24v","16":"pa_stromforbrukning-14a12v","17":"pa_volt-v-multivolt-10-12-16-18-24-28-30","19":"first","20":"instock","21":"taxable","22":"shipping-taxable","23":"purchasable","24":"product-type-simple"},"bundled_by":[],"bundle_stock_status":"instock","bundle_stock_quantity":8,"bundle_virtual":false,"bundle_layout":"","bundle_add_to_cart_form_location":"","bundle_editable_in_cart":false,"bundle_sold_individually_context":"","bundle_item_grouping":"","bundle_min_size":"","bundle_max_size":"","bundle_price":[],"bundled_items":[],"bundle_sell_ids":[],"acf":[],"yoast_head":"<!-- This site is optimized with the Yoast SEO plugin v27.0 - https:\/\/yoast.com\/product\/yoast-seo-wordpress\/ -->\n<title>BriodLights Arbetslampa LED 6x3 W Osram Flood - Xenonkungen<\/title>\n<meta name=\"robots\" content=\"index, follow, max-snippet:-1, max-image-preview:large, max-video-preview:-1\" \/>\n<link rel=\"canonical\" href=\"https:\/\/xenonkungen.com\/fi\/tuote\/briodlights-tyovalo-led-6x3-w-osram-flood\/\" \/>\n<meta property=\"og:locale\" content=\"fi_FI\" \/>\n<meta property=\"og:type\" content=\"article\" \/>\n<meta property=\"og:title\" content=\"BriodLights Arbetslampa LED 6x3 W Osram Flood - Xenonkungen\" \/>\n<meta property=\"og:description\" content=\"Kompakt och Effektiv LED Arbetslampa fr\u00e5n BriodLights Smidig Design, Stor Prestanda V\u00e5r LED arbetslampa fr\u00e5n BriodLights ger stor prestanda i ett litet paket. Med sin kompakta design och sex h\u00f6gkvalitativa dioder fr\u00e5n Osram, levererar denna lampa exceptionellt ljus som effektivt kan upplysa ditt arbetsomr\u00e5de. Exceptionell Ljusstyrka Denna arbetslampa erbjuder 1 lux p\u00e5 45 meter, vilket [&hellip;]\" \/>\n<meta property=\"og:url\" content=\"https:\/\/xenonkungen.com\/fi\/tuote\/briodlights-tyovalo-led-6x3-w-osram-flood\/\" \/>\n<meta property=\"og:site_name\" content=\"Xenonkungen\" \/>\n<meta property=\"article:modified_time\" content=\"2026-04-10T23:06:59+00:00\" \/>\n<meta property=\"og:image\" content=\"https:\/\/xenonkungen.com\/wp-content\/uploads\/2025\/04\/A900_productimage_mainfront.jpg\" \/>\n\t<meta property=\"og:image:width\" content=\"2048\" \/>\n\t<meta property=\"og:image:height\" content=\"1536\" \/>\n\t<meta property=\"og:image:type\" content=\"image\/jpeg\" \/>\n<meta name=\"twitter:card\" content=\"summary_large_image\" \/>\n<meta name=\"twitter:label1\" content=\"Arvioitu lukuaika\" \/>\n\t<meta name=\"twitter:data1\" content=\"1 minuutti\" \/>\n<script type=\"application\/ld+json\" class=\"yoast-schema-graph\">{\"@context\":\"https:\/\/schema.org\",\"@graph\":[{\"@type\":\"WebPage\",\"@id\":\"https:\/\/xenonkungen.com\/produkt\/briodlights-arbetslampa-led-6x3-w-osram-flood\/\",\"url\":\"https:\/\/xenonkungen.com\/produkt\/briodlights-arbetslampa-led-6x3-w-osram-flood\/\",\"name\":\"BriodLights Arbetslampa LED 6x3 W Osram Flood - Xenonkungen\",\"isPartOf\":{\"@id\":\"https:\/\/xenonkungen.com\/#website\"},\"primaryImageOfPage\":{\"@id\":\"https:\/\/xenonkungen.com\/produkt\/briodlights-arbetslampa-led-6x3-w-osram-flood\/#primaryimage\"},\"image\":{\"@id\":\"https:\/\/xenonkungen.com\/produkt\/briodlights-arbetslampa-led-6x3-w-osram-flood\/#primaryimage\"},\"thumbnailUrl\":\"https:\/\/xenonkungen.com\/wp-content\/uploads\/2025\/04\/A900_productimage_mainfront.jpg\",\"datePublished\":\"2025-04-15T08:59:14+00:00\",\"dateModified\":\"2026-04-10T23:06:59+00:00\",\"breadcrumb\":{\"@id\":\"https:\/\/xenonkungen.com\/produkt\/briodlights-arbetslampa-led-6x3-w-osram-flood\/#breadcrumb\"},\"inLanguage\":\"fi\",\"potentialAction\":[{\"@type\":\"ReadAction\",\"target\":[\"https:\/\/xenonkungen.com\/produkt\/briodlights-arbetslampa-led-6x3-w-osram-flood\/\"]}]},{\"@type\":\"ImageObject\",\"inLanguage\":\"fi\",\"@id\":\"https:\/\/xenonkungen.com\/produkt\/briodlights-arbetslampa-led-6x3-w-osram-flood\/#primaryimage\",\"url\":\"https:\/\/xenonkungen.com\/wp-content\/uploads\/2025\/04\/A900_productimage_mainfront.jpg\",\"contentUrl\":\"https:\/\/xenonkungen.com\/wp-content\/uploads\/2025\/04\/A900_productimage_mainfront.jpg\",\"width\":2048,\"height\":1536},{\"@type\":\"BreadcrumbList\",\"@id\":\"https:\/\/xenonkungen.com\/produkt\/briodlights-arbetslampa-led-6x3-w-osram-flood\/#breadcrumb\",\"itemListElement\":[{\"@type\":\"ListItem\",\"position\":1,\"name\":\"Hem\",\"item\":\"https:\/\/xenonkungen.com\/\"},{\"@type\":\"ListItem\",\"position\":2,\"name\":\"Shop\",\"item\":\"https:\/\/xenonkungen.com\/shop\/\"},{\"@type\":\"ListItem\",\"position\":3,\"name\":\"BriodLights Arbetslampa LED 6&#215;3 W Osram Flood\"}]},{\"@type\":\"WebSite\",\"@id\":\"https:\/\/xenonkungen.com\/#website\",\"url\":\"https:\/\/xenonkungen.com\/\",\"name\":\"Xenonkungen\",\"description\":\"\",\"potentialAction\":[{\"@type\":\"SearchAction\",\"target\":{\"@type\":\"EntryPoint\",\"urlTemplate\":\"https:\/\/xenonkungen.com\/?s={search_term_string}\"},\"query-input\":{\"@type\":\"PropertyValueSpecification\",\"valueRequired\":true,\"valueName\":\"search_term_string\"}}],\"inLanguage\":\"fi\"}]}<\/script>\n<!-- \/ Yoast SEO plugin. -->","yoast_head_json":{"title":"BriodLights Ty\u00f6valo LED 6x3 W Osram Flood - Xenonkungen","robots":{"index":"index","follow":"follow","max-snippet":"max-snippet:-1","max-image-preview":"max-image-preview:large","max-video-preview":"max-video-preview:-1"},"canonical":"https:\/\/xenonkungen.com\/fi\/tuote\/briodlights-tyovalo-led-6x3-w-osram-flood\/","og_locale":"fi_FI","og_type":"article","og_title":"BriodLights Arbetslampa LED 6x3 W Osram Flood - Xenonkungen","og_description":"Kompakt och Effektiv LED Arbetslampa fr\u00e5n BriodLights Smidig Design, Stor Prestanda V\u00e5r LED arbetslampa fr\u00e5n BriodLights ger stor prestanda i ett litet paket. Med sin kompakta design och sex h\u00f6gkvalitativa dioder fr\u00e5n Osram, levererar denna lampa exceptionellt ljus som effektivt kan upplysa ditt arbetsomr\u00e5de. Exceptionell Ljusstyrka Denna arbetslampa erbjuder 1 lux p\u00e5 45 meter, vilket [&hellip;]","og_url":"https:\/\/xenonkungen.com\/fi\/tuote\/briodlights-tyovalo-led-6x3-w-osram-flood\/","og_site_name":"Xenonkungen","article_modified_time":"2026-04-10T23:06:59+00:00","og_image":[{"width":2048,"height":1536,"url":"https:\/\/xenonkungen.com\/wp-content\/uploads\/2025\/04\/A900_productimage_mainfront.jpg","type":"image\/jpeg"}],"twitter_card":"summary_large_image","twitter_misc":{"Arvioitu lukuaika":"1 minuutti"},"schema":{"@context":"https:\/\/schema.org","@graph":[{"@type":"WebPage","@id":"https:\/\/xenonkungen.com\/produkt\/briodlights-arbetslampa-led-6x3-w-osram-flood\/","url":"https:\/\/xenonkungen.com\/produkt\/briodlights-arbetslampa-led-6x3-w-osram-flood\/","name":"BriodLights Ty\u00f6valo LED 6x3 W Osram Flood - Xenonkungen","isPartOf":{"@id":"https:\/\/xenonkungen.com\/#website"},"primaryImageOfPage":{"@id":"https:\/\/xenonkungen.com\/produkt\/briodlights-arbetslampa-led-6x3-w-osram-flood\/#primaryimage"},"image":{"@id":"https:\/\/xenonkungen.com\/produkt\/briodlights-arbetslampa-led-6x3-w-osram-flood\/#primaryimage"},"thumbnailUrl":"https:\/\/xenonkungen.com\/wp-content\/uploads\/2025\/04\/A900_productimage_mainfront.jpg","datePublished":"2025-04-15T08:59:14+00:00","dateModified":"2026-04-10T23:06:59+00:00","breadcrumb":{"@id":"https:\/\/xenonkungen.com\/produkt\/briodlights-arbetslampa-led-6x3-w-osram-flood\/#breadcrumb"},"inLanguage":"fi","potentialAction":[{"@type":"ReadAction","target":["https:\/\/xenonkungen.com\/produkt\/briodlights-arbetslampa-led-6x3-w-osram-flood\/"]}]},{"@type":"ImageObject","inLanguage":"fi","@id":"https:\/\/xenonkungen.com\/produkt\/briodlights-arbetslampa-led-6x3-w-osram-flood\/#primaryimage","url":"https:\/\/xenonkungen.com\/wp-content\/uploads\/2025\/04\/A900_productimage_mainfront.jpg","contentUrl":"https:\/\/xenonkungen.com\/wp-content\/uploads\/2025\/04\/A900_productimage_mainfront.jpg","width":2048,"height":1536},{"@type":"BreadcrumbList","@id":"https:\/\/xenonkungen.com\/produkt\/briodlights-arbetslampa-led-6x3-w-osram-flood\/#breadcrumb","itemListElement":[{"@type":"ListItem","position":1,"name":"Hem","item":"https:\/\/xenonkungen.com\/"},{"@type":"ListItem","position":2,"name":"Shop","item":"https:\/\/xenonkungen.com\/shop\/"},{"@type":"ListItem","position":3,"name":"BriodLights Arbetslampa LED 6&#215;3 W Osram Flood"}]},{"@type":"WebSite","@id":"https:\/\/xenonkungen.com\/#website","url":"https:\/\/xenonkungen.com\/","name":"Xenonkungen","description":"","potentialAction":[{"@type":"SearchAction","target":{"@type":"EntryPoint","urlTemplate":"https:\/\/xenonkungen.com\/?s={search_term_string}"},"query-input":{"@type":"PropertyValueSpecification","valueRequired":true,"valueName":"search_term_string"}}],"inLanguage":"fi"}]}},"taxonomy_info":{"product_brand":[{"value":92,"label":"Briodlights"}],"product_cat":[{"value":508,"label":"Arbetsbelysning"}],"product_tag":[{"value":2788,"label":"black-week-exclude"}],"pa_fargtemperatur":[{"value":188,"label":"6000K"}],"pa_fuktskydd-varde-ipxx":[{"value":155,"label":"IP69K"}],"pa_godkannande":[{"value":1172,"label":"CE, ECE, R10, RoHS"}],"pa_lampsockel-kontakt":[{"value":329,"label":"DT"}],"pa_led-chips-effekt-w":[{"value":1062,"label":"18"}],"pa_storlek-mm":[{"value":1170,"label":"160x45x63"}],"pa_stromforbrukning":[{"value":1171,"label":"0,7A@24V"},{"value":1056,"label":"14A@12V"}],"pa_volt-v":[{"value":773,"label":"Multivolt, 10, 12, 16, 18, 24, 28, 30"}]},"featured_image_src_large":["https:\/\/xenonkungen.com\/wp-content\/uploads\/2025\/04\/A900_productimage_mainfront-1024x768.jpg",1024,768,true],"author_info":[],"comment_info":0,"_links":{"self":[{"href":"https:\/\/xenonkungen.com\/fi\/wp-json\/wp\/v2\/product\/3573","targetHints":{"allow":["GET"]}}],"collection":[{"href":"https:\/\/xenonkungen.com\/fi\/wp-json\/wp\/v2\/product"}],"about":[{"href":"https:\/\/xenonkungen.com\/fi\/wp-json\/wp\/v2\/types\/product"}],"replies":[{"embeddable":true,"href":"https:\/\/xenonkungen.com\/fi\/wp-json\/wp\/v2\/comments?post=3573"}],"wp:featuredmedia":[{"embeddable":true,"href":"https:\/\/xenonkungen.com\/fi\/wp-json\/wp\/v2\/media\/3574"}],"wp:attachment":[{"href":"https:\/\/xenonkungen.com\/fi\/wp-json\/wp\/v2\/media?parent=3573"}],"wp:term":[{"taxonomy":"anvandningsomrade","embeddable":true,"href":"https:\/\/xenonkungen.com\/fi\/wp-json\/wp\/v2\/anvandningsomrade?post=3573"},{"taxonomy":"bilmarken","embeddable":true,"href":"https:\/\/xenonkungen.com\/fi\/wp-json\/wp\/v2\/bilmarken?post=3573"},{"taxonomy":"product_brand","embeddable":true,"href":"https:\/\/xenonkungen.com\/fi\/wp-json\/wp\/v2\/product_brand?post=3573"},{"taxonomy":"product_cat","embeddable":true,"href":"https:\/\/xenonkungen.com\/fi\/wp-json\/wp\/v2\/product_cat?post=3573"},{"taxonomy":"product_tag","embeddable":true,"href":"https:\/\/xenonkungen.com\/fi\/wp-json\/wp\/v2\/product_tag?post=3573"}],"curies":[{"name":"wp","href":"https:\/\/api.w.org\/{rel}","templated":true}]}}