{"id":3606,"date":"2025-04-15T08:59:55","date_gmt":"2025-04-15T08:59:55","guid":{"rendered":"https:\/\/xenonkungen.com\/product\/briodlights-edge-led-extraljusramp-9-224-mm-vinklad\/"},"modified":"2026-04-24T16:51:32","modified_gmt":"2026-04-24T15:51:32","slug":"briodlights-edge-led-lisavalopalkki-9-224-mm-kulma","status":"publish","type":"product","link":"https:\/\/xenonkungen.com\/fi\/tuote\/briodlights-edge-led-lisavalopalkki-9-224-mm-kulma\/","title":{"rendered":"BriodLights Edge LED-lis\u00e4valopylv\u00e4s 9\u2033 (224 mm) kulmikas valopylv\u00e4s"},"content":{"rendered":"<h1>BriodLights Edge Extra Light -kehys, jossa on kulmikas etuosa<\/h1>\n<p>BriodLightin Edge-lis\u00e4valopalkki on vallankumous autojen valaistuksessa, sill\u00e4 sen kulmikas etuosa antaa aerodynaamisen profiilin. Muotoilu ei ainoastaan v\u00e4henn\u00e4 ilmanvastusta, vaan auttaa my\u00f6s torjumaan likaa ja lunta. T\u00e4m\u00e4 ohut valopalkki luo huomaamattoman vaikutelman minimaalisilla mitoillaan ja tummalla ulkon\u00e4\u00f6ll\u00e4\u00e4n, mik\u00e4 tekee siit\u00e4 t\u00e4ydellisen lis\u00e4n mihin tahansa ajoneuvoon.<\/p>\n<h2>Vaikuttava valo<\/h2>\n<p>Edge-lis\u00e4valopalkki nostaa ajoneuvon valaistuksen uudelle tasolle uraauurtavan optiikkansa ansiosta. Se tarjoaa vaikuttavan valon, joka heijastuu tielle ja tien varrelle juuri sinne, miss\u00e4 sit\u00e4 tarvitaan, ja parantaa n\u00e4kyvyytt\u00e4 ja turvallisuutta.<\/p>\n<h2>Joustava kokoonpano<\/h2>\n<p>Luiskan mukana toimitetaan sivu- ja takakannattimet (ylh\u00e4\u00e4ll\u00e4\/alhaalla), jotka ovat s\u00e4\u00e4dett\u00e4viss\u00e4 koko luiskan pituudelta. N\u00e4in ramppi on helppo asentaa juuri sinne, mihin haluat sen optimaalista valaistusta varten.<\/p>\n<h2>Sertifikaatit<\/h2>\n<p>T\u00e4m\u00e4 valopalkki on sertifioitu CE-, ECE R10- ja R112-luokituksen mukaisesti, ja sen IP-luokitus on IP69K, mik\u00e4 tarkoittaa, ett\u00e4 se on p\u00f6ly- ja vedenpit\u00e4v\u00e4. Lis\u00e4ksi se on E-hyv\u00e4ksytty, mik\u00e4 vahvistaa, ett\u00e4 tuote t\u00e4ytt\u00e4\u00e4 EU:n turvallisuutta, terveytt\u00e4 ja ymp\u00e4rist\u00f6nsuojelua koskevat v\u00e4himm\u00e4isvaatimukset.<\/p>\n<h2>3 vuoden toimintatakuu<\/h2>\n<p>BriodLights Edge -lis\u00e4valokehyksell\u00e4 on 3 vuoden toimintatakuu, joka antaa sinulle lis\u00e4\u00e4 mielenrauhaa.<\/p>","protected":false},"excerpt":{"rendered":"<p>BriodLights Edge Extraljusramp med Vinklad Front BriodLights Edge extraljusramp \u00e4r en revolution inom fordonsbelysning med sin vinklade front som ger en aerodynamisk profil. Designen eliminerar inte bara luftmotst\u00e5nd, men hj\u00e4lper ocks\u00e5 till att avvisa smuts och sn\u00f6. Denna slimmade ljusramp skapar ett diskret intryck med sina minimala m\u00e5tt och m\u00f6rka framtoning, vilket g\u00f6r den till [&hellip;]<\/p>","protected":false},"featured_media":3607,"comment_status":"closed","ping_status":"open","template":"","meta":{"_acf_changed":false,"_smort_price_nok":"2531","_smort_price_dkk":"1608","_smort_price_eur":"215.44","_smort_sale_price_nok":"","_smort_sale_price_dkk":"","_smort_sale_price_eur":"","smort_restorder":"","shipmondo_restorder":"","_kad_blocks_custom_css":"","_kad_blocks_head_custom_js":"","_kad_blocks_body_custom_js":"","_kad_blocks_footer_custom_js":"","smort_custom_pricelist_1":"1278.72","smort_custom_pricelist_2":"1278.72","smort_custom_pricelist_3":"1278.72","smort_custom_pricelist_4":"1598.4","smort_custom_pricelist_5":"1278.72"},"anvandningsomrade":[],"bilmarken":[],"product_brand":[92],"product_cat":[2966,2539],"product_tag":[2788],"class_list":{"0":"post-3606","1":"product","2":"type-product","3":"status-publish","4":"has-post-thumbnail","6":"product_brand-briodlights","7":"product_cat-ledramp-rak","8":"product_cat-ledramper","9":"product_tag-black-week-exclude","10":"pa_fargtemperatur-5000k","11":"pa_fuktskydd-varde-ipxx-ip69k","12":"pa_godkannande-e-markt-ce-ece-r10-r112","13":"pa_lampsockel-kontakt-dt","14":"pa_led-chips-effekt-w-1186","15":"pa_ljusbild-spot","16":"pa_storlek-mm-224x385x67","17":"pa_stromforbrukning-167a24v","18":"pa_stromforbrukning-235a12v","19":"pa_volt-v-12-24","21":"first","22":"onbackorder","23":"taxable","24":"shipping-taxable","25":"purchasable","26":"product-type-simple"},"bundled_by":[],"bundle_stock_status":"onbackorder","bundle_stock_quantity":0,"bundle_virtual":false,"bundle_layout":"","bundle_add_to_cart_form_location":"","bundle_editable_in_cart":false,"bundle_sold_individually_context":"","bundle_item_grouping":"","bundle_min_size":"","bundle_max_size":"","bundle_price":[],"bundled_items":[],"bundle_sell_ids":[],"acf":[],"yoast_head":"<!-- This site is optimized with the Yoast SEO plugin v27.0 - https:\/\/yoast.com\/product\/yoast-seo-wordpress\/ -->\n<title>BriodLights Edge LED extraljusramp 9&quot; (224 mm) vinklad - Xenonkungen<\/title>\n<meta name=\"robots\" content=\"index, follow, max-snippet:-1, max-image-preview:large, max-video-preview:-1\" \/>\n<link rel=\"canonical\" href=\"https:\/\/xenonkungen.com\/fi\/tuote\/briodlights-edge-led-lisavalopalkki-9-224-mm-kulma\/\" \/>\n<meta property=\"og:locale\" content=\"fi_FI\" \/>\n<meta property=\"og:type\" content=\"article\" \/>\n<meta property=\"og:title\" content=\"BriodLights Edge LED extraljusramp 9&quot; (224 mm) vinklad - Xenonkungen\" \/>\n<meta property=\"og:description\" content=\"BriodLights Edge Extraljusramp med Vinklad Front BriodLights Edge extraljusramp \u00e4r en revolution inom fordonsbelysning med sin vinklade front som ger en aerodynamisk profil. Designen eliminerar inte bara luftmotst\u00e5nd, men hj\u00e4lper ocks\u00e5 till att avvisa smuts och sn\u00f6. Denna slimmade ljusramp skapar ett diskret intryck med sina minimala m\u00e5tt och m\u00f6rka framtoning, vilket g\u00f6r den till [&hellip;]\" \/>\n<meta property=\"og:url\" content=\"https:\/\/xenonkungen.com\/fi\/tuote\/briodlights-edge-led-lisavalopalkki-9-224-mm-kulma\/\" \/>\n<meta property=\"og:site_name\" content=\"Xenonkungen\" \/>\n<meta property=\"article:modified_time\" content=\"2026-04-24T15:51:32+00:00\" \/>\n<meta property=\"og:image\" content=\"https:\/\/xenonkungen.com\/wp-content\/uploads\/2025\/04\/275-63001_itemimage_2.jpg\" \/>\n\t<meta property=\"og:image:width\" content=\"2048\" \/>\n\t<meta property=\"og:image:height\" content=\"1537\" \/>\n\t<meta property=\"og:image:type\" content=\"image\/jpeg\" \/>\n<meta name=\"twitter:card\" content=\"summary_large_image\" \/>\n<meta name=\"twitter:label1\" content=\"Arvioitu lukuaika\" \/>\n\t<meta name=\"twitter:data1\" content=\"1 minuutti\" \/>\n<script type=\"application\/ld+json\" class=\"yoast-schema-graph\">{\"@context\":\"https:\/\/schema.org\",\"@graph\":[{\"@type\":\"WebPage\",\"@id\":\"https:\/\/xenonkungen.com\/produkt\/briodlights-edge-led-extraljusramp-9-224-mm-vinklad\/\",\"url\":\"https:\/\/xenonkungen.com\/produkt\/briodlights-edge-led-extraljusramp-9-224-mm-vinklad\/\",\"name\":\"BriodLights Edge LED extraljusramp 9\\\" (224 mm) vinklad - Xenonkungen\",\"isPartOf\":{\"@id\":\"https:\/\/xenonkungen.com\/#website\"},\"primaryImageOfPage\":{\"@id\":\"https:\/\/xenonkungen.com\/produkt\/briodlights-edge-led-extraljusramp-9-224-mm-vinklad\/#primaryimage\"},\"image\":{\"@id\":\"https:\/\/xenonkungen.com\/produkt\/briodlights-edge-led-extraljusramp-9-224-mm-vinklad\/#primaryimage\"},\"thumbnailUrl\":\"https:\/\/xenonkungen.com\/wp-content\/uploads\/2025\/04\/275-63001_itemimage_2.jpg\",\"datePublished\":\"2025-04-15T08:59:55+00:00\",\"dateModified\":\"2026-04-24T15:51:32+00:00\",\"breadcrumb\":{\"@id\":\"https:\/\/xenonkungen.com\/produkt\/briodlights-edge-led-extraljusramp-9-224-mm-vinklad\/#breadcrumb\"},\"inLanguage\":\"fi\",\"potentialAction\":[{\"@type\":\"ReadAction\",\"target\":[\"https:\/\/xenonkungen.com\/produkt\/briodlights-edge-led-extraljusramp-9-224-mm-vinklad\/\"]}]},{\"@type\":\"ImageObject\",\"inLanguage\":\"fi\",\"@id\":\"https:\/\/xenonkungen.com\/produkt\/briodlights-edge-led-extraljusramp-9-224-mm-vinklad\/#primaryimage\",\"url\":\"https:\/\/xenonkungen.com\/wp-content\/uploads\/2025\/04\/275-63001_itemimage_2.jpg\",\"contentUrl\":\"https:\/\/xenonkungen.com\/wp-content\/uploads\/2025\/04\/275-63001_itemimage_2.jpg\",\"width\":2048,\"height\":1537},{\"@type\":\"BreadcrumbList\",\"@id\":\"https:\/\/xenonkungen.com\/produkt\/briodlights-edge-led-extraljusramp-9-224-mm-vinklad\/#breadcrumb\",\"itemListElement\":[{\"@type\":\"ListItem\",\"position\":1,\"name\":\"Hem\",\"item\":\"https:\/\/xenonkungen.com\/\"},{\"@type\":\"ListItem\",\"position\":2,\"name\":\"Shop\",\"item\":\"https:\/\/xenonkungen.com\/shop\/\"},{\"@type\":\"ListItem\",\"position\":3,\"name\":\"BriodLights Edge LED extraljusramp 9&#8243; (224 mm) vinklad\"}]},{\"@type\":\"WebSite\",\"@id\":\"https:\/\/xenonkungen.com\/#website\",\"url\":\"https:\/\/xenonkungen.com\/\",\"name\":\"Xenonkungen\",\"description\":\"\",\"potentialAction\":[{\"@type\":\"SearchAction\",\"target\":{\"@type\":\"EntryPoint\",\"urlTemplate\":\"https:\/\/xenonkungen.com\/?s={search_term_string}\"},\"query-input\":{\"@type\":\"PropertyValueSpecification\",\"valueRequired\":true,\"valueName\":\"search_term_string\"}}],\"inLanguage\":\"fi\"}]}<\/script>\n<!-- \/ Yoast SEO plugin. -->","yoast_head_json":{"title":"BriodLights Edge LED-lis\u00e4valopalkki 9&quot; (224 mm), kulmassa - Xenonkungen","robots":{"index":"index","follow":"follow","max-snippet":"max-snippet:-1","max-image-preview":"max-image-preview:large","max-video-preview":"max-video-preview:-1"},"canonical":"https:\/\/xenonkungen.com\/fi\/tuote\/briodlights-edge-led-lisavalopalkki-9-224-mm-kulma\/","og_locale":"fi_FI","og_type":"article","og_title":"BriodLights Edge LED extraljusramp 9\" (224 mm) vinklad - Xenonkungen","og_description":"BriodLights Edge Extraljusramp med Vinklad Front BriodLights Edge extraljusramp \u00e4r en revolution inom fordonsbelysning med sin vinklade front som ger en aerodynamisk profil. Designen eliminerar inte bara luftmotst\u00e5nd, men hj\u00e4lper ocks\u00e5 till att avvisa smuts och sn\u00f6. Denna slimmade ljusramp skapar ett diskret intryck med sina minimala m\u00e5tt och m\u00f6rka framtoning, vilket g\u00f6r den till [&hellip;]","og_url":"https:\/\/xenonkungen.com\/fi\/tuote\/briodlights-edge-led-lisavalopalkki-9-224-mm-kulma\/","og_site_name":"Xenonkungen","article_modified_time":"2026-04-24T15:51:32+00:00","og_image":[{"width":2048,"height":1537,"url":"https:\/\/xenonkungen.com\/wp-content\/uploads\/2025\/04\/275-63001_itemimage_2.jpg","type":"image\/jpeg"}],"twitter_card":"summary_large_image","twitter_misc":{"Arvioitu lukuaika":"1 minuutti"},"schema":{"@context":"https:\/\/schema.org","@graph":[{"@type":"WebPage","@id":"https:\/\/xenonkungen.com\/produkt\/briodlights-edge-led-extraljusramp-9-224-mm-vinklad\/","url":"https:\/\/xenonkungen.com\/produkt\/briodlights-edge-led-extraljusramp-9-224-mm-vinklad\/","name":"BriodLights Edge LED-lis\u00e4valopalkki 9&quot; (224 mm), kulmassa - Xenonkungen","isPartOf":{"@id":"https:\/\/xenonkungen.com\/#website"},"primaryImageOfPage":{"@id":"https:\/\/xenonkungen.com\/produkt\/briodlights-edge-led-extraljusramp-9-224-mm-vinklad\/#primaryimage"},"image":{"@id":"https:\/\/xenonkungen.com\/produkt\/briodlights-edge-led-extraljusramp-9-224-mm-vinklad\/#primaryimage"},"thumbnailUrl":"https:\/\/xenonkungen.com\/wp-content\/uploads\/2025\/04\/275-63001_itemimage_2.jpg","datePublished":"2025-04-15T08:59:55+00:00","dateModified":"2026-04-24T15:51:32+00:00","breadcrumb":{"@id":"https:\/\/xenonkungen.com\/produkt\/briodlights-edge-led-extraljusramp-9-224-mm-vinklad\/#breadcrumb"},"inLanguage":"fi","potentialAction":[{"@type":"ReadAction","target":["https:\/\/xenonkungen.com\/produkt\/briodlights-edge-led-extraljusramp-9-224-mm-vinklad\/"]}]},{"@type":"ImageObject","inLanguage":"fi","@id":"https:\/\/xenonkungen.com\/produkt\/briodlights-edge-led-extraljusramp-9-224-mm-vinklad\/#primaryimage","url":"https:\/\/xenonkungen.com\/wp-content\/uploads\/2025\/04\/275-63001_itemimage_2.jpg","contentUrl":"https:\/\/xenonkungen.com\/wp-content\/uploads\/2025\/04\/275-63001_itemimage_2.jpg","width":2048,"height":1537},{"@type":"BreadcrumbList","@id":"https:\/\/xenonkungen.com\/produkt\/briodlights-edge-led-extraljusramp-9-224-mm-vinklad\/#breadcrumb","itemListElement":[{"@type":"ListItem","position":1,"name":"Hem","item":"https:\/\/xenonkungen.com\/"},{"@type":"ListItem","position":2,"name":"Shop","item":"https:\/\/xenonkungen.com\/shop\/"},{"@type":"ListItem","position":3,"name":"BriodLights Edge LED extraljusramp 9&#8243; (224 mm) vinklad"}]},{"@type":"WebSite","@id":"https:\/\/xenonkungen.com\/#website","url":"https:\/\/xenonkungen.com\/","name":"Xenonkungen","description":"","potentialAction":[{"@type":"SearchAction","target":{"@type":"EntryPoint","urlTemplate":"https:\/\/xenonkungen.com\/?s={search_term_string}"},"query-input":{"@type":"PropertyValueSpecification","valueRequired":true,"valueName":"search_term_string"}}],"inLanguage":"fi"}]}},"taxonomy_info":{"product_brand":[{"value":92,"label":"Briodlights"}],"product_cat":[{"value":2966,"label":"Ledramp Rak"},{"value":2539,"label":"LEDRAMPER"}],"product_tag":[{"value":2788,"label":"black-week-exclude"}],"pa_fargtemperatur":[{"value":154,"label":"5000K"}],"pa_fuktskydd-varde-ipxx":[{"value":155,"label":"IP69K"}],"pa_godkannande":[{"value":1188,"label":"E-M\u00e4rkt, CE, ECE, R10, R112"}],"pa_lampsockel-kontakt":[{"value":329,"label":"DT"}],"pa_led-chips-effekt-w":[{"value":1186,"label":"31"}],"pa_ljusbild":[{"value":1177,"label":"Spot"}],"pa_storlek-mm":[{"value":1185,"label":"224x38,5x67"}],"pa_stromforbrukning":[{"value":1094,"label":"1,67A@24V"},{"value":1187,"label":"2,35A@12V"}],"pa_volt-v":[{"value":348,"label":"12, 24"}]},"featured_image_src_large":["https:\/\/xenonkungen.com\/wp-content\/uploads\/2025\/04\/275-63001_itemimage_2-1024x769.jpg",1024,769,true],"author_info":[],"comment_info":0,"_links":{"self":[{"href":"https:\/\/xenonkungen.com\/fi\/wp-json\/wp\/v2\/product\/3606","targetHints":{"allow":["GET"]}}],"collection":[{"href":"https:\/\/xenonkungen.com\/fi\/wp-json\/wp\/v2\/product"}],"about":[{"href":"https:\/\/xenonkungen.com\/fi\/wp-json\/wp\/v2\/types\/product"}],"replies":[{"embeddable":true,"href":"https:\/\/xenonkungen.com\/fi\/wp-json\/wp\/v2\/comments?post=3606"}],"wp:featuredmedia":[{"embeddable":true,"href":"https:\/\/xenonkungen.com\/fi\/wp-json\/wp\/v2\/media\/3607"}],"wp:attachment":[{"href":"https:\/\/xenonkungen.com\/fi\/wp-json\/wp\/v2\/media?parent=3606"}],"wp:term":[{"taxonomy":"anvandningsomrade","embeddable":true,"href":"https:\/\/xenonkungen.com\/fi\/wp-json\/wp\/v2\/anvandningsomrade?post=3606"},{"taxonomy":"bilmarken","embeddable":true,"href":"https:\/\/xenonkungen.com\/fi\/wp-json\/wp\/v2\/bilmarken?post=3606"},{"taxonomy":"product_brand","embeddable":true,"href":"https:\/\/xenonkungen.com\/fi\/wp-json\/wp\/v2\/product_brand?post=3606"},{"taxonomy":"product_cat","embeddable":true,"href":"https:\/\/xenonkungen.com\/fi\/wp-json\/wp\/v2\/product_cat?post=3606"},{"taxonomy":"product_tag","embeddable":true,"href":"https:\/\/xenonkungen.com\/fi\/wp-json\/wp\/v2\/product_tag?post=3606"}],"curies":[{"name":"wp","href":"https:\/\/api.w.org\/{rel}","templated":true}]}}