{"id":3657,"date":"2025-04-15T09:01:19","date_gmt":"2025-04-15T09:01:19","guid":{"rendered":"https:\/\/xenonkungen.com\/product\/rela-20a-4-pin\/"},"modified":"2026-04-24T16:55:57","modified_gmt":"2026-04-24T15:55:57","slug":"rele-20a-4-nastainen","status":"publish","type":"product","link":"https:\/\/xenonkungen.com\/fi\/tuote\/rele-20a-4-nastainen\/","title":{"rendered":"Rele 20A | 4-PIN"},"content":{"rendered":"<h1>20A rele lis\u00e4valoa jne. varten.<\/h1>\n<p>Laadukas 20A-releemme on t\u00e4ydellinen ratkaisu, kun haluat rakentaa oman johdotusj\u00e4rjestelm\u00e4n lis\u00e4valoille, LED-rampeille ja muille suurvirtaisille sovelluksille. T\u00e4m\u00e4 rele on ihanteellinen tilanteisiin, joissa valmiit johdotusj\u00e4rjestelm\u00e4t eiv\u00e4t sovi ajoneuvon rakenteeseen tai erityistarpeisiin.<\/p>\n<p>T\u00e4m\u00e4 rele, jonka kapasiteetti on 20 A, takaa luotettavan ja tehokkaan virrank\u00e4sittelyn, joten se soveltuu kohtalaisen vaativiin valaistusasennuksiin. Rele on suunniteltu kest\u00e4m\u00e4\u00e4n suuria virtoja ja tarjoamaan pitk\u00e4kestoista suorituskyky\u00e4, mik\u00e4 varmistaa, ett\u00e4 valaistusj\u00e4rjestelm\u00e4t toimivat tehokkaasti ja turvallisesti.<\/p>\n<p>K\u00e4ytt\u00e4m\u00e4ll\u00e4 t\u00e4t\u00e4 20 A:n relett\u00e4 voit r\u00e4\u00e4t\u00e4l\u00f6id\u00e4 johdotusj\u00e4rjestelm\u00e4n tarpeidesi ja ajoneuvosi ainutlaatuisen rakenteen mukaan. N\u00e4in voit hallita asennusta t\u00e4ysin ja varmistaa, ett\u00e4 kaikki osat on kytketty oikein ja ett\u00e4 ne toimivat optimaalisesti.<\/p>\n<p><strong>Tekniset tiedot:<\/strong><\/p>\n<ul>\n<li>Kapasiteetti: 20A<\/li>\n<li>K\u00e4ytt\u00f6: R\u00e4\u00e4t\u00e4l\u00f6ityjen kaapelointij\u00e4rjestelmien rakentaminen lis\u00e4valoille, LED-rampeille ja muille suurvirtasovelluksille.<\/li>\n<li>Laatu: Korkealaatuinen rakenne takaa luotettavan ja pitk\u00e4aikaisen suorituskyvyn.<\/li>\n<\/ul>\n<p>Kun valitset 20A-releemme, saat vankan ja luotettavan komponentin, jonka avulla voit luoda r\u00e4\u00e4t\u00e4l\u00f6idyn kaapelointij\u00e4rjestelm\u00e4n, joka t\u00e4ytt\u00e4\u00e4 vaatimuksesi. T\u00e4m\u00e4 takaa optimaalisen suorituskyvyn ja turvallisuuden lis\u00e4ksi my\u00f6s joustavuuden ja r\u00e4\u00e4t\u00e4l\u00f6it\u00e4vyyden erityisi\u00e4 valaistusprojektejasi varten.<\/p>","protected":false},"excerpt":{"rendered":"<p>20A rele niille teist\u00e4, jotka haluavat rakentaa oman kaapeliverkon.<\/p>","protected":false},"featured_media":3658,"comment_status":"closed","ping_status":"open","template":"","meta":{"_acf_changed":false,"_smort_price_nok":"63","_smort_price_dkk":"40","_smort_price_eur":"5.36","_smort_sale_price_nok":"","_smort_sale_price_dkk":"","_smort_sale_price_eur":"","smort_restorder":"","shipmondo_restorder":"","_kad_blocks_custom_css":"","_kad_blocks_head_custom_js":"","_kad_blocks_body_custom_js":"","_kad_blocks_footer_custom_js":"","smort_custom_pricelist_1":"37.76","smort_custom_pricelist_2":"33.04","smort_custom_pricelist_3":"31.39","smort_custom_pricelist_4":"47.2","smort_custom_pricelist_5":"33.04"},"anvandningsomrade":[],"bilmarken":[],"product_brand":[117],"product_cat":[2468,390],"product_tag":[],"class_list":{"0":"post-3657","1":"product","2":"type-product","3":"status-publish","4":"has-post-thumbnail","6":"product_brand-xenonkungen","7":"product_cat-rela","8":"product_cat-installation","9":"pa_volt-v-159","11":"first","12":"instock","13":"taxable","14":"shipping-taxable","15":"purchasable","16":"product-type-simple"},"bundled_by":[],"bundle_stock_status":"instock","bundle_stock_quantity":268,"bundle_virtual":false,"bundle_layout":"","bundle_add_to_cart_form_location":"","bundle_editable_in_cart":false,"bundle_sold_individually_context":"","bundle_item_grouping":"","bundle_min_size":"","bundle_max_size":"","bundle_price":[],"bundled_items":[],"bundle_sell_ids":[],"acf":[],"yoast_head":"<!-- This site is optimized with the Yoast SEO plugin v27.0 - https:\/\/yoast.com\/product\/yoast-seo-wordpress\/ -->\n<title>Rel\u00e4 20A | 4-PIN - Xenonkungen<\/title>\n<meta name=\"robots\" content=\"index, follow, max-snippet:-1, max-image-preview:large, max-video-preview:-1\" \/>\n<link rel=\"canonical\" href=\"https:\/\/xenonkungen.com\/fi\/tuote\/rele-20a-4-nastainen\/\" \/>\n<meta property=\"og:locale\" content=\"fi_FI\" \/>\n<meta property=\"og:type\" content=\"article\" \/>\n<meta property=\"og:title\" content=\"Rel\u00e4 20A | 4-PIN - Xenonkungen\" \/>\n<meta property=\"og:description\" content=\"20A rel\u00e4, f\u00f6r er som vill bygga ert egna kabeln\u00e4t.\" \/>\n<meta property=\"og:url\" content=\"https:\/\/xenonkungen.com\/fi\/tuote\/rele-20a-4-nastainen\/\" \/>\n<meta property=\"og:site_name\" content=\"Xenonkungen\" \/>\n<meta property=\"article:modified_time\" content=\"2026-04-24T15:55:57+00:00\" \/>\n<meta property=\"og:image\" content=\"https:\/\/xenonkungen.com\/wp-content\/uploads\/2025\/04\/188911131-origpic-5a9cdb.png\" \/>\n\t<meta property=\"og:image:width\" content=\"1000\" \/>\n\t<meta property=\"og:image:height\" content=\"866\" \/>\n\t<meta property=\"og:image:type\" content=\"image\/png\" \/>\n<meta name=\"twitter:card\" content=\"summary_large_image\" \/>\n<meta name=\"twitter:label1\" content=\"Arvioitu lukuaika\" \/>\n\t<meta name=\"twitter:data1\" content=\"1 minuutti\" \/>\n<script type=\"application\/ld+json\" class=\"yoast-schema-graph\">{\"@context\":\"https:\/\/schema.org\",\"@graph\":[{\"@type\":\"WebPage\",\"@id\":\"https:\/\/xenonkungen.com\/produkt\/rela-20a-4-pin\/\",\"url\":\"https:\/\/xenonkungen.com\/produkt\/rela-20a-4-pin\/\",\"name\":\"Rel\u00e4 20A | 4-PIN - Xenonkungen\",\"isPartOf\":{\"@id\":\"https:\/\/xenonkungen.com\/#website\"},\"primaryImageOfPage\":{\"@id\":\"https:\/\/xenonkungen.com\/produkt\/rela-20a-4-pin\/#primaryimage\"},\"image\":{\"@id\":\"https:\/\/xenonkungen.com\/produkt\/rela-20a-4-pin\/#primaryimage\"},\"thumbnailUrl\":\"https:\/\/xenonkungen.com\/wp-content\/uploads\/2025\/04\/188911131-origpic-5a9cdb.png\",\"datePublished\":\"2025-04-15T09:01:19+00:00\",\"dateModified\":\"2026-04-24T15:55:57+00:00\",\"breadcrumb\":{\"@id\":\"https:\/\/xenonkungen.com\/produkt\/rela-20a-4-pin\/#breadcrumb\"},\"inLanguage\":\"fi\",\"potentialAction\":[{\"@type\":\"ReadAction\",\"target\":[\"https:\/\/xenonkungen.com\/produkt\/rela-20a-4-pin\/\"]}]},{\"@type\":\"ImageObject\",\"inLanguage\":\"fi\",\"@id\":\"https:\/\/xenonkungen.com\/produkt\/rela-20a-4-pin\/#primaryimage\",\"url\":\"https:\/\/xenonkungen.com\/wp-content\/uploads\/2025\/04\/188911131-origpic-5a9cdb.png\",\"contentUrl\":\"https:\/\/xenonkungen.com\/wp-content\/uploads\/2025\/04\/188911131-origpic-5a9cdb.png\",\"width\":1000,\"height\":866},{\"@type\":\"BreadcrumbList\",\"@id\":\"https:\/\/xenonkungen.com\/produkt\/rela-20a-4-pin\/#breadcrumb\",\"itemListElement\":[{\"@type\":\"ListItem\",\"position\":1,\"name\":\"Hem\",\"item\":\"https:\/\/xenonkungen.com\/\"},{\"@type\":\"ListItem\",\"position\":2,\"name\":\"Shop\",\"item\":\"https:\/\/xenonkungen.com\/shop\/\"},{\"@type\":\"ListItem\",\"position\":3,\"name\":\"Rel\u00e4 20A | 4-PIN\"}]},{\"@type\":\"WebSite\",\"@id\":\"https:\/\/xenonkungen.com\/#website\",\"url\":\"https:\/\/xenonkungen.com\/\",\"name\":\"Xenonkungen\",\"description\":\"\",\"potentialAction\":[{\"@type\":\"SearchAction\",\"target\":{\"@type\":\"EntryPoint\",\"urlTemplate\":\"https:\/\/xenonkungen.com\/?s={search_term_string}\"},\"query-input\":{\"@type\":\"PropertyValueSpecification\",\"valueRequired\":true,\"valueName\":\"search_term_string\"}}],\"inLanguage\":\"fi\"}]}<\/script>\n<!-- \/ Yoast SEO plugin. -->","yoast_head_json":{"title":"Rele 20A | 4-NASTAINEN - Ksenonjohtimet","robots":{"index":"index","follow":"follow","max-snippet":"max-snippet:-1","max-image-preview":"max-image-preview:large","max-video-preview":"max-video-preview:-1"},"canonical":"https:\/\/xenonkungen.com\/fi\/tuote\/rele-20a-4-nastainen\/","og_locale":"fi_FI","og_type":"article","og_title":"Rel\u00e4 20A | 4-PIN - Xenonkungen","og_description":"20A rel\u00e4, f\u00f6r er som vill bygga ert egna kabeln\u00e4t.","og_url":"https:\/\/xenonkungen.com\/fi\/tuote\/rele-20a-4-nastainen\/","og_site_name":"Xenonkungen","article_modified_time":"2026-04-24T15:55:57+00:00","og_image":[{"width":1000,"height":866,"url":"https:\/\/xenonkungen.com\/wp-content\/uploads\/2025\/04\/188911131-origpic-5a9cdb.png","type":"image\/png"}],"twitter_card":"summary_large_image","twitter_misc":{"Arvioitu lukuaika":"1 minuutti"},"schema":{"@context":"https:\/\/schema.org","@graph":[{"@type":"WebPage","@id":"https:\/\/xenonkungen.com\/produkt\/rela-20a-4-pin\/","url":"https:\/\/xenonkungen.com\/produkt\/rela-20a-4-pin\/","name":"Rele 20A | 4-NASTAINEN - Ksenonjohtimet","isPartOf":{"@id":"https:\/\/xenonkungen.com\/#website"},"primaryImageOfPage":{"@id":"https:\/\/xenonkungen.com\/produkt\/rela-20a-4-pin\/#primaryimage"},"image":{"@id":"https:\/\/xenonkungen.com\/produkt\/rela-20a-4-pin\/#primaryimage"},"thumbnailUrl":"https:\/\/xenonkungen.com\/wp-content\/uploads\/2025\/04\/188911131-origpic-5a9cdb.png","datePublished":"2025-04-15T09:01:19+00:00","dateModified":"2026-04-24T15:55:57+00:00","breadcrumb":{"@id":"https:\/\/xenonkungen.com\/produkt\/rela-20a-4-pin\/#breadcrumb"},"inLanguage":"fi","potentialAction":[{"@type":"ReadAction","target":["https:\/\/xenonkungen.com\/produkt\/rela-20a-4-pin\/"]}]},{"@type":"ImageObject","inLanguage":"fi","@id":"https:\/\/xenonkungen.com\/produkt\/rela-20a-4-pin\/#primaryimage","url":"https:\/\/xenonkungen.com\/wp-content\/uploads\/2025\/04\/188911131-origpic-5a9cdb.png","contentUrl":"https:\/\/xenonkungen.com\/wp-content\/uploads\/2025\/04\/188911131-origpic-5a9cdb.png","width":1000,"height":866},{"@type":"BreadcrumbList","@id":"https:\/\/xenonkungen.com\/produkt\/rela-20a-4-pin\/#breadcrumb","itemListElement":[{"@type":"ListItem","position":1,"name":"Hem","item":"https:\/\/xenonkungen.com\/"},{"@type":"ListItem","position":2,"name":"Shop","item":"https:\/\/xenonkungen.com\/shop\/"},{"@type":"ListItem","position":3,"name":"Rel\u00e4 20A | 4-PIN"}]},{"@type":"WebSite","@id":"https:\/\/xenonkungen.com\/#website","url":"https:\/\/xenonkungen.com\/","name":"Xenonkungen","description":"","potentialAction":[{"@type":"SearchAction","target":{"@type":"EntryPoint","urlTemplate":"https:\/\/xenonkungen.com\/?s={search_term_string}"},"query-input":{"@type":"PropertyValueSpecification","valueRequired":true,"valueName":"search_term_string"}}],"inLanguage":"fi"}]}},"taxonomy_info":{"product_brand":[{"value":117,"label":"Xenonkungen"}],"product_cat":[{"value":2468,"label":"Rel\u00e4"},{"value":390,"label":"Installation"}],"pa_volt-v":[{"value":159,"label":"12"}]},"featured_image_src_large":["https:\/\/xenonkungen.com\/wp-content\/uploads\/2025\/04\/188911131-origpic-5a9cdb.png",1000,866,false],"author_info":[],"comment_info":0,"_links":{"self":[{"href":"https:\/\/xenonkungen.com\/fi\/wp-json\/wp\/v2\/product\/3657","targetHints":{"allow":["GET"]}}],"collection":[{"href":"https:\/\/xenonkungen.com\/fi\/wp-json\/wp\/v2\/product"}],"about":[{"href":"https:\/\/xenonkungen.com\/fi\/wp-json\/wp\/v2\/types\/product"}],"replies":[{"embeddable":true,"href":"https:\/\/xenonkungen.com\/fi\/wp-json\/wp\/v2\/comments?post=3657"}],"wp:featuredmedia":[{"embeddable":true,"href":"https:\/\/xenonkungen.com\/fi\/wp-json\/wp\/v2\/media\/3658"}],"wp:attachment":[{"href":"https:\/\/xenonkungen.com\/fi\/wp-json\/wp\/v2\/media?parent=3657"}],"wp:term":[{"taxonomy":"anvandningsomrade","embeddable":true,"href":"https:\/\/xenonkungen.com\/fi\/wp-json\/wp\/v2\/anvandningsomrade?post=3657"},{"taxonomy":"bilmarken","embeddable":true,"href":"https:\/\/xenonkungen.com\/fi\/wp-json\/wp\/v2\/bilmarken?post=3657"},{"taxonomy":"product_brand","embeddable":true,"href":"https:\/\/xenonkungen.com\/fi\/wp-json\/wp\/v2\/product_brand?post=3657"},{"taxonomy":"product_cat","embeddable":true,"href":"https:\/\/xenonkungen.com\/fi\/wp-json\/wp\/v2\/product_cat?post=3657"},{"taxonomy":"product_tag","embeddable":true,"href":"https:\/\/xenonkungen.com\/fi\/wp-json\/wp\/v2\/product_tag?post=3657"}],"curies":[{"name":"wp","href":"https:\/\/api.w.org\/{rel}","templated":true}]}}