{"id":3664,"date":"2025-04-15T09:01:19","date_gmt":"2025-04-15T09:01:19","guid":{"rendered":"https:\/\/xenonkungen.com\/product\/rela-40a-4-pin-24v\/"},"modified":"2026-01-08T18:00:38","modified_gmt":"2026-01-08T17:00:38","slug":"rele-40a-4-nastainen-24v","status":"publish","type":"product","link":"https:\/\/xenonkungen.com\/fi\/tuote\/rele-40a-4-nastainen-24v\/","title":{"rendered":"Rele 40A | 4-pinninen | 24V"},"content":{"rendered":"<h1>Rele lis\u00e4valoja jne. varten 24V:lle 40A:n j\u00e4nnitteell\u00e4.<\/h1>\n<p><span>Tutustu tehokkaaseen 40A:n releeseemme, jossa on 4-pinninen liit\u00e4nt\u00e4 ja joka soveltuu t\u00e4ydellisesti 24V-j\u00e4rjestelmiin. Suunniteltu niille, jotka haluavat r\u00e4\u00e4t\u00e4l\u00f6id\u00e4 oman johdotusj\u00e4rjestelm\u00e4ns\u00e4, kun vakioratkaisut eiv\u00e4t vastaa ajoneuvon ainutlaatuisia suunnittelutarpeita. T\u00e4m\u00e4 korkealaatuinen rele takaa luotettavan ja tehokkaan virranjakelun, joten se on ihanteellinen valinta sek\u00e4 harrasteprojekteihin ett\u00e4 ammattik\u00e4ytt\u00f6\u00f6n. Sen vankka rakenne takaa pitk\u00e4aikaisen kest\u00e4vyyden ja kest\u00e4vyyden ankarimmissakin olosuhteissa, mik\u00e4 tekee j\u00e4rjestelm\u00e4st\u00e4si luotettavamman ja kest\u00e4v\u00e4mm\u00e4n ajan my\u00f6t\u00e4.<\/span><\/p>\n<p>1 vuoden takuu.\u00a0<\/p>","protected":false},"excerpt":{"rendered":"<p>Verkkokaupastamme l\u00f6ytyy nyt 40 A:n rele! T\u00e4m\u00e4 4-nastainen rele on erityisesti suunniteltu k\u00e4sittelem\u00e4\u00e4n suuria virtoja ja tarjoaa luotettavan ja tehokkaan toiminnan. 24 V:n j\u00e4nnitteell\u00e4 se sopii t\u00e4ydellisesti s\u00e4hk\u00f6tarpeisiisi. Tarvitsetpa sit\u00e4 sitten teollisuussovelluksiin tai kotik\u00e4ytt\u00f6\u00f6n, t\u00e4m\u00e4 rele selviytyy niist\u00e4. Tilaa omasi jo t\u00e4n\u00e4\u00e4n ja saat k\u00e4ytt\u00f6\u00f6si t\u00e4m\u00e4n 80 A:n releen luotettavan ja tehokkaan suorituskyvyn!<\/p>","protected":false},"featured_media":3665,"comment_status":"closed","ping_status":"open","template":"","meta":{"_acf_changed":false,"_smort_price_nok":"80","_smort_price_dkk":"51","_smort_price_eur":"6.82","_smort_sale_price_nok":"","_smort_sale_price_dkk":"","_smort_sale_price_eur":"","smort_restorder":"","shipmondo_restorder":"","_kad_blocks_custom_css":"","_kad_blocks_head_custom_js":"","_kad_blocks_body_custom_js":"","_kad_blocks_footer_custom_js":"","smort_custom_pricelist_1":"48","smort_custom_pricelist_2":"42","smort_custom_pricelist_3":"39","smort_custom_pricelist_4":"60","smort_custom_pricelist_5":"42"},"anvandningsomrade":[],"bilmarken":[],"product_brand":[117],"product_cat":[2841,2468,390],"product_tag":[],"class_list":{"0":"post-3664","1":"product","2":"type-product","3":"status-publish","4":"has-post-thumbnail","6":"product_brand-xenonkungen","7":"product_cat-installation-extraljus","8":"product_cat-rela","9":"product_cat-installation","10":"pa_volt-v-160","12":"first","13":"instock","14":"taxable","15":"shipping-taxable","16":"purchasable","17":"product-type-simple"},"bundled_by":[],"bundle_stock_status":"instock","bundle_stock_quantity":59,"bundle_virtual":false,"bundle_layout":"","bundle_add_to_cart_form_location":"","bundle_editable_in_cart":false,"bundle_sold_individually_context":"","bundle_item_grouping":"","bundle_min_size":"","bundle_max_size":"","bundle_price":[],"bundled_items":[],"bundle_sell_ids":[],"acf":[],"yoast_head":"<!-- This site is optimized with the Yoast SEO plugin v27.0 - https:\/\/yoast.com\/product\/yoast-seo-wordpress\/ -->\n<title>Rel\u00e4 40A | 4-PIN | 24V - Xenonkungen<\/title>\n<meta name=\"robots\" content=\"index, follow, max-snippet:-1, max-image-preview:large, max-video-preview:-1\" \/>\n<link rel=\"canonical\" href=\"https:\/\/xenonkungen.com\/fi\/tuote\/rele-40a-4-nastainen-24v\/\" \/>\n<meta property=\"og:locale\" content=\"fi_FI\" \/>\n<meta property=\"og:type\" content=\"article\" \/>\n<meta property=\"og:title\" content=\"Rel\u00e4 40A | 4-PIN | 24V - Xenonkungen\" \/>\n<meta property=\"og:description\" content=\"Nu finns det rel\u00e4 40A tillg\u00e4ngligt i v\u00e5r webbutik! Det h\u00e4r 4-PIN rel\u00e4t \u00e4r speciellt utformat f\u00f6r att hantera h\u00f6ga str\u00f6mmar och ger p\u00e5litlig och effektiv funktion. Med en sp\u00e4nning p\u00e5 24V \u00e4r det perfekt f\u00f6r dina elektriska behov. Oavsett om du beh\u00f6ver det f\u00f6r industriella applikationer eller hemmabruk, s\u00e5 kommer detta rel\u00e4 att klara av det. Best\u00e4ll ditt exemplar idag och f\u00e5 tillg\u00e5ng till den p\u00e5litliga och kraftfulla prestandan hos detta rel\u00e4 80A!\" \/>\n<meta property=\"og:url\" content=\"https:\/\/xenonkungen.com\/fi\/tuote\/rele-40a-4-nastainen-24v\/\" \/>\n<meta property=\"og:site_name\" content=\"Xenonkungen\" \/>\n<meta property=\"article:modified_time\" content=\"2026-01-08T17:00:38+00:00\" \/>\n<meta property=\"og:image\" content=\"https:\/\/xenonkungen.com\/wp-content\/uploads\/2025\/04\/RELA-40A-24V-DSCF5147-PNNG-1000px.png\" \/>\n\t<meta property=\"og:image:width\" content=\"1000\" \/>\n\t<meta property=\"og:image:height\" content=\"842\" \/>\n\t<meta property=\"og:image:type\" content=\"image\/png\" \/>\n<meta name=\"twitter:card\" content=\"summary_large_image\" \/>\n<meta name=\"twitter:label1\" content=\"Arvioitu lukuaika\" \/>\n\t<meta name=\"twitter:data1\" content=\"1 minuutti\" \/>\n<script type=\"application\/ld+json\" class=\"yoast-schema-graph\">{\"@context\":\"https:\/\/schema.org\",\"@graph\":[{\"@type\":\"WebPage\",\"@id\":\"https:\/\/xenonkungen.com\/produkt\/rela-40a-4-pin-24v\/\",\"url\":\"https:\/\/xenonkungen.com\/produkt\/rela-40a-4-pin-24v\/\",\"name\":\"Rel\u00e4 40A | 4-PIN | 24V - Xenonkungen\",\"isPartOf\":{\"@id\":\"https:\/\/xenonkungen.com\/#website\"},\"primaryImageOfPage\":{\"@id\":\"https:\/\/xenonkungen.com\/produkt\/rela-40a-4-pin-24v\/#primaryimage\"},\"image\":{\"@id\":\"https:\/\/xenonkungen.com\/produkt\/rela-40a-4-pin-24v\/#primaryimage\"},\"thumbnailUrl\":\"https:\/\/xenonkungen.com\/wp-content\/uploads\/2025\/04\/RELA-40A-24V-DSCF5147-PNNG-1000px.png\",\"datePublished\":\"2025-04-15T09:01:19+00:00\",\"dateModified\":\"2026-01-08T17:00:38+00:00\",\"breadcrumb\":{\"@id\":\"https:\/\/xenonkungen.com\/produkt\/rela-40a-4-pin-24v\/#breadcrumb\"},\"inLanguage\":\"fi\",\"potentialAction\":[{\"@type\":\"ReadAction\",\"target\":[\"https:\/\/xenonkungen.com\/produkt\/rela-40a-4-pin-24v\/\"]}]},{\"@type\":\"ImageObject\",\"inLanguage\":\"fi\",\"@id\":\"https:\/\/xenonkungen.com\/produkt\/rela-40a-4-pin-24v\/#primaryimage\",\"url\":\"https:\/\/xenonkungen.com\/wp-content\/uploads\/2025\/04\/RELA-40A-24V-DSCF5147-PNNG-1000px.png\",\"contentUrl\":\"https:\/\/xenonkungen.com\/wp-content\/uploads\/2025\/04\/RELA-40A-24V-DSCF5147-PNNG-1000px.png\",\"width\":1000,\"height\":842},{\"@type\":\"BreadcrumbList\",\"@id\":\"https:\/\/xenonkungen.com\/produkt\/rela-40a-4-pin-24v\/#breadcrumb\",\"itemListElement\":[{\"@type\":\"ListItem\",\"position\":1,\"name\":\"Hem\",\"item\":\"https:\/\/xenonkungen.com\/\"},{\"@type\":\"ListItem\",\"position\":2,\"name\":\"Shop\",\"item\":\"https:\/\/xenonkungen.com\/shop\/\"},{\"@type\":\"ListItem\",\"position\":3,\"name\":\"Rel\u00e4 40A | 4-PIN | 24V\"}]},{\"@type\":\"WebSite\",\"@id\":\"https:\/\/xenonkungen.com\/#website\",\"url\":\"https:\/\/xenonkungen.com\/\",\"name\":\"Xenonkungen\",\"description\":\"\",\"potentialAction\":[{\"@type\":\"SearchAction\",\"target\":{\"@type\":\"EntryPoint\",\"urlTemplate\":\"https:\/\/xenonkungen.com\/?s={search_term_string}\"},\"query-input\":{\"@type\":\"PropertyValueSpecification\",\"valueRequired\":true,\"valueName\":\"search_term_string\"}}],\"inLanguage\":\"fi\"}]}<\/script>\n<!-- \/ Yoast SEO plugin. -->","yoast_head_json":{"title":"Rele 40A | 4-NASTAINEN | 24V - Ksenonpolttimot","robots":{"index":"index","follow":"follow","max-snippet":"max-snippet:-1","max-image-preview":"max-image-preview:large","max-video-preview":"max-video-preview:-1"},"canonical":"https:\/\/xenonkungen.com\/fi\/tuote\/rele-40a-4-nastainen-24v\/","og_locale":"fi_FI","og_type":"article","og_title":"Rel\u00e4 40A | 4-PIN | 24V - Xenonkungen","og_description":"Nu finns det rel\u00e4 40A tillg\u00e4ngligt i v\u00e5r webbutik! Det h\u00e4r 4-PIN rel\u00e4t \u00e4r speciellt utformat f\u00f6r att hantera h\u00f6ga str\u00f6mmar och ger p\u00e5litlig och effektiv funktion. Med en sp\u00e4nning p\u00e5 24V \u00e4r det perfekt f\u00f6r dina elektriska behov. Oavsett om du beh\u00f6ver det f\u00f6r industriella applikationer eller hemmabruk, s\u00e5 kommer detta rel\u00e4 att klara av det. Best\u00e4ll ditt exemplar idag och f\u00e5 tillg\u00e5ng till den p\u00e5litliga och kraftfulla prestandan hos detta rel\u00e4 80A!","og_url":"https:\/\/xenonkungen.com\/fi\/tuote\/rele-40a-4-nastainen-24v\/","og_site_name":"Xenonkungen","article_modified_time":"2026-01-08T17:00:38+00:00","og_image":[{"width":1000,"height":842,"url":"https:\/\/xenonkungen.com\/wp-content\/uploads\/2025\/04\/RELA-40A-24V-DSCF5147-PNNG-1000px.png","type":"image\/png"}],"twitter_card":"summary_large_image","twitter_misc":{"Arvioitu lukuaika":"1 minuutti"},"schema":{"@context":"https:\/\/schema.org","@graph":[{"@type":"WebPage","@id":"https:\/\/xenonkungen.com\/produkt\/rela-40a-4-pin-24v\/","url":"https:\/\/xenonkungen.com\/produkt\/rela-40a-4-pin-24v\/","name":"Rele 40A | 4-NASTAINEN | 24V - Ksenonpolttimot","isPartOf":{"@id":"https:\/\/xenonkungen.com\/#website"},"primaryImageOfPage":{"@id":"https:\/\/xenonkungen.com\/produkt\/rela-40a-4-pin-24v\/#primaryimage"},"image":{"@id":"https:\/\/xenonkungen.com\/produkt\/rela-40a-4-pin-24v\/#primaryimage"},"thumbnailUrl":"https:\/\/xenonkungen.com\/wp-content\/uploads\/2025\/04\/RELA-40A-24V-DSCF5147-PNNG-1000px.png","datePublished":"2025-04-15T09:01:19+00:00","dateModified":"2026-01-08T17:00:38+00:00","breadcrumb":{"@id":"https:\/\/xenonkungen.com\/produkt\/rela-40a-4-pin-24v\/#breadcrumb"},"inLanguage":"fi","potentialAction":[{"@type":"ReadAction","target":["https:\/\/xenonkungen.com\/produkt\/rela-40a-4-pin-24v\/"]}]},{"@type":"ImageObject","inLanguage":"fi","@id":"https:\/\/xenonkungen.com\/produkt\/rela-40a-4-pin-24v\/#primaryimage","url":"https:\/\/xenonkungen.com\/wp-content\/uploads\/2025\/04\/RELA-40A-24V-DSCF5147-PNNG-1000px.png","contentUrl":"https:\/\/xenonkungen.com\/wp-content\/uploads\/2025\/04\/RELA-40A-24V-DSCF5147-PNNG-1000px.png","width":1000,"height":842},{"@type":"BreadcrumbList","@id":"https:\/\/xenonkungen.com\/produkt\/rela-40a-4-pin-24v\/#breadcrumb","itemListElement":[{"@type":"ListItem","position":1,"name":"Hem","item":"https:\/\/xenonkungen.com\/"},{"@type":"ListItem","position":2,"name":"Shop","item":"https:\/\/xenonkungen.com\/shop\/"},{"@type":"ListItem","position":3,"name":"Rel\u00e4 40A | 4-PIN | 24V"}]},{"@type":"WebSite","@id":"https:\/\/xenonkungen.com\/#website","url":"https:\/\/xenonkungen.com\/","name":"Xenonkungen","description":"","potentialAction":[{"@type":"SearchAction","target":{"@type":"EntryPoint","urlTemplate":"https:\/\/xenonkungen.com\/?s={search_term_string}"},"query-input":{"@type":"PropertyValueSpecification","valueRequired":true,"valueName":"search_term_string"}}],"inLanguage":"fi"}]}},"taxonomy_info":{"product_brand":[{"value":117,"label":"Xenonkungen"}],"product_cat":[{"value":2841,"label":"Installation extraljus"},{"value":2468,"label":"Rel\u00e4"},{"value":390,"label":"Installation"}],"pa_volt-v":[{"value":160,"label":"24"}]},"featured_image_src_large":["https:\/\/xenonkungen.com\/wp-content\/uploads\/2025\/04\/RELA-40A-24V-DSCF5147-PNNG-1000px.png",1000,842,false],"author_info":[],"comment_info":1,"_links":{"self":[{"href":"https:\/\/xenonkungen.com\/fi\/wp-json\/wp\/v2\/product\/3664","targetHints":{"allow":["GET"]}}],"collection":[{"href":"https:\/\/xenonkungen.com\/fi\/wp-json\/wp\/v2\/product"}],"about":[{"href":"https:\/\/xenonkungen.com\/fi\/wp-json\/wp\/v2\/types\/product"}],"replies":[{"embeddable":true,"href":"https:\/\/xenonkungen.com\/fi\/wp-json\/wp\/v2\/comments?post=3664"}],"wp:featuredmedia":[{"embeddable":true,"href":"https:\/\/xenonkungen.com\/fi\/wp-json\/wp\/v2\/media\/3665"}],"wp:attachment":[{"href":"https:\/\/xenonkungen.com\/fi\/wp-json\/wp\/v2\/media?parent=3664"}],"wp:term":[{"taxonomy":"anvandningsomrade","embeddable":true,"href":"https:\/\/xenonkungen.com\/fi\/wp-json\/wp\/v2\/anvandningsomrade?post=3664"},{"taxonomy":"bilmarken","embeddable":true,"href":"https:\/\/xenonkungen.com\/fi\/wp-json\/wp\/v2\/bilmarken?post=3664"},{"taxonomy":"product_brand","embeddable":true,"href":"https:\/\/xenonkungen.com\/fi\/wp-json\/wp\/v2\/product_brand?post=3664"},{"taxonomy":"product_cat","embeddable":true,"href":"https:\/\/xenonkungen.com\/fi\/wp-json\/wp\/v2\/product_cat?post=3664"},{"taxonomy":"product_tag","embeddable":true,"href":"https:\/\/xenonkungen.com\/fi\/wp-json\/wp\/v2\/product_tag?post=3664"}],"curies":[{"name":"wp","href":"https:\/\/api.w.org\/{rel}","templated":true}]}}