{"id":3670,"date":"2025-04-15T09:01:29","date_gmt":"2025-04-15T09:01:29","guid":{"rendered":"https:\/\/xenonkungen.com\/product\/40w-canbus-xenonkit-12v\/"},"modified":"2026-04-11T06:53:59","modified_gmt":"2026-04-11T05:53:59","slug":"40-wn-canbus-ksenonsarja-12-v","status":"publish","type":"product","link":"https:\/\/xenonkungen.com\/fi\/tuote\/40-wn-canbus-ksenonsarja-12-v\/","title":{"rendered":"40W Canbus Xenon Kit | 12V"},"content":{"rendered":"<h1>Premium 40W ksenon-sarja<\/h1>\n<p>Xenon Kingin yksinoikeus autoihin, joissa on Can-bus-valonvalvonta tai ei. Sek\u00e4 liit\u00e4nt\u00e4laite ett\u00e4 lamput ovat High brightness -tyyppisi\u00e4, joissa on suurempi kirkkaus.<\/p>\n<p>HNS-4C:n sy\u00f6tt\u00f6liit\u00e4nt\u00e4laitteen teho on 40W (k\u00e4yt\u00e4nn\u00f6ss\u00e4 ~39W) verrattuna markkinoiden standardiin 35W (joka k\u00e4yt\u00e4nn\u00f6ss\u00e4 antaa yleens\u00e4 28-32W).<\/p>\n<p>HNS-4C:n ainutlaatuisena ominaisuutena on se, ett\u00e4 sill\u00e4 voidaan k\u00e4ytt\u00e4\u00e4 kaikkia ksenonlamppuja, my\u00f6s lyijytt\u00f6mi\u00e4 (D1\/D2\/D3\/D4). T\u00e4t\u00e4 varten tarvitaan kuitenkin erikoiskaapeleita, ja teht\u00e4v\u00e4 annetaan t\u00e4ss\u00e4 HNS-4C:n edistyksellisen tekniikan esittelemiseksi.<\/p>\n<p><strong>K\u00e4ytt\u00f6\u00f6notettu elokuussa 2017<\/strong>. HNS-4C korvaa valmistajan erinomaisen, mutta k\u00e4yt\u00f6st\u00e4 poistetun HNS-C35-liit\u00e4nt\u00e4laitteen, joka on osoittanut luotettavuutensa useiden vuosien ajan.<\/p>\n<p>Painolasti: HNS-4C<br \/>\nTeho: 40W (~39W), 42V\/85V AC<br \/>\nJ\u00e4nnite: 9-16V DC<br \/>\nK\u00e4ytt\u00f6ymp\u00e4rist\u00f6: -40 - +85<\/p>\n<p><strong>Valitsemasi lampunjalka:<\/strong><br \/>\nH1<br \/>\nH3<br \/>\nH7 (projektorin linssi tai kaukovalo)<br \/>\nH7R (heijastimen l\u00e4hivalo)<br \/>\nH9 (H8\/H11)<br \/>\n9005 (HB3\/HIR1\/9011\/ H10)<br \/>\n9006 (HB4\/HIR2\/9012)<\/p>\n<p>V\u00e4ril\u00e4mp\u00f6tila (K = kelvin) ja valovirta (lumen):<br \/>\n<strong>4300K<\/strong> = 3500\u00b1150 lm, vakiovalkoinen<br \/>\n<strong>5000K<\/strong>~5500K = 3400\u00b1100 lm, kirkkaan valkoinen<br \/>\n<strong>6000K<\/strong> = 3000\u00b1100 lm, timantinvalkoinen<br \/>\nTodelliset arvot spektroanalyysin mukaan.<br \/>\n- Suosittelemme 4300K.<\/p>\n<p>T\u00e4ydellinen ksenon-sarja esim. l\u00e4hivalojen tai sumuvalojen muuntamiseen l\u00e4nsi-\/korkeasivulle. Katso suurempi teho 50-60W, jos aiot muuntaa kaukovalot.<\/p>\n<p><strong>Sis\u00e4lt\u00f6:<\/strong><br \/>\n2kpl Ballast HNS-4C<br \/>\n2 x ksenon-lamput<\/p>\n<p><strong>Varaston tila<\/strong><br \/>\nT\u00e4m\u00e4 sarja koostuu kahdesta erillisest\u00e4 tuotteesta. Voit tarkistaa tietyn lampun\/v\u00e4rin ja liit\u00e4nt\u00e4laitteen varastotilanteen kyseisen luokan\/er\u00e4n kohdalta.<\/p>\n<p>Autosi saattaa tarvita erityisi\u00e4 lis\u00e4varusteita (katso Lampunpitimet)?<\/p>\n<p><strong>Takuu 3 vuotta Painolasti<\/strong> | 1 vuosi Lamppu<\/p>\n<p><strong>HUOM! Joissakin my\u00f6h\u00e4isempien Saab-mallien tapauksissa olemme saaneet raportteja, joiden mukaan auton monimutkainen\/herkk\u00e4 s\u00e4hk\u00f6j\u00e4rjestelm\u00e4 on vaurioitunut asennuksen aikana.<br \/>\nSiksi emme suosittele ksenonien muuntamista n\u00e4ihin autoihin, emmek\u00e4 korvaa korjauskustannuksia, jos autossasi ilmenee ongelmia. Lis\u00e4tietoja saat soittamalla asiakaspalveluumme numeroon 0300-30860.<\/strong><\/p>","protected":false},"excerpt":{"rendered":"<p>Premium 40W Xenonkit Exklusivt hos Xenonkungen f\u00f6r bilar med eller utan Can-bus ljus\u00f6vervakning. B\u00e5de ballast och lampor \u00e4r av typ High brightness med h\u00f6gre ljusstyrka. Ing\u00e5ende ballast HNS-4C har effekt 40W (effektivt ~39W) j\u00e4mf\u00f6rt marknadsstandard 35W (som i praktiken oftast ger 28-32W). En unik egenskap med HNS-4C \u00e4r att den kan driva alla xenonlampor, \u00e4ven [&hellip;]<\/p>","protected":false},"featured_media":25923,"comment_status":"closed","ping_status":"closed","template":"","meta":{"_acf_changed":false,"_smort_price_nok":"956","_smort_price_dkk":"607","_smort_price_eur":"81.36","_smort_sale_price_nok":"","_smort_sale_price_dkk":"","_smort_sale_price_eur":"","smort_restorder":"","shipmondo_restorder":"","_kad_blocks_custom_css":"","_kad_blocks_head_custom_js":"","_kad_blocks_body_custom_js":"","_kad_blocks_footer_custom_js":"","smort_custom_pricelist_1":"572.8","smort_custom_pricelist_2":"501.2","smort_custom_pricelist_3":"476.14","smort_custom_pricelist_4":"716","smort_custom_pricelist_5":"501.2"},"anvandningsomrade":[],"bilmarken":[],"product_brand":[],"product_cat":[2485],"product_tag":[],"class_list":{"0":"post-3670","1":"product","2":"type-product","3":"status-publish","4":"has-post-thumbnail","6":"product_cat-xenonkonventering","7":"pa_faktisk-effekts-forbrukning-751","8":"pa_fargtemperatur-5000k","9":"pa_fargtemperatur-6000k","10":"pa_fargtemperatur-4300k","11":"pa_lampsockel-kontakt-h7","12":"pa_lampsockel-kontakt-h9","13":"pa_lampsockel-kontakt-9005-hb3","14":"pa_lampsockel-kontakt-9006-hb4","15":"pa_lampsockel-kontakt-h1","16":"pa_lampsockel-kontakt-h3","17":"pa_lampsockel-kontakt-h7r","18":"pa_led-chips-effekt-w-690","19":"pa_volt-v-159","21":"first","22":"onbackorder","23":"taxable","24":"shipping-taxable","25":"purchasable","26":"product-type-variable"},"bundled_by":[],"bundle_stock_status":"onbackorder","bundle_stock_quantity":-295,"bundle_virtual":false,"bundle_layout":"","bundle_add_to_cart_form_location":"","bundle_editable_in_cart":false,"bundle_sold_individually_context":"","bundle_item_grouping":"","bundle_min_size":"","bundle_max_size":"","bundle_price":[],"bundled_items":[],"bundle_sell_ids":[],"acf":[],"yoast_head":"<!-- This site is optimized with the Yoast SEO plugin v27.0 - https:\/\/yoast.com\/product\/yoast-seo-wordpress\/ -->\n<title>40W Canbus Xenonkit | 12V - Xenonkungen<\/title>\n<meta name=\"robots\" content=\"index, follow, max-snippet:-1, max-image-preview:large, max-video-preview:-1\" \/>\n<link rel=\"canonical\" href=\"https:\/\/xenonkungen.com\/fi\/tuote\/40-wn-canbus-ksenonsarja-12-v\/\" \/>\n<meta property=\"og:locale\" content=\"fi_FI\" \/>\n<meta property=\"og:type\" content=\"article\" \/>\n<meta property=\"og:title\" content=\"40W Canbus Xenonkit | 12V - Xenonkungen\" \/>\n<meta property=\"og:description\" content=\"Premium 40W Xenonkit Exklusivt hos Xenonkungen f\u00f6r bilar med eller utan Can-bus ljus\u00f6vervakning. B\u00e5de ballast och lampor \u00e4r av typ High brightness med h\u00f6gre ljusstyrka. Ing\u00e5ende ballast HNS-4C har effekt 40W (effektivt ~39W) j\u00e4mf\u00f6rt marknadsstandard 35W (som i praktiken oftast ger 28-32W). En unik egenskap med HNS-4C \u00e4r att den kan driva alla xenonlampor, \u00e4ven [&hellip;]\" \/>\n<meta property=\"og:url\" content=\"https:\/\/xenonkungen.com\/fi\/tuote\/40-wn-canbus-ksenonsarja-12-v\/\" \/>\n<meta property=\"og:site_name\" content=\"Xenonkungen\" \/>\n<meta property=\"article:modified_time\" content=\"2026-04-11T05:53:59+00:00\" \/>\n<meta property=\"og:image\" content=\"https:\/\/xenonkungen.com\/wp-content\/uploads\/2025\/04\/207870329-origpic-7f3471-1024x921.png\" \/>\n\t<meta property=\"og:image:width\" content=\"1024\" \/>\n\t<meta property=\"og:image:height\" content=\"921\" \/>\n\t<meta property=\"og:image:type\" content=\"image\/png\" \/>\n<meta name=\"twitter:card\" content=\"summary_large_image\" \/>\n<meta name=\"twitter:label1\" content=\"Arvioitu lukuaika\" \/>\n\t<meta name=\"twitter:data1\" content=\"2 minuuttia\" \/>\n<script type=\"application\/ld+json\" class=\"yoast-schema-graph\">{\"@context\":\"https:\/\/schema.org\",\"@graph\":[{\"@type\":\"WebPage\",\"@id\":\"https:\/\/xenonkungen.com\/produkt\/40w-canbus-xenonkit-12v\/\",\"url\":\"https:\/\/xenonkungen.com\/produkt\/40w-canbus-xenonkit-12v\/\",\"name\":\"40W Canbus Xenonkit | 12V - Xenonkungen\",\"isPartOf\":{\"@id\":\"https:\/\/xenonkungen.com\/#website\"},\"primaryImageOfPage\":{\"@id\":\"https:\/\/xenonkungen.com\/produkt\/40w-canbus-xenonkit-12v\/#primaryimage\"},\"image\":{\"@id\":\"https:\/\/xenonkungen.com\/produkt\/40w-canbus-xenonkit-12v\/#primaryimage\"},\"thumbnailUrl\":\"https:\/\/xenonkungen.com\/wp-content\/uploads\/2025\/04\/207870329-origpic-7f3471-scaled.png\",\"datePublished\":\"2025-04-15T09:01:29+00:00\",\"dateModified\":\"2026-04-11T05:53:59+00:00\",\"breadcrumb\":{\"@id\":\"https:\/\/xenonkungen.com\/produkt\/40w-canbus-xenonkit-12v\/#breadcrumb\"},\"inLanguage\":\"fi\",\"potentialAction\":[{\"@type\":\"ReadAction\",\"target\":[\"https:\/\/xenonkungen.com\/produkt\/40w-canbus-xenonkit-12v\/\"]}]},{\"@type\":\"ImageObject\",\"inLanguage\":\"fi\",\"@id\":\"https:\/\/xenonkungen.com\/produkt\/40w-canbus-xenonkit-12v\/#primaryimage\",\"url\":\"https:\/\/xenonkungen.com\/wp-content\/uploads\/2025\/04\/207870329-origpic-7f3471-scaled.png\",\"contentUrl\":\"https:\/\/xenonkungen.com\/wp-content\/uploads\/2025\/04\/207870329-origpic-7f3471-scaled.png\",\"width\":2560,\"height\":2303},{\"@type\":\"BreadcrumbList\",\"@id\":\"https:\/\/xenonkungen.com\/produkt\/40w-canbus-xenonkit-12v\/#breadcrumb\",\"itemListElement\":[{\"@type\":\"ListItem\",\"position\":1,\"name\":\"Hem\",\"item\":\"https:\/\/xenonkungen.com\/\"},{\"@type\":\"ListItem\",\"position\":2,\"name\":\"Shop\",\"item\":\"https:\/\/xenonkungen.com\/shop\/\"},{\"@type\":\"ListItem\",\"position\":3,\"name\":\"40W Canbus Xenonkit | 12V\"}]},{\"@type\":\"WebSite\",\"@id\":\"https:\/\/xenonkungen.com\/#website\",\"url\":\"https:\/\/xenonkungen.com\/\",\"name\":\"Xenonkungen\",\"description\":\"\",\"potentialAction\":[{\"@type\":\"SearchAction\",\"target\":{\"@type\":\"EntryPoint\",\"urlTemplate\":\"https:\/\/xenonkungen.com\/?s={search_term_string}\"},\"query-input\":{\"@type\":\"PropertyValueSpecification\",\"valueRequired\":true,\"valueName\":\"search_term_string\"}}],\"inLanguage\":\"fi\"}]}<\/script>\n<!-- \/ Yoast SEO plugin. -->","yoast_head_json":{"title":"40 W:n Canbus-ksenonsarja | 12 V - Ksenonkuningas","robots":{"index":"index","follow":"follow","max-snippet":"max-snippet:-1","max-image-preview":"max-image-preview:large","max-video-preview":"max-video-preview:-1"},"canonical":"https:\/\/xenonkungen.com\/fi\/tuote\/40-wn-canbus-ksenonsarja-12-v\/","og_locale":"fi_FI","og_type":"article","og_title":"40W Canbus Xenonkit | 12V - Xenonkungen","og_description":"Premium 40W Xenonkit Exklusivt hos Xenonkungen f\u00f6r bilar med eller utan Can-bus ljus\u00f6vervakning. B\u00e5de ballast och lampor \u00e4r av typ High brightness med h\u00f6gre ljusstyrka. Ing\u00e5ende ballast HNS-4C har effekt 40W (effektivt ~39W) j\u00e4mf\u00f6rt marknadsstandard 35W (som i praktiken oftast ger 28-32W). En unik egenskap med HNS-4C \u00e4r att den kan driva alla xenonlampor, \u00e4ven [&hellip;]","og_url":"https:\/\/xenonkungen.com\/fi\/tuote\/40-wn-canbus-ksenonsarja-12-v\/","og_site_name":"Xenonkungen","article_modified_time":"2026-04-11T05:53:59+00:00","og_image":[{"width":1024,"height":921,"url":"https:\/\/xenonkungen.com\/wp-content\/uploads\/2025\/04\/207870329-origpic-7f3471-1024x921.png","type":"image\/png"}],"twitter_card":"summary_large_image","twitter_misc":{"Arvioitu lukuaika":"2 minuuttia"},"schema":{"@context":"https:\/\/schema.org","@graph":[{"@type":"WebPage","@id":"https:\/\/xenonkungen.com\/produkt\/40w-canbus-xenonkit-12v\/","url":"https:\/\/xenonkungen.com\/produkt\/40w-canbus-xenonkit-12v\/","name":"40 W:n Canbus-ksenonsarja | 12 V - Ksenonkuningas","isPartOf":{"@id":"https:\/\/xenonkungen.com\/#website"},"primaryImageOfPage":{"@id":"https:\/\/xenonkungen.com\/produkt\/40w-canbus-xenonkit-12v\/#primaryimage"},"image":{"@id":"https:\/\/xenonkungen.com\/produkt\/40w-canbus-xenonkit-12v\/#primaryimage"},"thumbnailUrl":"https:\/\/xenonkungen.com\/wp-content\/uploads\/2025\/04\/207870329-origpic-7f3471-scaled.png","datePublished":"2025-04-15T09:01:29+00:00","dateModified":"2026-04-11T05:53:59+00:00","breadcrumb":{"@id":"https:\/\/xenonkungen.com\/produkt\/40w-canbus-xenonkit-12v\/#breadcrumb"},"inLanguage":"fi","potentialAction":[{"@type":"ReadAction","target":["https:\/\/xenonkungen.com\/produkt\/40w-canbus-xenonkit-12v\/"]}]},{"@type":"ImageObject","inLanguage":"fi","@id":"https:\/\/xenonkungen.com\/produkt\/40w-canbus-xenonkit-12v\/#primaryimage","url":"https:\/\/xenonkungen.com\/wp-content\/uploads\/2025\/04\/207870329-origpic-7f3471-scaled.png","contentUrl":"https:\/\/xenonkungen.com\/wp-content\/uploads\/2025\/04\/207870329-origpic-7f3471-scaled.png","width":2560,"height":2303},{"@type":"BreadcrumbList","@id":"https:\/\/xenonkungen.com\/produkt\/40w-canbus-xenonkit-12v\/#breadcrumb","itemListElement":[{"@type":"ListItem","position":1,"name":"Hem","item":"https:\/\/xenonkungen.com\/"},{"@type":"ListItem","position":2,"name":"Shop","item":"https:\/\/xenonkungen.com\/shop\/"},{"@type":"ListItem","position":3,"name":"40W Canbus Xenonkit | 12V"}]},{"@type":"WebSite","@id":"https:\/\/xenonkungen.com\/#website","url":"https:\/\/xenonkungen.com\/","name":"Xenonkungen","description":"","potentialAction":[{"@type":"SearchAction","target":{"@type":"EntryPoint","urlTemplate":"https:\/\/xenonkungen.com\/?s={search_term_string}"},"query-input":{"@type":"PropertyValueSpecification","valueRequired":true,"valueName":"search_term_string"}}],"inLanguage":"fi"}]}},"taxonomy_info":{"product_cat":[{"value":2485,"label":"XENONKONVENTERING"}],"pa_faktisk-effekts-forbrukning":[{"value":751,"label":"3,9"}],"pa_fargtemperatur":[{"value":154,"label":"5000K"},{"value":188,"label":"6000K"},{"value":755,"label":"4300K"}],"pa_lampsockel-kontakt":[{"value":206,"label":"H7"},{"value":163,"label":"H9"},{"value":741,"label":"9005, HB3"},{"value":326,"label":"9006 , HB4"},{"value":336,"label":"H1"},{"value":339,"label":"H3"},{"value":2719,"label":"H7R"}],"pa_led-chips-effekt-w":[{"value":690,"label":"40"}],"pa_volt-v":[{"value":159,"label":"12"}]},"featured_image_src_large":["https:\/\/xenonkungen.com\/wp-content\/uploads\/2025\/04\/207870329-origpic-7f3471-1024x921.png",1024,921,true],"author_info":[],"comment_info":1,"_links":{"self":[{"href":"https:\/\/xenonkungen.com\/fi\/wp-json\/wp\/v2\/product\/3670","targetHints":{"allow":["GET"]}}],"collection":[{"href":"https:\/\/xenonkungen.com\/fi\/wp-json\/wp\/v2\/product"}],"about":[{"href":"https:\/\/xenonkungen.com\/fi\/wp-json\/wp\/v2\/types\/product"}],"replies":[{"embeddable":true,"href":"https:\/\/xenonkungen.com\/fi\/wp-json\/wp\/v2\/comments?post=3670"}],"wp:featuredmedia":[{"embeddable":true,"href":"https:\/\/xenonkungen.com\/fi\/wp-json\/wp\/v2\/media\/25923"}],"wp:attachment":[{"href":"https:\/\/xenonkungen.com\/fi\/wp-json\/wp\/v2\/media?parent=3670"}],"wp:term":[{"taxonomy":"anvandningsomrade","embeddable":true,"href":"https:\/\/xenonkungen.com\/fi\/wp-json\/wp\/v2\/anvandningsomrade?post=3670"},{"taxonomy":"bilmarken","embeddable":true,"href":"https:\/\/xenonkungen.com\/fi\/wp-json\/wp\/v2\/bilmarken?post=3670"},{"taxonomy":"product_brand","embeddable":true,"href":"https:\/\/xenonkungen.com\/fi\/wp-json\/wp\/v2\/product_brand?post=3670"},{"taxonomy":"product_cat","embeddable":true,"href":"https:\/\/xenonkungen.com\/fi\/wp-json\/wp\/v2\/product_cat?post=3670"},{"taxonomy":"product_tag","embeddable":true,"href":"https:\/\/xenonkungen.com\/fi\/wp-json\/wp\/v2\/product_tag?post=3670"}],"curies":[{"name":"wp","href":"https:\/\/api.w.org\/{rel}","templated":true}]}}