{"id":3678,"date":"2025-04-15T09:01:29","date_gmt":"2025-04-15T09:01:29","guid":{"rendered":"https:\/\/xenonkungen.com\/product\/60w-xenonkit-for-helljus-speedstart-12-24v\/"},"modified":"2026-04-22T18:51:53","modified_gmt":"2026-04-22T17:51:53","slug":"60-wn-ksenonsarja-kaukovaloille-speedstart-12-24-v","status":"publish","type":"product","link":"https:\/\/xenonkungen.com\/fi\/tuote\/60-wn-ksenonsarja-kaukovaloille-speedstart-12-24-v\/","title":{"rendered":"60W ksenon-sarja kaukovaloille SpeedStart | 12\/24V"},"content":{"rendered":"<h1>Premium 60W ksenon-sarja<\/h1>\n<p>Ainoastaan Xenon Kingiss\u00e4.<br \/>\nSek\u00e4 liit\u00e4nt\u00e4laite ett\u00e4 lamput ovat tyyppi\u00e4 Super fast start and High brightness: nopea k\u00e4ynnistys ja suurempi kirkkaus.<\/p>\n<p>Tuloliit\u00e4nt\u00e4laitteen HNS-6 teho on 60W (tehollinen ~60W).<\/p>\n<p>HNS-6:n ainutlaatuisena ominaisuutena on se, ett\u00e4 sill\u00e4 voidaan k\u00e4ytt\u00e4\u00e4 kaikkia ksenonlamppuja, my\u00f6s lyijytt\u00f6mi\u00e4 (D1\/D2\/D3\/D4). T\u00e4t\u00e4 varten tarvitaan kuitenkin erikoiskaapeleita, ja teht\u00e4v\u00e4 annetaan t\u00e4ss\u00e4 HNS-6:n edistyksellisen tekniikan esittelemiseksi.<\/p>\n<p>HNS-6 korvaa valmistajan erinomaisen, mutta markkinoilta poistuneen HNS-60-liit\u00e4nt\u00e4laitteen, joka on osoittanut luotettavuutensa useiden vuosien ajan.<\/p>\n<p>Kuinka paljon paremmat kaukovalot saat kyseisess\u00e4 autossasi, kun ajovalot tuottavat 11200 lumenia nykyist\u00e4 2400 lumenia vastaan?<\/p>\n<p>Painolasti: HNS-6 Supernopea k\u00e4ynnistys<br \/>\nTeho: 60W (~60W), 42V\/85V AC<br \/>\nVirrankulutus: 5.2A\/12V<br \/>\nJ\u00e4nnite: 9-32V DC<br \/>\nK\u00e4ytt\u00f6ymp\u00e4rist\u00f6: -40 - +85<\/p>\n<p><strong>Saatavana seuraavilla lampunkannoilla:<\/strong><br \/>\nKsenon-sarja H1<br \/>\nKsenon-sarja H3<br \/>\nH7 Xenon Kit \/ Xenon Kit H7 (projektorin linssi tai kaukovalo)<br \/>\nH7R (heijastimen l\u00e4hivalo)<br \/>\nH9 (H8\/H11)<br \/>\n9005 (HB3\/HIR1\/9011)<br \/>\n9006 (HB4\/HIR2\/9012)<\/p>\n<p><strong>Mik\u00e4 tahansa v\u00e4ril\u00e4mp\u00f6tila (K = kelvin):<\/strong><br \/>\n4300K = 5600\u00b1100 lm, vakiovalkoinen<br \/>\n5000K = 5200\u00b1100 lm, kirkkaan valkoinen<br \/>\n6000K = 4700\u00b1100 lm, timantinvalkoinen<br \/>\nTodelliset arvot spektroanalyysin mukaan.<br \/>\n- Suosittelemme 4300K.<\/p>\n<p><strong>Ota huomioon<\/strong> ett\u00e4 t\u00e4m\u00e4 sarja ei sovellu l\u00e4hivaloille liiallisen valon vuoksi. Antaa noin 450% enemm\u00e4n valoa verrattuna auton nykyiseen halogeeniin 55W. Siksi sit\u00e4 suositellaan vain auton kaukovalojen muuntamiseen.<\/p>\n<p>L\u00e4mm\u00f6ntuotanto on v\u00e4h\u00e4isemp\u00e4\u00e4 kuin 55W halogeenilampuissa, joten palamisen vaaraa ei ole.<\/p>\n<p>Sis\u00e4lt\u00f6:<br \/>\n2kpl Ballast HNS-6 Super nopea k\u00e4ynnistys 9-32V DC<br \/>\n2kpl Teho Xenon-lamput<\/p>\n<p><strong>Varaston tila<\/strong><br \/>\nT\u00e4m\u00e4 sarja koostuu kahdesta erillisest\u00e4 tuotteesta. Voit tarkistaa tietyn lampun\/v\u00e4rin ja liit\u00e4nt\u00e4laitteen varastotilanteen kyseisen luokan\/er\u00e4n kohdalta.<\/p>\n<p><strong>CANBUS:<\/strong><br \/>\nJos autossasi on Canbus-valonvalvonta, suosittelemme, ett\u00e4 otat yhteytt\u00e4 asiakaspalveluun saadaksesi ohjeita.<\/p>\n<p><strong>HUOM! Joissakin my\u00f6h\u00e4isempien Saab-mallien tapauksissa olemme saaneet raportteja, joiden mukaan auton monimutkainen\/herkk\u00e4 s\u00e4hk\u00f6j\u00e4rjestelm\u00e4 on vaurioitunut asennuksen aikana.<br \/>\nSiksi emme suosittele ksenonien muuntamista n\u00e4ihin autoihin, emmek\u00e4 korvaa korjauskustannuksia, jos autossasi ilmenee ongelmia. Lis\u00e4tietoja saat soittamalla asiakaspalveluumme numeroon 0300-30860.<\/strong><\/p>\n<p>Takuu 3 vuotta liit\u00e4nt\u00e4laite | 1 vuosi lamppu<\/p>","protected":false},"excerpt":{"rendered":"<p>Kaukovalot | Premium 60W Xenon-sarja, joka on paras tapa muuntaa valot ksenonvaloiksi. Sek\u00e4 liit\u00e4nt\u00e4laite ett\u00e4 lamput ovat tyyppi\u00e4 Super fast start and High brightness: Nopea k\u00e4ynnistys ja suurempi kirkkaus.<\/p>","protected":false},"featured_media":25925,"comment_status":"closed","ping_status":"closed","template":"","meta":{"_acf_changed":false,"_smort_price_nok":"1063","_smort_price_dkk":"675","_smort_price_eur":"90.45","_smort_sale_price_nok":"","_smort_sale_price_dkk":"","_smort_sale_price_eur":"","smort_restorder":"","shipmondo_restorder":"","_kad_blocks_custom_css":"","_kad_blocks_head_custom_js":"","_kad_blocks_body_custom_js":"","_kad_blocks_footer_custom_js":"","smort_custom_pricelist_1":"636.8","smort_custom_pricelist_2":"557.2","smort_custom_pricelist_3":"529.34","smort_custom_pricelist_4":"796","smort_custom_pricelist_5":"557.2"},"anvandningsomrade":[],"bilmarken":[],"product_brand":[],"product_cat":[2485],"product_tag":[],"class_list":{"0":"post-3678","1":"product","2":"type-product","3":"status-publish","4":"has-post-thumbnail","6":"product_cat-xenonkonventering","7":"pa_faktisk-effekts-forbrukning-401","8":"pa_fargtemperatur-5000k","9":"pa_fargtemperatur-6000k","10":"pa_fargtemperatur-4300k","11":"pa_lampsockel-kontakt-h7","12":"pa_lampsockel-kontakt-h9","13":"pa_lampsockel-kontakt-9005-hb3","14":"pa_lampsockel-kontakt-9006-hb4","15":"pa_lampsockel-kontakt-h1","16":"pa_lampsockel-kontakt-h3","17":"pa_lampsockel-kontakt-h7r","18":"pa_led-chips-effekt-w-694","19":"pa_volt-v-12-24","21":"first","22":"onbackorder","23":"taxable","24":"shipping-taxable","25":"purchasable","26":"product-type-variable"},"bundled_by":[],"bundle_stock_status":"onbackorder","bundle_stock_quantity":-28,"bundle_virtual":false,"bundle_layout":"","bundle_add_to_cart_form_location":"","bundle_editable_in_cart":false,"bundle_sold_individually_context":"","bundle_item_grouping":"","bundle_min_size":"","bundle_max_size":"","bundle_price":[],"bundled_items":[],"bundle_sell_ids":[],"acf":[],"yoast_head":"<!-- This site is optimized with the Yoast SEO plugin v27.0 - https:\/\/yoast.com\/product\/yoast-seo-wordpress\/ -->\n<title>60W Xenonkit f\u00f6r helljus SpeedStart | 12\/24V - Xenonkungen<\/title>\n<meta name=\"robots\" content=\"index, follow, max-snippet:-1, max-image-preview:large, max-video-preview:-1\" \/>\n<link rel=\"canonical\" href=\"https:\/\/xenonkungen.com\/fi\/tuote\/60-wn-ksenonsarja-kaukovaloille-speedstart-12-24-v\/\" \/>\n<meta property=\"og:locale\" content=\"fi_FI\" \/>\n<meta property=\"og:type\" content=\"article\" \/>\n<meta property=\"og:title\" content=\"60W Xenonkit f\u00f6r helljus SpeedStart | 12\/24V - Xenonkungen\" \/>\n<meta property=\"og:description\" content=\"Helljus | Premium 60W Xenon kit f\u00f6r b\u00e4sta s\u00e4ttet att xenonkonvertera. B\u00e5de ballast och lampor \u00e4r av typ Super fast start och High brightness: Snabbstartande och med h\u00f6gre ljusstyrka.\" \/>\n<meta property=\"og:url\" content=\"https:\/\/xenonkungen.com\/fi\/tuote\/60-wn-ksenonsarja-kaukovaloille-speedstart-12-24-v\/\" \/>\n<meta property=\"og:site_name\" content=\"Xenonkungen\" \/>\n<meta property=\"article:modified_time\" content=\"2026-04-22T17:51:53+00:00\" \/>\n<meta property=\"og:image\" content=\"https:\/\/xenonkungen.com\/wp-content\/uploads\/2025\/04\/Xenonkit-60W-ArtNr128814-ToHemsidan-no-text-2-PNNG-1024x921.png\" \/>\n\t<meta property=\"og:image:width\" content=\"1024\" \/>\n\t<meta property=\"og:image:height\" content=\"921\" \/>\n\t<meta property=\"og:image:type\" content=\"image\/png\" \/>\n<meta name=\"twitter:card\" content=\"summary_large_image\" \/>\n<meta name=\"twitter:label1\" content=\"Arvioitu lukuaika\" \/>\n\t<meta name=\"twitter:data1\" content=\"2 minuuttia\" \/>\n<script type=\"application\/ld+json\" class=\"yoast-schema-graph\">{\"@context\":\"https:\/\/schema.org\",\"@graph\":[{\"@type\":\"WebPage\",\"@id\":\"https:\/\/xenonkungen.com\/produkt\/60w-xenonkit-for-helljus-speedstart-12-24v\/\",\"url\":\"https:\/\/xenonkungen.com\/produkt\/60w-xenonkit-for-helljus-speedstart-12-24v\/\",\"name\":\"60W Xenonkit f\u00f6r helljus SpeedStart | 12\/24V - Xenonkungen\",\"isPartOf\":{\"@id\":\"https:\/\/xenonkungen.com\/#website\"},\"primaryImageOfPage\":{\"@id\":\"https:\/\/xenonkungen.com\/produkt\/60w-xenonkit-for-helljus-speedstart-12-24v\/#primaryimage\"},\"image\":{\"@id\":\"https:\/\/xenonkungen.com\/produkt\/60w-xenonkit-for-helljus-speedstart-12-24v\/#primaryimage\"},\"thumbnailUrl\":\"https:\/\/xenonkungen.com\/wp-content\/uploads\/2025\/04\/Xenonkit-60W-ArtNr128814-ToHemsidan-no-text-2-PNNG-scaled.png\",\"datePublished\":\"2025-04-15T09:01:29+00:00\",\"dateModified\":\"2026-04-22T17:51:53+00:00\",\"breadcrumb\":{\"@id\":\"https:\/\/xenonkungen.com\/produkt\/60w-xenonkit-for-helljus-speedstart-12-24v\/#breadcrumb\"},\"inLanguage\":\"fi\",\"potentialAction\":[{\"@type\":\"ReadAction\",\"target\":[\"https:\/\/xenonkungen.com\/produkt\/60w-xenonkit-for-helljus-speedstart-12-24v\/\"]}]},{\"@type\":\"ImageObject\",\"inLanguage\":\"fi\",\"@id\":\"https:\/\/xenonkungen.com\/produkt\/60w-xenonkit-for-helljus-speedstart-12-24v\/#primaryimage\",\"url\":\"https:\/\/xenonkungen.com\/wp-content\/uploads\/2025\/04\/Xenonkit-60W-ArtNr128814-ToHemsidan-no-text-2-PNNG-scaled.png\",\"contentUrl\":\"https:\/\/xenonkungen.com\/wp-content\/uploads\/2025\/04\/Xenonkit-60W-ArtNr128814-ToHemsidan-no-text-2-PNNG-scaled.png\",\"width\":2560,\"height\":2303},{\"@type\":\"BreadcrumbList\",\"@id\":\"https:\/\/xenonkungen.com\/produkt\/60w-xenonkit-for-helljus-speedstart-12-24v\/#breadcrumb\",\"itemListElement\":[{\"@type\":\"ListItem\",\"position\":1,\"name\":\"Hem\",\"item\":\"https:\/\/xenonkungen.com\/\"},{\"@type\":\"ListItem\",\"position\":2,\"name\":\"Shop\",\"item\":\"https:\/\/xenonkungen.com\/shop\/\"},{\"@type\":\"ListItem\",\"position\":3,\"name\":\"60W Xenonkit f\u00f6r helljus SpeedStart | 12\/24V\"}]},{\"@type\":\"WebSite\",\"@id\":\"https:\/\/xenonkungen.com\/#website\",\"url\":\"https:\/\/xenonkungen.com\/\",\"name\":\"Xenonkungen\",\"description\":\"\",\"potentialAction\":[{\"@type\":\"SearchAction\",\"target\":{\"@type\":\"EntryPoint\",\"urlTemplate\":\"https:\/\/xenonkungen.com\/?s={search_term_string}\"},\"query-input\":{\"@type\":\"PropertyValueSpecification\",\"valueRequired\":true,\"valueName\":\"search_term_string\"}}],\"inLanguage\":\"fi\"}]}<\/script>\n<!-- \/ Yoast SEO plugin. -->","yoast_head_json":{"title":"60 W:n ksenonvalosarja SpeedStart-kaukovaloille | 12\/24V - Xenonkungen","robots":{"index":"index","follow":"follow","max-snippet":"max-snippet:-1","max-image-preview":"max-image-preview:large","max-video-preview":"max-video-preview:-1"},"canonical":"https:\/\/xenonkungen.com\/fi\/tuote\/60-wn-ksenonsarja-kaukovaloille-speedstart-12-24-v\/","og_locale":"fi_FI","og_type":"article","og_title":"60W Xenonkit f\u00f6r helljus SpeedStart | 12\/24V - Xenonkungen","og_description":"Helljus | Premium 60W Xenon kit f\u00f6r b\u00e4sta s\u00e4ttet att xenonkonvertera. B\u00e5de ballast och lampor \u00e4r av typ Super fast start och High brightness: Snabbstartande och med h\u00f6gre ljusstyrka.","og_url":"https:\/\/xenonkungen.com\/fi\/tuote\/60-wn-ksenonsarja-kaukovaloille-speedstart-12-24-v\/","og_site_name":"Xenonkungen","article_modified_time":"2026-04-22T17:51:53+00:00","og_image":[{"width":1024,"height":921,"url":"https:\/\/xenonkungen.com\/wp-content\/uploads\/2025\/04\/Xenonkit-60W-ArtNr128814-ToHemsidan-no-text-2-PNNG-1024x921.png","type":"image\/png"}],"twitter_card":"summary_large_image","twitter_misc":{"Arvioitu lukuaika":"2 minuuttia"},"schema":{"@context":"https:\/\/schema.org","@graph":[{"@type":"WebPage","@id":"https:\/\/xenonkungen.com\/produkt\/60w-xenonkit-for-helljus-speedstart-12-24v\/","url":"https:\/\/xenonkungen.com\/produkt\/60w-xenonkit-for-helljus-speedstart-12-24v\/","name":"60 W:n ksenonvalosarja SpeedStart-kaukovaloille | 12\/24V - Xenonkungen","isPartOf":{"@id":"https:\/\/xenonkungen.com\/#website"},"primaryImageOfPage":{"@id":"https:\/\/xenonkungen.com\/produkt\/60w-xenonkit-for-helljus-speedstart-12-24v\/#primaryimage"},"image":{"@id":"https:\/\/xenonkungen.com\/produkt\/60w-xenonkit-for-helljus-speedstart-12-24v\/#primaryimage"},"thumbnailUrl":"https:\/\/xenonkungen.com\/wp-content\/uploads\/2025\/04\/Xenonkit-60W-ArtNr128814-ToHemsidan-no-text-2-PNNG-scaled.png","datePublished":"2025-04-15T09:01:29+00:00","dateModified":"2026-04-22T17:51:53+00:00","breadcrumb":{"@id":"https:\/\/xenonkungen.com\/produkt\/60w-xenonkit-for-helljus-speedstart-12-24v\/#breadcrumb"},"inLanguage":"fi","potentialAction":[{"@type":"ReadAction","target":["https:\/\/xenonkungen.com\/produkt\/60w-xenonkit-for-helljus-speedstart-12-24v\/"]}]},{"@type":"ImageObject","inLanguage":"fi","@id":"https:\/\/xenonkungen.com\/produkt\/60w-xenonkit-for-helljus-speedstart-12-24v\/#primaryimage","url":"https:\/\/xenonkungen.com\/wp-content\/uploads\/2025\/04\/Xenonkit-60W-ArtNr128814-ToHemsidan-no-text-2-PNNG-scaled.png","contentUrl":"https:\/\/xenonkungen.com\/wp-content\/uploads\/2025\/04\/Xenonkit-60W-ArtNr128814-ToHemsidan-no-text-2-PNNG-scaled.png","width":2560,"height":2303},{"@type":"BreadcrumbList","@id":"https:\/\/xenonkungen.com\/produkt\/60w-xenonkit-for-helljus-speedstart-12-24v\/#breadcrumb","itemListElement":[{"@type":"ListItem","position":1,"name":"Hem","item":"https:\/\/xenonkungen.com\/"},{"@type":"ListItem","position":2,"name":"Shop","item":"https:\/\/xenonkungen.com\/shop\/"},{"@type":"ListItem","position":3,"name":"60W Xenonkit f\u00f6r helljus SpeedStart | 12\/24V"}]},{"@type":"WebSite","@id":"https:\/\/xenonkungen.com\/#website","url":"https:\/\/xenonkungen.com\/","name":"Xenonkungen","description":"","potentialAction":[{"@type":"SearchAction","target":{"@type":"EntryPoint","urlTemplate":"https:\/\/xenonkungen.com\/?s={search_term_string}"},"query-input":{"@type":"PropertyValueSpecification","valueRequired":true,"valueName":"search_term_string"}}],"inLanguage":"fi"}]}},"taxonomy_info":{"product_cat":[{"value":2485,"label":"XENONKONVENTERING"}],"pa_faktisk-effekts-forbrukning":[{"value":401,"label":"60"}],"pa_fargtemperatur":[{"value":154,"label":"5000K"},{"value":188,"label":"6000K"},{"value":755,"label":"4300K"}],"pa_lampsockel-kontakt":[{"value":206,"label":"H7"},{"value":163,"label":"H9"},{"value":741,"label":"9005, HB3"},{"value":326,"label":"9006 , HB4"},{"value":336,"label":"H1"},{"value":339,"label":"H3"},{"value":2719,"label":"H7R"}],"pa_led-chips-effekt-w":[{"value":694,"label":"60"}],"pa_volt-v":[{"value":348,"label":"12, 24"}]},"featured_image_src_large":["https:\/\/xenonkungen.com\/wp-content\/uploads\/2025\/04\/Xenonkit-60W-ArtNr128814-ToHemsidan-no-text-2-PNNG-1024x921.png",1024,921,true],"author_info":[],"comment_info":3,"_links":{"self":[{"href":"https:\/\/xenonkungen.com\/fi\/wp-json\/wp\/v2\/product\/3678","targetHints":{"allow":["GET"]}}],"collection":[{"href":"https:\/\/xenonkungen.com\/fi\/wp-json\/wp\/v2\/product"}],"about":[{"href":"https:\/\/xenonkungen.com\/fi\/wp-json\/wp\/v2\/types\/product"}],"replies":[{"embeddable":true,"href":"https:\/\/xenonkungen.com\/fi\/wp-json\/wp\/v2\/comments?post=3678"}],"wp:featuredmedia":[{"embeddable":true,"href":"https:\/\/xenonkungen.com\/fi\/wp-json\/wp\/v2\/media\/25925"}],"wp:attachment":[{"href":"https:\/\/xenonkungen.com\/fi\/wp-json\/wp\/v2\/media?parent=3678"}],"wp:term":[{"taxonomy":"anvandningsomrade","embeddable":true,"href":"https:\/\/xenonkungen.com\/fi\/wp-json\/wp\/v2\/anvandningsomrade?post=3678"},{"taxonomy":"bilmarken","embeddable":true,"href":"https:\/\/xenonkungen.com\/fi\/wp-json\/wp\/v2\/bilmarken?post=3678"},{"taxonomy":"product_brand","embeddable":true,"href":"https:\/\/xenonkungen.com\/fi\/wp-json\/wp\/v2\/product_brand?post=3678"},{"taxonomy":"product_cat","embeddable":true,"href":"https:\/\/xenonkungen.com\/fi\/wp-json\/wp\/v2\/product_cat?post=3678"},{"taxonomy":"product_tag","embeddable":true,"href":"https:\/\/xenonkungen.com\/fi\/wp-json\/wp\/v2\/product_tag?post=3678"}],"curies":[{"name":"wp","href":"https:\/\/api.w.org\/{rel}","templated":true}]}}