{"id":3801,"date":"2025-04-15T09:02:50","date_gmt":"2025-04-15T09:02:50","guid":{"rendered":"https:\/\/xenonkungen.com\/product\/nightshift-blixtljusramp-ps80-led-965mm-r10-r65\/"},"modified":"2026-05-04T10:50:51","modified_gmt":"2026-05-04T09:50:51","slug":"luxtar-salamavalopalkki-ps80-led-965-mm-r10-r65","status":"publish","type":"product","link":"https:\/\/xenonkungen.com\/fi\/tuote\/luxtar-salamavalopalkki-ps80-led-965-mm-r10-r65\/","title":{"rendered":"Luxtar-taskuvalopalkki PS80 LED 965 mm | R10, R65"},"content":{"rendered":"<div class=\"container\">\n<h1>Luxtar PS80 salamavalopalkki<\/h1>\n<p>Luxtar PS80 Strobe Light Bar on edistyksellinen matalaprofiilinen valopalkki, joka on suunniteltu tarjoamaan erinomaisen n\u00e4kyvyyden kaikissa olosuhteissa. ECE R65 luokan 1 ja ECE R10 -standardien mukainen valopalkki on luotettava ratkaisu hy\u00f6tyajoneuvoille, jotka vaativat selke\u00e4\u00e4 varoitusvaloa.<\/p>\n<div class=\"features\">\n<h2>T\u00e4rkeimm\u00e4t ominaisuudet:<\/h2>\n<ul>\n<li>Varustettu <strong>108 tehokasta 1W LED-moduulia<\/strong> optimaalista n\u00e4kyvyytt\u00e4 varten.<\/li>\n<li>Vastaanottaa <strong>19 erilaista salamakuviota<\/strong> jotka voidaan helposti r\u00e4\u00e4t\u00e4l\u00f6id\u00e4 ty\u00f6paikan ja ymp\u00e4rist\u00f6n mukaan.<\/li>\n<li>Valmistettu <strong>kest\u00e4v\u00e4 polykarbonaatti<\/strong> kest\u00e4vyys ankarissa olosuhteissa.<\/li>\n<li>Kokonaispaino <strong>8kg<\/strong>, mukaan lukien kiinnikkeet, mik\u00e4 helpottaa asennusta ja huoltoa.<\/li>\n<\/ul>\n<\/div>\n<p>Innovatiivisen teknologiansa ja kest\u00e4v\u00e4n rakenteensa ansiosta Luxtar PS80 -strobovalopalkki on ihanteellinen ratkaisu ammattik\u00e4ytt\u00e4jille, jotka vaativat korkeimman tason turvavalaistusta.<\/p>\n<\/div>\n<h2><strong>Tekniset tiedot:<\/strong><\/h2>\n<p><strong>Tuotemerkki:<\/strong> Luxtar<br \/>\n<strong>Malli:<\/strong> PS80<br \/>\n<strong>Tyyppi:<\/strong> Taskulampun ramppi<br \/>\n<strong>Salamakuviot:<\/strong> 19.<br \/>\n<strong>Diodien lukum\u00e4\u00e4r\u00e4:<\/strong> 90.<br \/>\n<strong>Valonl\u00e4hde:<\/strong> LED<br \/>\n<strong>Valon v\u00e4ri\/v\u00e4ril\u00e4mp\u00f6tila:<\/strong> meripihka<br \/>\n<strong>Multivoltti:<\/strong> 10-30v<br \/>\n<strong>Teho (Watt):<\/strong> 88<br \/>\n<strong>Virrankulutus (ampeeria):<\/strong><br \/>\n\u2013 7,3 12 V:n j\u00e4nnitteell\u00e4<br \/>\n\u2013 3,65 24 V:n j\u00e4nnitteell\u00e4<br \/>\n<strong>Kosteussuojaus:<\/strong> IP67<br \/>\n<strong>Ty\u00f6ymp\u00e4rist\u00f6:<\/strong> -40\u00b0C - +65\u00b0C<br \/>\n<strong>Valtuutettu:<\/strong> ECE R10, E-merkitty, ECE R65 luokka 1, EMC,<br \/>\n<strong>Koko:<\/strong> 965x95x270mm (mukana kiinnike)<br \/>\n<strong>Paino:<\/strong> 8kg (kiinnike mukana)<\/p>\n<p><strong>Hyv\u00e4 tiet\u00e4\u00e4:<\/strong><br \/>\nVain 2 salamakuviota on hyv\u00e4ksytty ECE R65 -standardin mukaisesti.<br \/>\nKaapelin pituus on 500 mm.<\/p>\n<p><strong>Takuu:<\/strong> 2 vuotta<\/p>\n<p><iframe loading=\"lazy\" src=\"https:\/\/www.youtube.com\/embed\/CCHbvYFqwBI\" width=\"560\" height=\"315\" frameborder=\"0\" allowfullscreen=\"allowfullscreen\"><\/iframe><\/p>","protected":false},"excerpt":{"rendered":"<p><b>Multivoltti 12-24V<\/b><\/p>\n<p><b>E-merkitty, ECE R65 luokka 1, EMC (R10).<\/b><\/p>\n<p><b>IP67<\/b><\/p>\n<p><b>Soveltamisala<\/b><br \/>\nSopii kuorma-autoihin, huoltoajoneuvoihin, jakeluautoihin, traktoreihin, k\u00e4sity\u00f6l\u00e4isiin ja kaikkiin muihin paikkoihin, joissa ajoneuvon ymp\u00e4rill\u00e4 oleva alue on suojattava.<\/p>\n<p><b>Takuu: 2 vuotta<\/b><\/p>","protected":false},"featured_media":3802,"comment_status":"closed","ping_status":"closed","template":"","meta":{"_acf_changed":false,"_smort_price_nok":"5335","_smort_price_dkk":"3389","_smort_price_eur":"454.07","_smort_sale_price_nok":"","_smort_sale_price_dkk":"","_smort_sale_price_eur":"","smort_restorder":"","shipmondo_restorder":"","_kad_blocks_custom_css":"","_kad_blocks_head_custom_js":"","_kad_blocks_body_custom_js":"","_kad_blocks_footer_custom_js":"","smort_custom_pricelist_1":"3196.8","smort_custom_pricelist_2":"2597.4","smort_custom_pricelist_3":"2467.53","smort_custom_pricelist_4":"3996","smort_custom_pricelist_5":"2597.4"},"anvandningsomrade":[],"bilmarken":[],"product_brand":[103],"product_cat":[2580,1061],"product_tag":[],"class_list":{"0":"post-3801","1":"product","2":"type-product","3":"status-publish","4":"has-post-thumbnail","6":"product_brand-luxtar","7":"product_cat-blixtljusramp-varningsljus","8":"product_cat-varningsljus","9":"pa_faktisk-effekts-forbrukning-1244","10":"pa_storlek-mm-1243","11":"pa_stromforbrukning-365a24v","12":"pa_stromforbrukning-73a12v","13":"pa_volt-v-12-24","15":"first","16":"onbackorder","17":"taxable","18":"shipping-taxable","19":"purchasable","20":"product-type-simple"},"bundled_by":[],"bundle_stock_status":"onbackorder","bundle_stock_quantity":0,"bundle_virtual":false,"bundle_layout":"","bundle_add_to_cart_form_location":"","bundle_editable_in_cart":false,"bundle_sold_individually_context":"","bundle_item_grouping":"","bundle_min_size":"","bundle_max_size":"","bundle_price":[],"bundled_items":[],"bundle_sell_ids":[],"acf":[],"yoast_head":"<!-- This site is optimized with the Yoast SEO plugin v27.0 - https:\/\/yoast.com\/product\/yoast-seo-wordpress\/ -->\n<title>Luxtar Blixtljusramp PS80 LED 965mm | R10, R65 - Xenonkungen<\/title>\n<meta name=\"robots\" content=\"index, follow, max-snippet:-1, max-image-preview:large, max-video-preview:-1\" \/>\n<link rel=\"canonical\" href=\"https:\/\/xenonkungen.com\/fi\/tuote\/luxtar-salamavalopalkki-ps80-led-965-mm-r10-r65\/\" \/>\n<meta property=\"og:locale\" content=\"fi_FI\" \/>\n<meta property=\"og:type\" content=\"article\" \/>\n<meta property=\"og:title\" content=\"Luxtar Blixtljusramp PS80 LED 965mm | R10, R65 - Xenonkungen\" \/>\n<meta property=\"og:description\" content=\"Multivolt 12-24V  E-m\u00e4rkt, ECE R65 klass 1, EMC (R10)  IP67  Anv\u00e4ndningsomr\u00e5de Passar bra f\u00f6r Lastbil, servicebil, budbil, traktorer hantverkare och alla andra t\u00e4nkbara st\u00e4llen d\u00e4r man beh\u00f6ver s\u00e4kra sin yta runt sitt fordon  Garanti: 2\u00e5r\" \/>\n<meta property=\"og:url\" content=\"https:\/\/xenonkungen.com\/fi\/tuote\/luxtar-salamavalopalkki-ps80-led-965-mm-r10-r65\/\" \/>\n<meta property=\"og:site_name\" content=\"Xenonkungen\" \/>\n<meta property=\"article:modified_time\" content=\"2026-05-04T09:50:51+00:00\" \/>\n<meta property=\"og:image\" content=\"https:\/\/xenonkungen.com\/wp-content\/uploads\/2025\/04\/179619399-origpic-03a6cf.png\" \/>\n\t<meta property=\"og:image:width\" content=\"1000\" \/>\n\t<meta property=\"og:image:height\" content=\"1000\" \/>\n\t<meta property=\"og:image:type\" content=\"image\/png\" \/>\n<meta name=\"twitter:card\" content=\"summary_large_image\" \/>\n<meta name=\"twitter:label1\" content=\"Arvioitu lukuaika\" \/>\n\t<meta name=\"twitter:data1\" content=\"2 minuuttia\" \/>\n<script type=\"application\/ld+json\" class=\"yoast-schema-graph\">{\"@context\":\"https:\/\/schema.org\",\"@graph\":[{\"@type\":\"WebPage\",\"@id\":\"https:\/\/xenonkungen.com\/produkt\/luxtar-blixtljusramp-ps80-led-965mm-r10-r65\/\",\"url\":\"https:\/\/xenonkungen.com\/produkt\/luxtar-blixtljusramp-ps80-led-965mm-r10-r65\/\",\"name\":\"Luxtar Blixtljusramp PS80 LED 965mm | R10, R65 - Xenonkungen\",\"isPartOf\":{\"@id\":\"https:\/\/xenonkungen.com\/#website\"},\"primaryImageOfPage\":{\"@id\":\"https:\/\/xenonkungen.com\/produkt\/luxtar-blixtljusramp-ps80-led-965mm-r10-r65\/#primaryimage\"},\"image\":{\"@id\":\"https:\/\/xenonkungen.com\/produkt\/luxtar-blixtljusramp-ps80-led-965mm-r10-r65\/#primaryimage\"},\"thumbnailUrl\":\"https:\/\/xenonkungen.com\/wp-content\/uploads\/2025\/04\/179619399-origpic-03a6cf.png\",\"datePublished\":\"2025-04-15T09:02:50+00:00\",\"dateModified\":\"2026-05-04T09:50:51+00:00\",\"breadcrumb\":{\"@id\":\"https:\/\/xenonkungen.com\/produkt\/luxtar-blixtljusramp-ps80-led-965mm-r10-r65\/#breadcrumb\"},\"inLanguage\":\"fi\",\"potentialAction\":[{\"@type\":\"ReadAction\",\"target\":[\"https:\/\/xenonkungen.com\/produkt\/luxtar-blixtljusramp-ps80-led-965mm-r10-r65\/\"]}]},{\"@type\":\"ImageObject\",\"inLanguage\":\"fi\",\"@id\":\"https:\/\/xenonkungen.com\/produkt\/luxtar-blixtljusramp-ps80-led-965mm-r10-r65\/#primaryimage\",\"url\":\"https:\/\/xenonkungen.com\/wp-content\/uploads\/2025\/04\/179619399-origpic-03a6cf.png\",\"contentUrl\":\"https:\/\/xenonkungen.com\/wp-content\/uploads\/2025\/04\/179619399-origpic-03a6cf.png\",\"width\":1000,\"height\":1000},{\"@type\":\"BreadcrumbList\",\"@id\":\"https:\/\/xenonkungen.com\/produkt\/luxtar-blixtljusramp-ps80-led-965mm-r10-r65\/#breadcrumb\",\"itemListElement\":[{\"@type\":\"ListItem\",\"position\":1,\"name\":\"Hem\",\"item\":\"https:\/\/xenonkungen.com\/\"},{\"@type\":\"ListItem\",\"position\":2,\"name\":\"Shop\",\"item\":\"https:\/\/xenonkungen.com\/shop\/\"},{\"@type\":\"ListItem\",\"position\":3,\"name\":\"Luxtar Blixtljusramp PS80 LED 965mm | R10, R65\"}]},{\"@type\":\"WebSite\",\"@id\":\"https:\/\/xenonkungen.com\/#website\",\"url\":\"https:\/\/xenonkungen.com\/\",\"name\":\"Xenonkungen\",\"description\":\"\",\"potentialAction\":[{\"@type\":\"SearchAction\",\"target\":{\"@type\":\"EntryPoint\",\"urlTemplate\":\"https:\/\/xenonkungen.com\/?s={search_term_string}\"},\"query-input\":{\"@type\":\"PropertyValueSpecification\",\"valueRequired\":true,\"valueName\":\"search_term_string\"}}],\"inLanguage\":\"fi\"}]}<\/script>\n<!-- \/ Yoast SEO plugin. -->","yoast_head_json":{"title":"Luxtar Vilkkuvalopalkki PS80 LED 965 mm | R10, R65 - Ksenonvalo","robots":{"index":"index","follow":"follow","max-snippet":"max-snippet:-1","max-image-preview":"max-image-preview:large","max-video-preview":"max-video-preview:-1"},"canonical":"https:\/\/xenonkungen.com\/fi\/tuote\/luxtar-salamavalopalkki-ps80-led-965-mm-r10-r65\/","og_locale":"fi_FI","og_type":"article","og_title":"Luxtar Blixtljusramp PS80 LED 965mm | R10, R65 - Xenonkungen","og_description":"Multivolt 12-24V  E-m\u00e4rkt, ECE R65 klass 1, EMC (R10)  IP67  Anv\u00e4ndningsomr\u00e5de Passar bra f\u00f6r Lastbil, servicebil, budbil, traktorer hantverkare och alla andra t\u00e4nkbara st\u00e4llen d\u00e4r man beh\u00f6ver s\u00e4kra sin yta runt sitt fordon  Garanti: 2\u00e5r","og_url":"https:\/\/xenonkungen.com\/fi\/tuote\/luxtar-salamavalopalkki-ps80-led-965-mm-r10-r65\/","og_site_name":"Xenonkungen","article_modified_time":"2026-05-04T09:50:51+00:00","og_image":[{"width":1000,"height":1000,"url":"https:\/\/xenonkungen.com\/wp-content\/uploads\/2025\/04\/179619399-origpic-03a6cf.png","type":"image\/png"}],"twitter_card":"summary_large_image","twitter_misc":{"Arvioitu lukuaika":"2 minuuttia"},"schema":{"@context":"https:\/\/schema.org","@graph":[{"@type":"WebPage","@id":"https:\/\/xenonkungen.com\/produkt\/luxtar-blixtljusramp-ps80-led-965mm-r10-r65\/","url":"https:\/\/xenonkungen.com\/produkt\/luxtar-blixtljusramp-ps80-led-965mm-r10-r65\/","name":"Luxtar Vilkkuvalopalkki PS80 LED 965 mm | R10, R65 - Ksenonvalo","isPartOf":{"@id":"https:\/\/xenonkungen.com\/#website"},"primaryImageOfPage":{"@id":"https:\/\/xenonkungen.com\/produkt\/luxtar-blixtljusramp-ps80-led-965mm-r10-r65\/#primaryimage"},"image":{"@id":"https:\/\/xenonkungen.com\/produkt\/luxtar-blixtljusramp-ps80-led-965mm-r10-r65\/#primaryimage"},"thumbnailUrl":"https:\/\/xenonkungen.com\/wp-content\/uploads\/2025\/04\/179619399-origpic-03a6cf.png","datePublished":"2025-04-15T09:02:50+00:00","dateModified":"2026-05-04T09:50:51+00:00","breadcrumb":{"@id":"https:\/\/xenonkungen.com\/produkt\/luxtar-blixtljusramp-ps80-led-965mm-r10-r65\/#breadcrumb"},"inLanguage":"fi","potentialAction":[{"@type":"ReadAction","target":["https:\/\/xenonkungen.com\/produkt\/luxtar-blixtljusramp-ps80-led-965mm-r10-r65\/"]}]},{"@type":"ImageObject","inLanguage":"fi","@id":"https:\/\/xenonkungen.com\/produkt\/luxtar-blixtljusramp-ps80-led-965mm-r10-r65\/#primaryimage","url":"https:\/\/xenonkungen.com\/wp-content\/uploads\/2025\/04\/179619399-origpic-03a6cf.png","contentUrl":"https:\/\/xenonkungen.com\/wp-content\/uploads\/2025\/04\/179619399-origpic-03a6cf.png","width":1000,"height":1000},{"@type":"BreadcrumbList","@id":"https:\/\/xenonkungen.com\/produkt\/luxtar-blixtljusramp-ps80-led-965mm-r10-r65\/#breadcrumb","itemListElement":[{"@type":"ListItem","position":1,"name":"Hem","item":"https:\/\/xenonkungen.com\/"},{"@type":"ListItem","position":2,"name":"Shop","item":"https:\/\/xenonkungen.com\/shop\/"},{"@type":"ListItem","position":3,"name":"Luxtar Blixtljusramp PS80 LED 965mm | R10, R65"}]},{"@type":"WebSite","@id":"https:\/\/xenonkungen.com\/#website","url":"https:\/\/xenonkungen.com\/","name":"Xenonkungen","description":"","potentialAction":[{"@type":"SearchAction","target":{"@type":"EntryPoint","urlTemplate":"https:\/\/xenonkungen.com\/?s={search_term_string}"},"query-input":{"@type":"PropertyValueSpecification","valueRequired":true,"valueName":"search_term_string"}}],"inLanguage":"fi"}]}},"taxonomy_info":{"product_brand":[{"value":103,"label":"LUXTAR"}],"product_cat":[{"value":2580,"label":"Blixtljusramp"},{"value":1061,"label":"Varningsljus"}],"pa_faktisk-effekts-forbrukning":[{"value":1244,"label":"88"}],"pa_storlek-mm":[{"value":1243,"label":"965"}],"pa_stromforbrukning":[{"value":1246,"label":"3,65A@24V"},{"value":1245,"label":"7,3A@12V"}],"pa_volt-v":[{"value":348,"label":"12, 24"}]},"featured_image_src_large":["https:\/\/xenonkungen.com\/wp-content\/uploads\/2025\/04\/179619399-origpic-03a6cf.png",1000,1000,false],"author_info":[],"comment_info":0,"_links":{"self":[{"href":"https:\/\/xenonkungen.com\/fi\/wp-json\/wp\/v2\/product\/3801","targetHints":{"allow":["GET"]}}],"collection":[{"href":"https:\/\/xenonkungen.com\/fi\/wp-json\/wp\/v2\/product"}],"about":[{"href":"https:\/\/xenonkungen.com\/fi\/wp-json\/wp\/v2\/types\/product"}],"replies":[{"embeddable":true,"href":"https:\/\/xenonkungen.com\/fi\/wp-json\/wp\/v2\/comments?post=3801"}],"wp:featuredmedia":[{"embeddable":true,"href":"https:\/\/xenonkungen.com\/fi\/wp-json\/wp\/v2\/media\/3802"}],"wp:attachment":[{"href":"https:\/\/xenonkungen.com\/fi\/wp-json\/wp\/v2\/media?parent=3801"}],"wp:term":[{"taxonomy":"anvandningsomrade","embeddable":true,"href":"https:\/\/xenonkungen.com\/fi\/wp-json\/wp\/v2\/anvandningsomrade?post=3801"},{"taxonomy":"bilmarken","embeddable":true,"href":"https:\/\/xenonkungen.com\/fi\/wp-json\/wp\/v2\/bilmarken?post=3801"},{"taxonomy":"product_brand","embeddable":true,"href":"https:\/\/xenonkungen.com\/fi\/wp-json\/wp\/v2\/product_brand?post=3801"},{"taxonomy":"product_cat","embeddable":true,"href":"https:\/\/xenonkungen.com\/fi\/wp-json\/wp\/v2\/product_cat?post=3801"},{"taxonomy":"product_tag","embeddable":true,"href":"https:\/\/xenonkungen.com\/fi\/wp-json\/wp\/v2\/product_tag?post=3801"}],"curies":[{"name":"wp","href":"https:\/\/api.w.org\/{rel}","templated":true}]}}