{"id":3806,"date":"2025-04-15T09:02:50","date_gmt":"2025-04-15T09:02:50","guid":{"rendered":"https:\/\/xenonkungen.com\/product\/nightshift-blixtljusramp-ps80-led-1185mm-ece-godkand-r10-r65\/"},"modified":"2026-05-04T10:50:48","modified_gmt":"2026-05-04T09:50:48","slug":"luxtar-salamavalopalkki-ps80-led-1185-mm-ece-hyvaksytty-r10-r65","status":"publish","type":"product","link":"https:\/\/xenonkungen.com\/fi\/tuote\/luxtar-salamavalopalkki-ps80-led-1185-mm-ece-hyvaksytty-r10-r65\/","title":{"rendered":"Luxtar Vilkkuva valopalkki PS80 LED 1185 mm | ECE-hyv\u00e4ksytty R10, R65"},"content":{"rendered":"<div class=\"container\">\n<h1>Luxtar PS80 salamavalopalkki<\/h1>\n<p>Innovatiivinen Luxtar PS80 -vilkkuvalopalkki tarjoaa vertaansa vailla olevaa n\u00e4kyvyytt\u00e4 ja luotettavuutta matalan profiilinsa ja tehokkaan suorituskykyns\u00e4 ansiosta. Sek\u00e4 ECE R65 luokan 1 ett\u00e4 ECE R10 -hyv\u00e4ksytty valopalkki on paras ratkaisu ammattik\u00e4ytt\u00e4jille, jotka vaativat korkeimpia turvallisuus- ja n\u00e4kyvyysstandardeja.<\/p>\n<div class=\"features\">\n<h2>Erityispiirteet:<\/h2>\n<ul>\n<li><strong>108 tehokasta LED-moduulia:<\/strong> Jokainen 1W:n moduuli takaa erinomaisen n\u00e4kyvyyden ymp\u00e4rist\u00f6\u00f6n.<\/li>\n<li><strong>19 muokattavaa salamakuviota:<\/strong> Helppo mukauttaa erilaisiin ty\u00f6paikkoihin ja ymp\u00e4rist\u00f6ihin.<\/li>\n<li><strong>Kest\u00e4v\u00e4 polykarbonaattimateriaali:<\/strong> Takaa pitk\u00e4n kest\u00e4vyyden ilman korroosioriski\u00e4 metallipinnoille asennettaessa.<\/li>\n<li><strong>Kokonaispaino 8 kg:<\/strong> Sis\u00e4lt\u00e4\u00e4 kiinnikkeet helppoa asennusta ja vakautta varten.<\/li>\n<\/ul>\n<\/div>\n<p>Luxtar PS80 on suunniteltu t\u00e4ytt\u00e4m\u00e4\u00e4n tiukimmatkin vaatimukset yhdistettyn\u00e4 edistyneeseen teknologiaan ja korkealaatuisimpiin materiaaleihin, mik\u00e4 tekee siit\u00e4 luotettavan kumppanin kaikentyyppisille ajoneuvoille ja ty\u00f6ymp\u00e4rist\u00f6ille.<\/p>\n<\/div>\n<h2><strong>Tekniset tiedot:<\/strong><\/h2>\n<p><strong>Tuotemerkki:<\/strong> Luxtar<br \/>\n<strong>Malli:<\/strong> Taskulampun ramppi<br \/>\n<strong>Salamakuviot:<\/strong> 19.<br \/>\n<strong>Diodien lukum\u00e4\u00e4r\u00e4:<\/strong> 108.<br \/>\n<strong>Valonl\u00e4hde:<\/strong> LED<br \/>\n<strong>Valon v\u00e4ri\/v\u00e4ril\u00e4mp\u00f6tila:<\/strong> meripihka<br \/>\n<strong>Multivoltti:<\/strong> 10-30v<br \/>\n<strong>Teho (Watt):<\/strong> 98,5<br \/>\n<strong>Virrankulutus (ampeeria):<\/strong><br \/>\n\u2013 8,2 12 V:n j\u00e4nnitteell\u00e4<br \/>\n\u2013 3,9 24 V:n j\u00e4nnitteell\u00e4<br \/>\n<strong>Kosteussuojaus:<\/strong> IP67<br \/>\n<strong>Ty\u00f6ymp\u00e4rist\u00f6:<\/strong> -40\u00b0C - +65\u00b0C<br \/>\n<strong>Valtuutettu:<\/strong> ECE R10, E-merkitty (E9), ECE R65 luokka 1, EMC, CE ja RoHS.<br \/>\n<strong>Koko:<\/strong> 1185x95x270 mm<br \/>\n<strong>Paino:<\/strong> 8kg<\/p>\n<p><strong>Hyv\u00e4 tiet\u00e4\u00e4:<\/strong><br \/>\nTuotteen k\u00e4ytt\u00f6ohje sis\u00e4ltyy pakkaukseen.<br \/>\nTaskulampun rampissa on kolme kaapelia, punainen, musta ja keltainen. Punainen on +, musta ? ja keltainen on stroboskooppikuvion vaihtamista varten.<br \/>\nVain 2 salamakuviota on hyv\u00e4ksytty ECE R65 -standardin mukaisesti.<br \/>\nKaapelin pituus on 500 mm.<br \/>\n<strong><br \/>\nToimituksen sis\u00e4lt\u00f6:<\/strong><br \/>\nTuote sis\u00e4lt\u00e4\u00e4 1. nightshift-taskulampun kehyksen ja kattokannattimen.<br \/>\n<strong><br \/>\nTakuu:<\/strong> 2 vuotta<\/p>\n<p><iframe loading=\"lazy\" src=\"https:\/\/www.youtube.com\/embed\/CCHbvYFqwBI\" width=\"560\" height=\"315\" frameborder=\"0\" allowfullscreen=\"allowfullscreen\"><\/iframe><\/p>","protected":false},"excerpt":{"rendered":"<p><b>Nykyinen<\/b><br \/>\nRamppi saa virtansa 10\u201330 V:n j\u00e4nnitteell\u00e4, joten se sopii t\u00e4ydellisesti sek\u00e4 12 V:n huoltoajoneuvoille ett\u00e4 raskaammille ajoneuvoille, joissa on 24 V:n j\u00e4rjestelm\u00e4.<\/p>\n<p><b>Todistus <\/b><br \/>\nR10, E-merkitty (E9), ECE R65 luokka 1, EMC, CE ja RoHS<br \/>\nS\u00e4ilytt\u00e4\u00e4 korkeimman luokan, hyv\u00e4ksytty k\u00e4ytett\u00e4v\u00e4ksi kaikkien alan s\u00e4\u00e4nt\u00f6jen mukaisesti<\/p>\n<p><b>Vedenkest\u00e4v\u00e4<\/b><br \/>\nIP67. Eli se on p\u00f6ly- ja vesitiivis<\/p>\n<p><b>Soveltamisala<\/b><br \/>\nSopii kuorma-autoihin, huoltoajoneuvoihin, jakeluautoihin, traktoreihin, k\u00e4sity\u00f6l\u00e4isiin ja kaikkiin muihin paikkoihin, joissa ajoneuvon ymp\u00e4rill\u00e4 oleva alue on suojattava.<\/p>\n<p><b>Toimituksen sis\u00e4lt\u00f6<\/b><br \/>\n1 kpl Nightshift Flash -valopalkki kiinnikkeineen<\/p>","protected":false},"featured_media":3807,"comment_status":"closed","ping_status":"closed","template":"","meta":{"_acf_changed":false,"_smort_price_nok":"6617","_smort_price_dkk":"4204","_smort_price_eur":"563.16","_smort_sale_price_nok":"","_smort_sale_price_dkk":"","_smort_sale_price_eur":"","smort_restorder":"","shipmondo_restorder":"","_kad_blocks_custom_css":"","_kad_blocks_head_custom_js":"","_kad_blocks_body_custom_js":"","_kad_blocks_footer_custom_js":"","smort_custom_pricelist_1":"3964.8","smort_custom_pricelist_2":"3221.4","smort_custom_pricelist_3":"3060.33","smort_custom_pricelist_4":"4956","smort_custom_pricelist_5":"3221.4"},"anvandningsomrade":[],"bilmarken":[],"product_brand":[103],"product_cat":[2580,1061],"product_tag":[],"class_list":{"0":"post-3806","1":"product","2":"type-product","3":"status-publish","4":"has-post-thumbnail","6":"product_brand-luxtar","7":"product_cat-blixtljusramp-varningsljus","8":"product_cat-varningsljus","9":"pa_faktisk-effekts-forbrukning-1247","10":"pa_storlek-mm-224x385x67","11":"pa_stromforbrukning-41a24v","12":"pa_stromforbrukning-82a12v","13":"pa_volt-v-12-24","15":"first","16":"instock","17":"taxable","18":"shipping-taxable","19":"purchasable","20":"product-type-simple"},"bundled_by":[],"bundle_stock_status":"instock","bundle_stock_quantity":1,"bundle_virtual":false,"bundle_layout":"","bundle_add_to_cart_form_location":"","bundle_editable_in_cart":false,"bundle_sold_individually_context":"","bundle_item_grouping":"","bundle_min_size":"","bundle_max_size":"","bundle_price":[],"bundled_items":[],"bundle_sell_ids":[],"acf":[],"yoast_head":"<!-- This site is optimized with the Yoast SEO plugin v27.0 - https:\/\/yoast.com\/product\/yoast-seo-wordpress\/ -->\n<title>Luxtar Blixtljusramp PS80 LED 1185mm | ECE godk\u00e4nd R10, R65 - Xenonkungen<\/title>\n<meta name=\"robots\" content=\"index, follow, max-snippet:-1, max-image-preview:large, max-video-preview:-1\" \/>\n<link rel=\"canonical\" href=\"https:\/\/xenonkungen.com\/fi\/tuote\/luxtar-salamavalopalkki-ps80-led-1185-mm-ece-hyvaksytty-r10-r65\/\" \/>\n<meta property=\"og:locale\" content=\"fi_FI\" \/>\n<meta property=\"og:type\" content=\"article\" \/>\n<meta property=\"og:title\" content=\"Luxtar Blixtljusramp PS80 LED 1185mm | ECE godk\u00e4nd R10, R65 - Xenonkungen\" \/>\n<meta property=\"og:description\" content=\"Str\u00f6m Rampen drivs p\u00e5 10-30V. Vilket g\u00f6r att den \u00e4r perfekt b\u00e5de f\u00f6r servicebilar med 12v och tyngre fordon med 24v system.  Certifikat  R10, E-m\u00e4rkt (E9), ECE R65 klass 1, EMC, CE och RoHS H\u00e5ller h\u00f6gsta klass, Godk\u00e4nd att anv\u00e4nda enligt alla konstens regler  Vattent\u00e5lig IP67. Vilken inneb\u00e4r att den \u00e4r Damm och vattent\u00e4t  Anv\u00e4ndningsomr\u00e5de Passar bra f\u00f6r Lastbil, servicebil, budbil, traktorer hantverkare och alla andra t\u00e4nkbara st\u00e4llen d\u00e4r man beh\u00f6ver s\u00e4kra sin yta runt sitt fordon  Leveransinneh\u00e5ll 1 styck Nightshift Blixtljusramp inkl. f\u00e4sten\" \/>\n<meta property=\"og:url\" content=\"https:\/\/xenonkungen.com\/fi\/tuote\/luxtar-salamavalopalkki-ps80-led-1185-mm-ece-hyvaksytty-r10-r65\/\" \/>\n<meta property=\"og:site_name\" content=\"Xenonkungen\" \/>\n<meta property=\"article:modified_time\" content=\"2026-05-04T09:50:48+00:00\" \/>\n<meta property=\"og:image\" content=\"https:\/\/xenonkungen.com\/wp-content\/uploads\/2025\/04\/167769009-origpic-3d3951.png\" \/>\n\t<meta property=\"og:image:width\" content=\"1000\" \/>\n\t<meta property=\"og:image:height\" content=\"1000\" \/>\n\t<meta property=\"og:image:type\" content=\"image\/png\" \/>\n<meta name=\"twitter:card\" content=\"summary_large_image\" \/>\n<meta name=\"twitter:label1\" content=\"Arvioitu lukuaika\" \/>\n\t<meta name=\"twitter:data1\" content=\"2 minuuttia\" \/>\n<script type=\"application\/ld+json\" class=\"yoast-schema-graph\">{\"@context\":\"https:\/\/schema.org\",\"@graph\":[{\"@type\":\"WebPage\",\"@id\":\"https:\/\/xenonkungen.com\/produkt\/luxtar-blixtljusramp-ps80-led-1185mm-ece-godkand-r10-r65\/\",\"url\":\"https:\/\/xenonkungen.com\/produkt\/luxtar-blixtljusramp-ps80-led-1185mm-ece-godkand-r10-r65\/\",\"name\":\"Luxtar Blixtljusramp PS80 LED 1185mm | ECE godk\u00e4nd R10, R65 - Xenonkungen\",\"isPartOf\":{\"@id\":\"https:\/\/xenonkungen.com\/#website\"},\"primaryImageOfPage\":{\"@id\":\"https:\/\/xenonkungen.com\/produkt\/luxtar-blixtljusramp-ps80-led-1185mm-ece-godkand-r10-r65\/#primaryimage\"},\"image\":{\"@id\":\"https:\/\/xenonkungen.com\/produkt\/luxtar-blixtljusramp-ps80-led-1185mm-ece-godkand-r10-r65\/#primaryimage\"},\"thumbnailUrl\":\"https:\/\/xenonkungen.com\/wp-content\/uploads\/2025\/04\/167769009-origpic-3d3951.png\",\"datePublished\":\"2025-04-15T09:02:50+00:00\",\"dateModified\":\"2026-05-04T09:50:48+00:00\",\"breadcrumb\":{\"@id\":\"https:\/\/xenonkungen.com\/produkt\/luxtar-blixtljusramp-ps80-led-1185mm-ece-godkand-r10-r65\/#breadcrumb\"},\"inLanguage\":\"fi\",\"potentialAction\":[{\"@type\":\"ReadAction\",\"target\":[\"https:\/\/xenonkungen.com\/produkt\/luxtar-blixtljusramp-ps80-led-1185mm-ece-godkand-r10-r65\/\"]}]},{\"@type\":\"ImageObject\",\"inLanguage\":\"fi\",\"@id\":\"https:\/\/xenonkungen.com\/produkt\/luxtar-blixtljusramp-ps80-led-1185mm-ece-godkand-r10-r65\/#primaryimage\",\"url\":\"https:\/\/xenonkungen.com\/wp-content\/uploads\/2025\/04\/167769009-origpic-3d3951.png\",\"contentUrl\":\"https:\/\/xenonkungen.com\/wp-content\/uploads\/2025\/04\/167769009-origpic-3d3951.png\",\"width\":1000,\"height\":1000},{\"@type\":\"BreadcrumbList\",\"@id\":\"https:\/\/xenonkungen.com\/produkt\/luxtar-blixtljusramp-ps80-led-1185mm-ece-godkand-r10-r65\/#breadcrumb\",\"itemListElement\":[{\"@type\":\"ListItem\",\"position\":1,\"name\":\"Hem\",\"item\":\"https:\/\/xenonkungen.com\/\"},{\"@type\":\"ListItem\",\"position\":2,\"name\":\"Shop\",\"item\":\"https:\/\/xenonkungen.com\/shop\/\"},{\"@type\":\"ListItem\",\"position\":3,\"name\":\"Luxtar Blixtljusramp PS80 LED 1185mm | ECE godk\u00e4nd R10, R65\"}]},{\"@type\":\"WebSite\",\"@id\":\"https:\/\/xenonkungen.com\/#website\",\"url\":\"https:\/\/xenonkungen.com\/\",\"name\":\"Xenonkungen\",\"description\":\"\",\"potentialAction\":[{\"@type\":\"SearchAction\",\"target\":{\"@type\":\"EntryPoint\",\"urlTemplate\":\"https:\/\/xenonkungen.com\/?s={search_term_string}\"},\"query-input\":{\"@type\":\"PropertyValueSpecification\",\"valueRequired\":true,\"valueName\":\"search_term_string\"}}],\"inLanguage\":\"fi\"}]}<\/script>\n<!-- \/ Yoast SEO plugin. -->","yoast_head_json":{"title":"Luxtar Vilkkuva valopalkki PS80 LED 1185mm | ECE-hyv\u00e4ksytty R10, R65 - Xenonkungen","robots":{"index":"index","follow":"follow","max-snippet":"max-snippet:-1","max-image-preview":"max-image-preview:large","max-video-preview":"max-video-preview:-1"},"canonical":"https:\/\/xenonkungen.com\/fi\/tuote\/luxtar-salamavalopalkki-ps80-led-1185-mm-ece-hyvaksytty-r10-r65\/","og_locale":"fi_FI","og_type":"article","og_title":"Luxtar Blixtljusramp PS80 LED 1185mm | ECE godk\u00e4nd R10, R65 - Xenonkungen","og_description":"Str\u00f6m Rampen drivs p\u00e5 10-30V. Vilket g\u00f6r att den \u00e4r perfekt b\u00e5de f\u00f6r servicebilar med 12v och tyngre fordon med 24v system.  Certifikat  R10, E-m\u00e4rkt (E9), ECE R65 klass 1, EMC, CE och RoHS H\u00e5ller h\u00f6gsta klass, Godk\u00e4nd att anv\u00e4nda enligt alla konstens regler  Vattent\u00e5lig IP67. Vilken inneb\u00e4r att den \u00e4r Damm och vattent\u00e4t  Anv\u00e4ndningsomr\u00e5de Passar bra f\u00f6r Lastbil, servicebil, budbil, traktorer hantverkare och alla andra t\u00e4nkbara st\u00e4llen d\u00e4r man beh\u00f6ver s\u00e4kra sin yta runt sitt fordon  Leveransinneh\u00e5ll 1 styck Nightshift Blixtljusramp inkl. f\u00e4sten","og_url":"https:\/\/xenonkungen.com\/fi\/tuote\/luxtar-salamavalopalkki-ps80-led-1185-mm-ece-hyvaksytty-r10-r65\/","og_site_name":"Xenonkungen","article_modified_time":"2026-05-04T09:50:48+00:00","og_image":[{"width":1000,"height":1000,"url":"https:\/\/xenonkungen.com\/wp-content\/uploads\/2025\/04\/167769009-origpic-3d3951.png","type":"image\/png"}],"twitter_card":"summary_large_image","twitter_misc":{"Arvioitu lukuaika":"2 minuuttia"},"schema":{"@context":"https:\/\/schema.org","@graph":[{"@type":"WebPage","@id":"https:\/\/xenonkungen.com\/produkt\/luxtar-blixtljusramp-ps80-led-1185mm-ece-godkand-r10-r65\/","url":"https:\/\/xenonkungen.com\/produkt\/luxtar-blixtljusramp-ps80-led-1185mm-ece-godkand-r10-r65\/","name":"Luxtar Vilkkuva valopalkki PS80 LED 1185mm | ECE-hyv\u00e4ksytty R10, R65 - Xenonkungen","isPartOf":{"@id":"https:\/\/xenonkungen.com\/#website"},"primaryImageOfPage":{"@id":"https:\/\/xenonkungen.com\/produkt\/luxtar-blixtljusramp-ps80-led-1185mm-ece-godkand-r10-r65\/#primaryimage"},"image":{"@id":"https:\/\/xenonkungen.com\/produkt\/luxtar-blixtljusramp-ps80-led-1185mm-ece-godkand-r10-r65\/#primaryimage"},"thumbnailUrl":"https:\/\/xenonkungen.com\/wp-content\/uploads\/2025\/04\/167769009-origpic-3d3951.png","datePublished":"2025-04-15T09:02:50+00:00","dateModified":"2026-05-04T09:50:48+00:00","breadcrumb":{"@id":"https:\/\/xenonkungen.com\/produkt\/luxtar-blixtljusramp-ps80-led-1185mm-ece-godkand-r10-r65\/#breadcrumb"},"inLanguage":"fi","potentialAction":[{"@type":"ReadAction","target":["https:\/\/xenonkungen.com\/produkt\/luxtar-blixtljusramp-ps80-led-1185mm-ece-godkand-r10-r65\/"]}]},{"@type":"ImageObject","inLanguage":"fi","@id":"https:\/\/xenonkungen.com\/produkt\/luxtar-blixtljusramp-ps80-led-1185mm-ece-godkand-r10-r65\/#primaryimage","url":"https:\/\/xenonkungen.com\/wp-content\/uploads\/2025\/04\/167769009-origpic-3d3951.png","contentUrl":"https:\/\/xenonkungen.com\/wp-content\/uploads\/2025\/04\/167769009-origpic-3d3951.png","width":1000,"height":1000},{"@type":"BreadcrumbList","@id":"https:\/\/xenonkungen.com\/produkt\/luxtar-blixtljusramp-ps80-led-1185mm-ece-godkand-r10-r65\/#breadcrumb","itemListElement":[{"@type":"ListItem","position":1,"name":"Hem","item":"https:\/\/xenonkungen.com\/"},{"@type":"ListItem","position":2,"name":"Shop","item":"https:\/\/xenonkungen.com\/shop\/"},{"@type":"ListItem","position":3,"name":"Luxtar Blixtljusramp PS80 LED 1185mm | ECE godk\u00e4nd R10, R65"}]},{"@type":"WebSite","@id":"https:\/\/xenonkungen.com\/#website","url":"https:\/\/xenonkungen.com\/","name":"Xenonkungen","description":"","potentialAction":[{"@type":"SearchAction","target":{"@type":"EntryPoint","urlTemplate":"https:\/\/xenonkungen.com\/?s={search_term_string}"},"query-input":{"@type":"PropertyValueSpecification","valueRequired":true,"valueName":"search_term_string"}}],"inLanguage":"fi"}]}},"taxonomy_info":{"product_brand":[{"value":103,"label":"LUXTAR"}],"product_cat":[{"value":2580,"label":"Blixtljusramp"},{"value":1061,"label":"Varningsljus"}],"pa_faktisk-effekts-forbrukning":[{"value":1247,"label":"98,5"}],"pa_storlek-mm":[{"value":1185,"label":"224x38,5x67"}],"pa_stromforbrukning":[{"value":1010,"label":"4,1A@24V"},{"value":1248,"label":"8,2A@12V"}],"pa_volt-v":[{"value":348,"label":"12, 24"}]},"featured_image_src_large":["https:\/\/xenonkungen.com\/wp-content\/uploads\/2025\/04\/167769009-origpic-3d3951.png",1000,1000,false],"author_info":[],"comment_info":0,"_links":{"self":[{"href":"https:\/\/xenonkungen.com\/fi\/wp-json\/wp\/v2\/product\/3806","targetHints":{"allow":["GET"]}}],"collection":[{"href":"https:\/\/xenonkungen.com\/fi\/wp-json\/wp\/v2\/product"}],"about":[{"href":"https:\/\/xenonkungen.com\/fi\/wp-json\/wp\/v2\/types\/product"}],"replies":[{"embeddable":true,"href":"https:\/\/xenonkungen.com\/fi\/wp-json\/wp\/v2\/comments?post=3806"}],"wp:featuredmedia":[{"embeddable":true,"href":"https:\/\/xenonkungen.com\/fi\/wp-json\/wp\/v2\/media\/3807"}],"wp:attachment":[{"href":"https:\/\/xenonkungen.com\/fi\/wp-json\/wp\/v2\/media?parent=3806"}],"wp:term":[{"taxonomy":"anvandningsomrade","embeddable":true,"href":"https:\/\/xenonkungen.com\/fi\/wp-json\/wp\/v2\/anvandningsomrade?post=3806"},{"taxonomy":"bilmarken","embeddable":true,"href":"https:\/\/xenonkungen.com\/fi\/wp-json\/wp\/v2\/bilmarken?post=3806"},{"taxonomy":"product_brand","embeddable":true,"href":"https:\/\/xenonkungen.com\/fi\/wp-json\/wp\/v2\/product_brand?post=3806"},{"taxonomy":"product_cat","embeddable":true,"href":"https:\/\/xenonkungen.com\/fi\/wp-json\/wp\/v2\/product_cat?post=3806"},{"taxonomy":"product_tag","embeddable":true,"href":"https:\/\/xenonkungen.com\/fi\/wp-json\/wp\/v2\/product_tag?post=3806"}],"curies":[{"name":"wp","href":"https:\/\/api.w.org\/{rel}","templated":true}]}}