{"id":3834,"date":"2025-04-15T09:02:59","date_gmt":"2025-04-15T09:02:59","guid":{"rendered":"https:\/\/xenonkungen.com\/product\/armlampa-led-rod-vit-gulhoger-2pin-lang\/"},"modified":"2026-04-24T17:07:08","modified_gmt":"2026-04-24T16:07:08","slug":"varsilamppu-led-punainen-valkoinen-keltainen-hoger-2pin-pitka","status":"publish","type":"product","link":"https:\/\/xenonkungen.com\/fi\/tuote\/varsilamppu-led-punainen-valkoinen-keltainen-hoger-2pin-pitka\/","title":{"rendered":"K\u00e4sivarren lamppu LED punainen\/valkoinen\/keltainen|oikea 2PIN (pitk\u00e4)"},"content":{"rendered":"<div class=\"container\">\n<h1>Etu-\/takavalo kumikiinnityksell\u00e4: Turvallinen ja luotettava<\/h1>\n<p>T\u00e4m\u00e4 paikannusvalo tarjoaa joustavan ja kest\u00e4v\u00e4n ratkaisun ajoneuvosi n\u00e4kyvyyden ja turvallisuuden parantamiseen, ja se on varustettu kumikiinnikkeell\u00e4 ja tiiviill\u00e4 elektroniikalla.<\/p>\n<div class=\"specifications\">\n<h2>Tekniset tiedot:<\/h2>\n<ul>\n<li><span class=\"highlight\">K\u00e4yt\u00e4:<\/span> Soveltuu asennettavaksi ajoneuvon etu- ja takaosaan.<\/li>\n<li><span class=\"highlight\">Kokoaminen:<\/span> Kumikiinnitys helpottaa ja varmistaa asennuksen ja antaa lis\u00e4suojaa t\u00e4rin\u00e4\u00e4 vastaan.<\/li>\n<li><span class=\"highlight\">Elektroniikka:<\/span> Vuodonkest\u00e4v\u00e4 optimaalisen suojan tarjoamiseksi elementtej\u00e4 vastaan.<\/li>\n<li><span class=\"highlight\">Kest\u00e4vyys:<\/span> Vankka rakenne pitk\u00e4aikaiseen k\u00e4ytt\u00f6\u00f6n vaikeissa olosuhteissa.<\/li>\n<\/ul>\n<\/div>\n<div class=\"features\">\n<h2>Ominaisuudet:<\/h2>\n<ul>\n<li>Parantaa ajoneuvon n\u00e4kyvyytt\u00e4 ja lis\u00e4\u00e4 siten turvallisuutta.<\/li>\n<li>Soveltuu monenlaisiin ajoneuvotyyppeihin ja sovelluksiin.<\/li>\n<li>Pitk\u00e4kestoinen luotettavuus suojatun elektroniikan ja vankan rakenteen ansiosta.<\/li>\n<li>Helppo asentaa, mik\u00e4 v\u00e4hent\u00e4\u00e4 kokoonpano- ja huoltoaikaa.<\/li>\n<\/ul>\n<\/div>\n<\/div>\n<p><strong>Multivoltti:<\/strong> 12\/24V<br \/><strong>Mitat:<\/strong> 193x166x66mm<br \/><strong>Kosteussuojaus:<\/strong> IP67<br \/><strong>Virrankulutus 13,8 voltin j\u00e4nnitteell\u00e4:<\/strong><br \/>- Punainen 0.05A<br \/>- Valkoinen 0.03A<br \/>- Keltainen 0.05A<br \/><strong>Virtaliit\u00e4nt\u00e4:<\/strong> 2-PIN naaras-j\u00e4rjestelm\u00e4kaapeli<br \/><strong>Valtuutettu:<\/strong> ECE<\/p>\n<p><strong>Takuu:<\/strong> 5 vuotta<\/p>","protected":false},"excerpt":{"rendered":"<p>Positionslampa f\u00f6r Front\/Bak med Gummif\u00e4ste: S\u00e4ker och P\u00e5litlig Denna positionslampa erbjuder en flexibel och h\u00e5llbar l\u00f6sning f\u00f6r att \u00f6ka synligheten och s\u00e4kerheten p\u00e5 ditt fordon, utrustad med gummif\u00e4ste och l\u00e4ckagef\u00f6rseglad elektronik. Specifikationer: Anv\u00e4ndning: L\u00e4mplig f\u00f6r montering p\u00e5 fordonets front och bak. Montering: Gummif\u00e4ste f\u00f6r enkel, s\u00e4ker installation och extra skydd mot vibrationer. Elektronik: L\u00e4ckagef\u00f6rseglad f\u00f6r [&hellip;]<\/p>","protected":false},"featured_media":3835,"comment_status":"closed","ping_status":"open","template":"","meta":{"_acf_changed":false,"_smort_price_nok":"385","_smort_price_dkk":"244","_smort_price_eur":"32.73","_smort_sale_price_nok":"","_smort_sale_price_dkk":"","_smort_sale_price_eur":"","smort_restorder":"","shipmondo_restorder":"","_kad_blocks_custom_css":"","_kad_blocks_head_custom_js":"","_kad_blocks_body_custom_js":"","_kad_blocks_footer_custom_js":"","smort_custom_pricelist_1":"201.6","smort_custom_pricelist_2":"201.6","smort_custom_pricelist_3":"191.52","smort_custom_pricelist_4":"288","smort_custom_pricelist_5":"201.6"},"anvandningsomrade":[166,238,2816],"bilmarken":[],"product_brand":[1252],"product_cat":[2815,2478],"product_tag":[],"class_list":{"0":"post-3834","1":"product","2":"type-product","3":"status-publish","4":"has-post-thumbnail","6":"anvandningsomrade-lastbil","7":"anvandningsomrade-slap","8":"anvandningsomrade-trailer","9":"product_brand-lea","10":"product_cat-armlampa","11":"product_cat-positionsljus-slap","12":"pa_fuktskydd-varde-ipxx-ip67","13":"pa_godkannande-ece","14":"pa_storlek-mm-1249","15":"pa_stromforbrukning-005a12v","16":"pa_volt-v-12-24","18":"first","19":"onbackorder","20":"taxable","21":"shipping-taxable","22":"purchasable","23":"product-type-simple"},"bundled_by":[],"bundle_stock_status":"onbackorder","bundle_stock_quantity":0,"bundle_virtual":false,"bundle_layout":"","bundle_add_to_cart_form_location":"","bundle_editable_in_cart":false,"bundle_sold_individually_context":"","bundle_item_grouping":"","bundle_min_size":"","bundle_max_size":"","bundle_price":[],"bundled_items":[],"bundle_sell_ids":[],"acf":[],"yoast_head":"<!-- This site is optimized with the Yoast SEO plugin v27.0 - https:\/\/yoast.com\/product\/yoast-seo-wordpress\/ -->\n<title>Armlampa LED R\u00f6d\/Vit\/Gul|H\u00f6ger 2PIN (L\u00e5ng) - Xenonkungen<\/title>\n<meta name=\"robots\" content=\"index, follow, max-snippet:-1, max-image-preview:large, max-video-preview:-1\" \/>\n<link rel=\"canonical\" href=\"https:\/\/xenonkungen.com\/fi\/tuote\/varsilamppu-led-punainen-valkoinen-keltainen-hoger-2pin-pitka\/\" \/>\n<meta property=\"og:locale\" content=\"fi_FI\" \/>\n<meta property=\"og:type\" content=\"article\" \/>\n<meta property=\"og:title\" content=\"Armlampa LED R\u00f6d\/Vit\/Gul|H\u00f6ger 2PIN (L\u00e5ng) - Xenonkungen\" \/>\n<meta property=\"og:description\" content=\"Positionslampa f\u00f6r Front\/Bak med Gummif\u00e4ste: S\u00e4ker och P\u00e5litlig Denna positionslampa erbjuder en flexibel och h\u00e5llbar l\u00f6sning f\u00f6r att \u00f6ka synligheten och s\u00e4kerheten p\u00e5 ditt fordon, utrustad med gummif\u00e4ste och l\u00e4ckagef\u00f6rseglad elektronik. Specifikationer: Anv\u00e4ndning: L\u00e4mplig f\u00f6r montering p\u00e5 fordonets front och bak. Montering: Gummif\u00e4ste f\u00f6r enkel, s\u00e4ker installation och extra skydd mot vibrationer. Elektronik: L\u00e4ckagef\u00f6rseglad f\u00f6r [&hellip;]\" \/>\n<meta property=\"og:url\" content=\"https:\/\/xenonkungen.com\/fi\/tuote\/varsilamppu-led-punainen-valkoinen-keltainen-hoger-2pin-pitka\/\" \/>\n<meta property=\"og:site_name\" content=\"Xenonkungen\" \/>\n<meta property=\"article:modified_time\" content=\"2026-04-24T16:07:08+00:00\" \/>\n<meta property=\"og:image\" content=\"https:\/\/xenonkungen.com\/wp-content\/uploads\/2025\/04\/11530920-origpic-7b45a9.jpg\" \/>\n\t<meta property=\"og:image:width\" content=\"600\" \/>\n\t<meta property=\"og:image:height\" content=\"600\" \/>\n\t<meta property=\"og:image:type\" content=\"image\/jpeg\" \/>\n<meta name=\"twitter:card\" content=\"summary_large_image\" \/>\n<meta name=\"twitter:label1\" content=\"Arvioitu lukuaika\" \/>\n\t<meta name=\"twitter:data1\" content=\"1 minuutti\" \/>\n<script type=\"application\/ld+json\" class=\"yoast-schema-graph\">{\"@context\":\"https:\/\/schema.org\",\"@graph\":[{\"@type\":\"WebPage\",\"@id\":\"https:\/\/xenonkungen.com\/produkt\/armlampa-led-rod-vit-gulhoger-2pin-lang\/\",\"url\":\"https:\/\/xenonkungen.com\/produkt\/armlampa-led-rod-vit-gulhoger-2pin-lang\/\",\"name\":\"Armlampa LED R\u00f6d\/Vit\/Gul|H\u00f6ger 2PIN (L\u00e5ng) - Xenonkungen\",\"isPartOf\":{\"@id\":\"https:\/\/xenonkungen.com\/#website\"},\"primaryImageOfPage\":{\"@id\":\"https:\/\/xenonkungen.com\/produkt\/armlampa-led-rod-vit-gulhoger-2pin-lang\/#primaryimage\"},\"image\":{\"@id\":\"https:\/\/xenonkungen.com\/produkt\/armlampa-led-rod-vit-gulhoger-2pin-lang\/#primaryimage\"},\"thumbnailUrl\":\"https:\/\/xenonkungen.com\/wp-content\/uploads\/2025\/04\/11530920-origpic-7b45a9.jpg\",\"datePublished\":\"2025-04-15T09:02:59+00:00\",\"dateModified\":\"2026-04-24T16:07:08+00:00\",\"breadcrumb\":{\"@id\":\"https:\/\/xenonkungen.com\/produkt\/armlampa-led-rod-vit-gulhoger-2pin-lang\/#breadcrumb\"},\"inLanguage\":\"fi\",\"potentialAction\":[{\"@type\":\"ReadAction\",\"target\":[\"https:\/\/xenonkungen.com\/produkt\/armlampa-led-rod-vit-gulhoger-2pin-lang\/\"]}]},{\"@type\":\"ImageObject\",\"inLanguage\":\"fi\",\"@id\":\"https:\/\/xenonkungen.com\/produkt\/armlampa-led-rod-vit-gulhoger-2pin-lang\/#primaryimage\",\"url\":\"https:\/\/xenonkungen.com\/wp-content\/uploads\/2025\/04\/11530920-origpic-7b45a9.jpg\",\"contentUrl\":\"https:\/\/xenonkungen.com\/wp-content\/uploads\/2025\/04\/11530920-origpic-7b45a9.jpg\",\"width\":600,\"height\":600},{\"@type\":\"BreadcrumbList\",\"@id\":\"https:\/\/xenonkungen.com\/produkt\/armlampa-led-rod-vit-gulhoger-2pin-lang\/#breadcrumb\",\"itemListElement\":[{\"@type\":\"ListItem\",\"position\":1,\"name\":\"Hem\",\"item\":\"https:\/\/xenonkungen.com\/\"},{\"@type\":\"ListItem\",\"position\":2,\"name\":\"Shop\",\"item\":\"https:\/\/xenonkungen.com\/shop\/\"},{\"@type\":\"ListItem\",\"position\":3,\"name\":\"Armlampa LED R\u00f6d\/Vit\/Gul|H\u00f6ger 2PIN (L\u00e5ng)\"}]},{\"@type\":\"WebSite\",\"@id\":\"https:\/\/xenonkungen.com\/#website\",\"url\":\"https:\/\/xenonkungen.com\/\",\"name\":\"Xenonkungen\",\"description\":\"\",\"potentialAction\":[{\"@type\":\"SearchAction\",\"target\":{\"@type\":\"EntryPoint\",\"urlTemplate\":\"https:\/\/xenonkungen.com\/?s={search_term_string}\"},\"query-input\":{\"@type\":\"PropertyValueSpecification\",\"valueRequired\":true,\"valueName\":\"search_term_string\"}}],\"inLanguage\":\"fi\"}]}<\/script>\n<!-- \/ Yoast SEO plugin. -->","yoast_head_json":{"title":"Varsilamppu LED Punainen\/Valkoinen\/Keltainen|Oikea 2-nastainen (Pitk\u00e4) - Xenonkungen","robots":{"index":"index","follow":"follow","max-snippet":"max-snippet:-1","max-image-preview":"max-image-preview:large","max-video-preview":"max-video-preview:-1"},"canonical":"https:\/\/xenonkungen.com\/fi\/tuote\/varsilamppu-led-punainen-valkoinen-keltainen-hoger-2pin-pitka\/","og_locale":"fi_FI","og_type":"article","og_title":"Armlampa LED R\u00f6d\/Vit\/Gul|H\u00f6ger 2PIN (L\u00e5ng) - Xenonkungen","og_description":"Positionslampa f\u00f6r Front\/Bak med Gummif\u00e4ste: S\u00e4ker och P\u00e5litlig Denna positionslampa erbjuder en flexibel och h\u00e5llbar l\u00f6sning f\u00f6r att \u00f6ka synligheten och s\u00e4kerheten p\u00e5 ditt fordon, utrustad med gummif\u00e4ste och l\u00e4ckagef\u00f6rseglad elektronik. Specifikationer: Anv\u00e4ndning: L\u00e4mplig f\u00f6r montering p\u00e5 fordonets front och bak. Montering: Gummif\u00e4ste f\u00f6r enkel, s\u00e4ker installation och extra skydd mot vibrationer. Elektronik: L\u00e4ckagef\u00f6rseglad f\u00f6r [&hellip;]","og_url":"https:\/\/xenonkungen.com\/fi\/tuote\/varsilamppu-led-punainen-valkoinen-keltainen-hoger-2pin-pitka\/","og_site_name":"Xenonkungen","article_modified_time":"2026-04-24T16:07:08+00:00","og_image":[{"width":600,"height":600,"url":"https:\/\/xenonkungen.com\/wp-content\/uploads\/2025\/04\/11530920-origpic-7b45a9.jpg","type":"image\/jpeg"}],"twitter_card":"summary_large_image","twitter_misc":{"Arvioitu lukuaika":"1 minuutti"},"schema":{"@context":"https:\/\/schema.org","@graph":[{"@type":"WebPage","@id":"https:\/\/xenonkungen.com\/produkt\/armlampa-led-rod-vit-gulhoger-2pin-lang\/","url":"https:\/\/xenonkungen.com\/produkt\/armlampa-led-rod-vit-gulhoger-2pin-lang\/","name":"Varsilamppu LED Punainen\/Valkoinen\/Keltainen|Oikea 2-nastainen (Pitk\u00e4) - Xenonkungen","isPartOf":{"@id":"https:\/\/xenonkungen.com\/#website"},"primaryImageOfPage":{"@id":"https:\/\/xenonkungen.com\/produkt\/armlampa-led-rod-vit-gulhoger-2pin-lang\/#primaryimage"},"image":{"@id":"https:\/\/xenonkungen.com\/produkt\/armlampa-led-rod-vit-gulhoger-2pin-lang\/#primaryimage"},"thumbnailUrl":"https:\/\/xenonkungen.com\/wp-content\/uploads\/2025\/04\/11530920-origpic-7b45a9.jpg","datePublished":"2025-04-15T09:02:59+00:00","dateModified":"2026-04-24T16:07:08+00:00","breadcrumb":{"@id":"https:\/\/xenonkungen.com\/produkt\/armlampa-led-rod-vit-gulhoger-2pin-lang\/#breadcrumb"},"inLanguage":"fi","potentialAction":[{"@type":"ReadAction","target":["https:\/\/xenonkungen.com\/produkt\/armlampa-led-rod-vit-gulhoger-2pin-lang\/"]}]},{"@type":"ImageObject","inLanguage":"fi","@id":"https:\/\/xenonkungen.com\/produkt\/armlampa-led-rod-vit-gulhoger-2pin-lang\/#primaryimage","url":"https:\/\/xenonkungen.com\/wp-content\/uploads\/2025\/04\/11530920-origpic-7b45a9.jpg","contentUrl":"https:\/\/xenonkungen.com\/wp-content\/uploads\/2025\/04\/11530920-origpic-7b45a9.jpg","width":600,"height":600},{"@type":"BreadcrumbList","@id":"https:\/\/xenonkungen.com\/produkt\/armlampa-led-rod-vit-gulhoger-2pin-lang\/#breadcrumb","itemListElement":[{"@type":"ListItem","position":1,"name":"Hem","item":"https:\/\/xenonkungen.com\/"},{"@type":"ListItem","position":2,"name":"Shop","item":"https:\/\/xenonkungen.com\/shop\/"},{"@type":"ListItem","position":3,"name":"Armlampa LED R\u00f6d\/Vit\/Gul|H\u00f6ger 2PIN (L\u00e5ng)"}]},{"@type":"WebSite","@id":"https:\/\/xenonkungen.com\/#website","url":"https:\/\/xenonkungen.com\/","name":"Xenonkungen","description":"","potentialAction":[{"@type":"SearchAction","target":{"@type":"EntryPoint","urlTemplate":"https:\/\/xenonkungen.com\/?s={search_term_string}"},"query-input":{"@type":"PropertyValueSpecification","valueRequired":true,"valueName":"search_term_string"}}],"inLanguage":"fi"}]}},"taxonomy_info":{"anvandningsomrade":[{"value":166,"label":"Lastbil"},{"value":238,"label":"SL\u00c4P"},{"value":2816,"label":"TRAILER"}],"product_brand":[{"value":1252,"label":"LEA"}],"product_cat":[{"value":2815,"label":"Armlampa"},{"value":2478,"label":"Positionsljus"}],"pa_fuktskydd-varde-ipxx":[{"value":333,"label":"IP67"}],"pa_godkannande":[{"value":192,"label":"ECE"}],"pa_storlek-mm":[{"value":1249,"label":"193"}],"pa_stromforbrukning":[{"value":1254,"label":"0,05A@12V"}],"pa_volt-v":[{"value":348,"label":"12, 24"}]},"featured_image_src_large":["https:\/\/xenonkungen.com\/wp-content\/uploads\/2025\/04\/11530920-origpic-7b45a9.jpg",600,600,false],"author_info":[],"comment_info":0,"_links":{"self":[{"href":"https:\/\/xenonkungen.com\/fi\/wp-json\/wp\/v2\/product\/3834","targetHints":{"allow":["GET"]}}],"collection":[{"href":"https:\/\/xenonkungen.com\/fi\/wp-json\/wp\/v2\/product"}],"about":[{"href":"https:\/\/xenonkungen.com\/fi\/wp-json\/wp\/v2\/types\/product"}],"replies":[{"embeddable":true,"href":"https:\/\/xenonkungen.com\/fi\/wp-json\/wp\/v2\/comments?post=3834"}],"wp:featuredmedia":[{"embeddable":true,"href":"https:\/\/xenonkungen.com\/fi\/wp-json\/wp\/v2\/media\/3835"}],"wp:attachment":[{"href":"https:\/\/xenonkungen.com\/fi\/wp-json\/wp\/v2\/media?parent=3834"}],"wp:term":[{"taxonomy":"anvandningsomrade","embeddable":true,"href":"https:\/\/xenonkungen.com\/fi\/wp-json\/wp\/v2\/anvandningsomrade?post=3834"},{"taxonomy":"bilmarken","embeddable":true,"href":"https:\/\/xenonkungen.com\/fi\/wp-json\/wp\/v2\/bilmarken?post=3834"},{"taxonomy":"product_brand","embeddable":true,"href":"https:\/\/xenonkungen.com\/fi\/wp-json\/wp\/v2\/product_brand?post=3834"},{"taxonomy":"product_cat","embeddable":true,"href":"https:\/\/xenonkungen.com\/fi\/wp-json\/wp\/v2\/product_cat?post=3834"},{"taxonomy":"product_tag","embeddable":true,"href":"https:\/\/xenonkungen.com\/fi\/wp-json\/wp\/v2\/product_tag?post=3834"}],"curies":[{"name":"wp","href":"https:\/\/api.w.org\/{rel}","templated":true}]}}