{"id":3960,"date":"2025-04-15T09:04:12","date_gmt":"2025-04-15T09:04:12","guid":{"rendered":"https:\/\/xenonkungen.com\/product\/halsbuff\/"},"modified":"2026-04-11T00:25:51","modified_gmt":"2026-04-10T23:25:51","slug":"putkihuivi","status":"publish","type":"product","link":"https:\/\/xenonkungen.com\/fi\/tuote\/putkihuivi\/","title":{"rendered":"Xenon Kingin putkihuivi"},"content":{"rendered":"<p><strong>Xenon Kingin putkihuivi \u2013 Maksimaalista mukavuutta, minimaalista vaivaa<\/strong><\/p>\n<p>Tutustu <strong>Ksenonkuninkaan oma putkihuivi<\/strong>, tyylik\u00e4s ja tyylik\u00e4s vaihtoehto perinteiselle huiville. T\u00e4m\u00e4 monipuolinen <strong>Kaulasuoja<\/strong> on kehitetty niille, jotka haluavat suojata niskaa ja p\u00e4\u00e4t\u00e4 tinkim\u00e4tt\u00e4 liikkumisvapaudesta tai mukavuudesta.<\/p>\n<p>Meid\u00e4n <strong>Putkihuivi<\/strong> on yksi joustavimmista asusteista jokap\u00e4iv\u00e4iseen ja aktiiviseen k\u00e4ytt\u00f6\u00f6n. K\u00e4yt\u00e4 sit\u00e4 kaulahuivina, hattuina, p\u00e4\u00e4pantana, balaklavana, hikinauhana tai kasvosuojuksena \u2013 vain mielikuvituksesi asettaa rajat. T\u00e4ydellinen jokap\u00e4iv\u00e4iseen k\u00e4ytt\u00f6\u00f6n ja ulkoiluun, kuten juoksuun, kiipeilyyn, py\u00f6r\u00e4ilyyn, hiihtoon tai vauhdikkaaseen moottoripy\u00f6r\u00e4ajeluun.<\/p>\n<p>T\u00e4m\u00e4 <strong>Kaulasuoja<\/strong> on valmistettu 95%-polyesterist\u00e4 ja 5%-elastaanista <strong>Eritt\u00e4in joustava materiaali<\/strong> Se on helppo vet\u00e4\u00e4 p\u00e4\u00e4n yli ja eritt\u00e4in mukava k\u00e4ytt\u00e4\u00e4. Nopeasti kuivuva ja kosteutta siirt\u00e4v\u00e4 kangas pit\u00e4\u00e4 sinut kuivana ja varmistaa, ett\u00e4 kehosi l\u00e4mp\u00f6tila pysyy vakaana aktiviteetista tai vuodenajasta riippumatta.<\/p>\n<p>Meid\u00e4n <strong>Putkihuivi<\/strong> on my\u00f6s t\u00e4ysin saumaton \u2013 ei hankaavia reunoja, vain puhdasta mukavuutta.<\/p>\n<p><strong>Edut lyhyesti<\/strong><\/p>\n<ul>\n<li>Ultra Stretch \u2013 optimaalinen istuvuus ja erinomainen joustavuus<\/li>\n<li>Saumaton muotoilu maksimaalisen mukavuuden takaamiseksi<\/li>\n<li>Hike\u00e4 siirt\u00e4v\u00e4 ja nopeasti kuivuva materiaali<\/li>\n<li>Suojaa tuulelta, kylm\u00e4lt\u00e4 ja p\u00f6lylt\u00e4<\/li>\n<li>Voidaan k\u00e4ytt\u00e4\u00e4 yli 10 eri tavalla \u2013 ymp\u00e4ri vuoden<\/li>\n<\/ul>\n<p><strong>Toimituksen sis\u00e4lt\u00f6<\/strong><\/p>\n<p>1 todella mahtava <strong>Putkihuivi<\/strong> Xenon Kingilt\u00e4<\/p>","protected":false},"excerpt":{"rendered":"<p><strong>Xenon Kingin putkihuivi \u2013 Maksimaalista mukavuutta, minimaalista vaivaa<\/strong><\/p>","protected":false},"featured_media":3961,"comment_status":"closed","ping_status":"closed","template":"","meta":{"_acf_changed":false,"_smort_price_nok":"20","_smort_price_dkk":"13","_smort_price_eur":"1.73","_smort_sale_price_nok":"","_smort_sale_price_dkk":"","_smort_sale_price_eur":"1.18","smort_restorder":"","shipmondo_restorder":"","_kad_blocks_custom_css":"","_kad_blocks_head_custom_js":"","_kad_blocks_body_custom_js":"","_kad_blocks_footer_custom_js":"","smort_custom_pricelist_1":"12.16","smort_custom_pricelist_2":"12.16","smort_custom_pricelist_3":"11.55","smort_custom_pricelist_4":"15.2","smort_custom_pricelist_5":"12.16"},"anvandningsomrade":[],"bilmarken":[],"product_brand":[2793],"product_cat":[376],"product_tag":[],"class_list":{"0":"post-3960","1":"product","2":"type-product","3":"status-publish","4":"has-post-thumbnail","6":"product_brand-ovrigt","7":"product_cat-merchandise","9":"first","10":"instock","11":"taxable","12":"shipping-taxable","13":"purchasable","14":"product-type-simple"},"bundled_by":[],"bundle_stock_status":"instock","bundle_stock_quantity":510,"bundle_virtual":false,"bundle_layout":"","bundle_add_to_cart_form_location":"","bundle_editable_in_cart":false,"bundle_sold_individually_context":"","bundle_item_grouping":"","bundle_min_size":"","bundle_max_size":"","bundle_price":[],"bundled_items":[],"bundle_sell_ids":[],"acf":[],"yoast_head":"<!-- This site is optimized with the Yoast SEO plugin v27.0 - https:\/\/yoast.com\/product\/yoast-seo-wordpress\/ -->\n<title>Xenonkungens Tube Scarf - Xenonkungen<\/title>\n<meta name=\"robots\" content=\"index, follow, max-snippet:-1, max-image-preview:large, max-video-preview:-1\" \/>\n<link rel=\"canonical\" href=\"https:\/\/xenonkungen.com\/fi\/tuote\/putkihuivi\/\" \/>\n<meta property=\"og:locale\" content=\"fi_FI\" \/>\n<meta property=\"og:type\" content=\"article\" \/>\n<meta property=\"og:title\" content=\"Xenonkungens Tube Scarf - Xenonkungen\" \/>\n<meta property=\"og:description\" content=\"Xenonkungens Tube Scarf \u2013 Maximal komfort, minimal anstr\u00e4ngning\" \/>\n<meta property=\"og:url\" content=\"https:\/\/xenonkungen.com\/fi\/tuote\/putkihuivi\/\" \/>\n<meta property=\"og:site_name\" content=\"Xenonkungen\" \/>\n<meta property=\"article:modified_time\" content=\"2026-04-10T23:25:51+00:00\" \/>\n<meta property=\"og:image\" content=\"https:\/\/xenonkungen.com\/wp-content\/uploads\/2025\/04\/195736349-origpic-13cccb.png\" \/>\n\t<meta property=\"og:image:width\" content=\"1000\" \/>\n\t<meta property=\"og:image:height\" content=\"1000\" \/>\n\t<meta property=\"og:image:type\" content=\"image\/png\" \/>\n<meta name=\"twitter:card\" content=\"summary_large_image\" \/>\n<meta name=\"twitter:label1\" content=\"Arvioitu lukuaika\" \/>\n\t<meta name=\"twitter:data1\" content=\"2 minuuttia\" \/>\n<script type=\"application\/ld+json\" class=\"yoast-schema-graph\">{\"@context\":\"https:\/\/schema.org\",\"@graph\":[{\"@type\":\"WebPage\",\"@id\":\"https:\/\/xenonkungen.com\/nl\/product\/tubescarf\/\",\"url\":\"https:\/\/xenonkungen.com\/nl\/product\/tubescarf\/\",\"name\":\"Xenonkungens Tube Scarf - Xenonkungen\",\"isPartOf\":{\"@id\":\"https:\/\/xenonkungen.com\/#website\"},\"primaryImageOfPage\":{\"@id\":\"https:\/\/xenonkungen.com\/nl\/product\/tubescarf\/#primaryimage\"},\"image\":{\"@id\":\"https:\/\/xenonkungen.com\/nl\/product\/tubescarf\/#primaryimage\"},\"thumbnailUrl\":\"https:\/\/xenonkungen.com\/wp-content\/uploads\/2025\/04\/195736349-origpic-13cccb.png\",\"datePublished\":\"2025-04-15T09:04:12+00:00\",\"dateModified\":\"2026-04-10T23:25:51+00:00\",\"breadcrumb\":{\"@id\":\"https:\/\/xenonkungen.com\/nl\/product\/tubescarf\/#breadcrumb\"},\"inLanguage\":\"fi\",\"potentialAction\":[{\"@type\":\"ReadAction\",\"target\":[\"https:\/\/xenonkungen.com\/nl\/product\/tubescarf\/\"]}]},{\"@type\":\"ImageObject\",\"inLanguage\":\"fi\",\"@id\":\"https:\/\/xenonkungen.com\/nl\/product\/tubescarf\/#primaryimage\",\"url\":\"https:\/\/xenonkungen.com\/wp-content\/uploads\/2025\/04\/195736349-origpic-13cccb.png\",\"contentUrl\":\"https:\/\/xenonkungen.com\/wp-content\/uploads\/2025\/04\/195736349-origpic-13cccb.png\",\"width\":1000,\"height\":1000},{\"@type\":\"BreadcrumbList\",\"@id\":\"https:\/\/xenonkungen.com\/nl\/product\/tubescarf\/#breadcrumb\",\"itemListElement\":[{\"@type\":\"ListItem\",\"position\":1,\"name\":\"Hem\",\"item\":\"https:\/\/xenonkungen.com\/\"},{\"@type\":\"ListItem\",\"position\":2,\"name\":\"Shop\",\"item\":\"https:\/\/xenonkungen.com\/shop\/\"},{\"@type\":\"ListItem\",\"position\":3,\"name\":\"Xenonkungens Tube Scarf\"}]},{\"@type\":\"WebSite\",\"@id\":\"https:\/\/xenonkungen.com\/#website\",\"url\":\"https:\/\/xenonkungen.com\/\",\"name\":\"Xenonkungen\",\"description\":\"\",\"potentialAction\":[{\"@type\":\"SearchAction\",\"target\":{\"@type\":\"EntryPoint\",\"urlTemplate\":\"https:\/\/xenonkungen.com\/?s={search_term_string}\"},\"query-input\":{\"@type\":\"PropertyValueSpecification\",\"valueRequired\":true,\"valueName\":\"search_term_string\"}}],\"inLanguage\":\"fi\"}]}<\/script>\n<!-- \/ Yoast SEO plugin. -->","yoast_head_json":{"title":"Ksenonkuninkaan putkihuivi - Ksenonkuningas","robots":{"index":"index","follow":"follow","max-snippet":"max-snippet:-1","max-image-preview":"max-image-preview:large","max-video-preview":"max-video-preview:-1"},"canonical":"https:\/\/xenonkungen.com\/fi\/tuote\/putkihuivi\/","og_locale":"fi_FI","og_type":"article","og_title":"Xenonkungens Tube Scarf - Xenonkungen","og_description":"Xenonkungens Tube Scarf \u2013 Maximal komfort, minimal anstr\u00e4ngning","og_url":"https:\/\/xenonkungen.com\/fi\/tuote\/putkihuivi\/","og_site_name":"Xenonkungen","article_modified_time":"2026-04-10T23:25:51+00:00","og_image":[{"width":1000,"height":1000,"url":"https:\/\/xenonkungen.com\/wp-content\/uploads\/2025\/04\/195736349-origpic-13cccb.png","type":"image\/png"}],"twitter_card":"summary_large_image","twitter_misc":{"Arvioitu lukuaika":"2 minuuttia"},"schema":{"@context":"https:\/\/schema.org","@graph":[{"@type":"WebPage","@id":"https:\/\/xenonkungen.com\/nl\/product\/tubescarf\/","url":"https:\/\/xenonkungen.com\/nl\/product\/tubescarf\/","name":"Ksenonkuninkaan putkihuivi - Ksenonkuningas","isPartOf":{"@id":"https:\/\/xenonkungen.com\/#website"},"primaryImageOfPage":{"@id":"https:\/\/xenonkungen.com\/nl\/product\/tubescarf\/#primaryimage"},"image":{"@id":"https:\/\/xenonkungen.com\/nl\/product\/tubescarf\/#primaryimage"},"thumbnailUrl":"https:\/\/xenonkungen.com\/wp-content\/uploads\/2025\/04\/195736349-origpic-13cccb.png","datePublished":"2025-04-15T09:04:12+00:00","dateModified":"2026-04-10T23:25:51+00:00","breadcrumb":{"@id":"https:\/\/xenonkungen.com\/nl\/product\/tubescarf\/#breadcrumb"},"inLanguage":"fi","potentialAction":[{"@type":"ReadAction","target":["https:\/\/xenonkungen.com\/nl\/product\/tubescarf\/"]}]},{"@type":"ImageObject","inLanguage":"fi","@id":"https:\/\/xenonkungen.com\/nl\/product\/tubescarf\/#primaryimage","url":"https:\/\/xenonkungen.com\/wp-content\/uploads\/2025\/04\/195736349-origpic-13cccb.png","contentUrl":"https:\/\/xenonkungen.com\/wp-content\/uploads\/2025\/04\/195736349-origpic-13cccb.png","width":1000,"height":1000},{"@type":"BreadcrumbList","@id":"https:\/\/xenonkungen.com\/nl\/product\/tubescarf\/#breadcrumb","itemListElement":[{"@type":"ListItem","position":1,"name":"Hem","item":"https:\/\/xenonkungen.com\/"},{"@type":"ListItem","position":2,"name":"Shop","item":"https:\/\/xenonkungen.com\/shop\/"},{"@type":"ListItem","position":3,"name":"Xenonkungens Tube Scarf"}]},{"@type":"WebSite","@id":"https:\/\/xenonkungen.com\/#website","url":"https:\/\/xenonkungen.com\/","name":"Xenonkungen","description":"","potentialAction":[{"@type":"SearchAction","target":{"@type":"EntryPoint","urlTemplate":"https:\/\/xenonkungen.com\/?s={search_term_string}"},"query-input":{"@type":"PropertyValueSpecification","valueRequired":true,"valueName":"search_term_string"}}],"inLanguage":"fi"}]}},"taxonomy_info":{"product_brand":[{"value":2793,"label":"\u00d6VRIGT"}],"product_cat":[{"value":376,"label":"Merchandise"}]},"featured_image_src_large":["https:\/\/xenonkungen.com\/wp-content\/uploads\/2025\/04\/195736349-origpic-13cccb.png",1000,1000,false],"author_info":[],"comment_info":1,"_links":{"self":[{"href":"https:\/\/xenonkungen.com\/fi\/wp-json\/wp\/v2\/product\/3960","targetHints":{"allow":["GET"]}}],"collection":[{"href":"https:\/\/xenonkungen.com\/fi\/wp-json\/wp\/v2\/product"}],"about":[{"href":"https:\/\/xenonkungen.com\/fi\/wp-json\/wp\/v2\/types\/product"}],"replies":[{"embeddable":true,"href":"https:\/\/xenonkungen.com\/fi\/wp-json\/wp\/v2\/comments?post=3960"}],"wp:featuredmedia":[{"embeddable":true,"href":"https:\/\/xenonkungen.com\/fi\/wp-json\/wp\/v2\/media\/3961"}],"wp:attachment":[{"href":"https:\/\/xenonkungen.com\/fi\/wp-json\/wp\/v2\/media?parent=3960"}],"wp:term":[{"taxonomy":"anvandningsomrade","embeddable":true,"href":"https:\/\/xenonkungen.com\/fi\/wp-json\/wp\/v2\/anvandningsomrade?post=3960"},{"taxonomy":"bilmarken","embeddable":true,"href":"https:\/\/xenonkungen.com\/fi\/wp-json\/wp\/v2\/bilmarken?post=3960"},{"taxonomy":"product_brand","embeddable":true,"href":"https:\/\/xenonkungen.com\/fi\/wp-json\/wp\/v2\/product_brand?post=3960"},{"taxonomy":"product_cat","embeddable":true,"href":"https:\/\/xenonkungen.com\/fi\/wp-json\/wp\/v2\/product_cat?post=3960"},{"taxonomy":"product_tag","embeddable":true,"href":"https:\/\/xenonkungen.com\/fi\/wp-json\/wp\/v2\/product_tag?post=3960"}],"curies":[{"name":"wp","href":"https:\/\/api.w.org\/{rel}","templated":true}]}}