{"id":3967,"date":"2025-04-15T09:04:12","date_gmt":"2025-04-15T09:04:12","guid":{"rendered":"https:\/\/xenonkungen.com\/product\/poppy-grace-mate-doftfigur-bubbelgum\/"},"modified":"2026-04-24T17:03:56","modified_gmt":"2026-04-24T16:03:56","slug":"unikko-grace-mate-tuoksukuvio-purukumi","status":"publish","type":"product","link":"https:\/\/xenonkungen.com\/fi\/tuote\/unikko-grace-mate-tuoksukuvio-purukumi\/","title":{"rendered":"POPPY Grace Mate tuoksuva hahmo | Bubbelgum"},"content":{"rendered":"<h1>Grace Maten unikkopaperin tuoksu: Bubblegum-tuoksu<\/h1>\n<p>Elvyt\u00e4 ajotapasi <strong>Grace Maten unikkopaperin tuoksu Grace Maten unikkopaperin tuoksu<\/strong>, ihastuttava tuoksukokemus, joka ei vaadi johtoja tai valoja. T\u00e4m\u00e4 ainutlaatuinen tuote antaa sinulle t\u00e4yden hallinnan tuoksun voimakkuudesta, joka on helposti s\u00e4\u00e4dett\u00e4viss\u00e4 vet\u00e4m\u00e4ll\u00e4 hahmo varovasti ulos pussistaan.<\/p>\n<p>Poppy Paper Fragrance on t\u00e4ydellinen ripustettavaksi taustapeiliin tai ohjauspy\u00f6r\u00e4n alle, ja se tekee autostasi raikkaan keidas. T\u00e4m\u00e4 j\u00e4nnitt\u00e4v\u00e4 uusi purukumin tuoksu ei ainoastaan tehosta automatkoja, vaan tuo autoosi my\u00f6s leikkis\u00e4n ja virkist\u00e4v\u00e4n tunnelman. Koe automatkat ennenn\u00e4kem\u00e4tt\u00f6m\u00e4ll\u00e4 tavalla t\u00e4m\u00e4n erinomaisen bubblegum-tuoksun avulla!<\/p>","protected":false},"excerpt":{"rendered":"<p>POPPY Grace Mate purukumi!<\/p>","protected":false},"featured_media":3968,"comment_status":"closed","ping_status":"closed","template":"","meta":{"_acf_changed":false,"_smort_price_nok":"8","_smort_price_dkk":"20","_smort_price_eur":"2.64","_smort_sale_price_nok":"8","_smort_sale_price_dkk":"","_smort_sale_price_eur":"","smort_restorder":"","shipmondo_restorder":"","_kad_blocks_custom_css":"","_kad_blocks_head_custom_js":"","_kad_blocks_body_custom_js":"","_kad_blocks_footer_custom_js":"","smort_custom_pricelist_1":"18.56","smort_custom_pricelist_2":"16.24","smort_custom_pricelist_3":"15.08","smort_custom_pricelist_4":"23.2","smort_custom_pricelist_5":"16.24"},"anvandningsomrade":[],"bilmarken":[],"product_brand":[110],"product_cat":[2447,378],"product_tag":[],"class_list":{"0":"post-3967","1":"product","2":"type-product","3":"status-publish","4":"has-post-thumbnail","6":"product_brand-poppy","7":"product_cat-doft","8":"product_cat-bilvard","10":"first","11":"outofstock","12":"taxable","13":"shipping-taxable","14":"purchasable","15":"product-type-simple"},"bundled_by":[],"bundle_stock_status":"outofstock","bundle_stock_quantity":0,"bundle_virtual":false,"bundle_layout":"","bundle_add_to_cart_form_location":"","bundle_editable_in_cart":false,"bundle_sold_individually_context":"","bundle_item_grouping":"","bundle_min_size":"","bundle_max_size":"","bundle_price":[],"bundled_items":[],"bundle_sell_ids":[],"acf":[],"yoast_head":"<!-- This site is optimized with the Yoast SEO plugin v27.0 - https:\/\/yoast.com\/product\/yoast-seo-wordpress\/ -->\n<title>POPPY Grace Mate Doftfigur | Bubbelgum - Xenonkungen<\/title>\n<meta name=\"robots\" content=\"index, follow, max-snippet:-1, max-image-preview:large, max-video-preview:-1\" \/>\n<link rel=\"canonical\" href=\"https:\/\/xenonkungen.com\/fi\/tuote\/unikko-grace-mate-tuoksukuvio-purukumi\/\" \/>\n<meta property=\"og:locale\" content=\"fi_FI\" \/>\n<meta property=\"og:type\" content=\"article\" \/>\n<meta property=\"og:title\" content=\"POPPY Grace Mate Doftfigur | Bubbelgum - Xenonkungen\" \/>\n<meta property=\"og:description\" content=\"POPPY Grace Mate Bubbelgum!\" \/>\n<meta property=\"og:url\" content=\"https:\/\/xenonkungen.com\/fi\/tuote\/unikko-grace-mate-tuoksukuvio-purukumi\/\" \/>\n<meta property=\"og:site_name\" content=\"Xenonkungen\" \/>\n<meta property=\"article:modified_time\" content=\"2026-04-24T16:03:56+00:00\" \/>\n<meta property=\"og:image\" content=\"https:\/\/xenonkungen.com\/wp-content\/uploads\/2025\/04\/207501637-origpic-edfdd5.jpg\" \/>\n\t<meta property=\"og:image:width\" content=\"2048\" \/>\n\t<meta property=\"og:image:height\" content=\"1536\" \/>\n\t<meta property=\"og:image:type\" content=\"image\/jpeg\" \/>\n<meta name=\"twitter:card\" content=\"summary_large_image\" \/>\n<meta name=\"twitter:label1\" content=\"Arvioitu lukuaika\" \/>\n\t<meta name=\"twitter:data1\" content=\"1 minuutti\" \/>\n<script type=\"application\/ld+json\" class=\"yoast-schema-graph\">{\"@context\":\"https:\/\/schema.org\",\"@graph\":[{\"@type\":\"WebPage\",\"@id\":\"https:\/\/xenonkungen.com\/produkt\/poppy-grace-mate-doftfigur-bubbelgum\/\",\"url\":\"https:\/\/xenonkungen.com\/produkt\/poppy-grace-mate-doftfigur-bubbelgum\/\",\"name\":\"POPPY Grace Mate Doftfigur | Bubbelgum - Xenonkungen\",\"isPartOf\":{\"@id\":\"https:\/\/xenonkungen.com\/#website\"},\"primaryImageOfPage\":{\"@id\":\"https:\/\/xenonkungen.com\/produkt\/poppy-grace-mate-doftfigur-bubbelgum\/#primaryimage\"},\"image\":{\"@id\":\"https:\/\/xenonkungen.com\/produkt\/poppy-grace-mate-doftfigur-bubbelgum\/#primaryimage\"},\"thumbnailUrl\":\"https:\/\/xenonkungen.com\/wp-content\/uploads\/2025\/04\/207501637-origpic-edfdd5.jpg\",\"datePublished\":\"2025-04-15T09:04:12+00:00\",\"dateModified\":\"2026-04-24T16:03:56+00:00\",\"breadcrumb\":{\"@id\":\"https:\/\/xenonkungen.com\/produkt\/poppy-grace-mate-doftfigur-bubbelgum\/#breadcrumb\"},\"inLanguage\":\"fi\",\"potentialAction\":[{\"@type\":\"ReadAction\",\"target\":[\"https:\/\/xenonkungen.com\/produkt\/poppy-grace-mate-doftfigur-bubbelgum\/\"]}]},{\"@type\":\"ImageObject\",\"inLanguage\":\"fi\",\"@id\":\"https:\/\/xenonkungen.com\/produkt\/poppy-grace-mate-doftfigur-bubbelgum\/#primaryimage\",\"url\":\"https:\/\/xenonkungen.com\/wp-content\/uploads\/2025\/04\/207501637-origpic-edfdd5.jpg\",\"contentUrl\":\"https:\/\/xenonkungen.com\/wp-content\/uploads\/2025\/04\/207501637-origpic-edfdd5.jpg\",\"width\":2048,\"height\":1536},{\"@type\":\"BreadcrumbList\",\"@id\":\"https:\/\/xenonkungen.com\/produkt\/poppy-grace-mate-doftfigur-bubbelgum\/#breadcrumb\",\"itemListElement\":[{\"@type\":\"ListItem\",\"position\":1,\"name\":\"Hem\",\"item\":\"https:\/\/xenonkungen.com\/\"},{\"@type\":\"ListItem\",\"position\":2,\"name\":\"Shop\",\"item\":\"https:\/\/xenonkungen.com\/shop\/\"},{\"@type\":\"ListItem\",\"position\":3,\"name\":\"POPPY Grace Mate Doftfigur | Bubbelgum\"}]},{\"@type\":\"WebSite\",\"@id\":\"https:\/\/xenonkungen.com\/#website\",\"url\":\"https:\/\/xenonkungen.com\/\",\"name\":\"Xenonkungen\",\"description\":\"\",\"potentialAction\":[{\"@type\":\"SearchAction\",\"target\":{\"@type\":\"EntryPoint\",\"urlTemplate\":\"https:\/\/xenonkungen.com\/?s={search_term_string}\"},\"query-input\":{\"@type\":\"PropertyValueSpecification\",\"valueRequired\":true,\"valueName\":\"search_term_string\"}}],\"inLanguage\":\"fi\"}]}<\/script>\n<!-- \/ Yoast SEO plugin. -->","yoast_head_json":{"title":"POPPY Grace Mate -tuoksufiguuri | Bubblegum - Ksenonkuningas","robots":{"index":"index","follow":"follow","max-snippet":"max-snippet:-1","max-image-preview":"max-image-preview:large","max-video-preview":"max-video-preview:-1"},"canonical":"https:\/\/xenonkungen.com\/fi\/tuote\/unikko-grace-mate-tuoksukuvio-purukumi\/","og_locale":"fi_FI","og_type":"article","og_title":"POPPY Grace Mate Doftfigur | Bubbelgum - Xenonkungen","og_description":"POPPY Grace Mate Bubbelgum!","og_url":"https:\/\/xenonkungen.com\/fi\/tuote\/unikko-grace-mate-tuoksukuvio-purukumi\/","og_site_name":"Xenonkungen","article_modified_time":"2026-04-24T16:03:56+00:00","og_image":[{"width":2048,"height":1536,"url":"https:\/\/xenonkungen.com\/wp-content\/uploads\/2025\/04\/207501637-origpic-edfdd5.jpg","type":"image\/jpeg"}],"twitter_card":"summary_large_image","twitter_misc":{"Arvioitu lukuaika":"1 minuutti"},"schema":{"@context":"https:\/\/schema.org","@graph":[{"@type":"WebPage","@id":"https:\/\/xenonkungen.com\/produkt\/poppy-grace-mate-doftfigur-bubbelgum\/","url":"https:\/\/xenonkungen.com\/produkt\/poppy-grace-mate-doftfigur-bubbelgum\/","name":"POPPY Grace Mate -tuoksufiguuri | Bubblegum - Ksenonkuningas","isPartOf":{"@id":"https:\/\/xenonkungen.com\/#website"},"primaryImageOfPage":{"@id":"https:\/\/xenonkungen.com\/produkt\/poppy-grace-mate-doftfigur-bubbelgum\/#primaryimage"},"image":{"@id":"https:\/\/xenonkungen.com\/produkt\/poppy-grace-mate-doftfigur-bubbelgum\/#primaryimage"},"thumbnailUrl":"https:\/\/xenonkungen.com\/wp-content\/uploads\/2025\/04\/207501637-origpic-edfdd5.jpg","datePublished":"2025-04-15T09:04:12+00:00","dateModified":"2026-04-24T16:03:56+00:00","breadcrumb":{"@id":"https:\/\/xenonkungen.com\/produkt\/poppy-grace-mate-doftfigur-bubbelgum\/#breadcrumb"},"inLanguage":"fi","potentialAction":[{"@type":"ReadAction","target":["https:\/\/xenonkungen.com\/produkt\/poppy-grace-mate-doftfigur-bubbelgum\/"]}]},{"@type":"ImageObject","inLanguage":"fi","@id":"https:\/\/xenonkungen.com\/produkt\/poppy-grace-mate-doftfigur-bubbelgum\/#primaryimage","url":"https:\/\/xenonkungen.com\/wp-content\/uploads\/2025\/04\/207501637-origpic-edfdd5.jpg","contentUrl":"https:\/\/xenonkungen.com\/wp-content\/uploads\/2025\/04\/207501637-origpic-edfdd5.jpg","width":2048,"height":1536},{"@type":"BreadcrumbList","@id":"https:\/\/xenonkungen.com\/produkt\/poppy-grace-mate-doftfigur-bubbelgum\/#breadcrumb","itemListElement":[{"@type":"ListItem","position":1,"name":"Hem","item":"https:\/\/xenonkungen.com\/"},{"@type":"ListItem","position":2,"name":"Shop","item":"https:\/\/xenonkungen.com\/shop\/"},{"@type":"ListItem","position":3,"name":"POPPY Grace Mate Doftfigur | Bubbelgum"}]},{"@type":"WebSite","@id":"https:\/\/xenonkungen.com\/#website","url":"https:\/\/xenonkungen.com\/","name":"Xenonkungen","description":"","potentialAction":[{"@type":"SearchAction","target":{"@type":"EntryPoint","urlTemplate":"https:\/\/xenonkungen.com\/?s={search_term_string}"},"query-input":{"@type":"PropertyValueSpecification","valueRequired":true,"valueName":"search_term_string"}}],"inLanguage":"fi"}]}},"taxonomy_info":{"product_brand":[{"value":110,"label":"Poppy"}],"product_cat":[{"value":2447,"label":"Doft"},{"value":378,"label":"Bilv\u00e5rd"}]},"featured_image_src_large":["https:\/\/xenonkungen.com\/wp-content\/uploads\/2025\/04\/207501637-origpic-edfdd5-1024x768.jpg",1024,768,true],"author_info":[],"comment_info":0,"_links":{"self":[{"href":"https:\/\/xenonkungen.com\/fi\/wp-json\/wp\/v2\/product\/3967","targetHints":{"allow":["GET"]}}],"collection":[{"href":"https:\/\/xenonkungen.com\/fi\/wp-json\/wp\/v2\/product"}],"about":[{"href":"https:\/\/xenonkungen.com\/fi\/wp-json\/wp\/v2\/types\/product"}],"replies":[{"embeddable":true,"href":"https:\/\/xenonkungen.com\/fi\/wp-json\/wp\/v2\/comments?post=3967"}],"wp:featuredmedia":[{"embeddable":true,"href":"https:\/\/xenonkungen.com\/fi\/wp-json\/wp\/v2\/media\/3968"}],"wp:attachment":[{"href":"https:\/\/xenonkungen.com\/fi\/wp-json\/wp\/v2\/media?parent=3967"}],"wp:term":[{"taxonomy":"anvandningsomrade","embeddable":true,"href":"https:\/\/xenonkungen.com\/fi\/wp-json\/wp\/v2\/anvandningsomrade?post=3967"},{"taxonomy":"bilmarken","embeddable":true,"href":"https:\/\/xenonkungen.com\/fi\/wp-json\/wp\/v2\/bilmarken?post=3967"},{"taxonomy":"product_brand","embeddable":true,"href":"https:\/\/xenonkungen.com\/fi\/wp-json\/wp\/v2\/product_brand?post=3967"},{"taxonomy":"product_cat","embeddable":true,"href":"https:\/\/xenonkungen.com\/fi\/wp-json\/wp\/v2\/product_cat?post=3967"},{"taxonomy":"product_tag","embeddable":true,"href":"https:\/\/xenonkungen.com\/fi\/wp-json\/wp\/v2\/product_tag?post=3967"}],"curies":[{"name":"wp","href":"https:\/\/api.w.org\/{rel}","templated":true}]}}