{"id":4023,"date":"2025-04-15T09:04:42","date_gmt":"2025-04-15T09:04:42","guid":{"rendered":"https:\/\/xenonkungen.com\/product\/blixtljus-eq-3led-180-r10-vit\/"},"modified":"2026-04-24T17:05:06","modified_gmt":"2026-04-24T16:05:06","slug":"taskulamppu-eq-3led-180-r10-valkoinen","status":"publish","type":"product","link":"https:\/\/xenonkungen.com\/fi\/tuote\/taskulamppu-eq-3led-180-r10-valkoinen\/","title":{"rendered":"Vilkkuvalo EQ 3LED 180 R10 Valkoinen"},"content":{"rendered":"<div class=\"container\">\n<h1>Korkean intensiteetin valkoinen salama: 180 asteen laajakulman\u00e4kyvyys<\/h1>\n<p>T\u00e4m\u00e4 korkean intensiteetin valkoinen salamavalo, joka on suunniteltu tarjoamaan kattavaa n\u00e4kyvyytt\u00e4 180 asteen laajakulmalla, on optimaalinen v\u00e4line turvallisuuden parantamiseen erilaisissa ymp\u00e4rist\u00f6iss\u00e4. Koska k\u00e4ytt\u00e4j\u00e4 voi valita 12 erilaisen valokuvion v\u00e4lill\u00e4, h\u00e4n voi mukauttaa varoitussignaalit erityistarpeisiin ja -tilanteisiin.<\/p>\n<div class=\"features\">\n<h2>Syv\u00e4lliset ominaisuudet:<\/h2>\n<ul>\n<li><span class=\"highlight\">12 muokattavaa diaa:<\/span> Tarjoaa joustavuutta erilaisten h\u00e4lytystarpeiden t\u00e4ytt\u00e4miseksi.<\/li>\n<li><span class=\"highlight\">Kirkas polykarbonaattilinssi:<\/span> Laadukas ja kest\u00e4v\u00e4 maksimaalisen valon hajonnan ja kest\u00e4vyyden takaamiseksi.<\/li>\n<li><span class=\"highlight\">ABS-arkku Foamex-levyll\u00e4:<\/span> Tukeva rakennus, joka kest\u00e4\u00e4 kovaa k\u00e4ytt\u00f6\u00e4 haastavissa ymp\u00e4rist\u00f6iss\u00e4.<\/li>\n<li><span class=\"highlight\">IP67 Vedenpit\u00e4v\u00e4 luokitus:<\/span> T\u00e4ysin suljettu p\u00f6ly\u00e4 ja kosteutta vastaan, joten se sopii k\u00e4ytett\u00e4v\u00e4ksi kaikissa s\u00e4\u00e4olosuhteissa.<\/li>\n<li><span class=\"highlight\">Painepesuri Kest\u00e4v\u00e4:<\/span> Helppo huoltaa ja pit\u00e4\u00e4 puhtaana, mik\u00e4 pident\u00e4\u00e4 laitteen k\u00e4ytt\u00f6ik\u00e4\u00e4.<\/li>\n<li><span class=\"highlight\">Synkronointikapasiteetti:<\/span> Mahdollisuus yhdist\u00e4\u00e4 jopa 10 laitetta yhten\u00e4ist\u00e4 ja tehokasta h\u00e4lytyst\u00e4 varten.<\/li>\n<li>K\u00e4ytt\u00f6kohteita ovat muun muassa h\u00e4lytysajoneuvot, ty\u00f6ajoneuvot ja muut tilanteet, joissa turvallisuuden vuoksi tarvitaan mahdollisimman hyv\u00e4\u00e4 n\u00e4kyvyytt\u00e4.<\/li>\n<\/ul>\n<p><strong>Ota huomioon:<\/strong> Vaikka t\u00e4t\u00e4 vilkkuvaloa ei ole hyv\u00e4ksytty R65-standardin mukaisesti, sen suorituskyky ja toiminnot riitt\u00e4v\u00e4t t\u00e4ydent\u00e4m\u00e4\u00e4n tehokkaasti nykyisi\u00e4 turvaj\u00e4rjestelmi\u00e4.<\/p>\n<\/div>\n<\/div>\n<p><strong>Hyv\u00e4 tiet\u00e4\u00e4:<\/strong><br \/>Kaapelin v\u00e4rin kytkent\u00e4<br \/>Punainen - Plus, Valkoinen - Hi\/Low Power, Musta - Maa, Keltainen - Salama.<\/p>\n<p><strong>Toimituksen sis\u00e4lt\u00f6<\/strong><br \/>1. salamavalo<br \/>2 ruuvia kiinnityst\u00e4 varten<br \/>1. kuminen kotelo<\/p>\n<p><strong>Takuu<\/strong> <br \/>5 vuoden toimintatakuu<\/p>\n<p><strong>Hyv\u00e4 tiet\u00e4\u00e4<\/strong><br \/>Voit valita sinulle parhaiten sopivan vilkkuvalomallin vaihtamalla niit\u00e4 keltaisella kaapelilla. <\/p>\n<p>IP-p\u00e4ivitykset <br \/>IP6x - p\u00f6lytiivis<br \/>IPx7 - Vedenkest\u00e4v\u00e4<\/p>","protected":false},"excerpt":{"rendered":"<p>H\u00f6gintensivt Vitt Blixtljus: Synlighet i 180 Graders Vidvinkel Detta h\u00f6gintensiva vitt blixtljus, designat f\u00f6r att ge en omfattande synlighet med en vidvinkel p\u00e5 180 grader, \u00e4r ett optimalt verktyg f\u00f6r att f\u00f6rb\u00e4ttra s\u00e4kerheten i en rad olika milj\u00f6er. Med m\u00f6jligheten att v\u00e4lja mellan 12 distinkta ljusbilder, kan anv\u00e4ndaren anpassa varningssignalerna efter specifika behov och situationer. [&hellip;]<\/p>","protected":false},"featured_media":4024,"comment_status":"closed","ping_status":"open","template":"","meta":{"_acf_changed":false,"_smort_price_nok":"960","_smort_price_dkk":"610","_smort_price_eur":"81.72","_smort_sale_price_nok":"","_smort_sale_price_dkk":"","_smort_sale_price_eur":"","smort_restorder":"","shipmondo_restorder":"","_kad_blocks_custom_css":"","_kad_blocks_head_custom_js":"","_kad_blocks_body_custom_js":"","_kad_blocks_footer_custom_js":"","smort_custom_pricelist_1":"575.36","smort_custom_pricelist_2":"503.44","smort_custom_pricelist_3":"467.48","smort_custom_pricelist_4":"719.2","smort_custom_pricelist_5":"503.44"},"anvandningsomrade":[],"bilmarken":[],"product_brand":[],"product_cat":[3037,2553,1061],"product_tag":[],"class_list":{"0":"post-4023","1":"product","2":"type-product","3":"status-publish","4":"has-post-thumbnail","6":"product_cat-3led-180-blixtljus","7":"product_cat-blixtljus-riktat-varningsljus","8":"product_cat-varningsljus","9":"pa_fuktskydd-varde-ipxx-ip67","10":"pa_godkannande-ece-r10-emc","11":"pa_storlek-mm-111x37x23","12":"pa_volt-v-12-24","14":"first","15":"instock","16":"taxable","17":"shipping-taxable","18":"purchasable","19":"product-type-simple"},"bundled_by":[],"bundle_stock_status":"instock","bundle_stock_quantity":4,"bundle_virtual":false,"bundle_layout":"","bundle_add_to_cart_form_location":"","bundle_editable_in_cart":false,"bundle_sold_individually_context":"","bundle_item_grouping":"","bundle_min_size":"","bundle_max_size":"","bundle_price":[],"bundled_items":[],"bundle_sell_ids":[],"acf":[],"yoast_head":"<!-- This site is optimized with the Yoast SEO plugin v27.0 - https:\/\/yoast.com\/product\/yoast-seo-wordpress\/ -->\n<title>Blixtljus EQ 3LED 180 R10 Vit - Xenonkungen<\/title>\n<meta name=\"robots\" content=\"index, follow, max-snippet:-1, max-image-preview:large, max-video-preview:-1\" \/>\n<link rel=\"canonical\" href=\"https:\/\/xenonkungen.com\/fi\/tuote\/taskulamppu-eq-3led-180-r10-valkoinen\/\" \/>\n<meta property=\"og:locale\" content=\"fi_FI\" \/>\n<meta property=\"og:type\" content=\"article\" \/>\n<meta property=\"og:title\" content=\"Blixtljus EQ 3LED 180 R10 Vit - Xenonkungen\" \/>\n<meta property=\"og:description\" content=\"H\u00f6gintensivt Vitt Blixtljus: Synlighet i 180 Graders Vidvinkel Detta h\u00f6gintensiva vitt blixtljus, designat f\u00f6r att ge en omfattande synlighet med en vidvinkel p\u00e5 180 grader, \u00e4r ett optimalt verktyg f\u00f6r att f\u00f6rb\u00e4ttra s\u00e4kerheten i en rad olika milj\u00f6er. Med m\u00f6jligheten att v\u00e4lja mellan 12 distinkta ljusbilder, kan anv\u00e4ndaren anpassa varningssignalerna efter specifika behov och situationer. [&hellip;]\" \/>\n<meta property=\"og:url\" content=\"https:\/\/xenonkungen.com\/fi\/tuote\/taskulamppu-eq-3led-180-r10-valkoinen\/\" \/>\n<meta property=\"og:site_name\" content=\"Xenonkungen\" \/>\n<meta property=\"article:modified_time\" content=\"2026-04-24T16:05:06+00:00\" \/>\n<meta property=\"og:image\" content=\"https:\/\/xenonkungen.com\/wp-content\/uploads\/2025\/04\/23435228-origpic-95155e.jpg\" \/>\n\t<meta property=\"og:image:width\" content=\"600\" \/>\n\t<meta property=\"og:image:height\" content=\"600\" \/>\n\t<meta property=\"og:image:type\" content=\"image\/jpeg\" \/>\n<meta name=\"twitter:card\" content=\"summary_large_image\" \/>\n<meta name=\"twitter:label1\" content=\"Arvioitu lukuaika\" \/>\n\t<meta name=\"twitter:data1\" content=\"2 minuuttia\" \/>\n<script type=\"application\/ld+json\" class=\"yoast-schema-graph\">{\"@context\":\"https:\/\/schema.org\",\"@graph\":[{\"@type\":\"WebPage\",\"@id\":\"https:\/\/xenonkungen.com\/produkt\/blixtljus-eq-3led-180-r10-vit\/\",\"url\":\"https:\/\/xenonkungen.com\/produkt\/blixtljus-eq-3led-180-r10-vit\/\",\"name\":\"Blixtljus EQ 3LED 180 R10 Vit - Xenonkungen\",\"isPartOf\":{\"@id\":\"https:\/\/xenonkungen.com\/#website\"},\"primaryImageOfPage\":{\"@id\":\"https:\/\/xenonkungen.com\/produkt\/blixtljus-eq-3led-180-r10-vit\/#primaryimage\"},\"image\":{\"@id\":\"https:\/\/xenonkungen.com\/produkt\/blixtljus-eq-3led-180-r10-vit\/#primaryimage\"},\"thumbnailUrl\":\"https:\/\/xenonkungen.com\/wp-content\/uploads\/2025\/04\/23435228-origpic-95155e.jpg\",\"datePublished\":\"2025-04-15T09:04:42+00:00\",\"dateModified\":\"2026-04-24T16:05:06+00:00\",\"breadcrumb\":{\"@id\":\"https:\/\/xenonkungen.com\/produkt\/blixtljus-eq-3led-180-r10-vit\/#breadcrumb\"},\"inLanguage\":\"fi\",\"potentialAction\":[{\"@type\":\"ReadAction\",\"target\":[\"https:\/\/xenonkungen.com\/produkt\/blixtljus-eq-3led-180-r10-vit\/\"]}]},{\"@type\":\"ImageObject\",\"inLanguage\":\"fi\",\"@id\":\"https:\/\/xenonkungen.com\/produkt\/blixtljus-eq-3led-180-r10-vit\/#primaryimage\",\"url\":\"https:\/\/xenonkungen.com\/wp-content\/uploads\/2025\/04\/23435228-origpic-95155e.jpg\",\"contentUrl\":\"https:\/\/xenonkungen.com\/wp-content\/uploads\/2025\/04\/23435228-origpic-95155e.jpg\",\"width\":600,\"height\":600},{\"@type\":\"BreadcrumbList\",\"@id\":\"https:\/\/xenonkungen.com\/produkt\/blixtljus-eq-3led-180-r10-vit\/#breadcrumb\",\"itemListElement\":[{\"@type\":\"ListItem\",\"position\":1,\"name\":\"Hem\",\"item\":\"https:\/\/xenonkungen.com\/\"},{\"@type\":\"ListItem\",\"position\":2,\"name\":\"Shop\",\"item\":\"https:\/\/xenonkungen.com\/shop\/\"},{\"@type\":\"ListItem\",\"position\":3,\"name\":\"Blixtljus EQ 3LED 180 R10 Vit\"}]},{\"@type\":\"WebSite\",\"@id\":\"https:\/\/xenonkungen.com\/#website\",\"url\":\"https:\/\/xenonkungen.com\/\",\"name\":\"Xenonkungen\",\"description\":\"\",\"potentialAction\":[{\"@type\":\"SearchAction\",\"target\":{\"@type\":\"EntryPoint\",\"urlTemplate\":\"https:\/\/xenonkungen.com\/?s={search_term_string}\"},\"query-input\":{\"@type\":\"PropertyValueSpecification\",\"valueRequired\":true,\"valueName\":\"search_term_string\"}}],\"inLanguage\":\"fi\"}]}<\/script>\n<!-- \/ Yoast SEO plugin. -->","yoast_head_json":{"title":"Taskulamppu EQ 3LED 180 R10 Valkoinen - Xenonkungen","robots":{"index":"index","follow":"follow","max-snippet":"max-snippet:-1","max-image-preview":"max-image-preview:large","max-video-preview":"max-video-preview:-1"},"canonical":"https:\/\/xenonkungen.com\/fi\/tuote\/taskulamppu-eq-3led-180-r10-valkoinen\/","og_locale":"fi_FI","og_type":"article","og_title":"Blixtljus EQ 3LED 180 R10 Vit - Xenonkungen","og_description":"H\u00f6gintensivt Vitt Blixtljus: Synlighet i 180 Graders Vidvinkel Detta h\u00f6gintensiva vitt blixtljus, designat f\u00f6r att ge en omfattande synlighet med en vidvinkel p\u00e5 180 grader, \u00e4r ett optimalt verktyg f\u00f6r att f\u00f6rb\u00e4ttra s\u00e4kerheten i en rad olika milj\u00f6er. Med m\u00f6jligheten att v\u00e4lja mellan 12 distinkta ljusbilder, kan anv\u00e4ndaren anpassa varningssignalerna efter specifika behov och situationer. [&hellip;]","og_url":"https:\/\/xenonkungen.com\/fi\/tuote\/taskulamppu-eq-3led-180-r10-valkoinen\/","og_site_name":"Xenonkungen","article_modified_time":"2026-04-24T16:05:06+00:00","og_image":[{"width":600,"height":600,"url":"https:\/\/xenonkungen.com\/wp-content\/uploads\/2025\/04\/23435228-origpic-95155e.jpg","type":"image\/jpeg"}],"twitter_card":"summary_large_image","twitter_misc":{"Arvioitu lukuaika":"2 minuuttia"},"schema":{"@context":"https:\/\/schema.org","@graph":[{"@type":"WebPage","@id":"https:\/\/xenonkungen.com\/produkt\/blixtljus-eq-3led-180-r10-vit\/","url":"https:\/\/xenonkungen.com\/produkt\/blixtljus-eq-3led-180-r10-vit\/","name":"Taskulamppu EQ 3LED 180 R10 Valkoinen - Xenonkungen","isPartOf":{"@id":"https:\/\/xenonkungen.com\/#website"},"primaryImageOfPage":{"@id":"https:\/\/xenonkungen.com\/produkt\/blixtljus-eq-3led-180-r10-vit\/#primaryimage"},"image":{"@id":"https:\/\/xenonkungen.com\/produkt\/blixtljus-eq-3led-180-r10-vit\/#primaryimage"},"thumbnailUrl":"https:\/\/xenonkungen.com\/wp-content\/uploads\/2025\/04\/23435228-origpic-95155e.jpg","datePublished":"2025-04-15T09:04:42+00:00","dateModified":"2026-04-24T16:05:06+00:00","breadcrumb":{"@id":"https:\/\/xenonkungen.com\/produkt\/blixtljus-eq-3led-180-r10-vit\/#breadcrumb"},"inLanguage":"fi","potentialAction":[{"@type":"ReadAction","target":["https:\/\/xenonkungen.com\/produkt\/blixtljus-eq-3led-180-r10-vit\/"]}]},{"@type":"ImageObject","inLanguage":"fi","@id":"https:\/\/xenonkungen.com\/produkt\/blixtljus-eq-3led-180-r10-vit\/#primaryimage","url":"https:\/\/xenonkungen.com\/wp-content\/uploads\/2025\/04\/23435228-origpic-95155e.jpg","contentUrl":"https:\/\/xenonkungen.com\/wp-content\/uploads\/2025\/04\/23435228-origpic-95155e.jpg","width":600,"height":600},{"@type":"BreadcrumbList","@id":"https:\/\/xenonkungen.com\/produkt\/blixtljus-eq-3led-180-r10-vit\/#breadcrumb","itemListElement":[{"@type":"ListItem","position":1,"name":"Hem","item":"https:\/\/xenonkungen.com\/"},{"@type":"ListItem","position":2,"name":"Shop","item":"https:\/\/xenonkungen.com\/shop\/"},{"@type":"ListItem","position":3,"name":"Blixtljus EQ 3LED 180 R10 Vit"}]},{"@type":"WebSite","@id":"https:\/\/xenonkungen.com\/#website","url":"https:\/\/xenonkungen.com\/","name":"Xenonkungen","description":"","potentialAction":[{"@type":"SearchAction","target":{"@type":"EntryPoint","urlTemplate":"https:\/\/xenonkungen.com\/?s={search_term_string}"},"query-input":{"@type":"PropertyValueSpecification","valueRequired":true,"valueName":"search_term_string"}}],"inLanguage":"fi"}]}},"taxonomy_info":{"product_cat":[{"value":3037,"label":"3LED 180\u00b0"},{"value":2553,"label":"Blixtljus - Riktat varningsljus"},{"value":1061,"label":"Varningsljus"}],"pa_fuktskydd-varde-ipxx":[{"value":333,"label":"IP67"}],"pa_godkannande":[{"value":1306,"label":"ECE R10 (EMC)"}],"pa_storlek-mm":[{"value":1308,"label":"111x37x23"}],"pa_volt-v":[{"value":348,"label":"12, 24"}]},"featured_image_src_large":["https:\/\/xenonkungen.com\/wp-content\/uploads\/2025\/04\/23435228-origpic-95155e.jpg",600,600,false],"author_info":[],"comment_info":0,"_links":{"self":[{"href":"https:\/\/xenonkungen.com\/fi\/wp-json\/wp\/v2\/product\/4023","targetHints":{"allow":["GET"]}}],"collection":[{"href":"https:\/\/xenonkungen.com\/fi\/wp-json\/wp\/v2\/product"}],"about":[{"href":"https:\/\/xenonkungen.com\/fi\/wp-json\/wp\/v2\/types\/product"}],"replies":[{"embeddable":true,"href":"https:\/\/xenonkungen.com\/fi\/wp-json\/wp\/v2\/comments?post=4023"}],"wp:featuredmedia":[{"embeddable":true,"href":"https:\/\/xenonkungen.com\/fi\/wp-json\/wp\/v2\/media\/4024"}],"wp:attachment":[{"href":"https:\/\/xenonkungen.com\/fi\/wp-json\/wp\/v2\/media?parent=4023"}],"wp:term":[{"taxonomy":"anvandningsomrade","embeddable":true,"href":"https:\/\/xenonkungen.com\/fi\/wp-json\/wp\/v2\/anvandningsomrade?post=4023"},{"taxonomy":"bilmarken","embeddable":true,"href":"https:\/\/xenonkungen.com\/fi\/wp-json\/wp\/v2\/bilmarken?post=4023"},{"taxonomy":"product_brand","embeddable":true,"href":"https:\/\/xenonkungen.com\/fi\/wp-json\/wp\/v2\/product_brand?post=4023"},{"taxonomy":"product_cat","embeddable":true,"href":"https:\/\/xenonkungen.com\/fi\/wp-json\/wp\/v2\/product_cat?post=4023"},{"taxonomy":"product_tag","embeddable":true,"href":"https:\/\/xenonkungen.com\/fi\/wp-json\/wp\/v2\/product_tag?post=4023"}],"curies":[{"name":"wp","href":"https:\/\/api.w.org\/{rel}","templated":true}]}}