{"id":4117,"date":"2025-04-15T09:05:55","date_gmt":"2025-04-15T09:05:55","guid":{"rendered":"https:\/\/xenonkungen.com\/product\/ledlenser-h7r-core-black-es\/"},"modified":"2026-04-22T12:24:56","modified_gmt":"2026-04-22T11:24:56","slug":"ledlenser-h7r-ydin-musta-es","status":"publish","type":"product","link":"https:\/\/xenonkungen.com\/fi\/tuote\/ledlenser-h7r-ydin-musta-es\/","title":{"rendered":"LEDLENSER H7R CORE Musta ES"},"content":{"rendered":"<h1>Ledlenser H7R otsalamppu: Mukautettava valoteho jokaiseen seikkailuun<\/h1>\n<p>Ledlenser H7R -otsalamppu on valaistusteknologian eturintamassa, ja se tarjoaa vertaansa vailla olevaa mukautuvuutta erilaisiin toimintoihin ty\u00f6st\u00e4 ja ulkoilusta liikuntaan. Sen kehittyneen tarkennusj\u00e4rjestelm\u00e4n avulla k\u00e4ytt\u00e4j\u00e4 voi s\u00e4\u00e4t\u00e4\u00e4 valons\u00e4dett\u00e4 optimaalisen n\u00e4kyvyyden saavuttamiseksi kaikissa tilanteissa.<\/p>\n<h2>Standardin m\u00e4\u00e4r\u00e4\u00e4v\u00e4t ominaisuudet:<\/h2>\n<ul>\n<li><strong>Kehittynyt tarkennusj\u00e4rjestelm\u00e4:<\/strong> Saumaton s\u00e4\u00e4t\u00f6 leve\u00e4st\u00e4 valons\u00e4teest\u00e4 tarkennettuun valons\u00e4teeseen kaikentyyppisiin sovelluksiin.<\/li>\n<li><strong>Ledlenser Connect App:<\/strong> Mukauta valoasetuksia Bluetooth-yhteyden avulla, jotta saat t\u00e4ydellisen valaistuksen jokaiseen aktiviteettiin.<\/li>\n<li><strong>Magneettinen lataus:<\/strong> Helppo ja nopea lataus jatkuvaa valmiutta varten.<\/li>\n<li><strong>IP67 S\u00e4\u00e4suojaus:<\/strong> T\u00e4ysin suojattu p\u00f6lylt\u00e4 ja vedelt\u00e4, kest\u00e4\u00e4 kovimmatkin olosuhteet.<\/li>\n<\/ul>\n<p>Ledlenser H7R -otsalampun avulla olet aina askeleen edell\u00e4 pime\u00e4ss\u00e4. Kiipe\u00e4tp\u00e4 sitten vuorille, kuljeskelet metsiss\u00e4 tai harrastat liikuntaa my\u00f6h\u00e4\u00e4n y\u00f6ll\u00e4, se antaa sinulle kirkkautta ja luotettavuutta, jota tarvitset kohdataksesi mink\u00e4 tahansa haasteen luottavaisin mielin.<\/p>","protected":false},"excerpt":{"rendered":"<p>1000 lumenia, ladattava akku<\/p>","protected":false},"featured_media":4118,"comment_status":"closed","ping_status":"closed","template":"","meta":{"_acf_changed":false,"_smort_price_nok":"1708","_smort_price_dkk":"983","_smort_price_eur":"131.72","_smort_sale_price_nok":"","_smort_sale_price_dkk":"","_smort_sale_price_eur":"","smort_restorder":"","shipmondo_restorder":"","_kad_blocks_custom_css":"","_kad_blocks_head_custom_js":"","_kad_blocks_body_custom_js":"","_kad_blocks_footer_custom_js":"","smort_custom_pricelist_1":"1023.36","smort_custom_pricelist_2":"1023.36","smort_custom_pricelist_3":"895.44","smort_custom_pricelist_4":"1279.2","smort_custom_pricelist_5":"1023.36"},"anvandningsomrade":[237],"bilmarken":[],"product_brand":[101],"product_cat":[1277],"product_tag":[],"class_list":{"0":"post-4117","1":"product","2":"type-product","3":"status-publish","4":"has-post-thumbnail","6":"anvandningsomrade-fritid","7":"product_brand-ledlenser","8":"product_cat-pannlampor","9":"pa_fuktskydd-varde-ipxx-ip67","11":"first","12":"onbackorder","13":"taxable","14":"shipping-taxable","15":"purchasable","16":"product-type-simple"},"bundled_by":[],"bundle_stock_status":"onbackorder","bundle_stock_quantity":0,"bundle_virtual":false,"bundle_layout":"","bundle_add_to_cart_form_location":"","bundle_editable_in_cart":false,"bundle_sold_individually_context":"","bundle_item_grouping":"","bundle_min_size":"","bundle_max_size":"","bundle_price":[],"bundled_items":[],"bundle_sell_ids":[],"acf":[],"yoast_head":"<!-- This site is optimized with the Yoast SEO plugin v27.0 - https:\/\/yoast.com\/product\/yoast-seo-wordpress\/ -->\n<title>LEDLENSER H7R CORE Black ES - Xenonkungen<\/title>\n<meta name=\"robots\" content=\"index, follow, max-snippet:-1, max-image-preview:large, max-video-preview:-1\" \/>\n<link rel=\"canonical\" href=\"https:\/\/xenonkungen.com\/fi\/tuote\/ledlenser-h7r-ydin-musta-es\/\" \/>\n<meta property=\"og:locale\" content=\"fi_FI\" \/>\n<meta property=\"og:type\" content=\"article\" \/>\n<meta property=\"og:title\" content=\"LEDLENSER H7R CORE Black ES - Xenonkungen\" \/>\n<meta property=\"og:description\" content=\"1000 Lumen, Uppladdningsbart batteri\" \/>\n<meta property=\"og:url\" content=\"https:\/\/xenonkungen.com\/fi\/tuote\/ledlenser-h7r-ydin-musta-es\/\" \/>\n<meta property=\"og:site_name\" content=\"Xenonkungen\" \/>\n<meta property=\"article:modified_time\" content=\"2026-04-22T11:24:56+00:00\" \/>\n<meta property=\"og:image\" content=\"https:\/\/xenonkungen.com\/wp-content\/uploads\/2025\/04\/13509.jpg\" \/>\n\t<meta property=\"og:image:width\" content=\"1400\" \/>\n\t<meta property=\"og:image:height\" content=\"1041\" \/>\n\t<meta property=\"og:image:type\" content=\"image\/png\" \/>\n<meta name=\"twitter:card\" content=\"summary_large_image\" \/>\n<meta name=\"twitter:label1\" content=\"Arvioitu lukuaika\" \/>\n\t<meta name=\"twitter:data1\" content=\"1 minuutti\" \/>\n<script type=\"application\/ld+json\" class=\"yoast-schema-graph\">{\"@context\":\"https:\/\/schema.org\",\"@graph\":[{\"@type\":\"WebPage\",\"@id\":\"https:\/\/xenonkungen.com\/produkt\/ledlenser-h7r-core-black-es\/\",\"url\":\"https:\/\/xenonkungen.com\/produkt\/ledlenser-h7r-core-black-es\/\",\"name\":\"LEDLENSER H7R CORE Black ES - Xenonkungen\",\"isPartOf\":{\"@id\":\"https:\/\/xenonkungen.com\/#website\"},\"primaryImageOfPage\":{\"@id\":\"https:\/\/xenonkungen.com\/produkt\/ledlenser-h7r-core-black-es\/#primaryimage\"},\"image\":{\"@id\":\"https:\/\/xenonkungen.com\/produkt\/ledlenser-h7r-core-black-es\/#primaryimage\"},\"thumbnailUrl\":\"https:\/\/xenonkungen.com\/wp-content\/uploads\/2025\/04\/13509.jpg\",\"datePublished\":\"2025-04-15T09:05:55+00:00\",\"dateModified\":\"2026-04-22T11:24:56+00:00\",\"breadcrumb\":{\"@id\":\"https:\/\/xenonkungen.com\/produkt\/ledlenser-h7r-core-black-es\/#breadcrumb\"},\"inLanguage\":\"fi\",\"potentialAction\":[{\"@type\":\"ReadAction\",\"target\":[\"https:\/\/xenonkungen.com\/produkt\/ledlenser-h7r-core-black-es\/\"]}]},{\"@type\":\"ImageObject\",\"inLanguage\":\"fi\",\"@id\":\"https:\/\/xenonkungen.com\/produkt\/ledlenser-h7r-core-black-es\/#primaryimage\",\"url\":\"https:\/\/xenonkungen.com\/wp-content\/uploads\/2025\/04\/13509.jpg\",\"contentUrl\":\"https:\/\/xenonkungen.com\/wp-content\/uploads\/2025\/04\/13509.jpg\",\"width\":1400,\"height\":1041},{\"@type\":\"BreadcrumbList\",\"@id\":\"https:\/\/xenonkungen.com\/produkt\/ledlenser-h7r-core-black-es\/#breadcrumb\",\"itemListElement\":[{\"@type\":\"ListItem\",\"position\":1,\"name\":\"Hem\",\"item\":\"https:\/\/xenonkungen.com\/\"},{\"@type\":\"ListItem\",\"position\":2,\"name\":\"Shop\",\"item\":\"https:\/\/xenonkungen.com\/shop\/\"},{\"@type\":\"ListItem\",\"position\":3,\"name\":\"LEDLENSER H7R CORE Black ES\"}]},{\"@type\":\"WebSite\",\"@id\":\"https:\/\/xenonkungen.com\/#website\",\"url\":\"https:\/\/xenonkungen.com\/\",\"name\":\"Xenonkungen\",\"description\":\"\",\"potentialAction\":[{\"@type\":\"SearchAction\",\"target\":{\"@type\":\"EntryPoint\",\"urlTemplate\":\"https:\/\/xenonkungen.com\/?s={search_term_string}\"},\"query-input\":{\"@type\":\"PropertyValueSpecification\",\"valueRequired\":true,\"valueName\":\"search_term_string\"}}],\"inLanguage\":\"fi\"}]}<\/script>\n<!-- \/ Yoast SEO plugin. -->","yoast_head_json":{"title":"LED LENSER H7R CORE Black ES - Xenon-kuningas","robots":{"index":"index","follow":"follow","max-snippet":"max-snippet:-1","max-image-preview":"max-image-preview:large","max-video-preview":"max-video-preview:-1"},"canonical":"https:\/\/xenonkungen.com\/fi\/tuote\/ledlenser-h7r-ydin-musta-es\/","og_locale":"fi_FI","og_type":"article","og_title":"LEDLENSER H7R CORE Black ES - Xenonkungen","og_description":"1000 Lumen, Uppladdningsbart batteri","og_url":"https:\/\/xenonkungen.com\/fi\/tuote\/ledlenser-h7r-ydin-musta-es\/","og_site_name":"Xenonkungen","article_modified_time":"2026-04-22T11:24:56+00:00","og_image":[{"width":1400,"height":1041,"url":"https:\/\/xenonkungen.com\/wp-content\/uploads\/2025\/04\/13509.jpg","type":"image\/png"}],"twitter_card":"summary_large_image","twitter_misc":{"Arvioitu lukuaika":"1 minuutti"},"schema":{"@context":"https:\/\/schema.org","@graph":[{"@type":"WebPage","@id":"https:\/\/xenonkungen.com\/produkt\/ledlenser-h7r-core-black-es\/","url":"https:\/\/xenonkungen.com\/produkt\/ledlenser-h7r-core-black-es\/","name":"LED LENSER H7R CORE Black ES - Xenon-kuningas","isPartOf":{"@id":"https:\/\/xenonkungen.com\/#website"},"primaryImageOfPage":{"@id":"https:\/\/xenonkungen.com\/produkt\/ledlenser-h7r-core-black-es\/#primaryimage"},"image":{"@id":"https:\/\/xenonkungen.com\/produkt\/ledlenser-h7r-core-black-es\/#primaryimage"},"thumbnailUrl":"https:\/\/xenonkungen.com\/wp-content\/uploads\/2025\/04\/13509.jpg","datePublished":"2025-04-15T09:05:55+00:00","dateModified":"2026-04-22T11:24:56+00:00","breadcrumb":{"@id":"https:\/\/xenonkungen.com\/produkt\/ledlenser-h7r-core-black-es\/#breadcrumb"},"inLanguage":"fi","potentialAction":[{"@type":"ReadAction","target":["https:\/\/xenonkungen.com\/produkt\/ledlenser-h7r-core-black-es\/"]}]},{"@type":"ImageObject","inLanguage":"fi","@id":"https:\/\/xenonkungen.com\/produkt\/ledlenser-h7r-core-black-es\/#primaryimage","url":"https:\/\/xenonkungen.com\/wp-content\/uploads\/2025\/04\/13509.jpg","contentUrl":"https:\/\/xenonkungen.com\/wp-content\/uploads\/2025\/04\/13509.jpg","width":1400,"height":1041},{"@type":"BreadcrumbList","@id":"https:\/\/xenonkungen.com\/produkt\/ledlenser-h7r-core-black-es\/#breadcrumb","itemListElement":[{"@type":"ListItem","position":1,"name":"Hem","item":"https:\/\/xenonkungen.com\/"},{"@type":"ListItem","position":2,"name":"Shop","item":"https:\/\/xenonkungen.com\/shop\/"},{"@type":"ListItem","position":3,"name":"LEDLENSER H7R CORE Black ES"}]},{"@type":"WebSite","@id":"https:\/\/xenonkungen.com\/#website","url":"https:\/\/xenonkungen.com\/","name":"Xenonkungen","description":"","potentialAction":[{"@type":"SearchAction","target":{"@type":"EntryPoint","urlTemplate":"https:\/\/xenonkungen.com\/?s={search_term_string}"},"query-input":{"@type":"PropertyValueSpecification","valueRequired":true,"valueName":"search_term_string"}}],"inLanguage":"fi"}]}},"taxonomy_info":{"anvandningsomrade":[{"value":237,"label":"Fritid"}],"product_brand":[{"value":101,"label":"LEDLENSER"}],"product_cat":[{"value":1277,"label":"Pannlampor"}],"pa_fuktskydd-varde-ipxx":[{"value":333,"label":"IP67"}]},"featured_image_src_large":["https:\/\/xenonkungen.com\/wp-content\/uploads\/2025\/04\/13509-1024x761.jpg",1024,761,true],"author_info":[],"comment_info":0,"_links":{"self":[{"href":"https:\/\/xenonkungen.com\/fi\/wp-json\/wp\/v2\/product\/4117","targetHints":{"allow":["GET"]}}],"collection":[{"href":"https:\/\/xenonkungen.com\/fi\/wp-json\/wp\/v2\/product"}],"about":[{"href":"https:\/\/xenonkungen.com\/fi\/wp-json\/wp\/v2\/types\/product"}],"replies":[{"embeddable":true,"href":"https:\/\/xenonkungen.com\/fi\/wp-json\/wp\/v2\/comments?post=4117"}],"wp:featuredmedia":[{"embeddable":true,"href":"https:\/\/xenonkungen.com\/fi\/wp-json\/wp\/v2\/media\/4118"}],"wp:attachment":[{"href":"https:\/\/xenonkungen.com\/fi\/wp-json\/wp\/v2\/media?parent=4117"}],"wp:term":[{"taxonomy":"anvandningsomrade","embeddable":true,"href":"https:\/\/xenonkungen.com\/fi\/wp-json\/wp\/v2\/anvandningsomrade?post=4117"},{"taxonomy":"bilmarken","embeddable":true,"href":"https:\/\/xenonkungen.com\/fi\/wp-json\/wp\/v2\/bilmarken?post=4117"},{"taxonomy":"product_brand","embeddable":true,"href":"https:\/\/xenonkungen.com\/fi\/wp-json\/wp\/v2\/product_brand?post=4117"},{"taxonomy":"product_cat","embeddable":true,"href":"https:\/\/xenonkungen.com\/fi\/wp-json\/wp\/v2\/product_cat?post=4117"},{"taxonomy":"product_tag","embeddable":true,"href":"https:\/\/xenonkungen.com\/fi\/wp-json\/wp\/v2\/product_tag?post=4117"}],"curies":[{"name":"wp","href":"https:\/\/api.w.org\/{rel}","templated":true}]}}