{"id":4136,"date":"2025-04-15T09:06:27","date_gmt":"2025-04-15T09:06:27","guid":{"rendered":"https:\/\/xenonkungen.com\/product\/ledlenser-p7r-core-black-one\/"},"modified":"2026-03-20T17:06:47","modified_gmt":"2026-03-20T16:06:47","slug":"ledlenser-p7r-valaisin-musta","status":"publish","type":"product","link":"https:\/\/xenonkungen.com\/fi\/tuote\/ledlenser-p7r-valaisin-musta\/","title":{"rendered":"LEDLENSER P7R CORE Musta ONE LEDLENSER P7R CORE Musta ONE"},"content":{"rendered":"<h1>P7R Core: Soihtujen mestari<\/h1>\n<p>T\u00e4ss\u00e4 on P7R Core, taskulamppu, joka asettaa uudet standardit ylivoimaisilla ominaisuuksillaan ja kest\u00e4vyydell\u00e4\u00e4n. Sen Flex Sealing -tekniikka ja IP68-luokitus tarjoavat vertaansa vailla olevan suojan elementtej\u00e4 vastaan ja mahdollistavat k\u00e4yt\u00f6n jopa veden alla.<\/p>\n<h2>Lis\u00e4ominaisuudet:<\/h2>\n<ul>\n<li><strong>Flex Sealing -tekniikka:<\/strong> Tarjoaa uskomattoman suojan p\u00f6ly\u00e4 ja vett\u00e4 vastaan IP68-luokituksen ansiosta.<\/li>\n<li><strong>Mukautettavat valoasetukset:<\/strong> R\u00e4\u00e4t\u00e4l\u00f6i valaisimesi ohjelmoitavilla toiminnoilla kaikkiin mahdollisiin tarpeisiin.<\/li>\n<li><strong>Jatkuva valo:<\/strong> Varmistaa tasaisen valon ajan my\u00f6t\u00e4 optimaalisen valaistustehon.<\/li>\n<li><strong>Magneettinen lataus:<\/strong> Lataa nopeasti ja k\u00e4tev\u00e4sti mukana tulevalla magneettisella latauskaapelilla.<\/li>\n<li><strong>Monipuoliset valomoodit:<\/strong> Boostista S.O.S.:iin voit valita tilanteeseen sopivan valotilan.<\/li>\n<li><strong>Tehokas Li-ion-akku:<\/strong> Varustettu 4800 mAh:n akulla pitk\u00e4aikaiseen k\u00e4ytt\u00f6\u00f6n.<\/li>\n<\/ul>\n<p>P7R Core ei ole pelkk\u00e4 taskulamppu; se on luotettava kumppani, joka valaisee tiesi riippumatta siit\u00e4, minne seikkailusi vie sinut. Sen edistykselliset ominaisuudet ja kest\u00e4v\u00e4 rakenne tekev\u00e4t siit\u00e4 parhaan taskulampun kaikille, jotka vaativat parasta.<\/p>","protected":false},"excerpt":{"rendered":"<p>1400 lumenia, ladattava akku<\/p>","protected":false},"featured_media":4137,"comment_status":"closed","ping_status":"closed","template":"","meta":{"_acf_changed":false,"_smort_price_nok":"1922","_smort_price_dkk":"1150","_smort_price_eur":"154.08","_smort_sale_price_nok":"","_smort_sale_price_dkk":"","_smort_sale_price_eur":"","smort_restorder":"","shipmondo_restorder":"","_kad_blocks_custom_css":"","_kad_blocks_head_custom_js":"","_kad_blocks_body_custom_js":"","_kad_blocks_footer_custom_js":"","smort_custom_pricelist_1":"1151.36","smort_custom_pricelist_2":"1151.36","smort_custom_pricelist_3":"1151.36","smort_custom_pricelist_4":"1439.2","smort_custom_pricelist_5":"1151.36"},"anvandningsomrade":[],"bilmarken":[],"product_brand":[101],"product_cat":[1320],"product_tag":[],"class_list":{"0":"post-4136","1":"product","2":"type-product","3":"status-publish","4":"has-post-thumbnail","6":"product_brand-ledlenser","7":"product_cat-ficklampor","8":"pa_fuktskydd-varde-ipxx-ip68","10":"first","11":"instock","12":"taxable","13":"shipping-taxable","14":"purchasable","15":"product-type-simple"},"bundled_by":[],"bundle_stock_status":"instock","bundle_stock_quantity":1,"bundle_virtual":false,"bundle_layout":"","bundle_add_to_cart_form_location":"","bundle_editable_in_cart":false,"bundle_sold_individually_context":"","bundle_item_grouping":"","bundle_min_size":"","bundle_max_size":"","bundle_price":[],"bundled_items":[],"bundle_sell_ids":[],"acf":[],"yoast_head":"<!-- This site is optimized with the Yoast SEO plugin v27.0 - https:\/\/yoast.com\/product\/yoast-seo-wordpress\/ -->\n<title>LEDLENSER P7R CORE Black ONE - Xenonkungen<\/title>\n<meta name=\"robots\" content=\"index, follow, max-snippet:-1, max-image-preview:large, max-video-preview:-1\" \/>\n<link rel=\"canonical\" href=\"https:\/\/xenonkungen.com\/fi\/tuote\/ledlenser-p7r-valaisin-musta\/\" \/>\n<meta property=\"og:locale\" content=\"fi_FI\" \/>\n<meta property=\"og:type\" content=\"article\" \/>\n<meta property=\"og:title\" content=\"LEDLENSER P7R CORE Black ONE - Xenonkungen\" \/>\n<meta property=\"og:description\" content=\"1400 Lumen, Uppladdningsbart batteri\" \/>\n<meta property=\"og:url\" content=\"https:\/\/xenonkungen.com\/fi\/tuote\/ledlenser-p7r-valaisin-musta\/\" \/>\n<meta property=\"og:site_name\" content=\"Xenonkungen\" \/>\n<meta property=\"article:modified_time\" content=\"2026-03-20T16:06:47+00:00\" \/>\n<meta property=\"og:image\" content=\"https:\/\/xenonkungen.com\/wp-content\/uploads\/2025\/04\/13635_11zon.png\" \/>\n\t<meta property=\"og:image:width\" content=\"1400\" \/>\n\t<meta property=\"og:image:height\" content=\"500\" \/>\n\t<meta property=\"og:image:type\" content=\"image\/png\" \/>\n<meta name=\"twitter:card\" content=\"summary_large_image\" \/>\n<meta name=\"twitter:label1\" content=\"Arvioitu lukuaika\" \/>\n\t<meta name=\"twitter:data1\" content=\"1 minuutti\" \/>\n<script type=\"application\/ld+json\" class=\"yoast-schema-graph\">{\"@context\":\"https:\/\/schema.org\",\"@graph\":[{\"@type\":\"WebPage\",\"@id\":\"https:\/\/xenonkungen.com\/produkt\/ledlenser-p7r-core-black-one\/\",\"url\":\"https:\/\/xenonkungen.com\/produkt\/ledlenser-p7r-core-black-one\/\",\"name\":\"LEDLENSER P7R CORE Black ONE - Xenonkungen\",\"isPartOf\":{\"@id\":\"https:\/\/xenonkungen.com\/#website\"},\"primaryImageOfPage\":{\"@id\":\"https:\/\/xenonkungen.com\/produkt\/ledlenser-p7r-core-black-one\/#primaryimage\"},\"image\":{\"@id\":\"https:\/\/xenonkungen.com\/produkt\/ledlenser-p7r-core-black-one\/#primaryimage\"},\"thumbnailUrl\":\"https:\/\/xenonkungen.com\/wp-content\/uploads\/2025\/04\/13635_11zon.png\",\"datePublished\":\"2025-04-15T09:06:27+00:00\",\"dateModified\":\"2026-03-20T16:06:47+00:00\",\"breadcrumb\":{\"@id\":\"https:\/\/xenonkungen.com\/produkt\/ledlenser-p7r-core-black-one\/#breadcrumb\"},\"inLanguage\":\"fi\",\"potentialAction\":[{\"@type\":\"ReadAction\",\"target\":[\"https:\/\/xenonkungen.com\/produkt\/ledlenser-p7r-core-black-one\/\"]}]},{\"@type\":\"ImageObject\",\"inLanguage\":\"fi\",\"@id\":\"https:\/\/xenonkungen.com\/produkt\/ledlenser-p7r-core-black-one\/#primaryimage\",\"url\":\"https:\/\/xenonkungen.com\/wp-content\/uploads\/2025\/04\/13635_11zon.png\",\"contentUrl\":\"https:\/\/xenonkungen.com\/wp-content\/uploads\/2025\/04\/13635_11zon.png\",\"width\":1400,\"height\":500},{\"@type\":\"BreadcrumbList\",\"@id\":\"https:\/\/xenonkungen.com\/produkt\/ledlenser-p7r-core-black-one\/#breadcrumb\",\"itemListElement\":[{\"@type\":\"ListItem\",\"position\":1,\"name\":\"Hem\",\"item\":\"https:\/\/xenonkungen.com\/\"},{\"@type\":\"ListItem\",\"position\":2,\"name\":\"Shop\",\"item\":\"https:\/\/xenonkungen.com\/shop\/\"},{\"@type\":\"ListItem\",\"position\":3,\"name\":\"LEDLENSER P7R CORE Black ONE\"}]},{\"@type\":\"WebSite\",\"@id\":\"https:\/\/xenonkungen.com\/#website\",\"url\":\"https:\/\/xenonkungen.com\/\",\"name\":\"Xenonkungen\",\"description\":\"\",\"potentialAction\":[{\"@type\":\"SearchAction\",\"target\":{\"@type\":\"EntryPoint\",\"urlTemplate\":\"https:\/\/xenonkungen.com\/?s={search_term_string}\"},\"query-input\":{\"@type\":\"PropertyValueSpecification\",\"valueRequired\":true,\"valueName\":\"search_term_string\"}}],\"inLanguage\":\"fi\"}]}<\/script>\n<!-- \/ Yoast SEO plugin. -->","yoast_head_json":{"title":"LEDLENSER P7R CORE Black ONE - Ksenonkuningas","robots":{"index":"index","follow":"follow","max-snippet":"max-snippet:-1","max-image-preview":"max-image-preview:large","max-video-preview":"max-video-preview:-1"},"canonical":"https:\/\/xenonkungen.com\/fi\/tuote\/ledlenser-p7r-valaisin-musta\/","og_locale":"fi_FI","og_type":"article","og_title":"LEDLENSER P7R CORE Black ONE - Xenonkungen","og_description":"1400 Lumen, Uppladdningsbart batteri","og_url":"https:\/\/xenonkungen.com\/fi\/tuote\/ledlenser-p7r-valaisin-musta\/","og_site_name":"Xenonkungen","article_modified_time":"2026-03-20T16:06:47+00:00","og_image":[{"width":1400,"height":500,"url":"https:\/\/xenonkungen.com\/wp-content\/uploads\/2025\/04\/13635_11zon.png","type":"image\/png"}],"twitter_card":"summary_large_image","twitter_misc":{"Arvioitu lukuaika":"1 minuutti"},"schema":{"@context":"https:\/\/schema.org","@graph":[{"@type":"WebPage","@id":"https:\/\/xenonkungen.com\/produkt\/ledlenser-p7r-core-black-one\/","url":"https:\/\/xenonkungen.com\/produkt\/ledlenser-p7r-core-black-one\/","name":"LEDLENSER P7R CORE Black ONE - Ksenonkuningas","isPartOf":{"@id":"https:\/\/xenonkungen.com\/#website"},"primaryImageOfPage":{"@id":"https:\/\/xenonkungen.com\/produkt\/ledlenser-p7r-core-black-one\/#primaryimage"},"image":{"@id":"https:\/\/xenonkungen.com\/produkt\/ledlenser-p7r-core-black-one\/#primaryimage"},"thumbnailUrl":"https:\/\/xenonkungen.com\/wp-content\/uploads\/2025\/04\/13635_11zon.png","datePublished":"2025-04-15T09:06:27+00:00","dateModified":"2026-03-20T16:06:47+00:00","breadcrumb":{"@id":"https:\/\/xenonkungen.com\/produkt\/ledlenser-p7r-core-black-one\/#breadcrumb"},"inLanguage":"fi","potentialAction":[{"@type":"ReadAction","target":["https:\/\/xenonkungen.com\/produkt\/ledlenser-p7r-core-black-one\/"]}]},{"@type":"ImageObject","inLanguage":"fi","@id":"https:\/\/xenonkungen.com\/produkt\/ledlenser-p7r-core-black-one\/#primaryimage","url":"https:\/\/xenonkungen.com\/wp-content\/uploads\/2025\/04\/13635_11zon.png","contentUrl":"https:\/\/xenonkungen.com\/wp-content\/uploads\/2025\/04\/13635_11zon.png","width":1400,"height":500},{"@type":"BreadcrumbList","@id":"https:\/\/xenonkungen.com\/produkt\/ledlenser-p7r-core-black-one\/#breadcrumb","itemListElement":[{"@type":"ListItem","position":1,"name":"Hem","item":"https:\/\/xenonkungen.com\/"},{"@type":"ListItem","position":2,"name":"Shop","item":"https:\/\/xenonkungen.com\/shop\/"},{"@type":"ListItem","position":3,"name":"LEDLENSER P7R CORE Black ONE"}]},{"@type":"WebSite","@id":"https:\/\/xenonkungen.com\/#website","url":"https:\/\/xenonkungen.com\/","name":"Xenonkungen","description":"","potentialAction":[{"@type":"SearchAction","target":{"@type":"EntryPoint","urlTemplate":"https:\/\/xenonkungen.com\/?s={search_term_string}"},"query-input":{"@type":"PropertyValueSpecification","valueRequired":true,"valueName":"search_term_string"}}],"inLanguage":"fi"}]}},"taxonomy_info":{"product_brand":[{"value":101,"label":"LEDLENSER"}],"product_cat":[{"value":1320,"label":"Ficklampor"}],"pa_fuktskydd-varde-ipxx":[{"value":177,"label":"IP68"}]},"featured_image_src_large":["https:\/\/xenonkungen.com\/wp-content\/uploads\/2025\/04\/13635_11zon-1024x366.png",1024,366,true],"author_info":[],"comment_info":0,"_links":{"self":[{"href":"https:\/\/xenonkungen.com\/fi\/wp-json\/wp\/v2\/product\/4136","targetHints":{"allow":["GET"]}}],"collection":[{"href":"https:\/\/xenonkungen.com\/fi\/wp-json\/wp\/v2\/product"}],"about":[{"href":"https:\/\/xenonkungen.com\/fi\/wp-json\/wp\/v2\/types\/product"}],"replies":[{"embeddable":true,"href":"https:\/\/xenonkungen.com\/fi\/wp-json\/wp\/v2\/comments?post=4136"}],"wp:featuredmedia":[{"embeddable":true,"href":"https:\/\/xenonkungen.com\/fi\/wp-json\/wp\/v2\/media\/4137"}],"wp:attachment":[{"href":"https:\/\/xenonkungen.com\/fi\/wp-json\/wp\/v2\/media?parent=4136"}],"wp:term":[{"taxonomy":"anvandningsomrade","embeddable":true,"href":"https:\/\/xenonkungen.com\/fi\/wp-json\/wp\/v2\/anvandningsomrade?post=4136"},{"taxonomy":"bilmarken","embeddable":true,"href":"https:\/\/xenonkungen.com\/fi\/wp-json\/wp\/v2\/bilmarken?post=4136"},{"taxonomy":"product_brand","embeddable":true,"href":"https:\/\/xenonkungen.com\/fi\/wp-json\/wp\/v2\/product_brand?post=4136"},{"taxonomy":"product_cat","embeddable":true,"href":"https:\/\/xenonkungen.com\/fi\/wp-json\/wp\/v2\/product_cat?post=4136"},{"taxonomy":"product_tag","embeddable":true,"href":"https:\/\/xenonkungen.com\/fi\/wp-json\/wp\/v2\/product_tag?post=4136"}],"curies":[{"name":"wp","href":"https:\/\/api.w.org\/{rel}","templated":true}]}}