{"id":4199,"date":"2025-04-15T09:07:53","date_gmt":"2025-04-15T09:07:53","guid":{"rendered":"https:\/\/xenonkungen.com\/product\/ledis-on-interiorljus-o130mmtouch\/"},"modified":"2025-12-10T14:44:58","modified_gmt":"2025-12-10T13:44:58","slug":"led-valot-sisavalossa-o130mmtouch","status":"publish","type":"product","link":"https:\/\/xenonkungen.com\/fi\/tuote\/led-valot-sisavalossa-o130mmtouch\/","title":{"rendered":"LEDIS-ON\u00ae Sis\u00e4valo \u00d8130mm|Touch"},"content":{"rendered":"<h1>Ledison\u00ae py\u00f6re\u00e4 sis\u00e4valo kosketustoiminnolla<\/h1>\n<p>P\u00e4ivit\u00e4 ajoneuvosi t\u00e4ll\u00e4 tyylikk\u00e4\u00e4ll\u00e4 ja toiminnallisella sis\u00e4valolla, joka sopii t\u00e4ydellisesti valon lis\u00e4\u00e4miseen k\u00e4ytt\u00e4j\u00e4yst\u00e4v\u00e4llisell\u00e4 ja kest\u00e4v\u00e4ll\u00e4 tavalla.<\/p>\n<div class=\"specifications\">\n<h2>Tekniset tiedot:<\/h2>\n<ul>\n<li><span class=\"highlight\">Toiminto:<\/span> Kosketus helpottaa k\u00e4sittely\u00e4.<\/li>\n<li><span class=\"highlight\">Valon sironta:<\/span> Homogeeninen l\u00e4pin\u00e4kym\u00e4tt\u00f6m\u00e4n lasin ansiosta.<\/li>\n<li><span class=\"highlight\">Materiaali:<\/span> Muovia ja polykarbonaattia ohutta ja kest\u00e4v\u00e4\u00e4 rakennetta varten.<\/li>\n<\/ul>\n<h2>Ominaisuudet:<\/h2>\n<ul>\n<li>Tarjoaa valoisan ja viihtyis\u00e4n ymp\u00e4rist\u00f6n ajoneuvoon.<\/li>\n<li>Riitt\u00e4v\u00e4n kest\u00e4v\u00e4 kest\u00e4m\u00e4\u00e4n p\u00e4ivitt\u00e4ist\u00e4 kulutusta.<\/li>\n<li>Tyylik\u00e4s muotoilu, joka sopii mihin tahansa ajoneuvoon.<\/li>\n<li>Helppok\u00e4ytt\u00f6inen ja k\u00e4yt\u00e4nn\u00f6llinen kosketustoiminto.<\/li>\n<\/ul>\n<p><strong>Hyv\u00e4 tiet\u00e4\u00e4<\/strong><br \/>Valaisin voidaan helposti ottaa k\u00e4ytt\u00f6\u00f6n ottamalla virtaa olemassa olevasta valaistuksesta, sill\u00e4 sen kulutus on vain wattia. Pienen painonsa ansiosta ne voidaan ruuvata suoraan olemassa oleviin kattopaneeleihin tai vastaaviin.<\/p>","protected":false},"excerpt":{"rendered":"<p>LED-sis\u00e4valot<br \/>\nPy\u00f6re\u00e4 LED-valaisin, joka on kevyt ja valovoimainen.<\/p>\n<p>Toiminto<br \/>\nKosketuspainikkeella, joten sen voi kytke\u00e4 p\u00e4\u00e4lle ja pois erikseen<\/p>\n<p>Multivolt<br \/>\n9\u201332 volttia. T\u00e4m\u00e4 varmistaa, ett\u00e4 se toimii yht\u00e4 hyvin sek\u00e4 suurissa ett\u00e4 pieniss\u00e4 ajoneuvoissa.<\/p>\n<p>Todistus<br \/>\nECE-s\u00e4\u00e4nt\u00f6 10, E9, IP67<\/p>","protected":false},"featured_media":4200,"comment_status":"closed","ping_status":"closed","template":"","meta":{"_acf_changed":false,"_smort_price_nok":"341","_smort_price_dkk":"216","_smort_price_eur":"29","_smort_sale_price_nok":"","_smort_sale_price_dkk":"","_smort_sale_price_eur":"","smort_restorder":"","shipmondo_restorder":"","_kad_blocks_custom_css":"","_kad_blocks_head_custom_js":"","_kad_blocks_body_custom_js":"","_kad_blocks_footer_custom_js":"","smort_custom_pricelist_1":"204.16","smort_custom_pricelist_2":"178.64","smort_custom_pricelist_3":"169.71","smort_custom_pricelist_4":"255.2","smort_custom_pricelist_5":"178.64"},"anvandningsomrade":[166,238,2816],"bilmarken":[],"product_brand":[100],"product_cat":[2586],"product_tag":[],"class_list":{"0":"post-4199","1":"product","2":"type-product","3":"status-publish","4":"has-post-thumbnail","6":"anvandningsomrade-lastbil","7":"anvandningsomrade-slap","8":"anvandningsomrade-trailer","9":"product_brand-ledis-on","10":"product_cat-interiorbelysning-slap","11":"pa_fuktskydd-varde-ipxx-ip67","12":"pa_godkannande-ece-r10-e9","13":"pa_led-chips-effekt-w-994","14":"pa_stromforbrukning-04a24v","15":"pa_stromforbrukning-08a12v","16":"pa_volt-v-multivolt-10-12-16-18-24-28-30","18":"first","19":"instock","20":"taxable","21":"shipping-taxable","22":"purchasable","23":"product-type-simple"},"bundled_by":[],"bundle_stock_status":"instock","bundle_stock_quantity":19,"bundle_virtual":false,"bundle_layout":"","bundle_add_to_cart_form_location":"","bundle_editable_in_cart":false,"bundle_sold_individually_context":"","bundle_item_grouping":"","bundle_min_size":"","bundle_max_size":"","bundle_price":[],"bundled_items":[],"bundle_sell_ids":[],"acf":[],"yoast_head":"<!-- This site is optimized with the Yoast SEO plugin v27.0 - https:\/\/yoast.com\/product\/yoast-seo-wordpress\/ -->\n<title>LEDIS-ON\u00ae Interi\u00f6rljus \u00d8130mm|Touch - Xenonkungen<\/title>\n<meta name=\"robots\" content=\"index, follow, max-snippet:-1, max-image-preview:large, max-video-preview:-1\" \/>\n<link rel=\"canonical\" href=\"https:\/\/xenonkungen.com\/fi\/tuote\/led-valot-sisavalossa-o130mmtouch\/\" \/>\n<meta property=\"og:locale\" content=\"fi_FI\" \/>\n<meta property=\"og:type\" content=\"article\" \/>\n<meta property=\"og:title\" content=\"LEDIS-ON\u00ae Interi\u00f6rljus \u00d8130mm|Touch - Xenonkungen\" \/>\n<meta property=\"og:description\" content=\"LED interi\u00f6rljus Rund Ledarmatur med l\u00e5g vikt och mycket ljus. Funktion Touchknapp, s\u00e5 att den kan t\u00e4ndas och sl\u00e4ckas individuellt Multivolt 9-32Volt. Vilket s\u00e4kerst\u00e4ller att den fungerar lika bra p\u00e5 b\u00e5de stora och sm\u00e5 fordon. Certifikat ECE R10 E9 IP67\" \/>\n<meta property=\"og:url\" content=\"https:\/\/xenonkungen.com\/fi\/tuote\/led-valot-sisavalossa-o130mmtouch\/\" \/>\n<meta property=\"og:site_name\" content=\"Xenonkungen\" \/>\n<meta property=\"article:modified_time\" content=\"2025-12-10T13:44:58+00:00\" \/>\n<meta property=\"og:image\" content=\"https:\/\/xenonkungen.com\/wp-content\/uploads\/2025\/04\/172684957-origpic-72d08e.png\" \/>\n\t<meta property=\"og:image:width\" content=\"1000\" \/>\n\t<meta property=\"og:image:height\" content=\"1000\" \/>\n\t<meta property=\"og:image:type\" content=\"image\/png\" \/>\n<meta name=\"twitter:card\" content=\"summary_large_image\" \/>\n<meta name=\"twitter:label1\" content=\"Arvioitu lukuaika\" \/>\n\t<meta name=\"twitter:data1\" content=\"1 minuutti\" \/>\n<script type=\"application\/ld+json\" class=\"yoast-schema-graph\">{\"@context\":\"https:\/\/schema.org\",\"@graph\":[{\"@type\":\"WebPage\",\"@id\":\"https:\/\/xenonkungen.com\/produkt\/ledis-on-interiorljus-o130mmtouch\/\",\"url\":\"https:\/\/xenonkungen.com\/produkt\/ledis-on-interiorljus-o130mmtouch\/\",\"name\":\"LEDIS-ON\u00ae Interi\u00f6rljus \u00d8130mm|Touch - Xenonkungen\",\"isPartOf\":{\"@id\":\"https:\/\/xenonkungen.com\/#website\"},\"primaryImageOfPage\":{\"@id\":\"https:\/\/xenonkungen.com\/produkt\/ledis-on-interiorljus-o130mmtouch\/#primaryimage\"},\"image\":{\"@id\":\"https:\/\/xenonkungen.com\/produkt\/ledis-on-interiorljus-o130mmtouch\/#primaryimage\"},\"thumbnailUrl\":\"https:\/\/xenonkungen.com\/wp-content\/uploads\/2025\/04\/172684957-origpic-72d08e.png\",\"datePublished\":\"2025-04-15T09:07:53+00:00\",\"dateModified\":\"2025-12-10T13:44:58+00:00\",\"breadcrumb\":{\"@id\":\"https:\/\/xenonkungen.com\/produkt\/ledis-on-interiorljus-o130mmtouch\/#breadcrumb\"},\"inLanguage\":\"fi\",\"potentialAction\":[{\"@type\":\"ReadAction\",\"target\":[\"https:\/\/xenonkungen.com\/produkt\/ledis-on-interiorljus-o130mmtouch\/\"]}]},{\"@type\":\"ImageObject\",\"inLanguage\":\"fi\",\"@id\":\"https:\/\/xenonkungen.com\/produkt\/ledis-on-interiorljus-o130mmtouch\/#primaryimage\",\"url\":\"https:\/\/xenonkungen.com\/wp-content\/uploads\/2025\/04\/172684957-origpic-72d08e.png\",\"contentUrl\":\"https:\/\/xenonkungen.com\/wp-content\/uploads\/2025\/04\/172684957-origpic-72d08e.png\",\"width\":1000,\"height\":1000},{\"@type\":\"BreadcrumbList\",\"@id\":\"https:\/\/xenonkungen.com\/produkt\/ledis-on-interiorljus-o130mmtouch\/#breadcrumb\",\"itemListElement\":[{\"@type\":\"ListItem\",\"position\":1,\"name\":\"Hem\",\"item\":\"https:\/\/xenonkungen.com\/\"},{\"@type\":\"ListItem\",\"position\":2,\"name\":\"Shop\",\"item\":\"https:\/\/xenonkungen.com\/shop\/\"},{\"@type\":\"ListItem\",\"position\":3,\"name\":\"LEDIS-ON\u00ae Interi\u00f6rljus \u00d8130mm|Touch\"}]},{\"@type\":\"WebSite\",\"@id\":\"https:\/\/xenonkungen.com\/#website\",\"url\":\"https:\/\/xenonkungen.com\/\",\"name\":\"Xenonkungen\",\"description\":\"\",\"potentialAction\":[{\"@type\":\"SearchAction\",\"target\":{\"@type\":\"EntryPoint\",\"urlTemplate\":\"https:\/\/xenonkungen.com\/?s={search_term_string}\"},\"query-input\":{\"@type\":\"PropertyValueSpecification\",\"valueRequired\":true,\"valueName\":\"search_term_string\"}}],\"inLanguage\":\"fi\"}]}<\/script>\n<!-- \/ Yoast SEO plugin. -->","yoast_head_json":{"title":"LEDIS-ON\u00ae Sis\u00e4valo \u00d8130mm|Touch - Xenon-kuningas","robots":{"index":"index","follow":"follow","max-snippet":"max-snippet:-1","max-image-preview":"max-image-preview:large","max-video-preview":"max-video-preview:-1"},"canonical":"https:\/\/xenonkungen.com\/fi\/tuote\/led-valot-sisavalossa-o130mmtouch\/","og_locale":"fi_FI","og_type":"article","og_title":"LEDIS-ON\u00ae Interi\u00f6rljus \u00d8130mm|Touch - Xenonkungen","og_description":"LED interi\u00f6rljus Rund Ledarmatur med l\u00e5g vikt och mycket ljus. Funktion Touchknapp, s\u00e5 att den kan t\u00e4ndas och sl\u00e4ckas individuellt Multivolt 9-32Volt. Vilket s\u00e4kerst\u00e4ller att den fungerar lika bra p\u00e5 b\u00e5de stora och sm\u00e5 fordon. Certifikat ECE R10 E9 IP67","og_url":"https:\/\/xenonkungen.com\/fi\/tuote\/led-valot-sisavalossa-o130mmtouch\/","og_site_name":"Xenonkungen","article_modified_time":"2025-12-10T13:44:58+00:00","og_image":[{"width":1000,"height":1000,"url":"https:\/\/xenonkungen.com\/wp-content\/uploads\/2025\/04\/172684957-origpic-72d08e.png","type":"image\/png"}],"twitter_card":"summary_large_image","twitter_misc":{"Arvioitu lukuaika":"1 minuutti"},"schema":{"@context":"https:\/\/schema.org","@graph":[{"@type":"WebPage","@id":"https:\/\/xenonkungen.com\/produkt\/ledis-on-interiorljus-o130mmtouch\/","url":"https:\/\/xenonkungen.com\/produkt\/ledis-on-interiorljus-o130mmtouch\/","name":"LEDIS-ON\u00ae Sis\u00e4valo \u00d8130mm|Touch - Xenon-kuningas","isPartOf":{"@id":"https:\/\/xenonkungen.com\/#website"},"primaryImageOfPage":{"@id":"https:\/\/xenonkungen.com\/produkt\/ledis-on-interiorljus-o130mmtouch\/#primaryimage"},"image":{"@id":"https:\/\/xenonkungen.com\/produkt\/ledis-on-interiorljus-o130mmtouch\/#primaryimage"},"thumbnailUrl":"https:\/\/xenonkungen.com\/wp-content\/uploads\/2025\/04\/172684957-origpic-72d08e.png","datePublished":"2025-04-15T09:07:53+00:00","dateModified":"2025-12-10T13:44:58+00:00","breadcrumb":{"@id":"https:\/\/xenonkungen.com\/produkt\/ledis-on-interiorljus-o130mmtouch\/#breadcrumb"},"inLanguage":"fi","potentialAction":[{"@type":"ReadAction","target":["https:\/\/xenonkungen.com\/produkt\/ledis-on-interiorljus-o130mmtouch\/"]}]},{"@type":"ImageObject","inLanguage":"fi","@id":"https:\/\/xenonkungen.com\/produkt\/ledis-on-interiorljus-o130mmtouch\/#primaryimage","url":"https:\/\/xenonkungen.com\/wp-content\/uploads\/2025\/04\/172684957-origpic-72d08e.png","contentUrl":"https:\/\/xenonkungen.com\/wp-content\/uploads\/2025\/04\/172684957-origpic-72d08e.png","width":1000,"height":1000},{"@type":"BreadcrumbList","@id":"https:\/\/xenonkungen.com\/produkt\/ledis-on-interiorljus-o130mmtouch\/#breadcrumb","itemListElement":[{"@type":"ListItem","position":1,"name":"Hem","item":"https:\/\/xenonkungen.com\/"},{"@type":"ListItem","position":2,"name":"Shop","item":"https:\/\/xenonkungen.com\/shop\/"},{"@type":"ListItem","position":3,"name":"LEDIS-ON\u00ae Interi\u00f6rljus \u00d8130mm|Touch"}]},{"@type":"WebSite","@id":"https:\/\/xenonkungen.com\/#website","url":"https:\/\/xenonkungen.com\/","name":"Xenonkungen","description":"","potentialAction":[{"@type":"SearchAction","target":{"@type":"EntryPoint","urlTemplate":"https:\/\/xenonkungen.com\/?s={search_term_string}"},"query-input":{"@type":"PropertyValueSpecification","valueRequired":true,"valueName":"search_term_string"}}],"inLanguage":"fi"}]}},"taxonomy_info":{"anvandningsomrade":[{"value":166,"label":"Lastbil"},{"value":238,"label":"SL\u00c4P"},{"value":2816,"label":"TRAILER"}],"product_brand":[{"value":100,"label":"LEDIS-ON"}],"product_cat":[{"value":2586,"label":"Interi\u00f6rbelysning"}],"pa_fuktskydd-varde-ipxx":[{"value":333,"label":"IP67"}],"pa_godkannande":[{"value":806,"label":"ECE, R10, E9"}],"pa_led-chips-effekt-w":[{"value":994,"label":"96"}],"pa_stromforbrukning":[{"value":928,"label":"0,4A@24V"},{"value":927,"label":"0,8A@12V"}],"pa_volt-v":[{"value":773,"label":"Multivolt, 10, 12, 16, 18, 24, 28, 30"}]},"featured_image_src_large":["https:\/\/xenonkungen.com\/wp-content\/uploads\/2025\/04\/172684957-origpic-72d08e.png",1000,1000,false],"author_info":[],"comment_info":0,"_links":{"self":[{"href":"https:\/\/xenonkungen.com\/fi\/wp-json\/wp\/v2\/product\/4199","targetHints":{"allow":["GET"]}}],"collection":[{"href":"https:\/\/xenonkungen.com\/fi\/wp-json\/wp\/v2\/product"}],"about":[{"href":"https:\/\/xenonkungen.com\/fi\/wp-json\/wp\/v2\/types\/product"}],"replies":[{"embeddable":true,"href":"https:\/\/xenonkungen.com\/fi\/wp-json\/wp\/v2\/comments?post=4199"}],"wp:featuredmedia":[{"embeddable":true,"href":"https:\/\/xenonkungen.com\/fi\/wp-json\/wp\/v2\/media\/4200"}],"wp:attachment":[{"href":"https:\/\/xenonkungen.com\/fi\/wp-json\/wp\/v2\/media?parent=4199"}],"wp:term":[{"taxonomy":"anvandningsomrade","embeddable":true,"href":"https:\/\/xenonkungen.com\/fi\/wp-json\/wp\/v2\/anvandningsomrade?post=4199"},{"taxonomy":"bilmarken","embeddable":true,"href":"https:\/\/xenonkungen.com\/fi\/wp-json\/wp\/v2\/bilmarken?post=4199"},{"taxonomy":"product_brand","embeddable":true,"href":"https:\/\/xenonkungen.com\/fi\/wp-json\/wp\/v2\/product_brand?post=4199"},{"taxonomy":"product_cat","embeddable":true,"href":"https:\/\/xenonkungen.com\/fi\/wp-json\/wp\/v2\/product_cat?post=4199"},{"taxonomy":"product_tag","embeddable":true,"href":"https:\/\/xenonkungen.com\/fi\/wp-json\/wp\/v2\/product_tag?post=4199"}],"curies":[{"name":"wp","href":"https:\/\/api.w.org\/{rel}","templated":true}]}}