{"id":4273,"date":"2025-04-15T09:09:11","date_gmt":"2025-04-15T09:09:11","guid":{"rendered":"https:\/\/xenonkungen.com\/product\/lazer-triple-r-1000-elite-extraljusramp-157-410-mm-lba\/"},"modified":"2026-04-24T17:24:24","modified_gmt":"2026-04-24T16:24:24","slug":"lazer-triple-r-1000-elite-extra-light-ramp-157-410-mm-lba","status":"publish","type":"product","link":"https:\/\/xenonkungen.com\/fi\/tuote\/lazer-triple-r-1000-elite-extra-light-ramp-157-410-mm-lba\/","title":{"rendered":"Lazer Triple-R 1000 Elite extra kevyt ramppi 15.7\u2033 (410 mm) LBA"},"content":{"rendered":"<h2>Triple-R Elite - p\u00e4\u00e4llekk\u00e4isvalo niille, jotka eiv\u00e4t uskalla tehd\u00e4 kompromisseja.<\/h2>\n<p><strong>Lazer Triple-R Elite -sarja<\/strong> on suunniteltu niille, jotka vaativat parasta - ajoitpa sitten kilpaa, ty\u00f6skentelet ammattimaisesti tai haluat vain \u00e4\u00e4rimm\u00e4ist\u00e4 suorituskyky\u00e4 tien p\u00e4\u00e4ll\u00e4. Valikoima perustuu samaan tekniikkaan, jota k\u00e4ytet\u00e4\u00e4n ammattimaisessa moottoriurheilussa, mutta se on hienos\u00e4\u00e4detty vastaamaan henkil\u00f6autojen, pick-upien, pakettiautojen ja raskaiden ajoneuvojen tarpeita - niin maastossa kuin maastossa.<\/p>\n<h3>Elite-sarja - Maksimaalinen kirkkaus ja hyllytilaa<\/h3>\n<p>Elite-mallit tarjoavat <strong>suurempi kirkkaus ja pidempi heittopituus<\/strong> Triple-R-sarjan vakiomalleihin. Edistyksellinen LED-tekniikka yhdistettyn\u00e4 optimoituun heijastimeen ei ainoastaan tarjoa vaikuttavaa valokeilan leveytt\u00e4, vaan valo my\u00f6s levi\u00e4\u00e4 tehokkaasti koko leveydelle ja valaisee koko ajoradan etuosan erinomaisesti.<\/p>\n<h3>L\u00e4hivaloavustin - \u00c4lyk\u00e4s valo, joka ajattelee sinua.<\/h3>\n<p>Triple-R Elite on saatavana kahdessa pituudessa, <strong>410 mm ja 590 mm<\/strong>, ja niiss\u00e4 on <strong>L\u00e4hivaloavustin<\/strong> - \u00e4lyk\u00e4s ominaisuus, jossa on sis\u00e4\u00e4nrakennetut anturit, jotka s\u00e4\u00e4t\u00e4v\u00e4t automaattisesti valokuviota, kun kohtaat muita ajoneuvoja pime\u00e4ss\u00e4. Sinun ei tarvitse sulautua, mutta samalla pid\u00e4t valon tiell\u00e4, jotta n\u00e4et mahdolliset vaaratilanteet k\u00e4yt\u00e4v\u00e4n ulkopuolella.<\/p>\n<h3>E-Boost - Kun haluat t\u00e4yden os:n<\/h3>\n<p>Yhdell\u00e4 napautuksella aktivoit <strong>E-Boost-tiimi<\/strong>, joka antaa sinulle eritt\u00e4in kirkkaan lis\u00e4valon, kun matkustat syrj\u00e4isill\u00e4 alueilla tai maastossa. Aiotko ajaa yleisill\u00e4 teill\u00e4? Ei h\u00e4t\u00e4\u00e4 - vaihda vain takaisin siihen <strong>S\u00e4hk\u00f6isen hyv\u00e4ksynn\u00e4n ryhm\u00e4<\/strong>, joka antaa silti vahvan ja hyv\u00e4ksytt\u00e4v\u00e4n valon kuvan tieliikenteelle.<\/p>\n<h3>T\u00e4ydellinen kattoasennukseen<\/h3>\n<p>Joustava korkeus vain <strong>73 mm<\/strong> ja syvyys <strong>105 mm<\/strong> tekee n\u00e4ist\u00e4 valopalkeista t\u00e4ydellisi\u00e4 kattoasennukseen. Kapea yl\u00f6s\/alas-levitys minimoi konepellin heijastukset - saat t\u00e4yden n\u00e4kyvyyden ilman h\u00e4iritsev\u00e4\u00e4 sekoittumista.<\/p>\n<h3>Yhteenveto - Miksi valita Triple-R Elite?<\/h3>\n<ul>\n<li>Suurempi kirkkaus ja pidempi telineen leveys kuin vakiomalleissa.<\/li>\n<li>Saatavana pituudet 410 mm ja 590 mm<\/li>\n<li>L\u00e4hivaloavustin: mukauttaa automaattisesti valokuvion vastaantulevan liikenteen mukaan.<\/li>\n<li>E-Boost-toiminto: maksimiteho vaunun ulkopuolella<\/li>\n<li>E-goodkant alhainen p\u00e4ivystysliikenteess\u00e4<\/li>\n<li>Optimoitu kattoasennukseen ilman sekoittamista<\/li>\n<li>Sopii henkil\u00f6autoihin, pick-upeihin, pakettiautoihin ja kuorma-autoihin.<\/li>\n<\/ul>\n<p><strong>Triple-R Elite<\/strong> on valinta niille, jotka eiv\u00e4t koskaan tyydy toiseksi parhaaseen. Matkustitpa sitten y\u00f6ll\u00e4, liikematkalla tai t\u00f6iss\u00e4 - saat valon, joka toimii joka kerta.<\/p>","protected":false},"excerpt":{"rendered":"<p>Triple-R Elite \u2013 Overlagset ljus for dig som vagar inte kompromissa Lazer Triple-R Elite-serien ar framtagen for dig som kravar det absolut basta \u2013 oavsett om du kor rally, arbetar professionellt eller helt enkelt vill ha extrem prestanda pa vagen. Serien bygger pa samma teknik som anvands i den professionella motorsportvarlden, men har finslipats for [&hellip;]<\/p>","protected":false},"featured_media":4274,"comment_status":"closed","ping_status":"open","template":"","meta":{"_acf_changed":false,"_smort_price_nok":"11616","_smort_price_dkk":"7379","_smort_price_eur":"988.59","_smort_sale_price_nok":"","_smort_sale_price_dkk":"","_smort_sale_price_eur":"","smort_restorder":"","shipmondo_restorder":"","_kad_blocks_custom_css":"","_kad_blocks_head_custom_js":"","_kad_blocks_body_custom_js":"","_kad_blocks_footer_custom_js":"","smort_custom_pricelist_1":"6960","smort_custom_pricelist_2":"6960","smort_custom_pricelist_3":"6960","smort_custom_pricelist_4":"8700","smort_custom_pricelist_5":"6960"},"anvandningsomrade":[],"bilmarken":[],"product_brand":[1124],"product_cat":[2561,2966,2539],"product_tag":[2735],"class_list":{"0":"post-4273","1":"product","2":"type-product","3":"status-publish","4":"has-post-thumbnail","6":"product_brand-lazer","7":"product_cat-lazer","8":"product_cat-ledramp-rak","9":"product_cat-ledramper","10":"product_tag-lazer","11":"pa_fargtemperatur-5000k","12":"pa_fuktskydd-varde-ipxx-ip67","13":"pa_godkannande-ece-r112","14":"pa_lampsockel-kontakt-superseal","15":"pa_led-chips-effekt-w-1352","16":"pa_storlek-mm-410x73x105","17":"pa_stromforbrukning-66a144v","18":"pa_volt-v-multivolt-10-12-16-18-24-28-30-32","20":"first","21":"onbackorder","22":"taxable","23":"shipping-taxable","24":"purchasable","25":"product-type-simple"},"bundled_by":[],"bundle_stock_status":"onbackorder","bundle_stock_quantity":0,"bundle_virtual":false,"bundle_layout":"","bundle_add_to_cart_form_location":"","bundle_editable_in_cart":false,"bundle_sold_individually_context":"","bundle_item_grouping":"","bundle_min_size":"","bundle_max_size":"","bundle_price":[],"bundled_items":[],"bundle_sell_ids":[],"acf":[],"yoast_head":"<!-- This site is optimized with the Yoast SEO plugin v27.0 - https:\/\/yoast.com\/product\/yoast-seo-wordpress\/ -->\n<title>Lazer Triple-R 1000 Elite extraljusramp 15,7&quot; (410 mm) LBA - Xenonkungen<\/title>\n<meta name=\"robots\" content=\"index, follow, max-snippet:-1, max-image-preview:large, max-video-preview:-1\" \/>\n<link rel=\"canonical\" href=\"https:\/\/xenonkungen.com\/fi\/tuote\/lazer-triple-r-1000-elite-extra-light-ramp-157-410-mm-lba\/\" \/>\n<meta property=\"og:locale\" content=\"fi_FI\" \/>\n<meta property=\"og:type\" content=\"article\" \/>\n<meta property=\"og:title\" content=\"Lazer Triple-R 1000 Elite extraljusramp 15,7&quot; (410 mm) LBA - Xenonkungen\" \/>\n<meta property=\"og:description\" content=\"Triple-R Elite \u2013 Overlagset ljus for dig som vagar inte kompromissa Lazer Triple-R Elite-serien ar framtagen for dig som kravar det absolut basta \u2013 oavsett om du kor rally, arbetar professionellt eller helt enkelt vill ha extrem prestanda pa vagen. Serien bygger pa samma teknik som anvands i den professionella motorsportvarlden, men har finslipats for [&hellip;]\" \/>\n<meta property=\"og:url\" content=\"https:\/\/xenonkungen.com\/fi\/tuote\/lazer-triple-r-1000-elite-extra-light-ramp-157-410-mm-lba\/\" \/>\n<meta property=\"og:site_name\" content=\"Xenonkungen\" \/>\n<meta property=\"article:modified_time\" content=\"2026-04-24T16:24:24+00:00\" \/>\n<meta property=\"og:image\" content=\"https:\/\/xenonkungen.com\/wp-content\/uploads\/2025\/04\/159239_itemimage_mainfront.jpg\" \/>\n\t<meta property=\"og:image:width\" content=\"2048\" \/>\n\t<meta property=\"og:image:height\" content=\"1536\" \/>\n\t<meta property=\"og:image:type\" content=\"image\/jpeg\" \/>\n<meta name=\"twitter:card\" content=\"summary_large_image\" \/>\n<meta name=\"twitter:label1\" content=\"Arvioitu lukuaika\" \/>\n\t<meta name=\"twitter:data1\" content=\"2 minuuttia\" \/>\n<script type=\"application\/ld+json\" class=\"yoast-schema-graph\">{\"@context\":\"https:\/\/schema.org\",\"@graph\":[{\"@type\":\"WebPage\",\"@id\":\"https:\/\/xenonkungen.com\/de\/produkt\/lazer-triple-r-1000-elite-extra-light-rampe-157-410-mm-lba\/\",\"url\":\"https:\/\/xenonkungen.com\/de\/produkt\/lazer-triple-r-1000-elite-extra-light-rampe-157-410-mm-lba\/\",\"name\":\"Lazer Triple-R 1000 Elite extraljusramp 15,7\\\" (410 mm) LBA - Xenonkungen\",\"isPartOf\":{\"@id\":\"https:\/\/xenonkungen.com\/#website\"},\"primaryImageOfPage\":{\"@id\":\"https:\/\/xenonkungen.com\/de\/produkt\/lazer-triple-r-1000-elite-extra-light-rampe-157-410-mm-lba\/#primaryimage\"},\"image\":{\"@id\":\"https:\/\/xenonkungen.com\/de\/produkt\/lazer-triple-r-1000-elite-extra-light-rampe-157-410-mm-lba\/#primaryimage\"},\"thumbnailUrl\":\"https:\/\/xenonkungen.com\/wp-content\/uploads\/2025\/04\/159239_itemimage_mainfront.jpg\",\"datePublished\":\"2025-04-15T09:09:11+00:00\",\"dateModified\":\"2026-04-24T16:24:24+00:00\",\"breadcrumb\":{\"@id\":\"https:\/\/xenonkungen.com\/de\/produkt\/lazer-triple-r-1000-elite-extra-light-rampe-157-410-mm-lba\/#breadcrumb\"},\"inLanguage\":\"fi\",\"potentialAction\":[{\"@type\":\"ReadAction\",\"target\":[\"https:\/\/xenonkungen.com\/de\/produkt\/lazer-triple-r-1000-elite-extra-light-rampe-157-410-mm-lba\/\"]}]},{\"@type\":\"ImageObject\",\"inLanguage\":\"fi\",\"@id\":\"https:\/\/xenonkungen.com\/de\/produkt\/lazer-triple-r-1000-elite-extra-light-rampe-157-410-mm-lba\/#primaryimage\",\"url\":\"https:\/\/xenonkungen.com\/wp-content\/uploads\/2025\/04\/159239_itemimage_mainfront.jpg\",\"contentUrl\":\"https:\/\/xenonkungen.com\/wp-content\/uploads\/2025\/04\/159239_itemimage_mainfront.jpg\",\"width\":2048,\"height\":1536},{\"@type\":\"BreadcrumbList\",\"@id\":\"https:\/\/xenonkungen.com\/de\/produkt\/lazer-triple-r-1000-elite-extra-light-rampe-157-410-mm-lba\/#breadcrumb\",\"itemListElement\":[{\"@type\":\"ListItem\",\"position\":1,\"name\":\"Hem\",\"item\":\"https:\/\/xenonkungen.com\/\"},{\"@type\":\"ListItem\",\"position\":2,\"name\":\"Shop\",\"item\":\"https:\/\/xenonkungen.com\/shop\/\"},{\"@type\":\"ListItem\",\"position\":3,\"name\":\"Lazer Triple-R 1000 Elite extraljusramp 15,7&#8243; (410 mm) LBA\"}]},{\"@type\":\"WebSite\",\"@id\":\"https:\/\/xenonkungen.com\/#website\",\"url\":\"https:\/\/xenonkungen.com\/\",\"name\":\"Xenonkungen\",\"description\":\"\",\"potentialAction\":[{\"@type\":\"SearchAction\",\"target\":{\"@type\":\"EntryPoint\",\"urlTemplate\":\"https:\/\/xenonkungen.com\/?s={search_term_string}\"},\"query-input\":{\"@type\":\"PropertyValueSpecification\",\"valueRequired\":true,\"valueName\":\"search_term_string\"}}],\"inLanguage\":\"fi\"}]}<\/script>\n<!-- \/ Yoast SEO plugin. -->","yoast_head_json":{"title":"Lazer Triple-R 1000 Elite lis\u00e4valopalkki 15,7&quot; (410 mm) LBA - Xenon-kuningas","robots":{"index":"index","follow":"follow","max-snippet":"max-snippet:-1","max-image-preview":"max-image-preview:large","max-video-preview":"max-video-preview:-1"},"canonical":"https:\/\/xenonkungen.com\/fi\/tuote\/lazer-triple-r-1000-elite-extra-light-ramp-157-410-mm-lba\/","og_locale":"fi_FI","og_type":"article","og_title":"Lazer Triple-R 1000 Elite extraljusramp 15,7\" (410 mm) LBA - Xenonkungen","og_description":"Triple-R Elite \u2013 Overlagset ljus for dig som vagar inte kompromissa Lazer Triple-R Elite-serien ar framtagen for dig som kravar det absolut basta \u2013 oavsett om du kor rally, arbetar professionellt eller helt enkelt vill ha extrem prestanda pa vagen. Serien bygger pa samma teknik som anvands i den professionella motorsportvarlden, men har finslipats for [&hellip;]","og_url":"https:\/\/xenonkungen.com\/fi\/tuote\/lazer-triple-r-1000-elite-extra-light-ramp-157-410-mm-lba\/","og_site_name":"Xenonkungen","article_modified_time":"2026-04-24T16:24:24+00:00","og_image":[{"width":2048,"height":1536,"url":"https:\/\/xenonkungen.com\/wp-content\/uploads\/2025\/04\/159239_itemimage_mainfront.jpg","type":"image\/jpeg"}],"twitter_card":"summary_large_image","twitter_misc":{"Arvioitu lukuaika":"2 minuuttia"},"schema":{"@context":"https:\/\/schema.org","@graph":[{"@type":"WebPage","@id":"https:\/\/xenonkungen.com\/de\/produkt\/lazer-triple-r-1000-elite-extra-light-rampe-157-410-mm-lba\/","url":"https:\/\/xenonkungen.com\/de\/produkt\/lazer-triple-r-1000-elite-extra-light-rampe-157-410-mm-lba\/","name":"Lazer Triple-R 1000 Elite lis\u00e4valopalkki 15,7&quot; (410 mm) LBA - Xenon-kuningas","isPartOf":{"@id":"https:\/\/xenonkungen.com\/#website"},"primaryImageOfPage":{"@id":"https:\/\/xenonkungen.com\/de\/produkt\/lazer-triple-r-1000-elite-extra-light-rampe-157-410-mm-lba\/#primaryimage"},"image":{"@id":"https:\/\/xenonkungen.com\/de\/produkt\/lazer-triple-r-1000-elite-extra-light-rampe-157-410-mm-lba\/#primaryimage"},"thumbnailUrl":"https:\/\/xenonkungen.com\/wp-content\/uploads\/2025\/04\/159239_itemimage_mainfront.jpg","datePublished":"2025-04-15T09:09:11+00:00","dateModified":"2026-04-24T16:24:24+00:00","breadcrumb":{"@id":"https:\/\/xenonkungen.com\/de\/produkt\/lazer-triple-r-1000-elite-extra-light-rampe-157-410-mm-lba\/#breadcrumb"},"inLanguage":"fi","potentialAction":[{"@type":"ReadAction","target":["https:\/\/xenonkungen.com\/de\/produkt\/lazer-triple-r-1000-elite-extra-light-rampe-157-410-mm-lba\/"]}]},{"@type":"ImageObject","inLanguage":"fi","@id":"https:\/\/xenonkungen.com\/de\/produkt\/lazer-triple-r-1000-elite-extra-light-rampe-157-410-mm-lba\/#primaryimage","url":"https:\/\/xenonkungen.com\/wp-content\/uploads\/2025\/04\/159239_itemimage_mainfront.jpg","contentUrl":"https:\/\/xenonkungen.com\/wp-content\/uploads\/2025\/04\/159239_itemimage_mainfront.jpg","width":2048,"height":1536},{"@type":"BreadcrumbList","@id":"https:\/\/xenonkungen.com\/de\/produkt\/lazer-triple-r-1000-elite-extra-light-rampe-157-410-mm-lba\/#breadcrumb","itemListElement":[{"@type":"ListItem","position":1,"name":"Hem","item":"https:\/\/xenonkungen.com\/"},{"@type":"ListItem","position":2,"name":"Shop","item":"https:\/\/xenonkungen.com\/shop\/"},{"@type":"ListItem","position":3,"name":"Lazer Triple-R 1000 Elite extraljusramp 15,7&#8243; (410 mm) LBA"}]},{"@type":"WebSite","@id":"https:\/\/xenonkungen.com\/#website","url":"https:\/\/xenonkungen.com\/","name":"Xenonkungen","description":"","potentialAction":[{"@type":"SearchAction","target":{"@type":"EntryPoint","urlTemplate":"https:\/\/xenonkungen.com\/?s={search_term_string}"},"query-input":{"@type":"PropertyValueSpecification","valueRequired":true,"valueName":"search_term_string"}}],"inLanguage":"fi"}]}},"taxonomy_info":{"product_brand":[{"value":1124,"label":"Lazer"}],"product_cat":[{"value":2561,"label":"Lazer"},{"value":2966,"label":"Ledramp Rak"},{"value":2539,"label":"LEDRAMPER"}],"product_tag":[{"value":2735,"label":"Lazer"}],"pa_fargtemperatur":[{"value":154,"label":"5000K"}],"pa_fuktskydd-varde-ipxx":[{"value":333,"label":"IP67"}],"pa_godkannande":[{"value":1123,"label":"ECE, R112"}],"pa_lampsockel-kontakt":[{"value":1122,"label":"Superseal"}],"pa_led-chips-effekt-w":[{"value":1352,"label":"111"}],"pa_storlek-mm":[{"value":1348,"label":"410x73x105"}],"pa_stromforbrukning":[{"value":1353,"label":"6,6A@14,4V"}],"pa_volt-v":[{"value":1084,"label":"Multivolt, 10, 12, 16, 18, 24, 28, 30, 32"}]},"featured_image_src_large":["https:\/\/xenonkungen.com\/wp-content\/uploads\/2025\/04\/159239_itemimage_mainfront-1024x768.jpg",1024,768,true],"author_info":[],"comment_info":0,"_links":{"self":[{"href":"https:\/\/xenonkungen.com\/fi\/wp-json\/wp\/v2\/product\/4273","targetHints":{"allow":["GET"]}}],"collection":[{"href":"https:\/\/xenonkungen.com\/fi\/wp-json\/wp\/v2\/product"}],"about":[{"href":"https:\/\/xenonkungen.com\/fi\/wp-json\/wp\/v2\/types\/product"}],"replies":[{"embeddable":true,"href":"https:\/\/xenonkungen.com\/fi\/wp-json\/wp\/v2\/comments?post=4273"}],"wp:featuredmedia":[{"embeddable":true,"href":"https:\/\/xenonkungen.com\/fi\/wp-json\/wp\/v2\/media\/4274"}],"wp:attachment":[{"href":"https:\/\/xenonkungen.com\/fi\/wp-json\/wp\/v2\/media?parent=4273"}],"wp:term":[{"taxonomy":"anvandningsomrade","embeddable":true,"href":"https:\/\/xenonkungen.com\/fi\/wp-json\/wp\/v2\/anvandningsomrade?post=4273"},{"taxonomy":"bilmarken","embeddable":true,"href":"https:\/\/xenonkungen.com\/fi\/wp-json\/wp\/v2\/bilmarken?post=4273"},{"taxonomy":"product_brand","embeddable":true,"href":"https:\/\/xenonkungen.com\/fi\/wp-json\/wp\/v2\/product_brand?post=4273"},{"taxonomy":"product_cat","embeddable":true,"href":"https:\/\/xenonkungen.com\/fi\/wp-json\/wp\/v2\/product_cat?post=4273"},{"taxonomy":"product_tag","embeddable":true,"href":"https:\/\/xenonkungen.com\/fi\/wp-json\/wp\/v2\/product_tag?post=4273"}],"curies":[{"name":"wp","href":"https:\/\/api.w.org\/{rel}","templated":true}]}}