{"id":4279,"date":"2025-04-15T09:09:11","date_gmt":"2025-04-15T09:09:11","guid":{"rendered":"https:\/\/xenonkungen.com\/product\/lazer-triple-r-1250-std-e-ljusramp-23-590-mm-pos-ljus\/"},"modified":"2026-04-24T17:24:25","modified_gmt":"2026-04-24T16:24:25","slug":"lazer-triple-r-1250-std-e-valopalkki-23-590-mmn-asentovalo","status":"publish","type":"product","link":"https:\/\/xenonkungen.com\/fi\/tuote\/lazer-triple-r-1250-std-e-valopalkki-23-590-mmn-asentovalo\/","title":{"rendered":"Lazer Triple-R 1250 Std e.light ramppi 23\u2033 (590 mm) pos. valo"},"content":{"rendered":"<h2>Lazer Triple-R - rallitekniikka matkustamiseen, ty\u00f6h\u00f6n ja seikkailuun<\/h2>\n<p><strong>Lazer Triple-R-sarja<\/strong>, saatavana sek\u00e4 <strong>Standardi<\/strong> ja <strong>Elite<\/strong>Rakennettu tarjoamaan tinkim\u00e4t\u00f6nt\u00e4 suorituskyky\u00e4 - ajoitpa sitten kilpaluokassa tai halusitko vied\u00e4 valaistuksen aivan uudelle tasolle maantiell\u00e4. Alun perin ammattimaiseen ralli- ja moottoriurheiluun kehitetty tuotesarja on nopeasti noussut sek\u00e4 henkil\u00f6autojen kuljettajien ett\u00e4 kuljetusalan ja raskaan liikenteen ammattilaisten suosikiksi - sek\u00e4 <strong>maastossa ja maastossa<\/strong>.<\/p>\n<h3>Vaikuttava suorituskyky - mallista riippumatta<\/h3>\n<p>Triple-R-sarjassa k\u00e4ytet\u00e4\u00e4n <strong>uusin LED-teknologia ja optimoitu heijastinoptiikka<\/strong> tuottaa pitk\u00e4n, tarkennetun et\u00e4isyyden valaistuksen. <strong>Elite-mallit<\/strong> ottaa nyt askeleen pidemm\u00e4lle tehokkaalla sivuvalaistuksella, joka sopii erinomaisesti n\u00e4kyvyyden parantamiseen tienvarsilla ja maastossa.<\/p>\n<p>Kiitos <strong>kokki pystysuora valonsironta<\/strong> valaisimien ansiosta Triple-R sopii t\u00e4ydellisesti kattoasennukseen - ilman, ett\u00e4 konepelti aiheuttaa h\u00e4iritsev\u00e4\u00e4 sekoitusta.<\/p>\n<h3>Triple-R Standard - Joustava koko, maksimaalinen n\u00e4kyvyys.<\/h3>\n<p>Triple-R Standard on saatavana <strong>nelj\u00e4 eri pituutta<\/strong>, alkaen <strong>230-590 mm<\/strong>, jonka ohut muoto on vain <strong>Korkeus 73 mm ja syvyys 105 mm<\/strong>. Pienikokoinen ja kevyt - mutta suuri vaikutus.<\/p>\n<p>Voit my\u00f6s valita <strong>integroitu sijaintivalo valkoisena tai oranssina<\/strong>, sanoi, ett\u00e4 autosi n\u00e4kyy selv\u00e4sti my\u00f6s p\u00e4iv\u00e4nvalossa ja paikallaan.<\/p>\n<h3>E-Boost - t\u00e4ysi teho napin painalluksella<\/h3>\n<p>Mallit <strong>Triple-R 1000<\/strong> ja <strong>Triple-R 1250<\/strong> on varustettu <strong>E-Boost-toiminto<\/strong> joka toimittaa koko <strong>9240<\/strong> vastaavasti <strong>13 860 lumenia<\/strong> kun tarvitset kaiken mahdollisen valon - t\u00e4ydellinen pimeisiin maalaisp\u00e4iviin, mets\u00e4p\u00e4iviin tai peltot\u00f6ihin.<\/p>\n<p>Oletko menossa julkiseen liikenteeseen? Sitten voit helposti siirty\u00e4 siihen <strong>S\u00e4hk\u00f6isen hyv\u00e4ksynn\u00e4n ryhm\u00e4<\/strong>, joka antaa silti vahvan ja tarkennetun valokuvan, joka t\u00e4ytt\u00e4\u00e4 lakis\u00e4\u00e4teiset vaatimukset.<\/p>\n<h3>Ylim\u00e4\u00e4r\u00e4inen tunkkaisuus varoitusvalolla<\/h3>\n<p>Triple-R 1000 on saatavana my\u00f6s versiona, jossa on seuraavat ominaisuudet <strong>integroitu R65 hyv\u00e4n reunan varoitusvalo<\/strong> (sininen\/oranssi), joten se sopii erinomaisesti h\u00e4lytysajoneuvoihin, rakennusalan ajoneuvoihin ja muihin ammattik\u00e4ytt\u00f6\u00f6n tarkoitettuihin ajoneuvoihin, jotka vaativat maksimaalista n\u00e4kyvyytt\u00e4.<\/p>\n<h3>Miksi valita Triple-R?<\/h3>\n<ul>\n<li>Ammattimainen valaistus rallimaailmasta<\/li>\n<li>Saatavana sek\u00e4 Standard- ett\u00e4 Elite-versioina<\/li>\n<li>Pituudet 230-590 mm<\/li>\n<li>E-Boost: 9240-13 860 lumenia pyynn\u00f6st\u00e4<\/li>\n<li>E-godkant tekee laillista viljaa<\/li>\n<li>Asemavalo valkoisena tai oranssina (valinnainen)<\/li>\n<li>Integroitu varoitusvalo (joissakin malleissa)<\/li>\n<li>Ihanteellinen kattoasennukseen ilman sekoittamista<\/li>\n<\/ul>\n<p><strong>Ajoitpa sitten t\u00f6ihin, mets\u00e4\u00e4n tai radalle - Lazer Triple-R tarjoaa valon, joka vie sinut perille asti.<\/strong><\/p>","protected":false},"excerpt":{"rendered":"<p>Lazer Triple-R \u2013 Rallyteknologi for vag, arbete och aventyr Lazer Triple-R-serien, tillganglig i bade Standard och Elite, ar byggd for att leverera kompromisslos prestanda \u2013 oavsett om du kor i tavlingsklass eller vill ta ljuset till en helt ny niva pa vagarna. Ursprungligen framtagen for professionell rally- och motorsport, har serien snabbt blivit en favorit [&hellip;]<\/p>","protected":false},"featured_media":4280,"comment_status":"closed","ping_status":"open","template":"","meta":{"_acf_changed":false,"_smort_price_nok":"9213","_smort_price_dkk":"5853","_smort_price_eur":"784.06","_smort_sale_price_nok":"","_smort_sale_price_dkk":"","_smort_sale_price_eur":"","smort_restorder":"","shipmondo_restorder":"","_kad_blocks_custom_css":"","_kad_blocks_head_custom_js":"","_kad_blocks_body_custom_js":"","_kad_blocks_footer_custom_js":"","smort_custom_pricelist_1":"5760","smort_custom_pricelist_2":"5760","smort_custom_pricelist_3":"5760","smort_custom_pricelist_4":"7200","smort_custom_pricelist_5":"5760"},"anvandningsomrade":[],"bilmarken":[],"product_brand":[1124],"product_cat":[2561,2966,2539],"product_tag":[2735],"class_list":{"0":"post-4279","1":"product","2":"type-product","3":"status-publish","4":"has-post-thumbnail","6":"product_brand-lazer","7":"product_cat-lazer","8":"product_cat-ledramp-rak","9":"product_cat-ledramper","10":"product_tag-lazer","11":"pa_fargtemperatur-5000k","12":"pa_fuktskydd-varde-ipxx-ip67","13":"pa_godkannande-ece-r7-r112","14":"pa_lampsockel-kontakt-superseal","15":"pa_led-chips-effekt-w-1355","16":"pa_ljusbild-spot","17":"pa_storlek-mm-590x73x105","18":"pa_stromforbrukning-87a12v","19":"pa_volt-v-multivolt-10-12-16-18-24-28-30-32","21":"first","22":"onbackorder","23":"taxable","24":"shipping-taxable","25":"purchasable","26":"product-type-simple"},"bundled_by":[],"bundle_stock_status":"onbackorder","bundle_stock_quantity":0,"bundle_virtual":false,"bundle_layout":"","bundle_add_to_cart_form_location":"","bundle_editable_in_cart":false,"bundle_sold_individually_context":"","bundle_item_grouping":"","bundle_min_size":"","bundle_max_size":"","bundle_price":[],"bundled_items":[],"bundle_sell_ids":[],"acf":[],"yoast_head":"<!-- This site is optimized with the Yoast SEO plugin v27.0 - https:\/\/yoast.com\/product\/yoast-seo-wordpress\/ -->\n<title>Lazer Triple-R 1250 Std e.ljusramp 23&quot; (590 mm) pos.ljus - Xenonkungen<\/title>\n<meta name=\"robots\" content=\"index, follow, max-snippet:-1, max-image-preview:large, max-video-preview:-1\" \/>\n<link rel=\"canonical\" href=\"https:\/\/xenonkungen.com\/fi\/tuote\/lazer-triple-r-1250-std-e-valopalkki-23-590-mmn-asentovalo\/\" \/>\n<meta property=\"og:locale\" content=\"fi_FI\" \/>\n<meta property=\"og:type\" content=\"article\" \/>\n<meta property=\"og:title\" content=\"Lazer Triple-R 1250 Std e.ljusramp 23&quot; (590 mm) pos.ljus - Xenonkungen\" \/>\n<meta property=\"og:description\" content=\"Lazer Triple-R \u2013 Rallyteknologi for vag, arbete och aventyr Lazer Triple-R-serien, tillganglig i bade Standard och Elite, ar byggd for att leverera kompromisslos prestanda \u2013 oavsett om du kor i tavlingsklass eller vill ta ljuset till en helt ny niva pa vagarna. Ursprungligen framtagen for professionell rally- och motorsport, har serien snabbt blivit en favorit [&hellip;]\" \/>\n<meta property=\"og:url\" content=\"https:\/\/xenonkungen.com\/fi\/tuote\/lazer-triple-r-1250-std-e-valopalkki-23-590-mmn-asentovalo\/\" \/>\n<meta property=\"og:site_name\" content=\"Xenonkungen\" \/>\n<meta property=\"article:modified_time\" content=\"2026-04-24T16:24:25+00:00\" \/>\n<meta property=\"og:image\" content=\"https:\/\/xenonkungen.com\/wp-content\/uploads\/2025\/04\/159240_itemimage_mainfront.jpg\" \/>\n\t<meta property=\"og:image:width\" content=\"2048\" \/>\n\t<meta property=\"og:image:height\" content=\"1539\" \/>\n\t<meta property=\"og:image:type\" content=\"image\/jpeg\" \/>\n<meta name=\"twitter:card\" content=\"summary_large_image\" \/>\n<meta name=\"twitter:label1\" content=\"Arvioitu lukuaika\" \/>\n\t<meta name=\"twitter:data1\" content=\"2 minuuttia\" \/>\n<script type=\"application\/ld+json\" class=\"yoast-schema-graph\">{\"@context\":\"https:\/\/schema.org\",\"@graph\":[{\"@type\":\"WebPage\",\"@id\":\"https:\/\/xenonkungen.com\/produkt\/lazer-triple-r-1250-std-e-ljusramp-23-590-mm-pos-ljus\/\",\"url\":\"https:\/\/xenonkungen.com\/produkt\/lazer-triple-r-1250-std-e-ljusramp-23-590-mm-pos-ljus\/\",\"name\":\"Lazer Triple-R 1250 Std e.ljusramp 23\\\" (590 mm) pos.ljus - Xenonkungen\",\"isPartOf\":{\"@id\":\"https:\/\/xenonkungen.com\/#website\"},\"primaryImageOfPage\":{\"@id\":\"https:\/\/xenonkungen.com\/produkt\/lazer-triple-r-1250-std-e-ljusramp-23-590-mm-pos-ljus\/#primaryimage\"},\"image\":{\"@id\":\"https:\/\/xenonkungen.com\/produkt\/lazer-triple-r-1250-std-e-ljusramp-23-590-mm-pos-ljus\/#primaryimage\"},\"thumbnailUrl\":\"https:\/\/xenonkungen.com\/wp-content\/uploads\/2025\/04\/159240_itemimage_mainfront.jpg\",\"datePublished\":\"2025-04-15T09:09:11+00:00\",\"dateModified\":\"2026-04-24T16:24:25+00:00\",\"breadcrumb\":{\"@id\":\"https:\/\/xenonkungen.com\/produkt\/lazer-triple-r-1250-std-e-ljusramp-23-590-mm-pos-ljus\/#breadcrumb\"},\"inLanguage\":\"fi\",\"potentialAction\":[{\"@type\":\"ReadAction\",\"target\":[\"https:\/\/xenonkungen.com\/produkt\/lazer-triple-r-1250-std-e-ljusramp-23-590-mm-pos-ljus\/\"]}]},{\"@type\":\"ImageObject\",\"inLanguage\":\"fi\",\"@id\":\"https:\/\/xenonkungen.com\/produkt\/lazer-triple-r-1250-std-e-ljusramp-23-590-mm-pos-ljus\/#primaryimage\",\"url\":\"https:\/\/xenonkungen.com\/wp-content\/uploads\/2025\/04\/159240_itemimage_mainfront.jpg\",\"contentUrl\":\"https:\/\/xenonkungen.com\/wp-content\/uploads\/2025\/04\/159240_itemimage_mainfront.jpg\",\"width\":2048,\"height\":1539},{\"@type\":\"BreadcrumbList\",\"@id\":\"https:\/\/xenonkungen.com\/produkt\/lazer-triple-r-1250-std-e-ljusramp-23-590-mm-pos-ljus\/#breadcrumb\",\"itemListElement\":[{\"@type\":\"ListItem\",\"position\":1,\"name\":\"Hem\",\"item\":\"https:\/\/xenonkungen.com\/\"},{\"@type\":\"ListItem\",\"position\":2,\"name\":\"Shop\",\"item\":\"https:\/\/xenonkungen.com\/shop\/\"},{\"@type\":\"ListItem\",\"position\":3,\"name\":\"Lazer Triple-R 1250 Std e.ljusramp 23&#8243; (590 mm) pos.ljus\"}]},{\"@type\":\"WebSite\",\"@id\":\"https:\/\/xenonkungen.com\/#website\",\"url\":\"https:\/\/xenonkungen.com\/\",\"name\":\"Xenonkungen\",\"description\":\"\",\"potentialAction\":[{\"@type\":\"SearchAction\",\"target\":{\"@type\":\"EntryPoint\",\"urlTemplate\":\"https:\/\/xenonkungen.com\/?s={search_term_string}\"},\"query-input\":{\"@type\":\"PropertyValueSpecification\",\"valueRequired\":true,\"valueName\":\"search_term_string\"}}],\"inLanguage\":\"fi\"}]}<\/script>\n<!-- \/ Yoast SEO plugin. -->","yoast_head_json":{"title":"Lazer Triple-R 1250 Std seisontavalopalkki 23&quot; (590 mm) - Xenonkungen","robots":{"index":"index","follow":"follow","max-snippet":"max-snippet:-1","max-image-preview":"max-image-preview:large","max-video-preview":"max-video-preview:-1"},"canonical":"https:\/\/xenonkungen.com\/fi\/tuote\/lazer-triple-r-1250-std-e-valopalkki-23-590-mmn-asentovalo\/","og_locale":"fi_FI","og_type":"article","og_title":"Lazer Triple-R 1250 Std e.ljusramp 23\" (590 mm) pos.ljus - Xenonkungen","og_description":"Lazer Triple-R \u2013 Rallyteknologi for vag, arbete och aventyr Lazer Triple-R-serien, tillganglig i bade Standard och Elite, ar byggd for att leverera kompromisslos prestanda \u2013 oavsett om du kor i tavlingsklass eller vill ta ljuset till en helt ny niva pa vagarna. Ursprungligen framtagen for professionell rally- och motorsport, har serien snabbt blivit en favorit [&hellip;]","og_url":"https:\/\/xenonkungen.com\/fi\/tuote\/lazer-triple-r-1250-std-e-valopalkki-23-590-mmn-asentovalo\/","og_site_name":"Xenonkungen","article_modified_time":"2026-04-24T16:24:25+00:00","og_image":[{"width":2048,"height":1539,"url":"https:\/\/xenonkungen.com\/wp-content\/uploads\/2025\/04\/159240_itemimage_mainfront.jpg","type":"image\/jpeg"}],"twitter_card":"summary_large_image","twitter_misc":{"Arvioitu lukuaika":"2 minuuttia"},"schema":{"@context":"https:\/\/schema.org","@graph":[{"@type":"WebPage","@id":"https:\/\/xenonkungen.com\/produkt\/lazer-triple-r-1250-std-e-ljusramp-23-590-mm-pos-ljus\/","url":"https:\/\/xenonkungen.com\/produkt\/lazer-triple-r-1250-std-e-ljusramp-23-590-mm-pos-ljus\/","name":"Lazer Triple-R 1250 Std seisontavalopalkki 23&quot; (590 mm) - Xenonkungen","isPartOf":{"@id":"https:\/\/xenonkungen.com\/#website"},"primaryImageOfPage":{"@id":"https:\/\/xenonkungen.com\/produkt\/lazer-triple-r-1250-std-e-ljusramp-23-590-mm-pos-ljus\/#primaryimage"},"image":{"@id":"https:\/\/xenonkungen.com\/produkt\/lazer-triple-r-1250-std-e-ljusramp-23-590-mm-pos-ljus\/#primaryimage"},"thumbnailUrl":"https:\/\/xenonkungen.com\/wp-content\/uploads\/2025\/04\/159240_itemimage_mainfront.jpg","datePublished":"2025-04-15T09:09:11+00:00","dateModified":"2026-04-24T16:24:25+00:00","breadcrumb":{"@id":"https:\/\/xenonkungen.com\/produkt\/lazer-triple-r-1250-std-e-ljusramp-23-590-mm-pos-ljus\/#breadcrumb"},"inLanguage":"fi","potentialAction":[{"@type":"ReadAction","target":["https:\/\/xenonkungen.com\/produkt\/lazer-triple-r-1250-std-e-ljusramp-23-590-mm-pos-ljus\/"]}]},{"@type":"ImageObject","inLanguage":"fi","@id":"https:\/\/xenonkungen.com\/produkt\/lazer-triple-r-1250-std-e-ljusramp-23-590-mm-pos-ljus\/#primaryimage","url":"https:\/\/xenonkungen.com\/wp-content\/uploads\/2025\/04\/159240_itemimage_mainfront.jpg","contentUrl":"https:\/\/xenonkungen.com\/wp-content\/uploads\/2025\/04\/159240_itemimage_mainfront.jpg","width":2048,"height":1539},{"@type":"BreadcrumbList","@id":"https:\/\/xenonkungen.com\/produkt\/lazer-triple-r-1250-std-e-ljusramp-23-590-mm-pos-ljus\/#breadcrumb","itemListElement":[{"@type":"ListItem","position":1,"name":"Hem","item":"https:\/\/xenonkungen.com\/"},{"@type":"ListItem","position":2,"name":"Shop","item":"https:\/\/xenonkungen.com\/shop\/"},{"@type":"ListItem","position":3,"name":"Lazer Triple-R 1250 Std e.ljusramp 23&#8243; (590 mm) pos.ljus"}]},{"@type":"WebSite","@id":"https:\/\/xenonkungen.com\/#website","url":"https:\/\/xenonkungen.com\/","name":"Xenonkungen","description":"","potentialAction":[{"@type":"SearchAction","target":{"@type":"EntryPoint","urlTemplate":"https:\/\/xenonkungen.com\/?s={search_term_string}"},"query-input":{"@type":"PropertyValueSpecification","valueRequired":true,"valueName":"search_term_string"}}],"inLanguage":"fi"}]}},"taxonomy_info":{"product_brand":[{"value":1124,"label":"Lazer"}],"product_cat":[{"value":2561,"label":"Lazer"},{"value":2966,"label":"Ledramp Rak"},{"value":2539,"label":"LEDRAMPER"}],"product_tag":[{"value":2735,"label":"Lazer"}],"pa_fargtemperatur":[{"value":154,"label":"5000K"}],"pa_fuktskydd-varde-ipxx":[{"value":333,"label":"IP67"}],"pa_godkannande":[{"value":1356,"label":"ECE, R7, R112"}],"pa_lampsockel-kontakt":[{"value":1122,"label":"Superseal"}],"pa_led-chips-effekt-w":[{"value":1355,"label":"125"}],"pa_ljusbild":[{"value":1177,"label":"Spot"}],"pa_storlek-mm":[{"value":1354,"label":"590x73x105"}],"pa_stromforbrukning":[{"value":1009,"label":"8,7A@12V"}],"pa_volt-v":[{"value":1084,"label":"Multivolt, 10, 12, 16, 18, 24, 28, 30, 32"}]},"featured_image_src_large":["https:\/\/xenonkungen.com\/wp-content\/uploads\/2025\/04\/159240_itemimage_mainfront-1024x770.jpg",1024,770,true],"author_info":[],"comment_info":0,"_links":{"self":[{"href":"https:\/\/xenonkungen.com\/fi\/wp-json\/wp\/v2\/product\/4279","targetHints":{"allow":["GET"]}}],"collection":[{"href":"https:\/\/xenonkungen.com\/fi\/wp-json\/wp\/v2\/product"}],"about":[{"href":"https:\/\/xenonkungen.com\/fi\/wp-json\/wp\/v2\/types\/product"}],"replies":[{"embeddable":true,"href":"https:\/\/xenonkungen.com\/fi\/wp-json\/wp\/v2\/comments?post=4279"}],"wp:featuredmedia":[{"embeddable":true,"href":"https:\/\/xenonkungen.com\/fi\/wp-json\/wp\/v2\/media\/4280"}],"wp:attachment":[{"href":"https:\/\/xenonkungen.com\/fi\/wp-json\/wp\/v2\/media?parent=4279"}],"wp:term":[{"taxonomy":"anvandningsomrade","embeddable":true,"href":"https:\/\/xenonkungen.com\/fi\/wp-json\/wp\/v2\/anvandningsomrade?post=4279"},{"taxonomy":"bilmarken","embeddable":true,"href":"https:\/\/xenonkungen.com\/fi\/wp-json\/wp\/v2\/bilmarken?post=4279"},{"taxonomy":"product_brand","embeddable":true,"href":"https:\/\/xenonkungen.com\/fi\/wp-json\/wp\/v2\/product_brand?post=4279"},{"taxonomy":"product_cat","embeddable":true,"href":"https:\/\/xenonkungen.com\/fi\/wp-json\/wp\/v2\/product_cat?post=4279"},{"taxonomy":"product_tag","embeddable":true,"href":"https:\/\/xenonkungen.com\/fi\/wp-json\/wp\/v2\/product_tag?post=4279"}],"curies":[{"name":"wp","href":"https:\/\/api.w.org\/{rel}","templated":true}]}}