{"id":4336,"date":"2025-04-15T09:10:51","date_gmt":"2025-04-15T09:10:51","guid":{"rendered":"https:\/\/xenonkungen.com\/product\/lazer-carbon-2-rafflad-horisontell-3d-46-116mm\/"},"modified":"2026-03-11T09:49:55","modified_gmt":"2026-03-11T08:49:55","slug":"lazer-carbon-2-uratut-vaakasuorat-3d-jarrut-46-116-mm","status":"publish","type":"product","link":"https:\/\/xenonkungen.com\/fi\/tuote\/lazer-carbon-2-uratut-vaakasuorat-3d-jarrut-46-116-mm\/","title":{"rendered":"Lazer Carbon-2 fluted (Horizontal) 3D 4.6\u2033 (116mm)"},"content":{"rendered":"<h1>Lazer Carbon -sarjan pieni kaide<\/h1>\n<p>Lazer Carbon -valikoima asettaa aivan uuden standardin moottoriurheilun lis\u00e4valaistukselle! Ralli-, rata- ja maastoautourheilun korkeimmalta tasolta saatujen laajojen testien ja palautteen perusteella LED-valojen v\u00e4ril\u00e4mp\u00f6tila on valittu huolellisesti, jotta ne tuottavat mahdollisimman hyv\u00e4n erottelukyvyn ja ter\u00e4vyyden. Sek\u00e4 kotelon ett\u00e4 sis\u00e4isen elektroniikan ainutlaatuinen muotoilu, joka sis\u00e4lt\u00e4\u00e4 taaksep\u00e4in suunnatut LEDit, mahdollistaa paremman valon hy\u00f6dynt\u00e4misen, pienemm\u00e4n hajonnan ja tasaisemman valon jakautumisen.<\/p>\n<p>Carbon-2 painaa vain 170 grammaa, ja sen yksitt\u00e4inen yksikk\u00f6 tuottaa 1 luksia 466 metrin korkeudessa, joten se on \u00e4\u00e4rimm\u00e4inen moottoriurheiluvalaistusratkaisu. Carbon-2 on saatavana joko spot- tai kaukovaloisena. J\u00e4lkimm\u00e4inen on saatavana my\u00f6s joko vaaka- tai pystysuoraan uurretulla linssill\u00e4. Kaikki valaisimet voidaan asentaa ajoneuvoon joko vaaka- tai pystysuoraan. Voit joko yhdist\u00e4\u00e4 useita valaisimia yksil\u00f6llisen kaukovalon luomiseksi tai asentaa ne kulmiin, jolloin saat aikaan t\u00e4ydellisen kulmavalaistuksen.<\/p>\n<p>Tuotteita on saatavana joko hiilikuitu- tai 3D-tulostetuilla valaisinkoteloilla, jotka molemmat edist\u00e4v\u00e4t Carbon-sarjan ultrakevytt\u00e4 suunnittelua ja vaikuttavaa teho-painosuhdetta, jota ei ole aiemmin n\u00e4hty autojen valaisimissa. Mik\u00e4 versio sopii parhaiten tarpeisiisi?<\/p>","protected":false},"excerpt":{"rendered":"<p>Liten ledramp fr\u00e5n Lazer Carbon-serie Lazers Carbon-serie s\u00e4tter en helt ny standard f\u00f6r extrabelysning inom motorsportv\u00e4rlden! Genom omfattande tester och feedback fr\u00e5n de allra h\u00f6gsta niv\u00e5erna i rally-, sp\u00e5r- och terr\u00e4ngmotorsport har lysdiodernas f\u00e4rgtemperatur noggrant valts ut f\u00f6r att ge maximal definition och sk\u00e4rpa. Den unika designen av b\u00e5de h\u00f6ljet och intern elektronik, som inkluderar [&hellip;]<\/p>","protected":false},"featured_media":4337,"comment_status":"closed","ping_status":"closed","template":"","meta":{"_acf_changed":false,"_smort_price_nok":"5875","_smort_price_dkk":"3732","_smort_price_eur":"499.98","_smort_sale_price_nok":"","_smort_sale_price_dkk":"","_smort_sale_price_eur":"","smort_restorder":"","shipmondo_restorder":"","_kad_blocks_custom_css":"","_kad_blocks_head_custom_js":"","_kad_blocks_body_custom_js":"","_kad_blocks_footer_custom_js":"","smort_custom_pricelist_1":"3520","smort_custom_pricelist_2":"3520","smort_custom_pricelist_3":"3520","smort_custom_pricelist_4":"4400","smort_custom_pricelist_5":"3520"},"anvandningsomrade":[1376],"bilmarken":[],"product_brand":[1124],"product_cat":[16],"product_tag":[2735],"class_list":{"0":"post-4336","1":"product","2":"type-product","3":"status-publish","4":"has-post-thumbnail","6":"anvandningsomrade-rally","7":"product_brand-lazer","8":"product_cat-uncategorized","9":"product_tag-lazer","10":"pa_fargtemperatur-5000k","11":"pa_led-chips-effekt-w-1371","12":"pa_storlek-mm-116x84x67","13":"pa_stromforbrukning-15a144v","14":"pa_volt-v-multivolt-10-12-16-18-24-28-30-32","16":"first","17":"instock","18":"taxable","19":"shipping-taxable","20":"purchasable","21":"product-type-simple"},"bundled_by":[],"bundle_stock_status":"instock","bundle_stock_quantity":1,"bundle_virtual":false,"bundle_layout":"","bundle_add_to_cart_form_location":"","bundle_editable_in_cart":false,"bundle_sold_individually_context":"","bundle_item_grouping":"","bundle_min_size":"","bundle_max_size":"","bundle_price":[],"bundled_items":[],"bundle_sell_ids":[],"acf":[],"yoast_head":"<!-- This site is optimized with the Yoast SEO plugin v27.0 - https:\/\/yoast.com\/product\/yoast-seo-wordpress\/ -->\n<title>Lazer Carbon-2 r\u00e4fflad (Horisontell) 3D 4,6&quot; (116mm) - Xenonkungen<\/title>\n<meta name=\"robots\" content=\"index, follow, max-snippet:-1, max-image-preview:large, max-video-preview:-1\" \/>\n<link rel=\"canonical\" href=\"https:\/\/xenonkungen.com\/fi\/tuote\/lazer-carbon-2-uratut-vaakasuorat-3d-jarrut-46-116-mm\/\" \/>\n<meta property=\"og:locale\" content=\"fi_FI\" \/>\n<meta property=\"og:type\" content=\"article\" \/>\n<meta property=\"og:title\" content=\"Lazer Carbon-2 r\u00e4fflad (Horisontell) 3D 4,6&quot; (116mm) - Xenonkungen\" \/>\n<meta property=\"og:description\" content=\"Liten ledramp fr\u00e5n Lazer Carbon-serie Lazers Carbon-serie s\u00e4tter en helt ny standard f\u00f6r extrabelysning inom motorsportv\u00e4rlden! Genom omfattande tester och feedback fr\u00e5n de allra h\u00f6gsta niv\u00e5erna i rally-, sp\u00e5r- och terr\u00e4ngmotorsport har lysdiodernas f\u00e4rgtemperatur noggrant valts ut f\u00f6r att ge maximal definition och sk\u00e4rpa. Den unika designen av b\u00e5de h\u00f6ljet och intern elektronik, som inkluderar [&hellip;]\" \/>\n<meta property=\"og:url\" content=\"https:\/\/xenonkungen.com\/fi\/tuote\/lazer-carbon-2-uratut-vaakasuorat-3d-jarrut-46-116-mm\/\" \/>\n<meta property=\"og:site_name\" content=\"Xenonkungen\" \/>\n<meta property=\"article:modified_time\" content=\"2026-03-11T08:49:55+00:00\" \/>\n<meta property=\"og:image\" content=\"https:\/\/xenonkungen.com\/wp-content\/uploads\/2025\/04\/159304_itemimage_mainfront.jpg\" \/>\n\t<meta property=\"og:image:width\" content=\"2048\" \/>\n\t<meta property=\"og:image:height\" content=\"1538\" \/>\n\t<meta property=\"og:image:type\" content=\"image\/jpeg\" \/>\n<meta name=\"twitter:card\" content=\"summary_large_image\" \/>\n<meta name=\"twitter:label1\" content=\"Arvioitu lukuaika\" \/>\n\t<meta name=\"twitter:data1\" content=\"2 minuuttia\" \/>\n<script type=\"application\/ld+json\" class=\"yoast-schema-graph\">{\"@context\":\"https:\/\/schema.org\",\"@graph\":[{\"@type\":\"WebPage\",\"@id\":\"https:\/\/xenonkungen.com\/produkt\/lazer-carbon-2-rafflad-horisontell-3d-46-116mm\/\",\"url\":\"https:\/\/xenonkungen.com\/produkt\/lazer-carbon-2-rafflad-horisontell-3d-46-116mm\/\",\"name\":\"Lazer Carbon-2 r\u00e4fflad (Horisontell) 3D 4,6\\\" (116mm) - Xenonkungen\",\"isPartOf\":{\"@id\":\"https:\/\/xenonkungen.com\/#website\"},\"primaryImageOfPage\":{\"@id\":\"https:\/\/xenonkungen.com\/produkt\/lazer-carbon-2-rafflad-horisontell-3d-46-116mm\/#primaryimage\"},\"image\":{\"@id\":\"https:\/\/xenonkungen.com\/produkt\/lazer-carbon-2-rafflad-horisontell-3d-46-116mm\/#primaryimage\"},\"thumbnailUrl\":\"https:\/\/xenonkungen.com\/wp-content\/uploads\/2025\/04\/159304_itemimage_mainfront.jpg\",\"datePublished\":\"2025-04-15T09:10:51+00:00\",\"dateModified\":\"2026-03-11T08:49:55+00:00\",\"breadcrumb\":{\"@id\":\"https:\/\/xenonkungen.com\/produkt\/lazer-carbon-2-rafflad-horisontell-3d-46-116mm\/#breadcrumb\"},\"inLanguage\":\"fi\",\"potentialAction\":[{\"@type\":\"ReadAction\",\"target\":[\"https:\/\/xenonkungen.com\/produkt\/lazer-carbon-2-rafflad-horisontell-3d-46-116mm\/\"]}]},{\"@type\":\"ImageObject\",\"inLanguage\":\"fi\",\"@id\":\"https:\/\/xenonkungen.com\/produkt\/lazer-carbon-2-rafflad-horisontell-3d-46-116mm\/#primaryimage\",\"url\":\"https:\/\/xenonkungen.com\/wp-content\/uploads\/2025\/04\/159304_itemimage_mainfront.jpg\",\"contentUrl\":\"https:\/\/xenonkungen.com\/wp-content\/uploads\/2025\/04\/159304_itemimage_mainfront.jpg\",\"width\":2048,\"height\":1538},{\"@type\":\"BreadcrumbList\",\"@id\":\"https:\/\/xenonkungen.com\/produkt\/lazer-carbon-2-rafflad-horisontell-3d-46-116mm\/#breadcrumb\",\"itemListElement\":[{\"@type\":\"ListItem\",\"position\":1,\"name\":\"Hem\",\"item\":\"https:\/\/xenonkungen.com\/\"},{\"@type\":\"ListItem\",\"position\":2,\"name\":\"Shop\",\"item\":\"https:\/\/xenonkungen.com\/shop\/\"},{\"@type\":\"ListItem\",\"position\":3,\"name\":\"Lazer Carbon-2 r\u00e4fflad (Horisontell) 3D 4,6&#8243; (116mm)\"}]},{\"@type\":\"WebSite\",\"@id\":\"https:\/\/xenonkungen.com\/#website\",\"url\":\"https:\/\/xenonkungen.com\/\",\"name\":\"Xenonkungen\",\"description\":\"\",\"potentialAction\":[{\"@type\":\"SearchAction\",\"target\":{\"@type\":\"EntryPoint\",\"urlTemplate\":\"https:\/\/xenonkungen.com\/?s={search_term_string}\"},\"query-input\":{\"@type\":\"PropertyValueSpecification\",\"valueRequired\":true,\"valueName\":\"search_term_string\"}}],\"inLanguage\":\"fi\"}]}<\/script>\n<!-- \/ Yoast SEO plugin. -->","yoast_head_json":{"title":"Lazer Carbon-2 uritettu (vaakasuora) 3D 4.6&quot; (116mm) - Xenonkungen","robots":{"index":"index","follow":"follow","max-snippet":"max-snippet:-1","max-image-preview":"max-image-preview:large","max-video-preview":"max-video-preview:-1"},"canonical":"https:\/\/xenonkungen.com\/fi\/tuote\/lazer-carbon-2-uratut-vaakasuorat-3d-jarrut-46-116-mm\/","og_locale":"fi_FI","og_type":"article","og_title":"Lazer Carbon-2 r\u00e4fflad (Horisontell) 3D 4,6\" (116mm) - Xenonkungen","og_description":"Liten ledramp fr\u00e5n Lazer Carbon-serie Lazers Carbon-serie s\u00e4tter en helt ny standard f\u00f6r extrabelysning inom motorsportv\u00e4rlden! Genom omfattande tester och feedback fr\u00e5n de allra h\u00f6gsta niv\u00e5erna i rally-, sp\u00e5r- och terr\u00e4ngmotorsport har lysdiodernas f\u00e4rgtemperatur noggrant valts ut f\u00f6r att ge maximal definition och sk\u00e4rpa. Den unika designen av b\u00e5de h\u00f6ljet och intern elektronik, som inkluderar [&hellip;]","og_url":"https:\/\/xenonkungen.com\/fi\/tuote\/lazer-carbon-2-uratut-vaakasuorat-3d-jarrut-46-116-mm\/","og_site_name":"Xenonkungen","article_modified_time":"2026-03-11T08:49:55+00:00","og_image":[{"width":2048,"height":1538,"url":"https:\/\/xenonkungen.com\/wp-content\/uploads\/2025\/04\/159304_itemimage_mainfront.jpg","type":"image\/jpeg"}],"twitter_card":"summary_large_image","twitter_misc":{"Arvioitu lukuaika":"2 minuuttia"},"schema":{"@context":"https:\/\/schema.org","@graph":[{"@type":"WebPage","@id":"https:\/\/xenonkungen.com\/produkt\/lazer-carbon-2-rafflad-horisontell-3d-46-116mm\/","url":"https:\/\/xenonkungen.com\/produkt\/lazer-carbon-2-rafflad-horisontell-3d-46-116mm\/","name":"Lazer Carbon-2 uritettu (vaakasuora) 3D 4.6&quot; (116mm) - Xenonkungen","isPartOf":{"@id":"https:\/\/xenonkungen.com\/#website"},"primaryImageOfPage":{"@id":"https:\/\/xenonkungen.com\/produkt\/lazer-carbon-2-rafflad-horisontell-3d-46-116mm\/#primaryimage"},"image":{"@id":"https:\/\/xenonkungen.com\/produkt\/lazer-carbon-2-rafflad-horisontell-3d-46-116mm\/#primaryimage"},"thumbnailUrl":"https:\/\/xenonkungen.com\/wp-content\/uploads\/2025\/04\/159304_itemimage_mainfront.jpg","datePublished":"2025-04-15T09:10:51+00:00","dateModified":"2026-03-11T08:49:55+00:00","breadcrumb":{"@id":"https:\/\/xenonkungen.com\/produkt\/lazer-carbon-2-rafflad-horisontell-3d-46-116mm\/#breadcrumb"},"inLanguage":"fi","potentialAction":[{"@type":"ReadAction","target":["https:\/\/xenonkungen.com\/produkt\/lazer-carbon-2-rafflad-horisontell-3d-46-116mm\/"]}]},{"@type":"ImageObject","inLanguage":"fi","@id":"https:\/\/xenonkungen.com\/produkt\/lazer-carbon-2-rafflad-horisontell-3d-46-116mm\/#primaryimage","url":"https:\/\/xenonkungen.com\/wp-content\/uploads\/2025\/04\/159304_itemimage_mainfront.jpg","contentUrl":"https:\/\/xenonkungen.com\/wp-content\/uploads\/2025\/04\/159304_itemimage_mainfront.jpg","width":2048,"height":1538},{"@type":"BreadcrumbList","@id":"https:\/\/xenonkungen.com\/produkt\/lazer-carbon-2-rafflad-horisontell-3d-46-116mm\/#breadcrumb","itemListElement":[{"@type":"ListItem","position":1,"name":"Hem","item":"https:\/\/xenonkungen.com\/"},{"@type":"ListItem","position":2,"name":"Shop","item":"https:\/\/xenonkungen.com\/shop\/"},{"@type":"ListItem","position":3,"name":"Lazer Carbon-2 r\u00e4fflad (Horisontell) 3D 4,6&#8243; (116mm)"}]},{"@type":"WebSite","@id":"https:\/\/xenonkungen.com\/#website","url":"https:\/\/xenonkungen.com\/","name":"Xenonkungen","description":"","potentialAction":[{"@type":"SearchAction","target":{"@type":"EntryPoint","urlTemplate":"https:\/\/xenonkungen.com\/?s={search_term_string}"},"query-input":{"@type":"PropertyValueSpecification","valueRequired":true,"valueName":"search_term_string"}}],"inLanguage":"fi"}]}},"taxonomy_info":{"anvandningsomrade":[{"value":1376,"label":"Rally"}],"product_brand":[{"value":1124,"label":"Lazer"}],"product_cat":[{"value":16,"label":"Uncategorized"}],"product_tag":[{"value":2735,"label":"Lazer"}],"pa_fargtemperatur":[{"value":154,"label":"5000K"}],"pa_led-chips-effekt-w":[{"value":1371,"label":"22"}],"pa_storlek-mm":[{"value":1370,"label":"116x84x67"}],"pa_stromforbrukning":[{"value":1332,"label":"1,5A@14,4V"}],"pa_volt-v":[{"value":1084,"label":"Multivolt, 10, 12, 16, 18, 24, 28, 30, 32"}]},"featured_image_src_large":["https:\/\/xenonkungen.com\/wp-content\/uploads\/2025\/04\/159304_itemimage_mainfront-1024x769.jpg",1024,769,true],"author_info":[],"comment_info":0,"_links":{"self":[{"href":"https:\/\/xenonkungen.com\/fi\/wp-json\/wp\/v2\/product\/4336","targetHints":{"allow":["GET"]}}],"collection":[{"href":"https:\/\/xenonkungen.com\/fi\/wp-json\/wp\/v2\/product"}],"about":[{"href":"https:\/\/xenonkungen.com\/fi\/wp-json\/wp\/v2\/types\/product"}],"replies":[{"embeddable":true,"href":"https:\/\/xenonkungen.com\/fi\/wp-json\/wp\/v2\/comments?post=4336"}],"wp:featuredmedia":[{"embeddable":true,"href":"https:\/\/xenonkungen.com\/fi\/wp-json\/wp\/v2\/media\/4337"}],"wp:attachment":[{"href":"https:\/\/xenonkungen.com\/fi\/wp-json\/wp\/v2\/media?parent=4336"}],"wp:term":[{"taxonomy":"anvandningsomrade","embeddable":true,"href":"https:\/\/xenonkungen.com\/fi\/wp-json\/wp\/v2\/anvandningsomrade?post=4336"},{"taxonomy":"bilmarken","embeddable":true,"href":"https:\/\/xenonkungen.com\/fi\/wp-json\/wp\/v2\/bilmarken?post=4336"},{"taxonomy":"product_brand","embeddable":true,"href":"https:\/\/xenonkungen.com\/fi\/wp-json\/wp\/v2\/product_brand?post=4336"},{"taxonomy":"product_cat","embeddable":true,"href":"https:\/\/xenonkungen.com\/fi\/wp-json\/wp\/v2\/product_cat?post=4336"},{"taxonomy":"product_tag","embeddable":true,"href":"https:\/\/xenonkungen.com\/fi\/wp-json\/wp\/v2\/product_tag?post=4336"}],"curies":[{"name":"wp","href":"https:\/\/api.w.org\/{rel}","templated":true}]}}