{"id":4465,"date":"2025-04-15T09:13:29","date_gmt":"2025-04-15T09:13:29","guid":{"rendered":"https:\/\/xenonkungen.com\/product\/meguiars-hot-shine-tyre-spray\/"},"modified":"2026-04-24T17:30:27","modified_gmt":"2026-04-24T16:30:27","slug":"meguiars-hot-shine-rengassuihke","status":"publish","type":"product","link":"https:\/\/xenonkungen.com\/fi\/tuote\/meguiars-hot-shine-rengassuihke\/","title":{"rendered":"Meguiar's Hot Shine -rengassuihke"},"content":{"rendered":"<h1>Hot Shine rengassuihke<\/h1>\n<p>Hot Shinen korkea kiilto saavutetaan pullossa olevan s\u00e4\u00e4dett\u00e4v\u00e4n suuttimen avulla. Eritt\u00e4in vedenkest\u00e4v\u00e4t polymeerit yhdistettyn\u00e4 otsoninvastaiseen teknologiaan pit\u00e4v\u00e4t renkaat mustina pidemp\u00e4\u00e4n ja est\u00e4v\u00e4t halkeilua ja ennenaikaista vanhenemista. Korkean kiiltokertoimen ansiosta renkaat n\u00e4ytt\u00e4v\u00e4t m\u00e4r\u00e4n n\u00e4k\u00f6isilt\u00e4 ja kiilt\u00e4v\u00e4t tummina! <\/p>\n<p><strong>Sis\u00e4lt\u00f6 (ml):<\/strong> 710<\/p>\n<h2><strong>Varoitus!<\/strong><\/h2>\n<p><strong>V\u00e4rikoodaus:<\/strong><\/p>\n<ul>\n<li>Voi aiheuttaa uneliaisuutta tai huimausta.<\/li>\n<\/ul>\n<p><strong>Suojattavat nimitykset:<\/strong><\/p>\n<ul>\n<li>Pid\u00e4 pakkaus tai etiketti k\u00e4sill\u00e4, jos tarvitset l\u00e4\u00e4k\u00e4rinhoitoa.<\/li>\n<li>S\u00e4ilytett\u00e4v\u00e4 lasten ulottumattomissa<\/li>\n<li>K\u00e4yt\u00e4 vain ulkona tai hyvin ilmastoidussa tilassa.<\/li>\n<li>Jos ilmenee ep\u00e4mukavuutta, ota yhteys MYRKYTYSTIETOKESKUKSEEN.<\/li>\n<li>S\u00e4ilytet\u00e4\u00e4n lukkojen takana<\/li>\n<li>Sis\u00e4lt\u00f6 ja astia toimitetaan kunnan ongelmaj\u00e4tekeskukseen.<\/li>\n<\/ul>","protected":false},"excerpt":{"rendered":"<p>Renkaiden kiilto, joka antaa renkaille m\u00e4r\u00e4n n\u00e4k\u00f6isen ja tumman kiillon!<\/p>","protected":false},"featured_media":4466,"comment_status":"closed","ping_status":"closed","template":"","meta":{"_acf_changed":false,"_smort_price_nok":"180","_smort_price_dkk":"155","_smort_price_eur":"20.82","_smort_sale_price_nok":"180","_smort_sale_price_dkk":"","_smort_sale_price_eur":"","smort_restorder":"","shipmondo_restorder":"","_kad_blocks_custom_css":"","_kad_blocks_head_custom_js":"","_kad_blocks_body_custom_js":"","_kad_blocks_footer_custom_js":"","smort_custom_pricelist_1":"146.56","smort_custom_pricelist_2":"146.56","smort_custom_pricelist_3":"119.08","smort_custom_pricelist_4":"183.2","smort_custom_pricelist_5":"146.56"},"anvandningsomrade":[2817],"bilmarken":[],"product_brand":[1383],"product_cat":[2990,378,1402],"product_tag":[],"class_list":{"0":"post-4465","1":"product","2":"type-product","3":"status-publish","4":"has-post-thumbnail","6":"anvandningsomrade-dack-falg","7":"product_brand-meguiars","8":"product_cat-dack-och-falg","9":"product_cat-bilvard","10":"product_cat-outlet","12":"first","13":"instock","14":"taxable","15":"shipping-taxable","16":"purchasable","17":"product-type-simple"},"bundled_by":[],"bundle_stock_status":"instock","bundle_stock_quantity":2,"bundle_virtual":false,"bundle_layout":"","bundle_add_to_cart_form_location":"","bundle_editable_in_cart":false,"bundle_sold_individually_context":"","bundle_item_grouping":"","bundle_min_size":"","bundle_max_size":"","bundle_price":[],"bundled_items":[],"bundle_sell_ids":[],"acf":[],"yoast_head":"<!-- This site is optimized with the Yoast SEO plugin v27.0 - https:\/\/yoast.com\/product\/yoast-seo-wordpress\/ -->\n<title>Meguiar&#039;s Hot Shine Tyre Spray - Xenonkungen<\/title>\n<meta name=\"robots\" content=\"index, follow, max-snippet:-1, max-image-preview:large, max-video-preview:-1\" \/>\n<link rel=\"canonical\" href=\"https:\/\/xenonkungen.com\/fi\/tuote\/meguiars-hot-shine-rengassuihke\/\" \/>\n<meta property=\"og:locale\" content=\"fi_FI\" \/>\n<meta property=\"og:type\" content=\"article\" \/>\n<meta property=\"og:title\" content=\"Meguiar&#039;s Hot Shine Tyre Spray - Xenonkungen\" \/>\n<meta property=\"og:description\" content=\"En d\u00e4ckglans som ger d\u00e4cken ett v\u00e5tliknande utseende med m\u00f6rk glans!\" \/>\n<meta property=\"og:url\" content=\"https:\/\/xenonkungen.com\/fi\/tuote\/meguiars-hot-shine-rengassuihke\/\" \/>\n<meta property=\"og:site_name\" content=\"Xenonkungen\" \/>\n<meta property=\"article:modified_time\" content=\"2026-04-24T16:30:27+00:00\" \/>\n<meta property=\"og:image\" content=\"https:\/\/xenonkungen.com\/wp-content\/uploads\/2025\/04\/190088055-origpic-c1cdbd.png\" \/>\n\t<meta property=\"og:image:width\" content=\"272\" \/>\n\t<meta property=\"og:image:height\" content=\"600\" \/>\n\t<meta property=\"og:image:type\" content=\"image\/png\" \/>\n<meta name=\"twitter:card\" content=\"summary_large_image\" \/>\n<meta name=\"twitter:label1\" content=\"Arvioitu lukuaika\" \/>\n\t<meta name=\"twitter:data1\" content=\"1 minuutti\" \/>\n<script type=\"application\/ld+json\" class=\"yoast-schema-graph\">{\"@context\":\"https:\/\/schema.org\",\"@graph\":[{\"@type\":\"WebPage\",\"@id\":\"https:\/\/xenonkungen.com\/produkt\/meguiars-hot-shine-tyre-spray\/\",\"url\":\"https:\/\/xenonkungen.com\/produkt\/meguiars-hot-shine-tyre-spray\/\",\"name\":\"Meguiar's Hot Shine Tyre Spray - Xenonkungen\",\"isPartOf\":{\"@id\":\"https:\/\/xenonkungen.com\/#website\"},\"primaryImageOfPage\":{\"@id\":\"https:\/\/xenonkungen.com\/produkt\/meguiars-hot-shine-tyre-spray\/#primaryimage\"},\"image\":{\"@id\":\"https:\/\/xenonkungen.com\/produkt\/meguiars-hot-shine-tyre-spray\/#primaryimage\"},\"thumbnailUrl\":\"https:\/\/xenonkungen.com\/wp-content\/uploads\/2025\/04\/190088055-origpic-c1cdbd.png\",\"datePublished\":\"2025-04-15T09:13:29+00:00\",\"dateModified\":\"2026-04-24T16:30:27+00:00\",\"breadcrumb\":{\"@id\":\"https:\/\/xenonkungen.com\/produkt\/meguiars-hot-shine-tyre-spray\/#breadcrumb\"},\"inLanguage\":\"fi\",\"potentialAction\":[{\"@type\":\"ReadAction\",\"target\":[\"https:\/\/xenonkungen.com\/produkt\/meguiars-hot-shine-tyre-spray\/\"]}]},{\"@type\":\"ImageObject\",\"inLanguage\":\"fi\",\"@id\":\"https:\/\/xenonkungen.com\/produkt\/meguiars-hot-shine-tyre-spray\/#primaryimage\",\"url\":\"https:\/\/xenonkungen.com\/wp-content\/uploads\/2025\/04\/190088055-origpic-c1cdbd.png\",\"contentUrl\":\"https:\/\/xenonkungen.com\/wp-content\/uploads\/2025\/04\/190088055-origpic-c1cdbd.png\",\"width\":272,\"height\":600},{\"@type\":\"BreadcrumbList\",\"@id\":\"https:\/\/xenonkungen.com\/produkt\/meguiars-hot-shine-tyre-spray\/#breadcrumb\",\"itemListElement\":[{\"@type\":\"ListItem\",\"position\":1,\"name\":\"Hem\",\"item\":\"https:\/\/xenonkungen.com\/\"},{\"@type\":\"ListItem\",\"position\":2,\"name\":\"Shop\",\"item\":\"https:\/\/xenonkungen.com\/shop\/\"},{\"@type\":\"ListItem\",\"position\":3,\"name\":\"Meguiar&#8217;s Hot Shine Tyre Spray\"}]},{\"@type\":\"WebSite\",\"@id\":\"https:\/\/xenonkungen.com\/#website\",\"url\":\"https:\/\/xenonkungen.com\/\",\"name\":\"Xenonkungen\",\"description\":\"\",\"potentialAction\":[{\"@type\":\"SearchAction\",\"target\":{\"@type\":\"EntryPoint\",\"urlTemplate\":\"https:\/\/xenonkungen.com\/?s={search_term_string}\"},\"query-input\":{\"@type\":\"PropertyValueSpecification\",\"valueRequired\":true,\"valueName\":\"search_term_string\"}}],\"inLanguage\":\"fi\"}]}<\/script>\n<!-- \/ Yoast SEO plugin. -->","yoast_head_json":{"title":"Meguiar&#039;s Hot Shine -rengassuihke - Xenon-kuningas","robots":{"index":"index","follow":"follow","max-snippet":"max-snippet:-1","max-image-preview":"max-image-preview:large","max-video-preview":"max-video-preview:-1"},"canonical":"https:\/\/xenonkungen.com\/fi\/tuote\/meguiars-hot-shine-rengassuihke\/","og_locale":"fi_FI","og_type":"article","og_title":"Meguiar's Hot Shine Tyre Spray - Xenonkungen","og_description":"En d\u00e4ckglans som ger d\u00e4cken ett v\u00e5tliknande utseende med m\u00f6rk glans!","og_url":"https:\/\/xenonkungen.com\/fi\/tuote\/meguiars-hot-shine-rengassuihke\/","og_site_name":"Xenonkungen","article_modified_time":"2026-04-24T16:30:27+00:00","og_image":[{"width":272,"height":600,"url":"https:\/\/xenonkungen.com\/wp-content\/uploads\/2025\/04\/190088055-origpic-c1cdbd.png","type":"image\/png"}],"twitter_card":"summary_large_image","twitter_misc":{"Arvioitu lukuaika":"1 minuutti"},"schema":{"@context":"https:\/\/schema.org","@graph":[{"@type":"WebPage","@id":"https:\/\/xenonkungen.com\/produkt\/meguiars-hot-shine-tyre-spray\/","url":"https:\/\/xenonkungen.com\/produkt\/meguiars-hot-shine-tyre-spray\/","name":"Meguiar&#039;s Hot Shine -rengassuihke - Xenon-kuningas","isPartOf":{"@id":"https:\/\/xenonkungen.com\/#website"},"primaryImageOfPage":{"@id":"https:\/\/xenonkungen.com\/produkt\/meguiars-hot-shine-tyre-spray\/#primaryimage"},"image":{"@id":"https:\/\/xenonkungen.com\/produkt\/meguiars-hot-shine-tyre-spray\/#primaryimage"},"thumbnailUrl":"https:\/\/xenonkungen.com\/wp-content\/uploads\/2025\/04\/190088055-origpic-c1cdbd.png","datePublished":"2025-04-15T09:13:29+00:00","dateModified":"2026-04-24T16:30:27+00:00","breadcrumb":{"@id":"https:\/\/xenonkungen.com\/produkt\/meguiars-hot-shine-tyre-spray\/#breadcrumb"},"inLanguage":"fi","potentialAction":[{"@type":"ReadAction","target":["https:\/\/xenonkungen.com\/produkt\/meguiars-hot-shine-tyre-spray\/"]}]},{"@type":"ImageObject","inLanguage":"fi","@id":"https:\/\/xenonkungen.com\/produkt\/meguiars-hot-shine-tyre-spray\/#primaryimage","url":"https:\/\/xenonkungen.com\/wp-content\/uploads\/2025\/04\/190088055-origpic-c1cdbd.png","contentUrl":"https:\/\/xenonkungen.com\/wp-content\/uploads\/2025\/04\/190088055-origpic-c1cdbd.png","width":272,"height":600},{"@type":"BreadcrumbList","@id":"https:\/\/xenonkungen.com\/produkt\/meguiars-hot-shine-tyre-spray\/#breadcrumb","itemListElement":[{"@type":"ListItem","position":1,"name":"Hem","item":"https:\/\/xenonkungen.com\/"},{"@type":"ListItem","position":2,"name":"Shop","item":"https:\/\/xenonkungen.com\/shop\/"},{"@type":"ListItem","position":3,"name":"Meguiar&#8217;s Hot Shine Tyre Spray"}]},{"@type":"WebSite","@id":"https:\/\/xenonkungen.com\/#website","url":"https:\/\/xenonkungen.com\/","name":"Xenonkungen","description":"","potentialAction":[{"@type":"SearchAction","target":{"@type":"EntryPoint","urlTemplate":"https:\/\/xenonkungen.com\/?s={search_term_string}"},"query-input":{"@type":"PropertyValueSpecification","valueRequired":true,"valueName":"search_term_string"}}],"inLanguage":"fi"}]}},"taxonomy_info":{"anvandningsomrade":[{"value":2817,"label":"D\u00c4CK &amp; F\u00c4LG"}],"product_brand":[{"value":1383,"label":"Meguiar's"}],"product_cat":[{"value":2990,"label":"D\u00e4ck &amp; F\u00e4lg"},{"value":378,"label":"Bilv\u00e5rd"},{"value":1402,"label":"Outlet"}]},"featured_image_src_large":["https:\/\/xenonkungen.com\/wp-content\/uploads\/2025\/04\/190088055-origpic-c1cdbd.png",272,600,false],"author_info":[],"comment_info":0,"_links":{"self":[{"href":"https:\/\/xenonkungen.com\/fi\/wp-json\/wp\/v2\/product\/4465","targetHints":{"allow":["GET"]}}],"collection":[{"href":"https:\/\/xenonkungen.com\/fi\/wp-json\/wp\/v2\/product"}],"about":[{"href":"https:\/\/xenonkungen.com\/fi\/wp-json\/wp\/v2\/types\/product"}],"replies":[{"embeddable":true,"href":"https:\/\/xenonkungen.com\/fi\/wp-json\/wp\/v2\/comments?post=4465"}],"wp:featuredmedia":[{"embeddable":true,"href":"https:\/\/xenonkungen.com\/fi\/wp-json\/wp\/v2\/media\/4466"}],"wp:attachment":[{"href":"https:\/\/xenonkungen.com\/fi\/wp-json\/wp\/v2\/media?parent=4465"}],"wp:term":[{"taxonomy":"anvandningsomrade","embeddable":true,"href":"https:\/\/xenonkungen.com\/fi\/wp-json\/wp\/v2\/anvandningsomrade?post=4465"},{"taxonomy":"bilmarken","embeddable":true,"href":"https:\/\/xenonkungen.com\/fi\/wp-json\/wp\/v2\/bilmarken?post=4465"},{"taxonomy":"product_brand","embeddable":true,"href":"https:\/\/xenonkungen.com\/fi\/wp-json\/wp\/v2\/product_brand?post=4465"},{"taxonomy":"product_cat","embeddable":true,"href":"https:\/\/xenonkungen.com\/fi\/wp-json\/wp\/v2\/product_cat?post=4465"},{"taxonomy":"product_tag","embeddable":true,"href":"https:\/\/xenonkungen.com\/fi\/wp-json\/wp\/v2\/product_tag?post=4465"}],"curies":[{"name":"wp","href":"https:\/\/api.w.org\/{rel}","templated":true}]}}