{"id":4501,"date":"2025-04-15T09:13:59","date_gmt":"2025-04-15T09:13:59","guid":{"rendered":"https:\/\/xenonkungen.com\/product\/meguiars-ultimate-all-wheel-cleaner\/"},"modified":"2026-04-11T01:16:37","modified_gmt":"2026-04-11T00:16:37","slug":"meguiarsin-taydellinen-kaikkien-pyorien-puhdistusaine","status":"publish","type":"product","link":"https:\/\/xenonkungen.com\/fi\/tuote\/meguiarsin-taydellinen-kaikkien-pyorien-puhdistusaine\/","title":{"rendered":"Meguiar's Ultimate All Wheel Cleaner -puhdistusaine"},"content":{"rendered":"<h1>Ultimate All Wheel Cleaner<\/h1>\n<p>Tehokkain vanteenpuhdistajamme ikin\u00e4! T\u00e4ysin PH-neutraali ja turvallinen k\u00e4ytt\u00e4\u00e4 kaikentyyppisille vanteille\/materiaaleille. Tehokas likaa ja jarrup\u00f6ly\u00e4 vastaan. Aktiivinen geeli, joka muuttuu violetiksi liuetessaan jarrup\u00f6ly\u00e4. Tarjoaa ylivoimaisen puhdistustehon, hell\u00e4varainen vanteille!  Voidaan k\u00e4ytt\u00e4\u00e4 rautaoksidin liuottimena ja poistaa k\u00e4rp\u00e4sruostetta maalipinnoilta. Tuote on helppok\u00e4ytt\u00f6inen. Kun aine reagoi ja liuottaa rautahiukkasia, se muuttuu violetiksi.<\/p>\n<p>Suihkuta tuotetta kuivalle vanteelle. Parhaan tuloksen saat, kun k\u00e4yt\u00e4t reilun m\u00e4\u00e4r\u00e4n, jotta tuote peitt\u00e4\u00e4 hyvin. Levit\u00e4 tuote vanteen siveltimell\u00e4. Anna tuotteen vaikuttaa v\u00e4hint\u00e4\u00e4n 2-4 minuuttia ennen huuhtelua, mieluiten pidemp\u00e4\u00e4n, jos vanteet ovat eritt\u00e4in likaiset. \u00c4l\u00e4 anna tuotteen kuivua vanteelle. Toista k\u00e4sittely, jos likaa on edelleen j\u00e4ljell\u00e4.<\/p>\n<p><strong>Sis\u00e4lt\u00f6 (ml):<\/strong> 709<\/p>\n<h2><strong>Varoitus!<\/strong><\/h2>\n<p><strong>V\u00e4rikoodaus:<\/strong><\/p>\n<ul>\n<li>Haitallista nieltyn\u00e4<\/li>\n<li>Saattaa aiheuttaa allergisen ihoreaktion<\/li>\n<li>Aiheuttaa vakavaa silm\u00e4-\u00e4rsytyst\u00e4<\/li>\n<\/ul>\n<p><strong>Suojattavat nimitykset:<\/strong><\/p>\n<ul>\n<li>Pid\u00e4 pakkaus tai etiketti k\u00e4sill\u00e4, jos tarvitset l\u00e4\u00e4k\u00e4rinhoitoa.<\/li>\n<li>S\u00e4ilytett\u00e4v\u00e4 lasten ulottumattomissa<\/li>\n<li>V\u00e4lt\u00e4 sumujen, h\u00f6yryjen tai suihkeiden hengitt\u00e4mist\u00e4.<\/li>\n<li>K\u00e4yt\u00e4 suojak\u00e4sineit\u00e4 ja silmiensuojaimia<\/li>\n<li>JOS IHOLLE: Pese runsaalla vedell\u00e4 ja saippualla.<\/li>\n<li>Jos iho\u00e4rsytyst\u00e4 tai ihottumaa ilmenee: Hakeudu l\u00e4\u00e4k\u00e4riin.<\/li>\n<li>Jos silm\u00e4-\u00e4rsytys jatkuu: Hakeudu l\u00e4\u00e4k\u00e4riin.<\/li>\n<li>Sis\u00e4lt\u00f6 ja s\u00e4ili\u00f6 toimitetaan valtuutettuun j\u00e4tehuoltolaitokseen.<\/li>\n<\/ul>\n<p><iframe loading=\"lazy\" height=\"314\" src=\"https:\/\/www.youtube.com\/embed\/3lQkGy3SNJc\" width=\"560\" allowfullscreen=\"allowfullscreen\"><\/iframe><\/p>","protected":false},"excerpt":{"rendered":"<p>Tehokkain vanteenpuhdistajamme ikin\u00e4! T\u00e4ysin PH-neutraali ja turvallinen k\u00e4ytt\u00e4\u00e4 kaikentyyppisille vanteille\/materiaaleille.<\/p>","protected":false},"featured_media":4502,"comment_status":"closed","ping_status":"open","template":"","meta":{"_acf_changed":false,"_smort_price_nok":"245","_smort_price_dkk":"155","_smort_price_eur":"20.82","_smort_sale_price_nok":"","_smort_sale_price_dkk":"","_smort_sale_price_eur":"","smort_restorder":"","shipmondo_restorder":"","_kad_blocks_custom_css":"","_kad_blocks_head_custom_js":"","_kad_blocks_body_custom_js":"","_kad_blocks_footer_custom_js":"","smort_custom_pricelist_1":"146.56","smort_custom_pricelist_2":"146.56","smort_custom_pricelist_3":"139.23","smort_custom_pricelist_4":"183.2","smort_custom_pricelist_5":"146.56"},"anvandningsomrade":[2817],"bilmarken":[],"product_brand":[1383],"product_cat":[2990,378],"product_tag":[],"class_list":{"0":"post-4501","1":"product","2":"type-product","3":"status-publish","4":"has-post-thumbnail","6":"anvandningsomrade-dack-falg","7":"product_brand-meguiars","8":"product_cat-dack-och-falg","9":"product_cat-bilvard","11":"first","12":"instock","13":"taxable","14":"shipping-taxable","15":"purchasable","16":"product-type-simple"},"bundled_by":["9686","26317"],"bundle_stock_status":"instock","bundle_stock_quantity":2,"bundle_virtual":false,"bundle_layout":"","bundle_add_to_cart_form_location":"","bundle_editable_in_cart":false,"bundle_sold_individually_context":"","bundle_item_grouping":"","bundle_min_size":"","bundle_max_size":"","bundle_price":[],"bundled_items":[],"bundle_sell_ids":[],"acf":[],"yoast_head":"<!-- This site is optimized with the Yoast SEO plugin v27.0 - https:\/\/yoast.com\/product\/yoast-seo-wordpress\/ -->\n<title>Meguiar&#039;s Ultimate All Wheel Cleaner - Xenonkungen<\/title>\n<meta name=\"robots\" content=\"index, follow, max-snippet:-1, max-image-preview:large, max-video-preview:-1\" \/>\n<link rel=\"canonical\" href=\"https:\/\/xenonkungen.com\/fi\/tuote\/meguiarsin-taydellinen-kaikkien-pyorien-puhdistusaine\/\" \/>\n<meta property=\"og:locale\" content=\"fi_FI\" \/>\n<meta property=\"og:type\" content=\"article\" \/>\n<meta property=\"og:title\" content=\"Meguiar&#039;s Ultimate All Wheel Cleaner - Xenonkungen\" \/>\n<meta property=\"og:description\" content=\"V\u00e5r absolut effektivaste f\u00e4lgreng\u00f6rning n\u00e5gonsin! Helt PH-neutral och \u00e4r s\u00e4ker att anv\u00e4nda p\u00e5 alla typer av f\u00e4lgar\/material.\" \/>\n<meta property=\"og:url\" content=\"https:\/\/xenonkungen.com\/fi\/tuote\/meguiarsin-taydellinen-kaikkien-pyorien-puhdistusaine\/\" \/>\n<meta property=\"og:site_name\" content=\"Xenonkungen\" \/>\n<meta property=\"article:modified_time\" content=\"2026-04-11T00:16:37+00:00\" \/>\n<meta property=\"og:image\" content=\"https:\/\/xenonkungen.com\/wp-content\/uploads\/2025\/04\/190088059-origpic-05d362-scaled.jpg\" \/>\n\t<meta property=\"og:image:width\" content=\"1920\" \/>\n\t<meta property=\"og:image:height\" content=\"2560\" \/>\n\t<meta property=\"og:image:type\" content=\"image\/jpeg\" \/>\n<meta name=\"twitter:card\" content=\"summary_large_image\" \/>\n<meta name=\"twitter:label1\" content=\"Arvioitu lukuaika\" \/>\n\t<meta name=\"twitter:data1\" content=\"1 minuutti\" \/>\n<script type=\"application\/ld+json\" class=\"yoast-schema-graph\">{\"@context\":\"https:\/\/schema.org\",\"@graph\":[{\"@type\":\"WebPage\",\"@id\":\"https:\/\/xenonkungen.com\/produkt\/meguiars-ultimate-all-wheel-cleaner\/\",\"url\":\"https:\/\/xenonkungen.com\/produkt\/meguiars-ultimate-all-wheel-cleaner\/\",\"name\":\"Meguiar's Ultimate All Wheel Cleaner - Xenonkungen\",\"isPartOf\":{\"@id\":\"https:\/\/xenonkungen.com\/#website\"},\"primaryImageOfPage\":{\"@id\":\"https:\/\/xenonkungen.com\/produkt\/meguiars-ultimate-all-wheel-cleaner\/#primaryimage\"},\"image\":{\"@id\":\"https:\/\/xenonkungen.com\/produkt\/meguiars-ultimate-all-wheel-cleaner\/#primaryimage\"},\"thumbnailUrl\":\"https:\/\/xenonkungen.com\/wp-content\/uploads\/2025\/04\/190088059-origpic-05d362-scaled.jpg\",\"datePublished\":\"2025-04-15T09:13:59+00:00\",\"dateModified\":\"2026-04-11T00:16:37+00:00\",\"breadcrumb\":{\"@id\":\"https:\/\/xenonkungen.com\/produkt\/meguiars-ultimate-all-wheel-cleaner\/#breadcrumb\"},\"inLanguage\":\"fi\",\"potentialAction\":[{\"@type\":\"ReadAction\",\"target\":[\"https:\/\/xenonkungen.com\/produkt\/meguiars-ultimate-all-wheel-cleaner\/\"]}]},{\"@type\":\"ImageObject\",\"inLanguage\":\"fi\",\"@id\":\"https:\/\/xenonkungen.com\/produkt\/meguiars-ultimate-all-wheel-cleaner\/#primaryimage\",\"url\":\"https:\/\/xenonkungen.com\/wp-content\/uploads\/2025\/04\/190088059-origpic-05d362-scaled.jpg\",\"contentUrl\":\"https:\/\/xenonkungen.com\/wp-content\/uploads\/2025\/04\/190088059-origpic-05d362-scaled.jpg\",\"width\":1920,\"height\":2560},{\"@type\":\"BreadcrumbList\",\"@id\":\"https:\/\/xenonkungen.com\/produkt\/meguiars-ultimate-all-wheel-cleaner\/#breadcrumb\",\"itemListElement\":[{\"@type\":\"ListItem\",\"position\":1,\"name\":\"Hem\",\"item\":\"https:\/\/xenonkungen.com\/\"},{\"@type\":\"ListItem\",\"position\":2,\"name\":\"Shop\",\"item\":\"https:\/\/xenonkungen.com\/shop\/\"},{\"@type\":\"ListItem\",\"position\":3,\"name\":\"Meguiar&#8217;s Ultimate All Wheel Cleaner\"}]},{\"@type\":\"WebSite\",\"@id\":\"https:\/\/xenonkungen.com\/#website\",\"url\":\"https:\/\/xenonkungen.com\/\",\"name\":\"Xenonkungen\",\"description\":\"\",\"potentialAction\":[{\"@type\":\"SearchAction\",\"target\":{\"@type\":\"EntryPoint\",\"urlTemplate\":\"https:\/\/xenonkungen.com\/?s={search_term_string}\"},\"query-input\":{\"@type\":\"PropertyValueSpecification\",\"valueRequired\":true,\"valueName\":\"search_term_string\"}}],\"inLanguage\":\"fi\"}]}<\/script>\n<!-- \/ Yoast SEO plugin. -->","yoast_head_json":{"title":"Meguiar&#039;s Ultimate All Wheel Cleaner - Xenon-kuningas","robots":{"index":"index","follow":"follow","max-snippet":"max-snippet:-1","max-image-preview":"max-image-preview:large","max-video-preview":"max-video-preview:-1"},"canonical":"https:\/\/xenonkungen.com\/fi\/tuote\/meguiarsin-taydellinen-kaikkien-pyorien-puhdistusaine\/","og_locale":"fi_FI","og_type":"article","og_title":"Meguiar's Ultimate All Wheel Cleaner - Xenonkungen","og_description":"V\u00e5r absolut effektivaste f\u00e4lgreng\u00f6rning n\u00e5gonsin! Helt PH-neutral och \u00e4r s\u00e4ker att anv\u00e4nda p\u00e5 alla typer av f\u00e4lgar\/material.","og_url":"https:\/\/xenonkungen.com\/fi\/tuote\/meguiarsin-taydellinen-kaikkien-pyorien-puhdistusaine\/","og_site_name":"Xenonkungen","article_modified_time":"2026-04-11T00:16:37+00:00","og_image":[{"width":1920,"height":2560,"url":"https:\/\/xenonkungen.com\/wp-content\/uploads\/2025\/04\/190088059-origpic-05d362-scaled.jpg","type":"image\/jpeg"}],"twitter_card":"summary_large_image","twitter_misc":{"Arvioitu lukuaika":"1 minuutti"},"schema":{"@context":"https:\/\/schema.org","@graph":[{"@type":"WebPage","@id":"https:\/\/xenonkungen.com\/produkt\/meguiars-ultimate-all-wheel-cleaner\/","url":"https:\/\/xenonkungen.com\/produkt\/meguiars-ultimate-all-wheel-cleaner\/","name":"Meguiar&#039;s Ultimate All Wheel Cleaner - Xenon-kuningas","isPartOf":{"@id":"https:\/\/xenonkungen.com\/#website"},"primaryImageOfPage":{"@id":"https:\/\/xenonkungen.com\/produkt\/meguiars-ultimate-all-wheel-cleaner\/#primaryimage"},"image":{"@id":"https:\/\/xenonkungen.com\/produkt\/meguiars-ultimate-all-wheel-cleaner\/#primaryimage"},"thumbnailUrl":"https:\/\/xenonkungen.com\/wp-content\/uploads\/2025\/04\/190088059-origpic-05d362-scaled.jpg","datePublished":"2025-04-15T09:13:59+00:00","dateModified":"2026-04-11T00:16:37+00:00","breadcrumb":{"@id":"https:\/\/xenonkungen.com\/produkt\/meguiars-ultimate-all-wheel-cleaner\/#breadcrumb"},"inLanguage":"fi","potentialAction":[{"@type":"ReadAction","target":["https:\/\/xenonkungen.com\/produkt\/meguiars-ultimate-all-wheel-cleaner\/"]}]},{"@type":"ImageObject","inLanguage":"fi","@id":"https:\/\/xenonkungen.com\/produkt\/meguiars-ultimate-all-wheel-cleaner\/#primaryimage","url":"https:\/\/xenonkungen.com\/wp-content\/uploads\/2025\/04\/190088059-origpic-05d362-scaled.jpg","contentUrl":"https:\/\/xenonkungen.com\/wp-content\/uploads\/2025\/04\/190088059-origpic-05d362-scaled.jpg","width":1920,"height":2560},{"@type":"BreadcrumbList","@id":"https:\/\/xenonkungen.com\/produkt\/meguiars-ultimate-all-wheel-cleaner\/#breadcrumb","itemListElement":[{"@type":"ListItem","position":1,"name":"Hem","item":"https:\/\/xenonkungen.com\/"},{"@type":"ListItem","position":2,"name":"Shop","item":"https:\/\/xenonkungen.com\/shop\/"},{"@type":"ListItem","position":3,"name":"Meguiar&#8217;s Ultimate All Wheel Cleaner"}]},{"@type":"WebSite","@id":"https:\/\/xenonkungen.com\/#website","url":"https:\/\/xenonkungen.com\/","name":"Xenonkungen","description":"","potentialAction":[{"@type":"SearchAction","target":{"@type":"EntryPoint","urlTemplate":"https:\/\/xenonkungen.com\/?s={search_term_string}"},"query-input":{"@type":"PropertyValueSpecification","valueRequired":true,"valueName":"search_term_string"}}],"inLanguage":"fi"}]}},"taxonomy_info":{"anvandningsomrade":[{"value":2817,"label":"D\u00c4CK &amp; F\u00c4LG"}],"product_brand":[{"value":1383,"label":"Meguiar's"}],"product_cat":[{"value":2990,"label":"D\u00e4ck &amp; F\u00e4lg"},{"value":378,"label":"Bilv\u00e5rd"}]},"featured_image_src_large":["https:\/\/xenonkungen.com\/wp-content\/uploads\/2025\/04\/190088059-origpic-05d362-768x1024.jpg",768,1024,true],"author_info":[],"comment_info":0,"_links":{"self":[{"href":"https:\/\/xenonkungen.com\/fi\/wp-json\/wp\/v2\/product\/4501","targetHints":{"allow":["GET"]}}],"collection":[{"href":"https:\/\/xenonkungen.com\/fi\/wp-json\/wp\/v2\/product"}],"about":[{"href":"https:\/\/xenonkungen.com\/fi\/wp-json\/wp\/v2\/types\/product"}],"replies":[{"embeddable":true,"href":"https:\/\/xenonkungen.com\/fi\/wp-json\/wp\/v2\/comments?post=4501"}],"wp:featuredmedia":[{"embeddable":true,"href":"https:\/\/xenonkungen.com\/fi\/wp-json\/wp\/v2\/media\/4502"}],"wp:attachment":[{"href":"https:\/\/xenonkungen.com\/fi\/wp-json\/wp\/v2\/media?parent=4501"}],"wp:term":[{"taxonomy":"anvandningsomrade","embeddable":true,"href":"https:\/\/xenonkungen.com\/fi\/wp-json\/wp\/v2\/anvandningsomrade?post=4501"},{"taxonomy":"bilmarken","embeddable":true,"href":"https:\/\/xenonkungen.com\/fi\/wp-json\/wp\/v2\/bilmarken?post=4501"},{"taxonomy":"product_brand","embeddable":true,"href":"https:\/\/xenonkungen.com\/fi\/wp-json\/wp\/v2\/product_brand?post=4501"},{"taxonomy":"product_cat","embeddable":true,"href":"https:\/\/xenonkungen.com\/fi\/wp-json\/wp\/v2\/product_cat?post=4501"},{"taxonomy":"product_tag","embeddable":true,"href":"https:\/\/xenonkungen.com\/fi\/wp-json\/wp\/v2\/product_tag?post=4501"}],"curies":[{"name":"wp","href":"https:\/\/api.w.org\/{rel}","templated":true}]}}