{"id":4503,"date":"2025-04-15T09:14:10","date_gmt":"2025-04-15T09:14:10","guid":{"rendered":"https:\/\/xenonkungen.com\/product\/meguiars-heavy-duty-multi-purpose-cleaner\/"},"modified":"2026-04-11T01:16:39","modified_gmt":"2026-04-11T00:16:39","slug":"meguiarsin-tehokas-monikayttoinen-puhdistusaine","status":"publish","type":"product","link":"https:\/\/xenonkungen.com\/fi\/tuote\/meguiarsin-tehokas-monikayttoinen-puhdistusaine\/","title":{"rendered":"Meguiar's Heavy Duty monik\u00e4ytt\u00f6inen puhdistusaine"},"content":{"rendered":"<h1>Raskas monik\u00e4ytt\u00f6inen puhdistusaine<\/h1>\n<p>Meguiar's Heavy Duty Multi Purpose Cleaner on monik\u00e4ytt\u00f6isen puhdistusaineen seuraaja, mutta nyt entist\u00e4kin tehokkaampi ja selke\u00e4 valinta kaikkien sis\u00e4pintojen puhdistukseen. Mutta my\u00f6s joidenkin ulkopintojen puhdistukseen.<\/p>\n<p>Aineella on vaahtoava vaikutus, joka poistaa tehokkaasti lian. Ainutlaatuinen pehmittimen ja optisten lis\u00e4aineiden sekoitus tuo mattojen, muiden tekstiilien ja vinyylin uuden ilmeen.<\/p>\n<p>Tuote sopii my\u00f6s pyykinpesuun. Sopii sek\u00e4 auto- ett\u00e4 kotik\u00e4ytt\u00f6\u00f6n.<\/p>\n<p>HUOM! Ei k\u00e4ytett\u00e4v\u00e4ksi lasipinnoilla.<\/p>\n<p><strong>Sis\u00e4lt\u00f6 (ml):<\/strong> 709<\/p>\n<h2><strong>Varoitus!<\/strong><\/h2>\n<p><strong>V\u00e4rikoodaus:<\/strong><\/p>\n<ul>\n<li>Aiheuttaa vakavia sy\u00f6vytt\u00e4vi\u00e4 vaurioita iholle ja silmille.<\/li>\n<li>Myrkyllist\u00e4 vesieli\u00f6ille ja sill\u00e4 on pitk\u00e4aikaisia vaikutuksia.<\/li>\n<\/ul>\n<p><strong>Suojattavat nimitykset:<\/strong><\/p>\n<ul>\n<li>Pid\u00e4 pakkaus tai etiketti k\u00e4sill\u00e4, jos tarvitset l\u00e4\u00e4k\u00e4rinhoitoa.<\/li>\n<li>S\u00e4ilytett\u00e4v\u00e4 lasten ulottumattomissa<\/li>\n<li>\u00c4l\u00e4 hengit\u00e4 kaasuja, sumuja, h\u00f6yryj\u00e4 tai suihkeita.<\/li>\n<li>K\u00e4yt\u00e4 suojak\u00e4sineit\u00e4 ja -vaatteita sek\u00e4 silmien tai kasvojen suojausta.<\/li>\n<li>JOS NIELET\u00c4\u00c4N: Huuhtele suu. \u00c4L\u00c4 aiheuta oksentelua<\/li>\n<li>JOS IHOLLE (my\u00f6s hiuksiin): Riisu v\u00e4litt\u00f6m\u00e4sti kaikki saastuneet vaatteet. Huuhtele iho vedell\u00e4 tai suihkulla.<\/li>\n<li>JOS SILMIIN: Huuhtele varovasti vedell\u00e4 useita minuutteja. Poista mahdolliset piilolinssit, jos se on helposti mahdollista. Jatka huuhtelua<\/li>\n<li>Ota v\u00e4litt\u00f6m\u00e4sti yhteys MYRKYTYSTIETOKESKUKSEEN tai l\u00e4\u00e4k\u00e4riin.<\/li>\n<li>S\u00e4ilytet\u00e4\u00e4n lukkojen takana<\/li>\n<li>Sis\u00e4lt\u00f6 ja s\u00e4ili\u00f6 toimitetaan valtuutettuun j\u00e4tehuoltolaitokseen.<\/li>\n<\/ul>\n<p><iframe loading=\"lazy\" height=\"314\" src=\"https:\/\/www.youtube.com\/embed\/Ccs5groZFC8\" width=\"560\" allowfullscreen=\"allowfullscreen\"><\/iframe><\/p>","protected":false},"excerpt":{"rendered":"<p>Yleispuhdistusaine, jolla on hieman enemm\u00e4n puhdistustehoa. Autonhoitoon ja kotik\u00e4ytt\u00f6\u00f6n.<\/p>","protected":false},"featured_media":4504,"comment_status":"closed","ping_status":"open","template":"","meta":{"_acf_changed":false,"_smort_price_nok":"202","_smort_price_dkk":"128","_smort_price_eur":"17.18","_smort_sale_price_nok":"","_smort_sale_price_dkk":"","_smort_sale_price_eur":"","smort_restorder":"","shipmondo_restorder":"","_kad_blocks_custom_css":"","_kad_blocks_head_custom_js":"","_kad_blocks_body_custom_js":"","_kad_blocks_footer_custom_js":"","smort_custom_pricelist_1":"120.96","smort_custom_pricelist_2":"120.96","smort_custom_pricelist_3":"114.91","smort_custom_pricelist_4":"151.2","smort_custom_pricelist_5":"120.96"},"anvandningsomrade":[],"bilmarken":[],"product_brand":[1383],"product_cat":[2992,2618,378],"product_tag":[],"class_list":{"0":"post-4503","1":"product","2":"type-product","3":"status-publish","4":"has-post-thumbnail","6":"product_brand-meguiars","7":"product_cat-home-bilvard","8":"product_cat-interior","9":"product_cat-bilvard","11":"first","12":"instock","13":"taxable","14":"shipping-taxable","15":"purchasable","16":"product-type-simple"},"bundled_by":[],"bundle_stock_status":"instock","bundle_stock_quantity":4,"bundle_virtual":false,"bundle_layout":"","bundle_add_to_cart_form_location":"","bundle_editable_in_cart":false,"bundle_sold_individually_context":"","bundle_item_grouping":"","bundle_min_size":"","bundle_max_size":"","bundle_price":[],"bundled_items":[],"bundle_sell_ids":[],"acf":[],"yoast_head":"<!-- This site is optimized with the Yoast SEO plugin v27.0 - https:\/\/yoast.com\/product\/yoast-seo-wordpress\/ -->\n<title>Meguiar&#039;s Heavy Duty Multi-Purpose Cleaner - Xenonkungen<\/title>\n<meta name=\"robots\" content=\"index, follow, max-snippet:-1, max-image-preview:large, max-video-preview:-1\" \/>\n<link rel=\"canonical\" href=\"https:\/\/xenonkungen.com\/fi\/tuote\/meguiarsin-tehokas-monikayttoinen-puhdistusaine\/\" \/>\n<meta property=\"og:locale\" content=\"fi_FI\" \/>\n<meta property=\"og:type\" content=\"article\" \/>\n<meta property=\"og:title\" content=\"Meguiar&#039;s Heavy Duty Multi-Purpose Cleaner - Xenonkungen\" \/>\n<meta property=\"og:description\" content=\"Ett allround reng\u00f6ringsmedel, med lite extra reng\u00f6ringsf\u00f6rm\u00e5ga. F\u00f6r bilv\u00e5rd och hemmabruk.\" \/>\n<meta property=\"og:url\" content=\"https:\/\/xenonkungen.com\/fi\/tuote\/meguiarsin-tehokas-monikayttoinen-puhdistusaine\/\" \/>\n<meta property=\"og:site_name\" content=\"Xenonkungen\" \/>\n<meta property=\"article:modified_time\" content=\"2026-04-11T00:16:39+00:00\" \/>\n<meta property=\"og:image\" content=\"https:\/\/xenonkungen.com\/wp-content\/uploads\/2025\/04\/190088083-origpic-8282f3.png\" \/>\n\t<meta property=\"og:image:width\" content=\"240\" \/>\n\t<meta property=\"og:image:height\" content=\"600\" \/>\n\t<meta property=\"og:image:type\" content=\"image\/png\" \/>\n<meta name=\"twitter:card\" content=\"summary_large_image\" \/>\n<meta name=\"twitter:label1\" content=\"Arvioitu lukuaika\" \/>\n\t<meta name=\"twitter:data1\" content=\"1 minuutti\" \/>\n<script type=\"application\/ld+json\" class=\"yoast-schema-graph\">{\"@context\":\"https:\/\/schema.org\",\"@graph\":[{\"@type\":\"WebPage\",\"@id\":\"https:\/\/xenonkungen.com\/produkt\/meguiars-heavy-duty-multi-purpose-cleaner\/\",\"url\":\"https:\/\/xenonkungen.com\/produkt\/meguiars-heavy-duty-multi-purpose-cleaner\/\",\"name\":\"Meguiar's Heavy Duty Multi-Purpose Cleaner - Xenonkungen\",\"isPartOf\":{\"@id\":\"https:\/\/xenonkungen.com\/#website\"},\"primaryImageOfPage\":{\"@id\":\"https:\/\/xenonkungen.com\/produkt\/meguiars-heavy-duty-multi-purpose-cleaner\/#primaryimage\"},\"image\":{\"@id\":\"https:\/\/xenonkungen.com\/produkt\/meguiars-heavy-duty-multi-purpose-cleaner\/#primaryimage\"},\"thumbnailUrl\":\"https:\/\/xenonkungen.com\/wp-content\/uploads\/2025\/04\/190088083-origpic-8282f3.png\",\"datePublished\":\"2025-04-15T09:14:10+00:00\",\"dateModified\":\"2026-04-11T00:16:39+00:00\",\"breadcrumb\":{\"@id\":\"https:\/\/xenonkungen.com\/produkt\/meguiars-heavy-duty-multi-purpose-cleaner\/#breadcrumb\"},\"inLanguage\":\"fi\",\"potentialAction\":[{\"@type\":\"ReadAction\",\"target\":[\"https:\/\/xenonkungen.com\/produkt\/meguiars-heavy-duty-multi-purpose-cleaner\/\"]}]},{\"@type\":\"ImageObject\",\"inLanguage\":\"fi\",\"@id\":\"https:\/\/xenonkungen.com\/produkt\/meguiars-heavy-duty-multi-purpose-cleaner\/#primaryimage\",\"url\":\"https:\/\/xenonkungen.com\/wp-content\/uploads\/2025\/04\/190088083-origpic-8282f3.png\",\"contentUrl\":\"https:\/\/xenonkungen.com\/wp-content\/uploads\/2025\/04\/190088083-origpic-8282f3.png\",\"width\":240,\"height\":600},{\"@type\":\"BreadcrumbList\",\"@id\":\"https:\/\/xenonkungen.com\/produkt\/meguiars-heavy-duty-multi-purpose-cleaner\/#breadcrumb\",\"itemListElement\":[{\"@type\":\"ListItem\",\"position\":1,\"name\":\"Hem\",\"item\":\"https:\/\/xenonkungen.com\/\"},{\"@type\":\"ListItem\",\"position\":2,\"name\":\"Shop\",\"item\":\"https:\/\/xenonkungen.com\/shop\/\"},{\"@type\":\"ListItem\",\"position\":3,\"name\":\"Meguiar&#8217;s Heavy Duty Multi-Purpose Cleaner\"}]},{\"@type\":\"WebSite\",\"@id\":\"https:\/\/xenonkungen.com\/#website\",\"url\":\"https:\/\/xenonkungen.com\/\",\"name\":\"Xenonkungen\",\"description\":\"\",\"potentialAction\":[{\"@type\":\"SearchAction\",\"target\":{\"@type\":\"EntryPoint\",\"urlTemplate\":\"https:\/\/xenonkungen.com\/?s={search_term_string}\"},\"query-input\":{\"@type\":\"PropertyValueSpecification\",\"valueRequired\":true,\"valueName\":\"search_term_string\"}}],\"inLanguage\":\"fi\"}]}<\/script>\n<!-- \/ Yoast SEO plugin. -->","yoast_head_json":{"title":"Meguiar&#039;sin tehokas monik\u00e4ytt\u00f6inen puhdistusaine - Xenon-kuningas","robots":{"index":"index","follow":"follow","max-snippet":"max-snippet:-1","max-image-preview":"max-image-preview:large","max-video-preview":"max-video-preview:-1"},"canonical":"https:\/\/xenonkungen.com\/fi\/tuote\/meguiarsin-tehokas-monikayttoinen-puhdistusaine\/","og_locale":"fi_FI","og_type":"article","og_title":"Meguiar's Heavy Duty Multi-Purpose Cleaner - Xenonkungen","og_description":"Ett allround reng\u00f6ringsmedel, med lite extra reng\u00f6ringsf\u00f6rm\u00e5ga. F\u00f6r bilv\u00e5rd och hemmabruk.","og_url":"https:\/\/xenonkungen.com\/fi\/tuote\/meguiarsin-tehokas-monikayttoinen-puhdistusaine\/","og_site_name":"Xenonkungen","article_modified_time":"2026-04-11T00:16:39+00:00","og_image":[{"width":240,"height":600,"url":"https:\/\/xenonkungen.com\/wp-content\/uploads\/2025\/04\/190088083-origpic-8282f3.png","type":"image\/png"}],"twitter_card":"summary_large_image","twitter_misc":{"Arvioitu lukuaika":"1 minuutti"},"schema":{"@context":"https:\/\/schema.org","@graph":[{"@type":"WebPage","@id":"https:\/\/xenonkungen.com\/produkt\/meguiars-heavy-duty-multi-purpose-cleaner\/","url":"https:\/\/xenonkungen.com\/produkt\/meguiars-heavy-duty-multi-purpose-cleaner\/","name":"Meguiar&#039;sin tehokas monik\u00e4ytt\u00f6inen puhdistusaine - Xenon-kuningas","isPartOf":{"@id":"https:\/\/xenonkungen.com\/#website"},"primaryImageOfPage":{"@id":"https:\/\/xenonkungen.com\/produkt\/meguiars-heavy-duty-multi-purpose-cleaner\/#primaryimage"},"image":{"@id":"https:\/\/xenonkungen.com\/produkt\/meguiars-heavy-duty-multi-purpose-cleaner\/#primaryimage"},"thumbnailUrl":"https:\/\/xenonkungen.com\/wp-content\/uploads\/2025\/04\/190088083-origpic-8282f3.png","datePublished":"2025-04-15T09:14:10+00:00","dateModified":"2026-04-11T00:16:39+00:00","breadcrumb":{"@id":"https:\/\/xenonkungen.com\/produkt\/meguiars-heavy-duty-multi-purpose-cleaner\/#breadcrumb"},"inLanguage":"fi","potentialAction":[{"@type":"ReadAction","target":["https:\/\/xenonkungen.com\/produkt\/meguiars-heavy-duty-multi-purpose-cleaner\/"]}]},{"@type":"ImageObject","inLanguage":"fi","@id":"https:\/\/xenonkungen.com\/produkt\/meguiars-heavy-duty-multi-purpose-cleaner\/#primaryimage","url":"https:\/\/xenonkungen.com\/wp-content\/uploads\/2025\/04\/190088083-origpic-8282f3.png","contentUrl":"https:\/\/xenonkungen.com\/wp-content\/uploads\/2025\/04\/190088083-origpic-8282f3.png","width":240,"height":600},{"@type":"BreadcrumbList","@id":"https:\/\/xenonkungen.com\/produkt\/meguiars-heavy-duty-multi-purpose-cleaner\/#breadcrumb","itemListElement":[{"@type":"ListItem","position":1,"name":"Hem","item":"https:\/\/xenonkungen.com\/"},{"@type":"ListItem","position":2,"name":"Shop","item":"https:\/\/xenonkungen.com\/shop\/"},{"@type":"ListItem","position":3,"name":"Meguiar&#8217;s Heavy Duty Multi-Purpose Cleaner"}]},{"@type":"WebSite","@id":"https:\/\/xenonkungen.com\/#website","url":"https:\/\/xenonkungen.com\/","name":"Xenonkungen","description":"","potentialAction":[{"@type":"SearchAction","target":{"@type":"EntryPoint","urlTemplate":"https:\/\/xenonkungen.com\/?s={search_term_string}"},"query-input":{"@type":"PropertyValueSpecification","valueRequired":true,"valueName":"search_term_string"}}],"inLanguage":"fi"}]}},"taxonomy_info":{"product_brand":[{"value":1383,"label":"Meguiar's"}],"product_cat":[{"value":2992,"label":"Home"},{"value":2618,"label":"Interi\u00f6r"},{"value":378,"label":"Bilv\u00e5rd"}]},"featured_image_src_large":["https:\/\/xenonkungen.com\/wp-content\/uploads\/2025\/04\/190088083-origpic-8282f3.png",240,600,false],"author_info":[],"comment_info":0,"_links":{"self":[{"href":"https:\/\/xenonkungen.com\/fi\/wp-json\/wp\/v2\/product\/4503","targetHints":{"allow":["GET"]}}],"collection":[{"href":"https:\/\/xenonkungen.com\/fi\/wp-json\/wp\/v2\/product"}],"about":[{"href":"https:\/\/xenonkungen.com\/fi\/wp-json\/wp\/v2\/types\/product"}],"replies":[{"embeddable":true,"href":"https:\/\/xenonkungen.com\/fi\/wp-json\/wp\/v2\/comments?post=4503"}],"wp:featuredmedia":[{"embeddable":true,"href":"https:\/\/xenonkungen.com\/fi\/wp-json\/wp\/v2\/media\/4504"}],"wp:attachment":[{"href":"https:\/\/xenonkungen.com\/fi\/wp-json\/wp\/v2\/media?parent=4503"}],"wp:term":[{"taxonomy":"anvandningsomrade","embeddable":true,"href":"https:\/\/xenonkungen.com\/fi\/wp-json\/wp\/v2\/anvandningsomrade?post=4503"},{"taxonomy":"bilmarken","embeddable":true,"href":"https:\/\/xenonkungen.com\/fi\/wp-json\/wp\/v2\/bilmarken?post=4503"},{"taxonomy":"product_brand","embeddable":true,"href":"https:\/\/xenonkungen.com\/fi\/wp-json\/wp\/v2\/product_brand?post=4503"},{"taxonomy":"product_cat","embeddable":true,"href":"https:\/\/xenonkungen.com\/fi\/wp-json\/wp\/v2\/product_cat?post=4503"},{"taxonomy":"product_tag","embeddable":true,"href":"https:\/\/xenonkungen.com\/fi\/wp-json\/wp\/v2\/product_tag?post=4503"}],"curies":[{"name":"wp","href":"https:\/\/api.w.org\/{rel}","templated":true}]}}