{"id":4527,"date":"2025-04-15T09:14:18","date_gmt":"2025-04-15T09:14:18","guid":{"rendered":"https:\/\/xenonkungen.com\/product\/meguiars-ultimate-polish\/"},"modified":"2026-04-16T03:21:09","modified_gmt":"2026-04-16T02:21:09","slug":"meguiars-kiillotusaine","status":"publish","type":"product","link":"https:\/\/xenonkungen.com\/fi\/tuote\/meguiars-kiillotusaine\/","title":{"rendered":"Meguiar's Ultimate Polish"},"content":{"rendered":"<h1>Ultimate Polish<\/h1>\n<p>Viimeinen vaihe ennen vahausta maksimaalisen kiillon, syvyyden ja heijastavuuden saavuttamiseksi. Runsaat kiillotus\u00f6ljyt lis\u00e4\u00e4v\u00e4t optimaalista syvyytt\u00e4 ja tuovat esiin sek\u00e4 maalin v\u00e4rin ett\u00e4 kiillon. Poistaa hienot juonteet ja optimoi viimeistelyn ennen vahausta. <\/p>\n<p>Antaa m\u00e4r\u00e4n kaltaisen n\u00e4yttelyauton kiillon.<\/p>\n<p><span>Suurempien vikojen ja naarmujen poistoon suosittelemme seuraavia menetelmi\u00e4\u00a0<\/span><a href=\"https:\/\/www.xenonkungen.com\/se\/produkter\/bilvard\/2-rengora-rub\/ultimate-compound.html\">Ultimate Compound<\/a>\u00a0<\/p>\n<p><strong>Sis\u00e4lt\u00f6 (ml):<\/strong> 473<\/p>\n<h2><strong>Varoitus!<\/strong><\/h2>\n<p><strong>V\u00e4rikoodaus:<\/strong><\/p>\n<ul>\n<li>Saattaa aiheuttaa elinten (keskushermoston) vaurioita pitk\u00e4aikaisessa tai toistuvassa altistumisessa.<\/li>\n<\/ul>\n<p><strong>Suojattavat nimitykset:<\/strong><\/p>\n<ul>\n<li>Pid\u00e4 pakkaus tai etiketti k\u00e4sill\u00e4, jos tarvitset l\u00e4\u00e4k\u00e4rinhoitoa.<\/li>\n<li>S\u00e4ilytett\u00e4v\u00e4 lasten ulottumattomissa<\/li>\n<li>\u00c4l\u00e4 hengit\u00e4 h\u00f6yryj\u00e4<\/li>\n<li>Hakeudu l\u00e4\u00e4k\u00e4riin, jos tunnet olosi huonoksi<\/li>\n<li>Sis\u00e4lt\u00f6 ja astia toimitetaan kunnan ongelmaj\u00e4tekeskukseen.<\/li>\n<\/ul>","protected":false},"excerpt":{"rendered":"<p>Korkeakiiltoinen kiillotusaine, joka valmistelee maalin vahausta varten. Antaa syv\u00e4n kiillon.<\/p>","protected":false},"featured_media":4528,"comment_status":"closed","ping_status":"open","template":"","meta":{"_acf_changed":false,"_smort_price_nok":"309","_smort_price_dkk":"196","_smort_price_eur":"26.27","_smort_sale_price_nok":"","_smort_sale_price_dkk":"","_smort_sale_price_eur":"","smort_restorder":"","shipmondo_restorder":"","_kad_blocks_custom_css":"","_kad_blocks_head_custom_js":"","_kad_blocks_body_custom_js":"","_kad_blocks_footer_custom_js":"","smort_custom_pricelist_1":"184.96","smort_custom_pricelist_2":"184.96","smort_custom_pricelist_3":"175.71","smort_custom_pricelist_4":"231.2","smort_custom_pricelist_5":"184.96"},"anvandningsomrade":[],"bilmarken":[],"product_brand":[1383],"product_cat":[2617,378],"product_tag":[],"class_list":{"0":"post-4527","1":"product","2":"type-product","3":"status-publish","4":"has-post-thumbnail","6":"product_brand-meguiars","7":"product_cat-polering","8":"product_cat-bilvard","10":"first","11":"instock","12":"taxable","13":"shipping-taxable","14":"purchasable","15":"product-type-simple"},"bundled_by":[],"bundle_stock_status":"instock","bundle_stock_quantity":4,"bundle_virtual":false,"bundle_layout":"","bundle_add_to_cart_form_location":"","bundle_editable_in_cart":false,"bundle_sold_individually_context":"","bundle_item_grouping":"","bundle_min_size":"","bundle_max_size":"","bundle_price":[],"bundled_items":[],"bundle_sell_ids":[],"acf":[],"yoast_head":"<!-- This site is optimized with the Yoast SEO plugin v27.0 - https:\/\/yoast.com\/product\/yoast-seo-wordpress\/ -->\n<title>Meguiar&#039;s Ultimate Polish - Xenonkungen<\/title>\n<meta name=\"robots\" content=\"index, follow, max-snippet:-1, max-image-preview:large, max-video-preview:-1\" \/>\n<link rel=\"canonical\" href=\"https:\/\/xenonkungen.com\/fi\/tuote\/meguiars-kiillotusaine\/\" \/>\n<meta property=\"og:locale\" content=\"fi_FI\" \/>\n<meta property=\"og:type\" content=\"article\" \/>\n<meta property=\"og:title\" content=\"Meguiar&#039;s Ultimate Polish - Xenonkungen\" \/>\n<meta property=\"og:description\" content=\"En h\u00f6gblank polish f\u00f6r att f\u00f6rbereda lacken inf\u00f6r vaxning. Ger djup glans.\" \/>\n<meta property=\"og:url\" content=\"https:\/\/xenonkungen.com\/fi\/tuote\/meguiars-kiillotusaine\/\" \/>\n<meta property=\"og:site_name\" content=\"Xenonkungen\" \/>\n<meta property=\"article:modified_time\" content=\"2026-04-16T02:21:09+00:00\" \/>\n<meta property=\"og:image\" content=\"https:\/\/xenonkungen.com\/wp-content\/uploads\/2025\/04\/190088019-origpic-adc545.png\" \/>\n\t<meta property=\"og:image:width\" content=\"265\" \/>\n\t<meta property=\"og:image:height\" content=\"600\" \/>\n\t<meta property=\"og:image:type\" content=\"image\/png\" \/>\n<meta name=\"twitter:card\" content=\"summary_large_image\" \/>\n<meta name=\"twitter:label1\" content=\"Arvioitu lukuaika\" \/>\n\t<meta name=\"twitter:data1\" content=\"1 minuutti\" \/>\n<script type=\"application\/ld+json\" class=\"yoast-schema-graph\">{\"@context\":\"https:\/\/schema.org\",\"@graph\":[{\"@type\":\"WebPage\",\"@id\":\"https:\/\/xenonkungen.com\/produkt\/meguiars-ultimate-polish\/\",\"url\":\"https:\/\/xenonkungen.com\/produkt\/meguiars-ultimate-polish\/\",\"name\":\"Meguiar's Ultimate Polish - Xenonkungen\",\"isPartOf\":{\"@id\":\"https:\/\/xenonkungen.com\/#website\"},\"primaryImageOfPage\":{\"@id\":\"https:\/\/xenonkungen.com\/produkt\/meguiars-ultimate-polish\/#primaryimage\"},\"image\":{\"@id\":\"https:\/\/xenonkungen.com\/produkt\/meguiars-ultimate-polish\/#primaryimage\"},\"thumbnailUrl\":\"https:\/\/xenonkungen.com\/wp-content\/uploads\/2025\/04\/190088019-origpic-adc545.png\",\"datePublished\":\"2025-04-15T09:14:18+00:00\",\"dateModified\":\"2026-04-16T02:21:09+00:00\",\"breadcrumb\":{\"@id\":\"https:\/\/xenonkungen.com\/produkt\/meguiars-ultimate-polish\/#breadcrumb\"},\"inLanguage\":\"fi\",\"potentialAction\":[{\"@type\":\"ReadAction\",\"target\":[\"https:\/\/xenonkungen.com\/produkt\/meguiars-ultimate-polish\/\"]}]},{\"@type\":\"ImageObject\",\"inLanguage\":\"fi\",\"@id\":\"https:\/\/xenonkungen.com\/produkt\/meguiars-ultimate-polish\/#primaryimage\",\"url\":\"https:\/\/xenonkungen.com\/wp-content\/uploads\/2025\/04\/190088019-origpic-adc545.png\",\"contentUrl\":\"https:\/\/xenonkungen.com\/wp-content\/uploads\/2025\/04\/190088019-origpic-adc545.png\",\"width\":265,\"height\":600},{\"@type\":\"BreadcrumbList\",\"@id\":\"https:\/\/xenonkungen.com\/produkt\/meguiars-ultimate-polish\/#breadcrumb\",\"itemListElement\":[{\"@type\":\"ListItem\",\"position\":1,\"name\":\"Hem\",\"item\":\"https:\/\/xenonkungen.com\/\"},{\"@type\":\"ListItem\",\"position\":2,\"name\":\"Shop\",\"item\":\"https:\/\/xenonkungen.com\/shop\/\"},{\"@type\":\"ListItem\",\"position\":3,\"name\":\"Meguiar&#8217;s Ultimate Polish\"}]},{\"@type\":\"WebSite\",\"@id\":\"https:\/\/xenonkungen.com\/#website\",\"url\":\"https:\/\/xenonkungen.com\/\",\"name\":\"Xenonkungen\",\"description\":\"\",\"potentialAction\":[{\"@type\":\"SearchAction\",\"target\":{\"@type\":\"EntryPoint\",\"urlTemplate\":\"https:\/\/xenonkungen.com\/?s={search_term_string}\"},\"query-input\":{\"@type\":\"PropertyValueSpecification\",\"valueRequired\":true,\"valueName\":\"search_term_string\"}}],\"inLanguage\":\"fi\"}]}<\/script>\n<!-- \/ Yoast SEO plugin. -->","yoast_head_json":{"title":"Meguiar&#039;sin Ultimate Polish - Ksenonkiillotusaine","robots":{"index":"index","follow":"follow","max-snippet":"max-snippet:-1","max-image-preview":"max-image-preview:large","max-video-preview":"max-video-preview:-1"},"canonical":"https:\/\/xenonkungen.com\/fi\/tuote\/meguiars-kiillotusaine\/","og_locale":"fi_FI","og_type":"article","og_title":"Meguiar's Ultimate Polish - Xenonkungen","og_description":"En h\u00f6gblank polish f\u00f6r att f\u00f6rbereda lacken inf\u00f6r vaxning. Ger djup glans.","og_url":"https:\/\/xenonkungen.com\/fi\/tuote\/meguiars-kiillotusaine\/","og_site_name":"Xenonkungen","article_modified_time":"2026-04-16T02:21:09+00:00","og_image":[{"width":265,"height":600,"url":"https:\/\/xenonkungen.com\/wp-content\/uploads\/2025\/04\/190088019-origpic-adc545.png","type":"image\/png"}],"twitter_card":"summary_large_image","twitter_misc":{"Arvioitu lukuaika":"1 minuutti"},"schema":{"@context":"https:\/\/schema.org","@graph":[{"@type":"WebPage","@id":"https:\/\/xenonkungen.com\/produkt\/meguiars-ultimate-polish\/","url":"https:\/\/xenonkungen.com\/produkt\/meguiars-ultimate-polish\/","name":"Meguiar&#039;sin Ultimate Polish - Ksenonkiillotusaine","isPartOf":{"@id":"https:\/\/xenonkungen.com\/#website"},"primaryImageOfPage":{"@id":"https:\/\/xenonkungen.com\/produkt\/meguiars-ultimate-polish\/#primaryimage"},"image":{"@id":"https:\/\/xenonkungen.com\/produkt\/meguiars-ultimate-polish\/#primaryimage"},"thumbnailUrl":"https:\/\/xenonkungen.com\/wp-content\/uploads\/2025\/04\/190088019-origpic-adc545.png","datePublished":"2025-04-15T09:14:18+00:00","dateModified":"2026-04-16T02:21:09+00:00","breadcrumb":{"@id":"https:\/\/xenonkungen.com\/produkt\/meguiars-ultimate-polish\/#breadcrumb"},"inLanguage":"fi","potentialAction":[{"@type":"ReadAction","target":["https:\/\/xenonkungen.com\/produkt\/meguiars-ultimate-polish\/"]}]},{"@type":"ImageObject","inLanguage":"fi","@id":"https:\/\/xenonkungen.com\/produkt\/meguiars-ultimate-polish\/#primaryimage","url":"https:\/\/xenonkungen.com\/wp-content\/uploads\/2025\/04\/190088019-origpic-adc545.png","contentUrl":"https:\/\/xenonkungen.com\/wp-content\/uploads\/2025\/04\/190088019-origpic-adc545.png","width":265,"height":600},{"@type":"BreadcrumbList","@id":"https:\/\/xenonkungen.com\/produkt\/meguiars-ultimate-polish\/#breadcrumb","itemListElement":[{"@type":"ListItem","position":1,"name":"Hem","item":"https:\/\/xenonkungen.com\/"},{"@type":"ListItem","position":2,"name":"Shop","item":"https:\/\/xenonkungen.com\/shop\/"},{"@type":"ListItem","position":3,"name":"Meguiar&#8217;s Ultimate Polish"}]},{"@type":"WebSite","@id":"https:\/\/xenonkungen.com\/#website","url":"https:\/\/xenonkungen.com\/","name":"Xenonkungen","description":"","potentialAction":[{"@type":"SearchAction","target":{"@type":"EntryPoint","urlTemplate":"https:\/\/xenonkungen.com\/?s={search_term_string}"},"query-input":{"@type":"PropertyValueSpecification","valueRequired":true,"valueName":"search_term_string"}}],"inLanguage":"fi"}]}},"taxonomy_info":{"product_brand":[{"value":1383,"label":"Meguiar's"}],"product_cat":[{"value":2617,"label":"3 | Polering"},{"value":378,"label":"Bilv\u00e5rd"}]},"featured_image_src_large":["https:\/\/xenonkungen.com\/wp-content\/uploads\/2025\/04\/190088019-origpic-adc545.png",265,600,false],"author_info":[],"comment_info":1,"_links":{"self":[{"href":"https:\/\/xenonkungen.com\/fi\/wp-json\/wp\/v2\/product\/4527","targetHints":{"allow":["GET"]}}],"collection":[{"href":"https:\/\/xenonkungen.com\/fi\/wp-json\/wp\/v2\/product"}],"about":[{"href":"https:\/\/xenonkungen.com\/fi\/wp-json\/wp\/v2\/types\/product"}],"replies":[{"embeddable":true,"href":"https:\/\/xenonkungen.com\/fi\/wp-json\/wp\/v2\/comments?post=4527"}],"wp:featuredmedia":[{"embeddable":true,"href":"https:\/\/xenonkungen.com\/fi\/wp-json\/wp\/v2\/media\/4528"}],"wp:attachment":[{"href":"https:\/\/xenonkungen.com\/fi\/wp-json\/wp\/v2\/media?parent=4527"}],"wp:term":[{"taxonomy":"anvandningsomrade","embeddable":true,"href":"https:\/\/xenonkungen.com\/fi\/wp-json\/wp\/v2\/anvandningsomrade?post=4527"},{"taxonomy":"bilmarken","embeddable":true,"href":"https:\/\/xenonkungen.com\/fi\/wp-json\/wp\/v2\/bilmarken?post=4527"},{"taxonomy":"product_brand","embeddable":true,"href":"https:\/\/xenonkungen.com\/fi\/wp-json\/wp\/v2\/product_brand?post=4527"},{"taxonomy":"product_cat","embeddable":true,"href":"https:\/\/xenonkungen.com\/fi\/wp-json\/wp\/v2\/product_cat?post=4527"},{"taxonomy":"product_tag","embeddable":true,"href":"https:\/\/xenonkungen.com\/fi\/wp-json\/wp\/v2\/product_tag?post=4527"}],"curies":[{"name":"wp","href":"https:\/\/api.w.org\/{rel}","templated":true}]}}