{"id":4547,"date":"2025-04-15T09:14:26","date_gmt":"2025-04-15T09:14:26","guid":{"rendered":"https:\/\/xenonkungen.com\/product\/meguiars-hybrid-ceramic-wash-wax\/"},"modified":"2026-04-11T01:17:23","modified_gmt":"2026-04-11T00:17:23","slug":"meguiars-hybridi-keraaminen-pesuvaha","status":"publish","type":"product","link":"https:\/\/xenonkungen.com\/fi\/tuote\/meguiars-hybridi-keraaminen-pesuvaha\/","title":{"rendered":"Meguiar's Hybrid Ceramic Wash &amp; Wax (Keraaminen pesu ja vahaus)"},"content":{"rendered":"<h1>Hybrid Ceramic Wash &amp; Wax<\/h1>\n<p><span>Puhdista ja suojaa autosi yhdell\u00e4 tuotteella! Ainutlaatuinen tuote, jolla on vaikuttavat puhdistusominaisuudet ja uskomaton suoja. Ainutlaatuisen koostumuksensa ansiosta t\u00e4m\u00e4 keraaminen shampoo vaahtoaa kuin perinteinen shampoo vaarantamatta sen tehokkuutta.<\/p>\n<p>Yhdess\u00e4 erityisesti suunnitellun Hybrid Wash Mitt -k\u00e4sineen kanssa peset autosi puhtaaksi oranssilla puolella, k\u00e4\u00e4nn\u00e4t k\u00e4sineen harmaalle puolelle ja levit\u00e4t suojaavan SiO2-kerroksen. <br \/>Vaahtoava keraaminen hybridishampoo, joka antaa maalillesi upean kiillon ja \u00e4\u00e4rimm\u00e4isen vedenkest\u00e4vyyden!<br \/><\/span><\/p>\n<p><span><strong><em>Muista ostaa\u00a0<a href=\"https:\/\/www.xenonkungen.com\/se\/produkter\/bilvard\/1-fortvatt\/tillbehor-fortvatt\/hybrid-wash-mitt.html\">Keraaminen hybridi pesukinnas<\/a><\/em>\u00a0parhaat tulokset!<br \/><\/strong><\/span><\/p>\n<p><span><strong>Sis\u00e4lt\u00f6:<\/strong> 1,41 L<\/span><\/p>\n<h2><strong>Varoitus.<\/strong><\/h2>\n<ul>\n<li>Aiheuttaa vakavaa silm\u00e4-\u00e4rsytyst\u00e4<\/li>\n<li>Pitk\u00e4aikaiset haitalliset vaikutukset vesieli\u00f6ihin<\/li>\n<\/ul>\n<p><strong>Suojattavat nimitykset:<\/strong><\/p>\n<ul>\n<li>Pid\u00e4 pakkaus tai etiketti k\u00e4sill\u00e4, jos tarvitset l\u00e4\u00e4k\u00e4rinhoitoa.<\/li>\n<li>S\u00e4ilytett\u00e4v\u00e4 lasten ulottumattomissa<\/li>\n<li>Pese k\u00e4det huolellisesti k\u00e4yt\u00f6n j\u00e4lkeen<\/li>\n<li>V\u00e4ltet\u00e4\u00e4n p\u00e4\u00e4st\u00f6j\u00e4 ymp\u00e4rist\u00f6\u00f6n<\/li>\n<li>K\u00e4yt\u00e4 silmiensuojaimia<\/li>\n<li>JOS SILMIIN: Huuhtele varovasti vedell\u00e4 useita minuutteja. Poista mahdolliset piilolinssit, jos se on helposti mahdollista. Jatka huuhtelua<\/li>\n<li>Jos silm\u00e4-\u00e4rsytys jatkuu: Hakeudu l\u00e4\u00e4k\u00e4riin.<\/li>\n<li>Sis\u00e4lt\u00f6 ja s\u00e4ili\u00f6 toimitetaan valtuutettuun j\u00e4tehuoltolaitokseen.<\/li>\n<\/ul>\n<p><strong>T\u00e4ydent\u00e4v\u00e4t vaaratiedot:<\/strong><br \/>EUH208 Sis\u00e4lt\u00e4\u00e4 5-KLORO-2-METHYL-2H-ISOTIAZOL-3-ON JA 2-METHYL-2H-ISOTIAZOL-3-ON REAKTIIVISEOKSEN (3:1); 2-METHYLISOTIAZOL-3(2H)-ON. Saattaa aiheuttaa allergisen reaktion.<\/p>","protected":false},"excerpt":{"rendered":"<p>Puhdista ja suojaa autosi yhdell\u00e4 tuotteella! Ainutlaatuinen tuote, jolla on vaikuttavat puhdistusominaisuudet ja uskomaton suoja.<\/p>","protected":false},"featured_media":4548,"comment_status":"closed","ping_status":"open","template":"","meta":{"_acf_changed":false,"_smort_price_nok":"280","_smort_price_dkk":"237","_smort_price_eur":"31.73","_smort_sale_price_nok":"280","_smort_sale_price_dkk":"","_smort_sale_price_eur":"","smort_restorder":"","shipmondo_restorder":"","_kad_blocks_custom_css":"","_kad_blocks_head_custom_js":"","_kad_blocks_body_custom_js":"","_kad_blocks_footer_custom_js":"","smort_custom_pricelist_1":"223.36","smort_custom_pricelist_2":"223.36","smort_custom_pricelist_3":"212.19","smort_custom_pricelist_4":"279.2","smort_custom_pricelist_5":"223.36"},"anvandningsomrade":[],"bilmarken":[],"product_brand":[1383],"product_cat":[2988,2621,378,1402],"product_tag":[],"class_list":{"0":"post-4547","1":"product","2":"type-product","3":"status-publish","4":"has-post-thumbnail","6":"product_brand-meguiars","7":"product_cat-biltvatt","8":"product_cat-bilschampo","9":"product_cat-bilvard","10":"product_cat-outlet","12":"first","13":"instock","14":"sale","15":"taxable","16":"shipping-taxable","17":"purchasable","18":"product-type-simple"},"bundled_by":["9661"],"bundle_stock_status":"instock","bundle_stock_quantity":3,"bundle_virtual":false,"bundle_layout":"","bundle_add_to_cart_form_location":"","bundle_editable_in_cart":false,"bundle_sold_individually_context":"","bundle_item_grouping":"","bundle_min_size":"","bundle_max_size":"","bundle_price":[],"bundled_items":[],"bundle_sell_ids":[],"acf":[],"yoast_head":"<!-- This site is optimized with the Yoast SEO plugin v27.0 - https:\/\/yoast.com\/product\/yoast-seo-wordpress\/ -->\n<title>Meguiar&#039;s Hybrid Ceramic Wash &amp; Wax - Xenonkungen<\/title>\n<meta name=\"robots\" content=\"index, follow, max-snippet:-1, max-image-preview:large, max-video-preview:-1\" \/>\n<link rel=\"canonical\" href=\"https:\/\/xenonkungen.com\/fi\/tuote\/meguiars-hybridi-keraaminen-pesuvaha\/\" \/>\n<meta property=\"og:locale\" content=\"fi_FI\" \/>\n<meta property=\"og:type\" content=\"article\" \/>\n<meta property=\"og:title\" content=\"Meguiar&#039;s Hybrid Ceramic Wash &amp; Wax - Xenonkungen\" \/>\n<meta property=\"og:description\" content=\"Reng\u00f6r och skydda bilen med en och samma produkt! En unik produkt med imponerande tv\u00e4ttegenskaper och ett otroligt skydd.\" \/>\n<meta property=\"og:url\" content=\"https:\/\/xenonkungen.com\/fi\/tuote\/meguiars-hybridi-keraaminen-pesuvaha\/\" \/>\n<meta property=\"og:site_name\" content=\"Xenonkungen\" \/>\n<meta property=\"article:modified_time\" content=\"2026-04-11T00:17:23+00:00\" \/>\n<meta property=\"og:image\" content=\"https:\/\/xenonkungen.com\/wp-content\/uploads\/2025\/04\/190087927-origpic-af8338.png\" \/>\n\t<meta property=\"og:image:width\" content=\"338\" \/>\n\t<meta property=\"og:image:height\" content=\"600\" \/>\n\t<meta property=\"og:image:type\" content=\"image\/png\" \/>\n<meta name=\"twitter:card\" content=\"summary_large_image\" \/>\n<meta name=\"twitter:label1\" content=\"Arvioitu lukuaika\" \/>\n\t<meta name=\"twitter:data1\" content=\"1 minuutti\" \/>\n<script type=\"application\/ld+json\" class=\"yoast-schema-graph\">{\"@context\":\"https:\/\/schema.org\",\"@graph\":[{\"@type\":\"WebPage\",\"@id\":\"https:\/\/xenonkungen.com\/produkt\/meguiars-hybrid-ceramic-wash-wax\/\",\"url\":\"https:\/\/xenonkungen.com\/produkt\/meguiars-hybrid-ceramic-wash-wax\/\",\"name\":\"Meguiar's Hybrid Ceramic Wash & Wax - Xenonkungen\",\"isPartOf\":{\"@id\":\"https:\/\/xenonkungen.com\/#website\"},\"primaryImageOfPage\":{\"@id\":\"https:\/\/xenonkungen.com\/produkt\/meguiars-hybrid-ceramic-wash-wax\/#primaryimage\"},\"image\":{\"@id\":\"https:\/\/xenonkungen.com\/produkt\/meguiars-hybrid-ceramic-wash-wax\/#primaryimage\"},\"thumbnailUrl\":\"https:\/\/xenonkungen.com\/wp-content\/uploads\/2025\/04\/190087927-origpic-af8338.png\",\"datePublished\":\"2025-04-15T09:14:26+00:00\",\"dateModified\":\"2026-04-11T00:17:23+00:00\",\"breadcrumb\":{\"@id\":\"https:\/\/xenonkungen.com\/produkt\/meguiars-hybrid-ceramic-wash-wax\/#breadcrumb\"},\"inLanguage\":\"fi\",\"potentialAction\":[{\"@type\":\"ReadAction\",\"target\":[\"https:\/\/xenonkungen.com\/produkt\/meguiars-hybrid-ceramic-wash-wax\/\"]}]},{\"@type\":\"ImageObject\",\"inLanguage\":\"fi\",\"@id\":\"https:\/\/xenonkungen.com\/produkt\/meguiars-hybrid-ceramic-wash-wax\/#primaryimage\",\"url\":\"https:\/\/xenonkungen.com\/wp-content\/uploads\/2025\/04\/190087927-origpic-af8338.png\",\"contentUrl\":\"https:\/\/xenonkungen.com\/wp-content\/uploads\/2025\/04\/190087927-origpic-af8338.png\",\"width\":338,\"height\":600},{\"@type\":\"BreadcrumbList\",\"@id\":\"https:\/\/xenonkungen.com\/produkt\/meguiars-hybrid-ceramic-wash-wax\/#breadcrumb\",\"itemListElement\":[{\"@type\":\"ListItem\",\"position\":1,\"name\":\"Hem\",\"item\":\"https:\/\/xenonkungen.com\/\"},{\"@type\":\"ListItem\",\"position\":2,\"name\":\"Shop\",\"item\":\"https:\/\/xenonkungen.com\/shop\/\"},{\"@type\":\"ListItem\",\"position\":3,\"name\":\"Meguiar&#8217;s Hybrid Ceramic Wash &#038; Wax\"}]},{\"@type\":\"WebSite\",\"@id\":\"https:\/\/xenonkungen.com\/#website\",\"url\":\"https:\/\/xenonkungen.com\/\",\"name\":\"Xenonkungen\",\"description\":\"\",\"potentialAction\":[{\"@type\":\"SearchAction\",\"target\":{\"@type\":\"EntryPoint\",\"urlTemplate\":\"https:\/\/xenonkungen.com\/?s={search_term_string}\"},\"query-input\":{\"@type\":\"PropertyValueSpecification\",\"valueRequired\":true,\"valueName\":\"search_term_string\"}}],\"inLanguage\":\"fi\"}]}<\/script>\n<!-- \/ Yoast SEO plugin. -->","yoast_head_json":{"title":"Meguiar&#039;s Hybrid Ceramic Wash &amp; Wax - Xenon King","robots":{"index":"index","follow":"follow","max-snippet":"max-snippet:-1","max-image-preview":"max-image-preview:large","max-video-preview":"max-video-preview:-1"},"canonical":"https:\/\/xenonkungen.com\/fi\/tuote\/meguiars-hybridi-keraaminen-pesuvaha\/","og_locale":"fi_FI","og_type":"article","og_title":"Meguiar's Hybrid Ceramic Wash & Wax - Xenonkungen","og_description":"Reng\u00f6r och skydda bilen med en och samma produkt! En unik produkt med imponerande tv\u00e4ttegenskaper och ett otroligt skydd.","og_url":"https:\/\/xenonkungen.com\/fi\/tuote\/meguiars-hybridi-keraaminen-pesuvaha\/","og_site_name":"Xenonkungen","article_modified_time":"2026-04-11T00:17:23+00:00","og_image":[{"width":338,"height":600,"url":"https:\/\/xenonkungen.com\/wp-content\/uploads\/2025\/04\/190087927-origpic-af8338.png","type":"image\/png"}],"twitter_card":"summary_large_image","twitter_misc":{"Arvioitu lukuaika":"1 minuutti"},"schema":{"@context":"https:\/\/schema.org","@graph":[{"@type":"WebPage","@id":"https:\/\/xenonkungen.com\/produkt\/meguiars-hybrid-ceramic-wash-wax\/","url":"https:\/\/xenonkungen.com\/produkt\/meguiars-hybrid-ceramic-wash-wax\/","name":"Meguiar&#039;s Hybrid Ceramic Wash &amp; Wax - Xenon King","isPartOf":{"@id":"https:\/\/xenonkungen.com\/#website"},"primaryImageOfPage":{"@id":"https:\/\/xenonkungen.com\/produkt\/meguiars-hybrid-ceramic-wash-wax\/#primaryimage"},"image":{"@id":"https:\/\/xenonkungen.com\/produkt\/meguiars-hybrid-ceramic-wash-wax\/#primaryimage"},"thumbnailUrl":"https:\/\/xenonkungen.com\/wp-content\/uploads\/2025\/04\/190087927-origpic-af8338.png","datePublished":"2025-04-15T09:14:26+00:00","dateModified":"2026-04-11T00:17:23+00:00","breadcrumb":{"@id":"https:\/\/xenonkungen.com\/produkt\/meguiars-hybrid-ceramic-wash-wax\/#breadcrumb"},"inLanguage":"fi","potentialAction":[{"@type":"ReadAction","target":["https:\/\/xenonkungen.com\/produkt\/meguiars-hybrid-ceramic-wash-wax\/"]}]},{"@type":"ImageObject","inLanguage":"fi","@id":"https:\/\/xenonkungen.com\/produkt\/meguiars-hybrid-ceramic-wash-wax\/#primaryimage","url":"https:\/\/xenonkungen.com\/wp-content\/uploads\/2025\/04\/190087927-origpic-af8338.png","contentUrl":"https:\/\/xenonkungen.com\/wp-content\/uploads\/2025\/04\/190087927-origpic-af8338.png","width":338,"height":600},{"@type":"BreadcrumbList","@id":"https:\/\/xenonkungen.com\/produkt\/meguiars-hybrid-ceramic-wash-wax\/#breadcrumb","itemListElement":[{"@type":"ListItem","position":1,"name":"Hem","item":"https:\/\/xenonkungen.com\/"},{"@type":"ListItem","position":2,"name":"Shop","item":"https:\/\/xenonkungen.com\/shop\/"},{"@type":"ListItem","position":3,"name":"Meguiar&#8217;s Hybrid Ceramic Wash &#038; Wax"}]},{"@type":"WebSite","@id":"https:\/\/xenonkungen.com\/#website","url":"https:\/\/xenonkungen.com\/","name":"Xenonkungen","description":"","potentialAction":[{"@type":"SearchAction","target":{"@type":"EntryPoint","urlTemplate":"https:\/\/xenonkungen.com\/?s={search_term_string}"},"query-input":{"@type":"PropertyValueSpecification","valueRequired":true,"valueName":"search_term_string"}}],"inLanguage":"fi"}]}},"taxonomy_info":{"product_brand":[{"value":1383,"label":"Meguiar's"}],"product_cat":[{"value":2988,"label":"1 | Biltv\u00e4tt"},{"value":2621,"label":"Bilschampo"},{"value":378,"label":"Bilv\u00e5rd"},{"value":1402,"label":"Outlet"}]},"featured_image_src_large":["https:\/\/xenonkungen.com\/wp-content\/uploads\/2025\/04\/190087927-origpic-af8338.png",338,600,false],"author_info":[],"comment_info":0,"_links":{"self":[{"href":"https:\/\/xenonkungen.com\/fi\/wp-json\/wp\/v2\/product\/4547","targetHints":{"allow":["GET"]}}],"collection":[{"href":"https:\/\/xenonkungen.com\/fi\/wp-json\/wp\/v2\/product"}],"about":[{"href":"https:\/\/xenonkungen.com\/fi\/wp-json\/wp\/v2\/types\/product"}],"replies":[{"embeddable":true,"href":"https:\/\/xenonkungen.com\/fi\/wp-json\/wp\/v2\/comments?post=4547"}],"wp:featuredmedia":[{"embeddable":true,"href":"https:\/\/xenonkungen.com\/fi\/wp-json\/wp\/v2\/media\/4548"}],"wp:attachment":[{"href":"https:\/\/xenonkungen.com\/fi\/wp-json\/wp\/v2\/media?parent=4547"}],"wp:term":[{"taxonomy":"anvandningsomrade","embeddable":true,"href":"https:\/\/xenonkungen.com\/fi\/wp-json\/wp\/v2\/anvandningsomrade?post=4547"},{"taxonomy":"bilmarken","embeddable":true,"href":"https:\/\/xenonkungen.com\/fi\/wp-json\/wp\/v2\/bilmarken?post=4547"},{"taxonomy":"product_brand","embeddable":true,"href":"https:\/\/xenonkungen.com\/fi\/wp-json\/wp\/v2\/product_brand?post=4547"},{"taxonomy":"product_cat","embeddable":true,"href":"https:\/\/xenonkungen.com\/fi\/wp-json\/wp\/v2\/product_cat?post=4547"},{"taxonomy":"product_tag","embeddable":true,"href":"https:\/\/xenonkungen.com\/fi\/wp-json\/wp\/v2\/product_tag?post=4547"}],"curies":[{"name":"wp","href":"https:\/\/api.w.org\/{rel}","templated":true}]}}