{"id":4570,"date":"2025-04-15T09:14:46","date_gmt":"2025-04-15T09:14:46","guid":{"rendered":"https:\/\/xenonkungen.com\/product\/meguiars-wash-wax-anywhere\/"},"modified":"2026-04-24T17:32:11","modified_gmt":"2026-04-24T16:32:11","slug":"meguiars-pesee-vahaa-missa-tahansa","status":"publish","type":"product","link":"https:\/\/xenonkungen.com\/fi\/tuote\/meguiars-pesee-vahaa-missa-tahansa\/","title":{"rendered":"Meguiar's Wash &amp; Wax Anywhere - pesu ja vahaus kaikkialla"},"content":{"rendered":"<h1>T\u00e4ydellinen vedet\u00f6n pesu ja vaha<\/h1>\n<p>T\u00e4m\u00e4n tuotteen kanssa et tarvitse vett\u00e4, \u00e4mp\u00e4ri\u00e4 tai letkua auton puhdistamiseen.<br \/>Suihkuta vain pinnalle ja pyyhi pois. Saat puhtaan, vastapestyn ja -vahatun pinnan vain muutamassa minuutissa. Sinun ei tarvitse edes huuhdella, ja mik\u00e4 parasta, se EI j\u00e4t\u00e4 lainkaan naarmuja! <\/p>\n<p>Uskomattoman helppok\u00e4ytt\u00f6inen: suihkuta tuotetta pinnalle ja pyyhi pois mikrokuituliinalla.<\/p>\n<p>Ultimate Wash &amp; Wax Anywhere j\u00e4tt\u00e4\u00e4 kiilt\u00e4v\u00e4n, suojaavan ja vahatun pinnan, joka kest\u00e4\u00e4.<\/p>\n<p>Turvallinen kaikilla pinnoilla.<br \/>Ei suositella k\u00e4ytett\u00e4v\u00e4ksi mattamaalilla.<span><span><\/p>\n<p><strong>*<\/strong>Tuote on t\u00e4ysin turvallinen k\u00e4ytt\u00e4\u00e4, kunhan ohjeita noudatetaan!<\/p>\n<p><strong>Sis\u00e4lt\u00f6 (ml):<\/strong> 768<br \/><\/span><\/span><\/p>\n<h2>Varoitus!<\/h2>\n<p><span><strong>V\u00e4rikoodaus:<\/strong><br \/>Sis\u00e4lt\u00e4\u00e4 5-KLORO-2-METHYL-2H-ISOTIAZOL-3-ONEN JA 2-METHYL-2H-ISOTIAZOL-3-ONEN REAKTIIVISEKOITUSSEOKSEN (3:1). Saattaa aiheuttaa allergisen reaktion<br \/><\/span><\/p>","protected":false},"excerpt":{"rendered":"<p>Ei vett\u00e4? Ei h\u00e4t\u00e4\u00e4! Turvallinen vedet\u00f6n tuote, jonka avulla voit pest\u00e4 autosi ilman vett\u00e4. Suihkuta yhdelle pinnalle kerrallaan ja pyyhi puhtaalla, kuivalla mikrokuituliinalla.<\/p>","protected":false},"featured_media":4571,"comment_status":"closed","ping_status":"closed","template":"","meta":{"_acf_changed":false,"_smort_price_nok":"281","_smort_price_dkk":"223","_smort_price_eur":"29.91","_smort_sale_price_nok":"281","_smort_sale_price_dkk":"","_smort_sale_price_eur":"23.91","smort_restorder":"","shipmondo_restorder":"","_kad_blocks_custom_css":"","_kad_blocks_head_custom_js":"","_kad_blocks_body_custom_js":"","_kad_blocks_footer_custom_js":"","smort_custom_pricelist_1":"210.56","smort_custom_pricelist_2":"210.56","smort_custom_pricelist_3":"200.03","smort_custom_pricelist_4":"263.2","smort_custom_pricelist_5":"210.56"},"anvandningsomrade":[],"bilmarken":[],"product_brand":[1383],"product_cat":[2614,2623,2621,2992,378],"product_tag":[],"class_list":{"0":"post-4570","1":"product","2":"type-product","3":"status-publish","4":"has-post-thumbnail","6":"product_brand-meguiars","7":"product_cat-lackskydd","8":"product_cat-underhall","9":"product_cat-bilschampo","10":"product_cat-home-bilvard","11":"product_cat-bilvard","13":"first","14":"instock","15":"taxable","16":"shipping-taxable","17":"purchasable","18":"product-type-simple"},"bundled_by":[],"bundle_stock_status":"instock","bundle_stock_quantity":5,"bundle_virtual":false,"bundle_layout":"","bundle_add_to_cart_form_location":"","bundle_editable_in_cart":false,"bundle_sold_individually_context":"","bundle_item_grouping":"","bundle_min_size":"","bundle_max_size":"","bundle_price":[],"bundled_items":[],"bundle_sell_ids":[],"acf":[],"yoast_head":"<!-- This site is optimized with the Yoast SEO plugin v27.0 - https:\/\/yoast.com\/product\/yoast-seo-wordpress\/ -->\n<title>Meguiar&#039;s Wash &amp; Wax Anywhere - Xenonkungen<\/title>\n<meta name=\"robots\" content=\"index, follow, max-snippet:-1, max-image-preview:large, max-video-preview:-1\" \/>\n<link rel=\"canonical\" href=\"https:\/\/xenonkungen.com\/fi\/tuote\/meguiars-pesee-vahaa-missa-tahansa\/\" \/>\n<meta property=\"og:locale\" content=\"fi_FI\" \/>\n<meta property=\"og:type\" content=\"article\" \/>\n<meta property=\"og:title\" content=\"Meguiar&#039;s Wash &amp; Wax Anywhere - Xenonkungen\" \/>\n<meta property=\"og:description\" content=\"Inget vatten? Inga problem! En s\u00e4ker waterless produkt som l\u00e5ter dig tv\u00e4tta bilen utan vatten. Spraya p\u00e5 en yta i taget och torka med ren och torr mikrofiberduk.\" \/>\n<meta property=\"og:url\" content=\"https:\/\/xenonkungen.com\/fi\/tuote\/meguiars-pesee-vahaa-missa-tahansa\/\" \/>\n<meta property=\"og:site_name\" content=\"Xenonkungen\" \/>\n<meta property=\"article:modified_time\" content=\"2026-04-24T16:32:11+00:00\" \/>\n<meta property=\"og:image\" content=\"https:\/\/xenonkungen.com\/wp-content\/uploads\/2025\/04\/190087977-origpic-afa570.png\" \/>\n\t<meta property=\"og:image:width\" content=\"214\" \/>\n\t<meta property=\"og:image:height\" content=\"600\" \/>\n\t<meta property=\"og:image:type\" content=\"image\/png\" \/>\n<meta name=\"twitter:card\" content=\"summary_large_image\" \/>\n<meta name=\"twitter:label1\" content=\"Arvioitu lukuaika\" \/>\n\t<meta name=\"twitter:data1\" content=\"1 minuutti\" \/>\n<script type=\"application\/ld+json\" class=\"yoast-schema-graph\">{\"@context\":\"https:\/\/schema.org\",\"@graph\":[{\"@type\":\"WebPage\",\"@id\":\"https:\/\/xenonkungen.com\/produkt\/meguiars-wash-wax-anywhere\/\",\"url\":\"https:\/\/xenonkungen.com\/produkt\/meguiars-wash-wax-anywhere\/\",\"name\":\"Meguiar's Wash & Wax Anywhere - Xenonkungen\",\"isPartOf\":{\"@id\":\"https:\/\/xenonkungen.com\/#website\"},\"primaryImageOfPage\":{\"@id\":\"https:\/\/xenonkungen.com\/produkt\/meguiars-wash-wax-anywhere\/#primaryimage\"},\"image\":{\"@id\":\"https:\/\/xenonkungen.com\/produkt\/meguiars-wash-wax-anywhere\/#primaryimage\"},\"thumbnailUrl\":\"https:\/\/xenonkungen.com\/wp-content\/uploads\/2025\/04\/190087977-origpic-afa570.png\",\"datePublished\":\"2025-04-15T09:14:46+00:00\",\"dateModified\":\"2026-04-24T16:32:11+00:00\",\"breadcrumb\":{\"@id\":\"https:\/\/xenonkungen.com\/produkt\/meguiars-wash-wax-anywhere\/#breadcrumb\"},\"inLanguage\":\"fi\",\"potentialAction\":[{\"@type\":\"ReadAction\",\"target\":[\"https:\/\/xenonkungen.com\/produkt\/meguiars-wash-wax-anywhere\/\"]}]},{\"@type\":\"ImageObject\",\"inLanguage\":\"fi\",\"@id\":\"https:\/\/xenonkungen.com\/produkt\/meguiars-wash-wax-anywhere\/#primaryimage\",\"url\":\"https:\/\/xenonkungen.com\/wp-content\/uploads\/2025\/04\/190087977-origpic-afa570.png\",\"contentUrl\":\"https:\/\/xenonkungen.com\/wp-content\/uploads\/2025\/04\/190087977-origpic-afa570.png\",\"width\":214,\"height\":600},{\"@type\":\"BreadcrumbList\",\"@id\":\"https:\/\/xenonkungen.com\/produkt\/meguiars-wash-wax-anywhere\/#breadcrumb\",\"itemListElement\":[{\"@type\":\"ListItem\",\"position\":1,\"name\":\"Hem\",\"item\":\"https:\/\/xenonkungen.com\/\"},{\"@type\":\"ListItem\",\"position\":2,\"name\":\"Shop\",\"item\":\"https:\/\/xenonkungen.com\/shop\/\"},{\"@type\":\"ListItem\",\"position\":3,\"name\":\"Meguiar&#8217;s Wash &#038; Wax Anywhere\"}]},{\"@type\":\"WebSite\",\"@id\":\"https:\/\/xenonkungen.com\/#website\",\"url\":\"https:\/\/xenonkungen.com\/\",\"name\":\"Xenonkungen\",\"description\":\"\",\"potentialAction\":[{\"@type\":\"SearchAction\",\"target\":{\"@type\":\"EntryPoint\",\"urlTemplate\":\"https:\/\/xenonkungen.com\/?s={search_term_string}\"},\"query-input\":{\"@type\":\"PropertyValueSpecification\",\"valueRequired\":true,\"valueName\":\"search_term_string\"}}],\"inLanguage\":\"fi\"}]}<\/script>\n<!-- \/ Yoast SEO plugin. -->","yoast_head_json":{"title":"Meguiar&#039;s Wash &amp; Wax Anywhere - Xenon-kuningas","robots":{"index":"index","follow":"follow","max-snippet":"max-snippet:-1","max-image-preview":"max-image-preview:large","max-video-preview":"max-video-preview:-1"},"canonical":"https:\/\/xenonkungen.com\/fi\/tuote\/meguiars-pesee-vahaa-missa-tahansa\/","og_locale":"fi_FI","og_type":"article","og_title":"Meguiar's Wash & Wax Anywhere - Xenonkungen","og_description":"Inget vatten? Inga problem! En s\u00e4ker waterless produkt som l\u00e5ter dig tv\u00e4tta bilen utan vatten. Spraya p\u00e5 en yta i taget och torka med ren och torr mikrofiberduk.","og_url":"https:\/\/xenonkungen.com\/fi\/tuote\/meguiars-pesee-vahaa-missa-tahansa\/","og_site_name":"Xenonkungen","article_modified_time":"2026-04-24T16:32:11+00:00","og_image":[{"width":214,"height":600,"url":"https:\/\/xenonkungen.com\/wp-content\/uploads\/2025\/04\/190087977-origpic-afa570.png","type":"image\/png"}],"twitter_card":"summary_large_image","twitter_misc":{"Arvioitu lukuaika":"1 minuutti"},"schema":{"@context":"https:\/\/schema.org","@graph":[{"@type":"WebPage","@id":"https:\/\/xenonkungen.com\/produkt\/meguiars-wash-wax-anywhere\/","url":"https:\/\/xenonkungen.com\/produkt\/meguiars-wash-wax-anywhere\/","name":"Meguiar&#039;s Wash &amp; Wax Anywhere - Xenon-kuningas","isPartOf":{"@id":"https:\/\/xenonkungen.com\/#website"},"primaryImageOfPage":{"@id":"https:\/\/xenonkungen.com\/produkt\/meguiars-wash-wax-anywhere\/#primaryimage"},"image":{"@id":"https:\/\/xenonkungen.com\/produkt\/meguiars-wash-wax-anywhere\/#primaryimage"},"thumbnailUrl":"https:\/\/xenonkungen.com\/wp-content\/uploads\/2025\/04\/190087977-origpic-afa570.png","datePublished":"2025-04-15T09:14:46+00:00","dateModified":"2026-04-24T16:32:11+00:00","breadcrumb":{"@id":"https:\/\/xenonkungen.com\/produkt\/meguiars-wash-wax-anywhere\/#breadcrumb"},"inLanguage":"fi","potentialAction":[{"@type":"ReadAction","target":["https:\/\/xenonkungen.com\/produkt\/meguiars-wash-wax-anywhere\/"]}]},{"@type":"ImageObject","inLanguage":"fi","@id":"https:\/\/xenonkungen.com\/produkt\/meguiars-wash-wax-anywhere\/#primaryimage","url":"https:\/\/xenonkungen.com\/wp-content\/uploads\/2025\/04\/190087977-origpic-afa570.png","contentUrl":"https:\/\/xenonkungen.com\/wp-content\/uploads\/2025\/04\/190087977-origpic-afa570.png","width":214,"height":600},{"@type":"BreadcrumbList","@id":"https:\/\/xenonkungen.com\/produkt\/meguiars-wash-wax-anywhere\/#breadcrumb","itemListElement":[{"@type":"ListItem","position":1,"name":"Hem","item":"https:\/\/xenonkungen.com\/"},{"@type":"ListItem","position":2,"name":"Shop","item":"https:\/\/xenonkungen.com\/shop\/"},{"@type":"ListItem","position":3,"name":"Meguiar&#8217;s Wash &#038; Wax Anywhere"}]},{"@type":"WebSite","@id":"https:\/\/xenonkungen.com\/#website","url":"https:\/\/xenonkungen.com\/","name":"Xenonkungen","description":"","potentialAction":[{"@type":"SearchAction","target":{"@type":"EntryPoint","urlTemplate":"https:\/\/xenonkungen.com\/?s={search_term_string}"},"query-input":{"@type":"PropertyValueSpecification","valueRequired":true,"valueName":"search_term_string"}}],"inLanguage":"fi"}]}},"taxonomy_info":{"product_brand":[{"value":1383,"label":"Meguiar's"}],"product_cat":[{"value":2614,"label":"4 | Bilvax &amp; Lackskydd"},{"value":2623,"label":"5 | Underh\u00e5ll"},{"value":2621,"label":"Bilschampo"},{"value":2992,"label":"Home"},{"value":378,"label":"Bilv\u00e5rd"}]},"featured_image_src_large":["https:\/\/xenonkungen.com\/wp-content\/uploads\/2025\/04\/190087977-origpic-afa570.png",214,600,false],"author_info":[],"comment_info":1,"_links":{"self":[{"href":"https:\/\/xenonkungen.com\/fi\/wp-json\/wp\/v2\/product\/4570","targetHints":{"allow":["GET"]}}],"collection":[{"href":"https:\/\/xenonkungen.com\/fi\/wp-json\/wp\/v2\/product"}],"about":[{"href":"https:\/\/xenonkungen.com\/fi\/wp-json\/wp\/v2\/types\/product"}],"replies":[{"embeddable":true,"href":"https:\/\/xenonkungen.com\/fi\/wp-json\/wp\/v2\/comments?post=4570"}],"wp:featuredmedia":[{"embeddable":true,"href":"https:\/\/xenonkungen.com\/fi\/wp-json\/wp\/v2\/media\/4571"}],"wp:attachment":[{"href":"https:\/\/xenonkungen.com\/fi\/wp-json\/wp\/v2\/media?parent=4570"}],"wp:term":[{"taxonomy":"anvandningsomrade","embeddable":true,"href":"https:\/\/xenonkungen.com\/fi\/wp-json\/wp\/v2\/anvandningsomrade?post=4570"},{"taxonomy":"bilmarken","embeddable":true,"href":"https:\/\/xenonkungen.com\/fi\/wp-json\/wp\/v2\/bilmarken?post=4570"},{"taxonomy":"product_brand","embeddable":true,"href":"https:\/\/xenonkungen.com\/fi\/wp-json\/wp\/v2\/product_brand?post=4570"},{"taxonomy":"product_cat","embeddable":true,"href":"https:\/\/xenonkungen.com\/fi\/wp-json\/wp\/v2\/product_cat?post=4570"},{"taxonomy":"product_tag","embeddable":true,"href":"https:\/\/xenonkungen.com\/fi\/wp-json\/wp\/v2\/product_tag?post=4570"}],"curies":[{"name":"wp","href":"https:\/\/api.w.org\/{rel}","templated":true}]}}