{"id":4715,"date":"2025-04-15T09:17:09","date_gmt":"2025-04-15T09:17:09","guid":{"rendered":"https:\/\/xenonkungen.com\/product\/blixtljusramp-optibeam-dark-phantom-800mm\/"},"modified":"2026-04-11T01:37:46","modified_gmt":"2026-04-11T00:37:46","slug":"optibeam-dark-phantom-salamavalopalkki-800-mm","status":"publish","type":"product","link":"https:\/\/xenonkungen.com\/fi\/tuote\/optibeam-dark-phantom-salamavalopalkki-800-mm\/","title":{"rendered":"Optibeam Dark Phantom 800mm taskulampun ramppi"},"content":{"rendered":"<h2>Kompakti salamavalopalkki, jossa tehokas muotoilu ja oranssi valo<\/h2>\n<p>T\u00e4m\u00e4 kompakti vilkkuva valopalkki on poikkeuksellinen ratkaisu ajoneuvoihin, jotka vaativat hyv\u00e4\u00e4 n\u00e4kyvyytt\u00e4 paikallaan ajettaessa. Se on varustettu tehokkaalla magneettikiinnikkeell\u00e4 ja suunniteltu helppoa kokoamista ja purkamista varten. 10\u201330 Vdc:n j\u00e4nnitteell\u00e4 ja vain 2,1 A:n energiatehokkaalla virrankulutuksella 12 V:n j\u00e4nnitteell\u00e4 (1,25 A 24 V:n j\u00e4nnitteell\u00e4) t\u00e4m\u00e4 palkki yhdist\u00e4\u00e4 sek\u00e4 tehokkuuden ett\u00e4 tehokkuuden. Maksimiteho on 25,2 W 12 V:n j\u00e4nnitteell\u00e4 ja 30 W 24 V:n j\u00e4nnitteell\u00e4, mik\u00e4 varmistaa voimakkaan ja selke\u00e4n valaistuksen. Palkin kompaktit mitat, pituus 800 mm, leveys 300 mm ja korkeus 59 mm (ilman kiinnitysjalkoja), tekev\u00e4t siit\u00e4 sopivan monenlaisiin ajoneuvoihin. Sen paino 7,4 kg helpottaa k\u00e4sittely\u00e4 ja asennusta. Palkki tuottaa kirkkaan oranssia valoa, joka sopii t\u00e4ydellisesti huomion her\u00e4tt\u00e4miseen ja turvallisuuden parantamiseen. Se on varustettu 11 eri vilkkukuviolla ja sertifioitu luokan 2 (TA2), ECE REG65:n ja R10:n mukaisesti. Lis\u00e4ominaisuuksiin kuuluvat jatkuva valo ja vakiovalo, jotka tarjoavat k\u00e4ytt\u00e4j\u00e4lle lis\u00e4\u00e4 mukautusvaihtoehtoja. 3,5 metrin pituisen kaapelin ja kaukos\u00e4\u00e4timen ansiosta t\u00e4m\u00e4 ramppi tarjoaa erinomaisen joustavuuden k\u00e4yt\u00f6ss\u00e4. Kest\u00e4v\u00e4st\u00e4 polykarbonaattikotelosta ja -linssist\u00e4 valmistettu ja IP67-luokituksen omaava ramppi on rakennettu kest\u00e4m\u00e4\u00e4n ankaria olosuhteita ja tarjoamaan luotettavaa suorituskyky\u00e4 kaikissa s\u00e4\u00e4olosuhteissa.<\/p>","protected":false},"excerpt":{"rendered":"<p>Kompakt Blixtljusramp med Effektiv Design och Orange Ljus Denna kompakta blixtljusramp \u00e4r en exceptionell l\u00f6sning f\u00f6r fordon som kr\u00e4ver h\u00f6g synlighet under stillast\u00e5ende anv\u00e4ndning. Den \u00e4r utrustad med ett effektivt magnetf\u00e4ste och designad f\u00f6r enkel montering och demontering. Med en sp\u00e4nning p\u00e5 10-30Vdc och en energieffektiv str\u00f6mf\u00f6rbrukning p\u00e5 endast 2,1A vid 12V (1,25A vid 24V), [&hellip;]<\/p>","protected":false},"featured_media":4716,"comment_status":"closed","ping_status":"open","template":"","meta":{"_acf_changed":false,"_smort_price_nok":"5976","_smort_price_dkk":"3797","_smort_price_eur":"508.61","_smort_sale_price_nok":"","_smort_sale_price_dkk":"","_smort_sale_price_eur":"","smort_restorder":"","shipmondo_restorder":"","_kad_blocks_custom_css":"","_kad_blocks_head_custom_js":"","_kad_blocks_body_custom_js":"","_kad_blocks_footer_custom_js":"","smort_custom_pricelist_1":"3596","smort_custom_pricelist_2":"3116","smort_custom_pricelist_3":"2800","smort_custom_pricelist_4":"4476","smort_custom_pricelist_5":"3116"},"anvandningsomrade":[166,238,2816],"bilmarken":[],"product_brand":[],"product_cat":[2656,2657,1061],"product_tag":[],"class_list":{"0":"post-4715","1":"product","2":"type-product","3":"status-publish","4":"has-post-thumbnail","6":"anvandningsomrade-lastbil","7":"anvandningsomrade-slap","8":"anvandningsomrade-trailer","9":"product_cat-blixtljusramp","10":"product_cat-blixtljusramp-slap","11":"product_cat-varningsljus","12":"pa_fuktskydd-varde-ipxx-ip67","13":"pa_godkannande-class-2-godkand-ta2-ece-reg65-r10","14":"pa_storlek-mm-800x300x59-105","15":"pa_stromforbrukning-125a24v","16":"pa_stromforbrukning-21a12v","18":"first","19":"onbackorder","20":"taxable","21":"shipping-taxable","22":"purchasable","23":"product-type-simple"},"bundled_by":[],"bundle_stock_status":"onbackorder","bundle_stock_quantity":0,"bundle_virtual":false,"bundle_layout":"","bundle_add_to_cart_form_location":"","bundle_editable_in_cart":false,"bundle_sold_individually_context":"","bundle_item_grouping":"","bundle_min_size":"","bundle_max_size":"","bundle_price":[],"bundled_items":[],"bundle_sell_ids":[],"acf":[],"yoast_head":"<!-- This site is optimized with the Yoast SEO plugin v27.0 - https:\/\/yoast.com\/product\/yoast-seo-wordpress\/ -->\n<title>Blixtljusramp Optibeam Dark Phantom 800mm - Xenonkungen<\/title>\n<meta name=\"robots\" content=\"index, follow, max-snippet:-1, max-image-preview:large, max-video-preview:-1\" \/>\n<link rel=\"canonical\" href=\"https:\/\/xenonkungen.com\/fi\/tuote\/optibeam-dark-phantom-salamavalopalkki-800-mm\/\" \/>\n<meta property=\"og:locale\" content=\"fi_FI\" \/>\n<meta property=\"og:type\" content=\"article\" \/>\n<meta property=\"og:title\" content=\"Blixtljusramp Optibeam Dark Phantom 800mm - Xenonkungen\" \/>\n<meta property=\"og:description\" content=\"Kompakt Blixtljusramp med Effektiv Design och Orange Ljus Denna kompakta blixtljusramp \u00e4r en exceptionell l\u00f6sning f\u00f6r fordon som kr\u00e4ver h\u00f6g synlighet under stillast\u00e5ende anv\u00e4ndning. Den \u00e4r utrustad med ett effektivt magnetf\u00e4ste och designad f\u00f6r enkel montering och demontering. Med en sp\u00e4nning p\u00e5 10-30Vdc och en energieffektiv str\u00f6mf\u00f6rbrukning p\u00e5 endast 2,1A vid 12V (1,25A vid 24V), [&hellip;]\" \/>\n<meta property=\"og:url\" content=\"https:\/\/xenonkungen.com\/fi\/tuote\/optibeam-dark-phantom-salamavalopalkki-800-mm\/\" \/>\n<meta property=\"og:site_name\" content=\"Xenonkungen\" \/>\n<meta property=\"article:modified_time\" content=\"2026-04-11T00:37:46+00:00\" \/>\n<meta property=\"og:image\" content=\"https:\/\/xenonkungen.com\/wp-content\/uploads\/2025\/04\/208279641-origpic-987d62.png\" \/>\n\t<meta property=\"og:image:width\" content=\"2000\" \/>\n\t<meta property=\"og:image:height\" content=\"221\" \/>\n\t<meta property=\"og:image:type\" content=\"image\/png\" \/>\n<meta name=\"twitter:card\" content=\"summary_large_image\" \/>\n<meta name=\"twitter:label1\" content=\"Arvioitu lukuaika\" \/>\n\t<meta name=\"twitter:data1\" content=\"1 minuutti\" \/>\n<script type=\"application\/ld+json\" class=\"yoast-schema-graph\">{\"@context\":\"https:\/\/schema.org\",\"@graph\":[{\"@type\":\"WebPage\",\"@id\":\"https:\/\/xenonkungen.com\/de\/produkt\/taschenlampenleiste-optibeam-dark-phantom-800mm\/\",\"url\":\"https:\/\/xenonkungen.com\/de\/produkt\/taschenlampenleiste-optibeam-dark-phantom-800mm\/\",\"name\":\"Blixtljusramp Optibeam Dark Phantom 800mm - Xenonkungen\",\"isPartOf\":{\"@id\":\"https:\/\/xenonkungen.com\/#website\"},\"primaryImageOfPage\":{\"@id\":\"https:\/\/xenonkungen.com\/de\/produkt\/taschenlampenleiste-optibeam-dark-phantom-800mm\/#primaryimage\"},\"image\":{\"@id\":\"https:\/\/xenonkungen.com\/de\/produkt\/taschenlampenleiste-optibeam-dark-phantom-800mm\/#primaryimage\"},\"thumbnailUrl\":\"https:\/\/xenonkungen.com\/wp-content\/uploads\/2025\/04\/208279641-origpic-987d62.png\",\"datePublished\":\"2025-04-15T09:17:09+00:00\",\"dateModified\":\"2026-04-11T00:37:46+00:00\",\"breadcrumb\":{\"@id\":\"https:\/\/xenonkungen.com\/de\/produkt\/taschenlampenleiste-optibeam-dark-phantom-800mm\/#breadcrumb\"},\"inLanguage\":\"fi\",\"potentialAction\":[{\"@type\":\"ReadAction\",\"target\":[\"https:\/\/xenonkungen.com\/de\/produkt\/taschenlampenleiste-optibeam-dark-phantom-800mm\/\"]}]},{\"@type\":\"ImageObject\",\"inLanguage\":\"fi\",\"@id\":\"https:\/\/xenonkungen.com\/de\/produkt\/taschenlampenleiste-optibeam-dark-phantom-800mm\/#primaryimage\",\"url\":\"https:\/\/xenonkungen.com\/wp-content\/uploads\/2025\/04\/208279641-origpic-987d62.png\",\"contentUrl\":\"https:\/\/xenonkungen.com\/wp-content\/uploads\/2025\/04\/208279641-origpic-987d62.png\",\"width\":2000,\"height\":221},{\"@type\":\"BreadcrumbList\",\"@id\":\"https:\/\/xenonkungen.com\/de\/produkt\/taschenlampenleiste-optibeam-dark-phantom-800mm\/#breadcrumb\",\"itemListElement\":[{\"@type\":\"ListItem\",\"position\":1,\"name\":\"Hem\",\"item\":\"https:\/\/xenonkungen.com\/\"},{\"@type\":\"ListItem\",\"position\":2,\"name\":\"Shop\",\"item\":\"https:\/\/xenonkungen.com\/shop\/\"},{\"@type\":\"ListItem\",\"position\":3,\"name\":\"Blixtljusramp Optibeam Dark Phantom 800mm\"}]},{\"@type\":\"WebSite\",\"@id\":\"https:\/\/xenonkungen.com\/#website\",\"url\":\"https:\/\/xenonkungen.com\/\",\"name\":\"Xenonkungen\",\"description\":\"\",\"potentialAction\":[{\"@type\":\"SearchAction\",\"target\":{\"@type\":\"EntryPoint\",\"urlTemplate\":\"https:\/\/xenonkungen.com\/?s={search_term_string}\"},\"query-input\":{\"@type\":\"PropertyValueSpecification\",\"valueRequired\":true,\"valueName\":\"search_term_string\"}}],\"inLanguage\":\"fi\"}]}<\/script>\n<!-- \/ Yoast SEO plugin. -->","yoast_head_json":{"title":"Salamavalopalkki Optibeam Dark Phantom 800mm - Xenonkungen","robots":{"index":"index","follow":"follow","max-snippet":"max-snippet:-1","max-image-preview":"max-image-preview:large","max-video-preview":"max-video-preview:-1"},"canonical":"https:\/\/xenonkungen.com\/fi\/tuote\/optibeam-dark-phantom-salamavalopalkki-800-mm\/","og_locale":"fi_FI","og_type":"article","og_title":"Blixtljusramp Optibeam Dark Phantom 800mm - Xenonkungen","og_description":"Kompakt Blixtljusramp med Effektiv Design och Orange Ljus Denna kompakta blixtljusramp \u00e4r en exceptionell l\u00f6sning f\u00f6r fordon som kr\u00e4ver h\u00f6g synlighet under stillast\u00e5ende anv\u00e4ndning. Den \u00e4r utrustad med ett effektivt magnetf\u00e4ste och designad f\u00f6r enkel montering och demontering. Med en sp\u00e4nning p\u00e5 10-30Vdc och en energieffektiv str\u00f6mf\u00f6rbrukning p\u00e5 endast 2,1A vid 12V (1,25A vid 24V), [&hellip;]","og_url":"https:\/\/xenonkungen.com\/fi\/tuote\/optibeam-dark-phantom-salamavalopalkki-800-mm\/","og_site_name":"Xenonkungen","article_modified_time":"2026-04-11T00:37:46+00:00","og_image":[{"width":2000,"height":221,"url":"https:\/\/xenonkungen.com\/wp-content\/uploads\/2025\/04\/208279641-origpic-987d62.png","type":"image\/png"}],"twitter_card":"summary_large_image","twitter_misc":{"Arvioitu lukuaika":"1 minuutti"},"schema":{"@context":"https:\/\/schema.org","@graph":[{"@type":"WebPage","@id":"https:\/\/xenonkungen.com\/de\/produkt\/taschenlampenleiste-optibeam-dark-phantom-800mm\/","url":"https:\/\/xenonkungen.com\/de\/produkt\/taschenlampenleiste-optibeam-dark-phantom-800mm\/","name":"Salamavalopalkki Optibeam Dark Phantom 800mm - Xenonkungen","isPartOf":{"@id":"https:\/\/xenonkungen.com\/#website"},"primaryImageOfPage":{"@id":"https:\/\/xenonkungen.com\/de\/produkt\/taschenlampenleiste-optibeam-dark-phantom-800mm\/#primaryimage"},"image":{"@id":"https:\/\/xenonkungen.com\/de\/produkt\/taschenlampenleiste-optibeam-dark-phantom-800mm\/#primaryimage"},"thumbnailUrl":"https:\/\/xenonkungen.com\/wp-content\/uploads\/2025\/04\/208279641-origpic-987d62.png","datePublished":"2025-04-15T09:17:09+00:00","dateModified":"2026-04-11T00:37:46+00:00","breadcrumb":{"@id":"https:\/\/xenonkungen.com\/de\/produkt\/taschenlampenleiste-optibeam-dark-phantom-800mm\/#breadcrumb"},"inLanguage":"fi","potentialAction":[{"@type":"ReadAction","target":["https:\/\/xenonkungen.com\/de\/produkt\/taschenlampenleiste-optibeam-dark-phantom-800mm\/"]}]},{"@type":"ImageObject","inLanguage":"fi","@id":"https:\/\/xenonkungen.com\/de\/produkt\/taschenlampenleiste-optibeam-dark-phantom-800mm\/#primaryimage","url":"https:\/\/xenonkungen.com\/wp-content\/uploads\/2025\/04\/208279641-origpic-987d62.png","contentUrl":"https:\/\/xenonkungen.com\/wp-content\/uploads\/2025\/04\/208279641-origpic-987d62.png","width":2000,"height":221},{"@type":"BreadcrumbList","@id":"https:\/\/xenonkungen.com\/de\/produkt\/taschenlampenleiste-optibeam-dark-phantom-800mm\/#breadcrumb","itemListElement":[{"@type":"ListItem","position":1,"name":"Hem","item":"https:\/\/xenonkungen.com\/"},{"@type":"ListItem","position":2,"name":"Shop","item":"https:\/\/xenonkungen.com\/shop\/"},{"@type":"ListItem","position":3,"name":"Blixtljusramp Optibeam Dark Phantom 800mm"}]},{"@type":"WebSite","@id":"https:\/\/xenonkungen.com\/#website","url":"https:\/\/xenonkungen.com\/","name":"Xenonkungen","description":"","potentialAction":[{"@type":"SearchAction","target":{"@type":"EntryPoint","urlTemplate":"https:\/\/xenonkungen.com\/?s={search_term_string}"},"query-input":{"@type":"PropertyValueSpecification","valueRequired":true,"valueName":"search_term_string"}}],"inLanguage":"fi"}]}},"taxonomy_info":{"anvandningsomrade":[{"value":166,"label":"Lastbil"},{"value":238,"label":"SL\u00c4P"},{"value":2816,"label":"TRAILER"}],"product_cat":[{"value":2656,"label":"Blixtljusramp"},{"value":2657,"label":"Blixtljusramp"},{"value":1061,"label":"Varningsljus"}],"pa_fuktskydd-varde-ipxx":[{"value":333,"label":"IP67"}],"pa_godkannande":[{"value":1408,"label":"Class 2-godk\u00e4nd (TA2), ECE REG65, R10"}],"pa_storlek-mm":[{"value":1406,"label":"800x300x59\/105"}],"pa_stromforbrukning":[{"value":1407,"label":"1,25A@24V"},{"value":1049,"label":"21A@12V"}]},"featured_image_src_large":["https:\/\/xenonkungen.com\/wp-content\/uploads\/2025\/04\/208279641-origpic-987d62-1024x113.png",1024,113,true],"author_info":[],"comment_info":0,"_links":{"self":[{"href":"https:\/\/xenonkungen.com\/fi\/wp-json\/wp\/v2\/product\/4715","targetHints":{"allow":["GET"]}}],"collection":[{"href":"https:\/\/xenonkungen.com\/fi\/wp-json\/wp\/v2\/product"}],"about":[{"href":"https:\/\/xenonkungen.com\/fi\/wp-json\/wp\/v2\/types\/product"}],"replies":[{"embeddable":true,"href":"https:\/\/xenonkungen.com\/fi\/wp-json\/wp\/v2\/comments?post=4715"}],"wp:featuredmedia":[{"embeddable":true,"href":"https:\/\/xenonkungen.com\/fi\/wp-json\/wp\/v2\/media\/4716"}],"wp:attachment":[{"href":"https:\/\/xenonkungen.com\/fi\/wp-json\/wp\/v2\/media?parent=4715"}],"wp:term":[{"taxonomy":"anvandningsomrade","embeddable":true,"href":"https:\/\/xenonkungen.com\/fi\/wp-json\/wp\/v2\/anvandningsomrade?post=4715"},{"taxonomy":"bilmarken","embeddable":true,"href":"https:\/\/xenonkungen.com\/fi\/wp-json\/wp\/v2\/bilmarken?post=4715"},{"taxonomy":"product_brand","embeddable":true,"href":"https:\/\/xenonkungen.com\/fi\/wp-json\/wp\/v2\/product_brand?post=4715"},{"taxonomy":"product_cat","embeddable":true,"href":"https:\/\/xenonkungen.com\/fi\/wp-json\/wp\/v2\/product_cat?post=4715"},{"taxonomy":"product_tag","embeddable":true,"href":"https:\/\/xenonkungen.com\/fi\/wp-json\/wp\/v2\/product_tag?post=4715"}],"curies":[{"name":"wp","href":"https:\/\/api.w.org\/{rel}","templated":true}]}}